{"id":916,"date":"2014-08-14T09:47:11","date_gmt":"2014-08-14T09:47:11","guid":{"rendered":"http:\/\/arrecifevivo.com\/aqmarine\/?page_id=916"},"modified":"2023-04-27T09:43:38","modified_gmt":"2023-04-27T08:43:38","slug":"d-d-aquascrapper","status":"publish","type":"page","link":"https:\/\/www.aq-arium.com\/aqmarine\/acuario-marino\/d-d-aquascrapper\/","title":{"rendered":"D-D &#8211; AquaScrapper"},"content":{"rendered":"<p><a href=\"https:\/\/www.aq-arium.com\/aqmarine\/d-d\/\">Volver a la p\u00e1gina principal de D-D<\/a><\/p>\n<p><span style=\"color: #000000;\"><img loading=\"lazy\" decoding=\"async\" class=\"alignnone wp-image-1411 size-full\" src=\"https:\/\/www.aq-arium.com\/aqmarine\/wp-content\/uploads\/2014\/08\/Sin-titulo.jpg\" alt=\"\" width=\"759\" height=\"93\" srcset=\"https:\/\/www.aq-arium.com\/aqmarine\/wp-content\/uploads\/2014\/08\/Sin-titulo.jpg 759w, https:\/\/www.aq-arium.com\/aqmarine\/wp-content\/uploads\/2014\/08\/Sin-titulo-600x74.jpg 600w, https:\/\/www.aq-arium.com\/aqmarine\/wp-content\/uploads\/2014\/08\/Sin-titulo-300x36.jpg 300w\" sizes=\"auto, (max-width: 759px) 100vw, 759px\" \/><\/span><\/p>\n<h3><span style=\"color: #000000;\">\u00a0<\/span><\/h3>\n<h3><span style=\"color: #000000;\"><img loading=\"lazy\" decoding=\"async\" class=\"alignright wp-image-918\" src=\"https:\/\/www.aq-arium.com\/aqmarine\/wp-content\/uploads\/2014\/08\/Aquascraper-package-96x300.jpg\" alt=\"Aquascraper package\" width=\"136\" height=\"425\" srcset=\"https:\/\/www.aq-arium.com\/aqmarine\/wp-content\/uploads\/2014\/08\/Aquascraper-package-96x300.jpg 96w, https:\/\/www.aq-arium.com\/aqmarine\/wp-content\/uploads\/2014\/08\/Aquascraper-package-47x148.jpg 47w, https:\/\/www.aq-arium.com\/aqmarine\/wp-content\/uploads\/2014\/08\/Aquascraper-package-12x38.jpg 12w, https:\/\/www.aq-arium.com\/aqmarine\/wp-content\/uploads\/2014\/08\/Aquascraper-package-69x215.jpg 69w\" sizes=\"auto, (max-width: 136px) 100vw, 136px\" \/>El Kit de limpieza vers\u00e1til AQUASCRAPER&#x2122; 4 en 1<\/span><\/h3>\n<p><span style=\"color: #000000;\">Esta herramienta de mantenimiento inteligente, elimina la necesitad de m\u00faltiples productos ofreciendo cuatro cabezales intercambiables.<\/span><\/p>\n<p><span style=\"color: #000000;\">Con una longitud de 60 \u00f3 100cm, esta herramienta es indispensable para eliminar algas en acuarios profundos sin mojarse las manos. Es la herramienta perfecta para complementar su acuario, y limpiarlo de forma f\u00e1cil y r\u00e1pida.<\/span><\/p>\n<p><span style=\"color: #000000;\"><strong><a style=\"color: #000000;\" href=\"https:\/\/www.aq-arium.com\/aqmarine\/wp-content\/uploads\/2014\/08\/Aquascrapers.jpg\"><img loading=\"lazy\" decoding=\"async\" class=\"alignleft wp-image-917\" src=\"https:\/\/www.aq-arium.com\/aqmarine\/wp-content\/uploads\/2014\/08\/Aquascrapers-300x275.jpg\" alt=\"Aquascrapers\" width=\"253\" height=\"232\" srcset=\"https:\/\/www.aq-arium.com\/aqmarine\/wp-content\/uploads\/2014\/08\/Aquascrapers-300x275.jpg 300w, https:\/\/www.aq-arium.com\/aqmarine\/wp-content\/uploads\/2014\/08\/Aquascrapers-600x550.jpg 600w, https:\/\/www.aq-arium.com\/aqmarine\/wp-content\/uploads\/2014\/08\/Aquascrapers-1024x939.jpg 1024w, https:\/\/www.aq-arium.com\/aqmarine\/wp-content\/uploads\/2014\/08\/Aquascrapers-148x135.jpg 148w, https:\/\/www.aq-arium.com\/aqmarine\/wp-content\/uploads\/2014\/08\/Aquascrapers-31x28.jpg 31w, https:\/\/www.aq-arium.com\/aqmarine\/wp-content\/uploads\/2014\/08\/Aquascrapers-38x34.jpg 38w, https:\/\/www.aq-arium.com\/aqmarine\/wp-content\/uploads\/2014\/08\/Aquascrapers-234x215.jpg 234w\" sizes=\"auto, (max-width: 253px) 100vw, 253px\" \/><\/a>Coralline Algae Scraper<\/strong> &#8211; Raspa alga coralina de acuarios de cristal o acr\u00edlico sin miedo a rallarlo.<\/span><\/p>\n<p><span style=\"color: #000000;\"><strong>Stainless Steel Scraper<\/strong> &#8211; Raspa todo tipo de alga de acuarios de cristal con una cuchilla de acero inoxidable de 3&#8243; de ancho y ligeramente angulada para una perfecta limpieza de los dep\u00f3sitos m\u00e1s obstinados.<\/span><\/p>\n<p><span style=\"color: #000000;\"><strong>Rotational Polisher<\/strong> &#8211; Elimina algas de acuarios de cristal o acr\u00edlico con un cabezal rotatorio para llegar a lugares de dif\u00edcil acceso.<\/span><\/p>\n<p><span style=\"color: #000000;\"><strong>Gravel Shovel<\/strong> &#8211; La herramienta perfecta para cribar el substrato sin mojarse las manos. Retire facilmente conchas de caracoles y escombros del acuario.<\/span><\/p>\n<p>&nbsp;<\/p>\n<p>&nbsp;<\/p>\n<p><span style=\"color: #000000;\"><img loading=\"lazy\" decoding=\"async\" class=\"alignnone size-full wp-image-12018\" src=\"https:\/\/www.aq-arium.com\/aqmarine\/wp-content\/uploads\/2014\/08\/coralscraper.jpg\" alt=\"coralscraper\" width=\"1757\" height=\"1757\" srcset=\"https:\/\/www.aq-arium.com\/aqmarine\/wp-content\/uploads\/2014\/08\/coralscraper.jpg 1757w, https:\/\/www.aq-arium.com\/aqmarine\/wp-content\/uploads\/2014\/08\/coralscraper-300x300.jpg 300w, https:\/\/www.aq-arium.com\/aqmarine\/wp-content\/uploads\/2014\/08\/coralscraper-100x100.jpg 100w, https:\/\/www.aq-arium.com\/aqmarine\/wp-content\/uploads\/2014\/08\/coralscraper-600x600.jpg 600w, https:\/\/www.aq-arium.com\/aqmarine\/wp-content\/uploads\/2014\/08\/coralscraper-150x150.jpg 150w, https:\/\/www.aq-arium.com\/aqmarine\/wp-content\/uploads\/2014\/08\/coralscraper-1024x1024.jpg 1024w, https:\/\/www.aq-arium.com\/aqmarine\/wp-content\/uploads\/2014\/08\/coralscraper-50x50.jpg 50w, https:\/\/www.aq-arium.com\/aqmarine\/wp-content\/uploads\/2014\/08\/coralscraper-960x960.jpg 960w, https:\/\/www.aq-arium.com\/aqmarine\/wp-content\/uploads\/2014\/08\/coralscraper-480x480.jpg 480w, https:\/\/www.aq-arium.com\/aqmarine\/wp-content\/uploads\/2014\/08\/coralscraper-320x320.jpg 320w, https:\/\/www.aq-arium.com\/aqmarine\/wp-content\/uploads\/2014\/08\/coralscraper-240x240.jpg 240w\" sizes=\"auto, (max-width: 1757px) 100vw, 1757px\" \/> <img loading=\"lazy\" decoding=\"async\" class=\"alignnone size-full wp-image-12019\" src=\"https:\/\/www.aq-arium.com\/aqmarine\/wp-content\/uploads\/2014\/08\/coralscraper2.jpg\" alt=\"coralscraper2\" width=\"1757\" height=\"1757\" srcset=\"https:\/\/www.aq-arium.com\/aqmarine\/wp-content\/uploads\/2014\/08\/coralscraper2.jpg 1757w, https:\/\/www.aq-arium.com\/aqmarine\/wp-content\/uploads\/2014\/08\/coralscraper2-300x300.jpg 300w, https:\/\/www.aq-arium.com\/aqmarine\/wp-content\/uploads\/2014\/08\/coralscraper2-100x100.jpg 100w, https:\/\/www.aq-arium.com\/aqmarine\/wp-content\/uploads\/2014\/08\/coralscraper2-600x600.jpg 600w, https:\/\/www.aq-arium.com\/aqmarine\/wp-content\/uploads\/2014\/08\/coralscraper2-150x150.jpg 150w, https:\/\/www.aq-arium.com\/aqmarine\/wp-content\/uploads\/2014\/08\/coralscraper2-1024x1024.jpg 1024w, https:\/\/www.aq-arium.com\/aqmarine\/wp-content\/uploads\/2014\/08\/coralscraper2-50x50.jpg 50w, https:\/\/www.aq-arium.com\/aqmarine\/wp-content\/uploads\/2014\/08\/coralscraper2-960x960.jpg 960w, https:\/\/www.aq-arium.com\/aqmarine\/wp-content\/uploads\/2014\/08\/coralscraper2-480x480.jpg 480w, https:\/\/www.aq-arium.com\/aqmarine\/wp-content\/uploads\/2014\/08\/coralscraper2-320x320.jpg 320w, https:\/\/www.aq-arium.com\/aqmarine\/wp-content\/uploads\/2014\/08\/coralscraper2-240x240.jpg 240w\" sizes=\"auto, (max-width: 1757px) 100vw, 1757px\" \/><\/span><\/p>\n<p>&nbsp;<\/p>\n","protected":false},"excerpt":{"rendered":"<p>Volver a la p\u00e1gina principal de D-D \u00a0 El Kit de limpieza vers\u00e1til AQUASCRAPER&#x2122; 4 en 1 Esta herramienta de mantenimiento inteligente, elimina la necesitad de m\u00faltiples productos ofreciendo cuatro cabezales intercambiables. Con una longitud de 60 \u00f3 100cm, esta herramienta es indispensable para eliminar algas en acuarios profundos sin mojarse las manos. Es la [&hellip;]<\/p>\n","protected":false},"author":1,"featured_media":917,"parent":9115,"menu_order":0,"comment_status":"closed","ping_status":"closed","template":"","meta":{"_acf_changed":false,"footnotes":""},"class_list":["post-916","page","type-page","status-publish","has-post-thumbnail","hentry"],"acf":[],"yoast_head":"<!-- This site is optimized with the Yoast SEO plugin v23.9 - https:\/\/yoast.com\/wordpress\/plugins\/seo\/ -->\n<title>D-D - AquaScrapper - AQ, Aquarium Solutions<\/title>\n<meta name=\"robots\" content=\"index, follow, max-snippet:-1, max-image-preview:large, max-video-preview:-1\" \/>\n<link rel=\"canonical\" href=\"https:\/\/www.aq-arium.com\/aqmarine\/acuario-marino\/d-d-aquascrapper\/\" \/>\n<meta property=\"og:locale\" content=\"es_ES\" \/>\n<meta property=\"og:type\" content=\"article\" \/>\n<meta property=\"og:title\" content=\"D-D - AquaScrapper - AQ, Aquarium Solutions\" \/>\n<meta property=\"og:description\" content=\"Volver a la p\u00e1gina principal de D-D \u00a0 El Kit de limpieza vers\u00e1til AQUASCRAPER&#x2122; 4 en 1 Esta herramienta de mantenimiento inteligente, elimina la necesitad de m\u00faltiples productos ofreciendo cuatro cabezales intercambiables. Con una longitud de 60 \u00f3 100cm, esta herramienta es indispensable para eliminar algas en acuarios profundos sin mojarse las manos. Es la [&hellip;]\" \/>\n<meta property=\"og:url\" content=\"https:\/\/www.aq-arium.com\/aqmarine\/acuario-marino\/d-d-aquascrapper\/\" \/>\n<meta property=\"og:site_name\" content=\"AQ, Aquarium Solutions\" \/>\n<meta property=\"article:publisher\" content=\"https:\/\/www.instagram.com\/aq.arium\/\" \/>\n<meta property=\"article:modified_time\" content=\"2023-04-27T08:43:38+00:00\" \/>\n<meta property=\"og:image\" content=\"https:\/\/www.aq-arium.com\/aqmarine\/wp-content\/uploads\/2014\/08\/Aquascrapers.jpg\" \/>\n\t<meta property=\"og:image:width\" content=\"2226\" \/>\n\t<meta property=\"og:image:height\" content=\"2042\" \/>\n\t<meta property=\"og:image:type\" content=\"image\/jpeg\" \/>\n<meta name=\"twitter:card\" content=\"summary_large_image\" \/>\n<meta name=\"twitter:site\" content=\"@AArium56877\" \/>\n<meta name=\"twitter:label1\" content=\"Tiempo de lectura\" \/>\n\t<meta name=\"twitter:data1\" content=\"2 minutos\" \/>\n<script type=\"application\/ld+json\" class=\"yoast-schema-graph\">{\"@context\":\"https:\/\/schema.org\",\"@graph\":[{\"@type\":\"WebPage\",\"@id\":\"https:\/\/www.aq-arium.com\/aqmarine\/acuario-marino\/d-d-aquascrapper\/\",\"url\":\"https:\/\/www.aq-arium.com\/aqmarine\/acuario-marino\/d-d-aquascrapper\/\",\"name\":\"D-D - AquaScrapper - AQ, Aquarium Solutions\",\"isPartOf\":{\"@id\":\"https:\/\/www.aq-arium.com\/aqmarine\/#website\"},\"primaryImageOfPage\":{\"@id\":\"https:\/\/www.aq-arium.com\/aqmarine\/acuario-marino\/d-d-aquascrapper\/#primaryimage\"},\"image\":{\"@id\":\"https:\/\/www.aq-arium.com\/aqmarine\/acuario-marino\/d-d-aquascrapper\/#primaryimage\"},\"thumbnailUrl\":\"https:\/\/www.aq-arium.com\/aqmarine\/wp-content\/uploads\/2014\/08\/Aquascrapers.jpg\",\"datePublished\":\"2014-08-14T09:47:11+00:00\",\"dateModified\":\"2023-04-27T08:43:38+00:00\",\"breadcrumb\":{\"@id\":\"https:\/\/www.aq-arium.com\/aqmarine\/acuario-marino\/d-d-aquascrapper\/#breadcrumb\"},\"inLanguage\":\"es-ES\",\"potentialAction\":[{\"@type\":\"ReadAction\",\"target\":[\"https:\/\/www.aq-arium.com\/aqmarine\/acuario-marino\/d-d-aquascrapper\/\"]}]},{\"@type\":\"ImageObject\",\"inLanguage\":\"es-ES\",\"@id\":\"https:\/\/www.aq-arium.com\/aqmarine\/acuario-marino\/d-d-aquascrapper\/#primaryimage\",\"url\":\"https:\/\/www.aq-arium.com\/aqmarine\/wp-content\/uploads\/2014\/08\/Aquascrapers.jpg\",\"contentUrl\":\"https:\/\/www.aq-arium.com\/aqmarine\/wp-content\/uploads\/2014\/08\/Aquascrapers.jpg\",\"width\":2226,\"height\":2042},{\"@type\":\"BreadcrumbList\",\"@id\":\"https:\/\/www.aq-arium.com\/aqmarine\/acuario-marino\/d-d-aquascrapper\/#breadcrumb\",\"itemListElement\":[{\"@type\":\"ListItem\",\"position\":1,\"name\":\"Portada\",\"item\":\"https:\/\/www.aq-arium.com\/aqmarine\/\"},{\"@type\":\"ListItem\",\"position\":2,\"name\":\"ACUARIO MARINO\",\"item\":\"https:\/\/www.aq-arium.com\/aqmarine\/acuario-marino\/\"},{\"@type\":\"ListItem\",\"position\":3,\"name\":\"D-D &#8211; AquaScrapper\"}]},{\"@type\":\"WebSite\",\"@id\":\"https:\/\/www.aq-arium.com\/aqmarine\/#website\",\"url\":\"https:\/\/www.aq-arium.com\/aqmarine\/\",\"name\":\"AQ, Aquarium Solutions\",\"description\":\"Productos para Acuario Marino y Dulce\",\"publisher\":{\"@id\":\"https:\/\/www.aq-arium.com\/aqmarine\/#organization\"},\"potentialAction\":[{\"@type\":\"SearchAction\",\"target\":{\"@type\":\"EntryPoint\",\"urlTemplate\":\"https:\/\/www.aq-arium.com\/aqmarine\/?s={search_term_string}\"},\"query-input\":{\"@type\":\"PropertyValueSpecification\",\"valueRequired\":true,\"valueName\":\"search_term_string\"}}],\"inLanguage\":\"es-ES\"},{\"@type\":\"Organization\",\"@id\":\"https:\/\/www.aq-arium.com\/aqmarine\/#organization\",\"name\":\"AQ-arium Solutions\",\"url\":\"https:\/\/www.aq-arium.com\/aqmarine\/\",\"logo\":{\"@type\":\"ImageObject\",\"inLanguage\":\"es-ES\",\"@id\":\"https:\/\/www.aq-arium.com\/aqmarine\/#\/schema\/logo\/image\/\",\"url\":\"https:\/\/www.aq-arium.com\/aqmarine\/wp-content\/uploads\/2021\/08\/AQ-arium-Solutions-logo-100x47px-1.png\",\"contentUrl\":\"https:\/\/www.aq-arium.com\/aqmarine\/wp-content\/uploads\/2021\/08\/AQ-arium-Solutions-logo-100x47px-1.png\",\"width\":100,\"height\":47,\"caption\":\"AQ-arium Solutions\"},\"image\":{\"@id\":\"https:\/\/www.aq-arium.com\/aqmarine\/#\/schema\/logo\/image\/\"},\"sameAs\":[\"https:\/\/www.instagram.com\/aq.arium\/\",\"https:\/\/x.com\/AArium56877\"]}]}<\/script>\n<!-- \/ Yoast SEO plugin. -->","yoast_head_json":{"title":"D-D - AquaScrapper - AQ, Aquarium Solutions","robots":{"index":"index","follow":"follow","max-snippet":"max-snippet:-1","max-image-preview":"max-image-preview:large","max-video-preview":"max-video-preview:-1"},"canonical":"https:\/\/www.aq-arium.com\/aqmarine\/acuario-marino\/d-d-aquascrapper\/","og_locale":"es_ES","og_type":"article","og_title":"D-D - AquaScrapper - AQ, Aquarium Solutions","og_description":"Volver a la p\u00e1gina principal de D-D \u00a0 El Kit de limpieza vers\u00e1til AQUASCRAPER&#x2122; 4 en 1 Esta herramienta de mantenimiento inteligente, elimina la necesitad de m\u00faltiples productos ofreciendo cuatro cabezales intercambiables. Con una longitud de 60 \u00f3 100cm, esta herramienta es indispensable para eliminar algas en acuarios profundos sin mojarse las manos. Es la [&hellip;]","og_url":"https:\/\/www.aq-arium.com\/aqmarine\/acuario-marino\/d-d-aquascrapper\/","og_site_name":"AQ, Aquarium Solutions","article_publisher":"https:\/\/www.instagram.com\/aq.arium\/","article_modified_time":"2023-04-27T08:43:38+00:00","og_image":[{"width":2226,"height":2042,"url":"https:\/\/www.aq-arium.com\/aqmarine\/wp-content\/uploads\/2014\/08\/Aquascrapers.jpg","type":"image\/jpeg"}],"twitter_card":"summary_large_image","twitter_site":"@AArium56877","twitter_misc":{"Tiempo de lectura":"2 minutos"},"schema":{"@context":"https:\/\/schema.org","@graph":[{"@type":"WebPage","@id":"https:\/\/www.aq-arium.com\/aqmarine\/acuario-marino\/d-d-aquascrapper\/","url":"https:\/\/www.aq-arium.com\/aqmarine\/acuario-marino\/d-d-aquascrapper\/","name":"D-D - AquaScrapper - AQ, Aquarium Solutions","isPartOf":{"@id":"https:\/\/www.aq-arium.com\/aqmarine\/#website"},"primaryImageOfPage":{"@id":"https:\/\/www.aq-arium.com\/aqmarine\/acuario-marino\/d-d-aquascrapper\/#primaryimage"},"image":{"@id":"https:\/\/www.aq-arium.com\/aqmarine\/acuario-marino\/d-d-aquascrapper\/#primaryimage"},"thumbnailUrl":"https:\/\/www.aq-arium.com\/aqmarine\/wp-content\/uploads\/2014\/08\/Aquascrapers.jpg","datePublished":"2014-08-14T09:47:11+00:00","dateModified":"2023-04-27T08:43:38+00:00","breadcrumb":{"@id":"https:\/\/www.aq-arium.com\/aqmarine\/acuario-marino\/d-d-aquascrapper\/#breadcrumb"},"inLanguage":"es-ES","potentialAction":[{"@type":"ReadAction","target":["https:\/\/www.aq-arium.com\/aqmarine\/acuario-marino\/d-d-aquascrapper\/"]}]},{"@type":"ImageObject","inLanguage":"es-ES","@id":"https:\/\/www.aq-arium.com\/aqmarine\/acuario-marino\/d-d-aquascrapper\/#primaryimage","url":"https:\/\/www.aq-arium.com\/aqmarine\/wp-content\/uploads\/2014\/08\/Aquascrapers.jpg","contentUrl":"https:\/\/www.aq-arium.com\/aqmarine\/wp-content\/uploads\/2014\/08\/Aquascrapers.jpg","width":2226,"height":2042},{"@type":"BreadcrumbList","@id":"https:\/\/www.aq-arium.com\/aqmarine\/acuario-marino\/d-d-aquascrapper\/#breadcrumb","itemListElement":[{"@type":"ListItem","position":1,"name":"Portada","item":"https:\/\/www.aq-arium.com\/aqmarine\/"},{"@type":"ListItem","position":2,"name":"ACUARIO MARINO","item":"https:\/\/www.aq-arium.com\/aqmarine\/acuario-marino\/"},{"@type":"ListItem","position":3,"name":"D-D &#8211; AquaScrapper"}]},{"@type":"WebSite","@id":"https:\/\/www.aq-arium.com\/aqmarine\/#website","url":"https:\/\/www.aq-arium.com\/aqmarine\/","name":"AQ, Aquarium Solutions","description":"Productos para Acuario Marino y Dulce","publisher":{"@id":"https:\/\/www.aq-arium.com\/aqmarine\/#organization"},"potentialAction":[{"@type":"SearchAction","target":{"@type":"EntryPoint","urlTemplate":"https:\/\/www.aq-arium.com\/aqmarine\/?s={search_term_string}"},"query-input":{"@type":"PropertyValueSpecification","valueRequired":true,"valueName":"search_term_string"}}],"inLanguage":"es-ES"},{"@type":"Organization","@id":"https:\/\/www.aq-arium.com\/aqmarine\/#organization","name":"AQ-arium Solutions","url":"https:\/\/www.aq-arium.com\/aqmarine\/","logo":{"@type":"ImageObject","inLanguage":"es-ES","@id":"https:\/\/www.aq-arium.com\/aqmarine\/#\/schema\/logo\/image\/","url":"https:\/\/www.aq-arium.com\/aqmarine\/wp-content\/uploads\/2021\/08\/AQ-arium-Solutions-logo-100x47px-1.png","contentUrl":"https:\/\/www.aq-arium.com\/aqmarine\/wp-content\/uploads\/2021\/08\/AQ-arium-Solutions-logo-100x47px-1.png","width":100,"height":47,"caption":"AQ-arium Solutions"},"image":{"@id":"https:\/\/www.aq-arium.com\/aqmarine\/#\/schema\/logo\/image\/"},"sameAs":["https:\/\/www.instagram.com\/aq.arium\/","https:\/\/x.com\/AArium56877"]}]}},"jetpack_sharing_enabled":true,"_links":{"self":[{"href":"https:\/\/www.aq-arium.com\/aqmarine\/wp-json\/wp\/v2\/pages\/916","targetHints":{"allow":["GET"]}}],"collection":[{"href":"https:\/\/www.aq-arium.com\/aqmarine\/wp-json\/wp\/v2\/pages"}],"about":[{"href":"https:\/\/www.aq-arium.com\/aqmarine\/wp-json\/wp\/v2\/types\/page"}],"author":[{"embeddable":true,"href":"https:\/\/www.aq-arium.com\/aqmarine\/wp-json\/wp\/v2\/users\/1"}],"replies":[{"embeddable":true,"href":"https:\/\/www.aq-arium.com\/aqmarine\/wp-json\/wp\/v2\/comments?post=916"}],"version-history":[{"count":0,"href":"https:\/\/www.aq-arium.com\/aqmarine\/wp-json\/wp\/v2\/pages\/916\/revisions"}],"up":[{"embeddable":true,"href":"https:\/\/www.aq-arium.com\/aqmarine\/wp-json\/wp\/v2\/pages\/9115"}],"wp:featuredmedia":[{"embeddable":true,"href":"https:\/\/www.aq-arium.com\/aqmarine\/wp-json\/wp\/v2\/media\/917"}],"wp:attachment":[{"href":"https:\/\/www.aq-arium.com\/aqmarine\/wp-json\/wp\/v2\/media?parent=916"}],"curies":[{"name":"wp","href":"https:\/\/api.w.org\/{rel}","templated":true}]}}