{"id":857,"date":"2014-08-11T11:00:53","date_gmt":"2014-08-11T11:00:53","guid":{"rendered":"http:\/\/arrecifevivo.com\/aqmarine\/?page_id=857"},"modified":"2020-12-02T12:08:52","modified_gmt":"2020-12-02T11:08:52","slug":"dvh-biogro","status":"publish","type":"page","link":"https:\/\/www.aq-arium.com\/aqmarine\/acuario-marino\/dvh-biogro\/","title":{"rendered":"BioGro sistema para la limpieza profunda del acuario con bacterias"},"content":{"rendered":"<p><strong>BioGro<\/strong> ha desarrollado un nuevo y f\u00e1cil sistema de 3 pasos para el mantenimiento de su acuario marino. Usted puede tener un acuario saludable y limpio en 3 simples pasos. <strong>BioGro<\/strong> crea y ayuda a la mejora del balance biol\u00f3gico adem\u00e1s de reducir el crecimiento de las algas.<\/p>\n<p>Este kit contiene 3 botellas de 500ml con las siguientes propiedades:<\/p>\n<p><strong>BioGro 1<\/strong> contiene 12 cepas de bact\u00e9rias que producen enzymas que son necesarias para estabilizar el balance biol\u00f3gico.<\/p>\n<p><strong>BioGro 2<\/strong> contiene 14 cepas de bact\u00e9rias que mejoran el proceso de nitrificaci\u00f3n; estas son cepas de Nitrosomonas, Nitrobacterias y Nitrospira. Para optimizar el proceso, tambi\u00e9n se ha a\u00f1adido cepas de Bacillus; estas, trabajan conjuntamente con las bact\u00e9rias nitrificantes.<\/p>\n<p><strong>BioGro 3<\/strong> contiene 9 cepas de bact\u00e9rias. Estas bact\u00e9rias van eliminando el lodo de desechos lentamente.<\/p>\n<p><img loading=\"lazy\" decoding=\"async\" class=\"aligncenter wp-image-855 size-large\" title=\"BioGro sistema para la limpieza profunda del acuario con bacterias\" src=\"https:\/\/www.aq-arium.com\/aqmarine\/wp-content\/uploads\/2014\/08\/IMG_3289-1024x583.jpg\" alt=\"BioGro sistema para la limpieza profunda del acuario con bacterias\" width=\"960\" height=\"547\" srcset=\"https:\/\/www.aq-arium.com\/aqmarine\/wp-content\/uploads\/2014\/08\/IMG_3289-1024x583.jpg 1024w, https:\/\/www.aq-arium.com\/aqmarine\/wp-content\/uploads\/2014\/08\/IMG_3289-600x342.jpg 600w, https:\/\/www.aq-arium.com\/aqmarine\/wp-content\/uploads\/2014\/08\/IMG_3289-300x170.jpg 300w, https:\/\/www.aq-arium.com\/aqmarine\/wp-content\/uploads\/2014\/08\/IMG_3289-148x84.jpg 148w, https:\/\/www.aq-arium.com\/aqmarine\/wp-content\/uploads\/2014\/08\/IMG_3289-31x17.jpg 31w, https:\/\/www.aq-arium.com\/aqmarine\/wp-content\/uploads\/2014\/08\/IMG_3289-38x21.jpg 38w, https:\/\/www.aq-arium.com\/aqmarine\/wp-content\/uploads\/2014\/08\/IMG_3289-377x215.jpg 377w\" sizes=\"auto, (max-width: 960px) 100vw, 960px\" \/><\/p>\n<p>El lodo es un nido para el crecimiento de organismos pat\u00f3genos. Los organismos en estos lodos pueden liberar gases t\u00f3xicos que pueden da\u00f1ar a sus peces y corales y causar olores desagradables.<\/p>\n<p>Todas las bacterias est\u00e1n libres de pat\u00f3genos y han sido cultivados de forma natural. Para estimular el crecimiento, por favor, provea de suficiente ox\u00edgeno.<\/p>\n<p>Indicaciones : \u00a1Ag\u00edtese antes de usar! Por favor, cierre su UV y\/o unidad de Ozono durante un d\u00eda cuando a\u00f1ada BioGro. Puede a\u00f1adir los 3 pasos al mismo tiempo. La dosificaci\u00f3n, est\u00e1 basada en un acuario medio y la dosificaci\u00f3n puede cambiarse por una mayor o menor sin ning\u00fan efecto adverso. MANT\u00c9NGASE FUERA DEL ALCANCE DE LOS NI\u00d1OS, NO LO INGIERA.<\/p>\n<p>Por favor, use el producto en 6 meses despu\u00e9s de abrirlo.<\/p>\n<p>Se recomiendo guardar el producto refrigerado una vez abierto, pero no es necesario.<\/p>\n<p>Dosificaci\u00f3n inicial : 120ml por cada 750 litros.<br \/>\nDosificaci\u00f3n semanal : 40ml por cada 750 litros.<\/p>\n","protected":false},"excerpt":{"rendered":"<p>BioGro ha desarrollado un nuevo y f\u00e1cil sistema de 3 pasos para el mantenimiento de su acuario marino. Usted puede tener un acuario saludable y limpio en 3 simples pasos. BioGro crea y ayuda a la mejora del balance biol\u00f3gico adem\u00e1s de reducir el crecimiento de las algas. Este kit contiene 3 botellas de 500ml [&hellip;]<\/p>\n","protected":false},"author":1,"featured_media":855,"parent":9115,"menu_order":0,"comment_status":"closed","ping_status":"closed","template":"","meta":{"_acf_changed":false,"footnotes":""},"class_list":["post-857","page","type-page","status-publish","has-post-thumbnail","hentry"],"acf":[],"yoast_head":"<!-- This site is optimized with the Yoast SEO plugin v23.9 - https:\/\/yoast.com\/wordpress\/plugins\/seo\/ -->\n<title>BioGro sistema para la limpieza profunda del acuario con bacterias -<\/title>\n<meta name=\"description\" content=\"BioGro sistema para la limpieza profunda del acuario con bacterias. Usted puede tener un acuario saludable y limpio en 3 simples pasos.\" \/>\n<meta name=\"robots\" content=\"index, follow, max-snippet:-1, max-image-preview:large, max-video-preview:-1\" \/>\n<link rel=\"canonical\" href=\"https:\/\/www.aq-arium.com\/aqmarine\/acuario-marino\/dvh-biogro\/\" \/>\n<meta property=\"og:locale\" content=\"es_ES\" \/>\n<meta property=\"og:type\" content=\"article\" \/>\n<meta property=\"og:title\" content=\"BioGro sistema para la limpieza profunda del acuario con bacterias -\" \/>\n<meta property=\"og:description\" content=\"BioGro sistema para la limpieza profunda del acuario con bacterias. Usted puede tener un acuario saludable y limpio en 3 simples pasos.\" \/>\n<meta property=\"og:url\" content=\"https:\/\/www.aq-arium.com\/aqmarine\/acuario-marino\/dvh-biogro\/\" \/>\n<meta property=\"og:site_name\" content=\"AQ, Aquarium Solutions\" \/>\n<meta property=\"article:publisher\" content=\"https:\/\/www.instagram.com\/aq.arium\/\" \/>\n<meta property=\"article:modified_time\" content=\"2020-12-02T11:08:52+00:00\" \/>\n<meta property=\"og:image\" content=\"https:\/\/www.aq-arium.com\/aqmarine\/wp-content\/uploads\/2014\/08\/IMG_3289-scaled.jpg\" \/>\n\t<meta property=\"og:image:width\" content=\"2560\" \/>\n\t<meta property=\"og:image:height\" content=\"1459\" \/>\n\t<meta property=\"og:image:type\" content=\"image\/jpeg\" \/>\n<meta name=\"twitter:card\" content=\"summary_large_image\" \/>\n<meta name=\"twitter:site\" content=\"@AArium56877\" \/>\n<meta name=\"twitter:label1\" content=\"Tiempo de lectura\" \/>\n\t<meta name=\"twitter:data1\" content=\"2 minutos\" \/>\n<script type=\"application\/ld+json\" class=\"yoast-schema-graph\">{\"@context\":\"https:\/\/schema.org\",\"@graph\":[{\"@type\":\"WebPage\",\"@id\":\"https:\/\/www.aq-arium.com\/aqmarine\/acuario-marino\/dvh-biogro\/\",\"url\":\"https:\/\/www.aq-arium.com\/aqmarine\/acuario-marino\/dvh-biogro\/\",\"name\":\"BioGro sistema para la limpieza profunda del acuario con bacterias -\",\"isPartOf\":{\"@id\":\"https:\/\/www.aq-arium.com\/aqmarine\/#website\"},\"primaryImageOfPage\":{\"@id\":\"https:\/\/www.aq-arium.com\/aqmarine\/acuario-marino\/dvh-biogro\/#primaryimage\"},\"image\":{\"@id\":\"https:\/\/www.aq-arium.com\/aqmarine\/acuario-marino\/dvh-biogro\/#primaryimage\"},\"thumbnailUrl\":\"https:\/\/www.aq-arium.com\/aqmarine\/wp-content\/uploads\/2014\/08\/IMG_3289-scaled.jpg\",\"datePublished\":\"2014-08-11T11:00:53+00:00\",\"dateModified\":\"2020-12-02T11:08:52+00:00\",\"description\":\"BioGro sistema para la limpieza profunda del acuario con bacterias. Usted puede tener un acuario saludable y limpio en 3 simples pasos.\",\"breadcrumb\":{\"@id\":\"https:\/\/www.aq-arium.com\/aqmarine\/acuario-marino\/dvh-biogro\/#breadcrumb\"},\"inLanguage\":\"es-ES\",\"potentialAction\":[{\"@type\":\"ReadAction\",\"target\":[\"https:\/\/www.aq-arium.com\/aqmarine\/acuario-marino\/dvh-biogro\/\"]}]},{\"@type\":\"ImageObject\",\"inLanguage\":\"es-ES\",\"@id\":\"https:\/\/www.aq-arium.com\/aqmarine\/acuario-marino\/dvh-biogro\/#primaryimage\",\"url\":\"https:\/\/www.aq-arium.com\/aqmarine\/wp-content\/uploads\/2014\/08\/IMG_3289-scaled.jpg\",\"contentUrl\":\"https:\/\/www.aq-arium.com\/aqmarine\/wp-content\/uploads\/2014\/08\/IMG_3289-scaled.jpg\",\"width\":2560,\"height\":1459,\"caption\":\"BioGro sistema para la limpieza profunda del acuario con bacterias\"},{\"@type\":\"BreadcrumbList\",\"@id\":\"https:\/\/www.aq-arium.com\/aqmarine\/acuario-marino\/dvh-biogro\/#breadcrumb\",\"itemListElement\":[{\"@type\":\"ListItem\",\"position\":1,\"name\":\"Portada\",\"item\":\"https:\/\/www.aq-arium.com\/aqmarine\/\"},{\"@type\":\"ListItem\",\"position\":2,\"name\":\"ACUARIO MARINO\",\"item\":\"https:\/\/www.aq-arium.com\/aqmarine\/acuario-marino\/\"},{\"@type\":\"ListItem\",\"position\":3,\"name\":\"BioGro sistema para la limpieza profunda del acuario con bacterias\"}]},{\"@type\":\"WebSite\",\"@id\":\"https:\/\/www.aq-arium.com\/aqmarine\/#website\",\"url\":\"https:\/\/www.aq-arium.com\/aqmarine\/\",\"name\":\"AQ, Aquarium Solutions\",\"description\":\"Productos para Acuario Marino y Dulce\",\"publisher\":{\"@id\":\"https:\/\/www.aq-arium.com\/aqmarine\/#organization\"},\"potentialAction\":[{\"@type\":\"SearchAction\",\"target\":{\"@type\":\"EntryPoint\",\"urlTemplate\":\"https:\/\/www.aq-arium.com\/aqmarine\/?s={search_term_string}\"},\"query-input\":{\"@type\":\"PropertyValueSpecification\",\"valueRequired\":true,\"valueName\":\"search_term_string\"}}],\"inLanguage\":\"es-ES\"},{\"@type\":\"Organization\",\"@id\":\"https:\/\/www.aq-arium.com\/aqmarine\/#organization\",\"name\":\"AQ-arium Solutions\",\"url\":\"https:\/\/www.aq-arium.com\/aqmarine\/\",\"logo\":{\"@type\":\"ImageObject\",\"inLanguage\":\"es-ES\",\"@id\":\"https:\/\/www.aq-arium.com\/aqmarine\/#\/schema\/logo\/image\/\",\"url\":\"https:\/\/www.aq-arium.com\/aqmarine\/wp-content\/uploads\/2021\/08\/AQ-arium-Solutions-logo-100x47px-1.png\",\"contentUrl\":\"https:\/\/www.aq-arium.com\/aqmarine\/wp-content\/uploads\/2021\/08\/AQ-arium-Solutions-logo-100x47px-1.png\",\"width\":100,\"height\":47,\"caption\":\"AQ-arium Solutions\"},\"image\":{\"@id\":\"https:\/\/www.aq-arium.com\/aqmarine\/#\/schema\/logo\/image\/\"},\"sameAs\":[\"https:\/\/www.instagram.com\/aq.arium\/\",\"https:\/\/x.com\/AArium56877\"]}]}<\/script>\n<!-- \/ Yoast SEO plugin. -->","yoast_head_json":{"title":"BioGro sistema para la limpieza profunda del acuario con bacterias -","description":"BioGro sistema para la limpieza profunda del acuario con bacterias. Usted puede tener un acuario saludable y limpio en 3 simples pasos.","robots":{"index":"index","follow":"follow","max-snippet":"max-snippet:-1","max-image-preview":"max-image-preview:large","max-video-preview":"max-video-preview:-1"},"canonical":"https:\/\/www.aq-arium.com\/aqmarine\/acuario-marino\/dvh-biogro\/","og_locale":"es_ES","og_type":"article","og_title":"BioGro sistema para la limpieza profunda del acuario con bacterias -","og_description":"BioGro sistema para la limpieza profunda del acuario con bacterias. Usted puede tener un acuario saludable y limpio en 3 simples pasos.","og_url":"https:\/\/www.aq-arium.com\/aqmarine\/acuario-marino\/dvh-biogro\/","og_site_name":"AQ, Aquarium Solutions","article_publisher":"https:\/\/www.instagram.com\/aq.arium\/","article_modified_time":"2020-12-02T11:08:52+00:00","og_image":[{"width":2560,"height":1459,"url":"https:\/\/www.aq-arium.com\/aqmarine\/wp-content\/uploads\/2014\/08\/IMG_3289-scaled.jpg","type":"image\/jpeg"}],"twitter_card":"summary_large_image","twitter_site":"@AArium56877","twitter_misc":{"Tiempo de lectura":"2 minutos"},"schema":{"@context":"https:\/\/schema.org","@graph":[{"@type":"WebPage","@id":"https:\/\/www.aq-arium.com\/aqmarine\/acuario-marino\/dvh-biogro\/","url":"https:\/\/www.aq-arium.com\/aqmarine\/acuario-marino\/dvh-biogro\/","name":"BioGro sistema para la limpieza profunda del acuario con bacterias -","isPartOf":{"@id":"https:\/\/www.aq-arium.com\/aqmarine\/#website"},"primaryImageOfPage":{"@id":"https:\/\/www.aq-arium.com\/aqmarine\/acuario-marino\/dvh-biogro\/#primaryimage"},"image":{"@id":"https:\/\/www.aq-arium.com\/aqmarine\/acuario-marino\/dvh-biogro\/#primaryimage"},"thumbnailUrl":"https:\/\/www.aq-arium.com\/aqmarine\/wp-content\/uploads\/2014\/08\/IMG_3289-scaled.jpg","datePublished":"2014-08-11T11:00:53+00:00","dateModified":"2020-12-02T11:08:52+00:00","description":"BioGro sistema para la limpieza profunda del acuario con bacterias. Usted puede tener un acuario saludable y limpio en 3 simples pasos.","breadcrumb":{"@id":"https:\/\/www.aq-arium.com\/aqmarine\/acuario-marino\/dvh-biogro\/#breadcrumb"},"inLanguage":"es-ES","potentialAction":[{"@type":"ReadAction","target":["https:\/\/www.aq-arium.com\/aqmarine\/acuario-marino\/dvh-biogro\/"]}]},{"@type":"ImageObject","inLanguage":"es-ES","@id":"https:\/\/www.aq-arium.com\/aqmarine\/acuario-marino\/dvh-biogro\/#primaryimage","url":"https:\/\/www.aq-arium.com\/aqmarine\/wp-content\/uploads\/2014\/08\/IMG_3289-scaled.jpg","contentUrl":"https:\/\/www.aq-arium.com\/aqmarine\/wp-content\/uploads\/2014\/08\/IMG_3289-scaled.jpg","width":2560,"height":1459,"caption":"BioGro sistema para la limpieza profunda del acuario con bacterias"},{"@type":"BreadcrumbList","@id":"https:\/\/www.aq-arium.com\/aqmarine\/acuario-marino\/dvh-biogro\/#breadcrumb","itemListElement":[{"@type":"ListItem","position":1,"name":"Portada","item":"https:\/\/www.aq-arium.com\/aqmarine\/"},{"@type":"ListItem","position":2,"name":"ACUARIO MARINO","item":"https:\/\/www.aq-arium.com\/aqmarine\/acuario-marino\/"},{"@type":"ListItem","position":3,"name":"BioGro sistema para la limpieza profunda del acuario con bacterias"}]},{"@type":"WebSite","@id":"https:\/\/www.aq-arium.com\/aqmarine\/#website","url":"https:\/\/www.aq-arium.com\/aqmarine\/","name":"AQ, Aquarium Solutions","description":"Productos para Acuario Marino y Dulce","publisher":{"@id":"https:\/\/www.aq-arium.com\/aqmarine\/#organization"},"potentialAction":[{"@type":"SearchAction","target":{"@type":"EntryPoint","urlTemplate":"https:\/\/www.aq-arium.com\/aqmarine\/?s={search_term_string}"},"query-input":{"@type":"PropertyValueSpecification","valueRequired":true,"valueName":"search_term_string"}}],"inLanguage":"es-ES"},{"@type":"Organization","@id":"https:\/\/www.aq-arium.com\/aqmarine\/#organization","name":"AQ-arium Solutions","url":"https:\/\/www.aq-arium.com\/aqmarine\/","logo":{"@type":"ImageObject","inLanguage":"es-ES","@id":"https:\/\/www.aq-arium.com\/aqmarine\/#\/schema\/logo\/image\/","url":"https:\/\/www.aq-arium.com\/aqmarine\/wp-content\/uploads\/2021\/08\/AQ-arium-Solutions-logo-100x47px-1.png","contentUrl":"https:\/\/www.aq-arium.com\/aqmarine\/wp-content\/uploads\/2021\/08\/AQ-arium-Solutions-logo-100x47px-1.png","width":100,"height":47,"caption":"AQ-arium Solutions"},"image":{"@id":"https:\/\/www.aq-arium.com\/aqmarine\/#\/schema\/logo\/image\/"},"sameAs":["https:\/\/www.instagram.com\/aq.arium\/","https:\/\/x.com\/AArium56877"]}]}},"jetpack_sharing_enabled":true,"_links":{"self":[{"href":"https:\/\/www.aq-arium.com\/aqmarine\/wp-json\/wp\/v2\/pages\/857","targetHints":{"allow":["GET"]}}],"collection":[{"href":"https:\/\/www.aq-arium.com\/aqmarine\/wp-json\/wp\/v2\/pages"}],"about":[{"href":"https:\/\/www.aq-arium.com\/aqmarine\/wp-json\/wp\/v2\/types\/page"}],"author":[{"embeddable":true,"href":"https:\/\/www.aq-arium.com\/aqmarine\/wp-json\/wp\/v2\/users\/1"}],"replies":[{"embeddable":true,"href":"https:\/\/www.aq-arium.com\/aqmarine\/wp-json\/wp\/v2\/comments?post=857"}],"version-history":[{"count":0,"href":"https:\/\/www.aq-arium.com\/aqmarine\/wp-json\/wp\/v2\/pages\/857\/revisions"}],"up":[{"embeddable":true,"href":"https:\/\/www.aq-arium.com\/aqmarine\/wp-json\/wp\/v2\/pages\/9115"}],"wp:featuredmedia":[{"embeddable":true,"href":"https:\/\/www.aq-arium.com\/aqmarine\/wp-json\/wp\/v2\/media\/855"}],"wp:attachment":[{"href":"https:\/\/www.aq-arium.com\/aqmarine\/wp-json\/wp\/v2\/media?parent=857"}],"curies":[{"name":"wp","href":"https:\/\/api.w.org\/{rel}","templated":true}]}}