{"id":849,"date":"2014-08-11T11:37:23","date_gmt":"2014-08-11T11:37:23","guid":{"rendered":"http:\/\/arrecifevivo.com\/aqmarine\/?page_id=849"},"modified":"2023-04-27T09:51:39","modified_gmt":"2023-04-27T08:51:39","slug":"dvh-joes-juyce","status":"publish","type":"page","link":"https:\/\/www.aq-arium.com\/aqmarine\/acuario-marino\/dvh-joes-juyce\/","title":{"rendered":"Joes Juice para eliminar aiptasia en el acuario"},"content":{"rendered":"<p><a href=\"https:\/\/www.aq-arium.com\/aqmarine\/dvh\/\">Volver a la p\u00e1gina principal de\u00a0DVH<\/a><\/p>\n<p><img loading=\"lazy\" decoding=\"async\" class=\"alignnone size-large wp-image-784\" src=\"https:\/\/www.aq-arium.com\/aqmarine\/wp-content\/uploads\/2014\/08\/compo-1024x106.jpg\" alt=\"compo\" width=\"960\" height=\"99\" srcset=\"https:\/\/www.aq-arium.com\/aqmarine\/wp-content\/uploads\/2014\/08\/compo-1024x106.jpg 1024w, https:\/\/www.aq-arium.com\/aqmarine\/wp-content\/uploads\/2014\/08\/compo-600x62.jpg 600w, https:\/\/www.aq-arium.com\/aqmarine\/wp-content\/uploads\/2014\/08\/compo-300x31.jpg 300w\" sizes=\"auto, (max-width: 960px) 100vw, 960px\" \/><\/p>\n<p>JoesJuice es una soluci\u00f3n fiable y segura eliminar las Aiptasias y Majanos de los acuarios. Simplemente alimente a la an\u00e9mona con una peque\u00f1a cantidad de JoesJuyce y ver\u00e1 los resultados en pocos minutos. JoesJuyce, est\u00e1 disponible para el mercado mundial desde 2003.<\/p>\n<p><iframe loading=\"lazy\" title=\"Elimination of Majano &amp; Aiptasia anemones\" width=\"500\" height=\"375\" src=\"https:\/\/www.youtube.com\/embed\/yfENGsdTRTc?feature=oembed\" frameborder=\"0\" allow=\"accelerometer; autoplay; clipboard-write; encrypted-media; gyroscope; picture-in-picture; web-share\" referrerpolicy=\"strict-origin-when-cross-origin\" allowfullscreen><\/iframe><\/p>\n<h3>Caracter\u00edsticas<\/h3>\n<ul>\n<li>Seguro para arrecifes.<\/li>\n<li>Alimentar a las majamos y aptasias es muy sencillo con el dosificado.<\/li>\n<li>Puede usarse con las luces encendidas.<\/li>\n<li>Las Majanos y las Aiptasias no se retraen mientras se est\u00e1n alimentando.<\/li>\n<li>No requiere de inyecci\u00f3n.<\/li>\n<li>No requiere que se sifone la \u00e1rea de la an\u00e9mona despu\u00e9s de la aplicaci\u00f3n.<\/li>\n<li>Resultados en minutos y no horas.<\/li>\n<li>Aplicador y dispensador incluidos.<\/li>\n<li>No afecta a la qu\u00edmica del agua.<\/li>\n<\/ul>\n<h3>Como se aplica<\/h3>\n<ol>\n<li>Cierre las bombas de recirculaci\u00f3n antes de la aplicaci\u00f3n.<\/li>\n<li>Agite el producto antes de usar.<\/li>\n<li>Rellene la jeringuilla con la soluci\u00f3n.<\/li>\n<li>Para Aiptasia : Dispense una peque\u00f1a cantidad del contenido de la jeringuilla a la boca de la an\u00e9mona.<\/li>\n<li>Para Majano : Disperse una peque\u00f1a cantidad del contenido de la jeringuilla en el centro del animal.<\/li>\n<li>Ambas an\u00e9monas consumir\u00e1n el producto.<\/li>\n<\/ol>\n<p><img loading=\"lazy\" decoding=\"async\" class=\"alignnone wp-image-844 size-full\" title=\"JoesJuice eliminador de aiptasia\" src=\"https:\/\/www.aq-arium.com\/aqmarine\/wp-content\/uploads\/2014\/08\/4604936555.jpg\" alt=\"JoesJuice eliminador de aiptasia\" width=\"400\" height=\"400\" srcset=\"https:\/\/www.aq-arium.com\/aqmarine\/wp-content\/uploads\/2014\/08\/4604936555.jpg 400w, https:\/\/www.aq-arium.com\/aqmarine\/wp-content\/uploads\/2014\/08\/4604936555-300x300.jpg 300w, https:\/\/www.aq-arium.com\/aqmarine\/wp-content\/uploads\/2014\/08\/4604936555-100x100.jpg 100w, https:\/\/www.aq-arium.com\/aqmarine\/wp-content\/uploads\/2014\/08\/4604936555-150x150.jpg 150w, https:\/\/www.aq-arium.com\/aqmarine\/wp-content\/uploads\/2014\/08\/4604936555-148x148.jpg 148w, https:\/\/www.aq-arium.com\/aqmarine\/wp-content\/uploads\/2014\/08\/4604936555-31x31.jpg 31w, https:\/\/www.aq-arium.com\/aqmarine\/wp-content\/uploads\/2014\/08\/4604936555-38x38.jpg 38w, https:\/\/www.aq-arium.com\/aqmarine\/wp-content\/uploads\/2014\/08\/4604936555-215x215.jpg 215w, https:\/\/www.aq-arium.com\/aqmarine\/wp-content\/uploads\/2014\/08\/4604936555-50x50.jpg 50w, https:\/\/www.aq-arium.com\/aqmarine\/wp-content\/uploads\/2014\/08\/4604936555-320x320.jpg 320w, https:\/\/www.aq-arium.com\/aqmarine\/wp-content\/uploads\/2014\/08\/4604936555-240x240.jpg 240w\" sizes=\"auto, (max-width: 400px) 100vw, 400px\" \/><\/p>\n","protected":false},"excerpt":{"rendered":"<p>Volver a la p\u00e1gina principal de\u00a0DVH JoesJuice es una soluci\u00f3n fiable y segura eliminar las Aiptasias y Majanos de los acuarios. Simplemente alimente a la an\u00e9mona con una peque\u00f1a cantidad de JoesJuyce y ver\u00e1 los resultados en pocos minutos. JoesJuyce, est\u00e1 disponible para el mercado mundial desde 2003. Caracter\u00edsticas Seguro para arrecifes. Alimentar a las [&hellip;]<\/p>\n","protected":false},"author":1,"featured_media":844,"parent":9115,"menu_order":0,"comment_status":"closed","ping_status":"closed","template":"","meta":{"_acf_changed":false,"footnotes":""},"class_list":["post-849","page","type-page","status-publish","has-post-thumbnail","hentry"],"acf":[],"yoast_head":"<!-- This site is optimized with the Yoast SEO plugin v23.9 - https:\/\/yoast.com\/wordpress\/plugins\/seo\/ -->\n<title>Joes Juice para eliminar aiptasia en el acuario - AQ, Aquarium Solutions<\/title>\n<meta name=\"robots\" content=\"index, follow, max-snippet:-1, max-image-preview:large, max-video-preview:-1\" \/>\n<link rel=\"canonical\" href=\"https:\/\/www.aq-arium.com\/aqmarine\/acuario-marino\/dvh-joes-juyce\/\" \/>\n<meta property=\"og:locale\" content=\"es_ES\" \/>\n<meta property=\"og:type\" content=\"article\" \/>\n<meta property=\"og:title\" content=\"Joes Juice para eliminar aiptasia en el acuario - AQ, Aquarium Solutions\" \/>\n<meta property=\"og:description\" content=\"Volver a la p\u00e1gina principal de\u00a0DVH JoesJuice es una soluci\u00f3n fiable y segura eliminar las Aiptasias y Majanos de los acuarios. Simplemente alimente a la an\u00e9mona con una peque\u00f1a cantidad de JoesJuyce y ver\u00e1 los resultados en pocos minutos. JoesJuyce, est\u00e1 disponible para el mercado mundial desde 2003. Caracter\u00edsticas Seguro para arrecifes. Alimentar a las [&hellip;]\" \/>\n<meta property=\"og:url\" content=\"https:\/\/www.aq-arium.com\/aqmarine\/acuario-marino\/dvh-joes-juyce\/\" \/>\n<meta property=\"og:site_name\" content=\"AQ, Aquarium Solutions\" \/>\n<meta property=\"article:publisher\" content=\"https:\/\/www.instagram.com\/aq.arium\/\" \/>\n<meta property=\"article:modified_time\" content=\"2023-04-27T08:51:39+00:00\" \/>\n<meta property=\"og:image\" content=\"https:\/\/www.aq-arium.com\/aqmarine\/wp-content\/uploads\/2014\/08\/4604936555.jpg\" \/>\n\t<meta property=\"og:image:width\" content=\"400\" \/>\n\t<meta property=\"og:image:height\" content=\"400\" \/>\n\t<meta property=\"og:image:type\" content=\"image\/jpeg\" \/>\n<meta name=\"twitter:card\" content=\"summary_large_image\" \/>\n<meta name=\"twitter:site\" content=\"@AArium56877\" \/>\n<meta name=\"twitter:label1\" content=\"Tiempo de lectura\" \/>\n\t<meta name=\"twitter:data1\" content=\"2 minutos\" \/>\n<script type=\"application\/ld+json\" class=\"yoast-schema-graph\">{\"@context\":\"https:\/\/schema.org\",\"@graph\":[{\"@type\":\"WebPage\",\"@id\":\"https:\/\/www.aq-arium.com\/aqmarine\/acuario-marino\/dvh-joes-juyce\/\",\"url\":\"https:\/\/www.aq-arium.com\/aqmarine\/acuario-marino\/dvh-joes-juyce\/\",\"name\":\"Joes Juice para eliminar aiptasia en el acuario - AQ, Aquarium Solutions\",\"isPartOf\":{\"@id\":\"https:\/\/www.aq-arium.com\/aqmarine\/#website\"},\"primaryImageOfPage\":{\"@id\":\"https:\/\/www.aq-arium.com\/aqmarine\/acuario-marino\/dvh-joes-juyce\/#primaryimage\"},\"image\":{\"@id\":\"https:\/\/www.aq-arium.com\/aqmarine\/acuario-marino\/dvh-joes-juyce\/#primaryimage\"},\"thumbnailUrl\":\"https:\/\/www.aq-arium.com\/aqmarine\/wp-content\/uploads\/2014\/08\/4604936555.jpg\",\"datePublished\":\"2014-08-11T11:37:23+00:00\",\"dateModified\":\"2023-04-27T08:51:39+00:00\",\"breadcrumb\":{\"@id\":\"https:\/\/www.aq-arium.com\/aqmarine\/acuario-marino\/dvh-joes-juyce\/#breadcrumb\"},\"inLanguage\":\"es-ES\",\"potentialAction\":[{\"@type\":\"ReadAction\",\"target\":[\"https:\/\/www.aq-arium.com\/aqmarine\/acuario-marino\/dvh-joes-juyce\/\"]}]},{\"@type\":\"ImageObject\",\"inLanguage\":\"es-ES\",\"@id\":\"https:\/\/www.aq-arium.com\/aqmarine\/acuario-marino\/dvh-joes-juyce\/#primaryimage\",\"url\":\"https:\/\/www.aq-arium.com\/aqmarine\/wp-content\/uploads\/2014\/08\/4604936555.jpg\",\"contentUrl\":\"https:\/\/www.aq-arium.com\/aqmarine\/wp-content\/uploads\/2014\/08\/4604936555.jpg\",\"width\":400,\"height\":400},{\"@type\":\"BreadcrumbList\",\"@id\":\"https:\/\/www.aq-arium.com\/aqmarine\/acuario-marino\/dvh-joes-juyce\/#breadcrumb\",\"itemListElement\":[{\"@type\":\"ListItem\",\"position\":1,\"name\":\"Portada\",\"item\":\"https:\/\/www.aq-arium.com\/aqmarine\/\"},{\"@type\":\"ListItem\",\"position\":2,\"name\":\"ACUARIO MARINO\",\"item\":\"https:\/\/www.aq-arium.com\/aqmarine\/acuario-marino\/\"},{\"@type\":\"ListItem\",\"position\":3,\"name\":\"Joes Juice para eliminar aiptasia en el acuario\"}]},{\"@type\":\"WebSite\",\"@id\":\"https:\/\/www.aq-arium.com\/aqmarine\/#website\",\"url\":\"https:\/\/www.aq-arium.com\/aqmarine\/\",\"name\":\"AQ, Aquarium Solutions\",\"description\":\"Productos para Acuario Marino y Dulce\",\"publisher\":{\"@id\":\"https:\/\/www.aq-arium.com\/aqmarine\/#organization\"},\"potentialAction\":[{\"@type\":\"SearchAction\",\"target\":{\"@type\":\"EntryPoint\",\"urlTemplate\":\"https:\/\/www.aq-arium.com\/aqmarine\/?s={search_term_string}\"},\"query-input\":{\"@type\":\"PropertyValueSpecification\",\"valueRequired\":true,\"valueName\":\"search_term_string\"}}],\"inLanguage\":\"es-ES\"},{\"@type\":\"Organization\",\"@id\":\"https:\/\/www.aq-arium.com\/aqmarine\/#organization\",\"name\":\"AQ-arium Solutions\",\"url\":\"https:\/\/www.aq-arium.com\/aqmarine\/\",\"logo\":{\"@type\":\"ImageObject\",\"inLanguage\":\"es-ES\",\"@id\":\"https:\/\/www.aq-arium.com\/aqmarine\/#\/schema\/logo\/image\/\",\"url\":\"https:\/\/www.aq-arium.com\/aqmarine\/wp-content\/uploads\/2021\/08\/AQ-arium-Solutions-logo-100x47px-1.png\",\"contentUrl\":\"https:\/\/www.aq-arium.com\/aqmarine\/wp-content\/uploads\/2021\/08\/AQ-arium-Solutions-logo-100x47px-1.png\",\"width\":100,\"height\":47,\"caption\":\"AQ-arium Solutions\"},\"image\":{\"@id\":\"https:\/\/www.aq-arium.com\/aqmarine\/#\/schema\/logo\/image\/\"},\"sameAs\":[\"https:\/\/www.instagram.com\/aq.arium\/\",\"https:\/\/x.com\/AArium56877\"]}]}<\/script>\n<!-- \/ Yoast SEO plugin. -->","yoast_head_json":{"title":"Joes Juice para eliminar aiptasia en el acuario - AQ, Aquarium Solutions","robots":{"index":"index","follow":"follow","max-snippet":"max-snippet:-1","max-image-preview":"max-image-preview:large","max-video-preview":"max-video-preview:-1"},"canonical":"https:\/\/www.aq-arium.com\/aqmarine\/acuario-marino\/dvh-joes-juyce\/","og_locale":"es_ES","og_type":"article","og_title":"Joes Juice para eliminar aiptasia en el acuario - AQ, Aquarium Solutions","og_description":"Volver a la p\u00e1gina principal de\u00a0DVH JoesJuice es una soluci\u00f3n fiable y segura eliminar las Aiptasias y Majanos de los acuarios. Simplemente alimente a la an\u00e9mona con una peque\u00f1a cantidad de JoesJuyce y ver\u00e1 los resultados en pocos minutos. JoesJuyce, est\u00e1 disponible para el mercado mundial desde 2003. Caracter\u00edsticas Seguro para arrecifes. Alimentar a las [&hellip;]","og_url":"https:\/\/www.aq-arium.com\/aqmarine\/acuario-marino\/dvh-joes-juyce\/","og_site_name":"AQ, Aquarium Solutions","article_publisher":"https:\/\/www.instagram.com\/aq.arium\/","article_modified_time":"2023-04-27T08:51:39+00:00","og_image":[{"width":400,"height":400,"url":"https:\/\/www.aq-arium.com\/aqmarine\/wp-content\/uploads\/2014\/08\/4604936555.jpg","type":"image\/jpeg"}],"twitter_card":"summary_large_image","twitter_site":"@AArium56877","twitter_misc":{"Tiempo de lectura":"2 minutos"},"schema":{"@context":"https:\/\/schema.org","@graph":[{"@type":"WebPage","@id":"https:\/\/www.aq-arium.com\/aqmarine\/acuario-marino\/dvh-joes-juyce\/","url":"https:\/\/www.aq-arium.com\/aqmarine\/acuario-marino\/dvh-joes-juyce\/","name":"Joes Juice para eliminar aiptasia en el acuario - AQ, Aquarium Solutions","isPartOf":{"@id":"https:\/\/www.aq-arium.com\/aqmarine\/#website"},"primaryImageOfPage":{"@id":"https:\/\/www.aq-arium.com\/aqmarine\/acuario-marino\/dvh-joes-juyce\/#primaryimage"},"image":{"@id":"https:\/\/www.aq-arium.com\/aqmarine\/acuario-marino\/dvh-joes-juyce\/#primaryimage"},"thumbnailUrl":"https:\/\/www.aq-arium.com\/aqmarine\/wp-content\/uploads\/2014\/08\/4604936555.jpg","datePublished":"2014-08-11T11:37:23+00:00","dateModified":"2023-04-27T08:51:39+00:00","breadcrumb":{"@id":"https:\/\/www.aq-arium.com\/aqmarine\/acuario-marino\/dvh-joes-juyce\/#breadcrumb"},"inLanguage":"es-ES","potentialAction":[{"@type":"ReadAction","target":["https:\/\/www.aq-arium.com\/aqmarine\/acuario-marino\/dvh-joes-juyce\/"]}]},{"@type":"ImageObject","inLanguage":"es-ES","@id":"https:\/\/www.aq-arium.com\/aqmarine\/acuario-marino\/dvh-joes-juyce\/#primaryimage","url":"https:\/\/www.aq-arium.com\/aqmarine\/wp-content\/uploads\/2014\/08\/4604936555.jpg","contentUrl":"https:\/\/www.aq-arium.com\/aqmarine\/wp-content\/uploads\/2014\/08\/4604936555.jpg","width":400,"height":400},{"@type":"BreadcrumbList","@id":"https:\/\/www.aq-arium.com\/aqmarine\/acuario-marino\/dvh-joes-juyce\/#breadcrumb","itemListElement":[{"@type":"ListItem","position":1,"name":"Portada","item":"https:\/\/www.aq-arium.com\/aqmarine\/"},{"@type":"ListItem","position":2,"name":"ACUARIO MARINO","item":"https:\/\/www.aq-arium.com\/aqmarine\/acuario-marino\/"},{"@type":"ListItem","position":3,"name":"Joes Juice para eliminar aiptasia en el acuario"}]},{"@type":"WebSite","@id":"https:\/\/www.aq-arium.com\/aqmarine\/#website","url":"https:\/\/www.aq-arium.com\/aqmarine\/","name":"AQ, Aquarium Solutions","description":"Productos para Acuario Marino y Dulce","publisher":{"@id":"https:\/\/www.aq-arium.com\/aqmarine\/#organization"},"potentialAction":[{"@type":"SearchAction","target":{"@type":"EntryPoint","urlTemplate":"https:\/\/www.aq-arium.com\/aqmarine\/?s={search_term_string}"},"query-input":{"@type":"PropertyValueSpecification","valueRequired":true,"valueName":"search_term_string"}}],"inLanguage":"es-ES"},{"@type":"Organization","@id":"https:\/\/www.aq-arium.com\/aqmarine\/#organization","name":"AQ-arium Solutions","url":"https:\/\/www.aq-arium.com\/aqmarine\/","logo":{"@type":"ImageObject","inLanguage":"es-ES","@id":"https:\/\/www.aq-arium.com\/aqmarine\/#\/schema\/logo\/image\/","url":"https:\/\/www.aq-arium.com\/aqmarine\/wp-content\/uploads\/2021\/08\/AQ-arium-Solutions-logo-100x47px-1.png","contentUrl":"https:\/\/www.aq-arium.com\/aqmarine\/wp-content\/uploads\/2021\/08\/AQ-arium-Solutions-logo-100x47px-1.png","width":100,"height":47,"caption":"AQ-arium Solutions"},"image":{"@id":"https:\/\/www.aq-arium.com\/aqmarine\/#\/schema\/logo\/image\/"},"sameAs":["https:\/\/www.instagram.com\/aq.arium\/","https:\/\/x.com\/AArium56877"]}]}},"jetpack_sharing_enabled":true,"_links":{"self":[{"href":"https:\/\/www.aq-arium.com\/aqmarine\/wp-json\/wp\/v2\/pages\/849","targetHints":{"allow":["GET"]}}],"collection":[{"href":"https:\/\/www.aq-arium.com\/aqmarine\/wp-json\/wp\/v2\/pages"}],"about":[{"href":"https:\/\/www.aq-arium.com\/aqmarine\/wp-json\/wp\/v2\/types\/page"}],"author":[{"embeddable":true,"href":"https:\/\/www.aq-arium.com\/aqmarine\/wp-json\/wp\/v2\/users\/1"}],"replies":[{"embeddable":true,"href":"https:\/\/www.aq-arium.com\/aqmarine\/wp-json\/wp\/v2\/comments?post=849"}],"version-history":[{"count":0,"href":"https:\/\/www.aq-arium.com\/aqmarine\/wp-json\/wp\/v2\/pages\/849\/revisions"}],"up":[{"embeddable":true,"href":"https:\/\/www.aq-arium.com\/aqmarine\/wp-json\/wp\/v2\/pages\/9115"}],"wp:featuredmedia":[{"embeddable":true,"href":"https:\/\/www.aq-arium.com\/aqmarine\/wp-json\/wp\/v2\/media\/844"}],"wp:attachment":[{"href":"https:\/\/www.aq-arium.com\/aqmarine\/wp-json\/wp\/v2\/media?parent=849"}],"curies":[{"name":"wp","href":"https:\/\/api.w.org\/{rel}","templated":true}]}}