{"id":751,"date":"2014-08-07T09:55:05","date_gmt":"2014-08-07T09:55:05","guid":{"rendered":"http:\/\/arrecifevivo.com\/aqmarine\/?page_id=751"},"modified":"2021-09-02T10:08:41","modified_gmt":"2021-09-02T09:08:41","slug":"deltec-esterilizador-uv","status":"publish","type":"page","link":"https:\/\/www.aq-arium.com\/aqmarine\/acuario-marino\/deltec-esterilizador-uv\/","title":{"rendered":"Deltec &#8211; UV"},"content":{"rendered":"<p><img loading=\"lazy\" decoding=\"async\" class=\"alignnone wp-image-643 size-full\" src=\"https:\/\/www.aq-arium.com\/aqmarine\/wp-content\/uploads\/2014\/08\/Deltec.jpg\" alt=\"Deltec\" width=\"728\" height=\"90\" srcset=\"https:\/\/www.aq-arium.com\/aqmarine\/wp-content\/uploads\/2014\/08\/Deltec.jpg 728w, https:\/\/www.aq-arium.com\/aqmarine\/wp-content\/uploads\/2014\/08\/Deltec-600x74.jpg 600w, https:\/\/www.aq-arium.com\/aqmarine\/wp-content\/uploads\/2014\/08\/Deltec-300x37.jpg 300w\" sizes=\"auto, (max-width: 728px) 100vw, 728px\" \/><\/p>\n<h1>Esterilizadores UV<\/h1>\n<p>El uso de radiaci\u00f3n ultravioleta tipo C (UV-C) es la forma m\u00e1s efectiva de esterilizar el agua. No hay qu\u00edmicos involucrados y no hay riesgo de peligrosas sobredosis. A dem\u00e1s, no tienes que esperar\u00a0largos periodos\u00a0de tiempo a que haga efecto ya que la esterilizaci\u00f3n es instant\u00e1nea!<\/p>\n<p>La energ\u00eda generada por el UV-C altamente concentrado ejerce un efecto letal sobre algunos microorganismos. Altera el material gen\u00e9tico (ADN) e inhibe su capacidad de reproducci\u00f3n. Las propiedades germicidas de la radiaci\u00f3n UV-C son, por lo tanto, extremadamente beneficiosas para la destrucci\u00f3n de bacterias, virus, protozoos, algas y esporas de moho.<\/p>\n<p>Los diferentes tipos de pat\u00f3genos o bacterias requieren diferentes niveles de radiaci\u00f3n para matar o para evitar que funcionen y se multipliquen.<\/p>\n<p>Los esterilizadores de DELTEC est\u00e1n dise\u00f1ados para producir una intensidad de radiaci\u00f3n de 33,000 microwatt\/seg que es suficiente para destruir los pat\u00f3genos m\u00e1s comunes en acuarios de agua dulce y salada; sin embargo, si se requiere, la intensidad puede aumentar disminuyendo la velocidad de flujo a trav\u00e9s de la unidad.<\/p>\n<p>Las unidades UV T5 de Deltec est\u00e1n dise\u00f1ados para su uso en acuarios. Son compactos y m\u00e1s efectivos que los UV convencionales ya que el T5 y el tubo protector est\u00e1n fabricados en cuarzo.<\/p>\n<p>El balastro electr\u00f3nico y el T5 aseguran una alta radiaci\u00f3n, eficiencia y larga vida, hasta 9000 horas.<\/p>\n<p><a href=\"https:\/\/www.aq-arium.com\/aqmarine\/wp-content\/uploads\/2018\/07\/UV.png\"><img loading=\"lazy\" decoding=\"async\" class=\"aligncenter size-full wp-image-6068\" src=\"https:\/\/www.aq-arium.com\/aqmarine\/wp-content\/uploads\/2018\/07\/UV.png\" alt=\"UV\" width=\"400\" height=\"400\" srcset=\"https:\/\/www.aq-arium.com\/aqmarine\/wp-content\/uploads\/2018\/07\/UV.png 400w, https:\/\/www.aq-arium.com\/aqmarine\/wp-content\/uploads\/2018\/07\/UV-300x300.png 300w, https:\/\/www.aq-arium.com\/aqmarine\/wp-content\/uploads\/2018\/07\/UV-100x100.png 100w, https:\/\/www.aq-arium.com\/aqmarine\/wp-content\/uploads\/2018\/07\/UV-150x150.png 150w, https:\/\/www.aq-arium.com\/aqmarine\/wp-content\/uploads\/2018\/07\/UV-50x50.png 50w, https:\/\/www.aq-arium.com\/aqmarine\/wp-content\/uploads\/2018\/07\/UV-320x320.png 320w, https:\/\/www.aq-arium.com\/aqmarine\/wp-content\/uploads\/2018\/07\/UV-240x240.png 240w\" sizes=\"auto, (max-width: 400px) 100vw, 400px\" \/><\/a><\/p>\n<p>Modelos disponibles:<\/p>\n<p><strong>10 w. para acuarios hasta \u00a0500 L. <\/strong>Equivalente a un UV convencional de 20W. Dimensiones: 300 mm x 100 mm x 140 mm<br \/>\n<strong>Recomendado para:<\/strong><\/p>\n<ul>\n<li>Tanque de corales: (1-2 veces de filtraci\u00f3n complete por hora): 250 a 500 litros.<\/li>\n<li>Tanque de peces &#8211; (2-4 veces de filtraci\u00f3n completa por hora) : 125 a 250 litros<\/li>\n<\/ul>\n<p><strong>20 w. para acuarios hasta \u00a01.000 L.<\/strong> Equivalente a un UV convencional de 60W. Dimensiones: 600 mm x 100 mm x 140 mm<br \/>\n<strong>Recomendado para:<\/strong><\/p>\n<ul>\n<li>Tanque de corales: (1-2 veces de filtraci\u00f3n complete por hora): 500 a 1000 litros.<\/li>\n<li>Tanque de peces &#8211; (2-4 veces de filtraci\u00f3n completa por hora) : 250 a 500 litros<\/li>\n<\/ul>\n<p><strong>39 w. para acuarios hasta 2.000 L. <\/strong>Equivalente a un UV convencional de 80W. Dimensiones: 920 mm x 100 mm x 140 mm<br \/>\n<strong>Recomendado para:<\/strong><\/p>\n<ul>\n<li>Tanque de corales: (1-2 veces de filtraci\u00f3n complete por hora): 1000 a 2000 litros.<\/li>\n<li>Tanque de peces &#8211; (2-4 veces de filtraci\u00f3n completa por hora) : 500 a 1000 litros<\/li>\n<\/ul>\n<p><strong>80 w. para acuarios hasta 3.600 L. <\/strong>Equivalente a un UV convencional de 160W.<\/p>\n<p>A que nos referimos con &#8220;convencional&#8221;? Debido a la p\u00e9rdida de transmisi\u00f3n.<\/p>\n<h1>P\u00e9rdida de transmisi\u00f3n<\/h1>\n<p>Muchas personas saben que el cuarzo es 96-98% transparente a los rayos UV-C y que el vidrio normal reduce la transmisi\u00f3n de dichos rayos en aproximadamente un 50%. Esta es la raz\u00f3n por la cual los esterilizadores de DELTEC tienen una manga de separaci\u00f3n de cuarzo entre el agua y la bombilla. Mucha gente desconoce es que los esterilizadores UV convencionales producen la radiaci\u00f3n UV\u00a0en un tubo de vidrio convencional, por lo tanto, la mitad de la intensidad se pierde incluso antes de que salga del tubo.<\/p>\n<p>Los esterilizadores D-D Professional UV cuentan con una bombilla de cuarzo puro y una manga de cuarzo, por lo que se utiliza el 98% de la UV-C producida. En efecto, los modelos D-D Professional producen aproximadamente el doble de UV-C por vatio que una unidad convencional con una bombilla de vidrio. Esto hace que las unidades sean mucho m\u00e1s compactas y f\u00e1ciles de instalar en muchos gabinetes de acuarios.<\/p>\n<h1>Caracter\u00edsticas<\/h1>\n<ul>\n<li>Bombilla de cuarzo extraplana de alta intensidad con tapa de cer\u00e1mica para un buen aislamiento t\u00e9rmico.<\/li>\n<li>Vida \u00fatil de la l\u00e1mpara de 9000 horas para uso continuo.<\/li>\n<li>Balastro electr\u00f3nico para un funcionamiento sin parpadeo, que duplica la vida \u00fatil de la bombilla.<\/li>\n<li>El manguito de cuarzo puro evita los choques t\u00e9rmicos y mantiene la l\u00e1mpara a la temperatura correcta para obtener la m\u00e1xima salida de UV-C independientemente de la temperatura del agua.<\/li>\n<li>El cuerpo de pl\u00e1stico reforzado resistente a los rayos UV evita la degradaci\u00f3n con el tiempo.<\/li>\n<li>Dise\u00f1o de un solo extremo y aislamiento a prueba de agua seg\u00fan CE IP67.<\/li>\n<li>Indicador LED de funci\u00f3n de l\u00e1mpara y lastre.<\/li>\n<li>Permite la inmersi\u00f3n parcial del cuerpo en un sumidero, reduciendo as\u00ed el espacio requerido para la instalaci\u00f3n.<\/li>\n<li>Junta Viton para un sellado resistente a los rayos UV a largo plazo.<\/li>\n<li>Se pueden conectar f\u00e1cilmente entre s\u00ed para formar bancos de unidades UV con tuber\u00edas est\u00e1ndar<\/li>\n<\/ul>\n<p><a href=\"https:\/\/www.aq-arium.com\/aqmarine\/wp-content\/uploads\/2018\/07\/uv-steriliser-diagram-e1530614402556.jpg\"><img loading=\"lazy\" decoding=\"async\" class=\"aligncenter wp-image-6067 \" src=\"https:\/\/www.aq-arium.com\/aqmarine\/wp-content\/uploads\/2018\/07\/uv-steriliser-diagram-e1530614402556.jpg\" alt=\"\" width=\"525\" height=\"192\" srcset=\"https:\/\/www.aq-arium.com\/aqmarine\/wp-content\/uploads\/2018\/07\/uv-steriliser-diagram-e1530614402556.jpg 332w, https:\/\/www.aq-arium.com\/aqmarine\/wp-content\/uploads\/2018\/07\/uv-steriliser-diagram-e1530614402556-300x109.jpg 300w\" sizes=\"auto, (max-width: 525px) 100vw, 525px\" \/><\/a><\/p>\n<p>Tambi\u00e9n disponemos de soluciones de esterlizidadores de UV de m\u00faltiples\u00a0l\u00e1mparas para\u00a0necesidades mayores:<\/p>\n<p><a href=\"https:\/\/www.aq-arium.com\/aqmarine\/wp-content\/uploads\/2018\/07\/deltec-t5-uv-sterilizers-2x80w-for-aquarium-up-to-7200l-228x228.jpg\"><img loading=\"lazy\" decoding=\"async\" class=\" wp-image-6069 alignleft\" src=\"https:\/\/www.aq-arium.com\/aqmarine\/wp-content\/uploads\/2018\/07\/deltec-t5-uv-sterilizers-2x80w-for-aquarium-up-to-7200l-228x228.jpg\" alt=\"deltec-t5-uv-sterilizers-2x80w-for-aquarium-up-to-7200l-228x228\" width=\"380\" height=\"380\" srcset=\"https:\/\/www.aq-arium.com\/aqmarine\/wp-content\/uploads\/2018\/07\/deltec-t5-uv-sterilizers-2x80w-for-aquarium-up-to-7200l-228x228.jpg 228w, https:\/\/www.aq-arium.com\/aqmarine\/wp-content\/uploads\/2018\/07\/deltec-t5-uv-sterilizers-2x80w-for-aquarium-up-to-7200l-228x228-100x100.jpg 100w, https:\/\/www.aq-arium.com\/aqmarine\/wp-content\/uploads\/2018\/07\/deltec-t5-uv-sterilizers-2x80w-for-aquarium-up-to-7200l-228x228-150x150.jpg 150w, https:\/\/www.aq-arium.com\/aqmarine\/wp-content\/uploads\/2018\/07\/deltec-t5-uv-sterilizers-2x80w-for-aquarium-up-to-7200l-228x228-50x50.jpg 50w\" sizes=\"auto, (max-width: 380px) 100vw, 380px\" \/><\/a><\/p>\n<h3><strong>Esterilizador 2 x 80w. Para acuarios hasta 7.200 L.<\/strong><\/h3>\n<h3><\/h3>\n<h3><\/h3>\n<h3><\/h3>\n<h3><\/h3>\n<h3><\/h3>\n<h3><a href=\"https:\/\/www.aq-arium.com\/aqmarine\/wp-content\/uploads\/2018\/07\/uv_deltec_4x.jpg\"><img loading=\"lazy\" decoding=\"async\" class=\" wp-image-6070 alignleft\" src=\"https:\/\/www.aq-arium.com\/aqmarine\/wp-content\/uploads\/2018\/07\/uv_deltec_4x.jpg\" alt=\"uv_deltec_4x\" width=\"337\" height=\"337\" srcset=\"https:\/\/www.aq-arium.com\/aqmarine\/wp-content\/uploads\/2018\/07\/uv_deltec_4x.jpg 279w, https:\/\/www.aq-arium.com\/aqmarine\/wp-content\/uploads\/2018\/07\/uv_deltec_4x-100x100.jpg 100w, https:\/\/www.aq-arium.com\/aqmarine\/wp-content\/uploads\/2018\/07\/uv_deltec_4x-150x150.jpg 150w, https:\/\/www.aq-arium.com\/aqmarine\/wp-content\/uploads\/2018\/07\/uv_deltec_4x-50x50.jpg 50w, https:\/\/www.aq-arium.com\/aqmarine\/wp-content\/uploads\/2018\/07\/uv_deltec_4x-240x240.jpg 240w\" sizes=\"auto, (max-width: 337px) 100vw, 337px\" \/><\/a><\/h3>\n<h3><\/h3>\n<h3><strong>Esterilizador 4 x 80w. Para acuarios hasta 14.400 L.<\/strong><\/h3>\n<h3><\/h3>\n<h3><\/h3>\n<h3><\/h3>\n<h3><\/h3>\n<h3><\/h3>\n<h3><\/h3>\n<h3><\/h3>\n<h3><\/h3>\n<h3>Y para cuando te hagan falta, puedes disponer de las l\u00e1mparas por separado para realizar cambios. L\u00e1mparas UV de 10 w, 20 w, 39, y 80 w.<\/h3>\n<p>&nbsp;<\/p>\n<p>&nbsp;<\/p>\n<p>&nbsp;<\/p>\n","protected":false},"excerpt":{"rendered":"<p>Esterilizadores UV El uso de radiaci\u00f3n ultravioleta tipo C (UV-C) es la forma m\u00e1s efectiva de esterilizar el agua. No hay qu\u00edmicos involucrados y no hay riesgo de peligrosas sobredosis. A dem\u00e1s, no tienes que esperar\u00a0largos periodos\u00a0de tiempo a que haga efecto ya que la esterilizaci\u00f3n es instant\u00e1nea! La energ\u00eda generada por el UV-C altamente [&hellip;]<\/p>\n","protected":false},"author":1,"featured_media":0,"parent":9115,"menu_order":0,"comment_status":"closed","ping_status":"closed","template":"","meta":{"_acf_changed":false,"footnotes":""},"class_list":["post-751","page","type-page","status-publish","hentry"],"acf":[],"yoast_head":"<!-- This site is optimized with the Yoast SEO plugin v23.9 - https:\/\/yoast.com\/wordpress\/plugins\/seo\/ -->\n<title>Deltec - UV Esterilizador - AQ, Aquarium Solutions<\/title>\n<meta name=\"description\" content=\"La radiaci\u00f3n ultravioleta tipo C (UV-C) es la forma m\u00e1s efectiva de esterilizar el agua. Sin qu\u00edmicos y sin riesgo de peligrosas sobredosis\" \/>\n<meta name=\"robots\" content=\"index, follow, max-snippet:-1, max-image-preview:large, max-video-preview:-1\" \/>\n<link rel=\"canonical\" href=\"https:\/\/www.aq-arium.com\/aqmarine\/acuario-marino\/deltec-esterilizador-uv\/\" \/>\n<meta property=\"og:locale\" content=\"es_ES\" \/>\n<meta property=\"og:type\" content=\"article\" \/>\n<meta property=\"og:title\" content=\"Deltec - UV Esterilizador - AQ, Aquarium Solutions\" \/>\n<meta property=\"og:description\" content=\"La radiaci\u00f3n ultravioleta tipo C (UV-C) es la forma m\u00e1s efectiva de esterilizar el agua. Sin qu\u00edmicos y sin riesgo de peligrosas sobredosis\" \/>\n<meta property=\"og:url\" content=\"https:\/\/www.aq-arium.com\/aqmarine\/acuario-marino\/deltec-esterilizador-uv\/\" \/>\n<meta property=\"og:site_name\" content=\"AQ, Aquarium Solutions\" \/>\n<meta property=\"article:publisher\" content=\"https:\/\/www.instagram.com\/aq.arium\/\" \/>\n<meta property=\"article:modified_time\" content=\"2021-09-02T09:08:41+00:00\" \/>\n<meta property=\"og:image\" content=\"https:\/\/www.aq-arium.com\/aqmarine\/wp-content\/uploads\/2014\/08\/Deltec.jpg\" \/>\n<meta name=\"twitter:card\" content=\"summary_large_image\" \/>\n<meta name=\"twitter:site\" content=\"@AArium56877\" \/>\n<meta name=\"twitter:label1\" content=\"Tiempo de lectura\" \/>\n\t<meta name=\"twitter:data1\" content=\"4 minutos\" \/>\n<script type=\"application\/ld+json\" class=\"yoast-schema-graph\">{\"@context\":\"https:\/\/schema.org\",\"@graph\":[{\"@type\":\"WebPage\",\"@id\":\"https:\/\/www.aq-arium.com\/aqmarine\/acuario-marino\/deltec-esterilizador-uv\/\",\"url\":\"https:\/\/www.aq-arium.com\/aqmarine\/acuario-marino\/deltec-esterilizador-uv\/\",\"name\":\"Deltec - UV Esterilizador - AQ, Aquarium Solutions\",\"isPartOf\":{\"@id\":\"https:\/\/www.aq-arium.com\/aqmarine\/#website\"},\"primaryImageOfPage\":{\"@id\":\"https:\/\/www.aq-arium.com\/aqmarine\/acuario-marino\/deltec-esterilizador-uv\/#primaryimage\"},\"image\":{\"@id\":\"https:\/\/www.aq-arium.com\/aqmarine\/acuario-marino\/deltec-esterilizador-uv\/#primaryimage\"},\"thumbnailUrl\":\"https:\/\/www.aq-arium.com\/aqmarine\/wp-content\/uploads\/2014\/08\/Deltec.jpg\",\"datePublished\":\"2014-08-07T09:55:05+00:00\",\"dateModified\":\"2021-09-02T09:08:41+00:00\",\"description\":\"La radiaci\u00f3n ultravioleta tipo C (UV-C) es la forma m\u00e1s efectiva de esterilizar el agua. Sin qu\u00edmicos y sin riesgo de peligrosas sobredosis\",\"breadcrumb\":{\"@id\":\"https:\/\/www.aq-arium.com\/aqmarine\/acuario-marino\/deltec-esterilizador-uv\/#breadcrumb\"},\"inLanguage\":\"es-ES\",\"potentialAction\":[{\"@type\":\"ReadAction\",\"target\":[\"https:\/\/www.aq-arium.com\/aqmarine\/acuario-marino\/deltec-esterilizador-uv\/\"]}]},{\"@type\":\"ImageObject\",\"inLanguage\":\"es-ES\",\"@id\":\"https:\/\/www.aq-arium.com\/aqmarine\/acuario-marino\/deltec-esterilizador-uv\/#primaryimage\",\"url\":\"https:\/\/www.aq-arium.com\/aqmarine\/wp-content\/uploads\/2014\/08\/Deltec.jpg\",\"contentUrl\":\"https:\/\/www.aq-arium.com\/aqmarine\/wp-content\/uploads\/2014\/08\/Deltec.jpg\",\"width\":728,\"height\":90,\"caption\":\"Deltec skimmer banner\"},{\"@type\":\"BreadcrumbList\",\"@id\":\"https:\/\/www.aq-arium.com\/aqmarine\/acuario-marino\/deltec-esterilizador-uv\/#breadcrumb\",\"itemListElement\":[{\"@type\":\"ListItem\",\"position\":1,\"name\":\"Portada\",\"item\":\"https:\/\/www.aq-arium.com\/aqmarine\/\"},{\"@type\":\"ListItem\",\"position\":2,\"name\":\"ACUARIO MARINO\",\"item\":\"https:\/\/www.aq-arium.com\/aqmarine\/acuario-marino\/\"},{\"@type\":\"ListItem\",\"position\":3,\"name\":\"Deltec &#8211; UV\"}]},{\"@type\":\"WebSite\",\"@id\":\"https:\/\/www.aq-arium.com\/aqmarine\/#website\",\"url\":\"https:\/\/www.aq-arium.com\/aqmarine\/\",\"name\":\"AQ, Aquarium Solutions\",\"description\":\"Productos para Acuario Marino y Dulce\",\"publisher\":{\"@id\":\"https:\/\/www.aq-arium.com\/aqmarine\/#organization\"},\"potentialAction\":[{\"@type\":\"SearchAction\",\"target\":{\"@type\":\"EntryPoint\",\"urlTemplate\":\"https:\/\/www.aq-arium.com\/aqmarine\/?s={search_term_string}\"},\"query-input\":{\"@type\":\"PropertyValueSpecification\",\"valueRequired\":true,\"valueName\":\"search_term_string\"}}],\"inLanguage\":\"es-ES\"},{\"@type\":\"Organization\",\"@id\":\"https:\/\/www.aq-arium.com\/aqmarine\/#organization\",\"name\":\"AQ-arium Solutions\",\"url\":\"https:\/\/www.aq-arium.com\/aqmarine\/\",\"logo\":{\"@type\":\"ImageObject\",\"inLanguage\":\"es-ES\",\"@id\":\"https:\/\/www.aq-arium.com\/aqmarine\/#\/schema\/logo\/image\/\",\"url\":\"https:\/\/www.aq-arium.com\/aqmarine\/wp-content\/uploads\/2021\/08\/AQ-arium-Solutions-logo-100x47px-1.png\",\"contentUrl\":\"https:\/\/www.aq-arium.com\/aqmarine\/wp-content\/uploads\/2021\/08\/AQ-arium-Solutions-logo-100x47px-1.png\",\"width\":100,\"height\":47,\"caption\":\"AQ-arium Solutions\"},\"image\":{\"@id\":\"https:\/\/www.aq-arium.com\/aqmarine\/#\/schema\/logo\/image\/\"},\"sameAs\":[\"https:\/\/www.instagram.com\/aq.arium\/\",\"https:\/\/x.com\/AArium56877\"]}]}<\/script>\n<!-- \/ Yoast SEO plugin. -->","yoast_head_json":{"title":"Deltec - UV Esterilizador - AQ, Aquarium Solutions","description":"La radiaci\u00f3n ultravioleta tipo C (UV-C) es la forma m\u00e1s efectiva de esterilizar el agua. Sin qu\u00edmicos y sin riesgo de peligrosas sobredosis","robots":{"index":"index","follow":"follow","max-snippet":"max-snippet:-1","max-image-preview":"max-image-preview:large","max-video-preview":"max-video-preview:-1"},"canonical":"https:\/\/www.aq-arium.com\/aqmarine\/acuario-marino\/deltec-esterilizador-uv\/","og_locale":"es_ES","og_type":"article","og_title":"Deltec - UV Esterilizador - AQ, Aquarium Solutions","og_description":"La radiaci\u00f3n ultravioleta tipo C (UV-C) es la forma m\u00e1s efectiva de esterilizar el agua. Sin qu\u00edmicos y sin riesgo de peligrosas sobredosis","og_url":"https:\/\/www.aq-arium.com\/aqmarine\/acuario-marino\/deltec-esterilizador-uv\/","og_site_name":"AQ, Aquarium Solutions","article_publisher":"https:\/\/www.instagram.com\/aq.arium\/","article_modified_time":"2021-09-02T09:08:41+00:00","og_image":[{"url":"https:\/\/www.aq-arium.com\/aqmarine\/wp-content\/uploads\/2014\/08\/Deltec.jpg"}],"twitter_card":"summary_large_image","twitter_site":"@AArium56877","twitter_misc":{"Tiempo de lectura":"4 minutos"},"schema":{"@context":"https:\/\/schema.org","@graph":[{"@type":"WebPage","@id":"https:\/\/www.aq-arium.com\/aqmarine\/acuario-marino\/deltec-esterilizador-uv\/","url":"https:\/\/www.aq-arium.com\/aqmarine\/acuario-marino\/deltec-esterilizador-uv\/","name":"Deltec - UV Esterilizador - AQ, Aquarium Solutions","isPartOf":{"@id":"https:\/\/www.aq-arium.com\/aqmarine\/#website"},"primaryImageOfPage":{"@id":"https:\/\/www.aq-arium.com\/aqmarine\/acuario-marino\/deltec-esterilizador-uv\/#primaryimage"},"image":{"@id":"https:\/\/www.aq-arium.com\/aqmarine\/acuario-marino\/deltec-esterilizador-uv\/#primaryimage"},"thumbnailUrl":"https:\/\/www.aq-arium.com\/aqmarine\/wp-content\/uploads\/2014\/08\/Deltec.jpg","datePublished":"2014-08-07T09:55:05+00:00","dateModified":"2021-09-02T09:08:41+00:00","description":"La radiaci\u00f3n ultravioleta tipo C (UV-C) es la forma m\u00e1s efectiva de esterilizar el agua. Sin qu\u00edmicos y sin riesgo de peligrosas sobredosis","breadcrumb":{"@id":"https:\/\/www.aq-arium.com\/aqmarine\/acuario-marino\/deltec-esterilizador-uv\/#breadcrumb"},"inLanguage":"es-ES","potentialAction":[{"@type":"ReadAction","target":["https:\/\/www.aq-arium.com\/aqmarine\/acuario-marino\/deltec-esterilizador-uv\/"]}]},{"@type":"ImageObject","inLanguage":"es-ES","@id":"https:\/\/www.aq-arium.com\/aqmarine\/acuario-marino\/deltec-esterilizador-uv\/#primaryimage","url":"https:\/\/www.aq-arium.com\/aqmarine\/wp-content\/uploads\/2014\/08\/Deltec.jpg","contentUrl":"https:\/\/www.aq-arium.com\/aqmarine\/wp-content\/uploads\/2014\/08\/Deltec.jpg","width":728,"height":90,"caption":"Deltec skimmer banner"},{"@type":"BreadcrumbList","@id":"https:\/\/www.aq-arium.com\/aqmarine\/acuario-marino\/deltec-esterilizador-uv\/#breadcrumb","itemListElement":[{"@type":"ListItem","position":1,"name":"Portada","item":"https:\/\/www.aq-arium.com\/aqmarine\/"},{"@type":"ListItem","position":2,"name":"ACUARIO MARINO","item":"https:\/\/www.aq-arium.com\/aqmarine\/acuario-marino\/"},{"@type":"ListItem","position":3,"name":"Deltec &#8211; UV"}]},{"@type":"WebSite","@id":"https:\/\/www.aq-arium.com\/aqmarine\/#website","url":"https:\/\/www.aq-arium.com\/aqmarine\/","name":"AQ, Aquarium Solutions","description":"Productos para Acuario Marino y Dulce","publisher":{"@id":"https:\/\/www.aq-arium.com\/aqmarine\/#organization"},"potentialAction":[{"@type":"SearchAction","target":{"@type":"EntryPoint","urlTemplate":"https:\/\/www.aq-arium.com\/aqmarine\/?s={search_term_string}"},"query-input":{"@type":"PropertyValueSpecification","valueRequired":true,"valueName":"search_term_string"}}],"inLanguage":"es-ES"},{"@type":"Organization","@id":"https:\/\/www.aq-arium.com\/aqmarine\/#organization","name":"AQ-arium Solutions","url":"https:\/\/www.aq-arium.com\/aqmarine\/","logo":{"@type":"ImageObject","inLanguage":"es-ES","@id":"https:\/\/www.aq-arium.com\/aqmarine\/#\/schema\/logo\/image\/","url":"https:\/\/www.aq-arium.com\/aqmarine\/wp-content\/uploads\/2021\/08\/AQ-arium-Solutions-logo-100x47px-1.png","contentUrl":"https:\/\/www.aq-arium.com\/aqmarine\/wp-content\/uploads\/2021\/08\/AQ-arium-Solutions-logo-100x47px-1.png","width":100,"height":47,"caption":"AQ-arium Solutions"},"image":{"@id":"https:\/\/www.aq-arium.com\/aqmarine\/#\/schema\/logo\/image\/"},"sameAs":["https:\/\/www.instagram.com\/aq.arium\/","https:\/\/x.com\/AArium56877"]}]}},"jetpack_sharing_enabled":true,"_links":{"self":[{"href":"https:\/\/www.aq-arium.com\/aqmarine\/wp-json\/wp\/v2\/pages\/751","targetHints":{"allow":["GET"]}}],"collection":[{"href":"https:\/\/www.aq-arium.com\/aqmarine\/wp-json\/wp\/v2\/pages"}],"about":[{"href":"https:\/\/www.aq-arium.com\/aqmarine\/wp-json\/wp\/v2\/types\/page"}],"author":[{"embeddable":true,"href":"https:\/\/www.aq-arium.com\/aqmarine\/wp-json\/wp\/v2\/users\/1"}],"replies":[{"embeddable":true,"href":"https:\/\/www.aq-arium.com\/aqmarine\/wp-json\/wp\/v2\/comments?post=751"}],"version-history":[{"count":0,"href":"https:\/\/www.aq-arium.com\/aqmarine\/wp-json\/wp\/v2\/pages\/751\/revisions"}],"up":[{"embeddable":true,"href":"https:\/\/www.aq-arium.com\/aqmarine\/wp-json\/wp\/v2\/pages\/9115"}],"wp:attachment":[{"href":"https:\/\/www.aq-arium.com\/aqmarine\/wp-json\/wp\/v2\/media?parent=751"}],"curies":[{"name":"wp","href":"https:\/\/api.w.org\/{rel}","templated":true}]}}