{"id":725,"date":"2014-08-06T09:29:09","date_gmt":"2014-08-06T09:29:09","guid":{"rendered":"http:\/\/arrecifevivo.com\/aqmarine\/?page_id=725"},"modified":"2023-04-27T09:48:00","modified_gmt":"2023-04-27T08:48:00","slug":"deltec-reactores-de-kalkwasser","status":"publish","type":"page","link":"https:\/\/www.aq-arium.com\/aqmarine\/acuario-marino\/deltec-reactores-de-kalkwasser\/","title":{"rendered":"Deltec &#8211; Reactores de Kalkwasser"},"content":{"rendered":"<p><a href=\"https:\/\/www.aq-arium.com\/aqmarine\/deltec\/\">Volver a la p\u00e1gina principal de Deltec<\/a><\/p>\n<p><img loading=\"lazy\" decoding=\"async\" class=\"alignnone size-full wp-image-643\" src=\"https:\/\/www.aq-arium.com\/aqmarine\/wp-content\/uploads\/2014\/08\/Deltec.jpg\" alt=\"Deltec\" width=\"728\" height=\"90\" srcset=\"https:\/\/www.aq-arium.com\/aqmarine\/wp-content\/uploads\/2014\/08\/Deltec.jpg 728w, https:\/\/www.aq-arium.com\/aqmarine\/wp-content\/uploads\/2014\/08\/Deltec-600x74.jpg 600w, https:\/\/www.aq-arium.com\/aqmarine\/wp-content\/uploads\/2014\/08\/Deltec-300x37.jpg 300w\" sizes=\"auto, (max-width: 728px) 100vw, 728px\" \/><\/p>\n<p>La linea de Reactores de Kalkwasser de Deltec proporciona a los acuarios de agua salada un suministro constante de agua clara de cal (una soluci\u00f3n saturada de hidr\u00f3xido de calcio) y lo ideal ser\u00eda complementar el sistema con la serie PF (Reactor de Calcio).<\/p>\n<p>El agua de cal compensa el exceso de bicarbonato producido por el reactor de calio mediante el suministro de calcio adicional. Los \u00e1cidos producidos de forma continua en un acuario son neutralizados y la dureza de carbonatos se estabiliza. Adem\u00e1s, los fosfatos se precipitan por la formaci\u00f3n de compuestos insolubles.<\/p>\n<p>Debido a la adici\u00f3n uniforme y suave de agua de cal, un aumento repentino en el valor de pH se evita eficazmente. El mecanismo de agitaci\u00f3n asegura la saturaci\u00f3n constante del agua de cal y el bajo n\u00famero de revoluciones evita la entrada directa de hidr\u00f3xido de calcio en el agua del acuario.<\/p>\n<p><span style=\"text-decoration: underline;\"><strong><a title=\"Deltec \u2013 Medios\" href=\"https:\/\/www.aq-arium.com\/aqmarine\/deltec-2\/deltec-medios\/\">Medios Recomendados<\/a><\/strong><\/span><\/p>\n<div class=\"ctsc-column ctsc-col4\">\n<p><img loading=\"lazy\" decoding=\"async\" class=\"alignnone wp-image-727 size-thumbnail\" src=\"https:\/\/www.aq-arium.com\/aqmarine\/wp-content\/uploads\/2014\/08\/KM500_web-100x150.jpg\" alt=\"KM500_web\" width=\"100\" height=\"150\" \/><br \/>\nKM 500<\/p>\n<\/div><div class=\"ctsc-column ctsc-col4\">\n<p><img loading=\"lazy\" decoding=\"async\" class=\"alignnone size-thumbnail wp-image-728\" src=\"https:\/\/www.aq-arium.com\/aqmarine\/wp-content\/uploads\/2014\/08\/KM500S_web-116x150.jpg\" alt=\"KM500S_web\" width=\"116\" height=\"150\" \/><br \/>\nKM 500S<\/p>\n<\/div><div class=\"ctsc-column ctsc-col4\">\n<p><img loading=\"lazy\" decoding=\"async\" class=\"alignnone size-thumbnail wp-image-729\" src=\"https:\/\/www.aq-arium.com\/aqmarine\/wp-content\/uploads\/2014\/08\/KM800_web-115x150.jpg\" alt=\"KM800_web\" width=\"115\" height=\"150\" \/><br \/>\nKM 800<\/p>\n<\/div><div class=\"ctsc-column ctsc-col4 ctsc-col-last\">\n<\/div><div class=\"col-divide\"><\/div>\n<div class=\"ctsc-accordion ctsc-accordion-\"><h4 class=\"ctsc-accordion-title\">Especificaciones<\/h4><div class=\"ctsc-accordion-content\" style=\"display:none;\">\n<p><strong>KM 500<\/strong><br \/>\nMedidas: 150mmx150mmx480mm<br \/>\nMedio: 150 g<br \/>\nCapacidad: 5 litre\/h<br \/>\nConsumo: 3 Watt<br \/>\nConnection voltage : 230V\/7,5V or 115V\/7,5V<br \/>\ntubo: 110 mm<br \/>\nIncluye 500g &#8220;Kalkwasser&#8221; Powder<\/p>\n<p><strong>KM 500S<\/strong><br \/>\nMedidas: 220mmx220mmx480mm<br \/>\nMedio: 150 g<br \/>\nCapacidad: 10 litre\/h<br \/>\nConsumo: 3 Watt<br \/>\nConexi\u00f3n: 230V\/7,5V or 115V\/7,5V<br \/>\ntubo: 200 mm<br \/>\nIncluye 500g &#8220;Kalkwasser&#8221; Powder<\/p>\n<p><strong>KM 800<\/strong><br \/>\nMedidas:\u00a0400mmx400mmx800mm<br \/>\nMedio:\u00a02Kg<br \/>\nCapacidad: 30 litre\/h<br \/>\nConsumo: 3 Watt<br \/>\nConexi\u00f3n: 230V\/7,5V or 115V\/7,5V<br \/>\ntubo: 300 mm<br \/>\nIncluye 2Kg &#8220;Kalkwasser&#8221; Powder<\/p>\n<\/div><\/div>\n","protected":false},"excerpt":{"rendered":"<p>Volver a la p\u00e1gina principal de Deltec La linea de Reactores de Kalkwasser de Deltec proporciona a los acuarios de agua salada un suministro constante de agua clara de cal (una soluci\u00f3n saturada de hidr\u00f3xido de calcio) y lo ideal ser\u00eda complementar el sistema con la serie PF (Reactor de Calcio). El agua de cal [&hellip;]<\/p>\n","protected":false},"author":1,"featured_media":726,"parent":9115,"menu_order":0,"comment_status":"closed","ping_status":"closed","template":"","meta":{"_acf_changed":false,"footnotes":""},"class_list":["post-725","page","type-page","status-publish","has-post-thumbnail","hentry"],"acf":[],"yoast_head":"<!-- This site is optimized with the Yoast SEO plugin v23.9 - https:\/\/yoast.com\/wordpress\/plugins\/seo\/ -->\n<title>Deltec - Reactores de Kalkwasser - AQ, Aquarium Solutions<\/title>\n<meta name=\"robots\" content=\"index, follow, max-snippet:-1, max-image-preview:large, max-video-preview:-1\" \/>\n<link rel=\"canonical\" href=\"https:\/\/www.aq-arium.com\/aqmarine\/acuario-marino\/deltec-reactores-de-kalkwasser\/\" \/>\n<meta property=\"og:locale\" content=\"es_ES\" \/>\n<meta property=\"og:type\" content=\"article\" \/>\n<meta property=\"og:title\" content=\"Deltec - Reactores de Kalkwasser - AQ, Aquarium Solutions\" \/>\n<meta property=\"og:description\" content=\"Volver a la p\u00e1gina principal de Deltec La linea de Reactores de Kalkwasser de Deltec proporciona a los acuarios de agua salada un suministro constante de agua clara de cal (una soluci\u00f3n saturada de hidr\u00f3xido de calcio) y lo ideal ser\u00eda complementar el sistema con la serie PF (Reactor de Calcio). El agua de cal [&hellip;]\" \/>\n<meta property=\"og:url\" content=\"https:\/\/www.aq-arium.com\/aqmarine\/acuario-marino\/deltec-reactores-de-kalkwasser\/\" \/>\n<meta property=\"og:site_name\" content=\"AQ, Aquarium Solutions\" \/>\n<meta property=\"article:publisher\" content=\"https:\/\/www.instagram.com\/aq.arium\/\" \/>\n<meta property=\"article:modified_time\" content=\"2023-04-27T08:48:00+00:00\" \/>\n<meta property=\"og:image\" content=\"https:\/\/www.aq-arium.com\/aqmarine\/wp-content\/uploads\/2014\/08\/KM_500_500s_800_11.jpg\" \/>\n\t<meta property=\"og:image:width\" content=\"180\" \/>\n\t<meta property=\"og:image:height\" content=\"150\" \/>\n\t<meta property=\"og:image:type\" content=\"image\/jpeg\" \/>\n<meta name=\"twitter:card\" content=\"summary_large_image\" \/>\n<meta name=\"twitter:site\" content=\"@AArium56877\" \/>\n<meta name=\"twitter:label1\" content=\"Tiempo de lectura\" \/>\n\t<meta name=\"twitter:data1\" content=\"2 minutos\" \/>\n<script type=\"application\/ld+json\" class=\"yoast-schema-graph\">{\"@context\":\"https:\/\/schema.org\",\"@graph\":[{\"@type\":\"WebPage\",\"@id\":\"https:\/\/www.aq-arium.com\/aqmarine\/acuario-marino\/deltec-reactores-de-kalkwasser\/\",\"url\":\"https:\/\/www.aq-arium.com\/aqmarine\/acuario-marino\/deltec-reactores-de-kalkwasser\/\",\"name\":\"Deltec - Reactores de Kalkwasser - AQ, Aquarium Solutions\",\"isPartOf\":{\"@id\":\"https:\/\/www.aq-arium.com\/aqmarine\/#website\"},\"primaryImageOfPage\":{\"@id\":\"https:\/\/www.aq-arium.com\/aqmarine\/acuario-marino\/deltec-reactores-de-kalkwasser\/#primaryimage\"},\"image\":{\"@id\":\"https:\/\/www.aq-arium.com\/aqmarine\/acuario-marino\/deltec-reactores-de-kalkwasser\/#primaryimage\"},\"thumbnailUrl\":\"https:\/\/www.aq-arium.com\/aqmarine\/wp-content\/uploads\/2014\/08\/KM_500_500s_800_11.jpg\",\"datePublished\":\"2014-08-06T09:29:09+00:00\",\"dateModified\":\"2023-04-27T08:48:00+00:00\",\"breadcrumb\":{\"@id\":\"https:\/\/www.aq-arium.com\/aqmarine\/acuario-marino\/deltec-reactores-de-kalkwasser\/#breadcrumb\"},\"inLanguage\":\"es-ES\",\"potentialAction\":[{\"@type\":\"ReadAction\",\"target\":[\"https:\/\/www.aq-arium.com\/aqmarine\/acuario-marino\/deltec-reactores-de-kalkwasser\/\"]}]},{\"@type\":\"ImageObject\",\"inLanguage\":\"es-ES\",\"@id\":\"https:\/\/www.aq-arium.com\/aqmarine\/acuario-marino\/deltec-reactores-de-kalkwasser\/#primaryimage\",\"url\":\"https:\/\/www.aq-arium.com\/aqmarine\/wp-content\/uploads\/2014\/08\/KM_500_500s_800_11.jpg\",\"contentUrl\":\"https:\/\/www.aq-arium.com\/aqmarine\/wp-content\/uploads\/2014\/08\/KM_500_500s_800_11.jpg\",\"width\":180,\"height\":150},{\"@type\":\"BreadcrumbList\",\"@id\":\"https:\/\/www.aq-arium.com\/aqmarine\/acuario-marino\/deltec-reactores-de-kalkwasser\/#breadcrumb\",\"itemListElement\":[{\"@type\":\"ListItem\",\"position\":1,\"name\":\"Portada\",\"item\":\"https:\/\/www.aq-arium.com\/aqmarine\/\"},{\"@type\":\"ListItem\",\"position\":2,\"name\":\"ACUARIO MARINO\",\"item\":\"https:\/\/www.aq-arium.com\/aqmarine\/acuario-marino\/\"},{\"@type\":\"ListItem\",\"position\":3,\"name\":\"Deltec &#8211; Reactores de Kalkwasser\"}]},{\"@type\":\"WebSite\",\"@id\":\"https:\/\/www.aq-arium.com\/aqmarine\/#website\",\"url\":\"https:\/\/www.aq-arium.com\/aqmarine\/\",\"name\":\"AQ, Aquarium Solutions\",\"description\":\"Productos para Acuario Marino y Dulce\",\"publisher\":{\"@id\":\"https:\/\/www.aq-arium.com\/aqmarine\/#organization\"},\"potentialAction\":[{\"@type\":\"SearchAction\",\"target\":{\"@type\":\"EntryPoint\",\"urlTemplate\":\"https:\/\/www.aq-arium.com\/aqmarine\/?s={search_term_string}\"},\"query-input\":{\"@type\":\"PropertyValueSpecification\",\"valueRequired\":true,\"valueName\":\"search_term_string\"}}],\"inLanguage\":\"es-ES\"},{\"@type\":\"Organization\",\"@id\":\"https:\/\/www.aq-arium.com\/aqmarine\/#organization\",\"name\":\"AQ-arium Solutions\",\"url\":\"https:\/\/www.aq-arium.com\/aqmarine\/\",\"logo\":{\"@type\":\"ImageObject\",\"inLanguage\":\"es-ES\",\"@id\":\"https:\/\/www.aq-arium.com\/aqmarine\/#\/schema\/logo\/image\/\",\"url\":\"https:\/\/www.aq-arium.com\/aqmarine\/wp-content\/uploads\/2021\/08\/AQ-arium-Solutions-logo-100x47px-1.png\",\"contentUrl\":\"https:\/\/www.aq-arium.com\/aqmarine\/wp-content\/uploads\/2021\/08\/AQ-arium-Solutions-logo-100x47px-1.png\",\"width\":100,\"height\":47,\"caption\":\"AQ-arium Solutions\"},\"image\":{\"@id\":\"https:\/\/www.aq-arium.com\/aqmarine\/#\/schema\/logo\/image\/\"},\"sameAs\":[\"https:\/\/www.instagram.com\/aq.arium\/\",\"https:\/\/x.com\/AArium56877\"]}]}<\/script>\n<!-- \/ Yoast SEO plugin. -->","yoast_head_json":{"title":"Deltec - Reactores de Kalkwasser - AQ, Aquarium Solutions","robots":{"index":"index","follow":"follow","max-snippet":"max-snippet:-1","max-image-preview":"max-image-preview:large","max-video-preview":"max-video-preview:-1"},"canonical":"https:\/\/www.aq-arium.com\/aqmarine\/acuario-marino\/deltec-reactores-de-kalkwasser\/","og_locale":"es_ES","og_type":"article","og_title":"Deltec - Reactores de Kalkwasser - AQ, Aquarium Solutions","og_description":"Volver a la p\u00e1gina principal de Deltec La linea de Reactores de Kalkwasser de Deltec proporciona a los acuarios de agua salada un suministro constante de agua clara de cal (una soluci\u00f3n saturada de hidr\u00f3xido de calcio) y lo ideal ser\u00eda complementar el sistema con la serie PF (Reactor de Calcio). El agua de cal [&hellip;]","og_url":"https:\/\/www.aq-arium.com\/aqmarine\/acuario-marino\/deltec-reactores-de-kalkwasser\/","og_site_name":"AQ, Aquarium Solutions","article_publisher":"https:\/\/www.instagram.com\/aq.arium\/","article_modified_time":"2023-04-27T08:48:00+00:00","og_image":[{"width":180,"height":150,"url":"https:\/\/www.aq-arium.com\/aqmarine\/wp-content\/uploads\/2014\/08\/KM_500_500s_800_11.jpg","type":"image\/jpeg"}],"twitter_card":"summary_large_image","twitter_site":"@AArium56877","twitter_misc":{"Tiempo de lectura":"2 minutos"},"schema":{"@context":"https:\/\/schema.org","@graph":[{"@type":"WebPage","@id":"https:\/\/www.aq-arium.com\/aqmarine\/acuario-marino\/deltec-reactores-de-kalkwasser\/","url":"https:\/\/www.aq-arium.com\/aqmarine\/acuario-marino\/deltec-reactores-de-kalkwasser\/","name":"Deltec - Reactores de Kalkwasser - AQ, Aquarium Solutions","isPartOf":{"@id":"https:\/\/www.aq-arium.com\/aqmarine\/#website"},"primaryImageOfPage":{"@id":"https:\/\/www.aq-arium.com\/aqmarine\/acuario-marino\/deltec-reactores-de-kalkwasser\/#primaryimage"},"image":{"@id":"https:\/\/www.aq-arium.com\/aqmarine\/acuario-marino\/deltec-reactores-de-kalkwasser\/#primaryimage"},"thumbnailUrl":"https:\/\/www.aq-arium.com\/aqmarine\/wp-content\/uploads\/2014\/08\/KM_500_500s_800_11.jpg","datePublished":"2014-08-06T09:29:09+00:00","dateModified":"2023-04-27T08:48:00+00:00","breadcrumb":{"@id":"https:\/\/www.aq-arium.com\/aqmarine\/acuario-marino\/deltec-reactores-de-kalkwasser\/#breadcrumb"},"inLanguage":"es-ES","potentialAction":[{"@type":"ReadAction","target":["https:\/\/www.aq-arium.com\/aqmarine\/acuario-marino\/deltec-reactores-de-kalkwasser\/"]}]},{"@type":"ImageObject","inLanguage":"es-ES","@id":"https:\/\/www.aq-arium.com\/aqmarine\/acuario-marino\/deltec-reactores-de-kalkwasser\/#primaryimage","url":"https:\/\/www.aq-arium.com\/aqmarine\/wp-content\/uploads\/2014\/08\/KM_500_500s_800_11.jpg","contentUrl":"https:\/\/www.aq-arium.com\/aqmarine\/wp-content\/uploads\/2014\/08\/KM_500_500s_800_11.jpg","width":180,"height":150},{"@type":"BreadcrumbList","@id":"https:\/\/www.aq-arium.com\/aqmarine\/acuario-marino\/deltec-reactores-de-kalkwasser\/#breadcrumb","itemListElement":[{"@type":"ListItem","position":1,"name":"Portada","item":"https:\/\/www.aq-arium.com\/aqmarine\/"},{"@type":"ListItem","position":2,"name":"ACUARIO MARINO","item":"https:\/\/www.aq-arium.com\/aqmarine\/acuario-marino\/"},{"@type":"ListItem","position":3,"name":"Deltec &#8211; Reactores de Kalkwasser"}]},{"@type":"WebSite","@id":"https:\/\/www.aq-arium.com\/aqmarine\/#website","url":"https:\/\/www.aq-arium.com\/aqmarine\/","name":"AQ, Aquarium Solutions","description":"Productos para Acuario Marino y Dulce","publisher":{"@id":"https:\/\/www.aq-arium.com\/aqmarine\/#organization"},"potentialAction":[{"@type":"SearchAction","target":{"@type":"EntryPoint","urlTemplate":"https:\/\/www.aq-arium.com\/aqmarine\/?s={search_term_string}"},"query-input":{"@type":"PropertyValueSpecification","valueRequired":true,"valueName":"search_term_string"}}],"inLanguage":"es-ES"},{"@type":"Organization","@id":"https:\/\/www.aq-arium.com\/aqmarine\/#organization","name":"AQ-arium Solutions","url":"https:\/\/www.aq-arium.com\/aqmarine\/","logo":{"@type":"ImageObject","inLanguage":"es-ES","@id":"https:\/\/www.aq-arium.com\/aqmarine\/#\/schema\/logo\/image\/","url":"https:\/\/www.aq-arium.com\/aqmarine\/wp-content\/uploads\/2021\/08\/AQ-arium-Solutions-logo-100x47px-1.png","contentUrl":"https:\/\/www.aq-arium.com\/aqmarine\/wp-content\/uploads\/2021\/08\/AQ-arium-Solutions-logo-100x47px-1.png","width":100,"height":47,"caption":"AQ-arium Solutions"},"image":{"@id":"https:\/\/www.aq-arium.com\/aqmarine\/#\/schema\/logo\/image\/"},"sameAs":["https:\/\/www.instagram.com\/aq.arium\/","https:\/\/x.com\/AArium56877"]}]}},"jetpack_sharing_enabled":true,"_links":{"self":[{"href":"https:\/\/www.aq-arium.com\/aqmarine\/wp-json\/wp\/v2\/pages\/725","targetHints":{"allow":["GET"]}}],"collection":[{"href":"https:\/\/www.aq-arium.com\/aqmarine\/wp-json\/wp\/v2\/pages"}],"about":[{"href":"https:\/\/www.aq-arium.com\/aqmarine\/wp-json\/wp\/v2\/types\/page"}],"author":[{"embeddable":true,"href":"https:\/\/www.aq-arium.com\/aqmarine\/wp-json\/wp\/v2\/users\/1"}],"replies":[{"embeddable":true,"href":"https:\/\/www.aq-arium.com\/aqmarine\/wp-json\/wp\/v2\/comments?post=725"}],"version-history":[{"count":0,"href":"https:\/\/www.aq-arium.com\/aqmarine\/wp-json\/wp\/v2\/pages\/725\/revisions"}],"up":[{"embeddable":true,"href":"https:\/\/www.aq-arium.com\/aqmarine\/wp-json\/wp\/v2\/pages\/9115"}],"wp:featuredmedia":[{"embeddable":true,"href":"https:\/\/www.aq-arium.com\/aqmarine\/wp-json\/wp\/v2\/media\/726"}],"wp:attachment":[{"href":"https:\/\/www.aq-arium.com\/aqmarine\/wp-json\/wp\/v2\/media?parent=725"}],"curies":[{"name":"wp","href":"https:\/\/api.w.org\/{rel}","templated":true}]}}