{"id":710,"date":"2014-08-06T07:36:14","date_gmt":"2014-08-06T07:36:14","guid":{"rendered":"http:\/\/arrecifevivo.com\/aqmarine\/?page_id=710"},"modified":"2023-04-27T09:47:59","modified_gmt":"2023-04-27T08:47:59","slug":"deltec-reactores-de-fluidos","status":"publish","type":"page","link":"https:\/\/www.aq-arium.com\/aqmarine\/acuario-marino\/deltec-reactores-de-fluidos\/","title":{"rendered":"Deltec &#8211; Reactores de Fluidos"},"content":{"rendered":"<p><a href=\"https:\/\/www.aq-arium.com\/aqmarine\/deltec\/\">Volver a la p\u00e1gina principal de Deltec<\/a><\/p>\n<p><img loading=\"lazy\" decoding=\"async\" class=\"alignnone size-full wp-image-643\" src=\"https:\/\/www.aq-arium.com\/aqmarine\/wp-content\/uploads\/2014\/08\/Deltec.jpg\" alt=\"Deltec\" width=\"728\" height=\"90\" srcset=\"https:\/\/www.aq-arium.com\/aqmarine\/wp-content\/uploads\/2014\/08\/Deltec.jpg 728w, https:\/\/www.aq-arium.com\/aqmarine\/wp-content\/uploads\/2014\/08\/Deltec-600x74.jpg 600w, https:\/\/www.aq-arium.com\/aqmarine\/wp-content\/uploads\/2014\/08\/Deltec-300x37.jpg 300w\" sizes=\"auto, (max-width: 728px) 100vw, 728px\" \/><\/p>\n<p>Los Reactores de lecho fluido de Deltec puede funcionar con una gran variedad de medios, por ejemplo Aqua Crown Phosphate adsorver, Special Carbon, etc. Todos los medios de grano fino, obtendr\u00e1n un efecto optimo utilizando estos reactores que desarrollan una gran efectividad gracias a que todo el medio est\u00e1 en continua exposici\u00f3n con el agua.<\/p>\n<p>Utilizando el substrato adecuado, los Reactores de lecho fluido de Deltec pueden utilizarse como filtro biol\u00f3gico en el acuario.<\/p>\n<p><strong><a title=\"Deltec \u2013 Medios\" href=\"https:\/\/www.aq-arium.com\/aqmarine\/deltec-2\/deltec-medios\/\">Medios Recomendados<\/a><\/strong><\/p>\n<div class=\"ctsc-column ctsc-col4\">\n<p><img loading=\"lazy\" decoding=\"async\" class=\"alignnone size-thumbnail wp-image-711\" src=\"https:\/\/www.aq-arium.com\/aqmarine\/wp-content\/uploads\/2014\/08\/originalFR_509_1_w-150x150.jpg\" alt=\"originalFR_509_1_w\" width=\"150\" height=\"150\" srcset=\"https:\/\/www.aq-arium.com\/aqmarine\/wp-content\/uploads\/2014\/08\/originalFR_509_1_w-150x150.jpg 150w, https:\/\/www.aq-arium.com\/aqmarine\/wp-content\/uploads\/2014\/08\/originalFR_509_1_w-300x300.jpg 300w, https:\/\/www.aq-arium.com\/aqmarine\/wp-content\/uploads\/2014\/08\/originalFR_509_1_w-100x100.jpg 100w, https:\/\/www.aq-arium.com\/aqmarine\/wp-content\/uploads\/2014\/08\/originalFR_509_1_w-50x50.jpg 50w, https:\/\/www.aq-arium.com\/aqmarine\/wp-content\/uploads\/2014\/08\/originalFR_509_1_w-480x480.jpg 480w, https:\/\/www.aq-arium.com\/aqmarine\/wp-content\/uploads\/2014\/08\/originalFR_509_1_w-320x320.jpg 320w, https:\/\/www.aq-arium.com\/aqmarine\/wp-content\/uploads\/2014\/08\/originalFR_509_1_w-240x240.jpg 240w\" sizes=\"auto, (max-width: 150px) 100vw, 150px\" \/><br \/>\nFR 509<\/p>\n<\/div><div class=\"ctsc-column ctsc-col4\">\n<p><img loading=\"lazy\" decoding=\"async\" class=\"alignnone size-thumbnail wp-image-712\" src=\"https:\/\/www.aq-arium.com\/aqmarine\/wp-content\/uploads\/2014\/08\/originalFR_512_1_w-150x150.jpg\" alt=\"originalFR_512_1_w\" width=\"150\" height=\"150\" srcset=\"https:\/\/www.aq-arium.com\/aqmarine\/wp-content\/uploads\/2014\/08\/originalFR_512_1_w-150x150.jpg 150w, https:\/\/www.aq-arium.com\/aqmarine\/wp-content\/uploads\/2014\/08\/originalFR_512_1_w-300x300.jpg 300w, https:\/\/www.aq-arium.com\/aqmarine\/wp-content\/uploads\/2014\/08\/originalFR_512_1_w-100x100.jpg 100w, https:\/\/www.aq-arium.com\/aqmarine\/wp-content\/uploads\/2014\/08\/originalFR_512_1_w-50x50.jpg 50w, https:\/\/www.aq-arium.com\/aqmarine\/wp-content\/uploads\/2014\/08\/originalFR_512_1_w-480x480.jpg 480w, https:\/\/www.aq-arium.com\/aqmarine\/wp-content\/uploads\/2014\/08\/originalFR_512_1_w-320x320.jpg 320w, https:\/\/www.aq-arium.com\/aqmarine\/wp-content\/uploads\/2014\/08\/originalFR_512_1_w-240x240.jpg 240w\" sizes=\"auto, (max-width: 150px) 100vw, 150px\" \/><br \/>\nFR 512<\/p>\n<\/div><div class=\"ctsc-column ctsc-col4\">\n<p><img loading=\"lazy\" decoding=\"async\" class=\"alignnone size-thumbnail wp-image-713\" src=\"https:\/\/www.aq-arium.com\/aqmarine\/wp-content\/uploads\/2014\/08\/originalFR_616_1_w-150x150.jpg\" alt=\"originalFR_616_1_w\" width=\"150\" height=\"150\" srcset=\"https:\/\/www.aq-arium.com\/aqmarine\/wp-content\/uploads\/2014\/08\/originalFR_616_1_w-150x150.jpg 150w, https:\/\/www.aq-arium.com\/aqmarine\/wp-content\/uploads\/2014\/08\/originalFR_616_1_w-300x300.jpg 300w, https:\/\/www.aq-arium.com\/aqmarine\/wp-content\/uploads\/2014\/08\/originalFR_616_1_w-100x100.jpg 100w, https:\/\/www.aq-arium.com\/aqmarine\/wp-content\/uploads\/2014\/08\/originalFR_616_1_w-50x50.jpg 50w, https:\/\/www.aq-arium.com\/aqmarine\/wp-content\/uploads\/2014\/08\/originalFR_616_1_w-480x480.jpg 480w, https:\/\/www.aq-arium.com\/aqmarine\/wp-content\/uploads\/2014\/08\/originalFR_616_1_w-320x320.jpg 320w, https:\/\/www.aq-arium.com\/aqmarine\/wp-content\/uploads\/2014\/08\/originalFR_616_1_w-240x240.jpg 240w\" sizes=\"auto, (max-width: 150px) 100vw, 150px\" \/><br \/>\nFR 616<\/p>\n<\/div><div class=\"ctsc-column ctsc-col4 ctsc-col-last\">\n<p><img loading=\"lazy\" decoding=\"async\" class=\"alignnone size-thumbnail wp-image-714\" src=\"https:\/\/www.aq-arium.com\/aqmarine\/wp-content\/uploads\/2014\/08\/originalFR_1016_1_w-150x150.jpg\" alt=\"originalFR_1016_1_w\" width=\"150\" height=\"150\" srcset=\"https:\/\/www.aq-arium.com\/aqmarine\/wp-content\/uploads\/2014\/08\/originalFR_1016_1_w-150x150.jpg 150w, https:\/\/www.aq-arium.com\/aqmarine\/wp-content\/uploads\/2014\/08\/originalFR_1016_1_w-300x300.jpg 300w, https:\/\/www.aq-arium.com\/aqmarine\/wp-content\/uploads\/2014\/08\/originalFR_1016_1_w-100x100.jpg 100w, https:\/\/www.aq-arium.com\/aqmarine\/wp-content\/uploads\/2014\/08\/originalFR_1016_1_w-50x50.jpg 50w, https:\/\/www.aq-arium.com\/aqmarine\/wp-content\/uploads\/2014\/08\/originalFR_1016_1_w-480x480.jpg 480w, https:\/\/www.aq-arium.com\/aqmarine\/wp-content\/uploads\/2014\/08\/originalFR_1016_1_w-320x320.jpg 320w, https:\/\/www.aq-arium.com\/aqmarine\/wp-content\/uploads\/2014\/08\/originalFR_1016_1_w-240x240.jpg 240w\" sizes=\"auto, (max-width: 150px) 100vw, 150px\" \/><br \/>\nFR 1016<\/p>\n<\/div><div class=\"col-divide\"><\/div>\n<div class=\"ctsc-column ctsc-col4\">\n<p><img loading=\"lazy\" decoding=\"async\" class=\"alignnone size-thumbnail wp-image-715\" src=\"https:\/\/www.aq-arium.com\/aqmarine\/wp-content\/uploads\/2014\/08\/originalFR_1020_1_w-150x150.jpg\" alt=\"originalFR_1020_1_w\" width=\"150\" height=\"150\" srcset=\"https:\/\/www.aq-arium.com\/aqmarine\/wp-content\/uploads\/2014\/08\/originalFR_1020_1_w-150x150.jpg 150w, https:\/\/www.aq-arium.com\/aqmarine\/wp-content\/uploads\/2014\/08\/originalFR_1020_1_w-300x300.jpg 300w, https:\/\/www.aq-arium.com\/aqmarine\/wp-content\/uploads\/2014\/08\/originalFR_1020_1_w-100x100.jpg 100w, https:\/\/www.aq-arium.com\/aqmarine\/wp-content\/uploads\/2014\/08\/originalFR_1020_1_w-50x50.jpg 50w, https:\/\/www.aq-arium.com\/aqmarine\/wp-content\/uploads\/2014\/08\/originalFR_1020_1_w-480x480.jpg 480w, https:\/\/www.aq-arium.com\/aqmarine\/wp-content\/uploads\/2014\/08\/originalFR_1020_1_w-320x320.jpg 320w, https:\/\/www.aq-arium.com\/aqmarine\/wp-content\/uploads\/2014\/08\/originalFR_1020_1_w-240x240.jpg 240w\" sizes=\"auto, (max-width: 150px) 100vw, 150px\" \/><br \/>\nFR 1020<\/p>\n<\/div><div class=\"ctsc-column ctsc-col4\">\n<\/div><div class=\"ctsc-column ctsc-col4\">\n<\/div><div class=\"ctsc-column ctsc-col4 ctsc-col-last\">\n<\/div><div class=\"col-divide\"><\/div>\n<div class=\"ctsc-accordion ctsc-accordion-\"><h4 class=\"ctsc-accordion-title\">Especificaciones<\/h4><div class=\"ctsc-accordion-content\" style=\"display:none;\">\n<p><strong>FR 509<\/strong><br \/>\nMedidas: 180 x 140 x 500 mm<br \/>\nCapacidad: 1,2 litros<br \/>\nFlujo de agua rec.: 500 litros\/h<br \/>\nTubo: 90 mm<\/p>\n<p><strong>FR 512<\/strong><br \/>\nMedidas: 280 x 200 x 580 mm<br \/>\nCapacidad: 2,6 litros<br \/>\nFlujo de agua rec.: 1500 litros\/h<br \/>\nTubo: 125 mm<\/p>\n<p><strong>FR 616<\/strong><br \/>\nMedidas: 300 x 250 x 600 mm<br \/>\nCapacidad: 4,6 litros<br \/>\nFlujo de agua rec.: 2000 litros\/h<br \/>\nTubo: 160 mm<\/p>\n<p><strong>FR 1016<\/strong><br \/>\nMedidas: 300 x 250 x 1000 mm<br \/>\nCapacidad: 9,0 litros<br \/>\nFlujo de agua rec.<br \/>\n2000 litros\/h<br \/>\nTubo: 160 mm<\/p>\n<p><strong>FR 1020<\/strong><br \/>\nMedidas: 350 x 300 x 1000 mm<br \/>\nCapacidad: 14 litros<br \/>\nFlujo de agua rec.: 3000 litros\/h<br \/>\nTubo: 200 mm<\/p>\n<\/div><\/div>\n","protected":false},"excerpt":{"rendered":"<p>Volver a la p\u00e1gina principal de Deltec Los Reactores de lecho fluido de Deltec puede funcionar con una gran variedad de medios, por ejemplo Aqua Crown Phosphate adsorver, Special Carbon, etc. Todos los medios de grano fino, obtendr\u00e1n un efecto optimo utilizando estos reactores que desarrollan una gran efectividad gracias a que todo el medio [&hellip;]<\/p>\n","protected":false},"author":1,"featured_media":0,"parent":9115,"menu_order":0,"comment_status":"closed","ping_status":"closed","template":"","meta":{"_acf_changed":false,"footnotes":""},"class_list":["post-710","page","type-page","status-publish","hentry"],"acf":[],"yoast_head":"<!-- This site is optimized with the Yoast SEO plugin v23.9 - https:\/\/yoast.com\/wordpress\/plugins\/seo\/ -->\n<title>Deltec - Reactores de Fluidos - AQ, Aquarium Solutions<\/title>\n<meta name=\"robots\" content=\"index, follow, max-snippet:-1, max-image-preview:large, max-video-preview:-1\" \/>\n<link rel=\"canonical\" href=\"https:\/\/www.aq-arium.com\/aqmarine\/acuario-marino\/deltec-reactores-de-fluidos\/\" \/>\n<meta property=\"og:locale\" content=\"es_ES\" \/>\n<meta property=\"og:type\" content=\"article\" \/>\n<meta property=\"og:title\" content=\"Deltec - Reactores de Fluidos - AQ, Aquarium Solutions\" \/>\n<meta property=\"og:description\" content=\"Volver a la p\u00e1gina principal de Deltec Los Reactores de lecho fluido de Deltec puede funcionar con una gran variedad de medios, por ejemplo Aqua Crown Phosphate adsorver, Special Carbon, etc. Todos los medios de grano fino, obtendr\u00e1n un efecto optimo utilizando estos reactores que desarrollan una gran efectividad gracias a que todo el medio [&hellip;]\" \/>\n<meta property=\"og:url\" content=\"https:\/\/www.aq-arium.com\/aqmarine\/acuario-marino\/deltec-reactores-de-fluidos\/\" \/>\n<meta property=\"og:site_name\" content=\"AQ, Aquarium Solutions\" \/>\n<meta property=\"article:publisher\" content=\"https:\/\/www.instagram.com\/aq.arium\/\" \/>\n<meta property=\"article:modified_time\" content=\"2023-04-27T08:47:59+00:00\" \/>\n<meta property=\"og:image\" content=\"https:\/\/www.aq-arium.com\/aqmarine\/wp-content\/uploads\/2014\/08\/Deltec.jpg\" \/>\n<meta name=\"twitter:card\" content=\"summary_large_image\" \/>\n<meta name=\"twitter:site\" content=\"@AArium56877\" \/>\n<meta name=\"twitter:label1\" content=\"Tiempo de lectura\" \/>\n\t<meta name=\"twitter:data1\" content=\"3 minutos\" \/>\n<script type=\"application\/ld+json\" class=\"yoast-schema-graph\">{\"@context\":\"https:\/\/schema.org\",\"@graph\":[{\"@type\":\"WebPage\",\"@id\":\"https:\/\/www.aq-arium.com\/aqmarine\/acuario-marino\/deltec-reactores-de-fluidos\/\",\"url\":\"https:\/\/www.aq-arium.com\/aqmarine\/acuario-marino\/deltec-reactores-de-fluidos\/\",\"name\":\"Deltec - Reactores de Fluidos - AQ, Aquarium Solutions\",\"isPartOf\":{\"@id\":\"https:\/\/www.aq-arium.com\/aqmarine\/#website\"},\"primaryImageOfPage\":{\"@id\":\"https:\/\/www.aq-arium.com\/aqmarine\/acuario-marino\/deltec-reactores-de-fluidos\/#primaryimage\"},\"image\":{\"@id\":\"https:\/\/www.aq-arium.com\/aqmarine\/acuario-marino\/deltec-reactores-de-fluidos\/#primaryimage\"},\"thumbnailUrl\":\"https:\/\/www.aq-arium.com\/aqmarine\/wp-content\/uploads\/2014\/08\/Deltec.jpg\",\"datePublished\":\"2014-08-06T07:36:14+00:00\",\"dateModified\":\"2023-04-27T08:47:59+00:00\",\"breadcrumb\":{\"@id\":\"https:\/\/www.aq-arium.com\/aqmarine\/acuario-marino\/deltec-reactores-de-fluidos\/#breadcrumb\"},\"inLanguage\":\"es-ES\",\"potentialAction\":[{\"@type\":\"ReadAction\",\"target\":[\"https:\/\/www.aq-arium.com\/aqmarine\/acuario-marino\/deltec-reactores-de-fluidos\/\"]}]},{\"@type\":\"ImageObject\",\"inLanguage\":\"es-ES\",\"@id\":\"https:\/\/www.aq-arium.com\/aqmarine\/acuario-marino\/deltec-reactores-de-fluidos\/#primaryimage\",\"url\":\"https:\/\/www.aq-arium.com\/aqmarine\/wp-content\/uploads\/2014\/08\/Deltec.jpg\",\"contentUrl\":\"https:\/\/www.aq-arium.com\/aqmarine\/wp-content\/uploads\/2014\/08\/Deltec.jpg\",\"width\":728,\"height\":90,\"caption\":\"Deltec skimmer banner\"},{\"@type\":\"BreadcrumbList\",\"@id\":\"https:\/\/www.aq-arium.com\/aqmarine\/acuario-marino\/deltec-reactores-de-fluidos\/#breadcrumb\",\"itemListElement\":[{\"@type\":\"ListItem\",\"position\":1,\"name\":\"Portada\",\"item\":\"https:\/\/www.aq-arium.com\/aqmarine\/\"},{\"@type\":\"ListItem\",\"position\":2,\"name\":\"ACUARIO MARINO\",\"item\":\"https:\/\/www.aq-arium.com\/aqmarine\/acuario-marino\/\"},{\"@type\":\"ListItem\",\"position\":3,\"name\":\"Deltec &#8211; Reactores de Fluidos\"}]},{\"@type\":\"WebSite\",\"@id\":\"https:\/\/www.aq-arium.com\/aqmarine\/#website\",\"url\":\"https:\/\/www.aq-arium.com\/aqmarine\/\",\"name\":\"AQ, Aquarium Solutions\",\"description\":\"Productos para Acuario Marino y Dulce\",\"publisher\":{\"@id\":\"https:\/\/www.aq-arium.com\/aqmarine\/#organization\"},\"potentialAction\":[{\"@type\":\"SearchAction\",\"target\":{\"@type\":\"EntryPoint\",\"urlTemplate\":\"https:\/\/www.aq-arium.com\/aqmarine\/?s={search_term_string}\"},\"query-input\":{\"@type\":\"PropertyValueSpecification\",\"valueRequired\":true,\"valueName\":\"search_term_string\"}}],\"inLanguage\":\"es-ES\"},{\"@type\":\"Organization\",\"@id\":\"https:\/\/www.aq-arium.com\/aqmarine\/#organization\",\"name\":\"AQ-arium Solutions\",\"url\":\"https:\/\/www.aq-arium.com\/aqmarine\/\",\"logo\":{\"@type\":\"ImageObject\",\"inLanguage\":\"es-ES\",\"@id\":\"https:\/\/www.aq-arium.com\/aqmarine\/#\/schema\/logo\/image\/\",\"url\":\"https:\/\/www.aq-arium.com\/aqmarine\/wp-content\/uploads\/2021\/08\/AQ-arium-Solutions-logo-100x47px-1.png\",\"contentUrl\":\"https:\/\/www.aq-arium.com\/aqmarine\/wp-content\/uploads\/2021\/08\/AQ-arium-Solutions-logo-100x47px-1.png\",\"width\":100,\"height\":47,\"caption\":\"AQ-arium Solutions\"},\"image\":{\"@id\":\"https:\/\/www.aq-arium.com\/aqmarine\/#\/schema\/logo\/image\/\"},\"sameAs\":[\"https:\/\/www.instagram.com\/aq.arium\/\",\"https:\/\/x.com\/AArium56877\"]}]}<\/script>\n<!-- \/ Yoast SEO plugin. -->","yoast_head_json":{"title":"Deltec - Reactores de Fluidos - AQ, Aquarium Solutions","robots":{"index":"index","follow":"follow","max-snippet":"max-snippet:-1","max-image-preview":"max-image-preview:large","max-video-preview":"max-video-preview:-1"},"canonical":"https:\/\/www.aq-arium.com\/aqmarine\/acuario-marino\/deltec-reactores-de-fluidos\/","og_locale":"es_ES","og_type":"article","og_title":"Deltec - Reactores de Fluidos - AQ, Aquarium Solutions","og_description":"Volver a la p\u00e1gina principal de Deltec Los Reactores de lecho fluido de Deltec puede funcionar con una gran variedad de medios, por ejemplo Aqua Crown Phosphate adsorver, Special Carbon, etc. Todos los medios de grano fino, obtendr\u00e1n un efecto optimo utilizando estos reactores que desarrollan una gran efectividad gracias a que todo el medio [&hellip;]","og_url":"https:\/\/www.aq-arium.com\/aqmarine\/acuario-marino\/deltec-reactores-de-fluidos\/","og_site_name":"AQ, Aquarium Solutions","article_publisher":"https:\/\/www.instagram.com\/aq.arium\/","article_modified_time":"2023-04-27T08:47:59+00:00","og_image":[{"url":"https:\/\/www.aq-arium.com\/aqmarine\/wp-content\/uploads\/2014\/08\/Deltec.jpg"}],"twitter_card":"summary_large_image","twitter_site":"@AArium56877","twitter_misc":{"Tiempo de lectura":"3 minutos"},"schema":{"@context":"https:\/\/schema.org","@graph":[{"@type":"WebPage","@id":"https:\/\/www.aq-arium.com\/aqmarine\/acuario-marino\/deltec-reactores-de-fluidos\/","url":"https:\/\/www.aq-arium.com\/aqmarine\/acuario-marino\/deltec-reactores-de-fluidos\/","name":"Deltec - Reactores de Fluidos - AQ, Aquarium Solutions","isPartOf":{"@id":"https:\/\/www.aq-arium.com\/aqmarine\/#website"},"primaryImageOfPage":{"@id":"https:\/\/www.aq-arium.com\/aqmarine\/acuario-marino\/deltec-reactores-de-fluidos\/#primaryimage"},"image":{"@id":"https:\/\/www.aq-arium.com\/aqmarine\/acuario-marino\/deltec-reactores-de-fluidos\/#primaryimage"},"thumbnailUrl":"https:\/\/www.aq-arium.com\/aqmarine\/wp-content\/uploads\/2014\/08\/Deltec.jpg","datePublished":"2014-08-06T07:36:14+00:00","dateModified":"2023-04-27T08:47:59+00:00","breadcrumb":{"@id":"https:\/\/www.aq-arium.com\/aqmarine\/acuario-marino\/deltec-reactores-de-fluidos\/#breadcrumb"},"inLanguage":"es-ES","potentialAction":[{"@type":"ReadAction","target":["https:\/\/www.aq-arium.com\/aqmarine\/acuario-marino\/deltec-reactores-de-fluidos\/"]}]},{"@type":"ImageObject","inLanguage":"es-ES","@id":"https:\/\/www.aq-arium.com\/aqmarine\/acuario-marino\/deltec-reactores-de-fluidos\/#primaryimage","url":"https:\/\/www.aq-arium.com\/aqmarine\/wp-content\/uploads\/2014\/08\/Deltec.jpg","contentUrl":"https:\/\/www.aq-arium.com\/aqmarine\/wp-content\/uploads\/2014\/08\/Deltec.jpg","width":728,"height":90,"caption":"Deltec skimmer banner"},{"@type":"BreadcrumbList","@id":"https:\/\/www.aq-arium.com\/aqmarine\/acuario-marino\/deltec-reactores-de-fluidos\/#breadcrumb","itemListElement":[{"@type":"ListItem","position":1,"name":"Portada","item":"https:\/\/www.aq-arium.com\/aqmarine\/"},{"@type":"ListItem","position":2,"name":"ACUARIO MARINO","item":"https:\/\/www.aq-arium.com\/aqmarine\/acuario-marino\/"},{"@type":"ListItem","position":3,"name":"Deltec &#8211; Reactores de Fluidos"}]},{"@type":"WebSite","@id":"https:\/\/www.aq-arium.com\/aqmarine\/#website","url":"https:\/\/www.aq-arium.com\/aqmarine\/","name":"AQ, Aquarium Solutions","description":"Productos para Acuario Marino y Dulce","publisher":{"@id":"https:\/\/www.aq-arium.com\/aqmarine\/#organization"},"potentialAction":[{"@type":"SearchAction","target":{"@type":"EntryPoint","urlTemplate":"https:\/\/www.aq-arium.com\/aqmarine\/?s={search_term_string}"},"query-input":{"@type":"PropertyValueSpecification","valueRequired":true,"valueName":"search_term_string"}}],"inLanguage":"es-ES"},{"@type":"Organization","@id":"https:\/\/www.aq-arium.com\/aqmarine\/#organization","name":"AQ-arium Solutions","url":"https:\/\/www.aq-arium.com\/aqmarine\/","logo":{"@type":"ImageObject","inLanguage":"es-ES","@id":"https:\/\/www.aq-arium.com\/aqmarine\/#\/schema\/logo\/image\/","url":"https:\/\/www.aq-arium.com\/aqmarine\/wp-content\/uploads\/2021\/08\/AQ-arium-Solutions-logo-100x47px-1.png","contentUrl":"https:\/\/www.aq-arium.com\/aqmarine\/wp-content\/uploads\/2021\/08\/AQ-arium-Solutions-logo-100x47px-1.png","width":100,"height":47,"caption":"AQ-arium Solutions"},"image":{"@id":"https:\/\/www.aq-arium.com\/aqmarine\/#\/schema\/logo\/image\/"},"sameAs":["https:\/\/www.instagram.com\/aq.arium\/","https:\/\/x.com\/AArium56877"]}]}},"jetpack_sharing_enabled":true,"_links":{"self":[{"href":"https:\/\/www.aq-arium.com\/aqmarine\/wp-json\/wp\/v2\/pages\/710","targetHints":{"allow":["GET"]}}],"collection":[{"href":"https:\/\/www.aq-arium.com\/aqmarine\/wp-json\/wp\/v2\/pages"}],"about":[{"href":"https:\/\/www.aq-arium.com\/aqmarine\/wp-json\/wp\/v2\/types\/page"}],"author":[{"embeddable":true,"href":"https:\/\/www.aq-arium.com\/aqmarine\/wp-json\/wp\/v2\/users\/1"}],"replies":[{"embeddable":true,"href":"https:\/\/www.aq-arium.com\/aqmarine\/wp-json\/wp\/v2\/comments?post=710"}],"version-history":[{"count":0,"href":"https:\/\/www.aq-arium.com\/aqmarine\/wp-json\/wp\/v2\/pages\/710\/revisions"}],"up":[{"embeddable":true,"href":"https:\/\/www.aq-arium.com\/aqmarine\/wp-json\/wp\/v2\/pages\/9115"}],"wp:attachment":[{"href":"https:\/\/www.aq-arium.com\/aqmarine\/wp-json\/wp\/v2\/media?parent=710"}],"curies":[{"name":"wp","href":"https:\/\/api.w.org\/{rel}","templated":true}]}}