{"id":7042,"date":"2018-09-20T12:52:34","date_gmt":"2018-09-20T10:52:34","guid":{"rendered":"https:\/\/www.aq-arium.com\/aqmarine\/?page_id=7042"},"modified":"2021-01-18T10:30:07","modified_gmt":"2021-01-18T09:30:07","slug":"marine-pure-el-mejor-medio-del-mercado-elimina-amonio-y-nitrito","status":"publish","type":"page","link":"https:\/\/www.aq-arium.com\/aqmarine\/acuario-marino\/marine-pure-el-mejor-medio-del-mercado-elimina-amonio-y-nitrito\/","title":{"rendered":"MARINE PURE: EL MEJOR MEDIO DEL MERCADO -ELIMINA AMONIO Y NITRITO-"},"content":{"rendered":"<p><a href=\"https:\/\/www.cermedia.com\/es\/productos.php\"><img loading=\"lazy\" decoding=\"async\" class=\"aligncenter wp-image-7043 size-full\" src=\"https:\/\/www.aq-arium.com\/aqmarine\/wp-content\/uploads\/2018\/09\/marinepure-3.png\" alt=\"medio de filtro marine pure\" width=\"1200\" height=\"400\" srcset=\"https:\/\/www.aq-arium.com\/aqmarine\/wp-content\/uploads\/2018\/09\/marinepure-3.png 1200w, https:\/\/www.aq-arium.com\/aqmarine\/wp-content\/uploads\/2018\/09\/marinepure-3-600x200.png 600w, https:\/\/www.aq-arium.com\/aqmarine\/wp-content\/uploads\/2018\/09\/marinepure-3-300x100.png 300w, https:\/\/www.aq-arium.com\/aqmarine\/wp-content\/uploads\/2018\/09\/marinepure-3-1024x341.png 1024w, https:\/\/www.aq-arium.com\/aqmarine\/wp-content\/uploads\/2018\/09\/marinepure-3-960x320.png 960w, https:\/\/www.aq-arium.com\/aqmarine\/wp-content\/uploads\/2018\/09\/marinepure-3-480x160.png 480w, https:\/\/www.aq-arium.com\/aqmarine\/wp-content\/uploads\/2018\/09\/marinepure-3-320x107.png 320w, https:\/\/www.aq-arium.com\/aqmarine\/wp-content\/uploads\/2018\/09\/marinepure-3-240x80.png 240w\" sizes=\"auto, (max-width: 1200px) 100vw, 1200px\" \/><\/a><\/p>\n<p>MarinePure es el lugar perfecto para que florezcan bacterias beneficiosas con el fin de eliminar los desechos da\u00f1inos de los peces. Este producto trabaja para eliminar el amon\u00edaco y bajar los nitratos en su acuario.<\/p>\n<p>Los medios biol\u00f3gicos de MarinePure utilizan la tecnolog\u00eda m\u00e1s avanzada disponible al momento.<\/p>\n<ul class=\"disc\">\n<li>Presentando la tecnolog\u00eda\u00a0<span class=\"italic\">Thin Bio-Film Technology<sup>&#x2122;<\/sup><\/span><\/li>\n<li>MarinePure es inerte y no les hace da\u00f1o a los habitantes del acuario<\/li>\n<\/ul>\n<p><span style=\"color: #000000;\">Fabricado en USA, se han usado materiales de ultima generaci\u00f3n para conseguir unas cualidades que hacen de este sistema de filtrado el mejor y mas efectivo del mercado.<\/span><br \/>\n<span style=\"color: #000000;\"><b><br \/>\n\u00bfQue beneficios se obtienen usando\u00a0MarinePure?<\/b><\/span><br \/>\n<span style=\"color: #000000;\">\u2013 Reducir el Amonio<\/span><br \/>\n<span style=\"color: #000000;\">\u2013 Reducir el Nitrito<\/span><br \/>\n<span style=\"color: #000000;\">\u2013 Reducir el Nitrato<\/span><br \/>\n<span style=\"color: #000000;\">\u2013 Reducir el mantenimiento del acuario<\/span><br \/>\n<span style=\"color: #000000;\">\u2013 Permite aumentar la carga biol\u00f3gica<\/span><br \/>\n<span style=\"color: #000000;\">\u2013 Permite usar espacios mas reducidos para el filtrado<\/span><br \/>\n<span style=\"color: #000000;\">\u2013 Estabilizaci\u00f3n de la qu\u00edmica del agua<\/span><br \/>\n<span style=\"color: #000000;\">\u2013 F\u00e1cil colocaci\u00f3n y mantenimiento<br \/>\n\u2013\u00a0Para agua dulce, salada, estanques&#8230;<\/span><\/p>\n<h2 style=\"text-align: center;\"><span style=\"color: #0000ff;\"><strong>Marine Pure es el mejor medio de filtrado del mercado.<\/strong><\/span><\/h2>\n<p style=\"text-align: center;\"><span style=\"color: #000000;\">(El gr\u00e1fico muestra un estudio realizado durante un a\u00f1o comparando la capacidad de cada producto)<\/span><\/p>\n<p><a href=\"https:\/\/www.aq-arium.com\/aqmarine\/wp-content\/uploads\/2018\/09\/marinepure_graph-e1537438985530.jpg\"><img loading=\"lazy\" decoding=\"async\" class=\"aligncenter size-full wp-image-7046\" src=\"https:\/\/www.aq-arium.com\/aqmarine\/wp-content\/uploads\/2018\/09\/marinepure_graph-e1537438985530.jpg\" alt=\"marinepure_graph\" width=\"924\" height=\"510\" srcset=\"https:\/\/www.aq-arium.com\/aqmarine\/wp-content\/uploads\/2018\/09\/marinepure_graph-e1537438985530.jpg 924w, https:\/\/www.aq-arium.com\/aqmarine\/wp-content\/uploads\/2018\/09\/marinepure_graph-e1537438985530-600x331.jpg 600w, https:\/\/www.aq-arium.com\/aqmarine\/wp-content\/uploads\/2018\/09\/marinepure_graph-e1537438985530-300x166.jpg 300w\" sizes=\"auto, (max-width: 924px) 100vw, 924px\" \/><\/a><\/p>\n<h2 style=\"text-align: center;\"><span style=\"color: #000000;\">Este medio se puede adquirir en varios formatos:<\/span><\/h2>\n<p><a href=\"https:\/\/www.aq-arium.com\/aqmarine\/wp-content\/uploads\/2018\/09\/marinepure_spheres.jpg\"><img loading=\"lazy\" decoding=\"async\" class=\"size-full wp-image-7033 aligncenter\" src=\"https:\/\/www.aq-arium.com\/aqmarine\/wp-content\/uploads\/2018\/09\/marinepure_spheres.jpg\" alt=\"marinepure_spheres\" width=\"550\" height=\"441\" srcset=\"https:\/\/www.aq-arium.com\/aqmarine\/wp-content\/uploads\/2018\/09\/marinepure_spheres.jpg 550w, https:\/\/www.aq-arium.com\/aqmarine\/wp-content\/uploads\/2018\/09\/marinepure_spheres-300x241.jpg 300w, https:\/\/www.aq-arium.com\/aqmarine\/wp-content\/uploads\/2018\/09\/marinepure_spheres-480x384.jpg 480w, https:\/\/www.aq-arium.com\/aqmarine\/wp-content\/uploads\/2018\/09\/marinepure_spheres-320x256.jpg 320w, https:\/\/www.aq-arium.com\/aqmarine\/wp-content\/uploads\/2018\/09\/marinepure_spheres-240x192.jpg 240w\" sizes=\"auto, (max-width: 550px) 100vw, 550px\" \/><\/a><\/p>\n<h2><span style=\"color: #000000;\"><strong>SPHERES\u00a0 (Esferas) &#8211; Genial para\u00a0transportes<\/strong><\/span><\/h2>\n<p><span style=\"color: #000000;\">Aun que puede usarse en filtros de botella, pasivos, etc. con excelentes resultados, su principal funci\u00f3n es la de facilitar el transporte de animales por parte de los Profesionales.<\/span><\/p>\n<p><span style=\"color: #000000;\"> Las\u00a0<b>Spheres<\/b>\u00a0se colocan en un acuario de cultivo bacteriano donde se les inocua un complejo bacteriano (Recomendamos BioGro por la variedad y calidad de cepas que contiene), una vez colonizadas, pueden usarse para mejorar el transporte de peces colocando una o dos bolas (dependiendo del tama\u00f1o de animal) en el interior de la bolsa.Esto mejorara enormemente las condiciones del transporte, absorviendo y eliminando el amonio y los nitritos generados por el animal durante el viaje, como resultado, los peces pueden permanecer mucho mas tiempo en la bolsa o llegar en optimas condiciones a su destino, reduciendo tiempos de aclimataci\u00f3n gracias a mantener niveles de ph mas altos y menores tasas de amonio y nitrito.<\/span><\/p>\n<p><span style=\"color: #000000;\"> Otro de los usos para los Profesionales de las\u00a0<b>Spheres<\/b>\u00a0es como elemento inoculador de bacterias en los acuarios de los Aficionados, al comprar un pez, este se embolsa acompa\u00f1ado de su pertinente\u00a0<b>Sphere<\/b>\u00a0la cual, ademas de mejorar las condiciones del corto transporte, aportara un cultivo de bacterias al sistema del acuario que mejorara el existente.<\/span><br \/>\n<span style=\"color: #000000;\"> <b>El Area de superficie para el asentamiento de las bacterias de cada Sphere equivale a 22 m2<\/b><\/span><\/p>\n<p><b style=\"color: #ff0000;\">Los Profesionales que deseen mas informaci\u00f3n sobre este novedoso sistema, pueden contactar con nosotros y les informaremos. No te quedes <\/b><span style=\"color: #ff0000;\"><b>atr\u00e1s<\/b><\/span><b style=\"color: #ff0000;\">, se de los primeros en ofrecer este servicio a tus Clientes.<\/b><\/p>\n<p>&nbsp;<\/p>\n<hr \/>\n<p>&nbsp;<\/p>\n<p>&nbsp;<\/p>\n<p><a href=\"https:\/\/www.aq-arium.com\/aqmarine\/wp-content\/uploads\/2018\/09\/marinepure_spheres.jpg\"><img loading=\"lazy\" decoding=\"async\" class=\"aligncenter wp-image-7030 size-full\" src=\"https:\/\/www.aq-arium.com\/aqmarine\/wp-content\/uploads\/2018\/09\/gems-e1537441781765.png\" alt=\"gems\" width=\"500\" height=\"471\" srcset=\"https:\/\/www.aq-arium.com\/aqmarine\/wp-content\/uploads\/2018\/09\/gems-e1537441781765.png 500w, https:\/\/www.aq-arium.com\/aqmarine\/wp-content\/uploads\/2018\/09\/gems-e1537441781765-300x283.png 300w\" sizes=\"auto, (max-width: 500px) 100vw, 500px\" \/><\/a><\/p>\n<h2><span style=\"color: #000000;\"><strong>GEMS (Gemas) &#8211; Para\u00a0espacios reducidos.<\/strong><\/span><\/h2>\n<p><span style=\"color: #000000;\">Perfectos\u00a0para filtros de cartucho, cuelguen de los filtros traseros o de los sistemas de filtro de nano tanques. Di\u00e1metro de 1.9 cm, mucho menor a las Spheres.<\/span><\/p>\n<hr \/>\n<p>&nbsp;<\/p>\n<p>&nbsp;<\/p>\n<p><span style=\"color: #000000;\"> <a style=\"color: #000000;\" href=\"https:\/\/www.aq-arium.com\/aqmarine\/wp-content\/uploads\/2018\/09\/marinepure_plates.jpg\"><img loading=\"lazy\" decoding=\"async\" class=\"aligncenter size-column211 wp-image-7032\" src=\"https:\/\/www.aq-arium.com\/aqmarine\/wp-content\/uploads\/2018\/09\/marinepure_plates.jpg\" alt=\"marinepure_plates\" width=\"550\" height=\"361\" srcset=\"https:\/\/www.aq-arium.com\/aqmarine\/wp-content\/uploads\/2018\/09\/marinepure_plates.jpg 550w, https:\/\/www.aq-arium.com\/aqmarine\/wp-content\/uploads\/2018\/09\/marinepure_plates-300x197.jpg 300w\" sizes=\"auto, (max-width: 550px) 100vw, 550px\" \/><\/a><\/span><\/p>\n<h2><span style=\"color: #000000;\"><strong>PLATE (L\u00e1mina) &#8211; Para el aficionado creativo<\/strong><\/span><\/h2>\n<p><span style=\"color: #000000;\">Perfecto para el aficionado creativo, ya que se pueden moldear f\u00e1cilmente.<\/span><\/p>\n<p><span style=\"color: #000000;\">Puede usarse en sumideros y en lugares estrechos\/personalizados.<\/span><br \/>\n<span style=\"color: #000000;\">Su colocaci\u00f3n como base, debajo de la arena, favorece enormemente la eliminaci\u00f3n de nitratos.<\/span><br \/>\n<span style=\"color: #000000;\"><b>Su Area de superficie para el asentamiento de las bacterias equivale a 540 m2<\/b><\/span><\/p>\n<p>Dise\u00f1ado para la eliminaci\u00f3n de amon\u00edaco y nitrito en alto flujo. La estructura de poros profundos permitir\u00e1 el desarrollo de zonas con poco ox\u00edgeno, lo que ayudar\u00e1 con el control de los nitratos.<\/p>\n<hr \/>\n<p>&nbsp;<\/p>\n<p>&nbsp;<\/p>\n<p><span style=\"color: #000000;\"><a style=\"color: #000000;\" href=\"https:\/\/www.aq-arium.com\/aqmarine\/wp-content\/uploads\/2018\/09\/marinepure_blocks.jpg\"><img loading=\"lazy\" decoding=\"async\" class=\"aligncenter size-full wp-image-7031\" src=\"https:\/\/www.aq-arium.com\/aqmarine\/wp-content\/uploads\/2018\/09\/marinepure_blocks.jpg\" alt=\"marinepure_blocks\" width=\"550\" height=\"406\" srcset=\"https:\/\/www.aq-arium.com\/aqmarine\/wp-content\/uploads\/2018\/09\/marinepure_blocks.jpg 550w, https:\/\/www.aq-arium.com\/aqmarine\/wp-content\/uploads\/2018\/09\/marinepure_blocks-300x221.jpg 300w\" sizes=\"auto, (max-width: 550px) 100vw, 550px\" \/><\/a><\/span><\/p>\n<h2><span style=\"color: #000000;\"><strong>BLOCK\u00a0(Bloque) &#8211; Para\u00a0una gran necesidad de filtraje<\/strong><\/span><\/h2>\n<p><span style=\"color: #000000;\">Elimina el amon\u00edaco, nitritos y nitratos<\/span><br \/>\n<span style=\"color: #000000;\">Dise\u00f1ado principalmente para proporcionar zonas anaer\u00f3bicas profundas de desnitrificaci\u00f3n en sistemas pasivos.<\/span><br \/>\n<span style=\"color: #000000;\">Exelente\u00a0<b>sustituto de la roca viva\u00a0<\/b>ya que reduce los nitratos de manera m\u00e1s eficiente y sin da\u00f1ar el medio ambiente.<\/span><br \/>\n<span style=\"color: #000000;\">Se recomienda el uso en sumideros, apilados o en filtros extra-grandes.<\/span><br \/>\n<span style=\"color: #000000;\"><b>Su Area de superficie para el asentamiento de las bacterias equivale a 2.150 m2<\/b><\/span><\/p>\n<hr \/>\n<p>&nbsp;<\/p>\n<p><span style=\"color: #000000;\"><div class=\"ctsc-accordion ctsc-accordion-normal\" data-group=\"group1\"><h4 class=\"ctsc-accordion-title\"><span class=\"ctsc-accordion-icon primary_color icon-arrow-circle-down\"><\/span> Cantidades recomendables\/Litro<\/h4><div class=\"ctsc-accordion-content\" style=\"display:none;\"><\/span><\/p>\n<p><span style=\"color: #000000;\"><b>Para procesos de eliminacion de Amonio y Nitrito<\/b><\/span><br \/>\n<span style=\"color: #000000;\"><b>Colocar en un emplazamiento con buena circulaci\u00f3n<\/b><\/span><br \/>\n<span style=\"color: #000000;\">\u2013 Hasta 200 l. : 10 Spheres o &gt;1 Plate o &gt;1 Block (las opciones de Plate y Block van sobradas)<\/span><br \/>\n<span style=\"color: #000000;\">\u2013 Hasta 400 l. : 20 Spheres o 1 Plate o &gt; 1 Block (la opci\u00f3n del Block va sobrada)<\/span><br \/>\n<span style=\"color: #000000;\">\u2013 Hasta 1000 l. : 50 Spheres o 2 Plate o 1 Block<\/span><br \/>\n<span style=\"color: #000000;\">\u2013 Hasta 2000 l. : 90 Spheres (3,8 l.) o 4 Plate o 2 Block<\/span><\/p>\n<p><span style=\"color: #000000;\"><b>Para procesos de eliminaci\u00f3n de Nitrato<\/b><\/span><br \/>\n<span style=\"color: #000000;\"><b>Colocar en lugar con poca circulaci\u00f3n<\/b><\/span><br \/>\n<span style=\"color: #000000;\">\u2013 Hasta 200 l. : &gt; 1 Block o 2 Plate colocados bajo la capa de arena (la opcion del Block va sobrada)<\/span><br \/>\n<span style=\"color: #000000;\">\u2013 Hasta 400 l. : 1 Block o 4 Plate colocados bajo la capa de arena<\/span><br \/>\n<span style=\"color: #000000;\">\u2013 Hasta 1000 l. : 2 Block o 8 Plate colocados bajo la capa de arena<\/span><br \/>\n<span style=\"color: #000000;\">\u2013 Hasta 2000 l. : 3 Block 0 12 Plate colocados bajo la capa de arena<\/span><\/p>\n<p><span style=\"color: #000000;\"><\/div><\/div><\/span><\/p>\n<p>&nbsp;<\/p>\n<p><span style=\"color: #3366ff;\"><strong><a style=\"color: #3366ff;\" href=\"https:\/\/www.aq-arium.com\/aqmarine\/marinepure-y-el-bulo-del-aluminio\/\">MARINEPURE Y EL BULO DEL ALUMINIO<\/a><\/strong><\/span><\/p>\n<p>&nbsp;<\/p>\n","protected":false},"excerpt":{"rendered":"<p>MarinePure es el lugar perfecto para que florezcan bacterias beneficiosas con el fin de eliminar los desechos da\u00f1inos de los peces. Este producto trabaja para eliminar el amon\u00edaco y bajar los nitratos en su acuario. Los medios biol\u00f3gicos de MarinePure utilizan la tecnolog\u00eda m\u00e1s avanzada disponible al momento. Presentando la tecnolog\u00eda\u00a0Thin Bio-Film Technology&#x2122; MarinePure es [&hellip;]<\/p>\n","protected":false},"author":1,"featured_media":7033,"parent":9115,"menu_order":0,"comment_status":"closed","ping_status":"closed","template":"","meta":{"_acf_changed":false,"footnotes":""},"class_list":["post-7042","page","type-page","status-publish","has-post-thumbnail","hentry"],"acf":[],"yoast_head":"<!-- This site is optimized with the Yoast SEO plugin v23.9 - https:\/\/yoast.com\/wordpress\/plugins\/seo\/ -->\n<title>MARINE PURE: EL MEJOR MEDIO DEL MERCADO -ELIMINA AMONIO Y NITRITO-<\/title>\n<meta name=\"description\" content=\"Eliminar de amon\u00edaco, nitrito y nitrato. Dise\u00f1ado para que florezcan bacterias beneficiosas que eliminen los desechos del acuario.\" \/>\n<meta name=\"robots\" content=\"index, follow, max-snippet:-1, max-image-preview:large, max-video-preview:-1\" \/>\n<link rel=\"canonical\" href=\"https:\/\/www.aq-arium.com\/aqmarine\/acuario-marino\/marine-pure-el-mejor-medio-del-mercado-elimina-amonio-y-nitrito\/\" \/>\n<meta property=\"og:locale\" content=\"es_ES\" \/>\n<meta property=\"og:type\" content=\"article\" \/>\n<meta property=\"og:title\" content=\"MARINE PURE: EL MEJOR MEDIO DEL MERCADO -ELIMINA AMONIO Y NITRITO-\" \/>\n<meta property=\"og:description\" content=\"Eliminar de amon\u00edaco, nitrito y nitrato. Dise\u00f1ado para que florezcan bacterias beneficiosas que eliminen los desechos del acuario.\" \/>\n<meta property=\"og:url\" content=\"https:\/\/www.aq-arium.com\/aqmarine\/acuario-marino\/marine-pure-el-mejor-medio-del-mercado-elimina-amonio-y-nitrito\/\" \/>\n<meta property=\"og:site_name\" content=\"AQ, Aquarium Solutions\" \/>\n<meta property=\"article:publisher\" content=\"https:\/\/www.instagram.com\/aq.arium\/\" \/>\n<meta property=\"article:modified_time\" content=\"2021-01-18T09:30:07+00:00\" \/>\n<meta property=\"og:image\" content=\"https:\/\/www.aq-arium.com\/aqmarine\/wp-content\/uploads\/2018\/09\/marinepure_spheres.jpg\" \/>\n\t<meta property=\"og:image:width\" content=\"550\" \/>\n\t<meta property=\"og:image:height\" content=\"441\" \/>\n\t<meta property=\"og:image:type\" content=\"image\/jpeg\" \/>\n<meta name=\"twitter:card\" content=\"summary_large_image\" \/>\n<meta name=\"twitter:site\" content=\"@AArium56877\" \/>\n<meta name=\"twitter:label1\" content=\"Tiempo de lectura\" \/>\n\t<meta name=\"twitter:data1\" content=\"4 minutos\" \/>\n<script type=\"application\/ld+json\" class=\"yoast-schema-graph\">{\"@context\":\"https:\/\/schema.org\",\"@graph\":[{\"@type\":\"WebPage\",\"@id\":\"https:\/\/www.aq-arium.com\/aqmarine\/acuario-marino\/marine-pure-el-mejor-medio-del-mercado-elimina-amonio-y-nitrito\/\",\"url\":\"https:\/\/www.aq-arium.com\/aqmarine\/acuario-marino\/marine-pure-el-mejor-medio-del-mercado-elimina-amonio-y-nitrito\/\",\"name\":\"MARINE PURE: EL MEJOR MEDIO DEL MERCADO -ELIMINA AMONIO Y NITRITO-\",\"isPartOf\":{\"@id\":\"https:\/\/www.aq-arium.com\/aqmarine\/#website\"},\"primaryImageOfPage\":{\"@id\":\"https:\/\/www.aq-arium.com\/aqmarine\/acuario-marino\/marine-pure-el-mejor-medio-del-mercado-elimina-amonio-y-nitrito\/#primaryimage\"},\"image\":{\"@id\":\"https:\/\/www.aq-arium.com\/aqmarine\/acuario-marino\/marine-pure-el-mejor-medio-del-mercado-elimina-amonio-y-nitrito\/#primaryimage\"},\"thumbnailUrl\":\"https:\/\/www.aq-arium.com\/aqmarine\/wp-content\/uploads\/2018\/09\/marinepure_spheres.jpg\",\"datePublished\":\"2018-09-20T10:52:34+00:00\",\"dateModified\":\"2021-01-18T09:30:07+00:00\",\"description\":\"Eliminar de amon\u00edaco, nitrito y nitrato. Dise\u00f1ado para que florezcan bacterias beneficiosas que eliminen los desechos del acuario.\",\"breadcrumb\":{\"@id\":\"https:\/\/www.aq-arium.com\/aqmarine\/acuario-marino\/marine-pure-el-mejor-medio-del-mercado-elimina-amonio-y-nitrito\/#breadcrumb\"},\"inLanguage\":\"es-ES\",\"potentialAction\":[{\"@type\":\"ReadAction\",\"target\":[\"https:\/\/www.aq-arium.com\/aqmarine\/acuario-marino\/marine-pure-el-mejor-medio-del-mercado-elimina-amonio-y-nitrito\/\"]}]},{\"@type\":\"ImageObject\",\"inLanguage\":\"es-ES\",\"@id\":\"https:\/\/www.aq-arium.com\/aqmarine\/acuario-marino\/marine-pure-el-mejor-medio-del-mercado-elimina-amonio-y-nitrito\/#primaryimage\",\"url\":\"https:\/\/www.aq-arium.com\/aqmarine\/wp-content\/uploads\/2018\/09\/marinepure_spheres.jpg\",\"contentUrl\":\"https:\/\/www.aq-arium.com\/aqmarine\/wp-content\/uploads\/2018\/09\/marinepure_spheres.jpg\",\"width\":550,\"height\":441,\"caption\":\"marinepure_spheres\"},{\"@type\":\"BreadcrumbList\",\"@id\":\"https:\/\/www.aq-arium.com\/aqmarine\/acuario-marino\/marine-pure-el-mejor-medio-del-mercado-elimina-amonio-y-nitrito\/#breadcrumb\",\"itemListElement\":[{\"@type\":\"ListItem\",\"position\":1,\"name\":\"Portada\",\"item\":\"https:\/\/www.aq-arium.com\/aqmarine\/\"},{\"@type\":\"ListItem\",\"position\":2,\"name\":\"ACUARIO MARINO\",\"item\":\"https:\/\/www.aq-arium.com\/aqmarine\/acuario-marino\/\"},{\"@type\":\"ListItem\",\"position\":3,\"name\":\"MARINE PURE: EL MEJOR MEDIO DEL MERCADO -ELIMINA AMONIO Y NITRITO-\"}]},{\"@type\":\"WebSite\",\"@id\":\"https:\/\/www.aq-arium.com\/aqmarine\/#website\",\"url\":\"https:\/\/www.aq-arium.com\/aqmarine\/\",\"name\":\"AQ, Aquarium Solutions\",\"description\":\"Productos para Acuario Marino y Dulce\",\"publisher\":{\"@id\":\"https:\/\/www.aq-arium.com\/aqmarine\/#organization\"},\"potentialAction\":[{\"@type\":\"SearchAction\",\"target\":{\"@type\":\"EntryPoint\",\"urlTemplate\":\"https:\/\/www.aq-arium.com\/aqmarine\/?s={search_term_string}\"},\"query-input\":{\"@type\":\"PropertyValueSpecification\",\"valueRequired\":true,\"valueName\":\"search_term_string\"}}],\"inLanguage\":\"es-ES\"},{\"@type\":\"Organization\",\"@id\":\"https:\/\/www.aq-arium.com\/aqmarine\/#organization\",\"name\":\"AQ-arium Solutions\",\"url\":\"https:\/\/www.aq-arium.com\/aqmarine\/\",\"logo\":{\"@type\":\"ImageObject\",\"inLanguage\":\"es-ES\",\"@id\":\"https:\/\/www.aq-arium.com\/aqmarine\/#\/schema\/logo\/image\/\",\"url\":\"https:\/\/www.aq-arium.com\/aqmarine\/wp-content\/uploads\/2021\/08\/AQ-arium-Solutions-logo-100x47px-1.png\",\"contentUrl\":\"https:\/\/www.aq-arium.com\/aqmarine\/wp-content\/uploads\/2021\/08\/AQ-arium-Solutions-logo-100x47px-1.png\",\"width\":100,\"height\":47,\"caption\":\"AQ-arium Solutions\"},\"image\":{\"@id\":\"https:\/\/www.aq-arium.com\/aqmarine\/#\/schema\/logo\/image\/\"},\"sameAs\":[\"https:\/\/www.instagram.com\/aq.arium\/\",\"https:\/\/x.com\/AArium56877\"]}]}<\/script>\n<!-- \/ Yoast SEO plugin. -->","yoast_head_json":{"title":"MARINE PURE: EL MEJOR MEDIO DEL MERCADO -ELIMINA AMONIO Y NITRITO-","description":"Eliminar de amon\u00edaco, nitrito y nitrato. Dise\u00f1ado para que florezcan bacterias beneficiosas que eliminen los desechos del acuario.","robots":{"index":"index","follow":"follow","max-snippet":"max-snippet:-1","max-image-preview":"max-image-preview:large","max-video-preview":"max-video-preview:-1"},"canonical":"https:\/\/www.aq-arium.com\/aqmarine\/acuario-marino\/marine-pure-el-mejor-medio-del-mercado-elimina-amonio-y-nitrito\/","og_locale":"es_ES","og_type":"article","og_title":"MARINE PURE: EL MEJOR MEDIO DEL MERCADO -ELIMINA AMONIO Y NITRITO-","og_description":"Eliminar de amon\u00edaco, nitrito y nitrato. Dise\u00f1ado para que florezcan bacterias beneficiosas que eliminen los desechos del acuario.","og_url":"https:\/\/www.aq-arium.com\/aqmarine\/acuario-marino\/marine-pure-el-mejor-medio-del-mercado-elimina-amonio-y-nitrito\/","og_site_name":"AQ, Aquarium Solutions","article_publisher":"https:\/\/www.instagram.com\/aq.arium\/","article_modified_time":"2021-01-18T09:30:07+00:00","og_image":[{"width":550,"height":441,"url":"https:\/\/www.aq-arium.com\/aqmarine\/wp-content\/uploads\/2018\/09\/marinepure_spheres.jpg","type":"image\/jpeg"}],"twitter_card":"summary_large_image","twitter_site":"@AArium56877","twitter_misc":{"Tiempo de lectura":"4 minutos"},"schema":{"@context":"https:\/\/schema.org","@graph":[{"@type":"WebPage","@id":"https:\/\/www.aq-arium.com\/aqmarine\/acuario-marino\/marine-pure-el-mejor-medio-del-mercado-elimina-amonio-y-nitrito\/","url":"https:\/\/www.aq-arium.com\/aqmarine\/acuario-marino\/marine-pure-el-mejor-medio-del-mercado-elimina-amonio-y-nitrito\/","name":"MARINE PURE: EL MEJOR MEDIO DEL MERCADO -ELIMINA AMONIO Y NITRITO-","isPartOf":{"@id":"https:\/\/www.aq-arium.com\/aqmarine\/#website"},"primaryImageOfPage":{"@id":"https:\/\/www.aq-arium.com\/aqmarine\/acuario-marino\/marine-pure-el-mejor-medio-del-mercado-elimina-amonio-y-nitrito\/#primaryimage"},"image":{"@id":"https:\/\/www.aq-arium.com\/aqmarine\/acuario-marino\/marine-pure-el-mejor-medio-del-mercado-elimina-amonio-y-nitrito\/#primaryimage"},"thumbnailUrl":"https:\/\/www.aq-arium.com\/aqmarine\/wp-content\/uploads\/2018\/09\/marinepure_spheres.jpg","datePublished":"2018-09-20T10:52:34+00:00","dateModified":"2021-01-18T09:30:07+00:00","description":"Eliminar de amon\u00edaco, nitrito y nitrato. Dise\u00f1ado para que florezcan bacterias beneficiosas que eliminen los desechos del acuario.","breadcrumb":{"@id":"https:\/\/www.aq-arium.com\/aqmarine\/acuario-marino\/marine-pure-el-mejor-medio-del-mercado-elimina-amonio-y-nitrito\/#breadcrumb"},"inLanguage":"es-ES","potentialAction":[{"@type":"ReadAction","target":["https:\/\/www.aq-arium.com\/aqmarine\/acuario-marino\/marine-pure-el-mejor-medio-del-mercado-elimina-amonio-y-nitrito\/"]}]},{"@type":"ImageObject","inLanguage":"es-ES","@id":"https:\/\/www.aq-arium.com\/aqmarine\/acuario-marino\/marine-pure-el-mejor-medio-del-mercado-elimina-amonio-y-nitrito\/#primaryimage","url":"https:\/\/www.aq-arium.com\/aqmarine\/wp-content\/uploads\/2018\/09\/marinepure_spheres.jpg","contentUrl":"https:\/\/www.aq-arium.com\/aqmarine\/wp-content\/uploads\/2018\/09\/marinepure_spheres.jpg","width":550,"height":441,"caption":"marinepure_spheres"},{"@type":"BreadcrumbList","@id":"https:\/\/www.aq-arium.com\/aqmarine\/acuario-marino\/marine-pure-el-mejor-medio-del-mercado-elimina-amonio-y-nitrito\/#breadcrumb","itemListElement":[{"@type":"ListItem","position":1,"name":"Portada","item":"https:\/\/www.aq-arium.com\/aqmarine\/"},{"@type":"ListItem","position":2,"name":"ACUARIO MARINO","item":"https:\/\/www.aq-arium.com\/aqmarine\/acuario-marino\/"},{"@type":"ListItem","position":3,"name":"MARINE PURE: EL MEJOR MEDIO DEL MERCADO -ELIMINA AMONIO Y NITRITO-"}]},{"@type":"WebSite","@id":"https:\/\/www.aq-arium.com\/aqmarine\/#website","url":"https:\/\/www.aq-arium.com\/aqmarine\/","name":"AQ, Aquarium Solutions","description":"Productos para Acuario Marino y Dulce","publisher":{"@id":"https:\/\/www.aq-arium.com\/aqmarine\/#organization"},"potentialAction":[{"@type":"SearchAction","target":{"@type":"EntryPoint","urlTemplate":"https:\/\/www.aq-arium.com\/aqmarine\/?s={search_term_string}"},"query-input":{"@type":"PropertyValueSpecification","valueRequired":true,"valueName":"search_term_string"}}],"inLanguage":"es-ES"},{"@type":"Organization","@id":"https:\/\/www.aq-arium.com\/aqmarine\/#organization","name":"AQ-arium Solutions","url":"https:\/\/www.aq-arium.com\/aqmarine\/","logo":{"@type":"ImageObject","inLanguage":"es-ES","@id":"https:\/\/www.aq-arium.com\/aqmarine\/#\/schema\/logo\/image\/","url":"https:\/\/www.aq-arium.com\/aqmarine\/wp-content\/uploads\/2021\/08\/AQ-arium-Solutions-logo-100x47px-1.png","contentUrl":"https:\/\/www.aq-arium.com\/aqmarine\/wp-content\/uploads\/2021\/08\/AQ-arium-Solutions-logo-100x47px-1.png","width":100,"height":47,"caption":"AQ-arium Solutions"},"image":{"@id":"https:\/\/www.aq-arium.com\/aqmarine\/#\/schema\/logo\/image\/"},"sameAs":["https:\/\/www.instagram.com\/aq.arium\/","https:\/\/x.com\/AArium56877"]}]}},"jetpack_sharing_enabled":true,"_links":{"self":[{"href":"https:\/\/www.aq-arium.com\/aqmarine\/wp-json\/wp\/v2\/pages\/7042","targetHints":{"allow":["GET"]}}],"collection":[{"href":"https:\/\/www.aq-arium.com\/aqmarine\/wp-json\/wp\/v2\/pages"}],"about":[{"href":"https:\/\/www.aq-arium.com\/aqmarine\/wp-json\/wp\/v2\/types\/page"}],"author":[{"embeddable":true,"href":"https:\/\/www.aq-arium.com\/aqmarine\/wp-json\/wp\/v2\/users\/1"}],"replies":[{"embeddable":true,"href":"https:\/\/www.aq-arium.com\/aqmarine\/wp-json\/wp\/v2\/comments?post=7042"}],"version-history":[{"count":0,"href":"https:\/\/www.aq-arium.com\/aqmarine\/wp-json\/wp\/v2\/pages\/7042\/revisions"}],"up":[{"embeddable":true,"href":"https:\/\/www.aq-arium.com\/aqmarine\/wp-json\/wp\/v2\/pages\/9115"}],"wp:featuredmedia":[{"embeddable":true,"href":"https:\/\/www.aq-arium.com\/aqmarine\/wp-json\/wp\/v2\/media\/7033"}],"wp:attachment":[{"href":"https:\/\/www.aq-arium.com\/aqmarine\/wp-json\/wp\/v2\/media?parent=7042"}],"curies":[{"name":"wp","href":"https:\/\/api.w.org\/{rel}","templated":true}]}}