{"id":6090,"date":"2018-07-04T09:50:18","date_gmt":"2018-07-04T07:50:18","guid":{"rendered":"https:\/\/www.aq-arium.com\/aqmarine\/?page_id=6090"},"modified":"2021-02-03T15:53:38","modified_gmt":"2021-02-03T14:53:38","slug":"bubble-magus-rasqueta-de-carbono","status":"publish","type":"page","link":"https:\/\/www.aq-arium.com\/aqmarine\/acuario-marino\/bubble-magus-rasqueta-de-carbono\/","title":{"rendered":"Bubble Magus &#8211; Rasqueta de Carbono"},"content":{"rendered":"<p><img loading=\"lazy\" decoding=\"async\" class=\"alignnone wp-image-6083 size-medium\" src=\"https:\/\/www.aq-arium.com\/aqmarine\/wp-content\/uploads\/2018\/07\/4-e1530625788979-300x300.jpg\" alt=\"pro scraper bubble magus\" width=\"300\" height=\"300\" srcset=\"https:\/\/www.aq-arium.com\/aqmarine\/wp-content\/uploads\/2018\/07\/4-e1530625788979-300x300.jpg 300w, https:\/\/www.aq-arium.com\/aqmarine\/wp-content\/uploads\/2018\/07\/4-e1530625788979-100x100.jpg 100w, https:\/\/www.aq-arium.com\/aqmarine\/wp-content\/uploads\/2018\/07\/4-e1530625788979-150x150.jpg 150w, https:\/\/www.aq-arium.com\/aqmarine\/wp-content\/uploads\/2018\/07\/4-e1530625788979-50x50.jpg 50w, https:\/\/www.aq-arium.com\/aqmarine\/wp-content\/uploads\/2018\/07\/4-e1530625788979-480x480.jpg 480w, https:\/\/www.aq-arium.com\/aqmarine\/wp-content\/uploads\/2018\/07\/4-e1530625788979-320x320.jpg 320w, https:\/\/www.aq-arium.com\/aqmarine\/wp-content\/uploads\/2018\/07\/4-e1530625788979-240x240.jpg 240w, https:\/\/www.aq-arium.com\/aqmarine\/wp-content\/uploads\/2018\/07\/4-e1530625788979.jpg 512w\" sizes=\"auto, (max-width: 300px) 100vw, 300px\" \/><\/p>\n<p>Si eres fan\u00e1tico de la Fibra de Carbono, entonces te va a encantar la nueva rasqueta Pro Scraper de Bubble Magus. Esta nueva herramienta, fabricada con <strong>100% fibra de carbono<\/strong>,\u00a0te permitir\u00e1 eliminar el crecimiento de algas en el vidrio de tu acuario sin esfuerzo.<\/p>\n<p>Lo bueno de tener una cuchilla de fibra de carbono es que es muy dura y muy afilada, <strong>pero no raya para nada el vidrio ni el acr\u00edlico.<\/strong> Se encuentra entre los materiales m\u00e1s afilados que\u00a0se conocen\u00a0adem\u00e1s del metal. La cuchilla en \u00e1ngulo del Scraper Pro de Bubble Magus <strong>puede pivotar para raspar desde una variedad de \u00e1ngulos<\/strong> y alcanzar cualquier recoveco.. y tambi\u00e9n es <strong>reemplazable!<\/strong><\/p>\n<p>Consta de un c\u00f3modo mango y un embalaje excelente. <strong>Disponible en 2 tama\u00f1os: 70 cm y 110 cm.<\/strong><\/p>\n<p><img loading=\"lazy\" decoding=\"async\" class=\" wp-image-6080\" src=\"https:\/\/www.aq-arium.com\/aqmarine\/wp-content\/uploads\/2018\/07\/1.jpg\" alt=\"1\" width=\"459\" height=\"306\" \/> <img loading=\"lazy\" decoding=\"async\" class=\" wp-image-6081\" src=\"https:\/\/www.aq-arium.com\/aqmarine\/wp-content\/uploads\/2018\/07\/2.jpg\" alt=\"2\" width=\"463\" height=\"308\" \/><img loading=\"lazy\" decoding=\"async\" class=\"wp-image-6082 alignleft\" src=\"https:\/\/www.aq-arium.com\/aqmarine\/wp-content\/uploads\/2018\/07\/3.jpg\" alt=\"3\" width=\"486\" height=\"324\" \/><\/p>\n<p>&nbsp;<\/p>\n","protected":false},"excerpt":{"rendered":"<p>Si eres fan\u00e1tico de la Fibra de Carbono, entonces te va a encantar la nueva rasqueta Pro Scraper de Bubble Magus. Esta nueva herramienta, fabricada con 100% fibra de carbono,\u00a0te permitir\u00e1 eliminar el crecimiento de algas en el vidrio de tu acuario sin esfuerzo. Lo bueno de tener una cuchilla de fibra de carbono es [&hellip;]<\/p>\n","protected":false},"author":1,"featured_media":6083,"parent":9115,"menu_order":0,"comment_status":"closed","ping_status":"closed","template":"","meta":{"_acf_changed":false,"footnotes":""},"class_list":["post-6090","page","type-page","status-publish","has-post-thumbnail","hentry"],"acf":[],"yoast_head":"<!-- This site is optimized with the Yoast SEO plugin v23.9 - https:\/\/yoast.com\/wordpress\/plugins\/seo\/ -->\n<title>Bubble Magus - Rasqueta de Carbono - AQ, Aquarium Solutions<\/title>\n<meta name=\"robots\" content=\"index, follow, max-snippet:-1, max-image-preview:large, max-video-preview:-1\" \/>\n<link rel=\"canonical\" href=\"https:\/\/www.aq-arium.com\/aqmarine\/acuario-marino\/bubble-magus-rasqueta-de-carbono\/\" \/>\n<meta property=\"og:locale\" content=\"es_ES\" \/>\n<meta property=\"og:type\" content=\"article\" \/>\n<meta property=\"og:title\" content=\"Bubble Magus - Rasqueta de Carbono - AQ, Aquarium Solutions\" \/>\n<meta property=\"og:description\" content=\"Si eres fan\u00e1tico de la Fibra de Carbono, entonces te va a encantar la nueva rasqueta Pro Scraper de Bubble Magus. Esta nueva herramienta, fabricada con 100% fibra de carbono,\u00a0te permitir\u00e1 eliminar el crecimiento de algas en el vidrio de tu acuario sin esfuerzo. Lo bueno de tener una cuchilla de fibra de carbono es [&hellip;]\" \/>\n<meta property=\"og:url\" content=\"https:\/\/www.aq-arium.com\/aqmarine\/acuario-marino\/bubble-magus-rasqueta-de-carbono\/\" \/>\n<meta property=\"og:site_name\" content=\"AQ, Aquarium Solutions\" \/>\n<meta property=\"article:publisher\" content=\"https:\/\/www.instagram.com\/aq.arium\/\" \/>\n<meta property=\"article:modified_time\" content=\"2021-02-03T14:53:38+00:00\" \/>\n<meta property=\"og:image\" content=\"https:\/\/www.aq-arium.com\/aqmarine\/wp-content\/uploads\/2018\/07\/4-e1530625788979.jpg\" \/>\n\t<meta property=\"og:image:width\" content=\"512\" \/>\n\t<meta property=\"og:image:height\" content=\"512\" \/>\n\t<meta property=\"og:image:type\" content=\"image\/jpeg\" \/>\n<meta name=\"twitter:card\" content=\"summary_large_image\" \/>\n<meta name=\"twitter:site\" content=\"@AArium56877\" \/>\n<meta name=\"twitter:label1\" content=\"Tiempo de lectura\" \/>\n\t<meta name=\"twitter:data1\" content=\"1 minuto\" \/>\n<script type=\"application\/ld+json\" class=\"yoast-schema-graph\">{\"@context\":\"https:\/\/schema.org\",\"@graph\":[{\"@type\":\"WebPage\",\"@id\":\"https:\/\/www.aq-arium.com\/aqmarine\/acuario-marino\/bubble-magus-rasqueta-de-carbono\/\",\"url\":\"https:\/\/www.aq-arium.com\/aqmarine\/acuario-marino\/bubble-magus-rasqueta-de-carbono\/\",\"name\":\"Bubble Magus - Rasqueta de Carbono - AQ, Aquarium Solutions\",\"isPartOf\":{\"@id\":\"https:\/\/www.aq-arium.com\/aqmarine\/#website\"},\"primaryImageOfPage\":{\"@id\":\"https:\/\/www.aq-arium.com\/aqmarine\/acuario-marino\/bubble-magus-rasqueta-de-carbono\/#primaryimage\"},\"image\":{\"@id\":\"https:\/\/www.aq-arium.com\/aqmarine\/acuario-marino\/bubble-magus-rasqueta-de-carbono\/#primaryimage\"},\"thumbnailUrl\":\"https:\/\/www.aq-arium.com\/aqmarine\/wp-content\/uploads\/2018\/07\/4-e1530625788979.jpg\",\"datePublished\":\"2018-07-04T07:50:18+00:00\",\"dateModified\":\"2021-02-03T14:53:38+00:00\",\"breadcrumb\":{\"@id\":\"https:\/\/www.aq-arium.com\/aqmarine\/acuario-marino\/bubble-magus-rasqueta-de-carbono\/#breadcrumb\"},\"inLanguage\":\"es-ES\",\"potentialAction\":[{\"@type\":\"ReadAction\",\"target\":[\"https:\/\/www.aq-arium.com\/aqmarine\/acuario-marino\/bubble-magus-rasqueta-de-carbono\/\"]}]},{\"@type\":\"ImageObject\",\"inLanguage\":\"es-ES\",\"@id\":\"https:\/\/www.aq-arium.com\/aqmarine\/acuario-marino\/bubble-magus-rasqueta-de-carbono\/#primaryimage\",\"url\":\"https:\/\/www.aq-arium.com\/aqmarine\/wp-content\/uploads\/2018\/07\/4-e1530625788979.jpg\",\"contentUrl\":\"https:\/\/www.aq-arium.com\/aqmarine\/wp-content\/uploads\/2018\/07\/4-e1530625788979.jpg\",\"width\":512,\"height\":512,\"caption\":\"pro scraper bubble magus\"},{\"@type\":\"BreadcrumbList\",\"@id\":\"https:\/\/www.aq-arium.com\/aqmarine\/acuario-marino\/bubble-magus-rasqueta-de-carbono\/#breadcrumb\",\"itemListElement\":[{\"@type\":\"ListItem\",\"position\":1,\"name\":\"Portada\",\"item\":\"https:\/\/www.aq-arium.com\/aqmarine\/\"},{\"@type\":\"ListItem\",\"position\":2,\"name\":\"ACUARIO MARINO\",\"item\":\"https:\/\/www.aq-arium.com\/aqmarine\/acuario-marino\/\"},{\"@type\":\"ListItem\",\"position\":3,\"name\":\"Bubble Magus &#8211; Rasqueta de Carbono\"}]},{\"@type\":\"WebSite\",\"@id\":\"https:\/\/www.aq-arium.com\/aqmarine\/#website\",\"url\":\"https:\/\/www.aq-arium.com\/aqmarine\/\",\"name\":\"AQ, Aquarium Solutions\",\"description\":\"Productos para Acuario Marino y Dulce\",\"publisher\":{\"@id\":\"https:\/\/www.aq-arium.com\/aqmarine\/#organization\"},\"potentialAction\":[{\"@type\":\"SearchAction\",\"target\":{\"@type\":\"EntryPoint\",\"urlTemplate\":\"https:\/\/www.aq-arium.com\/aqmarine\/?s={search_term_string}\"},\"query-input\":{\"@type\":\"PropertyValueSpecification\",\"valueRequired\":true,\"valueName\":\"search_term_string\"}}],\"inLanguage\":\"es-ES\"},{\"@type\":\"Organization\",\"@id\":\"https:\/\/www.aq-arium.com\/aqmarine\/#organization\",\"name\":\"AQ-arium Solutions\",\"url\":\"https:\/\/www.aq-arium.com\/aqmarine\/\",\"logo\":{\"@type\":\"ImageObject\",\"inLanguage\":\"es-ES\",\"@id\":\"https:\/\/www.aq-arium.com\/aqmarine\/#\/schema\/logo\/image\/\",\"url\":\"https:\/\/www.aq-arium.com\/aqmarine\/wp-content\/uploads\/2021\/08\/AQ-arium-Solutions-logo-100x47px-1.png\",\"contentUrl\":\"https:\/\/www.aq-arium.com\/aqmarine\/wp-content\/uploads\/2021\/08\/AQ-arium-Solutions-logo-100x47px-1.png\",\"width\":100,\"height\":47,\"caption\":\"AQ-arium Solutions\"},\"image\":{\"@id\":\"https:\/\/www.aq-arium.com\/aqmarine\/#\/schema\/logo\/image\/\"},\"sameAs\":[\"https:\/\/www.instagram.com\/aq.arium\/\",\"https:\/\/x.com\/AArium56877\"]}]}<\/script>\n<!-- \/ Yoast SEO plugin. -->","yoast_head_json":{"title":"Bubble Magus - Rasqueta de Carbono - AQ, Aquarium Solutions","robots":{"index":"index","follow":"follow","max-snippet":"max-snippet:-1","max-image-preview":"max-image-preview:large","max-video-preview":"max-video-preview:-1"},"canonical":"https:\/\/www.aq-arium.com\/aqmarine\/acuario-marino\/bubble-magus-rasqueta-de-carbono\/","og_locale":"es_ES","og_type":"article","og_title":"Bubble Magus - Rasqueta de Carbono - AQ, Aquarium Solutions","og_description":"Si eres fan\u00e1tico de la Fibra de Carbono, entonces te va a encantar la nueva rasqueta Pro Scraper de Bubble Magus. Esta nueva herramienta, fabricada con 100% fibra de carbono,\u00a0te permitir\u00e1 eliminar el crecimiento de algas en el vidrio de tu acuario sin esfuerzo. Lo bueno de tener una cuchilla de fibra de carbono es [&hellip;]","og_url":"https:\/\/www.aq-arium.com\/aqmarine\/acuario-marino\/bubble-magus-rasqueta-de-carbono\/","og_site_name":"AQ, Aquarium Solutions","article_publisher":"https:\/\/www.instagram.com\/aq.arium\/","article_modified_time":"2021-02-03T14:53:38+00:00","og_image":[{"width":512,"height":512,"url":"https:\/\/www.aq-arium.com\/aqmarine\/wp-content\/uploads\/2018\/07\/4-e1530625788979.jpg","type":"image\/jpeg"}],"twitter_card":"summary_large_image","twitter_site":"@AArium56877","twitter_misc":{"Tiempo de lectura":"1 minuto"},"schema":{"@context":"https:\/\/schema.org","@graph":[{"@type":"WebPage","@id":"https:\/\/www.aq-arium.com\/aqmarine\/acuario-marino\/bubble-magus-rasqueta-de-carbono\/","url":"https:\/\/www.aq-arium.com\/aqmarine\/acuario-marino\/bubble-magus-rasqueta-de-carbono\/","name":"Bubble Magus - Rasqueta de Carbono - AQ, Aquarium Solutions","isPartOf":{"@id":"https:\/\/www.aq-arium.com\/aqmarine\/#website"},"primaryImageOfPage":{"@id":"https:\/\/www.aq-arium.com\/aqmarine\/acuario-marino\/bubble-magus-rasqueta-de-carbono\/#primaryimage"},"image":{"@id":"https:\/\/www.aq-arium.com\/aqmarine\/acuario-marino\/bubble-magus-rasqueta-de-carbono\/#primaryimage"},"thumbnailUrl":"https:\/\/www.aq-arium.com\/aqmarine\/wp-content\/uploads\/2018\/07\/4-e1530625788979.jpg","datePublished":"2018-07-04T07:50:18+00:00","dateModified":"2021-02-03T14:53:38+00:00","breadcrumb":{"@id":"https:\/\/www.aq-arium.com\/aqmarine\/acuario-marino\/bubble-magus-rasqueta-de-carbono\/#breadcrumb"},"inLanguage":"es-ES","potentialAction":[{"@type":"ReadAction","target":["https:\/\/www.aq-arium.com\/aqmarine\/acuario-marino\/bubble-magus-rasqueta-de-carbono\/"]}]},{"@type":"ImageObject","inLanguage":"es-ES","@id":"https:\/\/www.aq-arium.com\/aqmarine\/acuario-marino\/bubble-magus-rasqueta-de-carbono\/#primaryimage","url":"https:\/\/www.aq-arium.com\/aqmarine\/wp-content\/uploads\/2018\/07\/4-e1530625788979.jpg","contentUrl":"https:\/\/www.aq-arium.com\/aqmarine\/wp-content\/uploads\/2018\/07\/4-e1530625788979.jpg","width":512,"height":512,"caption":"pro scraper bubble magus"},{"@type":"BreadcrumbList","@id":"https:\/\/www.aq-arium.com\/aqmarine\/acuario-marino\/bubble-magus-rasqueta-de-carbono\/#breadcrumb","itemListElement":[{"@type":"ListItem","position":1,"name":"Portada","item":"https:\/\/www.aq-arium.com\/aqmarine\/"},{"@type":"ListItem","position":2,"name":"ACUARIO MARINO","item":"https:\/\/www.aq-arium.com\/aqmarine\/acuario-marino\/"},{"@type":"ListItem","position":3,"name":"Bubble Magus &#8211; Rasqueta de Carbono"}]},{"@type":"WebSite","@id":"https:\/\/www.aq-arium.com\/aqmarine\/#website","url":"https:\/\/www.aq-arium.com\/aqmarine\/","name":"AQ, Aquarium Solutions","description":"Productos para Acuario Marino y Dulce","publisher":{"@id":"https:\/\/www.aq-arium.com\/aqmarine\/#organization"},"potentialAction":[{"@type":"SearchAction","target":{"@type":"EntryPoint","urlTemplate":"https:\/\/www.aq-arium.com\/aqmarine\/?s={search_term_string}"},"query-input":{"@type":"PropertyValueSpecification","valueRequired":true,"valueName":"search_term_string"}}],"inLanguage":"es-ES"},{"@type":"Organization","@id":"https:\/\/www.aq-arium.com\/aqmarine\/#organization","name":"AQ-arium Solutions","url":"https:\/\/www.aq-arium.com\/aqmarine\/","logo":{"@type":"ImageObject","inLanguage":"es-ES","@id":"https:\/\/www.aq-arium.com\/aqmarine\/#\/schema\/logo\/image\/","url":"https:\/\/www.aq-arium.com\/aqmarine\/wp-content\/uploads\/2021\/08\/AQ-arium-Solutions-logo-100x47px-1.png","contentUrl":"https:\/\/www.aq-arium.com\/aqmarine\/wp-content\/uploads\/2021\/08\/AQ-arium-Solutions-logo-100x47px-1.png","width":100,"height":47,"caption":"AQ-arium Solutions"},"image":{"@id":"https:\/\/www.aq-arium.com\/aqmarine\/#\/schema\/logo\/image\/"},"sameAs":["https:\/\/www.instagram.com\/aq.arium\/","https:\/\/x.com\/AArium56877"]}]}},"jetpack_sharing_enabled":true,"_links":{"self":[{"href":"https:\/\/www.aq-arium.com\/aqmarine\/wp-json\/wp\/v2\/pages\/6090","targetHints":{"allow":["GET"]}}],"collection":[{"href":"https:\/\/www.aq-arium.com\/aqmarine\/wp-json\/wp\/v2\/pages"}],"about":[{"href":"https:\/\/www.aq-arium.com\/aqmarine\/wp-json\/wp\/v2\/types\/page"}],"author":[{"embeddable":true,"href":"https:\/\/www.aq-arium.com\/aqmarine\/wp-json\/wp\/v2\/users\/1"}],"replies":[{"embeddable":true,"href":"https:\/\/www.aq-arium.com\/aqmarine\/wp-json\/wp\/v2\/comments?post=6090"}],"version-history":[{"count":0,"href":"https:\/\/www.aq-arium.com\/aqmarine\/wp-json\/wp\/v2\/pages\/6090\/revisions"}],"up":[{"embeddable":true,"href":"https:\/\/www.aq-arium.com\/aqmarine\/wp-json\/wp\/v2\/pages\/9115"}],"wp:featuredmedia":[{"embeddable":true,"href":"https:\/\/www.aq-arium.com\/aqmarine\/wp-json\/wp\/v2\/media\/6083"}],"wp:attachment":[{"href":"https:\/\/www.aq-arium.com\/aqmarine\/wp-json\/wp\/v2\/media?parent=6090"}],"curies":[{"name":"wp","href":"https:\/\/api.w.org\/{rel}","templated":true}]}}