{"id":5893,"date":"2018-06-25T14:03:54","date_gmt":"2018-06-25T12:03:54","guid":{"rendered":"https:\/\/www.aq-arium.com\/aqmarine\/?page_id=5893"},"modified":"2023-04-27T09:07:52","modified_gmt":"2023-04-27T08:07:52","slug":"bubble-magus-skimmer-serie-z","status":"publish","type":"page","link":"https:\/\/www.aq-arium.com\/aqmarine\/acuario-marino\/bubble-magus-skimmer-serie-z\/","title":{"rendered":"Bubble Magus &#8211; Skimmer Serie Z"},"content":{"rendered":"<p><a href=\"https:\/\/www.aq-arium.com\/aqmarine\/bubble-magus\/\">Volver a la p\u00e1gina principal de Bubble Magus<\/a><\/p>\n<p><span style=\"color: #000000;\"><div class=\"ctsc-column ctsc-col2\"><\/span><\/p>\n<p><img loading=\"lazy\" decoding=\"async\" class=\"wp-image-5817 size-medium aligncenter\" src=\"https:\/\/www.aq-arium.com\/aqmarine\/wp-content\/uploads\/2018\/06\/4-200x300.png\" alt=\"skimmer Z5 bubble-magus\" width=\"200\" height=\"300\" srcset=\"https:\/\/www.aq-arium.com\/aqmarine\/wp-content\/uploads\/2018\/06\/4-200x300.png 200w, https:\/\/www.aq-arium.com\/aqmarine\/wp-content\/uploads\/2018\/06\/4-600x900.png 600w, https:\/\/www.aq-arium.com\/aqmarine\/wp-content\/uploads\/2018\/06\/4-683x1024.png 683w\" sizes=\"auto, (max-width: 200px) 100vw, 200px\" \/><\/p>\n<\/div><div class=\"ctsc-column ctsc-col2 ctsc-col-last\">\n<p><img loading=\"lazy\" decoding=\"async\" class=\"wp-image-5818 aligncenter\" src=\"https:\/\/www.aq-arium.com\/aqmarine\/wp-content\/uploads\/2018\/06\/6-e1529588739410.png\" alt=\"\" width=\"416\" height=\"253\" srcset=\"https:\/\/www.aq-arium.com\/aqmarine\/wp-content\/uploads\/2018\/06\/6-e1529588739410.png 2575w, https:\/\/www.aq-arium.com\/aqmarine\/wp-content\/uploads\/2018\/06\/6-e1529588739410-600x364.png 600w, https:\/\/www.aq-arium.com\/aqmarine\/wp-content\/uploads\/2018\/06\/6-e1529588739410-300x182.png 300w, https:\/\/www.aq-arium.com\/aqmarine\/wp-content\/uploads\/2018\/06\/6-e1529588739410-1024x622.png 1024w\" sizes=\"auto, (max-width: 416px) 100vw, 416px\" \/><br \/>\n<\/div><div class=\"col-divide\"><\/div>\n<p>&nbsp;<\/p>\n<p style=\"text-align: left;\"><span style=\"color: #000000;\">La nueva serie Skimmer Z de Bubble Magus est\u00e1 especialmente dise\u00f1ada para su instalaci\u00f3n en espacios reducidos, siendo perfecto para todo tipo de tanques.<\/span><\/p>\n<p style=\"text-align: left;\"><span style=\"color: #000000;\">Todo (menos\u00a0su base por tal de proporcionar estabilidad) est\u00e1 hecho de pl\u00e1stico moldeado liviano, que permite su dise\u00f1o radicalmente diferente al resto de skimmers.<\/span><\/p>\n<p style=\"text-align: left;\"><span style=\"color: #000000;\">El t\u00edpico cuerpo c\u00f3nico redondo ahora es rectangular en la base y triangular en\u00a0su estructura, reduciendo en gran medida el espacio requerido para realizar la misma funci\u00f3n de manera m\u00e1s que efectiva. La recolecci\u00f3n de desechos se realiza mediante una copa triangular a juego con un mango ingenioso para facilitar el servicio. Un silenciador de aire incorporado y una placa difusora garantizar\u00e1n un funcionamiento silencioso y una baja turbulencia para un buen rendimiento de espumaci\u00f3n.<\/span><\/p>\n<p style=\"text-align: left;\"><span style=\"color: #000000;\"><div class=\"ctsc-column ctsc-col2\"><\/span><\/p>\n<h3 style=\"text-align: left;\"><span style=\"text-decoration: underline; color: #000000;\"><strong>MODELO Z5<\/strong><\/span><\/h3>\n<p style=\"text-align: left;\"><span style=\"color: #000000;\">El modelo Z5 hace\u00a048\u00a0cm de alto y tiene una\u00a0base peque\u00f1a de 15 x 10 cm, esta reducci\u00f3n del espacio se debe el mecanismo de correa unido a la v\u00e1lvula superior. Este skimmer\u00a0es\u00a0m\u00e1s que adecuado para tanques de\u00a0200 L con una alta concentraci\u00f3n de seres vivos y deber\u00edan desnatar lo suficiente para un acuario de agua salada de 500 L.<\/span><\/p>\n<p><span style=\"color: #000000;\"><strong>Bomba Bubble-Magus Rock SP1500<\/strong><\/span><br \/>\n<span style=\"color: #000000;\"><strong>CA 120V \/ 60Hz, 18W<\/strong><\/span><br \/>\n<span style=\"color: #000000;\"><strong>Base:\u00a0\u00a0&#8220;16 x 10 cm&#8221;<\/strong><\/span><br \/>\n<span style=\"color: #000000;\"><strong>Altura:\u00a048 cm<\/strong><\/span><br \/>\n<span style=\"color: #000000;\"><strong>\u00daselo para el acuario 300-500L<\/strong><\/span><br \/>\n<span style=\"color: #000000;\"><strong>Nivel de agua recomendado 20 cm<\/strong><\/span><\/p>\n<p><span style=\"color: #000000;\"><strong>2 A\u00d1OS DE GARANT\u00edA<\/strong><\/span><\/p>\n<p><span style=\"color: #000000;\">Alguna de sus caracter\u00edsticas<\/span><\/p>\n<ul>\n<li><span style=\"color: #000000;\">Vol\u00famenes de copa de recolecci\u00f3n 450 ml<\/span><\/li>\n<li><span style=\"color: #000000;\">Cerraduras de\u00a0goma de silicona<\/span><\/li>\n<li><span style=\"color: #000000;\">difusor de burbuja interior<\/span><\/li>\n<li><span style=\"color: #000000;\">sistema de ajuste del nivel de agua de transmisi\u00f3n por correa<\/span><\/li>\n<li><span style=\"color: #000000;\">Producci\u00f3n de moldeo por inyecci\u00f3n. Nuevo dise\u00f1o con cuerpo en\u00a0forma de Z. Alta eficiencia y alto rendimiento<\/span><\/li>\n<li><span style=\"color: #000000;\">Limpiador de copa de recolecci\u00f3n incluido<\/span><\/li>\n<\/ul>\n<p style=\"text-align: left;\"><span style=\"color: #000000;\"><\/div><div class=\"ctsc-column ctsc-col2 ctsc-col-last\"><\/span><\/p>\n<h3 style=\"text-align: left;\"><span style=\"text-decoration: underline; color: #000000;\"><strong>MODELO Z8<\/strong><\/span><\/h3>\n<p><span style=\"color: #000000;\">El modelo Z8 hace 54 cm de alto y tiene una\u00a0base peque\u00f1a de 20 x 13 cm, esta reducci\u00f3n del espacio se debe el mecanismo de correa unido a la v\u00e1lvula superior. La diferencia principal con el Bubble Magus Z5\u00a0es el tama\u00f1o de la bomba con una DSP-1800 DC. Este skimmer\u00a0es\u00a0m\u00e1s que adecuado para tanques de 500 L con una alta concentraci\u00f3n de seres vivos y deber\u00edan desnatar lo suficiente para un acuario de agua salada de 700 L.<\/span><\/p>\n<p><span style=\"color: #000000;\"><strong>Bomba Bubble-Magus Rock DSP1800<\/strong><\/span><br \/>\n<span style=\"color: #000000;\"><strong>DC 24V\/15 W (con adaptador)<\/strong><\/span><br \/>\n<span style=\"color: #000000;\"> <strong>Base:\u00a0\u00a0&#8220;20 x 13 cm&#8221;<\/strong><\/span><br \/>\n<span style=\"color: #000000;\"> <strong>Altura: 54 cm<\/strong><\/span><br \/>\n<span style=\"color: #000000;\"> <strong>\u00daselo para el acuario 500-700L<\/strong><\/span><br \/>\n<span style=\"color: #000000;\"> <strong>Nivel de agua recomendado 20 cm<\/strong><\/span><\/p>\n<p><span style=\"color: #000000;\"><strong>2 A\u00d1OS DE GARANT\u00edA<\/strong><\/span><\/p>\n<p><span style=\"color: #000000;\">Alguna de sus caracter\u00edsticas<\/span><\/p>\n<ul>\n<li><span style=\"color: #000000;\">Vol\u00famenes de copa de recolecci\u00f3n 750 ml<\/span><\/li>\n<li><span style=\"color: #000000;\">Cerraduras de\u00a0goma de silicona<\/span><\/li>\n<li><span style=\"color: #000000;\">difusor de burbuja interior<\/span><\/li>\n<li><span style=\"color: #000000;\">sistema de ajuste del nivel de agua de transmisi\u00f3n por correa<\/span><\/li>\n<li><span style=\"color: #000000;\">Producci\u00f3n de moldeo por inyecci\u00f3n. Nuevo dise\u00f1o con cuerpo en\u00a0forma de Z. Alta eficiencia y alto rendimiento<\/span><\/li>\n<li><span style=\"color: #000000;\">Limpiador de copa de recolecci\u00f3n incluido<\/span><\/li>\n<\/ul>\n<p><span style=\"color: #000000;\"><\/div><div class=\"col-divide\"><\/div><\/span><\/p>\n<p>&nbsp;<\/p>\n<p><span style=\"color: #000000;\"><img loading=\"lazy\" decoding=\"async\" class=\"wp-image-5814 aligncenter\" src=\"https:\/\/www.aq-arium.com\/aqmarine\/wp-content\/uploads\/2018\/06\/1.png\" alt=\"1\" width=\"576\" height=\"384\" srcset=\"https:\/\/www.aq-arium.com\/aqmarine\/wp-content\/uploads\/2018\/06\/1.png 3888w, https:\/\/www.aq-arium.com\/aqmarine\/wp-content\/uploads\/2018\/06\/1-600x400.png 600w, https:\/\/www.aq-arium.com\/aqmarine\/wp-content\/uploads\/2018\/06\/1-300x200.png 300w, https:\/\/www.aq-arium.com\/aqmarine\/wp-content\/uploads\/2018\/06\/1-1024x683.png 1024w, https:\/\/www.aq-arium.com\/aqmarine\/wp-content\/uploads\/2018\/06\/1-960x640.png 960w, https:\/\/www.aq-arium.com\/aqmarine\/wp-content\/uploads\/2018\/06\/1-480x320.png 480w, https:\/\/www.aq-arium.com\/aqmarine\/wp-content\/uploads\/2018\/06\/1-320x213.png 320w, https:\/\/www.aq-arium.com\/aqmarine\/wp-content\/uploads\/2018\/06\/1-240x160.png 240w\" sizes=\"auto, (max-width: 576px) 100vw, 576px\" \/><\/span><\/p>\n<p><span style=\"color: #000000;\">\u00a0<\/span><\/p>\n<p><span style=\"color: #000000;\"><img loading=\"lazy\" decoding=\"async\" class=\"aligncenter wp-image-5820\" src=\"https:\/\/www.aq-arium.com\/aqmarine\/wp-content\/uploads\/2018\/06\/x.png\" alt=\"x\" width=\"446\" height=\"204\" srcset=\"https:\/\/www.aq-arium.com\/aqmarine\/wp-content\/uploads\/2018\/06\/x.png 5670w, https:\/\/www.aq-arium.com\/aqmarine\/wp-content\/uploads\/2018\/06\/x-600x274.png 600w, https:\/\/www.aq-arium.com\/aqmarine\/wp-content\/uploads\/2018\/06\/x-300x137.png 300w, https:\/\/www.aq-arium.com\/aqmarine\/wp-content\/uploads\/2018\/06\/x-1024x468.png 1024w\" sizes=\"auto, (max-width: 446px) 100vw, 446px\" \/><\/span><\/p>\n<p>&nbsp;<\/p>\n","protected":false},"excerpt":{"rendered":"<p>Volver a la p\u00e1gina principal de Bubble Magus &nbsp; La nueva serie Skimmer Z de Bubble Magus est\u00e1 especialmente dise\u00f1ada para su instalaci\u00f3n en espacios reducidos, siendo perfecto para todo tipo de tanques. Todo (menos\u00a0su base por tal de proporcionar estabilidad) est\u00e1 hecho de pl\u00e1stico moldeado liviano, que permite su dise\u00f1o radicalmente diferente al resto [&hellip;]<\/p>\n","protected":false},"author":1,"featured_media":5817,"parent":9115,"menu_order":0,"comment_status":"closed","ping_status":"closed","template":"","meta":{"_acf_changed":false,"footnotes":""},"class_list":["post-5893","page","type-page","status-publish","has-post-thumbnail","hentry"],"acf":[],"yoast_head":"<!-- This site is optimized with the Yoast SEO plugin v23.9 - https:\/\/yoast.com\/wordpress\/plugins\/seo\/ -->\n<title>Bubble Magus - Skimmer Serie Z - AQ, Aquarium Solutions<\/title>\n<meta name=\"robots\" content=\"index, follow, max-snippet:-1, max-image-preview:large, max-video-preview:-1\" \/>\n<link rel=\"canonical\" href=\"https:\/\/www.aq-arium.com\/aqmarine\/acuario-marino\/bubble-magus-skimmer-serie-z\/\" \/>\n<meta property=\"og:locale\" content=\"es_ES\" \/>\n<meta property=\"og:type\" content=\"article\" \/>\n<meta property=\"og:title\" content=\"Bubble Magus - Skimmer Serie Z - AQ, Aquarium Solutions\" \/>\n<meta property=\"og:description\" content=\"Volver a la p\u00e1gina principal de Bubble Magus &nbsp; La nueva serie Skimmer Z de Bubble Magus est\u00e1 especialmente dise\u00f1ada para su instalaci\u00f3n en espacios reducidos, siendo perfecto para todo tipo de tanques. Todo (menos\u00a0su base por tal de proporcionar estabilidad) est\u00e1 hecho de pl\u00e1stico moldeado liviano, que permite su dise\u00f1o radicalmente diferente al resto [&hellip;]\" \/>\n<meta property=\"og:url\" content=\"https:\/\/www.aq-arium.com\/aqmarine\/acuario-marino\/bubble-magus-skimmer-serie-z\/\" \/>\n<meta property=\"og:site_name\" content=\"AQ, Aquarium Solutions\" \/>\n<meta property=\"article:publisher\" content=\"https:\/\/www.instagram.com\/aq.arium\/\" \/>\n<meta property=\"article:modified_time\" content=\"2023-04-27T08:07:52+00:00\" \/>\n<meta property=\"og:image\" content=\"https:\/\/www.aq-arium.com\/aqmarine\/wp-content\/uploads\/2018\/06\/4.png\" \/>\n\t<meta property=\"og:image:width\" content=\"2592\" \/>\n\t<meta property=\"og:image:height\" content=\"3888\" \/>\n\t<meta property=\"og:image:type\" content=\"image\/png\" \/>\n<meta name=\"twitter:card\" content=\"summary_large_image\" \/>\n<meta name=\"twitter:site\" content=\"@AArium56877\" \/>\n<meta name=\"twitter:label1\" content=\"Tiempo de lectura\" \/>\n\t<meta name=\"twitter:data1\" content=\"3 minutos\" \/>\n<script type=\"application\/ld+json\" class=\"yoast-schema-graph\">{\"@context\":\"https:\/\/schema.org\",\"@graph\":[{\"@type\":\"WebPage\",\"@id\":\"https:\/\/www.aq-arium.com\/aqmarine\/acuario-marino\/bubble-magus-skimmer-serie-z\/\",\"url\":\"https:\/\/www.aq-arium.com\/aqmarine\/acuario-marino\/bubble-magus-skimmer-serie-z\/\",\"name\":\"Bubble Magus - Skimmer Serie Z - AQ, Aquarium Solutions\",\"isPartOf\":{\"@id\":\"https:\/\/www.aq-arium.com\/aqmarine\/#website\"},\"primaryImageOfPage\":{\"@id\":\"https:\/\/www.aq-arium.com\/aqmarine\/acuario-marino\/bubble-magus-skimmer-serie-z\/#primaryimage\"},\"image\":{\"@id\":\"https:\/\/www.aq-arium.com\/aqmarine\/acuario-marino\/bubble-magus-skimmer-serie-z\/#primaryimage\"},\"thumbnailUrl\":\"https:\/\/www.aq-arium.com\/aqmarine\/wp-content\/uploads\/2018\/06\/4.png\",\"datePublished\":\"2018-06-25T12:03:54+00:00\",\"dateModified\":\"2023-04-27T08:07:52+00:00\",\"breadcrumb\":{\"@id\":\"https:\/\/www.aq-arium.com\/aqmarine\/acuario-marino\/bubble-magus-skimmer-serie-z\/#breadcrumb\"},\"inLanguage\":\"es-ES\",\"potentialAction\":[{\"@type\":\"ReadAction\",\"target\":[\"https:\/\/www.aq-arium.com\/aqmarine\/acuario-marino\/bubble-magus-skimmer-serie-z\/\"]}]},{\"@type\":\"ImageObject\",\"inLanguage\":\"es-ES\",\"@id\":\"https:\/\/www.aq-arium.com\/aqmarine\/acuario-marino\/bubble-magus-skimmer-serie-z\/#primaryimage\",\"url\":\"https:\/\/www.aq-arium.com\/aqmarine\/wp-content\/uploads\/2018\/06\/4.png\",\"contentUrl\":\"https:\/\/www.aq-arium.com\/aqmarine\/wp-content\/uploads\/2018\/06\/4.png\",\"width\":2592,\"height\":3888,\"caption\":\"skimmer Z5 bubble-magus\"},{\"@type\":\"BreadcrumbList\",\"@id\":\"https:\/\/www.aq-arium.com\/aqmarine\/acuario-marino\/bubble-magus-skimmer-serie-z\/#breadcrumb\",\"itemListElement\":[{\"@type\":\"ListItem\",\"position\":1,\"name\":\"Portada\",\"item\":\"https:\/\/www.aq-arium.com\/aqmarine\/\"},{\"@type\":\"ListItem\",\"position\":2,\"name\":\"ACUARIO MARINO\",\"item\":\"https:\/\/www.aq-arium.com\/aqmarine\/acuario-marino\/\"},{\"@type\":\"ListItem\",\"position\":3,\"name\":\"Bubble Magus &#8211; Skimmer Serie Z\"}]},{\"@type\":\"WebSite\",\"@id\":\"https:\/\/www.aq-arium.com\/aqmarine\/#website\",\"url\":\"https:\/\/www.aq-arium.com\/aqmarine\/\",\"name\":\"AQ, Aquarium Solutions\",\"description\":\"Productos para Acuario Marino y Dulce\",\"publisher\":{\"@id\":\"https:\/\/www.aq-arium.com\/aqmarine\/#organization\"},\"potentialAction\":[{\"@type\":\"SearchAction\",\"target\":{\"@type\":\"EntryPoint\",\"urlTemplate\":\"https:\/\/www.aq-arium.com\/aqmarine\/?s={search_term_string}\"},\"query-input\":{\"@type\":\"PropertyValueSpecification\",\"valueRequired\":true,\"valueName\":\"search_term_string\"}}],\"inLanguage\":\"es-ES\"},{\"@type\":\"Organization\",\"@id\":\"https:\/\/www.aq-arium.com\/aqmarine\/#organization\",\"name\":\"AQ-arium Solutions\",\"url\":\"https:\/\/www.aq-arium.com\/aqmarine\/\",\"logo\":{\"@type\":\"ImageObject\",\"inLanguage\":\"es-ES\",\"@id\":\"https:\/\/www.aq-arium.com\/aqmarine\/#\/schema\/logo\/image\/\",\"url\":\"https:\/\/www.aq-arium.com\/aqmarine\/wp-content\/uploads\/2021\/08\/AQ-arium-Solutions-logo-100x47px-1.png\",\"contentUrl\":\"https:\/\/www.aq-arium.com\/aqmarine\/wp-content\/uploads\/2021\/08\/AQ-arium-Solutions-logo-100x47px-1.png\",\"width\":100,\"height\":47,\"caption\":\"AQ-arium Solutions\"},\"image\":{\"@id\":\"https:\/\/www.aq-arium.com\/aqmarine\/#\/schema\/logo\/image\/\"},\"sameAs\":[\"https:\/\/www.instagram.com\/aq.arium\/\",\"https:\/\/x.com\/AArium56877\"]}]}<\/script>\n<!-- \/ Yoast SEO plugin. -->","yoast_head_json":{"title":"Bubble Magus - Skimmer Serie Z - AQ, Aquarium Solutions","robots":{"index":"index","follow":"follow","max-snippet":"max-snippet:-1","max-image-preview":"max-image-preview:large","max-video-preview":"max-video-preview:-1"},"canonical":"https:\/\/www.aq-arium.com\/aqmarine\/acuario-marino\/bubble-magus-skimmer-serie-z\/","og_locale":"es_ES","og_type":"article","og_title":"Bubble Magus - Skimmer Serie Z - AQ, Aquarium Solutions","og_description":"Volver a la p\u00e1gina principal de Bubble Magus &nbsp; La nueva serie Skimmer Z de Bubble Magus est\u00e1 especialmente dise\u00f1ada para su instalaci\u00f3n en espacios reducidos, siendo perfecto para todo tipo de tanques. Todo (menos\u00a0su base por tal de proporcionar estabilidad) est\u00e1 hecho de pl\u00e1stico moldeado liviano, que permite su dise\u00f1o radicalmente diferente al resto [&hellip;]","og_url":"https:\/\/www.aq-arium.com\/aqmarine\/acuario-marino\/bubble-magus-skimmer-serie-z\/","og_site_name":"AQ, Aquarium Solutions","article_publisher":"https:\/\/www.instagram.com\/aq.arium\/","article_modified_time":"2023-04-27T08:07:52+00:00","og_image":[{"width":2592,"height":3888,"url":"https:\/\/www.aq-arium.com\/aqmarine\/wp-content\/uploads\/2018\/06\/4.png","type":"image\/png"}],"twitter_card":"summary_large_image","twitter_site":"@AArium56877","twitter_misc":{"Tiempo de lectura":"3 minutos"},"schema":{"@context":"https:\/\/schema.org","@graph":[{"@type":"WebPage","@id":"https:\/\/www.aq-arium.com\/aqmarine\/acuario-marino\/bubble-magus-skimmer-serie-z\/","url":"https:\/\/www.aq-arium.com\/aqmarine\/acuario-marino\/bubble-magus-skimmer-serie-z\/","name":"Bubble Magus - Skimmer Serie Z - AQ, Aquarium Solutions","isPartOf":{"@id":"https:\/\/www.aq-arium.com\/aqmarine\/#website"},"primaryImageOfPage":{"@id":"https:\/\/www.aq-arium.com\/aqmarine\/acuario-marino\/bubble-magus-skimmer-serie-z\/#primaryimage"},"image":{"@id":"https:\/\/www.aq-arium.com\/aqmarine\/acuario-marino\/bubble-magus-skimmer-serie-z\/#primaryimage"},"thumbnailUrl":"https:\/\/www.aq-arium.com\/aqmarine\/wp-content\/uploads\/2018\/06\/4.png","datePublished":"2018-06-25T12:03:54+00:00","dateModified":"2023-04-27T08:07:52+00:00","breadcrumb":{"@id":"https:\/\/www.aq-arium.com\/aqmarine\/acuario-marino\/bubble-magus-skimmer-serie-z\/#breadcrumb"},"inLanguage":"es-ES","potentialAction":[{"@type":"ReadAction","target":["https:\/\/www.aq-arium.com\/aqmarine\/acuario-marino\/bubble-magus-skimmer-serie-z\/"]}]},{"@type":"ImageObject","inLanguage":"es-ES","@id":"https:\/\/www.aq-arium.com\/aqmarine\/acuario-marino\/bubble-magus-skimmer-serie-z\/#primaryimage","url":"https:\/\/www.aq-arium.com\/aqmarine\/wp-content\/uploads\/2018\/06\/4.png","contentUrl":"https:\/\/www.aq-arium.com\/aqmarine\/wp-content\/uploads\/2018\/06\/4.png","width":2592,"height":3888,"caption":"skimmer Z5 bubble-magus"},{"@type":"BreadcrumbList","@id":"https:\/\/www.aq-arium.com\/aqmarine\/acuario-marino\/bubble-magus-skimmer-serie-z\/#breadcrumb","itemListElement":[{"@type":"ListItem","position":1,"name":"Portada","item":"https:\/\/www.aq-arium.com\/aqmarine\/"},{"@type":"ListItem","position":2,"name":"ACUARIO MARINO","item":"https:\/\/www.aq-arium.com\/aqmarine\/acuario-marino\/"},{"@type":"ListItem","position":3,"name":"Bubble Magus &#8211; Skimmer Serie Z"}]},{"@type":"WebSite","@id":"https:\/\/www.aq-arium.com\/aqmarine\/#website","url":"https:\/\/www.aq-arium.com\/aqmarine\/","name":"AQ, Aquarium Solutions","description":"Productos para Acuario Marino y Dulce","publisher":{"@id":"https:\/\/www.aq-arium.com\/aqmarine\/#organization"},"potentialAction":[{"@type":"SearchAction","target":{"@type":"EntryPoint","urlTemplate":"https:\/\/www.aq-arium.com\/aqmarine\/?s={search_term_string}"},"query-input":{"@type":"PropertyValueSpecification","valueRequired":true,"valueName":"search_term_string"}}],"inLanguage":"es-ES"},{"@type":"Organization","@id":"https:\/\/www.aq-arium.com\/aqmarine\/#organization","name":"AQ-arium Solutions","url":"https:\/\/www.aq-arium.com\/aqmarine\/","logo":{"@type":"ImageObject","inLanguage":"es-ES","@id":"https:\/\/www.aq-arium.com\/aqmarine\/#\/schema\/logo\/image\/","url":"https:\/\/www.aq-arium.com\/aqmarine\/wp-content\/uploads\/2021\/08\/AQ-arium-Solutions-logo-100x47px-1.png","contentUrl":"https:\/\/www.aq-arium.com\/aqmarine\/wp-content\/uploads\/2021\/08\/AQ-arium-Solutions-logo-100x47px-1.png","width":100,"height":47,"caption":"AQ-arium Solutions"},"image":{"@id":"https:\/\/www.aq-arium.com\/aqmarine\/#\/schema\/logo\/image\/"},"sameAs":["https:\/\/www.instagram.com\/aq.arium\/","https:\/\/x.com\/AArium56877"]}]}},"jetpack_sharing_enabled":true,"_links":{"self":[{"href":"https:\/\/www.aq-arium.com\/aqmarine\/wp-json\/wp\/v2\/pages\/5893","targetHints":{"allow":["GET"]}}],"collection":[{"href":"https:\/\/www.aq-arium.com\/aqmarine\/wp-json\/wp\/v2\/pages"}],"about":[{"href":"https:\/\/www.aq-arium.com\/aqmarine\/wp-json\/wp\/v2\/types\/page"}],"author":[{"embeddable":true,"href":"https:\/\/www.aq-arium.com\/aqmarine\/wp-json\/wp\/v2\/users\/1"}],"replies":[{"embeddable":true,"href":"https:\/\/www.aq-arium.com\/aqmarine\/wp-json\/wp\/v2\/comments?post=5893"}],"version-history":[{"count":0,"href":"https:\/\/www.aq-arium.com\/aqmarine\/wp-json\/wp\/v2\/pages\/5893\/revisions"}],"up":[{"embeddable":true,"href":"https:\/\/www.aq-arium.com\/aqmarine\/wp-json\/wp\/v2\/pages\/9115"}],"wp:featuredmedia":[{"embeddable":true,"href":"https:\/\/www.aq-arium.com\/aqmarine\/wp-json\/wp\/v2\/media\/5817"}],"wp:attachment":[{"href":"https:\/\/www.aq-arium.com\/aqmarine\/wp-json\/wp\/v2\/media?parent=5893"}],"curies":[{"name":"wp","href":"https:\/\/api.w.org\/{rel}","templated":true}]}}