{"id":5684,"date":"2018-06-18T18:29:50","date_gmt":"2018-06-18T16:29:50","guid":{"rendered":"https:\/\/www.aq-arium.com\/aqmarine\/?page_id=5684"},"modified":"2021-09-03T08:42:31","modified_gmt":"2021-09-03T07:42:31","slug":"sander-ozonizadores","status":"publish","type":"page","link":"https:\/\/www.aq-arium.com\/aqmarine\/sander-ozonizadores\/","title":{"rendered":"Sander Certizon &#8211; Ozonizadores"},"content":{"rendered":"<p>La gama de ozonizadores Sander Certizon se ofrece desde 25 mg\/h a\u00a0500 mg\/h de producci\u00f3n de ozono.<\/p>\n<p>Todos los ozonizadores Certizon est\u00e1n equipados con un\u00a0regulador\u00a0para un ajuste f\u00e1cil y continuo.<\/p>\n<p>El dise\u00f1o ligero y compacto, hace f\u00e1cil su instalaci\u00f3n\u00a0y funcionamiento\u00a0\u00a0en un\u00a0cualquier sitio.<\/p>\n<div class=\"ctsc-column ctsc-col3\">\n<p><img loading=\"lazy\" decoding=\"async\" class=\"alignnone wp-image-5685 size-medium\" src=\"https:\/\/www.aq-arium.com\/aqmarine\/wp-content\/uploads\/2018\/06\/image16-e1529395552960-285x300.png\" alt=\"image\" width=\"285\" height=\"300\" srcset=\"https:\/\/www.aq-arium.com\/aqmarine\/wp-content\/uploads\/2018\/06\/image16-e1529395552960-285x300.png 285w, https:\/\/www.aq-arium.com\/aqmarine\/wp-content\/uploads\/2018\/06\/image16-e1529395552960.png 448w\" sizes=\"auto, (max-width: 285px) 100vw, 285px\" \/><br \/>\n<div class=\"ctsc-feature  ctsc-feature- ctsc-feature-horizontal ctsc-feature-has-icon\"><div class=\"ctsc-feature-body\"><h4 class=\"ctsc-feature-title\">C-25<\/h4><div class=\"ctsc-feature-content\">\n<ul>\n<li>Salida : 2~25 mg\/h<\/li>\n<li>Ajuste Continuo : 0~100%<\/li>\n<li>Consumo : 3w<\/li>\n<li>Flujo de Aire : 50~500 l\/h<\/li>\n<li>Para acuarios de Agua dulce de : 500 l.<\/li>\n<li>Para acuarios de Agua Salada de : 250 l.<\/li>\n<\/ul>\n<\/div><\/div><\/div>\n<\/div><div class=\"ctsc-column ctsc-col3\">\n<p><img loading=\"lazy\" decoding=\"async\" class=\"alignnone wp-image-5686 size-medium\" src=\"https:\/\/www.aq-arium.com\/aqmarine\/wp-content\/uploads\/2018\/06\/image17-e1529395579724-294x300.png\" alt=\"image\" width=\"294\" height=\"300\" srcset=\"https:\/\/www.aq-arium.com\/aqmarine\/wp-content\/uploads\/2018\/06\/image17-e1529395579724-294x300.png 294w, https:\/\/www.aq-arium.com\/aqmarine\/wp-content\/uploads\/2018\/06\/image17-e1529395579724-50x50.png 50w, https:\/\/www.aq-arium.com\/aqmarine\/wp-content\/uploads\/2018\/06\/image17-e1529395579724.png 480w\" sizes=\"auto, (max-width: 294px) 100vw, 294px\" \/><\/p>\n<div class=\"ctsc-feature  ctsc-feature- ctsc-feature-horizontal ctsc-feature-has-icon\"><div class=\"ctsc-feature-body\"><h4 class=\"ctsc-feature-title\">C-50<\/h4><div class=\"ctsc-feature-content\">\n<ul>\n<li>Salida : 5~50\u00a0mg\/h<\/li>\n<li>Ajuste Continuo : 0~100%<\/li>\n<li>Consumo : 3,6w<\/li>\n<li>Flujo de Aire : 50~500 l\/h<\/li>\n<li>Para acuarios de Agua dulce de : 1000 l.<\/li>\n<li>Para acuarios de Agua Salada de : 500 l.<\/li>\n<\/ul>\n<\/div><\/div><\/div>\n\n<\/div><div class=\"ctsc-column ctsc-col3 ctsc-col-last\">\n<p><img loading=\"lazy\" decoding=\"async\" class=\"alignnone wp-image-5687 size-medium\" src=\"https:\/\/www.aq-arium.com\/aqmarine\/wp-content\/uploads\/2018\/06\/image18-e1529395609278-298x300.png\" alt=\"image\" width=\"298\" height=\"300\" srcset=\"https:\/\/www.aq-arium.com\/aqmarine\/wp-content\/uploads\/2018\/06\/image18-e1529395609278-298x300.png 298w, https:\/\/www.aq-arium.com\/aqmarine\/wp-content\/uploads\/2018\/06\/image18-e1529395609278-100x100.png 100w, https:\/\/www.aq-arium.com\/aqmarine\/wp-content\/uploads\/2018\/06\/image18-e1529395609278-150x150.png 150w, https:\/\/www.aq-arium.com\/aqmarine\/wp-content\/uploads\/2018\/06\/image18-e1529395609278-50x50.png 50w, https:\/\/www.aq-arium.com\/aqmarine\/wp-content\/uploads\/2018\/06\/image18-e1529395609278.png 500w\" sizes=\"auto, (max-width: 298px) 100vw, 298px\" \/><\/p>\n<div class=\"ctsc-feature  ctsc-feature- ctsc-feature-horizontal ctsc-feature-has-icon\"><div class=\"ctsc-feature-body\"><h4 class=\"ctsc-feature-title\">C-100<\/h4><div class=\"ctsc-feature-content\">\n<ul>\n<li>Salida : 10~100 mg\/h<\/li>\n<li>Ajuste Continuo : 0~100%<\/li>\n<li>Consumo : 4,8w<\/li>\n<li>Flujo de Aire : 50~500 l\/h<\/li>\n<li>Para acuarios de Agua dulce de : 2000 l.<\/li>\n<li>Para acuarios de Agua Salada de : 1000 l.<\/li>\n<\/ul>\n<\/div><\/div><\/div>\n\n<\/div><div class=\"col-divide\"><\/div>\n<div class=\"ctsc-separator  ctsc-separator-normal\"><div class=\"ctsc-separator-line\"><\/div><div class=\"clear\"><\/div><\/div>\n<div class=\"ctsc-column ctsc-col3\">\n<p><img loading=\"lazy\" decoding=\"async\" class=\"alignnone wp-image-5688 size-medium\" src=\"https:\/\/www.aq-arium.com\/aqmarine\/wp-content\/uploads\/2018\/06\/image19-e1529395651382-300x291.png\" alt=\"image\" width=\"300\" height=\"291\" srcset=\"https:\/\/www.aq-arium.com\/aqmarine\/wp-content\/uploads\/2018\/06\/image19-e1529395651382-300x291.png 300w, https:\/\/www.aq-arium.com\/aqmarine\/wp-content\/uploads\/2018\/06\/image19-e1529395651382-50x50.png 50w, https:\/\/www.aq-arium.com\/aqmarine\/wp-content\/uploads\/2018\/06\/image19-e1529395651382.png 464w\" sizes=\"auto, (max-width: 300px) 100vw, 300px\" \/><\/p>\n<div class=\"ctsc-feature  ctsc-feature- ctsc-feature-horizontal ctsc-feature-has-icon\"><div class=\"ctsc-feature-body\"><h4 class=\"ctsc-feature-title\">C-200<\/h4><div class=\"ctsc-feature-content\">\n<ul>\n<li>Salida : 50~200 mg\/h<\/li>\n<li>Ajuste Continuo : 0~100%<\/li>\n<li>Consumo : 6w<\/li>\n<li>Flujo de Aire : 100~500 l\/h<\/li>\n<li>Para acuarios de Agua dulce de : 4000 l.<\/li>\n<li>Para acuarios de Agua Salada de : 2000 l.<\/li>\n<\/ul>\n<\/div><\/div><\/div>\n\n<\/div><div class=\"ctsc-column ctsc-col3\">\n<p><img loading=\"lazy\" decoding=\"async\" class=\"alignnone wp-image-5689 size-medium\" src=\"https:\/\/www.aq-arium.com\/aqmarine\/wp-content\/uploads\/2018\/06\/image20-e1529395680738-300x300.png\" alt=\"image\" width=\"300\" height=\"300\" srcset=\"https:\/\/www.aq-arium.com\/aqmarine\/wp-content\/uploads\/2018\/06\/image20-e1529395680738-300x300.png 300w, https:\/\/www.aq-arium.com\/aqmarine\/wp-content\/uploads\/2018\/06\/image20-e1529395680738-100x100.png 100w, https:\/\/www.aq-arium.com\/aqmarine\/wp-content\/uploads\/2018\/06\/image20-e1529395680738-150x150.png 150w, https:\/\/www.aq-arium.com\/aqmarine\/wp-content\/uploads\/2018\/06\/image20-e1529395680738-50x50.png 50w, https:\/\/www.aq-arium.com\/aqmarine\/wp-content\/uploads\/2018\/06\/image20-e1529395680738-480x480.png 480w, https:\/\/www.aq-arium.com\/aqmarine\/wp-content\/uploads\/2018\/06\/image20-e1529395680738-320x320.png 320w, https:\/\/www.aq-arium.com\/aqmarine\/wp-content\/uploads\/2018\/06\/image20-e1529395680738-240x240.png 240w, https:\/\/www.aq-arium.com\/aqmarine\/wp-content\/uploads\/2018\/06\/image20-e1529395680738.png 496w\" sizes=\"auto, (max-width: 300px) 100vw, 300px\" \/><\/p>\n<div class=\"ctsc-feature  ctsc-feature- ctsc-feature-horizontal ctsc-feature-has-icon\"><div class=\"ctsc-feature-body\"><h4 class=\"ctsc-feature-title\">C-300<\/h4><div class=\"ctsc-feature-content\">\n<ul>\n<li>Salida : 50~300 mg\/h<\/li>\n<li>Ajuste Continuo : 0~100%<\/li>\n<li>Consumo : 10w<\/li>\n<li>Flujo de Aire : 200~500 l\/h<\/li>\n<li>Para acuarios de Agua dulce de : 6000 l.<\/li>\n<li>Para acuarios de Agua Salada de : 3000 l.<\/li>\n<\/ul>\n<\/div><\/div><\/div>\n<\/div><div class=\"ctsc-column ctsc-col3 ctsc-col-last\">\n<p><img loading=\"lazy\" decoding=\"async\" class=\"alignnone wp-image-5690 size-medium\" src=\"https:\/\/www.aq-arium.com\/aqmarine\/wp-content\/uploads\/2018\/06\/image21-e1529395823966-297x300.png\" alt=\"image\" width=\"297\" height=\"300\" \/><\/p>\n<div class=\"ctsc-feature  ctsc-feature- ctsc-feature-horizontal ctsc-feature-has-icon\"><div class=\"ctsc-feature-body\"><h4 class=\"ctsc-feature-title\">C-500<\/h4><div class=\"ctsc-feature-content\">\n<ul>\n<li>Salida : 0~500 mg\/h<\/li>\n<li>Ajuste Continuo : 0~100%<\/li>\n<li>Consumo : 12w<\/li>\n<li>Flujo de Aire : 200~1000 l\/h<\/li>\n<li>Para acuarios de Agua dulce de : 10000 l.<\/li>\n<li>Para acuarios de Agua Salada de : 5000 l.<\/li>\n<\/ul>\n<\/div><\/div><\/div>\n<\/div><div class=\"col-divide\"><\/div>\n<div class=\"ctsc-separator  ctsc-separator-normal\"><div class=\"ctsc-separator-line\"><\/div><div class=\"clear\"><\/div><\/div>\n<h3><strong>\u00bfCu\u00e1nto ozono se requiere?<\/strong><\/h3>\n<p>Diferentes circunstancias en un acuario resultan en diferentes condiciones de agua. Por lo tanto, elementos como la cantidad de seres vivos, la calidad y la cantidad de alimento, el sistema de filtro y otros muchos criterios tienen un impacto en las condiciones del agua.<\/p>\n<p>Como regla general, la capacidad del ozonizador debe calcularse en 10 mg de ozono por 100 l de agua. Este valor emp\u00edrico es el resultado de varios a\u00f1os de experiencia. En la acuar\u00edstica moderna hay muchos acuaristas especializados que necesitan tener definidas las condiciones del agua para sus animales. En este caso, recomendamos el uso de una unidad de medici\u00f3n y regulaci\u00f3n de potencial redox Sander.<\/p>\n<p>La unidad de medici\u00f3n y regulaci\u00f3n del potencial redox controla los tipos de ozonizador Sander C, S y XT, por lo que se proporciona una dosis constante de ozono.<\/p>\n<p>El potencial redox del agua se mide por medio de un electrodo y se muestra en una pantalla digital. Puede configurar el punto de ajuste requerido desde el controlador redox. Si el valor redox medido excede el punto de ajuste, el ozonizador se desconecta. Si el valor redox medido cae por debajo del punto de ajuste, el ozonizador se enciende.<\/p>\n<p>De modo que garantiza una purificaci\u00f3n constante del agua de su acuario sin sobredosis de ozono.<\/p>\n<p>En general, los acuarios funcionan con valores redox entre 200 mV y 350 mV.<\/p>\n<p>Para el inicio inicial de un ozonizador, recomendamos aumentar la capacidad de ozono lentamente durante varios d\u00edas.<\/p>\n<p><img loading=\"lazy\" decoding=\"async\" class=\"alignnone size-full wp-image-5693\" src=\"https:\/\/www.aq-arium.com\/aqmarine\/wp-content\/uploads\/2018\/06\/oafaalgoiglilpdi.jpg\" alt=\"oafaalgoiglilpdi\" width=\"414\" height=\"336\" srcset=\"https:\/\/www.aq-arium.com\/aqmarine\/wp-content\/uploads\/2018\/06\/oafaalgoiglilpdi.jpg 414w, https:\/\/www.aq-arium.com\/aqmarine\/wp-content\/uploads\/2018\/06\/oafaalgoiglilpdi-300x243.jpg 300w\" sizes=\"auto, (max-width: 414px) 100vw, 414px\" \/><\/p>\n<p><strong>Descargas Disponibles<\/strong><\/p>\n<div class='w3eden'>\n    <div class=''>\n\n        \n        <div id=\"content_wpdm_package_1\">\n            <div class='row'><div class='col-lg-12 col-md-6 col-12'><!-- WPDM Link Template: Default Template -->\n\n<div class=\"link-template-default card mb-2\">\n    <div class=\"card-body\">\n        <div class=\"media\">\n            <div class=\"mr-3 img-48\"><img decoding=\"async\" class=\"wpdm_icon\" alt=\"Icono\"   src=\"https:\/\/www.aq-arium.com\/aqmarine\/wp-content\/plugins\/download-manager\/assets\/file-type-icons\/pdf.png\" \/><\/div>\n            <div class=\"media-body\">\n                <h3 class=\"package-title\"><a href='https:\/\/www.aq-arium.com\/aqmarine\/download\/sander-ozon-s500-1000-instrucoes-de-utilizacao-pt\/'>Sander - Ozon S500-1000 Instru\u00e7\u00f5es de utiliza\u00e7\u00e3o PT<\/a><\/h3>\n                <div class=\"text-muted text-small\"><i class=\"fas fa-copy\"><\/i> 1 archivo(s) <i class=\"fas fa-hdd ml-3\"><\/i> 100.68 KB<\/div>\n            <\/div>\n            <div class=\"ml-3\">\n                <a class='wpdm-download-link download-on-click btn btn-primary btn-xs' rel='nofollow' href='#' data-downloadurl=\"https:\/\/www.aq-arium.com\/aqmarine\/download\/sander-ozon-s500-1000-instrucoes-de-utilizacao-pt\/?wpdmdl=5702&refresh=69f517503cb301777669968\">Descargar<\/a>\n            <\/div>\n        <\/div>\n    <\/div>\n<\/div>\n\n<\/div><div class='col-lg-12 col-md-6 col-12'><!-- WPDM Link Template: Default Template -->\n\n<div class=\"link-template-default card mb-2\">\n    <div class=\"card-body\">\n        <div class=\"media\">\n            <div class=\"mr-3 img-48\"><img decoding=\"async\" class=\"wpdm_icon\" alt=\"Icono\"   src=\"https:\/\/www.aq-arium.com\/aqmarine\/wp-content\/plugins\/download-manager\/assets\/file-type-icons\/pdf.png\" \/><\/div>\n            <div class=\"media-body\">\n                <h3 class=\"package-title\"><a href='https:\/\/www.aq-arium.com\/aqmarine\/download\/sander-ozon-certizon-instrucoes-de-utilizacao-pt\/'>Sander - Ozon Certizon Instrucoes de utiliza\u00e7\u00e3o PT<\/a><\/h3>\n                <div class=\"text-muted text-small\"><i class=\"fas fa-copy\"><\/i> 1 archivo(s) <i class=\"fas fa-hdd ml-3\"><\/i> 108.01 KB<\/div>\n            <\/div>\n            <div class=\"ml-3\">\n                <a class='wpdm-download-link download-on-click btn btn-primary btn-xs' rel='nofollow' href='#' data-downloadurl=\"https:\/\/www.aq-arium.com\/aqmarine\/download\/sander-ozon-certizon-instrucoes-de-utilizacao-pt\/?wpdmdl=5700&refresh=69f517505807f1777669968\">Descargar<\/a>\n            <\/div>\n        <\/div>\n    <\/div>\n<\/div>\n\n<\/div><div class='col-lg-12 col-md-6 col-12'><!-- WPDM Link Template: Default Template -->\n\n<div class=\"link-template-default card mb-2\">\n    <div class=\"card-body\">\n        <div class=\"media\">\n            <div class=\"mr-3 img-48\"><img decoding=\"async\" class=\"wpdm_icon\" alt=\"Icono\"   src=\"https:\/\/www.aq-arium.com\/aqmarine\/wp-content\/plugins\/download-manager\/assets\/file-type-icons\/pdf.png\" \/><\/div>\n            <div class=\"media-body\">\n                <h3 class=\"package-title\"><a href='https:\/\/www.aq-arium.com\/aqmarine\/download\/sander-ozonizador-s500-s1000-instrucciones-de-uso-es\/'>Sander - Ozonizador S500-S1000 Instrucciones de uso ES<\/a><\/h3>\n                <div class=\"text-muted text-small\"><i class=\"fas fa-copy\"><\/i> 1 archivo(s) <i class=\"fas fa-hdd ml-3\"><\/i> 132.45 KB<\/div>\n            <\/div>\n            <div class=\"ml-3\">\n                <a class='wpdm-download-link download-on-click btn btn-primary btn-xs' rel='nofollow' href='#' data-downloadurl=\"https:\/\/www.aq-arium.com\/aqmarine\/download\/sander-ozonizador-s500-s1000-instrucciones-de-uso-es\/?wpdmdl=5697&refresh=69f517505d1971777669968\">Descargar<\/a>\n            <\/div>\n        <\/div>\n    <\/div>\n<\/div>\n\n<\/div><div class='col-lg-12 col-md-6 col-12'><!-- WPDM Link Template: Default Template -->\n\n<div class=\"link-template-default card mb-2\">\n    <div class=\"card-body\">\n        <div class=\"media\">\n            <div class=\"mr-3 img-48\"><img decoding=\"async\" class=\"wpdm_icon\" alt=\"Icono\"   src=\"https:\/\/www.aq-arium.com\/aqmarine\/wp-content\/plugins\/download-manager\/assets\/file-type-icons\/pdf.png\" \/><\/div>\n            <div class=\"media-body\">\n                <h3 class=\"package-title\"><a href='https:\/\/www.aq-arium.com\/aqmarine\/download\/sander-ozonizador-certizon\/'>Sander - Ozonizador Certizon ES<\/a><\/h3>\n                <div class=\"text-muted text-small\"><i class=\"fas fa-copy\"><\/i> 1 archivo(s) <i class=\"fas fa-hdd ml-3\"><\/i> 103.43 KB<\/div>\n            <\/div>\n            <div class=\"ml-3\">\n                <a class='wpdm-download-link download-on-click btn btn-primary btn-xs' rel='nofollow' href='#' data-downloadurl=\"https:\/\/www.aq-arium.com\/aqmarine\/download\/sander-ozonizador-certizon\/?wpdmdl=5695&refresh=69f51750644bc1777669968\">Descargar<\/a>\n            <\/div>\n        <\/div>\n    <\/div>\n<\/div>\n\n<\/div><\/div>            <div style='clear:both'><\/div><div class='text-center'><ul class='pagination wpdm-pagination pagination-centered text-center'><\/ul><\/div><div style='clear:both'><\/div>        <\/div>\n\n        <div style='clear:both'><\/div>\n    <\/div>\n<\/div>\n\n","protected":false},"excerpt":{"rendered":"<p>La gama de ozonizadores Sander Certizon se ofrece desde 25 mg\/h a\u00a0500 mg\/h de producci\u00f3n de ozono. Todos los ozonizadores Certizon est\u00e1n equipados con un\u00a0regulador\u00a0para un ajuste f\u00e1cil y continuo. El dise\u00f1o ligero y compacto, hace f\u00e1cil su instalaci\u00f3n\u00a0y funcionamiento\u00a0\u00a0en un\u00a0cualquier sitio. \u00bfCu\u00e1nto ozono se requiere? Diferentes circunstancias en un acuario resultan en diferentes condiciones [&hellip;]<\/p>\n","protected":false},"author":1,"featured_media":0,"parent":0,"menu_order":0,"comment_status":"closed","ping_status":"closed","template":"","meta":{"_acf_changed":false,"footnotes":""},"class_list":["post-5684","page","type-page","status-publish","hentry"],"acf":[],"yoast_head":"<!-- This site is optimized with the Yoast SEO plugin v23.9 - https:\/\/yoast.com\/wordpress\/plugins\/seo\/ -->\n<title>Sander Certizon - Ozonizadores - AQ, Aquarium Solutions<\/title>\n<meta name=\"description\" content=\"Los ozonizadores Sander Certizon est\u00e1n equipados con un\u00a0regulador\u00a0para un ajuste f\u00e1cil y continuo. Dise\u00f1o ligero y compacto.\" \/>\n<meta name=\"robots\" content=\"index, follow, max-snippet:-1, max-image-preview:large, max-video-preview:-1\" \/>\n<link rel=\"canonical\" href=\"https:\/\/www.aq-arium.com\/aqmarine\/sander-ozonizadores\/\" \/>\n<meta property=\"og:locale\" content=\"es_ES\" \/>\n<meta property=\"og:type\" content=\"article\" \/>\n<meta property=\"og:title\" content=\"Sander Certizon - Ozonizadores - AQ, Aquarium Solutions\" \/>\n<meta property=\"og:description\" content=\"Los ozonizadores Sander Certizon est\u00e1n equipados con un\u00a0regulador\u00a0para un ajuste f\u00e1cil y continuo. Dise\u00f1o ligero y compacto.\" \/>\n<meta property=\"og:url\" content=\"https:\/\/www.aq-arium.com\/aqmarine\/sander-ozonizadores\/\" \/>\n<meta property=\"og:site_name\" content=\"AQ, Aquarium Solutions\" \/>\n<meta property=\"article:publisher\" content=\"https:\/\/www.instagram.com\/aq.arium\/\" \/>\n<meta property=\"article:modified_time\" content=\"2021-09-03T07:42:31+00:00\" \/>\n<meta property=\"og:image\" content=\"https:\/\/www.aq-arium.com\/aqmarine\/wp-content\/uploads\/2018\/06\/image16-e1529395552960-285x300.png\" \/>\n<meta name=\"twitter:card\" content=\"summary_large_image\" \/>\n<meta name=\"twitter:site\" content=\"@AArium56877\" \/>\n<meta name=\"twitter:label1\" content=\"Tiempo de lectura\" \/>\n\t<meta name=\"twitter:data1\" content=\"3 minutos\" \/>\n<script type=\"application\/ld+json\" class=\"yoast-schema-graph\">{\"@context\":\"https:\/\/schema.org\",\"@graph\":[{\"@type\":\"WebPage\",\"@id\":\"https:\/\/www.aq-arium.com\/aqmarine\/sander-ozonizadores\/\",\"url\":\"https:\/\/www.aq-arium.com\/aqmarine\/sander-ozonizadores\/\",\"name\":\"Sander Certizon - Ozonizadores - AQ, Aquarium Solutions\",\"isPartOf\":{\"@id\":\"https:\/\/www.aq-arium.com\/aqmarine\/#website\"},\"primaryImageOfPage\":{\"@id\":\"https:\/\/www.aq-arium.com\/aqmarine\/sander-ozonizadores\/#primaryimage\"},\"image\":{\"@id\":\"https:\/\/www.aq-arium.com\/aqmarine\/sander-ozonizadores\/#primaryimage\"},\"thumbnailUrl\":\"https:\/\/www.aq-arium.com\/aqmarine\/wp-content\/uploads\/2018\/06\/image16-e1529395552960-285x300.png\",\"datePublished\":\"2018-06-18T16:29:50+00:00\",\"dateModified\":\"2021-09-03T07:42:31+00:00\",\"description\":\"Los ozonizadores Sander Certizon est\u00e1n equipados con un\u00a0regulador\u00a0para un ajuste f\u00e1cil y continuo. Dise\u00f1o ligero y compacto.\",\"breadcrumb\":{\"@id\":\"https:\/\/www.aq-arium.com\/aqmarine\/sander-ozonizadores\/#breadcrumb\"},\"inLanguage\":\"es-ES\",\"potentialAction\":[{\"@type\":\"ReadAction\",\"target\":[\"https:\/\/www.aq-arium.com\/aqmarine\/sander-ozonizadores\/\"]}]},{\"@type\":\"ImageObject\",\"inLanguage\":\"es-ES\",\"@id\":\"https:\/\/www.aq-arium.com\/aqmarine\/sander-ozonizadores\/#primaryimage\",\"url\":\"https:\/\/www.aq-arium.com\/aqmarine\/wp-content\/uploads\/2018\/06\/image16-e1529395552960-285x300.png\",\"contentUrl\":\"https:\/\/www.aq-arium.com\/aqmarine\/wp-content\/uploads\/2018\/06\/image16-e1529395552960-285x300.png\"},{\"@type\":\"BreadcrumbList\",\"@id\":\"https:\/\/www.aq-arium.com\/aqmarine\/sander-ozonizadores\/#breadcrumb\",\"itemListElement\":[{\"@type\":\"ListItem\",\"position\":1,\"name\":\"Portada\",\"item\":\"https:\/\/www.aq-arium.com\/aqmarine\/\"},{\"@type\":\"ListItem\",\"position\":2,\"name\":\"Sander Certizon &#8211; Ozonizadores\"}]},{\"@type\":\"WebSite\",\"@id\":\"https:\/\/www.aq-arium.com\/aqmarine\/#website\",\"url\":\"https:\/\/www.aq-arium.com\/aqmarine\/\",\"name\":\"AQ, Aquarium Solutions\",\"description\":\"Productos para Acuario Marino y Dulce\",\"publisher\":{\"@id\":\"https:\/\/www.aq-arium.com\/aqmarine\/#organization\"},\"potentialAction\":[{\"@type\":\"SearchAction\",\"target\":{\"@type\":\"EntryPoint\",\"urlTemplate\":\"https:\/\/www.aq-arium.com\/aqmarine\/?s={search_term_string}\"},\"query-input\":{\"@type\":\"PropertyValueSpecification\",\"valueRequired\":true,\"valueName\":\"search_term_string\"}}],\"inLanguage\":\"es-ES\"},{\"@type\":\"Organization\",\"@id\":\"https:\/\/www.aq-arium.com\/aqmarine\/#organization\",\"name\":\"AQ-arium Solutions\",\"url\":\"https:\/\/www.aq-arium.com\/aqmarine\/\",\"logo\":{\"@type\":\"ImageObject\",\"inLanguage\":\"es-ES\",\"@id\":\"https:\/\/www.aq-arium.com\/aqmarine\/#\/schema\/logo\/image\/\",\"url\":\"https:\/\/www.aq-arium.com\/aqmarine\/wp-content\/uploads\/2021\/08\/AQ-arium-Solutions-logo-100x47px-1.png\",\"contentUrl\":\"https:\/\/www.aq-arium.com\/aqmarine\/wp-content\/uploads\/2021\/08\/AQ-arium-Solutions-logo-100x47px-1.png\",\"width\":100,\"height\":47,\"caption\":\"AQ-arium Solutions\"},\"image\":{\"@id\":\"https:\/\/www.aq-arium.com\/aqmarine\/#\/schema\/logo\/image\/\"},\"sameAs\":[\"https:\/\/www.instagram.com\/aq.arium\/\",\"https:\/\/x.com\/AArium56877\"]}]}<\/script>\n<!-- \/ Yoast SEO plugin. -->","yoast_head_json":{"title":"Sander Certizon - Ozonizadores - AQ, Aquarium Solutions","description":"Los ozonizadores Sander Certizon est\u00e1n equipados con un\u00a0regulador\u00a0para un ajuste f\u00e1cil y continuo. Dise\u00f1o ligero y compacto.","robots":{"index":"index","follow":"follow","max-snippet":"max-snippet:-1","max-image-preview":"max-image-preview:large","max-video-preview":"max-video-preview:-1"},"canonical":"https:\/\/www.aq-arium.com\/aqmarine\/sander-ozonizadores\/","og_locale":"es_ES","og_type":"article","og_title":"Sander Certizon - Ozonizadores - AQ, Aquarium Solutions","og_description":"Los ozonizadores Sander Certizon est\u00e1n equipados con un\u00a0regulador\u00a0para un ajuste f\u00e1cil y continuo. Dise\u00f1o ligero y compacto.","og_url":"https:\/\/www.aq-arium.com\/aqmarine\/sander-ozonizadores\/","og_site_name":"AQ, Aquarium Solutions","article_publisher":"https:\/\/www.instagram.com\/aq.arium\/","article_modified_time":"2021-09-03T07:42:31+00:00","og_image":[{"url":"https:\/\/www.aq-arium.com\/aqmarine\/wp-content\/uploads\/2018\/06\/image16-e1529395552960-285x300.png"}],"twitter_card":"summary_large_image","twitter_site":"@AArium56877","twitter_misc":{"Tiempo de lectura":"3 minutos"},"schema":{"@context":"https:\/\/schema.org","@graph":[{"@type":"WebPage","@id":"https:\/\/www.aq-arium.com\/aqmarine\/sander-ozonizadores\/","url":"https:\/\/www.aq-arium.com\/aqmarine\/sander-ozonizadores\/","name":"Sander Certizon - Ozonizadores - AQ, Aquarium Solutions","isPartOf":{"@id":"https:\/\/www.aq-arium.com\/aqmarine\/#website"},"primaryImageOfPage":{"@id":"https:\/\/www.aq-arium.com\/aqmarine\/sander-ozonizadores\/#primaryimage"},"image":{"@id":"https:\/\/www.aq-arium.com\/aqmarine\/sander-ozonizadores\/#primaryimage"},"thumbnailUrl":"https:\/\/www.aq-arium.com\/aqmarine\/wp-content\/uploads\/2018\/06\/image16-e1529395552960-285x300.png","datePublished":"2018-06-18T16:29:50+00:00","dateModified":"2021-09-03T07:42:31+00:00","description":"Los ozonizadores Sander Certizon est\u00e1n equipados con un\u00a0regulador\u00a0para un ajuste f\u00e1cil y continuo. Dise\u00f1o ligero y compacto.","breadcrumb":{"@id":"https:\/\/www.aq-arium.com\/aqmarine\/sander-ozonizadores\/#breadcrumb"},"inLanguage":"es-ES","potentialAction":[{"@type":"ReadAction","target":["https:\/\/www.aq-arium.com\/aqmarine\/sander-ozonizadores\/"]}]},{"@type":"ImageObject","inLanguage":"es-ES","@id":"https:\/\/www.aq-arium.com\/aqmarine\/sander-ozonizadores\/#primaryimage","url":"https:\/\/www.aq-arium.com\/aqmarine\/wp-content\/uploads\/2018\/06\/image16-e1529395552960-285x300.png","contentUrl":"https:\/\/www.aq-arium.com\/aqmarine\/wp-content\/uploads\/2018\/06\/image16-e1529395552960-285x300.png"},{"@type":"BreadcrumbList","@id":"https:\/\/www.aq-arium.com\/aqmarine\/sander-ozonizadores\/#breadcrumb","itemListElement":[{"@type":"ListItem","position":1,"name":"Portada","item":"https:\/\/www.aq-arium.com\/aqmarine\/"},{"@type":"ListItem","position":2,"name":"Sander Certizon &#8211; Ozonizadores"}]},{"@type":"WebSite","@id":"https:\/\/www.aq-arium.com\/aqmarine\/#website","url":"https:\/\/www.aq-arium.com\/aqmarine\/","name":"AQ, Aquarium Solutions","description":"Productos para Acuario Marino y Dulce","publisher":{"@id":"https:\/\/www.aq-arium.com\/aqmarine\/#organization"},"potentialAction":[{"@type":"SearchAction","target":{"@type":"EntryPoint","urlTemplate":"https:\/\/www.aq-arium.com\/aqmarine\/?s={search_term_string}"},"query-input":{"@type":"PropertyValueSpecification","valueRequired":true,"valueName":"search_term_string"}}],"inLanguage":"es-ES"},{"@type":"Organization","@id":"https:\/\/www.aq-arium.com\/aqmarine\/#organization","name":"AQ-arium Solutions","url":"https:\/\/www.aq-arium.com\/aqmarine\/","logo":{"@type":"ImageObject","inLanguage":"es-ES","@id":"https:\/\/www.aq-arium.com\/aqmarine\/#\/schema\/logo\/image\/","url":"https:\/\/www.aq-arium.com\/aqmarine\/wp-content\/uploads\/2021\/08\/AQ-arium-Solutions-logo-100x47px-1.png","contentUrl":"https:\/\/www.aq-arium.com\/aqmarine\/wp-content\/uploads\/2021\/08\/AQ-arium-Solutions-logo-100x47px-1.png","width":100,"height":47,"caption":"AQ-arium Solutions"},"image":{"@id":"https:\/\/www.aq-arium.com\/aqmarine\/#\/schema\/logo\/image\/"},"sameAs":["https:\/\/www.instagram.com\/aq.arium\/","https:\/\/x.com\/AArium56877"]}]}},"jetpack_sharing_enabled":true,"_links":{"self":[{"href":"https:\/\/www.aq-arium.com\/aqmarine\/wp-json\/wp\/v2\/pages\/5684","targetHints":{"allow":["GET"]}}],"collection":[{"href":"https:\/\/www.aq-arium.com\/aqmarine\/wp-json\/wp\/v2\/pages"}],"about":[{"href":"https:\/\/www.aq-arium.com\/aqmarine\/wp-json\/wp\/v2\/types\/page"}],"author":[{"embeddable":true,"href":"https:\/\/www.aq-arium.com\/aqmarine\/wp-json\/wp\/v2\/users\/1"}],"replies":[{"embeddable":true,"href":"https:\/\/www.aq-arium.com\/aqmarine\/wp-json\/wp\/v2\/comments?post=5684"}],"version-history":[{"count":0,"href":"https:\/\/www.aq-arium.com\/aqmarine\/wp-json\/wp\/v2\/pages\/5684\/revisions"}],"wp:attachment":[{"href":"https:\/\/www.aq-arium.com\/aqmarine\/wp-json\/wp\/v2\/media?parent=5684"}],"curies":[{"name":"wp","href":"https:\/\/api.w.org\/{rel}","templated":true}]}}