{"id":5049,"date":"2018-04-12T09:56:15","date_gmt":"2018-04-12T08:56:15","guid":{"rendered":"https:\/\/www.aq-arium.com\/aqmarine\/?page_id=5049"},"modified":"2018-04-16T09:54:13","modified_gmt":"2018-04-16T07:54:13","slug":"mantis-magnifier","status":"publish","type":"page","link":"https:\/\/www.aq-arium.com\/aqmarine\/acuario-marino\/mantis-magnifier\/","title":{"rendered":"Mantis &#8211; Magnifier"},"content":{"rendered":"<p><img loading=\"lazy\" decoding=\"async\" class=\"alignnone size-large wp-image-5042\" src=\"https:\/\/www.aq-arium.com\/aqmarine\/wp-content\/uploads\/2018\/04\/IMG_5336-1024x683.jpg\" alt=\"IMG_5336\" width=\"960\" height=\"640\" srcset=\"https:\/\/www.aq-arium.com\/aqmarine\/wp-content\/uploads\/2018\/04\/IMG_5336-1024x683.jpg 1024w, https:\/\/www.aq-arium.com\/aqmarine\/wp-content\/uploads\/2018\/04\/IMG_5336-600x400.jpg 600w, https:\/\/www.aq-arium.com\/aqmarine\/wp-content\/uploads\/2018\/04\/IMG_5336-300x200.jpg 300w, https:\/\/www.aq-arium.com\/aqmarine\/wp-content\/uploads\/2018\/04\/IMG_5336-960x640.jpg 960w, https:\/\/www.aq-arium.com\/aqmarine\/wp-content\/uploads\/2018\/04\/IMG_5336-480x320.jpg 480w, https:\/\/www.aq-arium.com\/aqmarine\/wp-content\/uploads\/2018\/04\/IMG_5336-320x213.jpg 320w, https:\/\/www.aq-arium.com\/aqmarine\/wp-content\/uploads\/2018\/04\/IMG_5336-240x160.jpg 240w\" sizes=\"auto, (max-width: 960px) 100vw, 960px\" \/><\/p>\n<p><strong>Mantis Magnifier<\/strong> es una lupa magn\u00e9tica de dos partes que le servir\u00e1 para descubrir un mundo nuevo que quedaba escondido en el sal\u00f3n de su casa.<\/p>\n<p>Con su <strong>gran abertura de\u00a09,3cm<\/strong> de di\u00e1metro le permitir\u00e1 tener una gran ventana al nuevo mundo diminuto.<\/p>\n<p>Adem\u00e1s, la parte exterior de la lupa magn\u00e9tica lleva una suave felpa para no rallar el cristal del acuario, y en el interior una parte rugosa para eliminar peque\u00f1as algas que hayan aparecido en el cristal, y as\u00ed tener una visi\u00f3n clara del interior del acuario con cristales no m\u00e1s <strong>gruesos de 15mm<\/strong>.<\/p>\n<p>Con el nuevo Mantis Magnifier, ver\u00e1s lo que antes no ve\u00edas.<\/p>\n<p><img loading=\"lazy\" decoding=\"async\" class=\"alignnone size-large wp-image-5043\" src=\"https:\/\/www.aq-arium.com\/aqmarine\/wp-content\/uploads\/2018\/04\/IMG_53372-1024x683.jpg\" alt=\"IMG_5337\" width=\"960\" height=\"640\" srcset=\"https:\/\/www.aq-arium.com\/aqmarine\/wp-content\/uploads\/2018\/04\/IMG_53372-1024x683.jpg 1024w, https:\/\/www.aq-arium.com\/aqmarine\/wp-content\/uploads\/2018\/04\/IMG_53372-600x400.jpg 600w, https:\/\/www.aq-arium.com\/aqmarine\/wp-content\/uploads\/2018\/04\/IMG_53372-300x200.jpg 300w, https:\/\/www.aq-arium.com\/aqmarine\/wp-content\/uploads\/2018\/04\/IMG_53372-960x640.jpg 960w, https:\/\/www.aq-arium.com\/aqmarine\/wp-content\/uploads\/2018\/04\/IMG_53372-480x320.jpg 480w, https:\/\/www.aq-arium.com\/aqmarine\/wp-content\/uploads\/2018\/04\/IMG_53372-320x213.jpg 320w, https:\/\/www.aq-arium.com\/aqmarine\/wp-content\/uploads\/2018\/04\/IMG_53372-240x160.jpg 240w\" sizes=\"auto, (max-width: 960px) 100vw, 960px\" \/> <img loading=\"lazy\" decoding=\"async\" class=\"alignnone size-large wp-image-5041\" src=\"https:\/\/www.aq-arium.com\/aqmarine\/wp-content\/uploads\/2018\/04\/IMG_5335-1024x683.jpg\" alt=\"IMG_5335\" width=\"960\" height=\"640\" srcset=\"https:\/\/www.aq-arium.com\/aqmarine\/wp-content\/uploads\/2018\/04\/IMG_5335-1024x683.jpg 1024w, https:\/\/www.aq-arium.com\/aqmarine\/wp-content\/uploads\/2018\/04\/IMG_5335-600x400.jpg 600w, https:\/\/www.aq-arium.com\/aqmarine\/wp-content\/uploads\/2018\/04\/IMG_5335-300x200.jpg 300w, https:\/\/www.aq-arium.com\/aqmarine\/wp-content\/uploads\/2018\/04\/IMG_5335-960x640.jpg 960w, https:\/\/www.aq-arium.com\/aqmarine\/wp-content\/uploads\/2018\/04\/IMG_5335-480x320.jpg 480w, https:\/\/www.aq-arium.com\/aqmarine\/wp-content\/uploads\/2018\/04\/IMG_5335-320x213.jpg 320w, https:\/\/www.aq-arium.com\/aqmarine\/wp-content\/uploads\/2018\/04\/IMG_5335-240x160.jpg 240w\" sizes=\"auto, (max-width: 960px) 100vw, 960px\" \/> <img loading=\"lazy\" decoding=\"async\" class=\"alignnone size-large wp-image-5040\" src=\"https:\/\/www.aq-arium.com\/aqmarine\/wp-content\/uploads\/2018\/04\/IMG_5334-1024x683.jpg\" alt=\"IMG_5334\" width=\"960\" height=\"640\" srcset=\"https:\/\/www.aq-arium.com\/aqmarine\/wp-content\/uploads\/2018\/04\/IMG_5334-1024x683.jpg 1024w, https:\/\/www.aq-arium.com\/aqmarine\/wp-content\/uploads\/2018\/04\/IMG_5334-600x400.jpg 600w, https:\/\/www.aq-arium.com\/aqmarine\/wp-content\/uploads\/2018\/04\/IMG_5334-300x200.jpg 300w, https:\/\/www.aq-arium.com\/aqmarine\/wp-content\/uploads\/2018\/04\/IMG_5334-960x640.jpg 960w, https:\/\/www.aq-arium.com\/aqmarine\/wp-content\/uploads\/2018\/04\/IMG_5334-480x320.jpg 480w, https:\/\/www.aq-arium.com\/aqmarine\/wp-content\/uploads\/2018\/04\/IMG_5334-320x213.jpg 320w, https:\/\/www.aq-arium.com\/aqmarine\/wp-content\/uploads\/2018\/04\/IMG_5334-240x160.jpg 240w\" sizes=\"auto, (max-width: 960px) 100vw, 960px\" \/><\/p>\n","protected":false},"excerpt":{"rendered":"<p>Mantis Magnifier es una lupa magn\u00e9tica de dos partes que le servir\u00e1 para descubrir un mundo nuevo que quedaba escondido en el sal\u00f3n de su casa. Con su gran abertura de\u00a09,3cm de di\u00e1metro le permitir\u00e1 tener una gran ventana al nuevo mundo diminuto. Adem\u00e1s, la parte exterior de la lupa magn\u00e9tica lleva una suave felpa [&hellip;]<\/p>\n","protected":false},"author":1,"featured_media":0,"parent":9115,"menu_order":0,"comment_status":"closed","ping_status":"closed","template":"","meta":{"_acf_changed":false,"footnotes":""},"class_list":["post-5049","page","type-page","status-publish","hentry"],"acf":[],"yoast_head":"<!-- This site is optimized with the Yoast SEO plugin v23.9 - https:\/\/yoast.com\/wordpress\/plugins\/seo\/ -->\n<title>Mantis - Magnifier - AQ, Aquarium Solutions<\/title>\n<meta name=\"robots\" content=\"index, follow, max-snippet:-1, max-image-preview:large, max-video-preview:-1\" \/>\n<link rel=\"canonical\" href=\"https:\/\/www.aq-arium.com\/aqmarine\/acuario-marino\/mantis-magnifier\/\" \/>\n<meta property=\"og:locale\" content=\"es_ES\" \/>\n<meta property=\"og:type\" content=\"article\" \/>\n<meta property=\"og:title\" content=\"Mantis - Magnifier - AQ, Aquarium Solutions\" \/>\n<meta property=\"og:description\" content=\"Mantis Magnifier es una lupa magn\u00e9tica de dos partes que le servir\u00e1 para descubrir un mundo nuevo que quedaba escondido en el sal\u00f3n de su casa. Con su gran abertura de\u00a09,3cm de di\u00e1metro le permitir\u00e1 tener una gran ventana al nuevo mundo diminuto. Adem\u00e1s, la parte exterior de la lupa magn\u00e9tica lleva una suave felpa [&hellip;]\" \/>\n<meta property=\"og:url\" content=\"https:\/\/www.aq-arium.com\/aqmarine\/acuario-marino\/mantis-magnifier\/\" \/>\n<meta property=\"og:site_name\" content=\"AQ, Aquarium Solutions\" \/>\n<meta property=\"article:publisher\" content=\"https:\/\/www.instagram.com\/aq.arium\/\" \/>\n<meta property=\"article:modified_time\" content=\"2018-04-16T07:54:13+00:00\" \/>\n<meta property=\"og:image\" content=\"https:\/\/www.aq-arium.com\/aqmarine\/wp-content\/uploads\/2018\/04\/IMG_5336-1024x683.jpg\" \/>\n<meta name=\"twitter:card\" content=\"summary_large_image\" \/>\n<meta name=\"twitter:site\" content=\"@AArium56877\" \/>\n<meta name=\"twitter:label1\" content=\"Tiempo de lectura\" \/>\n\t<meta name=\"twitter:data1\" content=\"1 minuto\" \/>\n<script type=\"application\/ld+json\" class=\"yoast-schema-graph\">{\"@context\":\"https:\/\/schema.org\",\"@graph\":[{\"@type\":\"WebPage\",\"@id\":\"https:\/\/www.aq-arium.com\/aqmarine\/acuario-marino\/mantis-magnifier\/\",\"url\":\"https:\/\/www.aq-arium.com\/aqmarine\/acuario-marino\/mantis-magnifier\/\",\"name\":\"Mantis - Magnifier - AQ, Aquarium Solutions\",\"isPartOf\":{\"@id\":\"https:\/\/www.aq-arium.com\/aqmarine\/#website\"},\"primaryImageOfPage\":{\"@id\":\"https:\/\/www.aq-arium.com\/aqmarine\/acuario-marino\/mantis-magnifier\/#primaryimage\"},\"image\":{\"@id\":\"https:\/\/www.aq-arium.com\/aqmarine\/acuario-marino\/mantis-magnifier\/#primaryimage\"},\"thumbnailUrl\":\"https:\/\/www.aq-arium.com\/aqmarine\/wp-content\/uploads\/2018\/04\/IMG_5336-1024x683.jpg\",\"datePublished\":\"2018-04-12T08:56:15+00:00\",\"dateModified\":\"2018-04-16T07:54:13+00:00\",\"breadcrumb\":{\"@id\":\"https:\/\/www.aq-arium.com\/aqmarine\/acuario-marino\/mantis-magnifier\/#breadcrumb\"},\"inLanguage\":\"es-ES\",\"potentialAction\":[{\"@type\":\"ReadAction\",\"target\":[\"https:\/\/www.aq-arium.com\/aqmarine\/acuario-marino\/mantis-magnifier\/\"]}]},{\"@type\":\"ImageObject\",\"inLanguage\":\"es-ES\",\"@id\":\"https:\/\/www.aq-arium.com\/aqmarine\/acuario-marino\/mantis-magnifier\/#primaryimage\",\"url\":\"https:\/\/www.aq-arium.com\/aqmarine\/wp-content\/uploads\/2018\/04\/IMG_5336-scaled.jpg\",\"contentUrl\":\"https:\/\/www.aq-arium.com\/aqmarine\/wp-content\/uploads\/2018\/04\/IMG_5336-scaled.jpg\",\"width\":2560,\"height\":1707},{\"@type\":\"BreadcrumbList\",\"@id\":\"https:\/\/www.aq-arium.com\/aqmarine\/acuario-marino\/mantis-magnifier\/#breadcrumb\",\"itemListElement\":[{\"@type\":\"ListItem\",\"position\":1,\"name\":\"Portada\",\"item\":\"https:\/\/www.aq-arium.com\/aqmarine\/\"},{\"@type\":\"ListItem\",\"position\":2,\"name\":\"ACUARIO MARINO\",\"item\":\"https:\/\/www.aq-arium.com\/aqmarine\/acuario-marino\/\"},{\"@type\":\"ListItem\",\"position\":3,\"name\":\"Mantis &#8211; Magnifier\"}]},{\"@type\":\"WebSite\",\"@id\":\"https:\/\/www.aq-arium.com\/aqmarine\/#website\",\"url\":\"https:\/\/www.aq-arium.com\/aqmarine\/\",\"name\":\"AQ, Aquarium Solutions\",\"description\":\"Productos para Acuario Marino y Dulce\",\"publisher\":{\"@id\":\"https:\/\/www.aq-arium.com\/aqmarine\/#organization\"},\"potentialAction\":[{\"@type\":\"SearchAction\",\"target\":{\"@type\":\"EntryPoint\",\"urlTemplate\":\"https:\/\/www.aq-arium.com\/aqmarine\/?s={search_term_string}\"},\"query-input\":{\"@type\":\"PropertyValueSpecification\",\"valueRequired\":true,\"valueName\":\"search_term_string\"}}],\"inLanguage\":\"es-ES\"},{\"@type\":\"Organization\",\"@id\":\"https:\/\/www.aq-arium.com\/aqmarine\/#organization\",\"name\":\"AQ-arium Solutions\",\"url\":\"https:\/\/www.aq-arium.com\/aqmarine\/\",\"logo\":{\"@type\":\"ImageObject\",\"inLanguage\":\"es-ES\",\"@id\":\"https:\/\/www.aq-arium.com\/aqmarine\/#\/schema\/logo\/image\/\",\"url\":\"https:\/\/www.aq-arium.com\/aqmarine\/wp-content\/uploads\/2021\/08\/AQ-arium-Solutions-logo-100x47px-1.png\",\"contentUrl\":\"https:\/\/www.aq-arium.com\/aqmarine\/wp-content\/uploads\/2021\/08\/AQ-arium-Solutions-logo-100x47px-1.png\",\"width\":100,\"height\":47,\"caption\":\"AQ-arium Solutions\"},\"image\":{\"@id\":\"https:\/\/www.aq-arium.com\/aqmarine\/#\/schema\/logo\/image\/\"},\"sameAs\":[\"https:\/\/www.instagram.com\/aq.arium\/\",\"https:\/\/x.com\/AArium56877\"]}]}<\/script>\n<!-- \/ Yoast SEO plugin. -->","yoast_head_json":{"title":"Mantis - Magnifier - AQ, Aquarium Solutions","robots":{"index":"index","follow":"follow","max-snippet":"max-snippet:-1","max-image-preview":"max-image-preview:large","max-video-preview":"max-video-preview:-1"},"canonical":"https:\/\/www.aq-arium.com\/aqmarine\/acuario-marino\/mantis-magnifier\/","og_locale":"es_ES","og_type":"article","og_title":"Mantis - Magnifier - AQ, Aquarium Solutions","og_description":"Mantis Magnifier es una lupa magn\u00e9tica de dos partes que le servir\u00e1 para descubrir un mundo nuevo que quedaba escondido en el sal\u00f3n de su casa. Con su gran abertura de\u00a09,3cm de di\u00e1metro le permitir\u00e1 tener una gran ventana al nuevo mundo diminuto. Adem\u00e1s, la parte exterior de la lupa magn\u00e9tica lleva una suave felpa [&hellip;]","og_url":"https:\/\/www.aq-arium.com\/aqmarine\/acuario-marino\/mantis-magnifier\/","og_site_name":"AQ, Aquarium Solutions","article_publisher":"https:\/\/www.instagram.com\/aq.arium\/","article_modified_time":"2018-04-16T07:54:13+00:00","og_image":[{"url":"https:\/\/www.aq-arium.com\/aqmarine\/wp-content\/uploads\/2018\/04\/IMG_5336-1024x683.jpg"}],"twitter_card":"summary_large_image","twitter_site":"@AArium56877","twitter_misc":{"Tiempo de lectura":"1 minuto"},"schema":{"@context":"https:\/\/schema.org","@graph":[{"@type":"WebPage","@id":"https:\/\/www.aq-arium.com\/aqmarine\/acuario-marino\/mantis-magnifier\/","url":"https:\/\/www.aq-arium.com\/aqmarine\/acuario-marino\/mantis-magnifier\/","name":"Mantis - Magnifier - AQ, Aquarium Solutions","isPartOf":{"@id":"https:\/\/www.aq-arium.com\/aqmarine\/#website"},"primaryImageOfPage":{"@id":"https:\/\/www.aq-arium.com\/aqmarine\/acuario-marino\/mantis-magnifier\/#primaryimage"},"image":{"@id":"https:\/\/www.aq-arium.com\/aqmarine\/acuario-marino\/mantis-magnifier\/#primaryimage"},"thumbnailUrl":"https:\/\/www.aq-arium.com\/aqmarine\/wp-content\/uploads\/2018\/04\/IMG_5336-1024x683.jpg","datePublished":"2018-04-12T08:56:15+00:00","dateModified":"2018-04-16T07:54:13+00:00","breadcrumb":{"@id":"https:\/\/www.aq-arium.com\/aqmarine\/acuario-marino\/mantis-magnifier\/#breadcrumb"},"inLanguage":"es-ES","potentialAction":[{"@type":"ReadAction","target":["https:\/\/www.aq-arium.com\/aqmarine\/acuario-marino\/mantis-magnifier\/"]}]},{"@type":"ImageObject","inLanguage":"es-ES","@id":"https:\/\/www.aq-arium.com\/aqmarine\/acuario-marino\/mantis-magnifier\/#primaryimage","url":"https:\/\/www.aq-arium.com\/aqmarine\/wp-content\/uploads\/2018\/04\/IMG_5336-scaled.jpg","contentUrl":"https:\/\/www.aq-arium.com\/aqmarine\/wp-content\/uploads\/2018\/04\/IMG_5336-scaled.jpg","width":2560,"height":1707},{"@type":"BreadcrumbList","@id":"https:\/\/www.aq-arium.com\/aqmarine\/acuario-marino\/mantis-magnifier\/#breadcrumb","itemListElement":[{"@type":"ListItem","position":1,"name":"Portada","item":"https:\/\/www.aq-arium.com\/aqmarine\/"},{"@type":"ListItem","position":2,"name":"ACUARIO MARINO","item":"https:\/\/www.aq-arium.com\/aqmarine\/acuario-marino\/"},{"@type":"ListItem","position":3,"name":"Mantis &#8211; Magnifier"}]},{"@type":"WebSite","@id":"https:\/\/www.aq-arium.com\/aqmarine\/#website","url":"https:\/\/www.aq-arium.com\/aqmarine\/","name":"AQ, Aquarium Solutions","description":"Productos para Acuario Marino y Dulce","publisher":{"@id":"https:\/\/www.aq-arium.com\/aqmarine\/#organization"},"potentialAction":[{"@type":"SearchAction","target":{"@type":"EntryPoint","urlTemplate":"https:\/\/www.aq-arium.com\/aqmarine\/?s={search_term_string}"},"query-input":{"@type":"PropertyValueSpecification","valueRequired":true,"valueName":"search_term_string"}}],"inLanguage":"es-ES"},{"@type":"Organization","@id":"https:\/\/www.aq-arium.com\/aqmarine\/#organization","name":"AQ-arium Solutions","url":"https:\/\/www.aq-arium.com\/aqmarine\/","logo":{"@type":"ImageObject","inLanguage":"es-ES","@id":"https:\/\/www.aq-arium.com\/aqmarine\/#\/schema\/logo\/image\/","url":"https:\/\/www.aq-arium.com\/aqmarine\/wp-content\/uploads\/2021\/08\/AQ-arium-Solutions-logo-100x47px-1.png","contentUrl":"https:\/\/www.aq-arium.com\/aqmarine\/wp-content\/uploads\/2021\/08\/AQ-arium-Solutions-logo-100x47px-1.png","width":100,"height":47,"caption":"AQ-arium Solutions"},"image":{"@id":"https:\/\/www.aq-arium.com\/aqmarine\/#\/schema\/logo\/image\/"},"sameAs":["https:\/\/www.instagram.com\/aq.arium\/","https:\/\/x.com\/AArium56877"]}]}},"jetpack_sharing_enabled":true,"_links":{"self":[{"href":"https:\/\/www.aq-arium.com\/aqmarine\/wp-json\/wp\/v2\/pages\/5049","targetHints":{"allow":["GET"]}}],"collection":[{"href":"https:\/\/www.aq-arium.com\/aqmarine\/wp-json\/wp\/v2\/pages"}],"about":[{"href":"https:\/\/www.aq-arium.com\/aqmarine\/wp-json\/wp\/v2\/types\/page"}],"author":[{"embeddable":true,"href":"https:\/\/www.aq-arium.com\/aqmarine\/wp-json\/wp\/v2\/users\/1"}],"replies":[{"embeddable":true,"href":"https:\/\/www.aq-arium.com\/aqmarine\/wp-json\/wp\/v2\/comments?post=5049"}],"version-history":[{"count":0,"href":"https:\/\/www.aq-arium.com\/aqmarine\/wp-json\/wp\/v2\/pages\/5049\/revisions"}],"up":[{"embeddable":true,"href":"https:\/\/www.aq-arium.com\/aqmarine\/wp-json\/wp\/v2\/pages\/9115"}],"wp:attachment":[{"href":"https:\/\/www.aq-arium.com\/aqmarine\/wp-json\/wp\/v2\/media?parent=5049"}],"curies":[{"name":"wp","href":"https:\/\/api.w.org\/{rel}","templated":true}]}}