{"id":3761,"date":"2016-03-15T13:21:07","date_gmt":"2016-03-15T12:21:07","guid":{"rendered":"https:\/\/www.aq-arium.com\/aqmarine\/?page_id=3761"},"modified":"2021-09-02T08:53:16","modified_gmt":"2021-09-02T07:53:16","slug":"euroquatics","status":"publish","type":"page","link":"https:\/\/www.aq-arium.com\/aqmarine\/euroquatics\/","title":{"rendered":"Euroquatics &#8211; La evoluci\u00f3n Led del tubo T5"},"content":{"rendered":"<h3>Mejorando los Acuarios a trav\u00e9s de la Innovaci\u00f3n.<\/h3>\n<p>Creemos que proporcionar productos realmente innovadores a precios razonables puede hacer que las empresas promuevan la sostenibilidad y la responsabilidad con el medio ambiente mediante la industria de los peces ornamentales.<\/p>\n<p>Euroquatics, forma parte del grupo Gavita con m\u00e1s de 30 a\u00f1os de experiencia en la iluminaci\u00f3n. Gavita, prueba e implementa nuevas tecnolog\u00edas como las LEP (Emitidor de luz de Plasma) y balastros electr\u00f3nicos de alta frecuencia. Gavita est\u00e1 constantemente trabajando para mejorar la industria.<\/p>\n<p><img loading=\"lazy\" decoding=\"async\" class=\"alignnone size-full wp-image-3766\" src=\"https:\/\/www.aq-arium.com\/aqmarine\/wp-content\/uploads\/2016\/03\/compo-e5.jpg\" alt=\"compo-e5\" width=\"800\" height=\"150\" srcset=\"https:\/\/www.aq-arium.com\/aqmarine\/wp-content\/uploads\/2016\/03\/compo-e5.jpg 800w, https:\/\/www.aq-arium.com\/aqmarine\/wp-content\/uploads\/2016\/03\/compo-e5-600x113.jpg 600w, https:\/\/www.aq-arium.com\/aqmarine\/wp-content\/uploads\/2016\/03\/compo-e5-300x56.jpg 300w\" sizes=\"auto, (max-width: 800px) 100vw, 800px\" \/><\/p>\n<h2>Los nuevos E5<\/h2>\n<h3>Tu pantalla de T5, ya no volver\u00e1 a ser una T5.<\/h3>\n<div class=\"ctsc-column ctsc-col2\">\n<h4>Que hace que las E5 sean tan Geniales.<\/h4>\n<ul>\n<li>Un ahorro medio de energ\u00eda del 45% en comparaci\u00f3n con las T5HO.<\/li>\n<li>Puede substituir directamente las antiguas l\u00e1mparas de T5HO (no requiere cambio de cableado).<\/li>\n<li>Mismos niveles de rendimiento que las T5HO.<\/li>\n<li>Completa gama de tama\u00f1os standard (24, 39, 54 y 80w).<\/li>\n<li>SIN mercurio ni otros materiales peligrosos.<\/li>\n<li>Vida \u00fatil de hasta 8 a\u00f1os.<\/li>\n<li>Luz de Alta calidad y reproducci\u00f3n del color.<\/li>\n<li>Tecnolog\u00eda de LED propia de f\u00f3sforo y personalizada.<\/li>\n<li>Altamente reciclable<\/li>\n<li>Garant\u00eda de 3 a\u00f1os.<\/li>\n<\/ul>\n<p><strong>Vida de la bombilla<\/strong><br \/>\n<div class=\"ctsc-progress ctsc-progress-  \" style=\" color:white;\"><div class=\"bar-content\" data-value=\"80\" style=\" background:#6699EE; color:white;\"><div class=\"bar-title\"> E5 - 8 a\u00f1os<\/div><\/div><\/div><div class=\"ctsc-progress ctsc-progress-  \" style=\" color:white;\"><div class=\"bar-content\" data-value=\"25\" style=\" background:#F36B4D; color:white;\"><div class=\"bar-title\"> T5 - 1 a\u00f1o<\/div><\/div><\/div>\n<p><strong>Garant\u00eda<\/strong><br \/>\n<div class=\"ctsc-progress ctsc-progress-  \" style=\" color:white;\"><div class=\"bar-content\" data-value=\"100\" style=\" background:#6699EE; color:white;\"><div class=\"bar-title\"> E5 - 3 a\u00f1os<\/div><\/div><\/div><div class=\"ctsc-progress ctsc-progress-  \" style=\" color:white;\"><div class=\"bar-content\" data-value=\"33\" style=\" background:#F36B4D; color:white;\"><div class=\"bar-title\"> T5 - 1~3 meses<\/div><\/div><\/div>\n<\/div><div class=\"ctsc-column ctsc-col2 ctsc-col-last\">\n<h4>Compraci\u00f3n Vida \u00datil E5 vs T5HO<\/h4>\n<p><img loading=\"lazy\" decoding=\"async\" class=\"alignnone size-full wp-image-3768\" src=\"https:\/\/www.aq-arium.com\/aqmarine\/wp-content\/uploads\/2016\/03\/E5vsT5.png\" alt=\"E5vsT5\" width=\"600\" height=\"600\" srcset=\"https:\/\/www.aq-arium.com\/aqmarine\/wp-content\/uploads\/2016\/03\/E5vsT5.png 600w, https:\/\/www.aq-arium.com\/aqmarine\/wp-content\/uploads\/2016\/03\/E5vsT5-300x300.png 300w, https:\/\/www.aq-arium.com\/aqmarine\/wp-content\/uploads\/2016\/03\/E5vsT5-100x100.png 100w, https:\/\/www.aq-arium.com\/aqmarine\/wp-content\/uploads\/2016\/03\/E5vsT5-150x150.png 150w, https:\/\/www.aq-arium.com\/aqmarine\/wp-content\/uploads\/2016\/03\/E5vsT5-50x50.png 50w, https:\/\/www.aq-arium.com\/aqmarine\/wp-content\/uploads\/2016\/03\/E5vsT5-480x480.png 480w, https:\/\/www.aq-arium.com\/aqmarine\/wp-content\/uploads\/2016\/03\/E5vsT5-320x320.png 320w, https:\/\/www.aq-arium.com\/aqmarine\/wp-content\/uploads\/2016\/03\/E5vsT5-240x240.png 240w\" sizes=\"auto, (max-width: 600px) 100vw, 600px\" \/><\/p>\n<p>El \u00e1rea marcada en rojo es donde las algas pueden tomar el control, aparecer y comprometer la salud de los corales por culpa de la baja calidad en el espectro.<\/p>\n<p>*Los datos est\u00e1n basados en el uso normal de 8~10 horas por d\u00eda y puede variar sensiblemente dependiendo del color.<\/p>\n<\/div><div class=\"col-divide\"><\/div>\n<h4>\u00bfPor qu\u00e9 cambiar a una E5?<\/h4>\n<p>La nueva E5 de Euroquatics (en asociaci\u00f3n con Transcend Lighting\u00ae), sustituye directamente a sus anticuadas l\u00e1mparas T5HO. Estas nuevas l\u00e1mparas basadas en tecnolog\u00eda LED, tienen el mismo rendimiento que las T5HO, pero consumen aproximadamente un 45% menos de energ\u00eda. Adem\u00e1s, estas nuevas l\u00e1mparas duran hasta 8 a\u00f1os y tienen una sorprendente garant\u00eda de 3 a\u00f1os.<\/p>\n<h4>Espectros disponibles<\/h4>\n<div class=\"ctsc-column ctsc-col4\">\n<p>Warm Daylight<\/p>\n<div class=\"ctsc-progress ctsc-progress-small  \" style=\" color:white;\"><div class=\"bar-content\" data-value=\"100\" style=\" background:#FEFBDE; color:white;\"><div class=\"bar-title\"> Warm Daylight<\/div><\/div><\/div>\n<p><img loading=\"lazy\" decoding=\"async\" class=\"alignnone size-medium wp-image-3770\" src=\"https:\/\/www.aq-arium.com\/aqmarine\/wp-content\/uploads\/2016\/03\/WDL-300x148.png\" alt=\"WDL\" width=\"300\" height=\"148\" srcset=\"https:\/\/www.aq-arium.com\/aqmarine\/wp-content\/uploads\/2016\/03\/WDL-300x148.png 300w, https:\/\/www.aq-arium.com\/aqmarine\/wp-content\/uploads\/2016\/03\/WDL-600x296.png 600w, https:\/\/www.aq-arium.com\/aqmarine\/wp-content\/uploads\/2016\/03\/WDL.png 915w\" sizes=\"auto, (max-width: 300px) 100vw, 300px\" \/><\/p>\n<\/div><div class=\"ctsc-column ctsc-col4\">\n<p>Daylight<\/p>\n<div class=\"ctsc-progress ctsc-progress-small  \" style=\" color:white;\"><div class=\"bar-content\" data-value=\"100\" style=\" background:#EFEFEF; color:white;\"><div class=\"bar-title\"> Daylight<\/div><\/div><\/div>\n<p><img loading=\"lazy\" decoding=\"async\" class=\"alignnone size-medium wp-image-3767\" src=\"https:\/\/www.aq-arium.com\/aqmarine\/wp-content\/uploads\/2016\/03\/DL-300x147.png\" alt=\"DL\" width=\"300\" height=\"147\" srcset=\"https:\/\/www.aq-arium.com\/aqmarine\/wp-content\/uploads\/2016\/03\/DL-300x147.png 300w, https:\/\/www.aq-arium.com\/aqmarine\/wp-content\/uploads\/2016\/03\/DL-600x294.png 600w, https:\/\/www.aq-arium.com\/aqmarine\/wp-content\/uploads\/2016\/03\/DL.png 923w\" sizes=\"auto, (max-width: 300px) 100vw, 300px\" \/><\/p>\n<\/div><div class=\"ctsc-column ctsc-col4\">\n<p>Cool Daylight<\/p>\n<div class=\"ctsc-progress ctsc-progress-small  \" style=\" color:white;\"><div class=\"bar-content\" data-value=\"100\" style=\" background:#D4E0F3; color:white;\"><div class=\"bar-title\"> Cool Daylight<\/div><\/div><\/div>\n<p><img loading=\"lazy\" decoding=\"async\" class=\"alignnone size-medium wp-image-3765\" src=\"https:\/\/www.aq-arium.com\/aqmarine\/wp-content\/uploads\/2016\/03\/CDL-300x149.png\" alt=\"CDL\" width=\"300\" height=\"149\" srcset=\"https:\/\/www.aq-arium.com\/aqmarine\/wp-content\/uploads\/2016\/03\/CDL-300x149.png 300w, https:\/\/www.aq-arium.com\/aqmarine\/wp-content\/uploads\/2016\/03\/CDL-600x297.png 600w, https:\/\/www.aq-arium.com\/aqmarine\/wp-content\/uploads\/2016\/03\/CDL-480x240.png 480w, https:\/\/www.aq-arium.com\/aqmarine\/wp-content\/uploads\/2016\/03\/CDL-320x160.png 320w, https:\/\/www.aq-arium.com\/aqmarine\/wp-content\/uploads\/2016\/03\/CDL-240x120.png 240w, https:\/\/www.aq-arium.com\/aqmarine\/wp-content\/uploads\/2016\/03\/CDL.png 913w\" sizes=\"auto, (max-width: 300px) 100vw, 300px\" \/><\/p>\n<\/div><div class=\"ctsc-column ctsc-col4 ctsc-col-last\">\n<p>Blue Daylight (Prox.)<\/p>\n<div class=\"ctsc-progress ctsc-progress-small  \" style=\" color:white;\"><div class=\"bar-content\" data-value=\"100\" style=\" background:#9FACFF; color:white;\"><div class=\"bar-title\"> Blue Daylight (prox.)<\/div><\/div><\/div>\n<p><img loading=\"lazy\" decoding=\"async\" class=\"alignnone size-medium wp-image-3763\" src=\"https:\/\/www.aq-arium.com\/aqmarine\/wp-content\/uploads\/2016\/03\/BDL-300x148.png\" alt=\"BDL\" width=\"300\" height=\"148\" srcset=\"https:\/\/www.aq-arium.com\/aqmarine\/wp-content\/uploads\/2016\/03\/BDL-300x148.png 300w, https:\/\/www.aq-arium.com\/aqmarine\/wp-content\/uploads\/2016\/03\/BDL-600x296.png 600w, https:\/\/www.aq-arium.com\/aqmarine\/wp-content\/uploads\/2016\/03\/BDL.png 915w\" sizes=\"auto, (max-width: 300px) 100vw, 300px\" \/><\/p>\n<\/div><div class=\"col-divide\"><\/div>\n<div class=\"ctsc-column ctsc-col4\">\n<p>Blue Pop (~450nm)<\/p>\n<div class=\"ctsc-progress ctsc-progress-small  \" style=\" color:white;\"><div class=\"bar-content\" data-value=\"100\" style=\" background:#4C35FF; color:white;\"><div class=\"bar-title\"> Blue Pop (~450nm)<\/div><\/div><\/div>\n<p><img loading=\"lazy\" decoding=\"async\" class=\"alignnone size-medium wp-image-3764\" style=\"line-height: 1.5;\" src=\"https:\/\/www.aq-arium.com\/aqmarine\/wp-content\/uploads\/2016\/03\/BP-300x147.png\" alt=\"BP\" width=\"300\" height=\"147\" srcset=\"https:\/\/www.aq-arium.com\/aqmarine\/wp-content\/uploads\/2016\/03\/BP-300x147.png 300w, https:\/\/www.aq-arium.com\/aqmarine\/wp-content\/uploads\/2016\/03\/BP-600x294.png 600w, https:\/\/www.aq-arium.com\/aqmarine\/wp-content\/uploads\/2016\/03\/BP.png 921w\" sizes=\"auto, (max-width: 300px) 100vw, 300px\" \/><br \/>\n<\/div><div class=\"ctsc-column ctsc-col4\">\n<p>Marine Pink (Prox.)<\/p>\n<div class=\"ctsc-progress ctsc-progress-small  \" style=\" color:white;\"><div class=\"bar-content\" data-value=\"100\" style=\" background:#FFBBFF; color:white;\"><div class=\"bar-title\"> Marine Pink (prox.)<\/div><\/div><\/div>\n<p><img loading=\"lazy\" decoding=\"async\" class=\"alignnone size-medium wp-image-3769\" src=\"https:\/\/www.aq-arium.com\/aqmarine\/wp-content\/uploads\/2016\/03\/MP-300x148.png\" alt=\"MP\" width=\"300\" height=\"148\" srcset=\"https:\/\/www.aq-arium.com\/aqmarine\/wp-content\/uploads\/2016\/03\/MP-300x148.png 300w, https:\/\/www.aq-arium.com\/aqmarine\/wp-content\/uploads\/2016\/03\/MP-600x296.png 600w, https:\/\/www.aq-arium.com\/aqmarine\/wp-content\/uploads\/2016\/03\/MP.png 915w\" sizes=\"auto, (max-width: 300px) 100vw, 300px\" \/><\/p>\n<\/div><div class=\"ctsc-column ctsc-col4\">\n<\/div><div class=\"ctsc-column ctsc-col4 ctsc-col-last\">\n<\/div><div class=\"col-divide\"><\/div>\n<h4>Consumo de energ\u00eda<\/h4>\n<div class=\"ctsc-tablist ctsc-tablist-horizontal\"><ul class=\"ctsc-tablist-nav\"><li><a href=\"#ctsc-tab-content-24w-550mm\">24w (550mm)<\/a><\/li><li><a href=\"#ctsc-tab-content-39w-850mm\">39w (850mm)<\/a><\/li><li><a href=\"#ctsc-tab-content-54w-1150mm\">54w (1150mm)<\/a><\/li><li><a href=\"#ctsc-tab-content-80w-1450mm\">80w (1450mm)<\/a><\/li><\/ul><div id=\"ctsc-tab-content-24w-550mm\" class=\"ctsc-tab-content\"><p>Consumo E5 : <strong>15w<\/strong><\/p>\n<p>Consumo T5HO : <strong>24w<\/strong><\/p><\/div>\n<div id=\"ctsc-tab-content-39w-850mm\" class=\"ctsc-tab-content\"><p>Consumo E5 :\u00a0<strong>23w<\/strong><\/p>\n<p>Consumo T5HO :\u00a0<strong>39w<\/strong><\/p><\/div>\n<div id=\"ctsc-tab-content-54w-1150mm\" class=\"ctsc-tab-content\"><p>Consumo E5 :\u00a0<strong>30w<\/strong><\/p>\n<p>Consumo T5HO :\u00a0<strong>54w<\/strong><\/p><\/div>\n<div id=\"ctsc-tab-content-80w-1450mm\" class=\"ctsc-tab-content\"><p>Consumo E5 :\u00a0<strong>45w<\/strong><\/p>\n<p>Consumo T5HO :\u00a0<strong>80w<\/strong><\/p><\/div><\/div>\n<p>Las l\u00e1mparas E5 tienen el mismo rendimiento que las l\u00e1mparas T5HO, pero requieren menos energ\u00eda.<\/p>\n<div class=\"ctsc-feature  ctsc-feature- ctsc-feature-normal ctsc-feature-has-icon\"><div class=\"ctsc-feature-icon\" style=\" background-color:#FF0000; color:#FFFFFF;\"><span class=\"icon-exclamation\"><\/span><\/div><div class=\"ctsc-feature-body\"><h4 class=\"ctsc-feature-title\">Conocimiento de pantallas o react\u00e1ncias que no funcionan con los nuevos E5<\/h4><div class=\"ctsc-feature-content\">\n<ul>\n<li>Giesemann Razor (all sizes)<\/li>\n<\/ul>\n<\/div><\/div><\/div>\n","protected":false},"excerpt":{"rendered":"<p>Mejorando los Acuarios a trav\u00e9s de la Innovaci\u00f3n. Creemos que proporcionar productos realmente innovadores a precios razonables puede hacer que las empresas promuevan la sostenibilidad y la responsabilidad con el medio ambiente mediante la industria de los peces ornamentales. Euroquatics, forma parte del grupo Gavita con m\u00e1s de 30 a\u00f1os de experiencia en la iluminaci\u00f3n. [&hellip;]<\/p>\n","protected":false},"author":1,"featured_media":15474,"parent":0,"menu_order":0,"comment_status":"closed","ping_status":"closed","template":"","meta":{"_acf_changed":false,"footnotes":""},"class_list":["post-3761","page","type-page","status-publish","has-post-thumbnail","hentry"],"acf":[],"yoast_head":"<!-- This site is optimized with the Yoast SEO plugin v23.9 - https:\/\/yoast.com\/wordpress\/plugins\/seo\/ -->\n<title>Euroquatics - La evoluci\u00f3n Led del tubo T5 - AQ, Aquarium Solutions<\/title>\n<meta name=\"description\" content=\"Basadas en tecnolog\u00eda LED, tienen el mismo rendimiento que los mejores T5, pero consumen aproximadamente un 45% menos de energ\u00eda.\" \/>\n<meta name=\"robots\" content=\"index, follow, max-snippet:-1, max-image-preview:large, max-video-preview:-1\" \/>\n<link rel=\"canonical\" href=\"https:\/\/www.aq-arium.com\/aqmarine\/euroquatics\/\" \/>\n<meta property=\"og:locale\" content=\"es_ES\" \/>\n<meta property=\"og:type\" content=\"article\" \/>\n<meta property=\"og:title\" content=\"Euroquatics - La evoluci\u00f3n Led del tubo T5 - AQ, Aquarium Solutions\" \/>\n<meta property=\"og:description\" content=\"Basadas en tecnolog\u00eda LED, tienen el mismo rendimiento que los mejores T5, pero consumen aproximadamente un 45% menos de energ\u00eda.\" \/>\n<meta property=\"og:url\" content=\"https:\/\/www.aq-arium.com\/aqmarine\/euroquatics\/\" \/>\n<meta property=\"og:site_name\" content=\"AQ, Aquarium Solutions\" \/>\n<meta property=\"article:publisher\" content=\"https:\/\/www.instagram.com\/aq.arium\/\" \/>\n<meta property=\"article:modified_time\" content=\"2021-09-02T07:53:16+00:00\" \/>\n<meta property=\"og:image\" content=\"https:\/\/www.aq-arium.com\/aqmarine\/wp-content\/uploads\/2020\/10\/1-Euroquatcis.jpg\" \/>\n\t<meta property=\"og:image:width\" content=\"500\" \/>\n\t<meta property=\"og:image:height\" content=\"500\" \/>\n\t<meta property=\"og:image:type\" content=\"image\/jpeg\" \/>\n<meta name=\"twitter:card\" content=\"summary_large_image\" \/>\n<meta name=\"twitter:site\" content=\"@AArium56877\" \/>\n<meta name=\"twitter:label1\" content=\"Tiempo de lectura\" \/>\n\t<meta name=\"twitter:data1\" content=\"3 minutos\" \/>\n<script type=\"application\/ld+json\" class=\"yoast-schema-graph\">{\"@context\":\"https:\/\/schema.org\",\"@graph\":[{\"@type\":\"WebPage\",\"@id\":\"https:\/\/www.aq-arium.com\/aqmarine\/euroquatics\/\",\"url\":\"https:\/\/www.aq-arium.com\/aqmarine\/euroquatics\/\",\"name\":\"Euroquatics - La evoluci\u00f3n Led del tubo T5 - AQ, Aquarium Solutions\",\"isPartOf\":{\"@id\":\"https:\/\/www.aq-arium.com\/aqmarine\/#website\"},\"primaryImageOfPage\":{\"@id\":\"https:\/\/www.aq-arium.com\/aqmarine\/euroquatics\/#primaryimage\"},\"image\":{\"@id\":\"https:\/\/www.aq-arium.com\/aqmarine\/euroquatics\/#primaryimage\"},\"thumbnailUrl\":\"https:\/\/www.aq-arium.com\/aqmarine\/wp-content\/uploads\/2020\/10\/1-Euroquatcis.jpg\",\"datePublished\":\"2016-03-15T12:21:07+00:00\",\"dateModified\":\"2021-09-02T07:53:16+00:00\",\"description\":\"Basadas en tecnolog\u00eda LED, tienen el mismo rendimiento que los mejores T5, pero consumen aproximadamente un 45% menos de energ\u00eda.\",\"breadcrumb\":{\"@id\":\"https:\/\/www.aq-arium.com\/aqmarine\/euroquatics\/#breadcrumb\"},\"inLanguage\":\"es-ES\",\"potentialAction\":[{\"@type\":\"ReadAction\",\"target\":[\"https:\/\/www.aq-arium.com\/aqmarine\/euroquatics\/\"]}]},{\"@type\":\"ImageObject\",\"inLanguage\":\"es-ES\",\"@id\":\"https:\/\/www.aq-arium.com\/aqmarine\/euroquatics\/#primaryimage\",\"url\":\"https:\/\/www.aq-arium.com\/aqmarine\/wp-content\/uploads\/2020\/10\/1-Euroquatcis.jpg\",\"contentUrl\":\"https:\/\/www.aq-arium.com\/aqmarine\/wp-content\/uploads\/2020\/10\/1-Euroquatcis.jpg\",\"width\":500,\"height\":500,\"caption\":\"EUROQUATICS\"},{\"@type\":\"BreadcrumbList\",\"@id\":\"https:\/\/www.aq-arium.com\/aqmarine\/euroquatics\/#breadcrumb\",\"itemListElement\":[{\"@type\":\"ListItem\",\"position\":1,\"name\":\"Portada\",\"item\":\"https:\/\/www.aq-arium.com\/aqmarine\/\"},{\"@type\":\"ListItem\",\"position\":2,\"name\":\"Euroquatics &#8211; La evoluci\u00f3n Led del tubo T5\"}]},{\"@type\":\"WebSite\",\"@id\":\"https:\/\/www.aq-arium.com\/aqmarine\/#website\",\"url\":\"https:\/\/www.aq-arium.com\/aqmarine\/\",\"name\":\"AQ, Aquarium Solutions\",\"description\":\"Productos para Acuario Marino y Dulce\",\"publisher\":{\"@id\":\"https:\/\/www.aq-arium.com\/aqmarine\/#organization\"},\"potentialAction\":[{\"@type\":\"SearchAction\",\"target\":{\"@type\":\"EntryPoint\",\"urlTemplate\":\"https:\/\/www.aq-arium.com\/aqmarine\/?s={search_term_string}\"},\"query-input\":{\"@type\":\"PropertyValueSpecification\",\"valueRequired\":true,\"valueName\":\"search_term_string\"}}],\"inLanguage\":\"es-ES\"},{\"@type\":\"Organization\",\"@id\":\"https:\/\/www.aq-arium.com\/aqmarine\/#organization\",\"name\":\"AQ-arium Solutions\",\"url\":\"https:\/\/www.aq-arium.com\/aqmarine\/\",\"logo\":{\"@type\":\"ImageObject\",\"inLanguage\":\"es-ES\",\"@id\":\"https:\/\/www.aq-arium.com\/aqmarine\/#\/schema\/logo\/image\/\",\"url\":\"https:\/\/www.aq-arium.com\/aqmarine\/wp-content\/uploads\/2021\/08\/AQ-arium-Solutions-logo-100x47px-1.png\",\"contentUrl\":\"https:\/\/www.aq-arium.com\/aqmarine\/wp-content\/uploads\/2021\/08\/AQ-arium-Solutions-logo-100x47px-1.png\",\"width\":100,\"height\":47,\"caption\":\"AQ-arium Solutions\"},\"image\":{\"@id\":\"https:\/\/www.aq-arium.com\/aqmarine\/#\/schema\/logo\/image\/\"},\"sameAs\":[\"https:\/\/www.instagram.com\/aq.arium\/\",\"https:\/\/x.com\/AArium56877\"]}]}<\/script>\n<!-- \/ Yoast SEO plugin. -->","yoast_head_json":{"title":"Euroquatics - La evoluci\u00f3n Led del tubo T5 - AQ, Aquarium Solutions","description":"Basadas en tecnolog\u00eda LED, tienen el mismo rendimiento que los mejores T5, pero consumen aproximadamente un 45% menos de energ\u00eda.","robots":{"index":"index","follow":"follow","max-snippet":"max-snippet:-1","max-image-preview":"max-image-preview:large","max-video-preview":"max-video-preview:-1"},"canonical":"https:\/\/www.aq-arium.com\/aqmarine\/euroquatics\/","og_locale":"es_ES","og_type":"article","og_title":"Euroquatics - La evoluci\u00f3n Led del tubo T5 - AQ, Aquarium Solutions","og_description":"Basadas en tecnolog\u00eda LED, tienen el mismo rendimiento que los mejores T5, pero consumen aproximadamente un 45% menos de energ\u00eda.","og_url":"https:\/\/www.aq-arium.com\/aqmarine\/euroquatics\/","og_site_name":"AQ, Aquarium Solutions","article_publisher":"https:\/\/www.instagram.com\/aq.arium\/","article_modified_time":"2021-09-02T07:53:16+00:00","og_image":[{"width":500,"height":500,"url":"https:\/\/www.aq-arium.com\/aqmarine\/wp-content\/uploads\/2020\/10\/1-Euroquatcis.jpg","type":"image\/jpeg"}],"twitter_card":"summary_large_image","twitter_site":"@AArium56877","twitter_misc":{"Tiempo de lectura":"3 minutos"},"schema":{"@context":"https:\/\/schema.org","@graph":[{"@type":"WebPage","@id":"https:\/\/www.aq-arium.com\/aqmarine\/euroquatics\/","url":"https:\/\/www.aq-arium.com\/aqmarine\/euroquatics\/","name":"Euroquatics - La evoluci\u00f3n Led del tubo T5 - AQ, Aquarium Solutions","isPartOf":{"@id":"https:\/\/www.aq-arium.com\/aqmarine\/#website"},"primaryImageOfPage":{"@id":"https:\/\/www.aq-arium.com\/aqmarine\/euroquatics\/#primaryimage"},"image":{"@id":"https:\/\/www.aq-arium.com\/aqmarine\/euroquatics\/#primaryimage"},"thumbnailUrl":"https:\/\/www.aq-arium.com\/aqmarine\/wp-content\/uploads\/2020\/10\/1-Euroquatcis.jpg","datePublished":"2016-03-15T12:21:07+00:00","dateModified":"2021-09-02T07:53:16+00:00","description":"Basadas en tecnolog\u00eda LED, tienen el mismo rendimiento que los mejores T5, pero consumen aproximadamente un 45% menos de energ\u00eda.","breadcrumb":{"@id":"https:\/\/www.aq-arium.com\/aqmarine\/euroquatics\/#breadcrumb"},"inLanguage":"es-ES","potentialAction":[{"@type":"ReadAction","target":["https:\/\/www.aq-arium.com\/aqmarine\/euroquatics\/"]}]},{"@type":"ImageObject","inLanguage":"es-ES","@id":"https:\/\/www.aq-arium.com\/aqmarine\/euroquatics\/#primaryimage","url":"https:\/\/www.aq-arium.com\/aqmarine\/wp-content\/uploads\/2020\/10\/1-Euroquatcis.jpg","contentUrl":"https:\/\/www.aq-arium.com\/aqmarine\/wp-content\/uploads\/2020\/10\/1-Euroquatcis.jpg","width":500,"height":500,"caption":"EUROQUATICS"},{"@type":"BreadcrumbList","@id":"https:\/\/www.aq-arium.com\/aqmarine\/euroquatics\/#breadcrumb","itemListElement":[{"@type":"ListItem","position":1,"name":"Portada","item":"https:\/\/www.aq-arium.com\/aqmarine\/"},{"@type":"ListItem","position":2,"name":"Euroquatics &#8211; La evoluci\u00f3n Led del tubo T5"}]},{"@type":"WebSite","@id":"https:\/\/www.aq-arium.com\/aqmarine\/#website","url":"https:\/\/www.aq-arium.com\/aqmarine\/","name":"AQ, Aquarium Solutions","description":"Productos para Acuario Marino y Dulce","publisher":{"@id":"https:\/\/www.aq-arium.com\/aqmarine\/#organization"},"potentialAction":[{"@type":"SearchAction","target":{"@type":"EntryPoint","urlTemplate":"https:\/\/www.aq-arium.com\/aqmarine\/?s={search_term_string}"},"query-input":{"@type":"PropertyValueSpecification","valueRequired":true,"valueName":"search_term_string"}}],"inLanguage":"es-ES"},{"@type":"Organization","@id":"https:\/\/www.aq-arium.com\/aqmarine\/#organization","name":"AQ-arium Solutions","url":"https:\/\/www.aq-arium.com\/aqmarine\/","logo":{"@type":"ImageObject","inLanguage":"es-ES","@id":"https:\/\/www.aq-arium.com\/aqmarine\/#\/schema\/logo\/image\/","url":"https:\/\/www.aq-arium.com\/aqmarine\/wp-content\/uploads\/2021\/08\/AQ-arium-Solutions-logo-100x47px-1.png","contentUrl":"https:\/\/www.aq-arium.com\/aqmarine\/wp-content\/uploads\/2021\/08\/AQ-arium-Solutions-logo-100x47px-1.png","width":100,"height":47,"caption":"AQ-arium Solutions"},"image":{"@id":"https:\/\/www.aq-arium.com\/aqmarine\/#\/schema\/logo\/image\/"},"sameAs":["https:\/\/www.instagram.com\/aq.arium\/","https:\/\/x.com\/AArium56877"]}]}},"jetpack_sharing_enabled":true,"_links":{"self":[{"href":"https:\/\/www.aq-arium.com\/aqmarine\/wp-json\/wp\/v2\/pages\/3761","targetHints":{"allow":["GET"]}}],"collection":[{"href":"https:\/\/www.aq-arium.com\/aqmarine\/wp-json\/wp\/v2\/pages"}],"about":[{"href":"https:\/\/www.aq-arium.com\/aqmarine\/wp-json\/wp\/v2\/types\/page"}],"author":[{"embeddable":true,"href":"https:\/\/www.aq-arium.com\/aqmarine\/wp-json\/wp\/v2\/users\/1"}],"replies":[{"embeddable":true,"href":"https:\/\/www.aq-arium.com\/aqmarine\/wp-json\/wp\/v2\/comments?post=3761"}],"version-history":[{"count":0,"href":"https:\/\/www.aq-arium.com\/aqmarine\/wp-json\/wp\/v2\/pages\/3761\/revisions"}],"wp:featuredmedia":[{"embeddable":true,"href":"https:\/\/www.aq-arium.com\/aqmarine\/wp-json\/wp\/v2\/media\/15474"}],"wp:attachment":[{"href":"https:\/\/www.aq-arium.com\/aqmarine\/wp-json\/wp\/v2\/media?parent=3761"}],"curies":[{"name":"wp","href":"https:\/\/api.w.org\/{rel}","templated":true}]}}