{"id":3731,"date":"2016-03-02T10:20:07","date_gmt":"2016-03-02T09:20:07","guid":{"rendered":"https:\/\/www.aq-arium.com\/aqmarine\/?page_id=3731"},"modified":"2021-01-04T11:55:49","modified_gmt":"2021-01-04T10:55:49","slug":"sobre-las-nuevas-jebaojecod-cp-copia-gyre","status":"publish","type":"page","link":"https:\/\/www.aq-arium.com\/aqmarine\/sobre-las-nuevas-jebaojecod-cp-copia-gyre\/","title":{"rendered":"Sobre las nuevas Jebao\/Jecod CP (C\u00f3pia Gyre)"},"content":{"rendered":"<div class=\"ctsc-accordion ctsc-accordion-normal\" data-group=\"group1\"><h4 class=\"ctsc-accordion-title\"><span class=\"ctsc-accordion-icon primary_color icon-info-circle\"><\/span> Sobre las nuevas Jebao\/Jecod CP, la c\u00f3pia de la Gyre y su Distribuci\u00f3n<\/h4><div class=\"ctsc-accordion-content\" style=\"display:none;\">\n<p>Nos referimos a las nuevas Jebao\/Jecod CP25 y CP40<\/p>\n<p><img loading=\"lazy\" decoding=\"async\" class=\"alignnone\" title=\"jebao copia de gyre maxpsect\" src=\"http:\/\/images.tapatalk-cdn.com\/16\/02\/08\/6e27262974fab3477eba377457b8a108.jpg\" alt=\"jebao copia de gyre maxpsect\" width=\"960\" height=\"640\" \/><\/p>\n<p>A nadie se le escapa que estas bombas son una mera copia de las Maxspect Gyre 135 y 150 respectivamente y que evidentemente, esto no deber\u00eda de haber ocurrido ya que Maxspect, tiene protegidos sus modelos tanto en el mercado Chino como en los Internacionales, en especial, USA y EU.<\/p>\n<p>Aqu\u00ed tenemos a las Gyre<\/p>\n<p><img loading=\"lazy\" decoding=\"async\" class=\"alignnone wp-image-4172 size-large\" src=\"https:\/\/www.aq-arium.com\/aqmarine\/wp-content\/uploads\/2016\/09\/GyreS200-1024x239.jpg\" alt=\"gyre 200 maxspect\" width=\"1024\" height=\"239\" srcset=\"https:\/\/www.aq-arium.com\/aqmarine\/wp-content\/uploads\/2016\/09\/GyreS200-1024x239.jpg 1024w, https:\/\/www.aq-arium.com\/aqmarine\/wp-content\/uploads\/2016\/09\/GyreS200-600x140.jpg 600w, https:\/\/www.aq-arium.com\/aqmarine\/wp-content\/uploads\/2016\/09\/GyreS200-300x70.jpg 300w, https:\/\/www.aq-arium.com\/aqmarine\/wp-content\/uploads\/2016\/09\/GyreS200.jpg 1500w\" sizes=\"auto, (max-width: 1024px) 100vw, 1024px\" \/><\/p>\n<p>Como consecuencia de este plagio, las dos Empresas Chinas (ambas representadas en Espa\u00f1a y Portugal por nuestra Empresa) se han enzarzado en una serie de disputas legales, tanto en la propia China como en el resto del mundo, como consecuencia, hace unos d\u00edas recibimos un comunicado del Importador para Europa de Maxspect, comunicando que cualquier distribuidor, tienda o comercio que comercialice o anuncie la comercializaci\u00f3n de una CP, recibir\u00e1 un requerimiento por parte de sus abogados para que cese con la comercializaci\u00f3n o en su caso, ser\u00e1 denunciado ante los tribunales por comercializar productos protegidos por varias patentes internacionales y se le reclamara una multa cuantiosa por ello.<\/p>\n<p>De facto, esto quiere decir, tiempo, dinero y l\u00edos, l\u00edos que probablemente tarden a\u00f1os en ser aclarados y que para nada benefician al Profesional o al sector, generando cierto grado de inquietud, ya que las tiendas ubicadas en China o Hong kong, probablemente, si env\u00eden dichas bombas a los aficionados que las compren de todo el mundo, aun que esto est\u00e1 por decidir, ya que desde Maxspect, est\u00e1n intentando bloquear dicho suministro, pero como decimos, la lentitud de la justicia puede hacer posible la paradoja de que para cuando logren \u201ccerrar el grifo\u201d, estas bombas est\u00e9n ya pasadas de moda.<\/p>\n<p>Y todo esto para deciros que nuestra Empresa, al igual que otros Importadores Europeos y Americanos, ha decidido NO comercializar estos modelos en el Mercado Espa\u00f1ol y Portugu\u00e9s, al menos, hasta que no haya alguna resoluci\u00f3n oficial y tema tambi\u00e9n muy importante, que la fiabilidad de estos nuevos modelos este contrastada, ya que auguramos muchos problemas, al menos, en las primeras versiones.<\/p>\n<p>Esperamos que comprend\u00e1is nuestra decisi\u00f3n. Un saludo.<\/p>\n<\/div><\/div>\n","protected":false},"excerpt":{"rendered":"","protected":false},"author":1,"featured_media":0,"parent":0,"menu_order":0,"comment_status":"closed","ping_status":"closed","template":"","meta":{"_acf_changed":false,"footnotes":""},"class_list":["post-3731","page","type-page","status-publish","hentry"],"acf":[],"yoast_head":"<!-- This site is optimized with the Yoast SEO plugin v23.9 - https:\/\/yoast.com\/wordpress\/plugins\/seo\/ -->\n<title>Sobre las nuevas Jebao\/Jecod CP (C\u00f3pia Gyre) - AQ, Aquarium Solutions<\/title>\n<meta name=\"robots\" content=\"index, follow, max-snippet:-1, max-image-preview:large, max-video-preview:-1\" \/>\n<link rel=\"canonical\" href=\"https:\/\/www.aq-arium.com\/aqmarine\/sobre-las-nuevas-jebaojecod-cp-copia-gyre\/\" \/>\n<meta property=\"og:locale\" content=\"es_ES\" \/>\n<meta property=\"og:type\" content=\"article\" \/>\n<meta property=\"og:title\" content=\"Sobre las nuevas Jebao\/Jecod CP (C\u00f3pia Gyre) - AQ, Aquarium Solutions\" \/>\n<meta property=\"og:url\" content=\"https:\/\/www.aq-arium.com\/aqmarine\/sobre-las-nuevas-jebaojecod-cp-copia-gyre\/\" \/>\n<meta property=\"og:site_name\" content=\"AQ, Aquarium Solutions\" \/>\n<meta property=\"article:publisher\" content=\"https:\/\/www.instagram.com\/aq.arium\/\" \/>\n<meta property=\"article:modified_time\" content=\"2021-01-04T10:55:49+00:00\" \/>\n<meta property=\"og:image\" content=\"http:\/\/images.tapatalk-cdn.com\/16\/02\/08\/6e27262974fab3477eba377457b8a108.jpg\" \/>\n<meta name=\"twitter:card\" content=\"summary_large_image\" \/>\n<meta name=\"twitter:site\" content=\"@AArium56877\" \/>\n<meta name=\"twitter:label1\" content=\"Tiempo de lectura\" \/>\n\t<meta name=\"twitter:data1\" content=\"2 minutos\" \/>\n<script type=\"application\/ld+json\" class=\"yoast-schema-graph\">{\"@context\":\"https:\/\/schema.org\",\"@graph\":[{\"@type\":\"WebPage\",\"@id\":\"https:\/\/www.aq-arium.com\/aqmarine\/sobre-las-nuevas-jebaojecod-cp-copia-gyre\/\",\"url\":\"https:\/\/www.aq-arium.com\/aqmarine\/sobre-las-nuevas-jebaojecod-cp-copia-gyre\/\",\"name\":\"Sobre las nuevas Jebao\/Jecod CP (C\u00f3pia Gyre) - AQ, Aquarium Solutions\",\"isPartOf\":{\"@id\":\"https:\/\/www.aq-arium.com\/aqmarine\/#website\"},\"primaryImageOfPage\":{\"@id\":\"https:\/\/www.aq-arium.com\/aqmarine\/sobre-las-nuevas-jebaojecod-cp-copia-gyre\/#primaryimage\"},\"image\":{\"@id\":\"https:\/\/www.aq-arium.com\/aqmarine\/sobre-las-nuevas-jebaojecod-cp-copia-gyre\/#primaryimage\"},\"thumbnailUrl\":\"http:\/\/images.tapatalk-cdn.com\/16\/02\/08\/6e27262974fab3477eba377457b8a108.jpg\",\"datePublished\":\"2016-03-02T09:20:07+00:00\",\"dateModified\":\"2021-01-04T10:55:49+00:00\",\"breadcrumb\":{\"@id\":\"https:\/\/www.aq-arium.com\/aqmarine\/sobre-las-nuevas-jebaojecod-cp-copia-gyre\/#breadcrumb\"},\"inLanguage\":\"es-ES\",\"potentialAction\":[{\"@type\":\"ReadAction\",\"target\":[\"https:\/\/www.aq-arium.com\/aqmarine\/sobre-las-nuevas-jebaojecod-cp-copia-gyre\/\"]}]},{\"@type\":\"ImageObject\",\"inLanguage\":\"es-ES\",\"@id\":\"https:\/\/www.aq-arium.com\/aqmarine\/sobre-las-nuevas-jebaojecod-cp-copia-gyre\/#primaryimage\",\"url\":\"http:\/\/images.tapatalk-cdn.com\/16\/02\/08\/6e27262974fab3477eba377457b8a108.jpg\",\"contentUrl\":\"http:\/\/images.tapatalk-cdn.com\/16\/02\/08\/6e27262974fab3477eba377457b8a108.jpg\"},{\"@type\":\"BreadcrumbList\",\"@id\":\"https:\/\/www.aq-arium.com\/aqmarine\/sobre-las-nuevas-jebaojecod-cp-copia-gyre\/#breadcrumb\",\"itemListElement\":[{\"@type\":\"ListItem\",\"position\":1,\"name\":\"Portada\",\"item\":\"https:\/\/www.aq-arium.com\/aqmarine\/\"},{\"@type\":\"ListItem\",\"position\":2,\"name\":\"Sobre las nuevas Jebao\/Jecod CP (C\u00f3pia Gyre)\"}]},{\"@type\":\"WebSite\",\"@id\":\"https:\/\/www.aq-arium.com\/aqmarine\/#website\",\"url\":\"https:\/\/www.aq-arium.com\/aqmarine\/\",\"name\":\"AQ, Aquarium Solutions\",\"description\":\"Productos para Acuario Marino y Dulce\",\"publisher\":{\"@id\":\"https:\/\/www.aq-arium.com\/aqmarine\/#organization\"},\"potentialAction\":[{\"@type\":\"SearchAction\",\"target\":{\"@type\":\"EntryPoint\",\"urlTemplate\":\"https:\/\/www.aq-arium.com\/aqmarine\/?s={search_term_string}\"},\"query-input\":{\"@type\":\"PropertyValueSpecification\",\"valueRequired\":true,\"valueName\":\"search_term_string\"}}],\"inLanguage\":\"es-ES\"},{\"@type\":\"Organization\",\"@id\":\"https:\/\/www.aq-arium.com\/aqmarine\/#organization\",\"name\":\"AQ-arium Solutions\",\"url\":\"https:\/\/www.aq-arium.com\/aqmarine\/\",\"logo\":{\"@type\":\"ImageObject\",\"inLanguage\":\"es-ES\",\"@id\":\"https:\/\/www.aq-arium.com\/aqmarine\/#\/schema\/logo\/image\/\",\"url\":\"https:\/\/www.aq-arium.com\/aqmarine\/wp-content\/uploads\/2021\/08\/AQ-arium-Solutions-logo-100x47px-1.png\",\"contentUrl\":\"https:\/\/www.aq-arium.com\/aqmarine\/wp-content\/uploads\/2021\/08\/AQ-arium-Solutions-logo-100x47px-1.png\",\"width\":100,\"height\":47,\"caption\":\"AQ-arium Solutions\"},\"image\":{\"@id\":\"https:\/\/www.aq-arium.com\/aqmarine\/#\/schema\/logo\/image\/\"},\"sameAs\":[\"https:\/\/www.instagram.com\/aq.arium\/\",\"https:\/\/x.com\/AArium56877\"]}]}<\/script>\n<!-- \/ Yoast SEO plugin. -->","yoast_head_json":{"title":"Sobre las nuevas Jebao\/Jecod CP (C\u00f3pia Gyre) - AQ, Aquarium Solutions","robots":{"index":"index","follow":"follow","max-snippet":"max-snippet:-1","max-image-preview":"max-image-preview:large","max-video-preview":"max-video-preview:-1"},"canonical":"https:\/\/www.aq-arium.com\/aqmarine\/sobre-las-nuevas-jebaojecod-cp-copia-gyre\/","og_locale":"es_ES","og_type":"article","og_title":"Sobre las nuevas Jebao\/Jecod CP (C\u00f3pia Gyre) - AQ, Aquarium Solutions","og_url":"https:\/\/www.aq-arium.com\/aqmarine\/sobre-las-nuevas-jebaojecod-cp-copia-gyre\/","og_site_name":"AQ, Aquarium Solutions","article_publisher":"https:\/\/www.instagram.com\/aq.arium\/","article_modified_time":"2021-01-04T10:55:49+00:00","og_image":[{"url":"http:\/\/images.tapatalk-cdn.com\/16\/02\/08\/6e27262974fab3477eba377457b8a108.jpg"}],"twitter_card":"summary_large_image","twitter_site":"@AArium56877","twitter_misc":{"Tiempo de lectura":"2 minutos"},"schema":{"@context":"https:\/\/schema.org","@graph":[{"@type":"WebPage","@id":"https:\/\/www.aq-arium.com\/aqmarine\/sobre-las-nuevas-jebaojecod-cp-copia-gyre\/","url":"https:\/\/www.aq-arium.com\/aqmarine\/sobre-las-nuevas-jebaojecod-cp-copia-gyre\/","name":"Sobre las nuevas Jebao\/Jecod CP (C\u00f3pia Gyre) - AQ, Aquarium Solutions","isPartOf":{"@id":"https:\/\/www.aq-arium.com\/aqmarine\/#website"},"primaryImageOfPage":{"@id":"https:\/\/www.aq-arium.com\/aqmarine\/sobre-las-nuevas-jebaojecod-cp-copia-gyre\/#primaryimage"},"image":{"@id":"https:\/\/www.aq-arium.com\/aqmarine\/sobre-las-nuevas-jebaojecod-cp-copia-gyre\/#primaryimage"},"thumbnailUrl":"http:\/\/images.tapatalk-cdn.com\/16\/02\/08\/6e27262974fab3477eba377457b8a108.jpg","datePublished":"2016-03-02T09:20:07+00:00","dateModified":"2021-01-04T10:55:49+00:00","breadcrumb":{"@id":"https:\/\/www.aq-arium.com\/aqmarine\/sobre-las-nuevas-jebaojecod-cp-copia-gyre\/#breadcrumb"},"inLanguage":"es-ES","potentialAction":[{"@type":"ReadAction","target":["https:\/\/www.aq-arium.com\/aqmarine\/sobre-las-nuevas-jebaojecod-cp-copia-gyre\/"]}]},{"@type":"ImageObject","inLanguage":"es-ES","@id":"https:\/\/www.aq-arium.com\/aqmarine\/sobre-las-nuevas-jebaojecod-cp-copia-gyre\/#primaryimage","url":"http:\/\/images.tapatalk-cdn.com\/16\/02\/08\/6e27262974fab3477eba377457b8a108.jpg","contentUrl":"http:\/\/images.tapatalk-cdn.com\/16\/02\/08\/6e27262974fab3477eba377457b8a108.jpg"},{"@type":"BreadcrumbList","@id":"https:\/\/www.aq-arium.com\/aqmarine\/sobre-las-nuevas-jebaojecod-cp-copia-gyre\/#breadcrumb","itemListElement":[{"@type":"ListItem","position":1,"name":"Portada","item":"https:\/\/www.aq-arium.com\/aqmarine\/"},{"@type":"ListItem","position":2,"name":"Sobre las nuevas Jebao\/Jecod CP (C\u00f3pia Gyre)"}]},{"@type":"WebSite","@id":"https:\/\/www.aq-arium.com\/aqmarine\/#website","url":"https:\/\/www.aq-arium.com\/aqmarine\/","name":"AQ, Aquarium Solutions","description":"Productos para Acuario Marino y Dulce","publisher":{"@id":"https:\/\/www.aq-arium.com\/aqmarine\/#organization"},"potentialAction":[{"@type":"SearchAction","target":{"@type":"EntryPoint","urlTemplate":"https:\/\/www.aq-arium.com\/aqmarine\/?s={search_term_string}"},"query-input":{"@type":"PropertyValueSpecification","valueRequired":true,"valueName":"search_term_string"}}],"inLanguage":"es-ES"},{"@type":"Organization","@id":"https:\/\/www.aq-arium.com\/aqmarine\/#organization","name":"AQ-arium Solutions","url":"https:\/\/www.aq-arium.com\/aqmarine\/","logo":{"@type":"ImageObject","inLanguage":"es-ES","@id":"https:\/\/www.aq-arium.com\/aqmarine\/#\/schema\/logo\/image\/","url":"https:\/\/www.aq-arium.com\/aqmarine\/wp-content\/uploads\/2021\/08\/AQ-arium-Solutions-logo-100x47px-1.png","contentUrl":"https:\/\/www.aq-arium.com\/aqmarine\/wp-content\/uploads\/2021\/08\/AQ-arium-Solutions-logo-100x47px-1.png","width":100,"height":47,"caption":"AQ-arium Solutions"},"image":{"@id":"https:\/\/www.aq-arium.com\/aqmarine\/#\/schema\/logo\/image\/"},"sameAs":["https:\/\/www.instagram.com\/aq.arium\/","https:\/\/x.com\/AArium56877"]}]}},"jetpack_sharing_enabled":true,"_links":{"self":[{"href":"https:\/\/www.aq-arium.com\/aqmarine\/wp-json\/wp\/v2\/pages\/3731","targetHints":{"allow":["GET"]}}],"collection":[{"href":"https:\/\/www.aq-arium.com\/aqmarine\/wp-json\/wp\/v2\/pages"}],"about":[{"href":"https:\/\/www.aq-arium.com\/aqmarine\/wp-json\/wp\/v2\/types\/page"}],"author":[{"embeddable":true,"href":"https:\/\/www.aq-arium.com\/aqmarine\/wp-json\/wp\/v2\/users\/1"}],"replies":[{"embeddable":true,"href":"https:\/\/www.aq-arium.com\/aqmarine\/wp-json\/wp\/v2\/comments?post=3731"}],"version-history":[{"count":0,"href":"https:\/\/www.aq-arium.com\/aqmarine\/wp-json\/wp\/v2\/pages\/3731\/revisions"}],"wp:attachment":[{"href":"https:\/\/www.aq-arium.com\/aqmarine\/wp-json\/wp\/v2\/media?parent=3731"}],"curies":[{"name":"wp","href":"https:\/\/api.w.org\/{rel}","templated":true}]}}