{"id":31711,"date":"2023-11-09T11:50:28","date_gmt":"2023-11-09T09:50:28","guid":{"rendered":"https:\/\/www.aq-arium.com\/aqmarine\/?page_id=31711"},"modified":"2023-11-09T11:53:12","modified_gmt":"2023-11-09T09:53:12","slug":"level-sensor","status":"publish","type":"page","link":"https:\/\/www.aq-arium.com\/aqmarine\/reef-factory\/level-sensor\/","title":{"rendered":"Level Sensor, controla el nivel del agua"},"content":{"rendered":"\t\t<div data-elementor-type=\"wp-page\" data-elementor-id=\"31711\" class=\"elementor elementor-31711\" data-elementor-settings=\"[]\">\n\t\t\t\t\t\t<div class=\"elementor-inner\">\n\t\t\t\t\t\t\t<div class=\"elementor-section-wrap\">\n\t\t\t\t\t\t\t<section class=\"elementor-section elementor-top-section elementor-element elementor-element-40bb1a2 elementor-section-boxed elementor-section-height-default elementor-section-height-default\" data-id=\"40bb1a2\" data-element_type=\"section\">\n\t\t\t\t\t\t<div class=\"elementor-container elementor-column-gap-default\">\n\t\t\t\t\t\t\t<div class=\"elementor-row\">\n\t\t\t\t\t<div class=\"elementor-column elementor-col-100 elementor-top-column elementor-element elementor-element-bfe8df4\" data-id=\"bfe8df4\" data-element_type=\"column\">\n\t\t\t<div class=\"elementor-column-wrap elementor-element-populated\">\n\t\t\t\t\t\t\t<div class=\"elementor-widget-wrap\">\n\t\t\t\t\t\t<div class=\"elementor-element elementor-element-30e3518 elementor-widget elementor-widget-button\" data-id=\"30e3518\" data-element_type=\"widget\" data-widget_type=\"button.default\">\n\t\t\t\t<div class=\"elementor-widget-container\">\n\t\t\t\t\t<div class=\"elementor-button-wrapper\">\n\t\t\t<a href=\"https:\/\/www.aq-arium.com\/aqmarine\/reef-factory\/\" class=\"elementor-button-link elementor-button elementor-size-sm\" role=\"button\">\n\t\t\t\t\t\t<span class=\"elementor-button-content-wrapper\">\n\t\t\t\t\t\t<span class=\"elementor-button-icon elementor-align-icon-left\">\n\t\t\t\t<i aria-hidden=\"true\" class=\"fas fa-arrow-left\"><\/i>\t\t\t<\/span>\n\t\t\t\t\t\t<span class=\"elementor-button-text\">Volver a la p\u00e1gina de Reef Factory<\/span>\n\t\t<\/span>\n\t\t\t\t\t<\/a>\n\t\t<\/div>\n\t\t\t\t<\/div>\n\t\t\t\t<\/div>\n\t\t\t\t<div class=\"elementor-element elementor-element-cf66388 elementor-widget elementor-widget-image\" data-id=\"cf66388\" data-element_type=\"widget\" data-widget_type=\"image.default\">\n\t\t\t\t<div class=\"elementor-widget-container\">\n\t\t\t\t\t<div class=\"elementor-image\">\n\t\t\t\t\t\t\t\t\t\t<img loading=\"lazy\" decoding=\"async\" width=\"1024\" height=\"405\" src=\"https:\/\/www.aq-arium.com\/aqmarine\/wp-content\/uploads\/2023\/11\/level-sensor-back-1024x405.png\" class=\"attachment-large size-large\" alt=\"\" srcset=\"https:\/\/www.aq-arium.com\/aqmarine\/wp-content\/uploads\/2023\/11\/level-sensor-back-1024x405.png 1024w, https:\/\/www.aq-arium.com\/aqmarine\/wp-content\/uploads\/2023\/11\/level-sensor-back-300x119.png 300w, https:\/\/www.aq-arium.com\/aqmarine\/wp-content\/uploads\/2023\/11\/level-sensor-back-768x304.png 768w, https:\/\/www.aq-arium.com\/aqmarine\/wp-content\/uploads\/2023\/11\/level-sensor-back-1536x608.png 1536w, https:\/\/www.aq-arium.com\/aqmarine\/wp-content\/uploads\/2023\/11\/level-sensor-back-600x237.png 600w, https:\/\/www.aq-arium.com\/aqmarine\/wp-content\/uploads\/2023\/11\/level-sensor-back.png 1921w\" sizes=\"auto, (max-width: 1024px) 100vw, 1024px\" \/>\t\t\t\t\t\t\t\t\t\t\t<\/div>\n\t\t\t\t<\/div>\n\t\t\t\t<\/div>\n\t\t\t\t<div class=\"elementor-element elementor-element-8fee7d1 elementor-widget elementor-widget-heading\" data-id=\"8fee7d1\" data-element_type=\"widget\" data-widget_type=\"heading.default\">\n\t\t\t\t<div class=\"elementor-widget-container\">\n\t\t\t<h4 class=\"elementor-heading-title elementor-size-default\">Controla el nivel de agua o l\u00edquidos<\/h4>\t\t<\/div>\n\t\t\t\t<\/div>\n\t\t\t\t<div class=\"elementor-element elementor-element-ac9f35d elementor-widget elementor-widget-heading\" data-id=\"ac9f35d\" data-element_type=\"widget\" data-widget_type=\"heading.default\">\n\t\t\t\t<div class=\"elementor-widget-container\">\n\t\t\t<h6 class=\"elementor-heading-title elementor-size-default\">Una nueva forma de hacer las cosas<\/h6>\t\t<\/div>\n\t\t\t\t<\/div>\n\t\t\t\t<div class=\"elementor-element elementor-element-67b2622 elementor-widget-divider--view-line elementor-widget elementor-widget-divider\" data-id=\"67b2622\" data-element_type=\"widget\" data-widget_type=\"divider.default\">\n\t\t\t\t<div class=\"elementor-widget-container\">\n\t\t\t\t\t<div class=\"elementor-divider\">\n\t\t\t<span class=\"elementor-divider-separator\">\n\t\t\t\t\t\t<\/span>\n\t\t<\/div>\n\t\t\t\t<\/div>\n\t\t\t\t<\/div>\n\t\t\t\t\t\t<\/div>\n\t\t\t\t\t<\/div>\n\t\t<\/div>\n\t\t\t\t\t\t\t\t<\/div>\n\t\t\t\t\t<\/div>\n\t\t<\/section>\n\t\t\t\t<section class=\"elementor-section elementor-top-section elementor-element elementor-element-39c5a60 elementor-section-boxed elementor-section-height-default elementor-section-height-default\" data-id=\"39c5a60\" data-element_type=\"section\">\n\t\t\t\t\t\t<div class=\"elementor-container elementor-column-gap-default\">\n\t\t\t\t\t\t\t<div class=\"elementor-row\">\n\t\t\t\t\t<div class=\"elementor-column elementor-col-100 elementor-top-column elementor-element elementor-element-04ad99c\" data-id=\"04ad99c\" data-element_type=\"column\">\n\t\t\t<div class=\"elementor-column-wrap elementor-element-populated\">\n\t\t\t\t\t\t\t<div class=\"elementor-widget-wrap\">\n\t\t\t\t\t\t<div class=\"elementor-element elementor-element-883d48a elementor-widget elementor-widget-text-editor\" data-id=\"883d48a\" data-element_type=\"widget\" data-widget_type=\"text-editor.default\">\n\t\t\t\t<div class=\"elementor-widget-container\">\n\t\t\t\t\t<div class=\"elementor-text-editor elementor-clearfix\"><p>Una soluci\u00f3n compacta e inteligente que previene cambios de salinidad y posibles derrames. El dispositivo te informa cuando los l\u00edquidos de Kh, Ca o Mg empiezan a agotarse. El dispositivo monitoriza el nivel de agua del sumidero o del acuario las 24 horas, 7 d\u00edas a la semana. Si este nivel baja o sube demasiado, el sistema Smart Reef te notifica directamente a tu m\u00f3vil.\u00a0<\/p><\/div>\n\t\t\t\t<\/div>\n\t\t\t\t<\/div>\n\t\t\t\t<div class=\"elementor-element elementor-element-8d1f6af elementor-widget elementor-widget-text-editor\" data-id=\"8d1f6af\" data-element_type=\"widget\" data-widget_type=\"text-editor.default\">\n\t\t\t\t<div class=\"elementor-widget-container\">\n\t\t\t\t\t<div class=\"elementor-text-editor elementor-clearfix\"><div class=\"elementor-element elementor-element-89cfe72 elementor-widget elementor-widget-heading\" data-id=\"89cfe72\" data-element_type=\"widget\" data-widget_type=\"heading.default\"><div class=\"elementor-widget-container\"><h4 class=\"elementor-heading-title elementor-size-default\"><span style=\"color: #333333;\">Funciones Adicionales<\/span><\/h4><\/div><\/div><section class=\"elementor-section elementor-inner-section elementor-element elementor-element-02a0895 elementor-section-boxed elementor-section-height-default elementor-section-height-default\" data-id=\"02a0895\" data-element_type=\"section\"><div class=\"elementor-container elementor-column-gap-default\"><div class=\"elementor-row\"><div class=\"elementor-column elementor-col-50 elementor-inner-column elementor-element elementor-element-c8fe1ac\" data-id=\"c8fe1ac\" data-element_type=\"column\"><div class=\"elementor-column-wrap elementor-element-populated\"><div class=\"elementor-widget-wrap\"><div class=\"elementor-element elementor-element-b674631 elementor-widget elementor-widget-text-editor\" data-id=\"b674631\" data-element_type=\"widget\" data-widget_type=\"text-editor.default\"><div class=\"elementor-widget-container\"><div class=\"elementor-text-editor elementor-clearfix\"><ul><li>Aplicaci\u00f3n Smart Reef gratuita y f\u00e1cil de usar.<\/li><li>Control remoto en un panel dedicado de la aplicaci\u00f3n Smart Reef.<\/li><li>Medidor preciso de agua consumida.<\/li><li>Opcion de realizar tests fuera del horario programado.<\/li><li>Recarga de agua con acciones autom\u00e1ticas.<\/li><li>Historial de dosificaci\u00f3n.\u00a0<\/li><li>Notificaciones a trav\u00e9s de la App.\u00a0<\/li><\/ul><\/div><\/div><\/div><\/div><\/div><\/div><\/div><\/div><\/section><\/div>\n\t\t\t\t<\/div>\n\t\t\t\t<\/div>\n\t\t\t\t<div class=\"elementor-element elementor-element-b43396a elementor-widget elementor-widget-image\" data-id=\"b43396a\" data-element_type=\"widget\" data-widget_type=\"image.default\">\n\t\t\t\t<div class=\"elementor-widget-container\">\n\t\t\t\t\t<div class=\"elementor-image\">\n\t\t\t\t\t\t\t\t\t\t<img loading=\"lazy\" decoding=\"async\" width=\"966\" height=\"454\" src=\"https:\/\/www.aq-arium.com\/aqmarine\/wp-content\/uploads\/2023\/11\/level-sensor-smart-reef.png\" class=\"attachment-large size-large\" alt=\"\" srcset=\"https:\/\/www.aq-arium.com\/aqmarine\/wp-content\/uploads\/2023\/11\/level-sensor-smart-reef.png 966w, https:\/\/www.aq-arium.com\/aqmarine\/wp-content\/uploads\/2023\/11\/level-sensor-smart-reef-300x141.png 300w, https:\/\/www.aq-arium.com\/aqmarine\/wp-content\/uploads\/2023\/11\/level-sensor-smart-reef-768x361.png 768w, https:\/\/www.aq-arium.com\/aqmarine\/wp-content\/uploads\/2023\/11\/level-sensor-smart-reef-600x282.png 600w\" sizes=\"auto, (max-width: 966px) 100vw, 966px\" \/>\t\t\t\t\t\t\t\t\t\t\t<\/div>\n\t\t\t\t<\/div>\n\t\t\t\t<\/div>\n\t\t\t\t\t\t<\/div>\n\t\t\t\t\t<\/div>\n\t\t<\/div>\n\t\t\t\t\t\t\t\t<\/div>\n\t\t\t\t\t<\/div>\n\t\t<\/section>\n\t\t\t\t<section class=\"elementor-section elementor-top-section elementor-element elementor-element-5d284f8 elementor-section-boxed elementor-section-height-default elementor-section-height-default\" data-id=\"5d284f8\" data-element_type=\"section\">\n\t\t\t\t\t\t<div class=\"elementor-container elementor-column-gap-default\">\n\t\t\t\t\t\t\t<div class=\"elementor-row\">\n\t\t\t\t\t<div class=\"elementor-column elementor-col-100 elementor-top-column elementor-element elementor-element-cfc0593\" data-id=\"cfc0593\" data-element_type=\"column\">\n\t\t\t<div class=\"elementor-column-wrap\">\n\t\t\t\t\t\t\t<div class=\"elementor-widget-wrap\">\n\t\t\t\t\t\t\t\t<\/div>\n\t\t\t\t\t<\/div>\n\t\t<\/div>\n\t\t\t\t\t\t\t\t<\/div>\n\t\t\t\t\t<\/div>\n\t\t<\/section>\n\t\t\t\t\t\t<\/div>\n\t\t\t\t\t\t<\/div>\n\t\t\t\t\t<\/div>\n\t\t","protected":false},"excerpt":{"rendered":"<p>Volver a la p\u00e1gina de Reef Factory Level\u00a0Sensor Controla el nivel de agua o l\u00edquidos Una nueva forma de hacer las cosas Una soluci\u00f3n compacta e inteligente que previene cambios de salinidad y posibles derrames. El dispositivo te informa cuando los l\u00edquidos de Kh, Ca o Mg empiezan a agotarse. El dispositivo monitoriza el nivel [&hellip;]<\/p>\n","protected":false},"author":1,"featured_media":31409,"parent":31404,"menu_order":0,"comment_status":"closed","ping_status":"closed","template":"elementor_header_footer","meta":{"_acf_changed":false,"footnotes":""},"class_list":["post-31711","page","type-page","status-publish","has-post-thumbnail","hentry"],"acf":[],"yoast_head":"<!-- This site is optimized with the Yoast SEO plugin v23.9 - https:\/\/yoast.com\/wordpress\/plugins\/seo\/ -->\n<title>Level Sensor, controla el nivel del agua - AQ, Aquarium Solutions<\/title>\n<meta name=\"description\" content=\"El level sensor de Reef Factrory controla el nivel del agua o l\u00edquidos. Dispositivo inteligente que previene cambios de salinidad y derrames.\" \/>\n<meta name=\"robots\" content=\"index, follow, max-snippet:-1, max-image-preview:large, max-video-preview:-1\" \/>\n<link rel=\"canonical\" href=\"https:\/\/www.aq-arium.com\/aqmarine\/reef-factory\/level-sensor\/\" \/>\n<meta property=\"og:locale\" content=\"es_ES\" \/>\n<meta property=\"og:type\" content=\"article\" \/>\n<meta property=\"og:title\" content=\"Level Sensor, controla el nivel del agua - AQ, Aquarium Solutions\" \/>\n<meta property=\"og:description\" content=\"El level sensor de Reef Factrory controla el nivel del agua o l\u00edquidos. Dispositivo inteligente que previene cambios de salinidad y derrames.\" \/>\n<meta property=\"og:url\" content=\"https:\/\/www.aq-arium.com\/aqmarine\/reef-factory\/level-sensor\/\" \/>\n<meta property=\"og:site_name\" content=\"AQ, Aquarium Solutions\" \/>\n<meta property=\"article:publisher\" content=\"https:\/\/www.instagram.com\/aq.arium\/\" \/>\n<meta property=\"article:modified_time\" content=\"2023-11-09T09:53:12+00:00\" \/>\n<meta property=\"og:image\" content=\"https:\/\/www.aq-arium.com\/aqmarine\/wp-content\/uploads\/2023\/10\/level-sensor.png\" \/>\n\t<meta property=\"og:image:width\" content=\"500\" \/>\n\t<meta property=\"og:image:height\" content=\"500\" \/>\n\t<meta property=\"og:image:type\" content=\"image\/png\" \/>\n<meta name=\"twitter:card\" content=\"summary_large_image\" \/>\n<meta name=\"twitter:site\" content=\"@AArium56877\" \/>\n<meta name=\"twitter:label1\" content=\"Tiempo de lectura\" \/>\n\t<meta name=\"twitter:data1\" content=\"2 minutos\" \/>\n<script type=\"application\/ld+json\" class=\"yoast-schema-graph\">{\"@context\":\"https:\/\/schema.org\",\"@graph\":[{\"@type\":\"WebPage\",\"@id\":\"https:\/\/www.aq-arium.com\/aqmarine\/reef-factory\/level-sensor\/\",\"url\":\"https:\/\/www.aq-arium.com\/aqmarine\/reef-factory\/level-sensor\/\",\"name\":\"Level Sensor, controla el nivel del agua - AQ, Aquarium Solutions\",\"isPartOf\":{\"@id\":\"https:\/\/www.aq-arium.com\/aqmarine\/#website\"},\"primaryImageOfPage\":{\"@id\":\"https:\/\/www.aq-arium.com\/aqmarine\/reef-factory\/level-sensor\/#primaryimage\"},\"image\":{\"@id\":\"https:\/\/www.aq-arium.com\/aqmarine\/reef-factory\/level-sensor\/#primaryimage\"},\"thumbnailUrl\":\"https:\/\/www.aq-arium.com\/aqmarine\/wp-content\/uploads\/2023\/10\/level-sensor.png\",\"datePublished\":\"2023-11-09T09:50:28+00:00\",\"dateModified\":\"2023-11-09T09:53:12+00:00\",\"description\":\"El level sensor de Reef Factrory controla el nivel del agua o l\u00edquidos. Dispositivo inteligente que previene cambios de salinidad y derrames.\",\"breadcrumb\":{\"@id\":\"https:\/\/www.aq-arium.com\/aqmarine\/reef-factory\/level-sensor\/#breadcrumb\"},\"inLanguage\":\"es-ES\",\"potentialAction\":[{\"@type\":\"ReadAction\",\"target\":[\"https:\/\/www.aq-arium.com\/aqmarine\/reef-factory\/level-sensor\/\"]}]},{\"@type\":\"ImageObject\",\"inLanguage\":\"es-ES\",\"@id\":\"https:\/\/www.aq-arium.com\/aqmarine\/reef-factory\/level-sensor\/#primaryimage\",\"url\":\"https:\/\/www.aq-arium.com\/aqmarine\/wp-content\/uploads\/2023\/10\/level-sensor.png\",\"contentUrl\":\"https:\/\/www.aq-arium.com\/aqmarine\/wp-content\/uploads\/2023\/10\/level-sensor.png\",\"width\":500,\"height\":500},{\"@type\":\"BreadcrumbList\",\"@id\":\"https:\/\/www.aq-arium.com\/aqmarine\/reef-factory\/level-sensor\/#breadcrumb\",\"itemListElement\":[{\"@type\":\"ListItem\",\"position\":1,\"name\":\"Portada\",\"item\":\"https:\/\/www.aq-arium.com\/aqmarine\/\"},{\"@type\":\"ListItem\",\"position\":2,\"name\":\"Reef Factory, dispositivos inteligentes para tu acuario\",\"item\":\"https:\/\/www.aq-arium.com\/aqmarine\/reef-factory\/\"},{\"@type\":\"ListItem\",\"position\":3,\"name\":\"Level Sensor, controla el nivel del agua\"}]},{\"@type\":\"WebSite\",\"@id\":\"https:\/\/www.aq-arium.com\/aqmarine\/#website\",\"url\":\"https:\/\/www.aq-arium.com\/aqmarine\/\",\"name\":\"AQ, Aquarium Solutions\",\"description\":\"Productos para Acuario Marino y Dulce\",\"publisher\":{\"@id\":\"https:\/\/www.aq-arium.com\/aqmarine\/#organization\"},\"potentialAction\":[{\"@type\":\"SearchAction\",\"target\":{\"@type\":\"EntryPoint\",\"urlTemplate\":\"https:\/\/www.aq-arium.com\/aqmarine\/?s={search_term_string}\"},\"query-input\":{\"@type\":\"PropertyValueSpecification\",\"valueRequired\":true,\"valueName\":\"search_term_string\"}}],\"inLanguage\":\"es-ES\"},{\"@type\":\"Organization\",\"@id\":\"https:\/\/www.aq-arium.com\/aqmarine\/#organization\",\"name\":\"AQ-arium Solutions\",\"url\":\"https:\/\/www.aq-arium.com\/aqmarine\/\",\"logo\":{\"@type\":\"ImageObject\",\"inLanguage\":\"es-ES\",\"@id\":\"https:\/\/www.aq-arium.com\/aqmarine\/#\/schema\/logo\/image\/\",\"url\":\"https:\/\/www.aq-arium.com\/aqmarine\/wp-content\/uploads\/2021\/08\/AQ-arium-Solutions-logo-100x47px-1.png\",\"contentUrl\":\"https:\/\/www.aq-arium.com\/aqmarine\/wp-content\/uploads\/2021\/08\/AQ-arium-Solutions-logo-100x47px-1.png\",\"width\":100,\"height\":47,\"caption\":\"AQ-arium Solutions\"},\"image\":{\"@id\":\"https:\/\/www.aq-arium.com\/aqmarine\/#\/schema\/logo\/image\/\"},\"sameAs\":[\"https:\/\/www.instagram.com\/aq.arium\/\",\"https:\/\/x.com\/AArium56877\"]}]}<\/script>\n<!-- \/ Yoast SEO plugin. -->","yoast_head_json":{"title":"Level Sensor, controla el nivel del agua - AQ, Aquarium Solutions","description":"El level sensor de Reef Factrory controla el nivel del agua o l\u00edquidos. Dispositivo inteligente que previene cambios de salinidad y derrames.","robots":{"index":"index","follow":"follow","max-snippet":"max-snippet:-1","max-image-preview":"max-image-preview:large","max-video-preview":"max-video-preview:-1"},"canonical":"https:\/\/www.aq-arium.com\/aqmarine\/reef-factory\/level-sensor\/","og_locale":"es_ES","og_type":"article","og_title":"Level Sensor, controla el nivel del agua - AQ, Aquarium Solutions","og_description":"El level sensor de Reef Factrory controla el nivel del agua o l\u00edquidos. Dispositivo inteligente que previene cambios de salinidad y derrames.","og_url":"https:\/\/www.aq-arium.com\/aqmarine\/reef-factory\/level-sensor\/","og_site_name":"AQ, Aquarium Solutions","article_publisher":"https:\/\/www.instagram.com\/aq.arium\/","article_modified_time":"2023-11-09T09:53:12+00:00","og_image":[{"width":500,"height":500,"url":"https:\/\/www.aq-arium.com\/aqmarine\/wp-content\/uploads\/2023\/10\/level-sensor.png","type":"image\/png"}],"twitter_card":"summary_large_image","twitter_site":"@AArium56877","twitter_misc":{"Tiempo de lectura":"2 minutos"},"schema":{"@context":"https:\/\/schema.org","@graph":[{"@type":"WebPage","@id":"https:\/\/www.aq-arium.com\/aqmarine\/reef-factory\/level-sensor\/","url":"https:\/\/www.aq-arium.com\/aqmarine\/reef-factory\/level-sensor\/","name":"Level Sensor, controla el nivel del agua - AQ, Aquarium Solutions","isPartOf":{"@id":"https:\/\/www.aq-arium.com\/aqmarine\/#website"},"primaryImageOfPage":{"@id":"https:\/\/www.aq-arium.com\/aqmarine\/reef-factory\/level-sensor\/#primaryimage"},"image":{"@id":"https:\/\/www.aq-arium.com\/aqmarine\/reef-factory\/level-sensor\/#primaryimage"},"thumbnailUrl":"https:\/\/www.aq-arium.com\/aqmarine\/wp-content\/uploads\/2023\/10\/level-sensor.png","datePublished":"2023-11-09T09:50:28+00:00","dateModified":"2023-11-09T09:53:12+00:00","description":"El level sensor de Reef Factrory controla el nivel del agua o l\u00edquidos. Dispositivo inteligente que previene cambios de salinidad y derrames.","breadcrumb":{"@id":"https:\/\/www.aq-arium.com\/aqmarine\/reef-factory\/level-sensor\/#breadcrumb"},"inLanguage":"es-ES","potentialAction":[{"@type":"ReadAction","target":["https:\/\/www.aq-arium.com\/aqmarine\/reef-factory\/level-sensor\/"]}]},{"@type":"ImageObject","inLanguage":"es-ES","@id":"https:\/\/www.aq-arium.com\/aqmarine\/reef-factory\/level-sensor\/#primaryimage","url":"https:\/\/www.aq-arium.com\/aqmarine\/wp-content\/uploads\/2023\/10\/level-sensor.png","contentUrl":"https:\/\/www.aq-arium.com\/aqmarine\/wp-content\/uploads\/2023\/10\/level-sensor.png","width":500,"height":500},{"@type":"BreadcrumbList","@id":"https:\/\/www.aq-arium.com\/aqmarine\/reef-factory\/level-sensor\/#breadcrumb","itemListElement":[{"@type":"ListItem","position":1,"name":"Portada","item":"https:\/\/www.aq-arium.com\/aqmarine\/"},{"@type":"ListItem","position":2,"name":"Reef Factory, dispositivos inteligentes para tu acuario","item":"https:\/\/www.aq-arium.com\/aqmarine\/reef-factory\/"},{"@type":"ListItem","position":3,"name":"Level Sensor, controla el nivel del agua"}]},{"@type":"WebSite","@id":"https:\/\/www.aq-arium.com\/aqmarine\/#website","url":"https:\/\/www.aq-arium.com\/aqmarine\/","name":"AQ, Aquarium Solutions","description":"Productos para Acuario Marino y Dulce","publisher":{"@id":"https:\/\/www.aq-arium.com\/aqmarine\/#organization"},"potentialAction":[{"@type":"SearchAction","target":{"@type":"EntryPoint","urlTemplate":"https:\/\/www.aq-arium.com\/aqmarine\/?s={search_term_string}"},"query-input":{"@type":"PropertyValueSpecification","valueRequired":true,"valueName":"search_term_string"}}],"inLanguage":"es-ES"},{"@type":"Organization","@id":"https:\/\/www.aq-arium.com\/aqmarine\/#organization","name":"AQ-arium Solutions","url":"https:\/\/www.aq-arium.com\/aqmarine\/","logo":{"@type":"ImageObject","inLanguage":"es-ES","@id":"https:\/\/www.aq-arium.com\/aqmarine\/#\/schema\/logo\/image\/","url":"https:\/\/www.aq-arium.com\/aqmarine\/wp-content\/uploads\/2021\/08\/AQ-arium-Solutions-logo-100x47px-1.png","contentUrl":"https:\/\/www.aq-arium.com\/aqmarine\/wp-content\/uploads\/2021\/08\/AQ-arium-Solutions-logo-100x47px-1.png","width":100,"height":47,"caption":"AQ-arium Solutions"},"image":{"@id":"https:\/\/www.aq-arium.com\/aqmarine\/#\/schema\/logo\/image\/"},"sameAs":["https:\/\/www.instagram.com\/aq.arium\/","https:\/\/x.com\/AArium56877"]}]}},"jetpack_sharing_enabled":true,"_links":{"self":[{"href":"https:\/\/www.aq-arium.com\/aqmarine\/wp-json\/wp\/v2\/pages\/31711","targetHints":{"allow":["GET"]}}],"collection":[{"href":"https:\/\/www.aq-arium.com\/aqmarine\/wp-json\/wp\/v2\/pages"}],"about":[{"href":"https:\/\/www.aq-arium.com\/aqmarine\/wp-json\/wp\/v2\/types\/page"}],"author":[{"embeddable":true,"href":"https:\/\/www.aq-arium.com\/aqmarine\/wp-json\/wp\/v2\/users\/1"}],"replies":[{"embeddable":true,"href":"https:\/\/www.aq-arium.com\/aqmarine\/wp-json\/wp\/v2\/comments?post=31711"}],"version-history":[{"count":5,"href":"https:\/\/www.aq-arium.com\/aqmarine\/wp-json\/wp\/v2\/pages\/31711\/revisions"}],"predecessor-version":[{"id":31720,"href":"https:\/\/www.aq-arium.com\/aqmarine\/wp-json\/wp\/v2\/pages\/31711\/revisions\/31720"}],"up":[{"embeddable":true,"href":"https:\/\/www.aq-arium.com\/aqmarine\/wp-json\/wp\/v2\/pages\/31404"}],"wp:featuredmedia":[{"embeddable":true,"href":"https:\/\/www.aq-arium.com\/aqmarine\/wp-json\/wp\/v2\/media\/31409"}],"wp:attachment":[{"href":"https:\/\/www.aq-arium.com\/aqmarine\/wp-json\/wp\/v2\/media?parent=31711"}],"curies":[{"name":"wp","href":"https:\/\/api.w.org\/{rel}","templated":true}]}}