{"id":31617,"date":"2023-11-06T10:38:35","date_gmt":"2023-11-06T08:38:35","guid":{"rendered":"https:\/\/www.aq-arium.com\/aqmarine\/?page_id=31617"},"modified":"2023-11-06T10:40:49","modified_gmt":"2023-11-06T08:40:49","slug":"level-keeper","status":"publish","type":"page","link":"https:\/\/www.aq-arium.com\/aqmarine\/reef-factory\/level-keeper\/","title":{"rendered":"Level Keeper, monitoreo del nivel del agua"},"content":{"rendered":"\t\t<div data-elementor-type=\"wp-page\" data-elementor-id=\"31617\" class=\"elementor elementor-31617\" data-elementor-settings=\"[]\">\n\t\t\t\t\t\t<div class=\"elementor-inner\">\n\t\t\t\t\t\t\t<div class=\"elementor-section-wrap\">\n\t\t\t\t\t\t\t<section class=\"elementor-section elementor-top-section elementor-element elementor-element-28b078a elementor-section-boxed elementor-section-height-default elementor-section-height-default\" data-id=\"28b078a\" data-element_type=\"section\">\n\t\t\t\t\t\t\t<div class=\"elementor-background-overlay\"><\/div>\n\t\t\t\t\t\t\t<div class=\"elementor-container elementor-column-gap-default\">\n\t\t\t\t\t\t\t<div class=\"elementor-row\">\n\t\t\t\t\t<div class=\"elementor-column elementor-col-100 elementor-top-column elementor-element elementor-element-a04f7c5\" data-id=\"a04f7c5\" data-element_type=\"column\">\n\t\t\t<div class=\"elementor-column-wrap elementor-element-populated\">\n\t\t\t\t\t\t\t<div class=\"elementor-widget-wrap\">\n\t\t\t\t\t\t<div class=\"elementor-element elementor-element-5bee91a elementor-widget elementor-widget-button\" data-id=\"5bee91a\" data-element_type=\"widget\" data-widget_type=\"button.default\">\n\t\t\t\t<div class=\"elementor-widget-container\">\n\t\t\t\t\t<div class=\"elementor-button-wrapper\">\n\t\t\t<a href=\"https:\/\/www.aq-arium.com\/aqmarine\/reef-factory\/\" class=\"elementor-button-link elementor-button elementor-size-sm\" role=\"button\">\n\t\t\t\t\t\t<span class=\"elementor-button-content-wrapper\">\n\t\t\t\t\t\t<span class=\"elementor-button-icon elementor-align-icon-left\">\n\t\t\t\t<i aria-hidden=\"true\" class=\"fas fa-arrow-left\"><\/i>\t\t\t<\/span>\n\t\t\t\t\t\t<span class=\"elementor-button-text\">Volver a la p\u00e1gina de Reef Factory<\/span>\n\t\t<\/span>\n\t\t\t\t\t<\/a>\n\t\t<\/div>\n\t\t\t\t<\/div>\n\t\t\t\t<\/div>\n\t\t\t\t<div class=\"elementor-element elementor-element-3885958 elementor-widget elementor-widget-image\" data-id=\"3885958\" data-element_type=\"widget\" data-widget_type=\"image.default\">\n\t\t\t\t<div class=\"elementor-widget-container\">\n\t\t\t\t\t<div class=\"elementor-image\">\n\t\t\t\t\t\t\t\t\t\t<img loading=\"lazy\" decoding=\"async\" width=\"150\" height=\"150\" src=\"https:\/\/www.aq-arium.com\/aqmarine\/wp-content\/uploads\/2022\/02\/reef-factory.png\" class=\"attachment-thumbnail size-thumbnail\" alt=\"\" srcset=\"https:\/\/www.aq-arium.com\/aqmarine\/wp-content\/uploads\/2022\/02\/reef-factory.png 150w, https:\/\/www.aq-arium.com\/aqmarine\/wp-content\/uploads\/2022\/02\/reef-factory-100x100.png 100w\" sizes=\"auto, (max-width: 150px) 100vw, 150px\" \/>\t\t\t\t\t\t\t\t\t\t\t<\/div>\n\t\t\t\t<\/div>\n\t\t\t\t<\/div>\n\t\t\t\t<div class=\"elementor-element elementor-element-d6c7756 elementor-widget elementor-widget-heading\" data-id=\"d6c7756\" data-element_type=\"widget\" data-widget_type=\"heading.default\">\n\t\t\t\t<div class=\"elementor-widget-container\">\n\t\t\t<h2 class=\"elementor-heading-title elementor-size-default\">Level Keeper<\/h2>\t\t<\/div>\n\t\t\t\t<\/div>\n\t\t\t\t<div class=\"elementor-element elementor-element-dabe826 elementor-widget elementor-widget-heading\" data-id=\"dabe826\" data-element_type=\"widget\" data-widget_type=\"heading.default\">\n\t\t\t\t<div class=\"elementor-widget-container\">\n\t\t\t<h6 class=\"elementor-heading-title elementor-size-default\">Dispositivo de relleno autom\u00e1tico de agua<\/h6>\t\t<\/div>\n\t\t\t\t<\/div>\n\t\t\t\t<div class=\"elementor-element elementor-element-0021761 elementor-widget elementor-widget-image\" data-id=\"0021761\" data-element_type=\"widget\" data-widget_type=\"image.default\">\n\t\t\t\t<div class=\"elementor-widget-container\">\n\t\t\t\t\t<div class=\"elementor-image\">\n\t\t\t\t\t\t\t\t\t\t<img loading=\"lazy\" decoding=\"async\" width=\"500\" height=\"500\" src=\"https:\/\/www.aq-arium.com\/aqmarine\/wp-content\/uploads\/2023\/11\/LK_DE-1920x1920-Basic-500x500.png\" class=\"attachment-Image Size 500x500 size-Image Size 500x500\" alt=\"\" srcset=\"https:\/\/www.aq-arium.com\/aqmarine\/wp-content\/uploads\/2023\/11\/LK_DE-1920x1920-Basic-500x500.png 500w, https:\/\/www.aq-arium.com\/aqmarine\/wp-content\/uploads\/2023\/11\/LK_DE-1920x1920-Basic-300x300.png 300w, https:\/\/www.aq-arium.com\/aqmarine\/wp-content\/uploads\/2023\/11\/LK_DE-1920x1920-Basic-1024x1024.png 1024w, https:\/\/www.aq-arium.com\/aqmarine\/wp-content\/uploads\/2023\/11\/LK_DE-1920x1920-Basic-150x150.png 150w, https:\/\/www.aq-arium.com\/aqmarine\/wp-content\/uploads\/2023\/11\/LK_DE-1920x1920-Basic-768x768.png 768w, https:\/\/www.aq-arium.com\/aqmarine\/wp-content\/uploads\/2023\/11\/LK_DE-1920x1920-Basic-1536x1536.png 1536w, https:\/\/www.aq-arium.com\/aqmarine\/wp-content\/uploads\/2023\/11\/LK_DE-1920x1920-Basic-600x600.png 600w, https:\/\/www.aq-arium.com\/aqmarine\/wp-content\/uploads\/2023\/11\/LK_DE-1920x1920-Basic-100x100.png 100w, https:\/\/www.aq-arium.com\/aqmarine\/wp-content\/uploads\/2023\/11\/LK_DE-1920x1920-Basic.png 1921w\" sizes=\"auto, (max-width: 500px) 100vw, 500px\" \/>\t\t\t\t\t\t\t\t\t\t\t<\/div>\n\t\t\t\t<\/div>\n\t\t\t\t<\/div>\n\t\t\t\t\t\t<\/div>\n\t\t\t\t\t<\/div>\n\t\t<\/div>\n\t\t\t\t\t\t\t\t<\/div>\n\t\t\t\t\t<\/div>\n\t\t<\/section>\n\t\t\t\t<section class=\"elementor-section elementor-top-section elementor-element elementor-element-19e979e elementor-section-boxed elementor-section-height-default elementor-section-height-default\" data-id=\"19e979e\" data-element_type=\"section\">\n\t\t\t\t\t\t<div class=\"elementor-container elementor-column-gap-default\">\n\t\t\t\t\t\t\t<div class=\"elementor-row\">\n\t\t\t\t\t<div class=\"elementor-column elementor-col-100 elementor-top-column elementor-element elementor-element-4889cc1\" data-id=\"4889cc1\" data-element_type=\"column\">\n\t\t\t<div class=\"elementor-column-wrap elementor-element-populated\">\n\t\t\t\t\t\t\t<div class=\"elementor-widget-wrap\">\n\t\t\t\t\t\t<div class=\"elementor-element elementor-element-45c4c22 elementor-widget elementor-widget-text-editor\" data-id=\"45c4c22\" data-element_type=\"widget\" data-widget_type=\"text-editor.default\">\n\t\t\t\t<div class=\"elementor-widget-container\">\n\t\t\t\t\t<div class=\"elementor-text-editor elementor-clearfix\"><h6>Dispositivo autom\u00e1tico que ayuda a mantener un nivel constante de agua evaporada en tu acuario. Contiene un miniordenador que monitoriza el nivel de agua de tu sumidero o acuario las 24 horas, los 7 d\u00edas de la semana.\u00a0\u00a0<\/h6><p>El Level Keeper, puede rellenar autom\u00e1ticamente el agua del acuario e informar de cu\u00e1nta agua se ha a\u00f1adido cada d\u00eda. Adem\u00e1s, permite encender y apagar el sistema de rellenado a distancia. Puede a\u00f1adir cantidades individuales de agua a distancia, especificar la frecuencia de las comprobaciones del nivel de agua y mucho m\u00e1s. Tambi\u00e9n puede acceder al historial de las operaciones de rellenado de agua realizadas en un periodo determinado.<\/p><p>Los datos se pueden previsualizar en l\u00ednea y el dispositivo se puede configurar mediante un navegador en un ordenador port\u00e1til o una aplicaci\u00f3n en un smartphone.<\/p><h4>\u00a0<\/h4><h4><strong>Caracter\u00edsticas Principales<\/strong><\/h4><ul><li>El dispositivo controla la bomba que est\u00e1 conectada al enchufe para rellenar el agua evaporada en el acuario.<\/li><li>Alerta sobre un nivel demasiado alto de agua en el sumidero.<\/li><li>Apaga la bomba si funciona durante demasiado tiempo (protege contra el trabajo sin agua).<\/li><li>Muestra las estad\u00edsticas del agua rellenada.<\/li><\/ul><\/div>\n\t\t\t\t<\/div>\n\t\t\t\t<\/div>\n\t\t\t\t\t\t<\/div>\n\t\t\t\t\t<\/div>\n\t\t<\/div>\n\t\t\t\t\t\t\t\t<\/div>\n\t\t\t\t\t<\/div>\n\t\t<\/section>\n\t\t\t\t<section class=\"elementor-section elementor-top-section elementor-element elementor-element-841e9b2 elementor-section-boxed elementor-section-height-default elementor-section-height-default\" data-id=\"841e9b2\" data-element_type=\"section\">\n\t\t\t\t\t\t<div class=\"elementor-container elementor-column-gap-default\">\n\t\t\t\t\t\t\t<div class=\"elementor-row\">\n\t\t\t\t\t<div class=\"elementor-column elementor-col-100 elementor-top-column elementor-element elementor-element-d4d09f3\" data-id=\"d4d09f3\" data-element_type=\"column\">\n\t\t\t<div class=\"elementor-column-wrap elementor-element-populated\">\n\t\t\t\t\t\t\t<div class=\"elementor-widget-wrap\">\n\t\t\t\t\t\t<section class=\"elementor-section elementor-inner-section elementor-element elementor-element-110cab2 elementor-section-boxed elementor-section-height-default elementor-section-height-default\" data-id=\"110cab2\" data-element_type=\"section\">\n\t\t\t\t\t\t<div class=\"elementor-container elementor-column-gap-default\">\n\t\t\t\t\t\t\t<div class=\"elementor-row\">\n\t\t\t\t\t<div class=\"elementor-column elementor-col-50 elementor-inner-column elementor-element elementor-element-93b55da\" data-id=\"93b55da\" data-element_type=\"column\">\n\t\t\t<div class=\"elementor-column-wrap elementor-element-populated\">\n\t\t\t\t\t\t\t<div class=\"elementor-widget-wrap\">\n\t\t\t\t\t\t<div class=\"elementor-element elementor-element-48c5019 elementor-widget elementor-widget-text-editor\" data-id=\"48c5019\" data-element_type=\"widget\" data-widget_type=\"text-editor.default\">\n\t\t\t\t<div class=\"elementor-widget-container\">\n\t\t\t\t\t<div class=\"elementor-text-editor elementor-clearfix\"><h6><strong>Administraci\u00f3n de dispositivos moderno y f\u00e1cil de usar.<\/strong><\/h6><p>Controla f\u00e1cilmente todos los par\u00e1metros y ajustes a trav\u00e9s del tel\u00e9fono, tablet y web gracias a la App gratuita de Smart Reef.<\/p><\/div>\n\t\t\t\t<\/div>\n\t\t\t\t<\/div>\n\t\t\t\t<div class=\"elementor-element elementor-element-029659b elementor-widget elementor-widget-image\" data-id=\"029659b\" data-element_type=\"widget\" data-widget_type=\"image.default\">\n\t\t\t\t<div class=\"elementor-widget-container\">\n\t\t\t\t\t<div class=\"elementor-image\">\n\t\t\t\t\t\t\t\t\t\t<img loading=\"lazy\" decoding=\"async\" width=\"883\" height=\"454\" src=\"https:\/\/www.aq-arium.com\/aqmarine\/wp-content\/uploads\/2023\/11\/mobil-level-keeper.png\" class=\"attachment-large size-large\" alt=\"\" srcset=\"https:\/\/www.aq-arium.com\/aqmarine\/wp-content\/uploads\/2023\/11\/mobil-level-keeper.png 883w, https:\/\/www.aq-arium.com\/aqmarine\/wp-content\/uploads\/2023\/11\/mobil-level-keeper-300x154.png 300w, https:\/\/www.aq-arium.com\/aqmarine\/wp-content\/uploads\/2023\/11\/mobil-level-keeper-768x395.png 768w, https:\/\/www.aq-arium.com\/aqmarine\/wp-content\/uploads\/2023\/11\/mobil-level-keeper-600x308.png 600w\" sizes=\"auto, (max-width: 883px) 100vw, 883px\" \/>\t\t\t\t\t\t\t\t\t\t\t<\/div>\n\t\t\t\t<\/div>\n\t\t\t\t<\/div>\n\t\t\t\t\t\t<\/div>\n\t\t\t\t\t<\/div>\n\t\t<\/div>\n\t\t\t\t<div class=\"elementor-column elementor-col-50 elementor-inner-column elementor-element elementor-element-b5966bf\" data-id=\"b5966bf\" data-element_type=\"column\">\n\t\t\t<div class=\"elementor-column-wrap elementor-element-populated\">\n\t\t\t\t\t\t\t<div class=\"elementor-widget-wrap\">\n\t\t\t\t\t\t<div class=\"elementor-element elementor-element-b56ae20 elementor-widget elementor-widget-text-editor\" data-id=\"b56ae20\" data-element_type=\"widget\" data-widget_type=\"text-editor.default\">\n\t\t\t\t<div class=\"elementor-widget-container\">\n\t\t\t\t\t<div class=\"elementor-text-editor elementor-clearfix\"><p><strong>Coloca un sensor m\u00e1s alto y otro m\u00e1s bajo.<\/strong> <br \/>El m\u00e1s alto le avisar\u00e1 cuando el nivel del agua de su acuario sea demasiado alto.<br \/><br \/><strong>Tiempo m\u00e1ximo de funcionamiento de la bomba<\/strong>. <br \/>Puede configurar el tiempo m\u00e1ximo de trabajo de la bomba enchufada.<br \/><br \/><strong>Desconexi\u00f3n temporal del dispositivo<\/strong>. <br \/>Puede establecer una pausa para su dispositivo. Esta funci\u00f3n puede ser \u00fatil durante el cambio de agua. El aparato empieza a funcionar normalmente despu\u00e9s de un tiempo determinado.\u00a0<\/p><\/div>\n\t\t\t\t<\/div>\n\t\t\t\t<\/div>\n\t\t\t\t<div class=\"elementor-element elementor-element-7688a2e elementor-widget elementor-widget-image\" data-id=\"7688a2e\" data-element_type=\"widget\" data-widget_type=\"image.default\">\n\t\t\t\t<div class=\"elementor-widget-container\">\n\t\t\t\t\t<div class=\"elementor-image\">\n\t\t\t\t\t\t\t\t\t\t<img loading=\"lazy\" decoding=\"async\" width=\"1024\" height=\"299\" src=\"https:\/\/www.aq-arium.com\/aqmarine\/wp-content\/uploads\/2023\/11\/center-1024x299.png\" class=\"attachment-large size-large\" alt=\"\" srcset=\"https:\/\/www.aq-arium.com\/aqmarine\/wp-content\/uploads\/2023\/11\/center-1024x299.png 1024w, https:\/\/www.aq-arium.com\/aqmarine\/wp-content\/uploads\/2023\/11\/center-300x88.png 300w, https:\/\/www.aq-arium.com\/aqmarine\/wp-content\/uploads\/2023\/11\/center-768x224.png 768w, https:\/\/www.aq-arium.com\/aqmarine\/wp-content\/uploads\/2023\/11\/center-1536x448.png 1536w, https:\/\/www.aq-arium.com\/aqmarine\/wp-content\/uploads\/2023\/11\/center-600x175.png 600w, https:\/\/www.aq-arium.com\/aqmarine\/wp-content\/uploads\/2023\/11\/center.png 1920w\" sizes=\"auto, (max-width: 1024px) 100vw, 1024px\" \/>\t\t\t\t\t\t\t\t\t\t\t<\/div>\n\t\t\t\t<\/div>\n\t\t\t\t<\/div>\n\t\t\t\t\t\t<\/div>\n\t\t\t\t\t<\/div>\n\t\t<\/div>\n\t\t\t\t\t\t\t\t<\/div>\n\t\t\t\t\t<\/div>\n\t\t<\/section>\n\t\t\t\t\t\t<\/div>\n\t\t\t\t\t<\/div>\n\t\t<\/div>\n\t\t\t\t\t\t\t\t<\/div>\n\t\t\t\t\t<\/div>\n\t\t<\/section>\n\t\t\t\t\t\t<\/div>\n\t\t\t\t\t\t<\/div>\n\t\t\t\t\t<\/div>\n\t\t","protected":false},"excerpt":{"rendered":"<p>Volver a la p\u00e1gina de Reef Factory Level Keeper Dispositivo de relleno autom\u00e1tico de agua Dispositivo autom\u00e1tico que ayuda a mantener un nivel constante de agua evaporada en tu acuario. Contiene un miniordenador que monitoriza el nivel de agua de tu sumidero o acuario las 24 horas, los 7 d\u00edas de la semana.\u00a0\u00a0 El Level [&hellip;]<\/p>\n","protected":false},"author":1,"featured_media":18534,"parent":31404,"menu_order":0,"comment_status":"closed","ping_status":"closed","template":"elementor_header_footer","meta":{"_acf_changed":false,"footnotes":""},"class_list":["post-31617","page","type-page","status-publish","has-post-thumbnail","hentry"],"acf":[],"yoast_head":"<!-- This site is optimized with the Yoast SEO plugin v23.9 - https:\/\/yoast.com\/wordpress\/plugins\/seo\/ -->\n<title>Level Keeper, monitoreo del nivel del agua - AQ, Aquarium Solutions<\/title>\n<meta name=\"description\" content=\"El Level Keeper de Reef Factory es un miniordenador que, en caso de evaporaci\u00f3n del agua, la a\u00f1ade autom\u00e1ticamente en tu sistema.\" \/>\n<meta name=\"robots\" content=\"index, follow, max-snippet:-1, max-image-preview:large, max-video-preview:-1\" \/>\n<link rel=\"canonical\" href=\"https:\/\/www.aq-arium.com\/aqmarine\/reef-factory\/level-keeper\/\" \/>\n<meta property=\"og:locale\" content=\"es_ES\" \/>\n<meta property=\"og:type\" content=\"article\" \/>\n<meta property=\"og:title\" content=\"Level Keeper, monitoreo del nivel del agua - AQ, Aquarium Solutions\" \/>\n<meta property=\"og:description\" content=\"El Level Keeper de Reef Factory es un miniordenador que, en caso de evaporaci\u00f3n del agua, la a\u00f1ade autom\u00e1ticamente en tu sistema.\" \/>\n<meta property=\"og:url\" content=\"https:\/\/www.aq-arium.com\/aqmarine\/reef-factory\/level-keeper\/\" \/>\n<meta property=\"og:site_name\" content=\"AQ, Aquarium Solutions\" \/>\n<meta property=\"article:publisher\" content=\"https:\/\/www.instagram.com\/aq.arium\/\" \/>\n<meta property=\"article:modified_time\" content=\"2023-11-06T08:40:49+00:00\" \/>\n<meta property=\"og:image\" content=\"https:\/\/www.aq-arium.com\/aqmarine\/wp-content\/uploads\/2021\/01\/LEVEL-KEEPER.jpg\" \/>\n\t<meta property=\"og:image:width\" content=\"250\" \/>\n\t<meta property=\"og:image:height\" content=\"250\" \/>\n\t<meta property=\"og:image:type\" content=\"image\/jpeg\" \/>\n<meta name=\"twitter:card\" content=\"summary_large_image\" \/>\n<meta name=\"twitter:site\" content=\"@AArium56877\" \/>\n<meta name=\"twitter:label1\" content=\"Tiempo de lectura\" \/>\n\t<meta name=\"twitter:data1\" content=\"3 minutos\" \/>\n<script type=\"application\/ld+json\" class=\"yoast-schema-graph\">{\"@context\":\"https:\/\/schema.org\",\"@graph\":[{\"@type\":\"WebPage\",\"@id\":\"https:\/\/www.aq-arium.com\/aqmarine\/reef-factory\/level-keeper\/\",\"url\":\"https:\/\/www.aq-arium.com\/aqmarine\/reef-factory\/level-keeper\/\",\"name\":\"Level Keeper, monitoreo del nivel del agua - AQ, Aquarium Solutions\",\"isPartOf\":{\"@id\":\"https:\/\/www.aq-arium.com\/aqmarine\/#website\"},\"primaryImageOfPage\":{\"@id\":\"https:\/\/www.aq-arium.com\/aqmarine\/reef-factory\/level-keeper\/#primaryimage\"},\"image\":{\"@id\":\"https:\/\/www.aq-arium.com\/aqmarine\/reef-factory\/level-keeper\/#primaryimage\"},\"thumbnailUrl\":\"https:\/\/www.aq-arium.com\/aqmarine\/wp-content\/uploads\/2021\/01\/LEVEL-KEEPER.jpg\",\"datePublished\":\"2023-11-06T08:38:35+00:00\",\"dateModified\":\"2023-11-06T08:40:49+00:00\",\"description\":\"El Level Keeper de Reef Factory es un miniordenador que, en caso de evaporaci\u00f3n del agua, la a\u00f1ade autom\u00e1ticamente en tu sistema.\",\"breadcrumb\":{\"@id\":\"https:\/\/www.aq-arium.com\/aqmarine\/reef-factory\/level-keeper\/#breadcrumb\"},\"inLanguage\":\"es-ES\",\"potentialAction\":[{\"@type\":\"ReadAction\",\"target\":[\"https:\/\/www.aq-arium.com\/aqmarine\/reef-factory\/level-keeper\/\"]}]},{\"@type\":\"ImageObject\",\"inLanguage\":\"es-ES\",\"@id\":\"https:\/\/www.aq-arium.com\/aqmarine\/reef-factory\/level-keeper\/#primaryimage\",\"url\":\"https:\/\/www.aq-arium.com\/aqmarine\/wp-content\/uploads\/2021\/01\/LEVEL-KEEPER.jpg\",\"contentUrl\":\"https:\/\/www.aq-arium.com\/aqmarine\/wp-content\/uploads\/2021\/01\/LEVEL-KEEPER.jpg\",\"width\":250,\"height\":250,\"caption\":\"LEVEL KEEPER\"},{\"@type\":\"BreadcrumbList\",\"@id\":\"https:\/\/www.aq-arium.com\/aqmarine\/reef-factory\/level-keeper\/#breadcrumb\",\"itemListElement\":[{\"@type\":\"ListItem\",\"position\":1,\"name\":\"Portada\",\"item\":\"https:\/\/www.aq-arium.com\/aqmarine\/\"},{\"@type\":\"ListItem\",\"position\":2,\"name\":\"Reef Factory, dispositivos inteligentes para tu acuario\",\"item\":\"https:\/\/www.aq-arium.com\/aqmarine\/reef-factory\/\"},{\"@type\":\"ListItem\",\"position\":3,\"name\":\"Level Keeper, monitoreo del nivel del agua\"}]},{\"@type\":\"WebSite\",\"@id\":\"https:\/\/www.aq-arium.com\/aqmarine\/#website\",\"url\":\"https:\/\/www.aq-arium.com\/aqmarine\/\",\"name\":\"AQ, Aquarium Solutions\",\"description\":\"Productos para Acuario Marino y Dulce\",\"publisher\":{\"@id\":\"https:\/\/www.aq-arium.com\/aqmarine\/#organization\"},\"potentialAction\":[{\"@type\":\"SearchAction\",\"target\":{\"@type\":\"EntryPoint\",\"urlTemplate\":\"https:\/\/www.aq-arium.com\/aqmarine\/?s={search_term_string}\"},\"query-input\":{\"@type\":\"PropertyValueSpecification\",\"valueRequired\":true,\"valueName\":\"search_term_string\"}}],\"inLanguage\":\"es-ES\"},{\"@type\":\"Organization\",\"@id\":\"https:\/\/www.aq-arium.com\/aqmarine\/#organization\",\"name\":\"AQ-arium Solutions\",\"url\":\"https:\/\/www.aq-arium.com\/aqmarine\/\",\"logo\":{\"@type\":\"ImageObject\",\"inLanguage\":\"es-ES\",\"@id\":\"https:\/\/www.aq-arium.com\/aqmarine\/#\/schema\/logo\/image\/\",\"url\":\"https:\/\/www.aq-arium.com\/aqmarine\/wp-content\/uploads\/2021\/08\/AQ-arium-Solutions-logo-100x47px-1.png\",\"contentUrl\":\"https:\/\/www.aq-arium.com\/aqmarine\/wp-content\/uploads\/2021\/08\/AQ-arium-Solutions-logo-100x47px-1.png\",\"width\":100,\"height\":47,\"caption\":\"AQ-arium Solutions\"},\"image\":{\"@id\":\"https:\/\/www.aq-arium.com\/aqmarine\/#\/schema\/logo\/image\/\"},\"sameAs\":[\"https:\/\/www.instagram.com\/aq.arium\/\",\"https:\/\/x.com\/AArium56877\"]}]}<\/script>\n<!-- \/ Yoast SEO plugin. -->","yoast_head_json":{"title":"Level Keeper, monitoreo del nivel del agua - AQ, Aquarium Solutions","description":"El Level Keeper de Reef Factory es un miniordenador que, en caso de evaporaci\u00f3n del agua, la a\u00f1ade autom\u00e1ticamente en tu sistema.","robots":{"index":"index","follow":"follow","max-snippet":"max-snippet:-1","max-image-preview":"max-image-preview:large","max-video-preview":"max-video-preview:-1"},"canonical":"https:\/\/www.aq-arium.com\/aqmarine\/reef-factory\/level-keeper\/","og_locale":"es_ES","og_type":"article","og_title":"Level Keeper, monitoreo del nivel del agua - AQ, Aquarium Solutions","og_description":"El Level Keeper de Reef Factory es un miniordenador que, en caso de evaporaci\u00f3n del agua, la a\u00f1ade autom\u00e1ticamente en tu sistema.","og_url":"https:\/\/www.aq-arium.com\/aqmarine\/reef-factory\/level-keeper\/","og_site_name":"AQ, Aquarium Solutions","article_publisher":"https:\/\/www.instagram.com\/aq.arium\/","article_modified_time":"2023-11-06T08:40:49+00:00","og_image":[{"width":250,"height":250,"url":"https:\/\/www.aq-arium.com\/aqmarine\/wp-content\/uploads\/2021\/01\/LEVEL-KEEPER.jpg","type":"image\/jpeg"}],"twitter_card":"summary_large_image","twitter_site":"@AArium56877","twitter_misc":{"Tiempo de lectura":"3 minutos"},"schema":{"@context":"https:\/\/schema.org","@graph":[{"@type":"WebPage","@id":"https:\/\/www.aq-arium.com\/aqmarine\/reef-factory\/level-keeper\/","url":"https:\/\/www.aq-arium.com\/aqmarine\/reef-factory\/level-keeper\/","name":"Level Keeper, monitoreo del nivel del agua - AQ, Aquarium Solutions","isPartOf":{"@id":"https:\/\/www.aq-arium.com\/aqmarine\/#website"},"primaryImageOfPage":{"@id":"https:\/\/www.aq-arium.com\/aqmarine\/reef-factory\/level-keeper\/#primaryimage"},"image":{"@id":"https:\/\/www.aq-arium.com\/aqmarine\/reef-factory\/level-keeper\/#primaryimage"},"thumbnailUrl":"https:\/\/www.aq-arium.com\/aqmarine\/wp-content\/uploads\/2021\/01\/LEVEL-KEEPER.jpg","datePublished":"2023-11-06T08:38:35+00:00","dateModified":"2023-11-06T08:40:49+00:00","description":"El Level Keeper de Reef Factory es un miniordenador que, en caso de evaporaci\u00f3n del agua, la a\u00f1ade autom\u00e1ticamente en tu sistema.","breadcrumb":{"@id":"https:\/\/www.aq-arium.com\/aqmarine\/reef-factory\/level-keeper\/#breadcrumb"},"inLanguage":"es-ES","potentialAction":[{"@type":"ReadAction","target":["https:\/\/www.aq-arium.com\/aqmarine\/reef-factory\/level-keeper\/"]}]},{"@type":"ImageObject","inLanguage":"es-ES","@id":"https:\/\/www.aq-arium.com\/aqmarine\/reef-factory\/level-keeper\/#primaryimage","url":"https:\/\/www.aq-arium.com\/aqmarine\/wp-content\/uploads\/2021\/01\/LEVEL-KEEPER.jpg","contentUrl":"https:\/\/www.aq-arium.com\/aqmarine\/wp-content\/uploads\/2021\/01\/LEVEL-KEEPER.jpg","width":250,"height":250,"caption":"LEVEL KEEPER"},{"@type":"BreadcrumbList","@id":"https:\/\/www.aq-arium.com\/aqmarine\/reef-factory\/level-keeper\/#breadcrumb","itemListElement":[{"@type":"ListItem","position":1,"name":"Portada","item":"https:\/\/www.aq-arium.com\/aqmarine\/"},{"@type":"ListItem","position":2,"name":"Reef Factory, dispositivos inteligentes para tu acuario","item":"https:\/\/www.aq-arium.com\/aqmarine\/reef-factory\/"},{"@type":"ListItem","position":3,"name":"Level Keeper, monitoreo del nivel del agua"}]},{"@type":"WebSite","@id":"https:\/\/www.aq-arium.com\/aqmarine\/#website","url":"https:\/\/www.aq-arium.com\/aqmarine\/","name":"AQ, Aquarium Solutions","description":"Productos para Acuario Marino y Dulce","publisher":{"@id":"https:\/\/www.aq-arium.com\/aqmarine\/#organization"},"potentialAction":[{"@type":"SearchAction","target":{"@type":"EntryPoint","urlTemplate":"https:\/\/www.aq-arium.com\/aqmarine\/?s={search_term_string}"},"query-input":{"@type":"PropertyValueSpecification","valueRequired":true,"valueName":"search_term_string"}}],"inLanguage":"es-ES"},{"@type":"Organization","@id":"https:\/\/www.aq-arium.com\/aqmarine\/#organization","name":"AQ-arium Solutions","url":"https:\/\/www.aq-arium.com\/aqmarine\/","logo":{"@type":"ImageObject","inLanguage":"es-ES","@id":"https:\/\/www.aq-arium.com\/aqmarine\/#\/schema\/logo\/image\/","url":"https:\/\/www.aq-arium.com\/aqmarine\/wp-content\/uploads\/2021\/08\/AQ-arium-Solutions-logo-100x47px-1.png","contentUrl":"https:\/\/www.aq-arium.com\/aqmarine\/wp-content\/uploads\/2021\/08\/AQ-arium-Solutions-logo-100x47px-1.png","width":100,"height":47,"caption":"AQ-arium Solutions"},"image":{"@id":"https:\/\/www.aq-arium.com\/aqmarine\/#\/schema\/logo\/image\/"},"sameAs":["https:\/\/www.instagram.com\/aq.arium\/","https:\/\/x.com\/AArium56877"]}]}},"jetpack_sharing_enabled":true,"_links":{"self":[{"href":"https:\/\/www.aq-arium.com\/aqmarine\/wp-json\/wp\/v2\/pages\/31617","targetHints":{"allow":["GET"]}}],"collection":[{"href":"https:\/\/www.aq-arium.com\/aqmarine\/wp-json\/wp\/v2\/pages"}],"about":[{"href":"https:\/\/www.aq-arium.com\/aqmarine\/wp-json\/wp\/v2\/types\/page"}],"author":[{"embeddable":true,"href":"https:\/\/www.aq-arium.com\/aqmarine\/wp-json\/wp\/v2\/users\/1"}],"replies":[{"embeddable":true,"href":"https:\/\/www.aq-arium.com\/aqmarine\/wp-json\/wp\/v2\/comments?post=31617"}],"version-history":[{"count":4,"href":"https:\/\/www.aq-arium.com\/aqmarine\/wp-json\/wp\/v2\/pages\/31617\/revisions"}],"predecessor-version":[{"id":31626,"href":"https:\/\/www.aq-arium.com\/aqmarine\/wp-json\/wp\/v2\/pages\/31617\/revisions\/31626"}],"up":[{"embeddable":true,"href":"https:\/\/www.aq-arium.com\/aqmarine\/wp-json\/wp\/v2\/pages\/31404"}],"wp:featuredmedia":[{"embeddable":true,"href":"https:\/\/www.aq-arium.com\/aqmarine\/wp-json\/wp\/v2\/media\/18534"}],"wp:attachment":[{"href":"https:\/\/www.aq-arium.com\/aqmarine\/wp-json\/wp\/v2\/media?parent=31617"}],"curies":[{"name":"wp","href":"https:\/\/api.w.org\/{rel}","templated":true}]}}