{"id":31601,"date":"2023-11-03T09:54:12","date_gmt":"2023-11-03T07:54:12","guid":{"rendered":"https:\/\/www.aq-arium.com\/aqmarine\/?page_id=31601"},"modified":"2023-11-03T09:57:19","modified_gmt":"2023-11-03T07:57:19","slug":"thermo-control","status":"publish","type":"page","link":"https:\/\/www.aq-arium.com\/aqmarine\/reef-factory\/thermo-control\/","title":{"rendered":"Thermo Control, temperatura constante autom\u00e1tica"},"content":{"rendered":"\t\t<div data-elementor-type=\"wp-page\" data-elementor-id=\"31601\" class=\"elementor elementor-31601\" data-elementor-settings=\"[]\">\n\t\t\t\t\t\t<div class=\"elementor-inner\">\n\t\t\t\t\t\t\t<div class=\"elementor-section-wrap\">\n\t\t\t\t\t\t\t<section class=\"elementor-section elementor-top-section elementor-element elementor-element-02b2fd7 elementor-section-boxed elementor-section-height-default elementor-section-height-default\" data-id=\"02b2fd7\" data-element_type=\"section\">\n\t\t\t\t\t\t\t<div class=\"elementor-background-overlay\"><\/div>\n\t\t\t\t\t\t\t<div class=\"elementor-container elementor-column-gap-default\">\n\t\t\t\t\t\t\t<div class=\"elementor-row\">\n\t\t\t\t\t<div class=\"elementor-column elementor-col-100 elementor-top-column elementor-element elementor-element-b74aa05\" data-id=\"b74aa05\" data-element_type=\"column\">\n\t\t\t<div class=\"elementor-column-wrap elementor-element-populated\">\n\t\t\t\t\t\t\t<div class=\"elementor-widget-wrap\">\n\t\t\t\t\t\t<div class=\"elementor-element elementor-element-6866cfb elementor-widget elementor-widget-button\" data-id=\"6866cfb\" data-element_type=\"widget\" data-widget_type=\"button.default\">\n\t\t\t\t<div class=\"elementor-widget-container\">\n\t\t\t\t\t<div class=\"elementor-button-wrapper\">\n\t\t\t<a href=\"https:\/\/www.aq-arium.com\/aqmarine\/reef-factory\/\" class=\"elementor-button-link elementor-button elementor-size-sm\" role=\"button\">\n\t\t\t\t\t\t<span class=\"elementor-button-content-wrapper\">\n\t\t\t\t\t\t<span class=\"elementor-button-icon elementor-align-icon-left\">\n\t\t\t\t<i aria-hidden=\"true\" class=\"fas fa-arrow-left\"><\/i>\t\t\t<\/span>\n\t\t\t\t\t\t<span class=\"elementor-button-text\">Volver a la p\u00e1gina de Reef Factory<\/span>\n\t\t<\/span>\n\t\t\t\t\t<\/a>\n\t\t<\/div>\n\t\t\t\t<\/div>\n\t\t\t\t<\/div>\n\t\t\t\t<div class=\"elementor-element elementor-element-c3ec2e3 elementor-widget elementor-widget-image\" data-id=\"c3ec2e3\" data-element_type=\"widget\" data-widget_type=\"image.default\">\n\t\t\t\t<div class=\"elementor-widget-container\">\n\t\t\t\t\t<div class=\"elementor-image\">\n\t\t\t\t\t\t\t\t\t\t<img loading=\"lazy\" decoding=\"async\" width=\"150\" height=\"150\" src=\"https:\/\/www.aq-arium.com\/aqmarine\/wp-content\/uploads\/2022\/02\/reef-factory.png\" class=\"attachment-thumbnail size-thumbnail\" alt=\"\" srcset=\"https:\/\/www.aq-arium.com\/aqmarine\/wp-content\/uploads\/2022\/02\/reef-factory.png 150w, https:\/\/www.aq-arium.com\/aqmarine\/wp-content\/uploads\/2022\/02\/reef-factory-100x100.png 100w\" sizes=\"auto, (max-width: 150px) 100vw, 150px\" \/>\t\t\t\t\t\t\t\t\t\t\t<\/div>\n\t\t\t\t<\/div>\n\t\t\t\t<\/div>\n\t\t\t\t<div class=\"elementor-element elementor-element-9940ca6 elementor-widget elementor-widget-heading\" data-id=\"9940ca6\" data-element_type=\"widget\" data-widget_type=\"heading.default\">\n\t\t\t\t<div class=\"elementor-widget-container\">\n\t\t\t<h2 class=\"elementor-heading-title elementor-size-default\">Thermo Control<\/h2>\t\t<\/div>\n\t\t\t\t<\/div>\n\t\t\t\t<div class=\"elementor-element elementor-element-ca374b2 elementor-widget elementor-widget-heading\" data-id=\"ca374b2\" data-element_type=\"widget\" data-widget_type=\"heading.default\">\n\t\t\t\t<div class=\"elementor-widget-container\">\n\t\t\t<h6 class=\"elementor-heading-title elementor-size-default\">Dispositivo de control autom\u00e1tico de temperatura<\/h6>\t\t<\/div>\n\t\t\t\t<\/div>\n\t\t\t\t<div class=\"elementor-element elementor-element-371fcec elementor-widget elementor-widget-image\" data-id=\"371fcec\" data-element_type=\"widget\" data-widget_type=\"image.default\">\n\t\t\t\t<div class=\"elementor-widget-container\">\n\t\t\t\t\t<div class=\"elementor-image\">\n\t\t\t\t\t\t\t\t\t\t<img loading=\"lazy\" decoding=\"async\" width=\"500\" height=\"500\" src=\"https:\/\/www.aq-arium.com\/aqmarine\/wp-content\/uploads\/2022\/02\/thermo-control.png\" class=\"attachment-Image Size 500x500 size-Image Size 500x500\" alt=\"\" srcset=\"https:\/\/www.aq-arium.com\/aqmarine\/wp-content\/uploads\/2022\/02\/thermo-control.png 500w, https:\/\/www.aq-arium.com\/aqmarine\/wp-content\/uploads\/2022\/02\/thermo-control-300x300.png 300w, https:\/\/www.aq-arium.com\/aqmarine\/wp-content\/uploads\/2022\/02\/thermo-control-150x150.png 150w, https:\/\/www.aq-arium.com\/aqmarine\/wp-content\/uploads\/2022\/02\/thermo-control-100x100.png 100w\" sizes=\"auto, (max-width: 500px) 100vw, 500px\" \/>\t\t\t\t\t\t\t\t\t\t\t<\/div>\n\t\t\t\t<\/div>\n\t\t\t\t<\/div>\n\t\t\t\t\t\t<\/div>\n\t\t\t\t\t<\/div>\n\t\t<\/div>\n\t\t\t\t\t\t\t\t<\/div>\n\t\t\t\t\t<\/div>\n\t\t<\/section>\n\t\t\t\t<section class=\"elementor-section elementor-top-section elementor-element elementor-element-241b39f elementor-section-boxed elementor-section-height-default elementor-section-height-default\" data-id=\"241b39f\" data-element_type=\"section\">\n\t\t\t\t\t\t<div class=\"elementor-container elementor-column-gap-default\">\n\t\t\t\t\t\t\t<div class=\"elementor-row\">\n\t\t\t\t\t<div class=\"elementor-column elementor-col-100 elementor-top-column elementor-element elementor-element-a1c1e39\" data-id=\"a1c1e39\" data-element_type=\"column\">\n\t\t\t<div class=\"elementor-column-wrap elementor-element-populated\">\n\t\t\t\t\t\t\t<div class=\"elementor-widget-wrap\">\n\t\t\t\t\t\t<div class=\"elementor-element elementor-element-8fd1c61 elementor-widget elementor-widget-text-editor\" data-id=\"8fd1c61\" data-element_type=\"widget\" data-widget_type=\"text-editor.default\">\n\t\t\t\t<div class=\"elementor-widget-container\">\n\t\t\t\t\t<div class=\"elementor-text-editor elementor-clearfix\"><h6>Una forma diferente de hacer las cosas<\/h6><p>El Thermo Control, es un dispositivo inteligente que ayuda a mantener una temperatura constante en el acuario. Puede controlar tanto el enfriador como el calentador. Se constituye de un miniordenador que monitorea las 24 horas el agua del acuario.<\/p><p>Si la temperatura excede un rango de seguridad determinado, el dispositivo env\u00eda un mensaje en forma de alerta en tu tel\u00e9fono o tablet.\u00a0<\/p><\/div>\n\t\t\t\t<\/div>\n\t\t\t\t<\/div>\n\t\t\t\t<section class=\"elementor-section elementor-inner-section elementor-element elementor-element-40d314d elementor-section-boxed elementor-section-height-default elementor-section-height-default\" data-id=\"40d314d\" data-element_type=\"section\">\n\t\t\t\t\t\t<div class=\"elementor-container elementor-column-gap-default\">\n\t\t\t\t\t\t\t<div class=\"elementor-row\">\n\t\t\t\t\t<div class=\"elementor-column elementor-col-50 elementor-inner-column elementor-element elementor-element-fd6fb9d\" data-id=\"fd6fb9d\" data-element_type=\"column\">\n\t\t\t<div class=\"elementor-column-wrap elementor-element-populated\">\n\t\t\t\t\t\t\t<div class=\"elementor-widget-wrap\">\n\t\t\t\t\t\t<div class=\"elementor-element elementor-element-aa9662b elementor-widget elementor-widget-text-editor\" data-id=\"aa9662b\" data-element_type=\"widget\" data-widget_type=\"text-editor.default\">\n\t\t\t\t<div class=\"elementor-widget-container\">\n\t\t\t\t\t<div class=\"elementor-text-editor elementor-clearfix\"><h6><strong>Administraci\u00f3n de dispositivos moderno y f\u00e1cil de usar.<\/strong><\/h6><p>Controla f\u00e1cilmente todos los par\u00e1metros y ajustes a trav\u00e9s del tel\u00e9fono, tablet y web gracias a la App gratuita de Smart Reef.<\/p><\/div>\n\t\t\t\t<\/div>\n\t\t\t\t<\/div>\n\t\t\t\t<div class=\"elementor-element elementor-element-7b00c27 elementor-widget elementor-widget-image\" data-id=\"7b00c27\" data-element_type=\"widget\" data-widget_type=\"image.default\">\n\t\t\t\t<div class=\"elementor-widget-container\">\n\t\t\t\t\t<div class=\"elementor-image\">\n\t\t\t\t\t\t\t\t\t\t<img loading=\"lazy\" decoding=\"async\" width=\"831\" height=\"415\" src=\"https:\/\/www.aq-arium.com\/aqmarine\/wp-content\/uploads\/2023\/11\/thermo-control-mobil.png\" class=\"attachment-large size-large\" alt=\"\" srcset=\"https:\/\/www.aq-arium.com\/aqmarine\/wp-content\/uploads\/2023\/11\/thermo-control-mobil.png 831w, https:\/\/www.aq-arium.com\/aqmarine\/wp-content\/uploads\/2023\/11\/thermo-control-mobil-300x150.png 300w, https:\/\/www.aq-arium.com\/aqmarine\/wp-content\/uploads\/2023\/11\/thermo-control-mobil-768x384.png 768w, https:\/\/www.aq-arium.com\/aqmarine\/wp-content\/uploads\/2023\/11\/thermo-control-mobil-600x300.png 600w\" sizes=\"auto, (max-width: 831px) 100vw, 831px\" \/>\t\t\t\t\t\t\t\t\t\t\t<\/div>\n\t\t\t\t<\/div>\n\t\t\t\t<\/div>\n\t\t\t\t\t\t<\/div>\n\t\t\t\t\t<\/div>\n\t\t<\/div>\n\t\t\t\t<div class=\"elementor-column elementor-col-50 elementor-inner-column elementor-element elementor-element-e659ec9\" data-id=\"e659ec9\" data-element_type=\"column\">\n\t\t\t<div class=\"elementor-column-wrap elementor-element-populated\">\n\t\t\t\t\t\t\t<div class=\"elementor-widget-wrap\">\n\t\t\t\t\t\t<div class=\"elementor-element elementor-element-093fb82 elementor-widget elementor-widget-text-editor\" data-id=\"093fb82\" data-element_type=\"widget\" data-widget_type=\"text-editor.default\">\n\t\t\t\t<div class=\"elementor-widget-container\">\n\t\t\t\t\t<div class=\"elementor-text-editor elementor-clearfix\"><h6><strong>Calor y frio<\/strong><\/h6><p>El Thermo Control es capa\u00e7 de controlar y regular tanto el calentador como el enfriador.\u00a0<br \/>La toma izquierda (LED azul) controla el enfriador y la toma derecha (LED naranja) controla el calentador.\u00a0<\/p><\/div>\n\t\t\t\t<\/div>\n\t\t\t\t<\/div>\n\t\t\t\t<div class=\"elementor-element elementor-element-fb4a1fe elementor-widget elementor-widget-image\" data-id=\"fb4a1fe\" data-element_type=\"widget\" data-widget_type=\"image.default\">\n\t\t\t\t<div class=\"elementor-widget-container\">\n\t\t\t\t\t<div class=\"elementor-image\">\n\t\t\t\t\t\t\t\t\t\t<img loading=\"lazy\" decoding=\"async\" width=\"1024\" height=\"389\" src=\"https:\/\/www.aq-arium.com\/aqmarine\/wp-content\/uploads\/2023\/11\/workh-1024x389.png\" class=\"attachment-large size-large\" alt=\"\" srcset=\"https:\/\/www.aq-arium.com\/aqmarine\/wp-content\/uploads\/2023\/11\/workh-1024x389.png 1024w, https:\/\/www.aq-arium.com\/aqmarine\/wp-content\/uploads\/2023\/11\/workh-300x114.png 300w, https:\/\/www.aq-arium.com\/aqmarine\/wp-content\/uploads\/2023\/11\/workh-768x292.png 768w, https:\/\/www.aq-arium.com\/aqmarine\/wp-content\/uploads\/2023\/11\/workh-600x228.png 600w, https:\/\/www.aq-arium.com\/aqmarine\/wp-content\/uploads\/2023\/11\/workh.png 1420w\" sizes=\"auto, (max-width: 1024px) 100vw, 1024px\" \/>\t\t\t\t\t\t\t\t\t\t\t<\/div>\n\t\t\t\t<\/div>\n\t\t\t\t<\/div>\n\t\t\t\t\t\t<\/div>\n\t\t\t\t\t<\/div>\n\t\t<\/div>\n\t\t\t\t\t\t\t\t<\/div>\n\t\t\t\t\t<\/div>\n\t\t<\/section>\n\t\t\t\t\t\t<\/div>\n\t\t\t\t\t<\/div>\n\t\t<\/div>\n\t\t\t\t\t\t\t\t<\/div>\n\t\t\t\t\t<\/div>\n\t\t<\/section>\n\t\t\t\t<section class=\"elementor-section elementor-top-section elementor-element elementor-element-937c49e elementor-section-boxed elementor-section-height-default elementor-section-height-default\" data-id=\"937c49e\" data-element_type=\"section\">\n\t\t\t\t\t\t<div class=\"elementor-container elementor-column-gap-default\">\n\t\t\t\t\t\t\t<div class=\"elementor-row\">\n\t\t\t\t\t<div class=\"elementor-column elementor-col-100 elementor-top-column elementor-element elementor-element-cd59c22\" data-id=\"cd59c22\" data-element_type=\"column\">\n\t\t\t<div class=\"elementor-column-wrap elementor-element-populated\">\n\t\t\t\t\t\t\t<div class=\"elementor-widget-wrap\">\n\t\t\t\t\t\t<div class=\"elementor-element elementor-element-0eca3bb elementor-widget elementor-widget-spacer\" data-id=\"0eca3bb\" data-element_type=\"widget\" data-widget_type=\"spacer.default\">\n\t\t\t\t<div class=\"elementor-widget-container\">\n\t\t\t\t\t<div class=\"elementor-spacer\">\n\t\t\t<div class=\"elementor-spacer-inner\"><\/div>\n\t\t<\/div>\n\t\t\t\t<\/div>\n\t\t\t\t<\/div>\n\t\t\t\t<div class=\"elementor-element elementor-element-1b4b9d3 elementor-widget elementor-widget-text-editor\" data-id=\"1b4b9d3\" data-element_type=\"widget\" data-widget_type=\"text-editor.default\">\n\t\t\t\t<div class=\"elementor-widget-container\">\n\t\t\t\t\t<div class=\"elementor-text-editor elementor-clearfix\"><h5 style=\"text-align: center;\"><strong>Mant\u00e9n la temperatura correcta en todo momento<\/strong><\/h5><p style=\"text-align: center;\">Accede, siempre que quieras, al historial de mediciones. Encontrar\u00e1s una gr\u00e1fica que muestra los niveles de temperatura del acuario en el periodo de tiempo seleccionado.\u00a0<\/p><\/div>\n\t\t\t\t<\/div>\n\t\t\t\t<\/div>\n\t\t\t\t<div class=\"elementor-element elementor-element-f8eb35d elementor-widget elementor-widget-image\" data-id=\"f8eb35d\" data-element_type=\"widget\" data-widget_type=\"image.default\">\n\t\t\t\t<div class=\"elementor-widget-container\">\n\t\t\t\t\t<div class=\"elementor-image\">\n\t\t\t\t\t\t\t\t\t\t<img loading=\"lazy\" decoding=\"async\" width=\"1024\" height=\"469\" src=\"https:\/\/www.aq-arium.com\/aqmarine\/wp-content\/uploads\/2023\/11\/historyh-1024x469.png\" class=\"attachment-large size-large\" alt=\"\" srcset=\"https:\/\/www.aq-arium.com\/aqmarine\/wp-content\/uploads\/2023\/11\/historyh-1024x469.png 1024w, https:\/\/www.aq-arium.com\/aqmarine\/wp-content\/uploads\/2023\/11\/historyh-300x137.png 300w, https:\/\/www.aq-arium.com\/aqmarine\/wp-content\/uploads\/2023\/11\/historyh-768x352.png 768w, https:\/\/www.aq-arium.com\/aqmarine\/wp-content\/uploads\/2023\/11\/historyh-600x275.png 600w, https:\/\/www.aq-arium.com\/aqmarine\/wp-content\/uploads\/2023\/11\/historyh.png 1420w\" sizes=\"auto, (max-width: 1024px) 100vw, 1024px\" \/>\t\t\t\t\t\t\t\t\t\t\t<\/div>\n\t\t\t\t<\/div>\n\t\t\t\t<\/div>\n\t\t\t\t\t\t<\/div>\n\t\t\t\t\t<\/div>\n\t\t<\/div>\n\t\t\t\t\t\t\t\t<\/div>\n\t\t\t\t\t<\/div>\n\t\t<\/section>\n\t\t\t\t\t\t<\/div>\n\t\t\t\t\t\t<\/div>\n\t\t\t\t\t<\/div>\n\t\t","protected":false},"excerpt":{"rendered":"<p>Volver a la p\u00e1gina de Reef Factory Thermo Control Dispositivo de control autom\u00e1tico de temperatura Una forma diferente de hacer las cosas El Thermo Control, es un dispositivo inteligente que ayuda a mantener una temperatura constante en el acuario. Puede controlar tanto el enfriador como el calentador. Se constituye de un miniordenador que monitorea las [&hellip;]<\/p>\n","protected":false},"author":1,"featured_media":22824,"parent":31404,"menu_order":0,"comment_status":"closed","ping_status":"closed","template":"elementor_header_footer","meta":{"_acf_changed":false,"footnotes":""},"class_list":["post-31601","page","type-page","status-publish","has-post-thumbnail","hentry"],"acf":[],"yoast_head":"<!-- This site is optimized with the Yoast SEO plugin v23.9 - https:\/\/yoast.com\/wordpress\/plugins\/seo\/ -->\n<title>Thermo Control, Temperatura Constante - AQ, Aquarium Solutions<\/title>\n<meta name=\"description\" content=\"Dispositivo autom\u00e1tico de Reef Factory que te ayudar\u00e1 a mantener la temperatura constante en tu acuario. Thermo Control\" \/>\n<meta name=\"robots\" content=\"index, follow, max-snippet:-1, max-image-preview:large, max-video-preview:-1\" \/>\n<link rel=\"canonical\" href=\"https:\/\/www.aq-arium.com\/aqmarine\/reef-factory\/thermo-control\/\" \/>\n<meta property=\"og:locale\" content=\"es_ES\" \/>\n<meta property=\"og:type\" content=\"article\" \/>\n<meta property=\"og:title\" content=\"Thermo Control, Temperatura Constante - AQ, Aquarium Solutions\" \/>\n<meta property=\"og:description\" content=\"Dispositivo autom\u00e1tico de Reef Factory que te ayudar\u00e1 a mantener la temperatura constante en tu acuario. Thermo Control\" \/>\n<meta property=\"og:url\" content=\"https:\/\/www.aq-arium.com\/aqmarine\/reef-factory\/thermo-control\/\" \/>\n<meta property=\"og:site_name\" content=\"AQ, Aquarium Solutions\" \/>\n<meta property=\"article:publisher\" content=\"https:\/\/www.instagram.com\/aq.arium\/\" \/>\n<meta property=\"article:modified_time\" content=\"2023-11-03T07:57:19+00:00\" \/>\n<meta property=\"og:image\" content=\"https:\/\/www.aq-arium.com\/aqmarine\/wp-content\/uploads\/2022\/02\/thermo-control.png\" \/>\n\t<meta property=\"og:image:width\" content=\"500\" \/>\n\t<meta property=\"og:image:height\" content=\"500\" \/>\n\t<meta property=\"og:image:type\" content=\"image\/png\" \/>\n<meta name=\"twitter:card\" content=\"summary_large_image\" \/>\n<meta name=\"twitter:site\" content=\"@AArium56877\" \/>\n<meta name=\"twitter:label1\" content=\"Tiempo de lectura\" \/>\n\t<meta name=\"twitter:data1\" content=\"2 minutos\" \/>\n<script type=\"application\/ld+json\" class=\"yoast-schema-graph\">{\"@context\":\"https:\/\/schema.org\",\"@graph\":[{\"@type\":\"WebPage\",\"@id\":\"https:\/\/www.aq-arium.com\/aqmarine\/reef-factory\/thermo-control\/\",\"url\":\"https:\/\/www.aq-arium.com\/aqmarine\/reef-factory\/thermo-control\/\",\"name\":\"Thermo Control, Temperatura Constante - AQ, Aquarium Solutions\",\"isPartOf\":{\"@id\":\"https:\/\/www.aq-arium.com\/aqmarine\/#website\"},\"primaryImageOfPage\":{\"@id\":\"https:\/\/www.aq-arium.com\/aqmarine\/reef-factory\/thermo-control\/#primaryimage\"},\"image\":{\"@id\":\"https:\/\/www.aq-arium.com\/aqmarine\/reef-factory\/thermo-control\/#primaryimage\"},\"thumbnailUrl\":\"https:\/\/www.aq-arium.com\/aqmarine\/wp-content\/uploads\/2022\/02\/thermo-control.png\",\"datePublished\":\"2023-11-03T07:54:12+00:00\",\"dateModified\":\"2023-11-03T07:57:19+00:00\",\"description\":\"Dispositivo autom\u00e1tico de Reef Factory que te ayudar\u00e1 a mantener la temperatura constante en tu acuario. Thermo Control\",\"breadcrumb\":{\"@id\":\"https:\/\/www.aq-arium.com\/aqmarine\/reef-factory\/thermo-control\/#breadcrumb\"},\"inLanguage\":\"es-ES\",\"potentialAction\":[{\"@type\":\"ReadAction\",\"target\":[\"https:\/\/www.aq-arium.com\/aqmarine\/reef-factory\/thermo-control\/\"]}]},{\"@type\":\"ImageObject\",\"inLanguage\":\"es-ES\",\"@id\":\"https:\/\/www.aq-arium.com\/aqmarine\/reef-factory\/thermo-control\/#primaryimage\",\"url\":\"https:\/\/www.aq-arium.com\/aqmarine\/wp-content\/uploads\/2022\/02\/thermo-control.png\",\"contentUrl\":\"https:\/\/www.aq-arium.com\/aqmarine\/wp-content\/uploads\/2022\/02\/thermo-control.png\",\"width\":500,\"height\":500},{\"@type\":\"BreadcrumbList\",\"@id\":\"https:\/\/www.aq-arium.com\/aqmarine\/reef-factory\/thermo-control\/#breadcrumb\",\"itemListElement\":[{\"@type\":\"ListItem\",\"position\":1,\"name\":\"Portada\",\"item\":\"https:\/\/www.aq-arium.com\/aqmarine\/\"},{\"@type\":\"ListItem\",\"position\":2,\"name\":\"Reef Factory, dispositivos inteligentes para tu acuario\",\"item\":\"https:\/\/www.aq-arium.com\/aqmarine\/reef-factory\/\"},{\"@type\":\"ListItem\",\"position\":3,\"name\":\"Thermo Control, temperatura constante autom\u00e1tica\"}]},{\"@type\":\"WebSite\",\"@id\":\"https:\/\/www.aq-arium.com\/aqmarine\/#website\",\"url\":\"https:\/\/www.aq-arium.com\/aqmarine\/\",\"name\":\"AQ, Aquarium Solutions\",\"description\":\"Productos para Acuario Marino y Dulce\",\"publisher\":{\"@id\":\"https:\/\/www.aq-arium.com\/aqmarine\/#organization\"},\"potentialAction\":[{\"@type\":\"SearchAction\",\"target\":{\"@type\":\"EntryPoint\",\"urlTemplate\":\"https:\/\/www.aq-arium.com\/aqmarine\/?s={search_term_string}\"},\"query-input\":{\"@type\":\"PropertyValueSpecification\",\"valueRequired\":true,\"valueName\":\"search_term_string\"}}],\"inLanguage\":\"es-ES\"},{\"@type\":\"Organization\",\"@id\":\"https:\/\/www.aq-arium.com\/aqmarine\/#organization\",\"name\":\"AQ-arium Solutions\",\"url\":\"https:\/\/www.aq-arium.com\/aqmarine\/\",\"logo\":{\"@type\":\"ImageObject\",\"inLanguage\":\"es-ES\",\"@id\":\"https:\/\/www.aq-arium.com\/aqmarine\/#\/schema\/logo\/image\/\",\"url\":\"https:\/\/www.aq-arium.com\/aqmarine\/wp-content\/uploads\/2021\/08\/AQ-arium-Solutions-logo-100x47px-1.png\",\"contentUrl\":\"https:\/\/www.aq-arium.com\/aqmarine\/wp-content\/uploads\/2021\/08\/AQ-arium-Solutions-logo-100x47px-1.png\",\"width\":100,\"height\":47,\"caption\":\"AQ-arium Solutions\"},\"image\":{\"@id\":\"https:\/\/www.aq-arium.com\/aqmarine\/#\/schema\/logo\/image\/\"},\"sameAs\":[\"https:\/\/www.instagram.com\/aq.arium\/\",\"https:\/\/x.com\/AArium56877\"]}]}<\/script>\n<!-- \/ Yoast SEO plugin. -->","yoast_head_json":{"title":"Thermo Control, Temperatura Constante - AQ, Aquarium Solutions","description":"Dispositivo autom\u00e1tico de Reef Factory que te ayudar\u00e1 a mantener la temperatura constante en tu acuario. Thermo Control","robots":{"index":"index","follow":"follow","max-snippet":"max-snippet:-1","max-image-preview":"max-image-preview:large","max-video-preview":"max-video-preview:-1"},"canonical":"https:\/\/www.aq-arium.com\/aqmarine\/reef-factory\/thermo-control\/","og_locale":"es_ES","og_type":"article","og_title":"Thermo Control, Temperatura Constante - AQ, Aquarium Solutions","og_description":"Dispositivo autom\u00e1tico de Reef Factory que te ayudar\u00e1 a mantener la temperatura constante en tu acuario. Thermo Control","og_url":"https:\/\/www.aq-arium.com\/aqmarine\/reef-factory\/thermo-control\/","og_site_name":"AQ, Aquarium Solutions","article_publisher":"https:\/\/www.instagram.com\/aq.arium\/","article_modified_time":"2023-11-03T07:57:19+00:00","og_image":[{"width":500,"height":500,"url":"https:\/\/www.aq-arium.com\/aqmarine\/wp-content\/uploads\/2022\/02\/thermo-control.png","type":"image\/png"}],"twitter_card":"summary_large_image","twitter_site":"@AArium56877","twitter_misc":{"Tiempo de lectura":"2 minutos"},"schema":{"@context":"https:\/\/schema.org","@graph":[{"@type":"WebPage","@id":"https:\/\/www.aq-arium.com\/aqmarine\/reef-factory\/thermo-control\/","url":"https:\/\/www.aq-arium.com\/aqmarine\/reef-factory\/thermo-control\/","name":"Thermo Control, Temperatura Constante - AQ, Aquarium Solutions","isPartOf":{"@id":"https:\/\/www.aq-arium.com\/aqmarine\/#website"},"primaryImageOfPage":{"@id":"https:\/\/www.aq-arium.com\/aqmarine\/reef-factory\/thermo-control\/#primaryimage"},"image":{"@id":"https:\/\/www.aq-arium.com\/aqmarine\/reef-factory\/thermo-control\/#primaryimage"},"thumbnailUrl":"https:\/\/www.aq-arium.com\/aqmarine\/wp-content\/uploads\/2022\/02\/thermo-control.png","datePublished":"2023-11-03T07:54:12+00:00","dateModified":"2023-11-03T07:57:19+00:00","description":"Dispositivo autom\u00e1tico de Reef Factory que te ayudar\u00e1 a mantener la temperatura constante en tu acuario. Thermo Control","breadcrumb":{"@id":"https:\/\/www.aq-arium.com\/aqmarine\/reef-factory\/thermo-control\/#breadcrumb"},"inLanguage":"es-ES","potentialAction":[{"@type":"ReadAction","target":["https:\/\/www.aq-arium.com\/aqmarine\/reef-factory\/thermo-control\/"]}]},{"@type":"ImageObject","inLanguage":"es-ES","@id":"https:\/\/www.aq-arium.com\/aqmarine\/reef-factory\/thermo-control\/#primaryimage","url":"https:\/\/www.aq-arium.com\/aqmarine\/wp-content\/uploads\/2022\/02\/thermo-control.png","contentUrl":"https:\/\/www.aq-arium.com\/aqmarine\/wp-content\/uploads\/2022\/02\/thermo-control.png","width":500,"height":500},{"@type":"BreadcrumbList","@id":"https:\/\/www.aq-arium.com\/aqmarine\/reef-factory\/thermo-control\/#breadcrumb","itemListElement":[{"@type":"ListItem","position":1,"name":"Portada","item":"https:\/\/www.aq-arium.com\/aqmarine\/"},{"@type":"ListItem","position":2,"name":"Reef Factory, dispositivos inteligentes para tu acuario","item":"https:\/\/www.aq-arium.com\/aqmarine\/reef-factory\/"},{"@type":"ListItem","position":3,"name":"Thermo Control, temperatura constante autom\u00e1tica"}]},{"@type":"WebSite","@id":"https:\/\/www.aq-arium.com\/aqmarine\/#website","url":"https:\/\/www.aq-arium.com\/aqmarine\/","name":"AQ, Aquarium Solutions","description":"Productos para Acuario Marino y Dulce","publisher":{"@id":"https:\/\/www.aq-arium.com\/aqmarine\/#organization"},"potentialAction":[{"@type":"SearchAction","target":{"@type":"EntryPoint","urlTemplate":"https:\/\/www.aq-arium.com\/aqmarine\/?s={search_term_string}"},"query-input":{"@type":"PropertyValueSpecification","valueRequired":true,"valueName":"search_term_string"}}],"inLanguage":"es-ES"},{"@type":"Organization","@id":"https:\/\/www.aq-arium.com\/aqmarine\/#organization","name":"AQ-arium Solutions","url":"https:\/\/www.aq-arium.com\/aqmarine\/","logo":{"@type":"ImageObject","inLanguage":"es-ES","@id":"https:\/\/www.aq-arium.com\/aqmarine\/#\/schema\/logo\/image\/","url":"https:\/\/www.aq-arium.com\/aqmarine\/wp-content\/uploads\/2021\/08\/AQ-arium-Solutions-logo-100x47px-1.png","contentUrl":"https:\/\/www.aq-arium.com\/aqmarine\/wp-content\/uploads\/2021\/08\/AQ-arium-Solutions-logo-100x47px-1.png","width":100,"height":47,"caption":"AQ-arium Solutions"},"image":{"@id":"https:\/\/www.aq-arium.com\/aqmarine\/#\/schema\/logo\/image\/"},"sameAs":["https:\/\/www.instagram.com\/aq.arium\/","https:\/\/x.com\/AArium56877"]}]}},"jetpack_sharing_enabled":true,"_links":{"self":[{"href":"https:\/\/www.aq-arium.com\/aqmarine\/wp-json\/wp\/v2\/pages\/31601","targetHints":{"allow":["GET"]}}],"collection":[{"href":"https:\/\/www.aq-arium.com\/aqmarine\/wp-json\/wp\/v2\/pages"}],"about":[{"href":"https:\/\/www.aq-arium.com\/aqmarine\/wp-json\/wp\/v2\/types\/page"}],"author":[{"embeddable":true,"href":"https:\/\/www.aq-arium.com\/aqmarine\/wp-json\/wp\/v2\/users\/1"}],"replies":[{"embeddable":true,"href":"https:\/\/www.aq-arium.com\/aqmarine\/wp-json\/wp\/v2\/comments?post=31601"}],"version-history":[{"count":4,"href":"https:\/\/www.aq-arium.com\/aqmarine\/wp-json\/wp\/v2\/pages\/31601\/revisions"}],"predecessor-version":[{"id":31609,"href":"https:\/\/www.aq-arium.com\/aqmarine\/wp-json\/wp\/v2\/pages\/31601\/revisions\/31609"}],"up":[{"embeddable":true,"href":"https:\/\/www.aq-arium.com\/aqmarine\/wp-json\/wp\/v2\/pages\/31404"}],"wp:featuredmedia":[{"embeddable":true,"href":"https:\/\/www.aq-arium.com\/aqmarine\/wp-json\/wp\/v2\/media\/22824"}],"wp:attachment":[{"href":"https:\/\/www.aq-arium.com\/aqmarine\/wp-json\/wp\/v2\/media?parent=31601"}],"curies":[{"name":"wp","href":"https:\/\/api.w.org\/{rel}","templated":true}]}}