{"id":310,"date":"2014-07-28T15:30:17","date_gmt":"2014-07-28T15:30:17","guid":{"rendered":"http:\/\/arrecifevivo.com\/aqmarine\/?page_id=310"},"modified":"2024-07-01T10:08:23","modified_gmt":"2024-07-01T08:08:23","slug":"contacto","status":"publish","type":"page","link":"https:\/\/www.aq-arium.com\/aqmarine\/contacto\/","title":{"rendered":"Contacto"},"content":{"rendered":"<p>&nbsp;<\/p>\n<p>Puede encontrarnos en :<\/p>\n<address>AQ-ARIUM SOLUTIONS, S.L.<\/address>\n<address>Avda. Barcelona, 66 &#8211; NAVE C<\/address>\n<address>08720 &#8211; Vilafranca del Penedes<\/address>\n<address>Barcelona &#8211; Spain<\/address>\n<address>Tel. +34 938 925 400<\/address>\n<address>Fax. +34 938 920 200<\/address>\n<address>\n<hr \/>\n<\/address>\n<h2><strong>Env\u00edenos su consulta<\/strong><\/h2>\n<p><span style=\"color: #ff0000;\">Por otro lado, si es un profesional del sector y quiere darse de alta como cliente, por favor, rellene el siguiente formulario : <strong><span style=\"text-decoration: underline;\"><a title=\"Alta de Cliente\" href=\"http:\/\/arrecifevivo.com\/aqmarine\/alta-de-cliente\/\">ALTA DE CLIENTES<\/a><\/span><\/strong><\/span><\/p>\n\n<div class=\"wpcf7 no-js\" id=\"wpcf7-f2407-o1\" lang=\"es-ES\" dir=\"ltr\" data-wpcf7-id=\"2407\">\n<div class=\"screen-reader-response\"><p role=\"status\" aria-live=\"polite\" aria-atomic=\"true\"><\/p> <ul><\/ul><\/div>\n<form action=\"\/aqmarine\/wp-json\/wp\/v2\/pages\/310#wpcf7-f2407-o1\" method=\"post\" class=\"wpcf7-form init\" aria-label=\"Formulario de contacto\" novalidate=\"novalidate\" data-status=\"init\">\n<div style=\"display: none;\">\n<input type=\"hidden\" name=\"_wpcf7\" value=\"2407\" \/>\n<input type=\"hidden\" name=\"_wpcf7_version\" value=\"6.0\" \/>\n<input type=\"hidden\" name=\"_wpcf7_locale\" value=\"es_ES\" \/>\n<input type=\"hidden\" name=\"_wpcf7_unit_tag\" value=\"wpcf7-f2407-o1\" \/>\n<input type=\"hidden\" name=\"_wpcf7_container_post\" value=\"0\" \/>\n<input type=\"hidden\" name=\"_wpcf7_posted_data_hash\" value=\"\" \/>\n<\/div>\n<link rel=\"stylesheet\" href=\"https:\/\/www.aq-arium.com\/aqmarine\/wp-content\/plugins\/pdf-forms-for-contact-form-7\/css\/frontend.css\" \/><script type=\"text\/javascript\" src=\"https:\/\/www.aq-arium.com\/aqmarine\/wp-content\/plugins\/pdf-forms-for-contact-form-7\/js\/frontend.js?ver=2.2.1\"><\/script><p>Su Nombre (Requerido)\n<\/p>\n<p><span class=\"wpcf7-form-control-wrap\" data-name=\"your-name\"><input size=\"40\" maxlength=\"400\" class=\"wpcf7-form-control wpcf7-text wpcf7-validates-as-required\" aria-required=\"true\" aria-invalid=\"false\" value=\"\" type=\"text\" name=\"your-name\" \/><\/span>\n<\/p>\n<p>Su Correo (Requerido)\n<\/p>\n<p><span class=\"wpcf7-form-control-wrap\" data-name=\"your-email\"><input size=\"40\" maxlength=\"400\" class=\"wpcf7-form-control wpcf7-email wpcf7-validates-as-required wpcf7-text wpcf7-validates-as-email\" aria-required=\"true\" aria-invalid=\"false\" value=\"\" type=\"email\" name=\"your-email\" \/><\/span>\n<\/p>\n<p>Asunto\n<\/p>\n<p><span class=\"wpcf7-form-control-wrap\" data-name=\"your-subject\"><input size=\"40\" maxlength=\"400\" class=\"wpcf7-form-control wpcf7-text\" aria-invalid=\"false\" value=\"\" type=\"text\" name=\"your-subject\" \/><\/span>\n<\/p>\n<p>Su Mensaje\n<\/p>\n<p><span class=\"wpcf7-form-control-wrap\" data-name=\"your-message\"><textarea cols=\"40\" rows=\"10\" maxlength=\"2000\" class=\"wpcf7-form-control wpcf7-textarea\" aria-invalid=\"false\" name=\"your-message\"><\/textarea><\/span>\n<\/p>\n<p>Escriba este c\u00f3digo de verificaci\u00f3n : <input type=\"hidden\" name=\"_wpcf7_captcha_challenge_CAPTCHA\" value=\"2906677653\" \/><img loading=\"lazy\" decoding=\"async\" class=\"wpcf7-form-control wpcf7-captchac wpcf7-captcha-CAPTCHA\" width=\"72\" height=\"24\" alt=\"captcha\" src=\"https:\/\/www.aq-arium.com\/aqmarine\/wp-content\/uploads\/wpcf7_captcha\/2906677653.png\" \/> : <span class=\"wpcf7-form-control-wrap\" data-name=\"CAPTCHA\"><input size=\"40\" class=\"wpcf7-form-control wpcf7-captchar\" autocomplete=\"off\" aria-invalid=\"false\" value=\"\" type=\"text\" name=\"CAPTCHA\" \/><\/span>\n<\/p>\n<p><input class=\"wpcf7-form-control wpcf7-submit has-spinner\" type=\"submit\" value=\"Enviar\" \/>\n<\/p><div class=\"wpcf7-response-output\" aria-hidden=\"true\"><\/div>\n<\/form>\n<\/div>\n\n<address>Le informamos que los datos personales obtenidos mediante este formulario, as\u00ed como su direcci\u00f3n de correo electr\u00f3nico, han sido incorporados en un fichero del cual es responsable AQ ARIUM SOLUTIONS S.L., con la finalidad de atender sus consultas y enviarle informaci\u00f3n relacionada con la entidad que pudiera ser de su inter\u00e9s. AQ ARIUM SOLUTIONS S.L. se compromete a usar los datos recogidos mediante este formulario, \u00fanicamente para la finalidad anteriormente mencionada. El interesado declara tener conocimiento del destino y uso de los datos personales recogidos mediante la lectura de la presente cl\u00e1usula. El env\u00edo de este e-mail implica la aceptaci\u00f3n de las cl\u00e1usulas expuestas. Si desea ejercer los derechos de acceso, rectificaci\u00f3n, cancelaci\u00f3n u oposici\u00f3n en los t\u00e9rminos establecidos en la Ley Org\u00e1nica 15\/1999. Puede hacerlo a la siguiente direcci\u00f3n AQ ARIUM SOLUTIONS SL; AV. BARCELONA 66 NAVE C, 08720 VILAFRANCA DEL PENEDES.<\/address>\n","protected":false},"excerpt":{"rendered":"<p>&nbsp; Puede encontrarnos en : AQ-ARIUM SOLUTIONS, S.L. Avda. Barcelona, 66 &#8211; NAVE C 08720 &#8211; Vilafranca del Penedes Barcelona &#8211; Spain Tel. +34 938 925 400 Fax. +34 938 920 200 Env\u00edenos su consulta Por otro lado, si es un profesional del sector y quiere darse de alta como cliente, por favor, rellene el [&hellip;]<\/p>\n","protected":false},"author":1,"featured_media":0,"parent":0,"menu_order":0,"comment_status":"closed","ping_status":"closed","template":"","meta":{"_acf_changed":false,"footnotes":""},"class_list":["post-310","page","type-page","status-publish","hentry"],"acf":[],"yoast_head":"<!-- This site is optimized with the Yoast SEO plugin v23.9 - https:\/\/yoast.com\/wordpress\/plugins\/seo\/ -->\n<title>Contacto - AQ, Aquarium Solutions<\/title>\n<meta name=\"robots\" content=\"index, follow, max-snippet:-1, max-image-preview:large, max-video-preview:-1\" \/>\n<link rel=\"canonical\" href=\"https:\/\/www.aq-arium.com\/aqmarine\/contacto\/\" \/>\n<meta property=\"og:locale\" content=\"es_ES\" \/>\n<meta property=\"og:type\" content=\"article\" \/>\n<meta property=\"og:title\" content=\"Contacto - AQ, Aquarium Solutions\" \/>\n<meta property=\"og:description\" content=\"&nbsp; Puede encontrarnos en : AQ-ARIUM SOLUTIONS, S.L. Avda. Barcelona, 66 &#8211; NAVE C 08720 &#8211; Vilafranca del Penedes Barcelona &#8211; Spain Tel. +34 938 925 400 Fax. +34 938 920 200 Env\u00edenos su consulta Por otro lado, si es un profesional del sector y quiere darse de alta como cliente, por favor, rellene el [&hellip;]\" \/>\n<meta property=\"og:url\" content=\"https:\/\/www.aq-arium.com\/aqmarine\/contacto\/\" \/>\n<meta property=\"og:site_name\" content=\"AQ, Aquarium Solutions\" \/>\n<meta property=\"article:publisher\" content=\"https:\/\/www.instagram.com\/aq.arium\/\" \/>\n<meta property=\"article:modified_time\" content=\"2024-07-01T08:08:23+00:00\" \/>\n<meta name=\"twitter:card\" content=\"summary_large_image\" \/>\n<meta name=\"twitter:site\" content=\"@AArium56877\" \/>\n<meta name=\"twitter:label1\" content=\"Tiempo de lectura\" \/>\n\t<meta name=\"twitter:data1\" content=\"1 minuto\" \/>\n<script type=\"application\/ld+json\" class=\"yoast-schema-graph\">{\"@context\":\"https:\/\/schema.org\",\"@graph\":[{\"@type\":\"WebPage\",\"@id\":\"https:\/\/www.aq-arium.com\/aqmarine\/contacto\/\",\"url\":\"https:\/\/www.aq-arium.com\/aqmarine\/contacto\/\",\"name\":\"Contacto - AQ, Aquarium Solutions\",\"isPartOf\":{\"@id\":\"https:\/\/www.aq-arium.com\/aqmarine\/#website\"},\"datePublished\":\"2014-07-28T15:30:17+00:00\",\"dateModified\":\"2024-07-01T08:08:23+00:00\",\"breadcrumb\":{\"@id\":\"https:\/\/www.aq-arium.com\/aqmarine\/contacto\/#breadcrumb\"},\"inLanguage\":\"es-ES\",\"potentialAction\":[{\"@type\":\"ReadAction\",\"target\":[\"https:\/\/www.aq-arium.com\/aqmarine\/contacto\/\"]}]},{\"@type\":\"BreadcrumbList\",\"@id\":\"https:\/\/www.aq-arium.com\/aqmarine\/contacto\/#breadcrumb\",\"itemListElement\":[{\"@type\":\"ListItem\",\"position\":1,\"name\":\"Portada\",\"item\":\"https:\/\/www.aq-arium.com\/aqmarine\/\"},{\"@type\":\"ListItem\",\"position\":2,\"name\":\"Contacto\"}]},{\"@type\":\"WebSite\",\"@id\":\"https:\/\/www.aq-arium.com\/aqmarine\/#website\",\"url\":\"https:\/\/www.aq-arium.com\/aqmarine\/\",\"name\":\"AQ, Aquarium Solutions\",\"description\":\"Productos para Acuario Marino y Dulce\",\"publisher\":{\"@id\":\"https:\/\/www.aq-arium.com\/aqmarine\/#organization\"},\"potentialAction\":[{\"@type\":\"SearchAction\",\"target\":{\"@type\":\"EntryPoint\",\"urlTemplate\":\"https:\/\/www.aq-arium.com\/aqmarine\/?s={search_term_string}\"},\"query-input\":{\"@type\":\"PropertyValueSpecification\",\"valueRequired\":true,\"valueName\":\"search_term_string\"}}],\"inLanguage\":\"es-ES\"},{\"@type\":\"Organization\",\"@id\":\"https:\/\/www.aq-arium.com\/aqmarine\/#organization\",\"name\":\"AQ-arium Solutions\",\"url\":\"https:\/\/www.aq-arium.com\/aqmarine\/\",\"logo\":{\"@type\":\"ImageObject\",\"inLanguage\":\"es-ES\",\"@id\":\"https:\/\/www.aq-arium.com\/aqmarine\/#\/schema\/logo\/image\/\",\"url\":\"https:\/\/www.aq-arium.com\/aqmarine\/wp-content\/uploads\/2021\/08\/AQ-arium-Solutions-logo-100x47px-1.png\",\"contentUrl\":\"https:\/\/www.aq-arium.com\/aqmarine\/wp-content\/uploads\/2021\/08\/AQ-arium-Solutions-logo-100x47px-1.png\",\"width\":100,\"height\":47,\"caption\":\"AQ-arium Solutions\"},\"image\":{\"@id\":\"https:\/\/www.aq-arium.com\/aqmarine\/#\/schema\/logo\/image\/\"},\"sameAs\":[\"https:\/\/www.instagram.com\/aq.arium\/\",\"https:\/\/x.com\/AArium56877\"]}]}<\/script>\n<!-- \/ Yoast SEO plugin. -->","yoast_head_json":{"title":"Contacto - AQ, Aquarium Solutions","robots":{"index":"index","follow":"follow","max-snippet":"max-snippet:-1","max-image-preview":"max-image-preview:large","max-video-preview":"max-video-preview:-1"},"canonical":"https:\/\/www.aq-arium.com\/aqmarine\/contacto\/","og_locale":"es_ES","og_type":"article","og_title":"Contacto - AQ, Aquarium Solutions","og_description":"&nbsp; Puede encontrarnos en : AQ-ARIUM SOLUTIONS, S.L. Avda. Barcelona, 66 &#8211; NAVE C 08720 &#8211; Vilafranca del Penedes Barcelona &#8211; Spain Tel. +34 938 925 400 Fax. +34 938 920 200 Env\u00edenos su consulta Por otro lado, si es un profesional del sector y quiere darse de alta como cliente, por favor, rellene el [&hellip;]","og_url":"https:\/\/www.aq-arium.com\/aqmarine\/contacto\/","og_site_name":"AQ, Aquarium Solutions","article_publisher":"https:\/\/www.instagram.com\/aq.arium\/","article_modified_time":"2024-07-01T08:08:23+00:00","twitter_card":"summary_large_image","twitter_site":"@AArium56877","twitter_misc":{"Tiempo de lectura":"1 minuto"},"schema":{"@context":"https:\/\/schema.org","@graph":[{"@type":"WebPage","@id":"https:\/\/www.aq-arium.com\/aqmarine\/contacto\/","url":"https:\/\/www.aq-arium.com\/aqmarine\/contacto\/","name":"Contacto - AQ, Aquarium Solutions","isPartOf":{"@id":"https:\/\/www.aq-arium.com\/aqmarine\/#website"},"datePublished":"2014-07-28T15:30:17+00:00","dateModified":"2024-07-01T08:08:23+00:00","breadcrumb":{"@id":"https:\/\/www.aq-arium.com\/aqmarine\/contacto\/#breadcrumb"},"inLanguage":"es-ES","potentialAction":[{"@type":"ReadAction","target":["https:\/\/www.aq-arium.com\/aqmarine\/contacto\/"]}]},{"@type":"BreadcrumbList","@id":"https:\/\/www.aq-arium.com\/aqmarine\/contacto\/#breadcrumb","itemListElement":[{"@type":"ListItem","position":1,"name":"Portada","item":"https:\/\/www.aq-arium.com\/aqmarine\/"},{"@type":"ListItem","position":2,"name":"Contacto"}]},{"@type":"WebSite","@id":"https:\/\/www.aq-arium.com\/aqmarine\/#website","url":"https:\/\/www.aq-arium.com\/aqmarine\/","name":"AQ, Aquarium Solutions","description":"Productos para Acuario Marino y Dulce","publisher":{"@id":"https:\/\/www.aq-arium.com\/aqmarine\/#organization"},"potentialAction":[{"@type":"SearchAction","target":{"@type":"EntryPoint","urlTemplate":"https:\/\/www.aq-arium.com\/aqmarine\/?s={search_term_string}"},"query-input":{"@type":"PropertyValueSpecification","valueRequired":true,"valueName":"search_term_string"}}],"inLanguage":"es-ES"},{"@type":"Organization","@id":"https:\/\/www.aq-arium.com\/aqmarine\/#organization","name":"AQ-arium Solutions","url":"https:\/\/www.aq-arium.com\/aqmarine\/","logo":{"@type":"ImageObject","inLanguage":"es-ES","@id":"https:\/\/www.aq-arium.com\/aqmarine\/#\/schema\/logo\/image\/","url":"https:\/\/www.aq-arium.com\/aqmarine\/wp-content\/uploads\/2021\/08\/AQ-arium-Solutions-logo-100x47px-1.png","contentUrl":"https:\/\/www.aq-arium.com\/aqmarine\/wp-content\/uploads\/2021\/08\/AQ-arium-Solutions-logo-100x47px-1.png","width":100,"height":47,"caption":"AQ-arium Solutions"},"image":{"@id":"https:\/\/www.aq-arium.com\/aqmarine\/#\/schema\/logo\/image\/"},"sameAs":["https:\/\/www.instagram.com\/aq.arium\/","https:\/\/x.com\/AArium56877"]}]}},"jetpack_sharing_enabled":true,"_links":{"self":[{"href":"https:\/\/www.aq-arium.com\/aqmarine\/wp-json\/wp\/v2\/pages\/310","targetHints":{"allow":["GET"]}}],"collection":[{"href":"https:\/\/www.aq-arium.com\/aqmarine\/wp-json\/wp\/v2\/pages"}],"about":[{"href":"https:\/\/www.aq-arium.com\/aqmarine\/wp-json\/wp\/v2\/types\/page"}],"author":[{"embeddable":true,"href":"https:\/\/www.aq-arium.com\/aqmarine\/wp-json\/wp\/v2\/users\/1"}],"replies":[{"embeddable":true,"href":"https:\/\/www.aq-arium.com\/aqmarine\/wp-json\/wp\/v2\/comments?post=310"}],"version-history":[{"count":1,"href":"https:\/\/www.aq-arium.com\/aqmarine\/wp-json\/wp\/v2\/pages\/310\/revisions"}],"predecessor-version":[{"id":32316,"href":"https:\/\/www.aq-arium.com\/aqmarine\/wp-json\/wp\/v2\/pages\/310\/revisions\/32316"}],"wp:attachment":[{"href":"https:\/\/www.aq-arium.com\/aqmarine\/wp-json\/wp\/v2\/media?parent=310"}],"curies":[{"name":"wp","href":"https:\/\/api.w.org\/{rel}","templated":true}]}}