{"id":26710,"date":"2022-08-09T13:45:16","date_gmt":"2022-08-09T12:45:16","guid":{"rendered":"https:\/\/www.aq-arium.com\/aqmarine\/?page_id=26710"},"modified":"2023-04-25T12:30:21","modified_gmt":"2023-04-25T11:30:21","slug":"evo-1001-aquamedic","status":"publish","type":"page","link":"https:\/\/www.aq-arium.com\/aqmarine\/aqua-medic\/evo-1001-aquamedic\/","title":{"rendered":"Evo 1001 | AquaMedic"},"content":{"rendered":"\t\t<div data-elementor-type=\"wp-page\" data-elementor-id=\"26710\" class=\"elementor elementor-26710\" data-elementor-settings=\"[]\">\n\t\t\t\t\t\t<div class=\"elementor-inner\">\n\t\t\t\t\t\t\t<div class=\"elementor-section-wrap\">\n\t\t\t\t\t\t\t<section class=\"elementor-section elementor-top-section elementor-element elementor-element-7a81c15 elementor-section-boxed elementor-section-height-default elementor-section-height-default\" data-id=\"7a81c15\" data-element_type=\"section\">\n\t\t\t\t\t\t<div class=\"elementor-container elementor-column-gap-default\">\n\t\t\t\t\t\t\t<div class=\"elementor-row\">\n\t\t\t\t\t<div class=\"elementor-column elementor-col-100 elementor-top-column elementor-element elementor-element-2fe3699\" data-id=\"2fe3699\" data-element_type=\"column\">\n\t\t\t<div class=\"elementor-column-wrap elementor-element-populated\">\n\t\t\t\t\t\t\t<div class=\"elementor-widget-wrap\">\n\t\t\t\t\t\t<div class=\"elementor-element elementor-element-1b390d4 elementor-widget elementor-widget-button\" data-id=\"1b390d4\" data-element_type=\"widget\" data-widget_type=\"button.default\">\n\t\t\t\t<div class=\"elementor-widget-container\">\n\t\t\t\t\t<div class=\"elementor-button-wrapper\">\n\t\t\t<a href=\"https:\/\/www.aq-arium.com\/aqmarine\/aqua-medic\/\" class=\"elementor-button-link elementor-button elementor-size-sm\" role=\"button\">\n\t\t\t\t\t\t<span class=\"elementor-button-content-wrapper\">\n\t\t\t\t\t\t<span class=\"elementor-button-icon elementor-align-icon-left\">\n\t\t\t\t<i aria-hidden=\"true\" class=\"far fa-arrow-alt-circle-left\"><\/i>\t\t\t<\/span>\n\t\t\t\t\t\t<span class=\"elementor-button-text\">Volver a la p\u00e1gina principal de AquaMedic<\/span>\n\t\t<\/span>\n\t\t\t\t\t<\/a>\n\t\t<\/div>\n\t\t\t\t<\/div>\n\t\t\t\t<\/div>\n\t\t\t\t<div class=\"elementor-element elementor-element-2908b12 elementor-widget elementor-widget-image\" data-id=\"2908b12\" data-element_type=\"widget\" data-widget_type=\"image.default\">\n\t\t\t\t<div class=\"elementor-widget-container\">\n\t\t\t\t\t<div class=\"elementor-image\">\n\t\t\t\t\t\t\t\t\t\t<img loading=\"lazy\" decoding=\"async\" width=\"150\" height=\"150\" src=\"https:\/\/www.aq-arium.com\/aqmarine\/wp-content\/uploads\/2022\/07\/aquamedic.png\" class=\"attachment-large size-large\" alt=\"\" srcset=\"https:\/\/www.aq-arium.com\/aqmarine\/wp-content\/uploads\/2022\/07\/aquamedic.png 150w, https:\/\/www.aq-arium.com\/aqmarine\/wp-content\/uploads\/2022\/07\/aquamedic-100x100.png 100w\" sizes=\"auto, (max-width: 150px) 100vw, 150px\" \/>\t\t\t\t\t\t\t\t\t\t\t<\/div>\n\t\t\t\t<\/div>\n\t\t\t\t<\/div>\n\t\t\t\t\t\t<\/div>\n\t\t\t\t\t<\/div>\n\t\t<\/div>\n\t\t\t\t\t\t\t\t<\/div>\n\t\t\t\t\t<\/div>\n\t\t<\/section>\n\t\t\t\t<section class=\"elementor-section elementor-top-section elementor-element elementor-element-608b724 elementor-section-boxed elementor-section-height-default elementor-section-height-default\" data-id=\"608b724\" data-element_type=\"section\">\n\t\t\t\t\t\t<div class=\"elementor-container elementor-column-gap-default\">\n\t\t\t\t\t\t\t<div class=\"elementor-row\">\n\t\t\t\t\t<div class=\"elementor-column elementor-col-100 elementor-top-column elementor-element elementor-element-8ec0850\" data-id=\"8ec0850\" data-element_type=\"column\">\n\t\t\t<div class=\"elementor-column-wrap elementor-element-populated\">\n\t\t\t\t\t\t\t<div class=\"elementor-widget-wrap\">\n\t\t\t\t\t\t<div class=\"elementor-element elementor-element-d74fd27 elementor-widget elementor-widget-heading\" data-id=\"d74fd27\" data-element_type=\"widget\" data-widget_type=\"heading.default\">\n\t\t\t\t<div class=\"elementor-widget-container\">\n\t\t\t<h2 class=\"elementor-heading-title elementor-size-default\">Evo 1001<\/h2>\t\t<\/div>\n\t\t\t\t<\/div>\n\t\t\t\t<div class=\"elementor-element elementor-element-656ef47 elementor-widget elementor-widget-heading\" data-id=\"656ef47\" data-element_type=\"widget\" data-widget_type=\"heading.default\">\n\t\t\t\t<div class=\"elementor-widget-container\">\n\t\t\t<h4 class=\"elementor-heading-title elementor-size-default\">Skimmer de prote\u00ednas externo y ajustable, para acuarios de agua salada de hasta 500 litros.<\/h4>\t\t<\/div>\n\t\t\t\t<\/div>\n\t\t\t\t\t\t<\/div>\n\t\t\t\t\t<\/div>\n\t\t<\/div>\n\t\t\t\t\t\t\t\t<\/div>\n\t\t\t\t\t<\/div>\n\t\t<\/section>\n\t\t\t\t<section class=\"elementor-section elementor-top-section elementor-element elementor-element-d0297cc elementor-section-boxed elementor-section-height-default elementor-section-height-default\" data-id=\"d0297cc\" data-element_type=\"section\">\n\t\t\t\t\t\t<div class=\"elementor-container elementor-column-gap-default\">\n\t\t\t\t\t\t\t<div class=\"elementor-row\">\n\t\t\t\t\t<div class=\"elementor-column elementor-col-100 elementor-top-column elementor-element elementor-element-e1859e0\" data-id=\"e1859e0\" data-element_type=\"column\">\n\t\t\t<div class=\"elementor-column-wrap elementor-element-populated\">\n\t\t\t\t\t\t\t<div class=\"elementor-widget-wrap\">\n\t\t\t\t\t\t<div class=\"elementor-element elementor-element-4d73196 elementor-widget elementor-widget-image\" data-id=\"4d73196\" data-element_type=\"widget\" data-widget_type=\"image.default\">\n\t\t\t\t<div class=\"elementor-widget-container\">\n\t\t\t\t\t<div class=\"elementor-image\">\n\t\t\t\t\t\t\t\t\t\t<img loading=\"lazy\" decoding=\"async\" width=\"448\" height=\"448\" src=\"https:\/\/www.aq-arium.com\/aqmarine\/wp-content\/uploads\/2022\/07\/EVO-1001.png\" class=\"attachment-large size-large\" alt=\"\" srcset=\"https:\/\/www.aq-arium.com\/aqmarine\/wp-content\/uploads\/2022\/07\/EVO-1001.png 448w, https:\/\/www.aq-arium.com\/aqmarine\/wp-content\/uploads\/2022\/07\/EVO-1001-300x300.png 300w, https:\/\/www.aq-arium.com\/aqmarine\/wp-content\/uploads\/2022\/07\/EVO-1001-150x150.png 150w, https:\/\/www.aq-arium.com\/aqmarine\/wp-content\/uploads\/2022\/07\/EVO-1001-100x100.png 100w\" sizes=\"auto, (max-width: 448px) 100vw, 448px\" \/>\t\t\t\t\t\t\t\t\t\t\t<\/div>\n\t\t\t\t<\/div>\n\t\t\t\t<\/div>\n\t\t\t\t\t\t<\/div>\n\t\t\t\t\t<\/div>\n\t\t<\/div>\n\t\t\t\t\t\t\t\t<\/div>\n\t\t\t\t\t<\/div>\n\t\t<\/section>\n\t\t\t\t<section class=\"elementor-section elementor-top-section elementor-element elementor-element-2fb3711 elementor-section-boxed elementor-section-height-default elementor-section-height-default\" data-id=\"2fb3711\" data-element_type=\"section\">\n\t\t\t\t\t\t<div class=\"elementor-container elementor-column-gap-default\">\n\t\t\t\t\t\t\t<div class=\"elementor-row\">\n\t\t\t\t\t<div class=\"elementor-column elementor-col-100 elementor-top-column elementor-element elementor-element-fc31b72\" data-id=\"fc31b72\" data-element_type=\"column\">\n\t\t\t<div class=\"elementor-column-wrap elementor-element-populated\">\n\t\t\t\t\t\t\t<div class=\"elementor-widget-wrap\">\n\t\t\t\t\t\t<div class=\"elementor-element elementor-element-e159086 elementor-widget elementor-widget-text-editor\" data-id=\"e159086\" data-element_type=\"widget\" data-widget_type=\"text-editor.default\">\n\t\t\t\t<div class=\"elementor-widget-container\">\n\t\t\t\t\t<div class=\"elementor-text-editor elementor-clearfix\"><p>El EVO 1001 est\u00e1 dise\u00f1ado para su instalaci\u00f3n en cualquier modo: como &#8220;hang on&#8221;, simplemente se cuelga sobre el borde del acuario. S\u00f3lo la bomba venturi est\u00e1 dentro del tanque. <a href=\"https:\/\/www.aq-arium.com\/aqmarine\/wp-content\/uploads\/2022\/08\/ultra_silent_flag_v1_360px.png\"><img loading=\"lazy\" decoding=\"async\" class=\"size-full wp-image-26470 alignright\" src=\"https:\/\/www.aq-arium.com\/aqmarine\/wp-content\/uploads\/2022\/08\/ultra_silent_flag_v1_360px.png\" alt=\"\" width=\"360\" height=\"162\" srcset=\"https:\/\/www.aq-arium.com\/aqmarine\/wp-content\/uploads\/2022\/08\/ultra_silent_flag_v1_360px.png 360w, https:\/\/www.aq-arium.com\/aqmarine\/wp-content\/uploads\/2022\/08\/ultra_silent_flag_v1_360px-300x135.png 300w\" sizes=\"auto, (max-width: 360px) 100vw, 360px\" \/><\/a><\/p><p>La eficiente bomba DC Runner 1000 &#8220;ULTRA SILENT&#8221; sirve como bomba venturi (incl. motor DC, 24 V) con un consumo m\u00e1ximo de energ\u00eda. 12 vatios. Los cojinetes y ejes de cer\u00e1mica pulida permiten un rendimiento brillante y silencioso y un uso constante sin mantenimiento. La rueda de agujas 3D proporciona una gran cantidad de aire y una estructura de burbujas \u00f3ptima. El silenciador incluido garantiza un funcionamiento casi insonoro. Se puede instalar dentro o fuera del sumidero del filtro. Est\u00e1 dise\u00f1ado para encajar en casi todos los armarios de acuario est\u00e1ndar.<\/p><\/div>\n\t\t\t\t<\/div>\n\t\t\t\t<\/div>\n\t\t\t\t\t\t<\/div>\n\t\t\t\t\t<\/div>\n\t\t<\/div>\n\t\t\t\t\t\t\t\t<\/div>\n\t\t\t\t\t<\/div>\n\t\t<\/section>\n\t\t\t\t<section class=\"elementor-section elementor-top-section elementor-element elementor-element-25e3b09 elementor-section-boxed elementor-section-height-default elementor-section-height-default\" data-id=\"25e3b09\" data-element_type=\"section\">\n\t\t\t\t\t\t<div class=\"elementor-container elementor-column-gap-default\">\n\t\t\t\t\t\t\t<div class=\"elementor-row\">\n\t\t\t\t\t<div class=\"elementor-column elementor-col-50 elementor-top-column elementor-element elementor-element-e999a1b\" data-id=\"e999a1b\" data-element_type=\"column\">\n\t\t\t<div class=\"elementor-column-wrap elementor-element-populated\">\n\t\t\t\t\t\t\t<div class=\"elementor-widget-wrap\">\n\t\t\t\t\t\t<div class=\"elementor-element elementor-element-7b168b6 elementor-widget elementor-widget-image\" data-id=\"7b168b6\" data-element_type=\"widget\" data-widget_type=\"image.default\">\n\t\t\t\t<div class=\"elementor-widget-container\">\n\t\t\t\t\t<div class=\"elementor-image\">\n\t\t\t\t\t\t\t\t\t\t<img loading=\"lazy\" decoding=\"async\" width=\"448\" height=\"448\" src=\"https:\/\/www.aq-arium.com\/aqmarine\/wp-content\/uploads\/2022\/08\/EVO-1001_16542453672_448x448.png\" class=\"attachment-large size-large\" alt=\"\" srcset=\"https:\/\/www.aq-arium.com\/aqmarine\/wp-content\/uploads\/2022\/08\/EVO-1001_16542453672_448x448.png 448w, https:\/\/www.aq-arium.com\/aqmarine\/wp-content\/uploads\/2022\/08\/EVO-1001_16542453672_448x448-300x300.png 300w, https:\/\/www.aq-arium.com\/aqmarine\/wp-content\/uploads\/2022\/08\/EVO-1001_16542453672_448x448-150x150.png 150w, https:\/\/www.aq-arium.com\/aqmarine\/wp-content\/uploads\/2022\/08\/EVO-1001_16542453672_448x448-100x100.png 100w\" sizes=\"auto, (max-width: 448px) 100vw, 448px\" \/>\t\t\t\t\t\t\t\t\t\t\t<\/div>\n\t\t\t\t<\/div>\n\t\t\t\t<\/div>\n\t\t\t\t\t\t<\/div>\n\t\t\t\t\t<\/div>\n\t\t<\/div>\n\t\t\t\t<div class=\"elementor-column elementor-col-50 elementor-top-column elementor-element elementor-element-52dc158\" data-id=\"52dc158\" data-element_type=\"column\">\n\t\t\t<div class=\"elementor-column-wrap elementor-element-populated\">\n\t\t\t\t\t\t\t<div class=\"elementor-widget-wrap\">\n\t\t\t\t\t\t<div class=\"elementor-element elementor-element-a9cdc50 elementor-widget elementor-widget-image\" data-id=\"a9cdc50\" data-element_type=\"widget\" data-widget_type=\"image.default\">\n\t\t\t\t<div class=\"elementor-widget-container\">\n\t\t\t\t\t<div class=\"elementor-image\">\n\t\t\t\t\t\t\t\t\t\t<img loading=\"lazy\" decoding=\"async\" width=\"448\" height=\"448\" src=\"https:\/\/www.aq-arium.com\/aqmarine\/wp-content\/uploads\/2022\/08\/EVO-1001_16542453670_448x448.png\" class=\"attachment-large size-large\" alt=\"\" srcset=\"https:\/\/www.aq-arium.com\/aqmarine\/wp-content\/uploads\/2022\/08\/EVO-1001_16542453670_448x448.png 448w, https:\/\/www.aq-arium.com\/aqmarine\/wp-content\/uploads\/2022\/08\/EVO-1001_16542453670_448x448-300x300.png 300w, https:\/\/www.aq-arium.com\/aqmarine\/wp-content\/uploads\/2022\/08\/EVO-1001_16542453670_448x448-150x150.png 150w, https:\/\/www.aq-arium.com\/aqmarine\/wp-content\/uploads\/2022\/08\/EVO-1001_16542453670_448x448-100x100.png 100w\" sizes=\"auto, (max-width: 448px) 100vw, 448px\" \/>\t\t\t\t\t\t\t\t\t\t\t<\/div>\n\t\t\t\t<\/div>\n\t\t\t\t<\/div>\n\t\t\t\t\t\t<\/div>\n\t\t\t\t\t<\/div>\n\t\t<\/div>\n\t\t\t\t\t\t\t\t<\/div>\n\t\t\t\t\t<\/div>\n\t\t<\/section>\n\t\t\t\t<section class=\"elementor-section elementor-top-section elementor-element elementor-element-24d4294 elementor-section-boxed elementor-section-height-default elementor-section-height-default\" data-id=\"24d4294\" data-element_type=\"section\">\n\t\t\t\t\t\t<div class=\"elementor-container elementor-column-gap-default\">\n\t\t\t\t\t\t\t<div class=\"elementor-row\">\n\t\t\t\t\t<div class=\"elementor-column elementor-col-100 elementor-top-column elementor-element elementor-element-12c0b6d\" data-id=\"12c0b6d\" data-element_type=\"column\">\n\t\t\t<div class=\"elementor-column-wrap\">\n\t\t\t\t\t\t\t<div class=\"elementor-widget-wrap\">\n\t\t\t\t\t\t\t\t<\/div>\n\t\t\t\t\t<\/div>\n\t\t<\/div>\n\t\t\t\t\t\t\t\t<\/div>\n\t\t\t\t\t<\/div>\n\t\t<\/section>\n\t\t\t\t\t\t<\/div>\n\t\t\t\t\t\t<\/div>\n\t\t\t\t\t<\/div>\n\t\t","protected":false},"excerpt":{"rendered":"<p>Volver a la p\u00e1gina principal de AquaMedic Evo 1001 Skimmer de prote\u00ednas externo y ajustable, para acuarios de agua salada de hasta 500 litros. El EVO 1001 est\u00e1 dise\u00f1ado para su instalaci\u00f3n en cualquier modo: como &#8220;hang on&#8221;, simplemente se cuelga sobre el borde del acuario. S\u00f3lo la bomba venturi est\u00e1 dentro del tanque. La [&hellip;]<\/p>\n","protected":false},"author":1,"featured_media":26178,"parent":26017,"menu_order":0,"comment_status":"closed","ping_status":"closed","template":"elementor_header_footer","meta":{"_acf_changed":false,"footnotes":""},"class_list":["post-26710","page","type-page","status-publish","has-post-thumbnail","hentry"],"acf":[],"yoast_head":"<!-- This site is optimized with the Yoast SEO plugin v23.9 - https:\/\/yoast.com\/wordpress\/plugins\/seo\/ -->\n<title>Evo 1001 | AquaMedic Skimmer - AQ, Aquarium Solutions<\/title>\n<meta name=\"description\" content=\"El Evo 1001 es un skimmer de prote\u00ednas externo, de AquaMedic, ajustable accionado por motor para acuarios de agua salada de hasta 500 litros.\" \/>\n<meta name=\"robots\" content=\"index, follow, max-snippet:-1, max-image-preview:large, max-video-preview:-1\" \/>\n<link rel=\"canonical\" href=\"https:\/\/www.aq-arium.com\/aqmarine\/aqua-medic\/evo-1001-aquamedic\/\" \/>\n<meta property=\"og:locale\" content=\"es_ES\" \/>\n<meta property=\"og:type\" content=\"article\" \/>\n<meta property=\"og:title\" content=\"Evo 1001 | AquaMedic Skimmer - AQ, Aquarium Solutions\" \/>\n<meta property=\"og:description\" content=\"El Evo 1001 es un skimmer de prote\u00ednas externo, de AquaMedic, ajustable accionado por motor para acuarios de agua salada de hasta 500 litros.\" \/>\n<meta property=\"og:url\" content=\"https:\/\/www.aq-arium.com\/aqmarine\/aqua-medic\/evo-1001-aquamedic\/\" \/>\n<meta property=\"og:site_name\" content=\"AQ, Aquarium Solutions\" \/>\n<meta property=\"article:publisher\" content=\"https:\/\/www.instagram.com\/aq.arium\/\" \/>\n<meta property=\"article:modified_time\" content=\"2023-04-25T11:30:21+00:00\" \/>\n<meta property=\"og:image\" content=\"https:\/\/www.aq-arium.com\/aqmarine\/wp-content\/uploads\/2022\/07\/EVO-1001.png\" \/>\n\t<meta property=\"og:image:width\" content=\"448\" \/>\n\t<meta property=\"og:image:height\" content=\"448\" \/>\n\t<meta property=\"og:image:type\" content=\"image\/png\" \/>\n<meta name=\"twitter:card\" content=\"summary_large_image\" \/>\n<meta name=\"twitter:site\" content=\"@AArium56877\" \/>\n<meta name=\"twitter:label1\" content=\"Tiempo de lectura\" \/>\n\t<meta name=\"twitter:data1\" content=\"2 minutos\" \/>\n<script type=\"application\/ld+json\" class=\"yoast-schema-graph\">{\"@context\":\"https:\/\/schema.org\",\"@graph\":[{\"@type\":\"WebPage\",\"@id\":\"https:\/\/www.aq-arium.com\/aqmarine\/aqua-medic\/evo-1001-aquamedic\/\",\"url\":\"https:\/\/www.aq-arium.com\/aqmarine\/aqua-medic\/evo-1001-aquamedic\/\",\"name\":\"Evo 1001 | AquaMedic Skimmer - AQ, Aquarium Solutions\",\"isPartOf\":{\"@id\":\"https:\/\/www.aq-arium.com\/aqmarine\/#website\"},\"primaryImageOfPage\":{\"@id\":\"https:\/\/www.aq-arium.com\/aqmarine\/aqua-medic\/evo-1001-aquamedic\/#primaryimage\"},\"image\":{\"@id\":\"https:\/\/www.aq-arium.com\/aqmarine\/aqua-medic\/evo-1001-aquamedic\/#primaryimage\"},\"thumbnailUrl\":\"https:\/\/www.aq-arium.com\/aqmarine\/wp-content\/uploads\/2022\/07\/EVO-1001.png\",\"datePublished\":\"2022-08-09T12:45:16+00:00\",\"dateModified\":\"2023-04-25T11:30:21+00:00\",\"description\":\"El Evo 1001 es un skimmer de prote\u00ednas externo, de AquaMedic, ajustable accionado por motor para acuarios de agua salada de hasta 500 litros.\",\"breadcrumb\":{\"@id\":\"https:\/\/www.aq-arium.com\/aqmarine\/aqua-medic\/evo-1001-aquamedic\/#breadcrumb\"},\"inLanguage\":\"es-ES\",\"potentialAction\":[{\"@type\":\"ReadAction\",\"target\":[\"https:\/\/www.aq-arium.com\/aqmarine\/aqua-medic\/evo-1001-aquamedic\/\"]}]},{\"@type\":\"ImageObject\",\"inLanguage\":\"es-ES\",\"@id\":\"https:\/\/www.aq-arium.com\/aqmarine\/aqua-medic\/evo-1001-aquamedic\/#primaryimage\",\"url\":\"https:\/\/www.aq-arium.com\/aqmarine\/wp-content\/uploads\/2022\/07\/EVO-1001.png\",\"contentUrl\":\"https:\/\/www.aq-arium.com\/aqmarine\/wp-content\/uploads\/2022\/07\/EVO-1001.png\",\"width\":448,\"height\":448},{\"@type\":\"BreadcrumbList\",\"@id\":\"https:\/\/www.aq-arium.com\/aqmarine\/aqua-medic\/evo-1001-aquamedic\/#breadcrumb\",\"itemListElement\":[{\"@type\":\"ListItem\",\"position\":1,\"name\":\"Portada\",\"item\":\"https:\/\/www.aq-arium.com\/aqmarine\/\"},{\"@type\":\"ListItem\",\"position\":2,\"name\":\"Aqua Medic\",\"item\":\"https:\/\/www.aq-arium.com\/aqmarine\/aqua-medic\/\"},{\"@type\":\"ListItem\",\"position\":3,\"name\":\"Evo 1001 | AquaMedic\"}]},{\"@type\":\"WebSite\",\"@id\":\"https:\/\/www.aq-arium.com\/aqmarine\/#website\",\"url\":\"https:\/\/www.aq-arium.com\/aqmarine\/\",\"name\":\"AQ, Aquarium Solutions\",\"description\":\"Productos para Acuario Marino y Dulce\",\"publisher\":{\"@id\":\"https:\/\/www.aq-arium.com\/aqmarine\/#organization\"},\"potentialAction\":[{\"@type\":\"SearchAction\",\"target\":{\"@type\":\"EntryPoint\",\"urlTemplate\":\"https:\/\/www.aq-arium.com\/aqmarine\/?s={search_term_string}\"},\"query-input\":{\"@type\":\"PropertyValueSpecification\",\"valueRequired\":true,\"valueName\":\"search_term_string\"}}],\"inLanguage\":\"es-ES\"},{\"@type\":\"Organization\",\"@id\":\"https:\/\/www.aq-arium.com\/aqmarine\/#organization\",\"name\":\"AQ-arium Solutions\",\"url\":\"https:\/\/www.aq-arium.com\/aqmarine\/\",\"logo\":{\"@type\":\"ImageObject\",\"inLanguage\":\"es-ES\",\"@id\":\"https:\/\/www.aq-arium.com\/aqmarine\/#\/schema\/logo\/image\/\",\"url\":\"https:\/\/www.aq-arium.com\/aqmarine\/wp-content\/uploads\/2021\/08\/AQ-arium-Solutions-logo-100x47px-1.png\",\"contentUrl\":\"https:\/\/www.aq-arium.com\/aqmarine\/wp-content\/uploads\/2021\/08\/AQ-arium-Solutions-logo-100x47px-1.png\",\"width\":100,\"height\":47,\"caption\":\"AQ-arium Solutions\"},\"image\":{\"@id\":\"https:\/\/www.aq-arium.com\/aqmarine\/#\/schema\/logo\/image\/\"},\"sameAs\":[\"https:\/\/www.instagram.com\/aq.arium\/\",\"https:\/\/x.com\/AArium56877\"]}]}<\/script>\n<!-- \/ Yoast SEO plugin. -->","yoast_head_json":{"title":"Evo 1001 | AquaMedic Skimmer - AQ, Aquarium Solutions","description":"El Evo 1001 es un skimmer de prote\u00ednas externo, de AquaMedic, ajustable accionado por motor para acuarios de agua salada de hasta 500 litros.","robots":{"index":"index","follow":"follow","max-snippet":"max-snippet:-1","max-image-preview":"max-image-preview:large","max-video-preview":"max-video-preview:-1"},"canonical":"https:\/\/www.aq-arium.com\/aqmarine\/aqua-medic\/evo-1001-aquamedic\/","og_locale":"es_ES","og_type":"article","og_title":"Evo 1001 | AquaMedic Skimmer - AQ, Aquarium Solutions","og_description":"El Evo 1001 es un skimmer de prote\u00ednas externo, de AquaMedic, ajustable accionado por motor para acuarios de agua salada de hasta 500 litros.","og_url":"https:\/\/www.aq-arium.com\/aqmarine\/aqua-medic\/evo-1001-aquamedic\/","og_site_name":"AQ, Aquarium Solutions","article_publisher":"https:\/\/www.instagram.com\/aq.arium\/","article_modified_time":"2023-04-25T11:30:21+00:00","og_image":[{"width":448,"height":448,"url":"https:\/\/www.aq-arium.com\/aqmarine\/wp-content\/uploads\/2022\/07\/EVO-1001.png","type":"image\/png"}],"twitter_card":"summary_large_image","twitter_site":"@AArium56877","twitter_misc":{"Tiempo de lectura":"2 minutos"},"schema":{"@context":"https:\/\/schema.org","@graph":[{"@type":"WebPage","@id":"https:\/\/www.aq-arium.com\/aqmarine\/aqua-medic\/evo-1001-aquamedic\/","url":"https:\/\/www.aq-arium.com\/aqmarine\/aqua-medic\/evo-1001-aquamedic\/","name":"Evo 1001 | AquaMedic Skimmer - AQ, Aquarium Solutions","isPartOf":{"@id":"https:\/\/www.aq-arium.com\/aqmarine\/#website"},"primaryImageOfPage":{"@id":"https:\/\/www.aq-arium.com\/aqmarine\/aqua-medic\/evo-1001-aquamedic\/#primaryimage"},"image":{"@id":"https:\/\/www.aq-arium.com\/aqmarine\/aqua-medic\/evo-1001-aquamedic\/#primaryimage"},"thumbnailUrl":"https:\/\/www.aq-arium.com\/aqmarine\/wp-content\/uploads\/2022\/07\/EVO-1001.png","datePublished":"2022-08-09T12:45:16+00:00","dateModified":"2023-04-25T11:30:21+00:00","description":"El Evo 1001 es un skimmer de prote\u00ednas externo, de AquaMedic, ajustable accionado por motor para acuarios de agua salada de hasta 500 litros.","breadcrumb":{"@id":"https:\/\/www.aq-arium.com\/aqmarine\/aqua-medic\/evo-1001-aquamedic\/#breadcrumb"},"inLanguage":"es-ES","potentialAction":[{"@type":"ReadAction","target":["https:\/\/www.aq-arium.com\/aqmarine\/aqua-medic\/evo-1001-aquamedic\/"]}]},{"@type":"ImageObject","inLanguage":"es-ES","@id":"https:\/\/www.aq-arium.com\/aqmarine\/aqua-medic\/evo-1001-aquamedic\/#primaryimage","url":"https:\/\/www.aq-arium.com\/aqmarine\/wp-content\/uploads\/2022\/07\/EVO-1001.png","contentUrl":"https:\/\/www.aq-arium.com\/aqmarine\/wp-content\/uploads\/2022\/07\/EVO-1001.png","width":448,"height":448},{"@type":"BreadcrumbList","@id":"https:\/\/www.aq-arium.com\/aqmarine\/aqua-medic\/evo-1001-aquamedic\/#breadcrumb","itemListElement":[{"@type":"ListItem","position":1,"name":"Portada","item":"https:\/\/www.aq-arium.com\/aqmarine\/"},{"@type":"ListItem","position":2,"name":"Aqua Medic","item":"https:\/\/www.aq-arium.com\/aqmarine\/aqua-medic\/"},{"@type":"ListItem","position":3,"name":"Evo 1001 | AquaMedic"}]},{"@type":"WebSite","@id":"https:\/\/www.aq-arium.com\/aqmarine\/#website","url":"https:\/\/www.aq-arium.com\/aqmarine\/","name":"AQ, Aquarium Solutions","description":"Productos para Acuario Marino y Dulce","publisher":{"@id":"https:\/\/www.aq-arium.com\/aqmarine\/#organization"},"potentialAction":[{"@type":"SearchAction","target":{"@type":"EntryPoint","urlTemplate":"https:\/\/www.aq-arium.com\/aqmarine\/?s={search_term_string}"},"query-input":{"@type":"PropertyValueSpecification","valueRequired":true,"valueName":"search_term_string"}}],"inLanguage":"es-ES"},{"@type":"Organization","@id":"https:\/\/www.aq-arium.com\/aqmarine\/#organization","name":"AQ-arium Solutions","url":"https:\/\/www.aq-arium.com\/aqmarine\/","logo":{"@type":"ImageObject","inLanguage":"es-ES","@id":"https:\/\/www.aq-arium.com\/aqmarine\/#\/schema\/logo\/image\/","url":"https:\/\/www.aq-arium.com\/aqmarine\/wp-content\/uploads\/2021\/08\/AQ-arium-Solutions-logo-100x47px-1.png","contentUrl":"https:\/\/www.aq-arium.com\/aqmarine\/wp-content\/uploads\/2021\/08\/AQ-arium-Solutions-logo-100x47px-1.png","width":100,"height":47,"caption":"AQ-arium Solutions"},"image":{"@id":"https:\/\/www.aq-arium.com\/aqmarine\/#\/schema\/logo\/image\/"},"sameAs":["https:\/\/www.instagram.com\/aq.arium\/","https:\/\/x.com\/AArium56877"]}]}},"jetpack_sharing_enabled":true,"_links":{"self":[{"href":"https:\/\/www.aq-arium.com\/aqmarine\/wp-json\/wp\/v2\/pages\/26710","targetHints":{"allow":["GET"]}}],"collection":[{"href":"https:\/\/www.aq-arium.com\/aqmarine\/wp-json\/wp\/v2\/pages"}],"about":[{"href":"https:\/\/www.aq-arium.com\/aqmarine\/wp-json\/wp\/v2\/types\/page"}],"author":[{"embeddable":true,"href":"https:\/\/www.aq-arium.com\/aqmarine\/wp-json\/wp\/v2\/users\/1"}],"replies":[{"embeddable":true,"href":"https:\/\/www.aq-arium.com\/aqmarine\/wp-json\/wp\/v2\/comments?post=26710"}],"version-history":[{"count":0,"href":"https:\/\/www.aq-arium.com\/aqmarine\/wp-json\/wp\/v2\/pages\/26710\/revisions"}],"up":[{"embeddable":true,"href":"https:\/\/www.aq-arium.com\/aqmarine\/wp-json\/wp\/v2\/pages\/26017"}],"wp:featuredmedia":[{"embeddable":true,"href":"https:\/\/www.aq-arium.com\/aqmarine\/wp-json\/wp\/v2\/media\/26178"}],"wp:attachment":[{"href":"https:\/\/www.aq-arium.com\/aqmarine\/wp-json\/wp\/v2\/media?parent=26710"}],"curies":[{"name":"wp","href":"https:\/\/api.w.org\/{rel}","templated":true}]}}