{"id":26580,"date":"2022-08-09T08:37:57","date_gmt":"2022-08-09T07:37:57","guid":{"rendered":"https:\/\/www.aq-arium.com\/aqmarine\/?page_id=26580"},"modified":"2023-04-25T12:27:38","modified_gmt":"2023-04-25T11:27:38","slug":"mistral-ii-bomba-de-aire-aquamedic","status":"publish","type":"page","link":"https:\/\/www.aq-arium.com\/aqmarine\/aqua-medic\/mistral-ii-bomba-de-aire-aquamedic\/","title":{"rendered":"Mistral II, Bomba de Aire | AquaMedic"},"content":{"rendered":"\t\t<div data-elementor-type=\"wp-page\" data-elementor-id=\"26580\" class=\"elementor elementor-26580\" data-elementor-settings=\"[]\">\n\t\t\t\t\t\t<div class=\"elementor-inner\">\n\t\t\t\t\t\t\t<div class=\"elementor-section-wrap\">\n\t\t\t\t\t\t\t<section class=\"elementor-section elementor-top-section elementor-element elementor-element-1944ce5 elementor-section-boxed elementor-section-height-default elementor-section-height-default\" data-id=\"1944ce5\" data-element_type=\"section\">\n\t\t\t\t\t\t<div class=\"elementor-container elementor-column-gap-default\">\n\t\t\t\t\t\t\t<div class=\"elementor-row\">\n\t\t\t\t\t<div class=\"elementor-column elementor-col-100 elementor-top-column elementor-element elementor-element-b41b396\" data-id=\"b41b396\" data-element_type=\"column\">\n\t\t\t<div class=\"elementor-column-wrap elementor-element-populated\">\n\t\t\t\t\t\t\t<div class=\"elementor-widget-wrap\">\n\t\t\t\t\t\t<div class=\"elementor-element elementor-element-7327c01 elementor-widget elementor-widget-button\" data-id=\"7327c01\" data-element_type=\"widget\" data-widget_type=\"button.default\">\n\t\t\t\t<div class=\"elementor-widget-container\">\n\t\t\t\t\t<div class=\"elementor-button-wrapper\">\n\t\t\t<a href=\"https:\/\/www.aq-arium.com\/aqmarine\/aqua-medic\/\" class=\"elementor-button-link elementor-button elementor-size-sm\" role=\"button\">\n\t\t\t\t\t\t<span class=\"elementor-button-content-wrapper\">\n\t\t\t\t\t\t<span class=\"elementor-button-icon elementor-align-icon-left\">\n\t\t\t\t<i aria-hidden=\"true\" class=\"far fa-arrow-alt-circle-left\"><\/i>\t\t\t<\/span>\n\t\t\t\t\t\t<span class=\"elementor-button-text\">Volver a la p\u00e1gina principal de AquaMedic<\/span>\n\t\t<\/span>\n\t\t\t\t\t<\/a>\n\t\t<\/div>\n\t\t\t\t<\/div>\n\t\t\t\t<\/div>\n\t\t\t\t<div class=\"elementor-element elementor-element-cc2c44f elementor-widget elementor-widget-image\" data-id=\"cc2c44f\" data-element_type=\"widget\" data-widget_type=\"image.default\">\n\t\t\t\t<div class=\"elementor-widget-container\">\n\t\t\t\t\t<div class=\"elementor-image\">\n\t\t\t\t\t\t\t\t\t\t<img loading=\"lazy\" decoding=\"async\" width=\"150\" height=\"150\" src=\"https:\/\/www.aq-arium.com\/aqmarine\/wp-content\/uploads\/2022\/07\/aquamedic.png\" class=\"attachment-large size-large\" alt=\"\" srcset=\"https:\/\/www.aq-arium.com\/aqmarine\/wp-content\/uploads\/2022\/07\/aquamedic.png 150w, https:\/\/www.aq-arium.com\/aqmarine\/wp-content\/uploads\/2022\/07\/aquamedic-100x100.png 100w\" sizes=\"auto, (max-width: 150px) 100vw, 150px\" \/>\t\t\t\t\t\t\t\t\t\t\t<\/div>\n\t\t\t\t<\/div>\n\t\t\t\t<\/div>\n\t\t\t\t\t\t<\/div>\n\t\t\t\t\t<\/div>\n\t\t<\/div>\n\t\t\t\t\t\t\t\t<\/div>\n\t\t\t\t\t<\/div>\n\t\t<\/section>\n\t\t\t\t<section class=\"elementor-section elementor-top-section elementor-element elementor-element-3e1e149 elementor-section-boxed elementor-section-height-default elementor-section-height-default\" data-id=\"3e1e149\" data-element_type=\"section\">\n\t\t\t\t\t\t<div class=\"elementor-container elementor-column-gap-default\">\n\t\t\t\t\t\t\t<div class=\"elementor-row\">\n\t\t\t\t\t<div class=\"elementor-column elementor-col-100 elementor-top-column elementor-element elementor-element-f977b6f\" data-id=\"f977b6f\" data-element_type=\"column\">\n\t\t\t<div class=\"elementor-column-wrap elementor-element-populated\">\n\t\t\t\t\t\t\t<div class=\"elementor-widget-wrap\">\n\t\t\t\t\t\t<div class=\"elementor-element elementor-element-c3d2440 elementor-widget elementor-widget-heading\" data-id=\"c3d2440\" data-element_type=\"widget\" data-widget_type=\"heading.default\">\n\t\t\t\t<div class=\"elementor-widget-container\">\n\t\t\t<h2 class=\"elementor-heading-title elementor-size-default\">Mistral 2000 II - 4000 II<\/h2>\t\t<\/div>\n\t\t\t\t<\/div>\n\t\t\t\t<div class=\"elementor-element elementor-element-32e6b01 elementor-widget elementor-widget-heading\" data-id=\"32e6b01\" data-element_type=\"widget\" data-widget_type=\"heading.default\">\n\t\t\t\t<div class=\"elementor-widget-container\">\n\t\t\t<h4 class=\"elementor-heading-title elementor-size-default\">Bombas de aire de membrana para acuarios.<\/h4>\t\t<\/div>\n\t\t\t\t<\/div>\n\t\t\t\t\t\t<\/div>\n\t\t\t\t\t<\/div>\n\t\t<\/div>\n\t\t\t\t\t\t\t\t<\/div>\n\t\t\t\t\t<\/div>\n\t\t<\/section>\n\t\t\t\t<section class=\"elementor-section elementor-top-section elementor-element elementor-element-2609eec elementor-section-boxed elementor-section-height-default elementor-section-height-default\" data-id=\"2609eec\" data-element_type=\"section\">\n\t\t\t\t\t\t<div class=\"elementor-container elementor-column-gap-default\">\n\t\t\t\t\t\t\t<div class=\"elementor-row\">\n\t\t\t\t\t<div class=\"elementor-column elementor-col-100 elementor-top-column elementor-element elementor-element-a3d390a\" data-id=\"a3d390a\" data-element_type=\"column\">\n\t\t\t<div class=\"elementor-column-wrap elementor-element-populated\">\n\t\t\t\t\t\t\t<div class=\"elementor-widget-wrap\">\n\t\t\t\t\t\t<div class=\"elementor-element elementor-element-649dcdc elementor-widget elementor-widget-image\" data-id=\"649dcdc\" data-element_type=\"widget\" data-widget_type=\"image.default\">\n\t\t\t\t<div class=\"elementor-widget-container\">\n\t\t\t\t\t<div class=\"elementor-image\">\n\t\t\t\t\t\t\t\t\t\t<img loading=\"lazy\" decoding=\"async\" width=\"448\" height=\"448\" src=\"https:\/\/www.aq-arium.com\/aqmarine\/wp-content\/uploads\/2022\/07\/Mistral-II.png\" class=\"attachment-large size-large\" alt=\"\" srcset=\"https:\/\/www.aq-arium.com\/aqmarine\/wp-content\/uploads\/2022\/07\/Mistral-II.png 448w, https:\/\/www.aq-arium.com\/aqmarine\/wp-content\/uploads\/2022\/07\/Mistral-II-300x300.png 300w, https:\/\/www.aq-arium.com\/aqmarine\/wp-content\/uploads\/2022\/07\/Mistral-II-150x150.png 150w, https:\/\/www.aq-arium.com\/aqmarine\/wp-content\/uploads\/2022\/07\/Mistral-II-100x100.png 100w\" sizes=\"auto, (max-width: 448px) 100vw, 448px\" \/>\t\t\t\t\t\t\t\t\t\t\t<\/div>\n\t\t\t\t<\/div>\n\t\t\t\t<\/div>\n\t\t\t\t\t\t<\/div>\n\t\t\t\t\t<\/div>\n\t\t<\/div>\n\t\t\t\t\t\t\t\t<\/div>\n\t\t\t\t\t<\/div>\n\t\t<\/section>\n\t\t\t\t<section class=\"elementor-section elementor-top-section elementor-element elementor-element-5db72d1 elementor-section-boxed elementor-section-height-default elementor-section-height-default\" data-id=\"5db72d1\" data-element_type=\"section\">\n\t\t\t\t\t\t<div class=\"elementor-container elementor-column-gap-default\">\n\t\t\t\t\t\t\t<div class=\"elementor-row\">\n\t\t\t\t\t<div class=\"elementor-column elementor-col-100 elementor-top-column elementor-element elementor-element-c5f5afa\" data-id=\"c5f5afa\" data-element_type=\"column\">\n\t\t\t<div class=\"elementor-column-wrap elementor-element-populated\">\n\t\t\t\t\t\t\t<div class=\"elementor-widget-wrap\">\n\t\t\t\t\t\t<div class=\"elementor-element elementor-element-726033d elementor-widget elementor-widget-text-editor\" data-id=\"726033d\" data-element_type=\"widget\" data-widget_type=\"text-editor.default\">\n\t\t\t\t<div class=\"elementor-widget-container\">\n\t\t\t\t\t<div class=\"elementor-text-editor elementor-clearfix\"><p>Esta familia de potentes bombas de <strong>aire de membrana<\/strong> tiene una carcasa de aluminio fundido que garantiza una larga vida \u00fatil y un funcionamiento silencioso. La membrana especial garantiza una larga vida \u00fatil, con filtro de aire incorporado. Son ideales para suministrar filtros de elevaci\u00f3n de aire, piedras de aire y skimmers de prote\u00ednas utilizando difusores de aire de cer\u00e1mica o de madera.<\/p><\/div>\n\t\t\t\t<\/div>\n\t\t\t\t<\/div>\n\t\t\t\t\t\t<\/div>\n\t\t\t\t\t<\/div>\n\t\t<\/div>\n\t\t\t\t\t\t\t\t<\/div>\n\t\t\t\t\t<\/div>\n\t\t<\/section>\n\t\t\t\t<section class=\"elementor-section elementor-top-section elementor-element elementor-element-f1f977a elementor-section-boxed elementor-section-height-default elementor-section-height-default\" data-id=\"f1f977a\" data-element_type=\"section\">\n\t\t\t\t\t\t<div class=\"elementor-container elementor-column-gap-default\">\n\t\t\t\t\t\t\t<div class=\"elementor-row\">\n\t\t\t\t\t<div class=\"elementor-column elementor-col-50 elementor-top-column elementor-element elementor-element-78dcc8d\" data-id=\"78dcc8d\" data-element_type=\"column\">\n\t\t\t<div class=\"elementor-column-wrap elementor-element-populated\">\n\t\t\t\t\t\t\t<div class=\"elementor-widget-wrap\">\n\t\t\t\t\t\t<div class=\"elementor-element elementor-element-87fa4fc elementor-widget elementor-widget-image\" data-id=\"87fa4fc\" data-element_type=\"widget\" data-widget_type=\"image.default\">\n\t\t\t\t<div class=\"elementor-widget-container\">\n\t\t\t\t\t<div class=\"elementor-image\">\n\t\t\t\t\t\t\t\t\t\t<img loading=\"lazy\" decoding=\"async\" width=\"448\" height=\"448\" src=\"https:\/\/www.aq-arium.com\/aqmarine\/wp-content\/uploads\/2022\/08\/Mistral-II_15982760283_448x448.png\" class=\"attachment-large size-large\" alt=\"\" srcset=\"https:\/\/www.aq-arium.com\/aqmarine\/wp-content\/uploads\/2022\/08\/Mistral-II_15982760283_448x448.png 448w, https:\/\/www.aq-arium.com\/aqmarine\/wp-content\/uploads\/2022\/08\/Mistral-II_15982760283_448x448-300x300.png 300w, https:\/\/www.aq-arium.com\/aqmarine\/wp-content\/uploads\/2022\/08\/Mistral-II_15982760283_448x448-150x150.png 150w, https:\/\/www.aq-arium.com\/aqmarine\/wp-content\/uploads\/2022\/08\/Mistral-II_15982760283_448x448-100x100.png 100w\" sizes=\"auto, (max-width: 448px) 100vw, 448px\" \/>\t\t\t\t\t\t\t\t\t\t\t<\/div>\n\t\t\t\t<\/div>\n\t\t\t\t<\/div>\n\t\t\t\t\t\t<\/div>\n\t\t\t\t\t<\/div>\n\t\t<\/div>\n\t\t\t\t<div class=\"elementor-column elementor-col-50 elementor-top-column elementor-element elementor-element-19ae450\" data-id=\"19ae450\" data-element_type=\"column\">\n\t\t\t<div class=\"elementor-column-wrap elementor-element-populated\">\n\t\t\t\t\t\t\t<div class=\"elementor-widget-wrap\">\n\t\t\t\t\t\t<div class=\"elementor-element elementor-element-b060a2a elementor-widget elementor-widget-image\" data-id=\"b060a2a\" data-element_type=\"widget\" data-widget_type=\"image.default\">\n\t\t\t\t<div class=\"elementor-widget-container\">\n\t\t\t\t\t<div class=\"elementor-image\">\n\t\t\t\t\t\t\t\t\t\t<img loading=\"lazy\" decoding=\"async\" width=\"448\" height=\"448\" src=\"https:\/\/www.aq-arium.com\/aqmarine\/wp-content\/uploads\/2022\/08\/Mistral-II_15982760282_448x448.jpg\" class=\"attachment-large size-large\" alt=\"\" srcset=\"https:\/\/www.aq-arium.com\/aqmarine\/wp-content\/uploads\/2022\/08\/Mistral-II_15982760282_448x448.jpg 448w, https:\/\/www.aq-arium.com\/aqmarine\/wp-content\/uploads\/2022\/08\/Mistral-II_15982760282_448x448-300x300.jpg 300w, https:\/\/www.aq-arium.com\/aqmarine\/wp-content\/uploads\/2022\/08\/Mistral-II_15982760282_448x448-150x150.jpg 150w, https:\/\/www.aq-arium.com\/aqmarine\/wp-content\/uploads\/2022\/08\/Mistral-II_15982760282_448x448-100x100.jpg 100w\" sizes=\"auto, (max-width: 448px) 100vw, 448px\" \/>\t\t\t\t\t\t\t\t\t\t\t<\/div>\n\t\t\t\t<\/div>\n\t\t\t\t<\/div>\n\t\t\t\t\t\t<\/div>\n\t\t\t\t\t<\/div>\n\t\t<\/div>\n\t\t\t\t\t\t\t\t<\/div>\n\t\t\t\t\t<\/div>\n\t\t<\/section>\n\t\t\t\t<section class=\"elementor-section elementor-top-section elementor-element elementor-element-ba519d0 elementor-section-boxed elementor-section-height-default elementor-section-height-default\" data-id=\"ba519d0\" data-element_type=\"section\">\n\t\t\t\t\t\t\t<div class=\"elementor-background-overlay\"><\/div>\n\t\t\t\t\t\t\t<div class=\"elementor-container elementor-column-gap-default\">\n\t\t\t\t\t\t\t<div class=\"elementor-row\">\n\t\t\t\t\t<div class=\"elementor-column elementor-col-100 elementor-top-column elementor-element elementor-element-5626961\" data-id=\"5626961\" data-element_type=\"column\">\n\t\t\t<div class=\"elementor-column-wrap\">\n\t\t\t\t\t\t\t<div class=\"elementor-widget-wrap\">\n\t\t\t\t\t\t\t\t<\/div>\n\t\t\t\t\t<\/div>\n\t\t<\/div>\n\t\t\t\t\t\t\t\t<\/div>\n\t\t\t\t\t<\/div>\n\t\t<\/section>\n\t\t\t\t\t\t<\/div>\n\t\t\t\t\t\t<\/div>\n\t\t\t\t\t<\/div>\n\t\t","protected":false},"excerpt":{"rendered":"<p>Volver a la p\u00e1gina principal de AquaMedic Mistral 2000 II &#8211; 4000 II Bombas de aire de membrana para acuarios. Esta familia de potentes bombas de aire de membrana tiene una carcasa de aluminio fundido que garantiza una larga vida \u00fatil y un funcionamiento silencioso. La membrana especial garantiza una larga vida \u00fatil, con filtro [&hellip;]<\/p>\n","protected":false},"author":1,"featured_media":26162,"parent":26017,"menu_order":0,"comment_status":"closed","ping_status":"closed","template":"elementor_header_footer","meta":{"_acf_changed":false,"footnotes":""},"class_list":["post-26580","page","type-page","status-publish","has-post-thumbnail","hentry"],"acf":[],"yoast_head":"<!-- This site is optimized with the Yoast SEO plugin v23.9 - https:\/\/yoast.com\/wordpress\/plugins\/seo\/ -->\n<title>Mistral II, Bomba de Aire | AquaMedic - AQ, Aquarium Solutions<\/title>\n<meta name=\"description\" content=\"Las bombas de aire de diafragma Mistral II est\u00e1n hechas de una carcasa de aluminio fundido. Larga vida y un funcionamiento silencioso.\" \/>\n<meta name=\"robots\" content=\"index, follow, max-snippet:-1, max-image-preview:large, max-video-preview:-1\" \/>\n<link rel=\"canonical\" href=\"https:\/\/www.aq-arium.com\/aqmarine\/aqua-medic\/mistral-ii-bomba-de-aire-aquamedic\/\" \/>\n<meta property=\"og:locale\" content=\"es_ES\" \/>\n<meta property=\"og:type\" content=\"article\" \/>\n<meta property=\"og:title\" content=\"Mistral II, Bomba de Aire | AquaMedic - AQ, Aquarium Solutions\" \/>\n<meta property=\"og:description\" content=\"Las bombas de aire de diafragma Mistral II est\u00e1n hechas de una carcasa de aluminio fundido. Larga vida y un funcionamiento silencioso.\" \/>\n<meta property=\"og:url\" content=\"https:\/\/www.aq-arium.com\/aqmarine\/aqua-medic\/mistral-ii-bomba-de-aire-aquamedic\/\" \/>\n<meta property=\"og:site_name\" content=\"AQ, Aquarium Solutions\" \/>\n<meta property=\"article:publisher\" content=\"https:\/\/www.instagram.com\/aq.arium\/\" \/>\n<meta property=\"article:modified_time\" content=\"2023-04-25T11:27:38+00:00\" \/>\n<meta property=\"og:image\" content=\"https:\/\/www.aq-arium.com\/aqmarine\/wp-content\/uploads\/2022\/07\/Mistral-II.png\" \/>\n\t<meta property=\"og:image:width\" content=\"448\" \/>\n\t<meta property=\"og:image:height\" content=\"448\" \/>\n\t<meta property=\"og:image:type\" content=\"image\/png\" \/>\n<meta name=\"twitter:card\" content=\"summary_large_image\" \/>\n<meta name=\"twitter:site\" content=\"@AArium56877\" \/>\n<meta name=\"twitter:label1\" content=\"Tiempo de lectura\" \/>\n\t<meta name=\"twitter:data1\" content=\"2 minutos\" \/>\n<script type=\"application\/ld+json\" class=\"yoast-schema-graph\">{\"@context\":\"https:\/\/schema.org\",\"@graph\":[{\"@type\":\"WebPage\",\"@id\":\"https:\/\/www.aq-arium.com\/aqmarine\/aqua-medic\/mistral-ii-bomba-de-aire-aquamedic\/\",\"url\":\"https:\/\/www.aq-arium.com\/aqmarine\/aqua-medic\/mistral-ii-bomba-de-aire-aquamedic\/\",\"name\":\"Mistral II, Bomba de Aire | AquaMedic - AQ, Aquarium Solutions\",\"isPartOf\":{\"@id\":\"https:\/\/www.aq-arium.com\/aqmarine\/#website\"},\"primaryImageOfPage\":{\"@id\":\"https:\/\/www.aq-arium.com\/aqmarine\/aqua-medic\/mistral-ii-bomba-de-aire-aquamedic\/#primaryimage\"},\"image\":{\"@id\":\"https:\/\/www.aq-arium.com\/aqmarine\/aqua-medic\/mistral-ii-bomba-de-aire-aquamedic\/#primaryimage\"},\"thumbnailUrl\":\"https:\/\/www.aq-arium.com\/aqmarine\/wp-content\/uploads\/2022\/07\/Mistral-II.png\",\"datePublished\":\"2022-08-09T07:37:57+00:00\",\"dateModified\":\"2023-04-25T11:27:38+00:00\",\"description\":\"Las bombas de aire de diafragma Mistral II est\u00e1n hechas de una carcasa de aluminio fundido. Larga vida y un funcionamiento silencioso.\",\"breadcrumb\":{\"@id\":\"https:\/\/www.aq-arium.com\/aqmarine\/aqua-medic\/mistral-ii-bomba-de-aire-aquamedic\/#breadcrumb\"},\"inLanguage\":\"es-ES\",\"potentialAction\":[{\"@type\":\"ReadAction\",\"target\":[\"https:\/\/www.aq-arium.com\/aqmarine\/aqua-medic\/mistral-ii-bomba-de-aire-aquamedic\/\"]}]},{\"@type\":\"ImageObject\",\"inLanguage\":\"es-ES\",\"@id\":\"https:\/\/www.aq-arium.com\/aqmarine\/aqua-medic\/mistral-ii-bomba-de-aire-aquamedic\/#primaryimage\",\"url\":\"https:\/\/www.aq-arium.com\/aqmarine\/wp-content\/uploads\/2022\/07\/Mistral-II.png\",\"contentUrl\":\"https:\/\/www.aq-arium.com\/aqmarine\/wp-content\/uploads\/2022\/07\/Mistral-II.png\",\"width\":448,\"height\":448},{\"@type\":\"BreadcrumbList\",\"@id\":\"https:\/\/www.aq-arium.com\/aqmarine\/aqua-medic\/mistral-ii-bomba-de-aire-aquamedic\/#breadcrumb\",\"itemListElement\":[{\"@type\":\"ListItem\",\"position\":1,\"name\":\"Portada\",\"item\":\"https:\/\/www.aq-arium.com\/aqmarine\/\"},{\"@type\":\"ListItem\",\"position\":2,\"name\":\"Aqua Medic\",\"item\":\"https:\/\/www.aq-arium.com\/aqmarine\/aqua-medic\/\"},{\"@type\":\"ListItem\",\"position\":3,\"name\":\"Mistral II, Bomba de Aire | AquaMedic\"}]},{\"@type\":\"WebSite\",\"@id\":\"https:\/\/www.aq-arium.com\/aqmarine\/#website\",\"url\":\"https:\/\/www.aq-arium.com\/aqmarine\/\",\"name\":\"AQ, Aquarium Solutions\",\"description\":\"Productos para Acuario Marino y Dulce\",\"publisher\":{\"@id\":\"https:\/\/www.aq-arium.com\/aqmarine\/#organization\"},\"potentialAction\":[{\"@type\":\"SearchAction\",\"target\":{\"@type\":\"EntryPoint\",\"urlTemplate\":\"https:\/\/www.aq-arium.com\/aqmarine\/?s={search_term_string}\"},\"query-input\":{\"@type\":\"PropertyValueSpecification\",\"valueRequired\":true,\"valueName\":\"search_term_string\"}}],\"inLanguage\":\"es-ES\"},{\"@type\":\"Organization\",\"@id\":\"https:\/\/www.aq-arium.com\/aqmarine\/#organization\",\"name\":\"AQ-arium Solutions\",\"url\":\"https:\/\/www.aq-arium.com\/aqmarine\/\",\"logo\":{\"@type\":\"ImageObject\",\"inLanguage\":\"es-ES\",\"@id\":\"https:\/\/www.aq-arium.com\/aqmarine\/#\/schema\/logo\/image\/\",\"url\":\"https:\/\/www.aq-arium.com\/aqmarine\/wp-content\/uploads\/2021\/08\/AQ-arium-Solutions-logo-100x47px-1.png\",\"contentUrl\":\"https:\/\/www.aq-arium.com\/aqmarine\/wp-content\/uploads\/2021\/08\/AQ-arium-Solutions-logo-100x47px-1.png\",\"width\":100,\"height\":47,\"caption\":\"AQ-arium Solutions\"},\"image\":{\"@id\":\"https:\/\/www.aq-arium.com\/aqmarine\/#\/schema\/logo\/image\/\"},\"sameAs\":[\"https:\/\/www.instagram.com\/aq.arium\/\",\"https:\/\/x.com\/AArium56877\"]}]}<\/script>\n<!-- \/ Yoast SEO plugin. -->","yoast_head_json":{"title":"Mistral II, Bomba de Aire | AquaMedic - AQ, Aquarium Solutions","description":"Las bombas de aire de diafragma Mistral II est\u00e1n hechas de una carcasa de aluminio fundido. Larga vida y un funcionamiento silencioso.","robots":{"index":"index","follow":"follow","max-snippet":"max-snippet:-1","max-image-preview":"max-image-preview:large","max-video-preview":"max-video-preview:-1"},"canonical":"https:\/\/www.aq-arium.com\/aqmarine\/aqua-medic\/mistral-ii-bomba-de-aire-aquamedic\/","og_locale":"es_ES","og_type":"article","og_title":"Mistral II, Bomba de Aire | AquaMedic - AQ, Aquarium Solutions","og_description":"Las bombas de aire de diafragma Mistral II est\u00e1n hechas de una carcasa de aluminio fundido. Larga vida y un funcionamiento silencioso.","og_url":"https:\/\/www.aq-arium.com\/aqmarine\/aqua-medic\/mistral-ii-bomba-de-aire-aquamedic\/","og_site_name":"AQ, Aquarium Solutions","article_publisher":"https:\/\/www.instagram.com\/aq.arium\/","article_modified_time":"2023-04-25T11:27:38+00:00","og_image":[{"width":448,"height":448,"url":"https:\/\/www.aq-arium.com\/aqmarine\/wp-content\/uploads\/2022\/07\/Mistral-II.png","type":"image\/png"}],"twitter_card":"summary_large_image","twitter_site":"@AArium56877","twitter_misc":{"Tiempo de lectura":"2 minutos"},"schema":{"@context":"https:\/\/schema.org","@graph":[{"@type":"WebPage","@id":"https:\/\/www.aq-arium.com\/aqmarine\/aqua-medic\/mistral-ii-bomba-de-aire-aquamedic\/","url":"https:\/\/www.aq-arium.com\/aqmarine\/aqua-medic\/mistral-ii-bomba-de-aire-aquamedic\/","name":"Mistral II, Bomba de Aire | AquaMedic - AQ, Aquarium Solutions","isPartOf":{"@id":"https:\/\/www.aq-arium.com\/aqmarine\/#website"},"primaryImageOfPage":{"@id":"https:\/\/www.aq-arium.com\/aqmarine\/aqua-medic\/mistral-ii-bomba-de-aire-aquamedic\/#primaryimage"},"image":{"@id":"https:\/\/www.aq-arium.com\/aqmarine\/aqua-medic\/mistral-ii-bomba-de-aire-aquamedic\/#primaryimage"},"thumbnailUrl":"https:\/\/www.aq-arium.com\/aqmarine\/wp-content\/uploads\/2022\/07\/Mistral-II.png","datePublished":"2022-08-09T07:37:57+00:00","dateModified":"2023-04-25T11:27:38+00:00","description":"Las bombas de aire de diafragma Mistral II est\u00e1n hechas de una carcasa de aluminio fundido. Larga vida y un funcionamiento silencioso.","breadcrumb":{"@id":"https:\/\/www.aq-arium.com\/aqmarine\/aqua-medic\/mistral-ii-bomba-de-aire-aquamedic\/#breadcrumb"},"inLanguage":"es-ES","potentialAction":[{"@type":"ReadAction","target":["https:\/\/www.aq-arium.com\/aqmarine\/aqua-medic\/mistral-ii-bomba-de-aire-aquamedic\/"]}]},{"@type":"ImageObject","inLanguage":"es-ES","@id":"https:\/\/www.aq-arium.com\/aqmarine\/aqua-medic\/mistral-ii-bomba-de-aire-aquamedic\/#primaryimage","url":"https:\/\/www.aq-arium.com\/aqmarine\/wp-content\/uploads\/2022\/07\/Mistral-II.png","contentUrl":"https:\/\/www.aq-arium.com\/aqmarine\/wp-content\/uploads\/2022\/07\/Mistral-II.png","width":448,"height":448},{"@type":"BreadcrumbList","@id":"https:\/\/www.aq-arium.com\/aqmarine\/aqua-medic\/mistral-ii-bomba-de-aire-aquamedic\/#breadcrumb","itemListElement":[{"@type":"ListItem","position":1,"name":"Portada","item":"https:\/\/www.aq-arium.com\/aqmarine\/"},{"@type":"ListItem","position":2,"name":"Aqua Medic","item":"https:\/\/www.aq-arium.com\/aqmarine\/aqua-medic\/"},{"@type":"ListItem","position":3,"name":"Mistral II, Bomba de Aire | AquaMedic"}]},{"@type":"WebSite","@id":"https:\/\/www.aq-arium.com\/aqmarine\/#website","url":"https:\/\/www.aq-arium.com\/aqmarine\/","name":"AQ, Aquarium Solutions","description":"Productos para Acuario Marino y Dulce","publisher":{"@id":"https:\/\/www.aq-arium.com\/aqmarine\/#organization"},"potentialAction":[{"@type":"SearchAction","target":{"@type":"EntryPoint","urlTemplate":"https:\/\/www.aq-arium.com\/aqmarine\/?s={search_term_string}"},"query-input":{"@type":"PropertyValueSpecification","valueRequired":true,"valueName":"search_term_string"}}],"inLanguage":"es-ES"},{"@type":"Organization","@id":"https:\/\/www.aq-arium.com\/aqmarine\/#organization","name":"AQ-arium Solutions","url":"https:\/\/www.aq-arium.com\/aqmarine\/","logo":{"@type":"ImageObject","inLanguage":"es-ES","@id":"https:\/\/www.aq-arium.com\/aqmarine\/#\/schema\/logo\/image\/","url":"https:\/\/www.aq-arium.com\/aqmarine\/wp-content\/uploads\/2021\/08\/AQ-arium-Solutions-logo-100x47px-1.png","contentUrl":"https:\/\/www.aq-arium.com\/aqmarine\/wp-content\/uploads\/2021\/08\/AQ-arium-Solutions-logo-100x47px-1.png","width":100,"height":47,"caption":"AQ-arium Solutions"},"image":{"@id":"https:\/\/www.aq-arium.com\/aqmarine\/#\/schema\/logo\/image\/"},"sameAs":["https:\/\/www.instagram.com\/aq.arium\/","https:\/\/x.com\/AArium56877"]}]}},"jetpack_sharing_enabled":true,"_links":{"self":[{"href":"https:\/\/www.aq-arium.com\/aqmarine\/wp-json\/wp\/v2\/pages\/26580","targetHints":{"allow":["GET"]}}],"collection":[{"href":"https:\/\/www.aq-arium.com\/aqmarine\/wp-json\/wp\/v2\/pages"}],"about":[{"href":"https:\/\/www.aq-arium.com\/aqmarine\/wp-json\/wp\/v2\/types\/page"}],"author":[{"embeddable":true,"href":"https:\/\/www.aq-arium.com\/aqmarine\/wp-json\/wp\/v2\/users\/1"}],"replies":[{"embeddable":true,"href":"https:\/\/www.aq-arium.com\/aqmarine\/wp-json\/wp\/v2\/comments?post=26580"}],"version-history":[{"count":0,"href":"https:\/\/www.aq-arium.com\/aqmarine\/wp-json\/wp\/v2\/pages\/26580\/revisions"}],"up":[{"embeddable":true,"href":"https:\/\/www.aq-arium.com\/aqmarine\/wp-json\/wp\/v2\/pages\/26017"}],"wp:featuredmedia":[{"embeddable":true,"href":"https:\/\/www.aq-arium.com\/aqmarine\/wp-json\/wp\/v2\/media\/26162"}],"wp:attachment":[{"href":"https:\/\/www.aq-arium.com\/aqmarine\/wp-json\/wp\/v2\/media?parent=26580"}],"curies":[{"name":"wp","href":"https:\/\/api.w.org\/{rel}","templated":true}]}}