{"id":261,"date":"2014-07-23T07:40:24","date_gmt":"2014-07-23T07:40:24","guid":{"rendered":"http:\/\/arrecifevivo.com\/blog\/?page_id=261"},"modified":"2015-05-05T11:29:26","modified_gmt":"2015-05-05T10:29:26","slug":"maxspect-r420r","status":"publish","type":"page","link":"https:\/\/www.aq-arium.com\/aqmarine\/acuario-marino\/maxspect-r420r\/","title":{"rendered":"MaxSpect &#8211; R420R"},"content":{"rendered":"<p><img loading=\"lazy\" decoding=\"async\" src=\"https:\/\/www.aq-arium.com\/aqmarine\/wp-content\/uploads\/2014\/07\/29343_Midwester_Aquatics_Maxspect_R420R_120W__10.0_3.jpg\" alt=\"29343_Midwester_Aquatics_Maxspect_R420R_120W__10.0_3\" width=\"499\" height=\"499\" \/><\/p>\n<p>El sistema de iluminaci\u00f3n R420r est\u00e1 dise\u00f1ado para proporcionar todos los rangos del espectro de color requeridos por los corales y las plantas para aumentar su tasa de crecimiento, mejorar su coloraci\u00f3n y el del mismo acuario, d\u00e1ndole la combinaci\u00f3n m\u00e1s est\u00e9ticamente agradable.<\/p>\n<p>R420r viene en tres modelos diferentes, el M1000 con 10000\u00baK de temperatura de color, M16000 con 16000\u00baK o 15000\u00baK de temperatura de color y el A8000 con 8000\u00baK. R420r se adapta a los requisitos que pueda necesitar tanto para acuarios marinos, de arrecife y\/o de agua dulce.<\/p>\n<p><img loading=\"lazy\" decoding=\"async\" src=\"https:\/\/www.aq-arium.com\/aqmarine\/wp-content\/uploads\/2014\/07\/r420r-1.png\" alt=\"r420r-1\" width=\"900\" height=\"624\" \/><\/p>\n<p><a href=\"https:\/\/www.aq-arium.com\/aqmarine\/wp-content\/uploads\/2014\/07\/r420r-2.jpg\"><img loading=\"lazy\" decoding=\"async\" src=\"https:\/\/www.aq-arium.com\/aqmarine\/wp-content\/uploads\/2014\/07\/r420r-2.jpg\" alt=\"r420r-2\" width=\"826\" height=\"1169\" \/><\/a><\/p>\n<h3>Especificaciones<\/h3>\n<p>Dimensiones del M\u00f3dulo LED (L x A x Al)<br \/>\nR420R &#8211; 300w y 320w 1105mm x 165mm x 25mm<br \/>\nR420R &#8211; 160w y 180w 690mm x 265mm x 25mm<br \/>\nR420R \u2013 120w y 130w 520mm \u00d7 265mm x 25mm<br \/>\nR420R \u2013 60w 220mm \u00d7 265mm x 25mm<\/p>\n<p>Peso<br \/>\nR420R \u2013 160w 2.5 kg<br \/>\nR420R \u2013 120w 2 kg<br \/>\nR420R \u2013 60w 1 kg<\/p>\n<p><iframe loading=\"lazy\" src=\"\/\/www.youtube.com\/embed\/iruDR-fqiCE\" width=\"640\" height=\"380\" frameborder=\"0\" allowfullscreen=\"allowfullscreen\"><\/iframe><\/p>\n<p><a title=\"MaxSpect \u2013 MiniSite\" href=\"https:\/\/www.aq-arium.com\/aqmarine\/maxspect-minisite\/\">Atr\u00e1s<\/a><\/p>\n","protected":false},"excerpt":{"rendered":"<p>El sistema de iluminaci\u00f3n R420r est\u00e1 dise\u00f1ado para proporcionar todos los rangos del espectro de color requeridos por los corales y las plantas para aumentar su tasa de crecimiento, mejorar su coloraci\u00f3n y el del mismo acuario, d\u00e1ndole la combinaci\u00f3n m\u00e1s est\u00e9ticamente agradable. R420r viene en tres modelos diferentes, el M1000 con 10000\u00baK de temperatura [&hellip;]<\/p>\n","protected":false},"author":1,"featured_media":0,"parent":9115,"menu_order":0,"comment_status":"closed","ping_status":"closed","template":"","meta":{"_acf_changed":false,"footnotes":""},"class_list":["post-261","page","type-page","status-publish","hentry"],"acf":[],"yoast_head":"<!-- This site is optimized with the Yoast SEO plugin v23.9 - https:\/\/yoast.com\/wordpress\/plugins\/seo\/ -->\n<title>MaxSpect - R420R - AQ, Aquarium Solutions<\/title>\n<meta name=\"robots\" content=\"index, follow, max-snippet:-1, max-image-preview:large, max-video-preview:-1\" \/>\n<link rel=\"canonical\" href=\"https:\/\/www.aq-arium.com\/aqmarine\/acuario-marino\/maxspect-r420r\/\" \/>\n<meta property=\"og:locale\" content=\"es_ES\" \/>\n<meta property=\"og:type\" content=\"article\" \/>\n<meta property=\"og:title\" content=\"MaxSpect - R420R - AQ, Aquarium Solutions\" \/>\n<meta property=\"og:description\" content=\"El sistema de iluminaci\u00f3n R420r est\u00e1 dise\u00f1ado para proporcionar todos los rangos del espectro de color requeridos por los corales y las plantas para aumentar su tasa de crecimiento, mejorar su coloraci\u00f3n y el del mismo acuario, d\u00e1ndole la combinaci\u00f3n m\u00e1s est\u00e9ticamente agradable. R420r viene en tres modelos diferentes, el M1000 con 10000\u00baK de temperatura [&hellip;]\" \/>\n<meta property=\"og:url\" content=\"https:\/\/www.aq-arium.com\/aqmarine\/acuario-marino\/maxspect-r420r\/\" \/>\n<meta property=\"og:site_name\" content=\"AQ, Aquarium Solutions\" \/>\n<meta property=\"article:publisher\" content=\"https:\/\/www.instagram.com\/aq.arium\/\" \/>\n<meta property=\"article:modified_time\" content=\"2015-05-05T10:29:26+00:00\" \/>\n<meta property=\"og:image\" content=\"https:\/\/www.aq-arium.com\/aqmarine\/wp-content\/uploads\/2014\/07\/29343_Midwester_Aquatics_Maxspect_R420R_120W__10.0_3.jpg\" \/>\n<meta name=\"twitter:card\" content=\"summary_large_image\" \/>\n<meta name=\"twitter:site\" content=\"@AArium56877\" \/>\n<meta name=\"twitter:label1\" content=\"Tiempo de lectura\" \/>\n\t<meta name=\"twitter:data1\" content=\"1 minuto\" \/>\n<script type=\"application\/ld+json\" class=\"yoast-schema-graph\">{\"@context\":\"https:\/\/schema.org\",\"@graph\":[{\"@type\":\"WebPage\",\"@id\":\"https:\/\/www.aq-arium.com\/aqmarine\/acuario-marino\/maxspect-r420r\/\",\"url\":\"https:\/\/www.aq-arium.com\/aqmarine\/acuario-marino\/maxspect-r420r\/\",\"name\":\"MaxSpect - R420R - AQ, Aquarium Solutions\",\"isPartOf\":{\"@id\":\"https:\/\/www.aq-arium.com\/aqmarine\/#website\"},\"primaryImageOfPage\":{\"@id\":\"https:\/\/www.aq-arium.com\/aqmarine\/acuario-marino\/maxspect-r420r\/#primaryimage\"},\"image\":{\"@id\":\"https:\/\/www.aq-arium.com\/aqmarine\/acuario-marino\/maxspect-r420r\/#primaryimage\"},\"thumbnailUrl\":\"https:\/\/www.aq-arium.com\/aqmarine\/wp-content\/uploads\/2014\/07\/29343_Midwester_Aquatics_Maxspect_R420R_120W__10.0_3.jpg\",\"datePublished\":\"2014-07-23T07:40:24+00:00\",\"dateModified\":\"2015-05-05T10:29:26+00:00\",\"breadcrumb\":{\"@id\":\"https:\/\/www.aq-arium.com\/aqmarine\/acuario-marino\/maxspect-r420r\/#breadcrumb\"},\"inLanguage\":\"es-ES\",\"potentialAction\":[{\"@type\":\"ReadAction\",\"target\":[\"https:\/\/www.aq-arium.com\/aqmarine\/acuario-marino\/maxspect-r420r\/\"]}]},{\"@type\":\"ImageObject\",\"inLanguage\":\"es-ES\",\"@id\":\"https:\/\/www.aq-arium.com\/aqmarine\/acuario-marino\/maxspect-r420r\/#primaryimage\",\"url\":\"https:\/\/www.aq-arium.com\/aqmarine\/wp-content\/uploads\/2014\/07\/29343_Midwester_Aquatics_Maxspect_R420R_120W__10.0_3.jpg\",\"contentUrl\":\"https:\/\/www.aq-arium.com\/aqmarine\/wp-content\/uploads\/2014\/07\/29343_Midwester_Aquatics_Maxspect_R420R_120W__10.0_3.jpg\"},{\"@type\":\"BreadcrumbList\",\"@id\":\"https:\/\/www.aq-arium.com\/aqmarine\/acuario-marino\/maxspect-r420r\/#breadcrumb\",\"itemListElement\":[{\"@type\":\"ListItem\",\"position\":1,\"name\":\"Portada\",\"item\":\"https:\/\/www.aq-arium.com\/aqmarine\/\"},{\"@type\":\"ListItem\",\"position\":2,\"name\":\"ACUARIO MARINO\",\"item\":\"https:\/\/www.aq-arium.com\/aqmarine\/acuario-marino\/\"},{\"@type\":\"ListItem\",\"position\":3,\"name\":\"MaxSpect &#8211; R420R\"}]},{\"@type\":\"WebSite\",\"@id\":\"https:\/\/www.aq-arium.com\/aqmarine\/#website\",\"url\":\"https:\/\/www.aq-arium.com\/aqmarine\/\",\"name\":\"AQ, Aquarium Solutions\",\"description\":\"Productos para Acuario Marino y Dulce\",\"publisher\":{\"@id\":\"https:\/\/www.aq-arium.com\/aqmarine\/#organization\"},\"potentialAction\":[{\"@type\":\"SearchAction\",\"target\":{\"@type\":\"EntryPoint\",\"urlTemplate\":\"https:\/\/www.aq-arium.com\/aqmarine\/?s={search_term_string}\"},\"query-input\":{\"@type\":\"PropertyValueSpecification\",\"valueRequired\":true,\"valueName\":\"search_term_string\"}}],\"inLanguage\":\"es-ES\"},{\"@type\":\"Organization\",\"@id\":\"https:\/\/www.aq-arium.com\/aqmarine\/#organization\",\"name\":\"AQ-arium Solutions\",\"url\":\"https:\/\/www.aq-arium.com\/aqmarine\/\",\"logo\":{\"@type\":\"ImageObject\",\"inLanguage\":\"es-ES\",\"@id\":\"https:\/\/www.aq-arium.com\/aqmarine\/#\/schema\/logo\/image\/\",\"url\":\"https:\/\/www.aq-arium.com\/aqmarine\/wp-content\/uploads\/2021\/08\/AQ-arium-Solutions-logo-100x47px-1.png\",\"contentUrl\":\"https:\/\/www.aq-arium.com\/aqmarine\/wp-content\/uploads\/2021\/08\/AQ-arium-Solutions-logo-100x47px-1.png\",\"width\":100,\"height\":47,\"caption\":\"AQ-arium Solutions\"},\"image\":{\"@id\":\"https:\/\/www.aq-arium.com\/aqmarine\/#\/schema\/logo\/image\/\"},\"sameAs\":[\"https:\/\/www.instagram.com\/aq.arium\/\",\"https:\/\/x.com\/AArium56877\"]}]}<\/script>\n<!-- \/ Yoast SEO plugin. -->","yoast_head_json":{"title":"MaxSpect - R420R - AQ, Aquarium Solutions","robots":{"index":"index","follow":"follow","max-snippet":"max-snippet:-1","max-image-preview":"max-image-preview:large","max-video-preview":"max-video-preview:-1"},"canonical":"https:\/\/www.aq-arium.com\/aqmarine\/acuario-marino\/maxspect-r420r\/","og_locale":"es_ES","og_type":"article","og_title":"MaxSpect - R420R - AQ, Aquarium Solutions","og_description":"El sistema de iluminaci\u00f3n R420r est\u00e1 dise\u00f1ado para proporcionar todos los rangos del espectro de color requeridos por los corales y las plantas para aumentar su tasa de crecimiento, mejorar su coloraci\u00f3n y el del mismo acuario, d\u00e1ndole la combinaci\u00f3n m\u00e1s est\u00e9ticamente agradable. R420r viene en tres modelos diferentes, el M1000 con 10000\u00baK de temperatura [&hellip;]","og_url":"https:\/\/www.aq-arium.com\/aqmarine\/acuario-marino\/maxspect-r420r\/","og_site_name":"AQ, Aquarium Solutions","article_publisher":"https:\/\/www.instagram.com\/aq.arium\/","article_modified_time":"2015-05-05T10:29:26+00:00","og_image":[{"url":"https:\/\/www.aq-arium.com\/aqmarine\/wp-content\/uploads\/2014\/07\/29343_Midwester_Aquatics_Maxspect_R420R_120W__10.0_3.jpg"}],"twitter_card":"summary_large_image","twitter_site":"@AArium56877","twitter_misc":{"Tiempo de lectura":"1 minuto"},"schema":{"@context":"https:\/\/schema.org","@graph":[{"@type":"WebPage","@id":"https:\/\/www.aq-arium.com\/aqmarine\/acuario-marino\/maxspect-r420r\/","url":"https:\/\/www.aq-arium.com\/aqmarine\/acuario-marino\/maxspect-r420r\/","name":"MaxSpect - R420R - AQ, Aquarium Solutions","isPartOf":{"@id":"https:\/\/www.aq-arium.com\/aqmarine\/#website"},"primaryImageOfPage":{"@id":"https:\/\/www.aq-arium.com\/aqmarine\/acuario-marino\/maxspect-r420r\/#primaryimage"},"image":{"@id":"https:\/\/www.aq-arium.com\/aqmarine\/acuario-marino\/maxspect-r420r\/#primaryimage"},"thumbnailUrl":"https:\/\/www.aq-arium.com\/aqmarine\/wp-content\/uploads\/2014\/07\/29343_Midwester_Aquatics_Maxspect_R420R_120W__10.0_3.jpg","datePublished":"2014-07-23T07:40:24+00:00","dateModified":"2015-05-05T10:29:26+00:00","breadcrumb":{"@id":"https:\/\/www.aq-arium.com\/aqmarine\/acuario-marino\/maxspect-r420r\/#breadcrumb"},"inLanguage":"es-ES","potentialAction":[{"@type":"ReadAction","target":["https:\/\/www.aq-arium.com\/aqmarine\/acuario-marino\/maxspect-r420r\/"]}]},{"@type":"ImageObject","inLanguage":"es-ES","@id":"https:\/\/www.aq-arium.com\/aqmarine\/acuario-marino\/maxspect-r420r\/#primaryimage","url":"https:\/\/www.aq-arium.com\/aqmarine\/wp-content\/uploads\/2014\/07\/29343_Midwester_Aquatics_Maxspect_R420R_120W__10.0_3.jpg","contentUrl":"https:\/\/www.aq-arium.com\/aqmarine\/wp-content\/uploads\/2014\/07\/29343_Midwester_Aquatics_Maxspect_R420R_120W__10.0_3.jpg"},{"@type":"BreadcrumbList","@id":"https:\/\/www.aq-arium.com\/aqmarine\/acuario-marino\/maxspect-r420r\/#breadcrumb","itemListElement":[{"@type":"ListItem","position":1,"name":"Portada","item":"https:\/\/www.aq-arium.com\/aqmarine\/"},{"@type":"ListItem","position":2,"name":"ACUARIO MARINO","item":"https:\/\/www.aq-arium.com\/aqmarine\/acuario-marino\/"},{"@type":"ListItem","position":3,"name":"MaxSpect &#8211; R420R"}]},{"@type":"WebSite","@id":"https:\/\/www.aq-arium.com\/aqmarine\/#website","url":"https:\/\/www.aq-arium.com\/aqmarine\/","name":"AQ, Aquarium Solutions","description":"Productos para Acuario Marino y Dulce","publisher":{"@id":"https:\/\/www.aq-arium.com\/aqmarine\/#organization"},"potentialAction":[{"@type":"SearchAction","target":{"@type":"EntryPoint","urlTemplate":"https:\/\/www.aq-arium.com\/aqmarine\/?s={search_term_string}"},"query-input":{"@type":"PropertyValueSpecification","valueRequired":true,"valueName":"search_term_string"}}],"inLanguage":"es-ES"},{"@type":"Organization","@id":"https:\/\/www.aq-arium.com\/aqmarine\/#organization","name":"AQ-arium Solutions","url":"https:\/\/www.aq-arium.com\/aqmarine\/","logo":{"@type":"ImageObject","inLanguage":"es-ES","@id":"https:\/\/www.aq-arium.com\/aqmarine\/#\/schema\/logo\/image\/","url":"https:\/\/www.aq-arium.com\/aqmarine\/wp-content\/uploads\/2021\/08\/AQ-arium-Solutions-logo-100x47px-1.png","contentUrl":"https:\/\/www.aq-arium.com\/aqmarine\/wp-content\/uploads\/2021\/08\/AQ-arium-Solutions-logo-100x47px-1.png","width":100,"height":47,"caption":"AQ-arium Solutions"},"image":{"@id":"https:\/\/www.aq-arium.com\/aqmarine\/#\/schema\/logo\/image\/"},"sameAs":["https:\/\/www.instagram.com\/aq.arium\/","https:\/\/x.com\/AArium56877"]}]}},"jetpack_sharing_enabled":true,"_links":{"self":[{"href":"https:\/\/www.aq-arium.com\/aqmarine\/wp-json\/wp\/v2\/pages\/261","targetHints":{"allow":["GET"]}}],"collection":[{"href":"https:\/\/www.aq-arium.com\/aqmarine\/wp-json\/wp\/v2\/pages"}],"about":[{"href":"https:\/\/www.aq-arium.com\/aqmarine\/wp-json\/wp\/v2\/types\/page"}],"author":[{"embeddable":true,"href":"https:\/\/www.aq-arium.com\/aqmarine\/wp-json\/wp\/v2\/users\/1"}],"replies":[{"embeddable":true,"href":"https:\/\/www.aq-arium.com\/aqmarine\/wp-json\/wp\/v2\/comments?post=261"}],"version-history":[{"count":0,"href":"https:\/\/www.aq-arium.com\/aqmarine\/wp-json\/wp\/v2\/pages\/261\/revisions"}],"up":[{"embeddable":true,"href":"https:\/\/www.aq-arium.com\/aqmarine\/wp-json\/wp\/v2\/pages\/9115"}],"wp:attachment":[{"href":"https:\/\/www.aq-arium.com\/aqmarine\/wp-json\/wp\/v2\/media?parent=261"}],"curies":[{"name":"wp","href":"https:\/\/api.w.org\/{rel}","templated":true}]}}