{"id":25191,"date":"2022-04-18T10:59:59","date_gmt":"2022-04-18T09:59:59","guid":{"rendered":"https:\/\/www.aq-arium.com\/aqmarine\/?page_id=25191"},"modified":"2023-05-04T08:44:21","modified_gmt":"2023-05-04T07:44:21","slug":"or3-blue-sky","status":"publish","type":"page","link":"https:\/\/www.aq-arium.com\/aqmarine\/orphek-reef-aquarium-iluminacion-led\/or3-blue-sky\/","title":{"rendered":"OR3 BLUE SKY | Orphek"},"content":{"rendered":"\t\t<div data-elementor-type=\"wp-page\" data-elementor-id=\"25191\" class=\"elementor elementor-25191\" data-elementor-settings=\"[]\">\n\t\t\t\t\t\t<div class=\"elementor-inner\">\n\t\t\t\t\t\t\t<div class=\"elementor-section-wrap\">\n\t\t\t\t\t\t\t<section class=\"elementor-section elementor-top-section elementor-element elementor-element-b678c32 elementor-section-boxed elementor-section-height-default elementor-section-height-default\" data-id=\"b678c32\" data-element_type=\"section\">\n\t\t\t\t\t\t<div class=\"elementor-container elementor-column-gap-default\">\n\t\t\t\t\t\t\t<div class=\"elementor-row\">\n\t\t\t\t\t<div class=\"elementor-column elementor-col-100 elementor-top-column elementor-element elementor-element-c3f815f\" data-id=\"c3f815f\" data-element_type=\"column\">\n\t\t\t<div class=\"elementor-column-wrap elementor-element-populated\">\n\t\t\t\t\t\t\t<div class=\"elementor-widget-wrap\">\n\t\t\t\t\t\t<div class=\"elementor-element elementor-element-ed0b082 elementor-widget elementor-widget-button\" data-id=\"ed0b082\" data-element_type=\"widget\" data-widget_type=\"button.default\">\n\t\t\t\t<div class=\"elementor-widget-container\">\n\t\t\t\t\t<div class=\"elementor-button-wrapper\">\n\t\t\t<a href=\"https:\/\/www.aq-arium.com\/aqmarine\/orphek-reef-aquarium-iluminacion-led\/\" class=\"elementor-button-link elementor-button elementor-size-sm\" role=\"button\">\n\t\t\t\t\t\t<span class=\"elementor-button-content-wrapper\">\n\t\t\t\t\t\t<span class=\"elementor-button-icon elementor-align-icon-left\">\n\t\t\t\t<i aria-hidden=\"true\" class=\"far fa-arrow-alt-circle-left\"><\/i>\t\t\t<\/span>\n\t\t\t\t\t\t<span class=\"elementor-button-text\">Volver a la p\u00e1gina principal de Orphek<\/span>\n\t\t<\/span>\n\t\t\t\t\t<\/a>\n\t\t<\/div>\n\t\t\t\t<\/div>\n\t\t\t\t<\/div>\n\t\t\t\t<div class=\"elementor-element elementor-element-93fbe5b elementor-widget elementor-widget-image\" data-id=\"93fbe5b\" data-element_type=\"widget\" data-widget_type=\"image.default\">\n\t\t\t\t<div class=\"elementor-widget-container\">\n\t\t\t\t\t<div class=\"elementor-image\">\n\t\t\t\t\t\t\t\t\t\t<img loading=\"lazy\" decoding=\"async\" width=\"150\" height=\"150\" src=\"https:\/\/www.aq-arium.com\/aqmarine\/wp-content\/uploads\/2022\/02\/orphek.png\" class=\"attachment-full size-full\" alt=\"\" srcset=\"https:\/\/www.aq-arium.com\/aqmarine\/wp-content\/uploads\/2022\/02\/orphek.png 150w, https:\/\/www.aq-arium.com\/aqmarine\/wp-content\/uploads\/2022\/02\/orphek-100x100.png 100w\" sizes=\"auto, (max-width: 150px) 100vw, 150px\" \/>\t\t\t\t\t\t\t\t\t\t\t<\/div>\n\t\t\t\t<\/div>\n\t\t\t\t<\/div>\n\t\t\t\t\t\t<\/div>\n\t\t\t\t\t<\/div>\n\t\t<\/div>\n\t\t\t\t\t\t\t\t<\/div>\n\t\t\t\t\t<\/div>\n\t\t<\/section>\n\t\t\t\t<section class=\"elementor-section elementor-top-section elementor-element elementor-element-df59e26 elementor-section-boxed elementor-section-height-default elementor-section-height-default\" data-id=\"df59e26\" data-element_type=\"section\">\n\t\t\t\t\t\t<div class=\"elementor-container elementor-column-gap-default\">\n\t\t\t\t\t\t\t<div class=\"elementor-row\">\n\t\t\t\t\t<div class=\"elementor-column elementor-col-100 elementor-top-column elementor-element elementor-element-ab5e0df\" data-id=\"ab5e0df\" data-element_type=\"column\">\n\t\t\t<div class=\"elementor-column-wrap elementor-element-populated\">\n\t\t\t\t\t\t\t<div class=\"elementor-widget-wrap\">\n\t\t\t\t\t\t<div class=\"elementor-element elementor-element-c9cf11d elementor-widget elementor-widget-text-editor\" data-id=\"c9cf11d\" data-element_type=\"widget\" data-widget_type=\"text-editor.default\">\n\t\t\t\t<div class=\"elementor-widget-container\">\n\t\t\t\t\t<div class=\"elementor-text-editor elementor-clearfix\"><h2 class=\"entry-title\">OR3\u00a0<strong>BLUE SKY<\/strong><\/h2><h6>Azul \/ Cian 450-470nm \u201cPop\u201d coral fluorescente extra ancho para SPS \/ LPS \/ Soft.<\/h6><h6>Modelos disponibles: <strong>60\/90\/120\/150<\/strong><\/h6><\/div>\n\t\t\t\t<\/div>\n\t\t\t\t<\/div>\n\t\t\t\t\t\t<\/div>\n\t\t\t\t\t<\/div>\n\t\t<\/div>\n\t\t\t\t\t\t\t\t<\/div>\n\t\t\t\t\t<\/div>\n\t\t<\/section>\n\t\t\t\t<section class=\"elementor-section elementor-top-section elementor-element elementor-element-f753132 elementor-section-boxed elementor-section-height-default elementor-section-height-default\" data-id=\"f753132\" data-element_type=\"section\">\n\t\t\t\t\t\t<div class=\"elementor-container elementor-column-gap-default\">\n\t\t\t\t\t\t\t<div class=\"elementor-row\">\n\t\t\t\t\t<div class=\"elementor-column elementor-col-100 elementor-top-column elementor-element elementor-element-7d46089\" data-id=\"7d46089\" data-element_type=\"column\">\n\t\t\t<div class=\"elementor-column-wrap elementor-element-populated\">\n\t\t\t\t\t\t\t<div class=\"elementor-widget-wrap\">\n\t\t\t\t\t\t<div class=\"elementor-element elementor-element-5015d7d elementor-widget elementor-widget-image\" data-id=\"5015d7d\" data-element_type=\"widget\" data-widget_type=\"image.default\">\n\t\t\t\t<div class=\"elementor-widget-container\">\n\t\t\t\t\t<div class=\"elementor-image\">\n\t\t\t\t\t\t\t\t\t\t<img loading=\"lazy\" decoding=\"async\" width=\"1024\" height=\"678\" src=\"https:\/\/www.aq-arium.com\/aqmarine\/wp-content\/uploads\/2021\/10\/Orphek-OR3-Sky-Blue-Photos-1-1600x1060-1-1024x678.png\" class=\"attachment-large size-large\" alt=\"\" srcset=\"https:\/\/www.aq-arium.com\/aqmarine\/wp-content\/uploads\/2021\/10\/Orphek-OR3-Sky-Blue-Photos-1-1600x1060-1-1024x678.png 1024w, https:\/\/www.aq-arium.com\/aqmarine\/wp-content\/uploads\/2021\/10\/Orphek-OR3-Sky-Blue-Photos-1-1600x1060-1-300x199.png 300w, https:\/\/www.aq-arium.com\/aqmarine\/wp-content\/uploads\/2021\/10\/Orphek-OR3-Sky-Blue-Photos-1-1600x1060-1-768x509.png 768w, https:\/\/www.aq-arium.com\/aqmarine\/wp-content\/uploads\/2021\/10\/Orphek-OR3-Sky-Blue-Photos-1-1600x1060-1-1536x1018.png 1536w, https:\/\/www.aq-arium.com\/aqmarine\/wp-content\/uploads\/2021\/10\/Orphek-OR3-Sky-Blue-Photos-1-1600x1060-1-600x398.png 600w, https:\/\/www.aq-arium.com\/aqmarine\/wp-content\/uploads\/2021\/10\/Orphek-OR3-Sky-Blue-Photos-1-1600x1060-1.png 1600w\" sizes=\"auto, (max-width: 1024px) 100vw, 1024px\" \/>\t\t\t\t\t\t\t\t\t\t\t<\/div>\n\t\t\t\t<\/div>\n\t\t\t\t<\/div>\n\t\t\t\t\t\t<\/div>\n\t\t\t\t\t<\/div>\n\t\t<\/div>\n\t\t\t\t\t\t\t\t<\/div>\n\t\t\t\t\t<\/div>\n\t\t<\/section>\n\t\t\t\t<section class=\"elementor-section elementor-top-section elementor-element elementor-element-211b9df elementor-section-boxed elementor-section-height-default elementor-section-height-default\" data-id=\"211b9df\" data-element_type=\"section\">\n\t\t\t\t\t\t<div class=\"elementor-container elementor-column-gap-default\">\n\t\t\t\t\t\t\t<div class=\"elementor-row\">\n\t\t\t\t\t<div class=\"elementor-column elementor-col-50 elementor-top-column elementor-element elementor-element-1be1b6d\" data-id=\"1be1b6d\" data-element_type=\"column\">\n\t\t\t<div class=\"elementor-column-wrap elementor-element-populated\">\n\t\t\t\t\t\t\t<div class=\"elementor-widget-wrap\">\n\t\t\t\t\t\t<div class=\"elementor-element elementor-element-a135579 elementor-widget elementor-widget-text-editor\" data-id=\"a135579\" data-element_type=\"widget\" data-widget_type=\"text-editor.default\">\n\t\t\t\t<div class=\"elementor-widget-container\">\n\t\t\t\t\t<div class=\"elementor-text-editor elementor-clearfix\"><h6 class=\"gt-block\">Blue Sky &#8216;es una mezcla de dos LED con cualidades espectrales claramente diferentes 450nm-470nm Estas longitudes de onda son importantes en la fotos\u00edntesis de las zooxantelas: clorofilas\u00a0<em>a<\/em>\u00a0y\u00a0<em>c<sub>2<\/sub><\/em>\u00a0utilizan azul, mientras que el pigmento accesorio peridinina absorbe la luz verde hasta aproximadamente 450 nm. Estas longitudes de onda tambi\u00e9n est\u00e1n lejos de la absorci\u00f3n protectora de xantofilas, una ventaja fotosint\u00e9ticamente hablando &#8220;.<\/h6><h6 class=\"gt-block\"><strong>El beta-caroteno<\/strong>\u00a0470 nm es un fotopigmento que se encuentra al menos en algunas zooxantelas. Tambi\u00e9n act\u00faa como agente antioxidante protector.<\/h6><\/div>\n\t\t\t\t<\/div>\n\t\t\t\t<\/div>\n\t\t\t\t\t\t<\/div>\n\t\t\t\t\t<\/div>\n\t\t<\/div>\n\t\t\t\t<div class=\"elementor-column elementor-col-50 elementor-top-column elementor-element elementor-element-7408367\" data-id=\"7408367\" data-element_type=\"column\">\n\t\t\t<div class=\"elementor-column-wrap elementor-element-populated\">\n\t\t\t\t\t\t\t<div class=\"elementor-widget-wrap\">\n\t\t\t\t\t\t<div class=\"elementor-element elementor-element-adca32f elementor-widget elementor-widget-image\" data-id=\"adca32f\" data-element_type=\"widget\" data-widget_type=\"image.default\">\n\t\t\t\t<div class=\"elementor-widget-container\">\n\t\t\t\t\t<div class=\"elementor-image\">\n\t\t\t\t\t\t\t\t\t\t<img loading=\"lazy\" decoding=\"async\" width=\"1600\" height=\"694\" src=\"https:\/\/www.aq-arium.com\/aqmarine\/wp-content\/uploads\/2022\/04\/OR3-150-120-90-60-Sky-Blue-LED-ratio-map-20210327-1600x694-1.jpg\" class=\"attachment-full size-full\" alt=\"\" srcset=\"https:\/\/www.aq-arium.com\/aqmarine\/wp-content\/uploads\/2022\/04\/OR3-150-120-90-60-Sky-Blue-LED-ratio-map-20210327-1600x694-1.jpg 1600w, https:\/\/www.aq-arium.com\/aqmarine\/wp-content\/uploads\/2022\/04\/OR3-150-120-90-60-Sky-Blue-LED-ratio-map-20210327-1600x694-1-300x130.jpg 300w, https:\/\/www.aq-arium.com\/aqmarine\/wp-content\/uploads\/2022\/04\/OR3-150-120-90-60-Sky-Blue-LED-ratio-map-20210327-1600x694-1-1024x444.jpg 1024w, https:\/\/www.aq-arium.com\/aqmarine\/wp-content\/uploads\/2022\/04\/OR3-150-120-90-60-Sky-Blue-LED-ratio-map-20210327-1600x694-1-768x333.jpg 768w, https:\/\/www.aq-arium.com\/aqmarine\/wp-content\/uploads\/2022\/04\/OR3-150-120-90-60-Sky-Blue-LED-ratio-map-20210327-1600x694-1-1536x666.jpg 1536w, https:\/\/www.aq-arium.com\/aqmarine\/wp-content\/uploads\/2022\/04\/OR3-150-120-90-60-Sky-Blue-LED-ratio-map-20210327-1600x694-1-600x260.jpg 600w\" sizes=\"auto, (max-width: 1600px) 100vw, 1600px\" \/>\t\t\t\t\t\t\t\t\t\t\t<\/div>\n\t\t\t\t<\/div>\n\t\t\t\t<\/div>\n\t\t\t\t\t\t<\/div>\n\t\t\t\t\t<\/div>\n\t\t<\/div>\n\t\t\t\t\t\t\t\t<\/div>\n\t\t\t\t\t<\/div>\n\t\t<\/section>\n\t\t\t\t<section class=\"elementor-section elementor-top-section elementor-element elementor-element-7a6c23d elementor-section-boxed elementor-section-height-default elementor-section-height-default\" data-id=\"7a6c23d\" data-element_type=\"section\">\n\t\t\t\t\t\t<div class=\"elementor-container elementor-column-gap-default\">\n\t\t\t\t\t\t\t<div class=\"elementor-row\">\n\t\t\t\t\t<div class=\"elementor-column elementor-col-100 elementor-top-column elementor-element elementor-element-da25241\" data-id=\"da25241\" data-element_type=\"column\">\n\t\t\t<div class=\"elementor-column-wrap elementor-element-populated\">\n\t\t\t\t\t\t\t<div class=\"elementor-widget-wrap\">\n\t\t\t\t\t\t<div class=\"elementor-element elementor-element-e14dd7e elementor-widget elementor-widget-image\" data-id=\"e14dd7e\" data-element_type=\"widget\" data-widget_type=\"image.default\">\n\t\t\t\t<div class=\"elementor-widget-container\">\n\t\t\t\t\t<div class=\"elementor-image\">\n\t\t\t\t\t\t\t\t\t\t<img loading=\"lazy\" decoding=\"async\" width=\"763\" height=\"557\" src=\"https:\/\/www.aq-arium.com\/aqmarine\/wp-content\/uploads\/2022\/04\/Orphek-OR3-LED-Blue-Sky.jpg\" class=\"attachment-full size-full\" alt=\"\" srcset=\"https:\/\/www.aq-arium.com\/aqmarine\/wp-content\/uploads\/2022\/04\/Orphek-OR3-LED-Blue-Sky.jpg 763w, https:\/\/www.aq-arium.com\/aqmarine\/wp-content\/uploads\/2022\/04\/Orphek-OR3-LED-Blue-Sky-300x219.jpg 300w, https:\/\/www.aq-arium.com\/aqmarine\/wp-content\/uploads\/2022\/04\/Orphek-OR3-LED-Blue-Sky-600x438.jpg 600w\" sizes=\"auto, (max-width: 763px) 100vw, 763px\" \/>\t\t\t\t\t\t\t\t\t\t\t<\/div>\n\t\t\t\t<\/div>\n\t\t\t\t<\/div>\n\t\t\t\t\t\t<\/div>\n\t\t\t\t\t<\/div>\n\t\t<\/div>\n\t\t\t\t\t\t\t\t<\/div>\n\t\t\t\t\t<\/div>\n\t\t<\/section>\n\t\t\t\t\t\t<\/div>\n\t\t\t\t\t\t<\/div>\n\t\t\t\t\t<\/div>\n\t\t","protected":false},"excerpt":{"rendered":"<p>Volver a la p\u00e1gina principal de Orphek OR3\u00a0BLUE SKY Azul \/ Cian 450-470nm \u201cPop\u201d coral fluorescente extra ancho para SPS \/ LPS \/ Soft. Modelos disponibles: 60\/90\/120\/150 Blue Sky &#8216;es una mezcla de dos LED con cualidades espectrales claramente diferentes 450nm-470nm Estas longitudes de onda son importantes en la fotos\u00edntesis de las zooxantelas: clorofilas\u00a0a\u00a0y\u00a0c2\u00a0utilizan azul, [&hellip;]<\/p>\n","protected":false},"author":1,"featured_media":21579,"parent":21569,"menu_order":0,"comment_status":"closed","ping_status":"closed","template":"elementor_header_footer","meta":{"_acf_changed":false,"footnotes":""},"class_list":["post-25191","page","type-page","status-publish","has-post-thumbnail","hentry"],"acf":[],"yoast_head":"<!-- This site is optimized with the Yoast SEO plugin v23.9 - https:\/\/yoast.com\/wordpress\/plugins\/seo\/ -->\n<title>OR3 BLUE SKY | Orphek - AQ, Aquarium Solutions<\/title>\n<meta name=\"description\" content=\"Barra de luz LED para acuario de arrecife con doble n\u00facleo led de 5 vatios. Blue Sky \u2018es una mezcla de dos LED ...\" \/>\n<meta name=\"robots\" content=\"index, follow, max-snippet:-1, max-image-preview:large, max-video-preview:-1\" \/>\n<link rel=\"canonical\" href=\"https:\/\/www.aq-arium.com\/aqmarine\/orphek-reef-aquarium-iluminacion-led\/or3-blue-sky\/\" \/>\n<meta property=\"og:locale\" content=\"es_ES\" \/>\n<meta property=\"og:type\" content=\"article\" \/>\n<meta property=\"og:title\" content=\"OR3 BLUE SKY | Orphek - AQ, Aquarium Solutions\" \/>\n<meta property=\"og:description\" content=\"Barra de luz LED para acuario de arrecife con doble n\u00facleo led de 5 vatios. Blue Sky \u2018es una mezcla de dos LED ...\" \/>\n<meta property=\"og:url\" content=\"https:\/\/www.aq-arium.com\/aqmarine\/orphek-reef-aquarium-iluminacion-led\/or3-blue-sky\/\" \/>\n<meta property=\"og:site_name\" content=\"AQ, Aquarium Solutions\" \/>\n<meta property=\"article:publisher\" content=\"https:\/\/www.instagram.com\/aq.arium\/\" \/>\n<meta property=\"article:modified_time\" content=\"2023-05-04T07:44:21+00:00\" \/>\n<meta property=\"og:image\" content=\"https:\/\/www.aq-arium.com\/aqmarine\/wp-content\/uploads\/2021\/10\/Orphek-OR3-Sky-Blue-Photos-1-1600x1060-1.png\" \/>\n\t<meta property=\"og:image:width\" content=\"1600\" \/>\n\t<meta property=\"og:image:height\" content=\"1060\" \/>\n\t<meta property=\"og:image:type\" content=\"image\/png\" \/>\n<meta name=\"twitter:card\" content=\"summary_large_image\" \/>\n<meta name=\"twitter:site\" content=\"@AArium56877\" \/>\n<meta name=\"twitter:label1\" content=\"Tiempo de lectura\" \/>\n\t<meta name=\"twitter:data1\" content=\"2 minutos\" \/>\n<script type=\"application\/ld+json\" class=\"yoast-schema-graph\">{\"@context\":\"https:\/\/schema.org\",\"@graph\":[{\"@type\":\"WebPage\",\"@id\":\"https:\/\/www.aq-arium.com\/aqmarine\/orphek-reef-aquarium-iluminacion-led\/or3-blue-sky\/\",\"url\":\"https:\/\/www.aq-arium.com\/aqmarine\/orphek-reef-aquarium-iluminacion-led\/or3-blue-sky\/\",\"name\":\"OR3 BLUE SKY | Orphek - AQ, Aquarium Solutions\",\"isPartOf\":{\"@id\":\"https:\/\/www.aq-arium.com\/aqmarine\/#website\"},\"primaryImageOfPage\":{\"@id\":\"https:\/\/www.aq-arium.com\/aqmarine\/orphek-reef-aquarium-iluminacion-led\/or3-blue-sky\/#primaryimage\"},\"image\":{\"@id\":\"https:\/\/www.aq-arium.com\/aqmarine\/orphek-reef-aquarium-iluminacion-led\/or3-blue-sky\/#primaryimage\"},\"thumbnailUrl\":\"https:\/\/www.aq-arium.com\/aqmarine\/wp-content\/uploads\/2021\/10\/Orphek-OR3-Sky-Blue-Photos-1-1600x1060-1.png\",\"datePublished\":\"2022-04-18T09:59:59+00:00\",\"dateModified\":\"2023-05-04T07:44:21+00:00\",\"description\":\"Barra de luz LED para acuario de arrecife con doble n\u00facleo led de 5 vatios. Blue Sky \u2018es una mezcla de dos LED ...\",\"breadcrumb\":{\"@id\":\"https:\/\/www.aq-arium.com\/aqmarine\/orphek-reef-aquarium-iluminacion-led\/or3-blue-sky\/#breadcrumb\"},\"inLanguage\":\"es-ES\",\"potentialAction\":[{\"@type\":\"ReadAction\",\"target\":[\"https:\/\/www.aq-arium.com\/aqmarine\/orphek-reef-aquarium-iluminacion-led\/or3-blue-sky\/\"]}]},{\"@type\":\"ImageObject\",\"inLanguage\":\"es-ES\",\"@id\":\"https:\/\/www.aq-arium.com\/aqmarine\/orphek-reef-aquarium-iluminacion-led\/or3-blue-sky\/#primaryimage\",\"url\":\"https:\/\/www.aq-arium.com\/aqmarine\/wp-content\/uploads\/2021\/10\/Orphek-OR3-Sky-Blue-Photos-1-1600x1060-1.png\",\"contentUrl\":\"https:\/\/www.aq-arium.com\/aqmarine\/wp-content\/uploads\/2021\/10\/Orphek-OR3-Sky-Blue-Photos-1-1600x1060-1.png\",\"width\":1600,\"height\":1060},{\"@type\":\"BreadcrumbList\",\"@id\":\"https:\/\/www.aq-arium.com\/aqmarine\/orphek-reef-aquarium-iluminacion-led\/or3-blue-sky\/#breadcrumb\",\"itemListElement\":[{\"@type\":\"ListItem\",\"position\":1,\"name\":\"Portada\",\"item\":\"https:\/\/www.aq-arium.com\/aqmarine\/\"},{\"@type\":\"ListItem\",\"position\":2,\"name\":\"Orphek Reef Aquarium | Iluminaci\u00f3n LED\",\"item\":\"https:\/\/www.aq-arium.com\/aqmarine\/orphek-reef-aquarium-iluminacion-led\/\"},{\"@type\":\"ListItem\",\"position\":3,\"name\":\"OR3 BLUE SKY | Orphek\"}]},{\"@type\":\"WebSite\",\"@id\":\"https:\/\/www.aq-arium.com\/aqmarine\/#website\",\"url\":\"https:\/\/www.aq-arium.com\/aqmarine\/\",\"name\":\"AQ, Aquarium Solutions\",\"description\":\"Productos para Acuario Marino y Dulce\",\"publisher\":{\"@id\":\"https:\/\/www.aq-arium.com\/aqmarine\/#organization\"},\"potentialAction\":[{\"@type\":\"SearchAction\",\"target\":{\"@type\":\"EntryPoint\",\"urlTemplate\":\"https:\/\/www.aq-arium.com\/aqmarine\/?s={search_term_string}\"},\"query-input\":{\"@type\":\"PropertyValueSpecification\",\"valueRequired\":true,\"valueName\":\"search_term_string\"}}],\"inLanguage\":\"es-ES\"},{\"@type\":\"Organization\",\"@id\":\"https:\/\/www.aq-arium.com\/aqmarine\/#organization\",\"name\":\"AQ-arium Solutions\",\"url\":\"https:\/\/www.aq-arium.com\/aqmarine\/\",\"logo\":{\"@type\":\"ImageObject\",\"inLanguage\":\"es-ES\",\"@id\":\"https:\/\/www.aq-arium.com\/aqmarine\/#\/schema\/logo\/image\/\",\"url\":\"https:\/\/www.aq-arium.com\/aqmarine\/wp-content\/uploads\/2021\/08\/AQ-arium-Solutions-logo-100x47px-1.png\",\"contentUrl\":\"https:\/\/www.aq-arium.com\/aqmarine\/wp-content\/uploads\/2021\/08\/AQ-arium-Solutions-logo-100x47px-1.png\",\"width\":100,\"height\":47,\"caption\":\"AQ-arium Solutions\"},\"image\":{\"@id\":\"https:\/\/www.aq-arium.com\/aqmarine\/#\/schema\/logo\/image\/\"},\"sameAs\":[\"https:\/\/www.instagram.com\/aq.arium\/\",\"https:\/\/x.com\/AArium56877\"]}]}<\/script>\n<!-- \/ Yoast SEO plugin. -->","yoast_head_json":{"title":"OR3 BLUE SKY | Orphek - AQ, Aquarium Solutions","description":"Barra de luz LED para acuario de arrecife con doble n\u00facleo led de 5 vatios. Blue Sky \u2018es una mezcla de dos LED ...","robots":{"index":"index","follow":"follow","max-snippet":"max-snippet:-1","max-image-preview":"max-image-preview:large","max-video-preview":"max-video-preview:-1"},"canonical":"https:\/\/www.aq-arium.com\/aqmarine\/orphek-reef-aquarium-iluminacion-led\/or3-blue-sky\/","og_locale":"es_ES","og_type":"article","og_title":"OR3 BLUE SKY | Orphek - AQ, Aquarium Solutions","og_description":"Barra de luz LED para acuario de arrecife con doble n\u00facleo led de 5 vatios. Blue Sky \u2018es una mezcla de dos LED ...","og_url":"https:\/\/www.aq-arium.com\/aqmarine\/orphek-reef-aquarium-iluminacion-led\/or3-blue-sky\/","og_site_name":"AQ, Aquarium Solutions","article_publisher":"https:\/\/www.instagram.com\/aq.arium\/","article_modified_time":"2023-05-04T07:44:21+00:00","og_image":[{"width":1600,"height":1060,"url":"https:\/\/www.aq-arium.com\/aqmarine\/wp-content\/uploads\/2021\/10\/Orphek-OR3-Sky-Blue-Photos-1-1600x1060-1.png","type":"image\/png"}],"twitter_card":"summary_large_image","twitter_site":"@AArium56877","twitter_misc":{"Tiempo de lectura":"2 minutos"},"schema":{"@context":"https:\/\/schema.org","@graph":[{"@type":"WebPage","@id":"https:\/\/www.aq-arium.com\/aqmarine\/orphek-reef-aquarium-iluminacion-led\/or3-blue-sky\/","url":"https:\/\/www.aq-arium.com\/aqmarine\/orphek-reef-aquarium-iluminacion-led\/or3-blue-sky\/","name":"OR3 BLUE SKY | Orphek - AQ, Aquarium Solutions","isPartOf":{"@id":"https:\/\/www.aq-arium.com\/aqmarine\/#website"},"primaryImageOfPage":{"@id":"https:\/\/www.aq-arium.com\/aqmarine\/orphek-reef-aquarium-iluminacion-led\/or3-blue-sky\/#primaryimage"},"image":{"@id":"https:\/\/www.aq-arium.com\/aqmarine\/orphek-reef-aquarium-iluminacion-led\/or3-blue-sky\/#primaryimage"},"thumbnailUrl":"https:\/\/www.aq-arium.com\/aqmarine\/wp-content\/uploads\/2021\/10\/Orphek-OR3-Sky-Blue-Photos-1-1600x1060-1.png","datePublished":"2022-04-18T09:59:59+00:00","dateModified":"2023-05-04T07:44:21+00:00","description":"Barra de luz LED para acuario de arrecife con doble n\u00facleo led de 5 vatios. Blue Sky \u2018es una mezcla de dos LED ...","breadcrumb":{"@id":"https:\/\/www.aq-arium.com\/aqmarine\/orphek-reef-aquarium-iluminacion-led\/or3-blue-sky\/#breadcrumb"},"inLanguage":"es-ES","potentialAction":[{"@type":"ReadAction","target":["https:\/\/www.aq-arium.com\/aqmarine\/orphek-reef-aquarium-iluminacion-led\/or3-blue-sky\/"]}]},{"@type":"ImageObject","inLanguage":"es-ES","@id":"https:\/\/www.aq-arium.com\/aqmarine\/orphek-reef-aquarium-iluminacion-led\/or3-blue-sky\/#primaryimage","url":"https:\/\/www.aq-arium.com\/aqmarine\/wp-content\/uploads\/2021\/10\/Orphek-OR3-Sky-Blue-Photos-1-1600x1060-1.png","contentUrl":"https:\/\/www.aq-arium.com\/aqmarine\/wp-content\/uploads\/2021\/10\/Orphek-OR3-Sky-Blue-Photos-1-1600x1060-1.png","width":1600,"height":1060},{"@type":"BreadcrumbList","@id":"https:\/\/www.aq-arium.com\/aqmarine\/orphek-reef-aquarium-iluminacion-led\/or3-blue-sky\/#breadcrumb","itemListElement":[{"@type":"ListItem","position":1,"name":"Portada","item":"https:\/\/www.aq-arium.com\/aqmarine\/"},{"@type":"ListItem","position":2,"name":"Orphek Reef Aquarium | Iluminaci\u00f3n LED","item":"https:\/\/www.aq-arium.com\/aqmarine\/orphek-reef-aquarium-iluminacion-led\/"},{"@type":"ListItem","position":3,"name":"OR3 BLUE SKY | Orphek"}]},{"@type":"WebSite","@id":"https:\/\/www.aq-arium.com\/aqmarine\/#website","url":"https:\/\/www.aq-arium.com\/aqmarine\/","name":"AQ, Aquarium Solutions","description":"Productos para Acuario Marino y Dulce","publisher":{"@id":"https:\/\/www.aq-arium.com\/aqmarine\/#organization"},"potentialAction":[{"@type":"SearchAction","target":{"@type":"EntryPoint","urlTemplate":"https:\/\/www.aq-arium.com\/aqmarine\/?s={search_term_string}"},"query-input":{"@type":"PropertyValueSpecification","valueRequired":true,"valueName":"search_term_string"}}],"inLanguage":"es-ES"},{"@type":"Organization","@id":"https:\/\/www.aq-arium.com\/aqmarine\/#organization","name":"AQ-arium Solutions","url":"https:\/\/www.aq-arium.com\/aqmarine\/","logo":{"@type":"ImageObject","inLanguage":"es-ES","@id":"https:\/\/www.aq-arium.com\/aqmarine\/#\/schema\/logo\/image\/","url":"https:\/\/www.aq-arium.com\/aqmarine\/wp-content\/uploads\/2021\/08\/AQ-arium-Solutions-logo-100x47px-1.png","contentUrl":"https:\/\/www.aq-arium.com\/aqmarine\/wp-content\/uploads\/2021\/08\/AQ-arium-Solutions-logo-100x47px-1.png","width":100,"height":47,"caption":"AQ-arium Solutions"},"image":{"@id":"https:\/\/www.aq-arium.com\/aqmarine\/#\/schema\/logo\/image\/"},"sameAs":["https:\/\/www.instagram.com\/aq.arium\/","https:\/\/x.com\/AArium56877"]}]}},"jetpack_sharing_enabled":true,"_links":{"self":[{"href":"https:\/\/www.aq-arium.com\/aqmarine\/wp-json\/wp\/v2\/pages\/25191","targetHints":{"allow":["GET"]}}],"collection":[{"href":"https:\/\/www.aq-arium.com\/aqmarine\/wp-json\/wp\/v2\/pages"}],"about":[{"href":"https:\/\/www.aq-arium.com\/aqmarine\/wp-json\/wp\/v2\/types\/page"}],"author":[{"embeddable":true,"href":"https:\/\/www.aq-arium.com\/aqmarine\/wp-json\/wp\/v2\/users\/1"}],"replies":[{"embeddable":true,"href":"https:\/\/www.aq-arium.com\/aqmarine\/wp-json\/wp\/v2\/comments?post=25191"}],"version-history":[{"count":0,"href":"https:\/\/www.aq-arium.com\/aqmarine\/wp-json\/wp\/v2\/pages\/25191\/revisions"}],"up":[{"embeddable":true,"href":"https:\/\/www.aq-arium.com\/aqmarine\/wp-json\/wp\/v2\/pages\/21569"}],"wp:featuredmedia":[{"embeddable":true,"href":"https:\/\/www.aq-arium.com\/aqmarine\/wp-json\/wp\/v2\/media\/21579"}],"wp:attachment":[{"href":"https:\/\/www.aq-arium.com\/aqmarine\/wp-json\/wp\/v2\/media?parent=25191"}],"curies":[{"name":"wp","href":"https:\/\/api.w.org\/{rel}","templated":true}]}}