{"id":2510,"date":"2015-04-16T12:05:11","date_gmt":"2015-04-16T11:05:11","guid":{"rendered":"https:\/\/www.aq-arium.com\/aqmarine\/?page_id=2510"},"modified":"2021-09-01T11:25:55","modified_gmt":"2021-09-01T10:25:55","slug":"bomba-dp6","status":"publish","type":"page","link":"https:\/\/www.aq-arium.com\/aqmarine\/bomba-dp6\/","title":{"rendered":"ATI &#8211; Dosificadora DP6"},"content":{"rendered":"<h2><img loading=\"lazy\" decoding=\"async\" class=\"alignnone size-full wp-image-1149\" src=\"https:\/\/www.aq-arium.com\/aqmarine\/wp-content\/uploads\/2014\/09\/banner-ATI.jpg\" alt=\"banner ATI\" width=\"800\" height=\"85\" srcset=\"https:\/\/www.aq-arium.com\/aqmarine\/wp-content\/uploads\/2014\/09\/banner-ATI.jpg 800w, https:\/\/www.aq-arium.com\/aqmarine\/wp-content\/uploads\/2014\/09\/banner-ATI-600x64.jpg 600w, https:\/\/www.aq-arium.com\/aqmarine\/wp-content\/uploads\/2014\/09\/banner-ATI-300x31.jpg 300w\" sizes=\"auto, (max-width: 800px) 100vw, 800px\" \/><\/h2>\n<h2>ATI DP-6<\/h2>\n<h3>Bomba dosificadora de 6 canales.<\/h3>\n<p>La nueva bomba ideada\u00a0por ATI y fabricada por Jebao, es ideal para aquellos que requieran un par de bombas extras a la soluci\u00f3n que Jebao tienen en el mercado, la <a title=\"JEBAO DP4 (Bomba dosificadora) Ya disponible.\" href=\"https:\/\/www.aq-arium.com\/aqmarine\/jebao-dp7-bomba-dosificadora-ya-disponible\/\">DP-4<\/a>.<\/p>\n<p>Con 6 Bombas, en un dise\u00f1o realmente compacto, es perfecto\u00a0para los aficionados\u00a0que no dispongan de mucho espacio en su sumidero, pero no quieran renunciar a la comodidad de tener una bomba dosificadora.<\/p>\n<p>Por supuesto, la hermana mayor de la DP-4 de Jebao, tambi\u00e9n dispone de todas las caracter\u00edsticas de las que ya estamos acostumbrados.<\/p>\n<h3>Caracter\u00edsticas<\/h3>\n<ul>\n<li>Bomba de 6\u00a0canales fabricada por Jebao bajo la marca de ATI<\/li>\n<li>Cada canal puede dosificar de 1 a 9999ml al d\u00eda<\/li>\n<li>Cada canal puede programarse hasta 24 veces al d\u00eda<\/li>\n<li>Puede dosificar en un intervalo de hasta 30 d\u00edas<\/li>\n<li>F\u00e1cil programaci\u00f3n para cada bomba de dosificaci\u00f3n<\/li>\n<li>Ideal para dosificar Calcio, Magnesio, o cualquier otro liquido<\/li>\n<\/ul>\n<h3>Especificaciones<\/h3>\n<p>Medidas : 28,2x 17x 7cm<br \/>\nTransformador de 110v a 240v 50\/60Hz Con conector europeo<\/p>\n[envira-gallery id=&#8221;14828&#8243;]\n","protected":false},"excerpt":{"rendered":"<p>ATI DP-6 Bomba dosificadora de 6 canales. La nueva bomba ideada\u00a0por ATI y fabricada por Jebao, es ideal para aquellos que requieran un par de bombas extras a la soluci\u00f3n que Jebao tienen en el mercado, la DP-4. Con 6 Bombas, en un dise\u00f1o realmente compacto, es perfecto\u00a0para los aficionados\u00a0que no dispongan de mucho espacio [&hellip;]<\/p>\n","protected":false},"author":1,"featured_media":0,"parent":0,"menu_order":0,"comment_status":"closed","ping_status":"open","template":"","meta":{"_acf_changed":false,"footnotes":""},"class_list":["post-2510","page","type-page","status-publish","hentry"],"acf":[],"yoast_head":"<!-- This site is optimized with the Yoast SEO plugin v23.9 - https:\/\/yoast.com\/wordpress\/plugins\/seo\/ -->\n<title>ATI - Dosificadora DP6 - AQ, Aquarium Solutions<\/title>\n<meta name=\"description\" content=\"Bomba dosificadora ideada\u00a0por ATI y fabricada por Jebao, es ideal para aquellos que requieran un par de bombas extras a las DP-4.\" \/>\n<meta name=\"robots\" content=\"index, follow, max-snippet:-1, max-image-preview:large, max-video-preview:-1\" \/>\n<link rel=\"canonical\" href=\"https:\/\/www.aq-arium.com\/aqmarine\/bomba-dp6\/\" \/>\n<meta property=\"og:locale\" content=\"es_ES\" \/>\n<meta property=\"og:type\" content=\"article\" \/>\n<meta property=\"og:title\" content=\"ATI - Dosificadora DP6 - AQ, Aquarium Solutions\" \/>\n<meta property=\"og:description\" content=\"Bomba dosificadora ideada\u00a0por ATI y fabricada por Jebao, es ideal para aquellos que requieran un par de bombas extras a las DP-4.\" \/>\n<meta property=\"og:url\" content=\"https:\/\/www.aq-arium.com\/aqmarine\/bomba-dp6\/\" \/>\n<meta property=\"og:site_name\" content=\"AQ, Aquarium Solutions\" \/>\n<meta property=\"article:publisher\" content=\"https:\/\/www.instagram.com\/aq.arium\/\" \/>\n<meta property=\"article:modified_time\" content=\"2021-09-01T10:25:55+00:00\" \/>\n<meta property=\"og:image\" content=\"https:\/\/www.aq-arium.com\/aqmarine\/wp-content\/uploads\/2014\/09\/banner-ATI.jpg\" \/>\n<meta name=\"twitter:card\" content=\"summary_large_image\" \/>\n<meta name=\"twitter:site\" content=\"@AArium56877\" \/>\n<meta name=\"twitter:label1\" content=\"Tiempo de lectura\" \/>\n\t<meta name=\"twitter:data1\" content=\"1 minuto\" \/>\n<script type=\"application\/ld+json\" class=\"yoast-schema-graph\">{\"@context\":\"https:\/\/schema.org\",\"@graph\":[{\"@type\":\"WebPage\",\"@id\":\"https:\/\/www.aq-arium.com\/aqmarine\/bomba-dp6\/\",\"url\":\"https:\/\/www.aq-arium.com\/aqmarine\/bomba-dp6\/\",\"name\":\"ATI - Dosificadora DP6 - AQ, Aquarium Solutions\",\"isPartOf\":{\"@id\":\"https:\/\/www.aq-arium.com\/aqmarine\/#website\"},\"primaryImageOfPage\":{\"@id\":\"https:\/\/www.aq-arium.com\/aqmarine\/bomba-dp6\/#primaryimage\"},\"image\":{\"@id\":\"https:\/\/www.aq-arium.com\/aqmarine\/bomba-dp6\/#primaryimage\"},\"thumbnailUrl\":\"https:\/\/www.aq-arium.com\/aqmarine\/wp-content\/uploads\/2014\/09\/banner-ATI.jpg\",\"datePublished\":\"2015-04-16T11:05:11+00:00\",\"dateModified\":\"2021-09-01T10:25:55+00:00\",\"description\":\"Bomba dosificadora ideada\u00a0por ATI y fabricada por Jebao, es ideal para aquellos que requieran un par de bombas extras a las DP-4.\",\"breadcrumb\":{\"@id\":\"https:\/\/www.aq-arium.com\/aqmarine\/bomba-dp6\/#breadcrumb\"},\"inLanguage\":\"es-ES\",\"potentialAction\":[{\"@type\":\"ReadAction\",\"target\":[\"https:\/\/www.aq-arium.com\/aqmarine\/bomba-dp6\/\"]}]},{\"@type\":\"ImageObject\",\"inLanguage\":\"es-ES\",\"@id\":\"https:\/\/www.aq-arium.com\/aqmarine\/bomba-dp6\/#primaryimage\",\"url\":\"https:\/\/www.aq-arium.com\/aqmarine\/wp-content\/uploads\/2014\/09\/banner-ATI.jpg\",\"contentUrl\":\"https:\/\/www.aq-arium.com\/aqmarine\/wp-content\/uploads\/2014\/09\/banner-ATI.jpg\",\"width\":800,\"height\":85},{\"@type\":\"BreadcrumbList\",\"@id\":\"https:\/\/www.aq-arium.com\/aqmarine\/bomba-dp6\/#breadcrumb\",\"itemListElement\":[{\"@type\":\"ListItem\",\"position\":1,\"name\":\"Portada\",\"item\":\"https:\/\/www.aq-arium.com\/aqmarine\/\"},{\"@type\":\"ListItem\",\"position\":2,\"name\":\"ATI &#8211; Dosificadora DP6\"}]},{\"@type\":\"WebSite\",\"@id\":\"https:\/\/www.aq-arium.com\/aqmarine\/#website\",\"url\":\"https:\/\/www.aq-arium.com\/aqmarine\/\",\"name\":\"AQ, Aquarium Solutions\",\"description\":\"Productos para Acuario Marino y Dulce\",\"publisher\":{\"@id\":\"https:\/\/www.aq-arium.com\/aqmarine\/#organization\"},\"potentialAction\":[{\"@type\":\"SearchAction\",\"target\":{\"@type\":\"EntryPoint\",\"urlTemplate\":\"https:\/\/www.aq-arium.com\/aqmarine\/?s={search_term_string}\"},\"query-input\":{\"@type\":\"PropertyValueSpecification\",\"valueRequired\":true,\"valueName\":\"search_term_string\"}}],\"inLanguage\":\"es-ES\"},{\"@type\":\"Organization\",\"@id\":\"https:\/\/www.aq-arium.com\/aqmarine\/#organization\",\"name\":\"AQ-arium Solutions\",\"url\":\"https:\/\/www.aq-arium.com\/aqmarine\/\",\"logo\":{\"@type\":\"ImageObject\",\"inLanguage\":\"es-ES\",\"@id\":\"https:\/\/www.aq-arium.com\/aqmarine\/#\/schema\/logo\/image\/\",\"url\":\"https:\/\/www.aq-arium.com\/aqmarine\/wp-content\/uploads\/2021\/08\/AQ-arium-Solutions-logo-100x47px-1.png\",\"contentUrl\":\"https:\/\/www.aq-arium.com\/aqmarine\/wp-content\/uploads\/2021\/08\/AQ-arium-Solutions-logo-100x47px-1.png\",\"width\":100,\"height\":47,\"caption\":\"AQ-arium Solutions\"},\"image\":{\"@id\":\"https:\/\/www.aq-arium.com\/aqmarine\/#\/schema\/logo\/image\/\"},\"sameAs\":[\"https:\/\/www.instagram.com\/aq.arium\/\",\"https:\/\/x.com\/AArium56877\"]}]}<\/script>\n<!-- \/ Yoast SEO plugin. -->","yoast_head_json":{"title":"ATI - Dosificadora DP6 - AQ, Aquarium Solutions","description":"Bomba dosificadora ideada\u00a0por ATI y fabricada por Jebao, es ideal para aquellos que requieran un par de bombas extras a las DP-4.","robots":{"index":"index","follow":"follow","max-snippet":"max-snippet:-1","max-image-preview":"max-image-preview:large","max-video-preview":"max-video-preview:-1"},"canonical":"https:\/\/www.aq-arium.com\/aqmarine\/bomba-dp6\/","og_locale":"es_ES","og_type":"article","og_title":"ATI - Dosificadora DP6 - AQ, Aquarium Solutions","og_description":"Bomba dosificadora ideada\u00a0por ATI y fabricada por Jebao, es ideal para aquellos que requieran un par de bombas extras a las DP-4.","og_url":"https:\/\/www.aq-arium.com\/aqmarine\/bomba-dp6\/","og_site_name":"AQ, Aquarium Solutions","article_publisher":"https:\/\/www.instagram.com\/aq.arium\/","article_modified_time":"2021-09-01T10:25:55+00:00","og_image":[{"url":"https:\/\/www.aq-arium.com\/aqmarine\/wp-content\/uploads\/2014\/09\/banner-ATI.jpg"}],"twitter_card":"summary_large_image","twitter_site":"@AArium56877","twitter_misc":{"Tiempo de lectura":"1 minuto"},"schema":{"@context":"https:\/\/schema.org","@graph":[{"@type":"WebPage","@id":"https:\/\/www.aq-arium.com\/aqmarine\/bomba-dp6\/","url":"https:\/\/www.aq-arium.com\/aqmarine\/bomba-dp6\/","name":"ATI - Dosificadora DP6 - AQ, Aquarium Solutions","isPartOf":{"@id":"https:\/\/www.aq-arium.com\/aqmarine\/#website"},"primaryImageOfPage":{"@id":"https:\/\/www.aq-arium.com\/aqmarine\/bomba-dp6\/#primaryimage"},"image":{"@id":"https:\/\/www.aq-arium.com\/aqmarine\/bomba-dp6\/#primaryimage"},"thumbnailUrl":"https:\/\/www.aq-arium.com\/aqmarine\/wp-content\/uploads\/2014\/09\/banner-ATI.jpg","datePublished":"2015-04-16T11:05:11+00:00","dateModified":"2021-09-01T10:25:55+00:00","description":"Bomba dosificadora ideada\u00a0por ATI y fabricada por Jebao, es ideal para aquellos que requieran un par de bombas extras a las DP-4.","breadcrumb":{"@id":"https:\/\/www.aq-arium.com\/aqmarine\/bomba-dp6\/#breadcrumb"},"inLanguage":"es-ES","potentialAction":[{"@type":"ReadAction","target":["https:\/\/www.aq-arium.com\/aqmarine\/bomba-dp6\/"]}]},{"@type":"ImageObject","inLanguage":"es-ES","@id":"https:\/\/www.aq-arium.com\/aqmarine\/bomba-dp6\/#primaryimage","url":"https:\/\/www.aq-arium.com\/aqmarine\/wp-content\/uploads\/2014\/09\/banner-ATI.jpg","contentUrl":"https:\/\/www.aq-arium.com\/aqmarine\/wp-content\/uploads\/2014\/09\/banner-ATI.jpg","width":800,"height":85},{"@type":"BreadcrumbList","@id":"https:\/\/www.aq-arium.com\/aqmarine\/bomba-dp6\/#breadcrumb","itemListElement":[{"@type":"ListItem","position":1,"name":"Portada","item":"https:\/\/www.aq-arium.com\/aqmarine\/"},{"@type":"ListItem","position":2,"name":"ATI &#8211; Dosificadora DP6"}]},{"@type":"WebSite","@id":"https:\/\/www.aq-arium.com\/aqmarine\/#website","url":"https:\/\/www.aq-arium.com\/aqmarine\/","name":"AQ, Aquarium Solutions","description":"Productos para Acuario Marino y Dulce","publisher":{"@id":"https:\/\/www.aq-arium.com\/aqmarine\/#organization"},"potentialAction":[{"@type":"SearchAction","target":{"@type":"EntryPoint","urlTemplate":"https:\/\/www.aq-arium.com\/aqmarine\/?s={search_term_string}"},"query-input":{"@type":"PropertyValueSpecification","valueRequired":true,"valueName":"search_term_string"}}],"inLanguage":"es-ES"},{"@type":"Organization","@id":"https:\/\/www.aq-arium.com\/aqmarine\/#organization","name":"AQ-arium Solutions","url":"https:\/\/www.aq-arium.com\/aqmarine\/","logo":{"@type":"ImageObject","inLanguage":"es-ES","@id":"https:\/\/www.aq-arium.com\/aqmarine\/#\/schema\/logo\/image\/","url":"https:\/\/www.aq-arium.com\/aqmarine\/wp-content\/uploads\/2021\/08\/AQ-arium-Solutions-logo-100x47px-1.png","contentUrl":"https:\/\/www.aq-arium.com\/aqmarine\/wp-content\/uploads\/2021\/08\/AQ-arium-Solutions-logo-100x47px-1.png","width":100,"height":47,"caption":"AQ-arium Solutions"},"image":{"@id":"https:\/\/www.aq-arium.com\/aqmarine\/#\/schema\/logo\/image\/"},"sameAs":["https:\/\/www.instagram.com\/aq.arium\/","https:\/\/x.com\/AArium56877"]}]}},"jetpack_sharing_enabled":true,"_links":{"self":[{"href":"https:\/\/www.aq-arium.com\/aqmarine\/wp-json\/wp\/v2\/pages\/2510","targetHints":{"allow":["GET"]}}],"collection":[{"href":"https:\/\/www.aq-arium.com\/aqmarine\/wp-json\/wp\/v2\/pages"}],"about":[{"href":"https:\/\/www.aq-arium.com\/aqmarine\/wp-json\/wp\/v2\/types\/page"}],"author":[{"embeddable":true,"href":"https:\/\/www.aq-arium.com\/aqmarine\/wp-json\/wp\/v2\/users\/1"}],"replies":[{"embeddable":true,"href":"https:\/\/www.aq-arium.com\/aqmarine\/wp-json\/wp\/v2\/comments?post=2510"}],"version-history":[{"count":0,"href":"https:\/\/www.aq-arium.com\/aqmarine\/wp-json\/wp\/v2\/pages\/2510\/revisions"}],"wp:attachment":[{"href":"https:\/\/www.aq-arium.com\/aqmarine\/wp-json\/wp\/v2\/media?parent=2510"}],"curies":[{"name":"wp","href":"https:\/\/api.w.org\/{rel}","templated":true}]}}