{"id":243,"date":"2014-07-22T16:14:42","date_gmt":"2014-07-22T16:14:42","guid":{"rendered":"http:\/\/arrecifevivo.com\/blog\/?page_id=243"},"modified":"2014-10-30T12:54:05","modified_gmt":"2014-10-30T11:54:05","slug":"maxspect-celestial","status":"publish","type":"page","link":"https:\/\/www.aq-arium.com\/aqmarine\/acuario-marino\/maxspect-celestial\/","title":{"rendered":"MaxSpect &#8211; Celestial"},"content":{"rendered":"<p><img loading=\"lazy\" decoding=\"async\" src=\"https:\/\/www.aq-arium.com\/aqmarine\/wp-content\/uploads\/2014\/07\/banner_login_celestial_pnwp-o8.jpg\" alt=\"banner_login_celestial_pnwp-o8\" width=\"700\" height=\"298\" \/><\/p>\n<h3>Detalles<\/h3>\n<ul>\n<li>Utiliza un disipador de calor avanzado con tubos t\u00e9rmicos para maximizar la disipaci\u00f3n del calor<\/li>\n<li>Ventilador con controlador de temperatura integrado<\/li>\n<li>Foto per\u00edodo con 4 puntos de programaci\u00f3n<\/li>\n<li>Maxspect COB licenciado, LED multi-chip con soporte cer\u00e1mico<\/li>\n<li>Lentes de 90 grados y reflectores con pintura de nano-tecnolog\u00eda para una mayor penetraci\u00f3n y mezcla de colores<\/li>\n<\/ul>\n<p><img loading=\"lazy\" decoding=\"async\" src=\"https:\/\/www.aq-arium.com\/aqmarine\/wp-content\/uploads\/2014\/07\/celestial-1.png\" alt=\"celestial-1\" width=\"489\" height=\"158\" \/><\/p>\n<h3>Informaci\u00f3n del producto<\/h3>\n<ul>\n<li>Refrigeraci\u00f3n Inteligente<\/li>\n<li>Disipadores de calor avanzados con tubos t\u00e9rmicos integrados<\/li>\n<li>Vers\u00e1til sistema de montaje<\/li>\n<li>Amplia covertura de espectro<\/li>\n<li>Gran Eficiencia entre pot\u00e9ncia y energ\u00eda<\/li>\n<li>4 canales de programaci\u00f3n disponibles.<\/li>\n<\/ul>\n<h3>Modelos disponibles<\/h3>\n<ul>\n<li>C35-F 35w RGB Espectro Completo, 4 canales<\/li>\n<li>C35-S 35w con Super Actinico, 2 canales<\/li>\n<li>C35-A 35w con potenciador de crecimiento de algas para sumidero, 2 canales<\/li>\n<li>C70-F 70w RGB Espectro Completo, 4 canales<\/li>\n<\/ul>\n<p><a href=\"https:\/\/www.aq-arium.com\/aqmarine\/wp-content\/uploads\/2014\/07\/IPSP-copia.jpg\"><img loading=\"lazy\" decoding=\"async\" src=\"https:\/\/www.aq-arium.com\/aqmarine\/wp-content\/uploads\/2014\/07\/IPSP-copia.jpg\" alt=\"IPSP copia\" width=\"826\" height=\"1169\" \/><\/a><\/p>\n<p><a href=\"https:\/\/www.aq-arium.com\/aqmarine\/wp-content\/uploads\/2014\/07\/IPSP-copia-2.jpg\"><img loading=\"lazy\" decoding=\"async\" src=\"https:\/\/www.aq-arium.com\/aqmarine\/wp-content\/uploads\/2014\/07\/IPSP-copia-2.jpg\" alt=\"IPSP copia 2\" width=\"826\" height=\"1169\" \/><\/a><\/p>\n<p><a title=\"MaxSpect \u2013 MiniSite\" href=\"http:\/\/arrecifevivo.com\/aqmarine\/maxspect-minisite\/\">Atr\u00e1s<\/a><\/p>\n","protected":false},"excerpt":{"rendered":"<p>Detalles Utiliza un disipador de calor avanzado con tubos t\u00e9rmicos para maximizar la disipaci\u00f3n del calor Ventilador con controlador de temperatura integrado Foto per\u00edodo con 4 puntos de programaci\u00f3n Maxspect COB licenciado, LED multi-chip con soporte cer\u00e1mico Lentes de 90 grados y reflectores con pintura de nano-tecnolog\u00eda para una mayor penetraci\u00f3n y mezcla de colores [&hellip;]<\/p>\n","protected":false},"author":1,"featured_media":0,"parent":9115,"menu_order":0,"comment_status":"closed","ping_status":"closed","template":"","meta":{"_acf_changed":false,"footnotes":""},"class_list":["post-243","page","type-page","status-publish","hentry"],"acf":[],"yoast_head":"<!-- This site is optimized with the Yoast SEO plugin v23.9 - https:\/\/yoast.com\/wordpress\/plugins\/seo\/ -->\n<title>MaxSpect - Celestial - AQ, Aquarium Solutions<\/title>\n<meta name=\"robots\" content=\"index, follow, max-snippet:-1, max-image-preview:large, max-video-preview:-1\" \/>\n<link rel=\"canonical\" href=\"https:\/\/www.aq-arium.com\/aqmarine\/acuario-marino\/maxspect-celestial\/\" \/>\n<meta property=\"og:locale\" content=\"es_ES\" \/>\n<meta property=\"og:type\" content=\"article\" \/>\n<meta property=\"og:title\" content=\"MaxSpect - Celestial - AQ, Aquarium Solutions\" \/>\n<meta property=\"og:description\" content=\"Detalles Utiliza un disipador de calor avanzado con tubos t\u00e9rmicos para maximizar la disipaci\u00f3n del calor Ventilador con controlador de temperatura integrado Foto per\u00edodo con 4 puntos de programaci\u00f3n Maxspect COB licenciado, LED multi-chip con soporte cer\u00e1mico Lentes de 90 grados y reflectores con pintura de nano-tecnolog\u00eda para una mayor penetraci\u00f3n y mezcla de colores [&hellip;]\" \/>\n<meta property=\"og:url\" content=\"https:\/\/www.aq-arium.com\/aqmarine\/acuario-marino\/maxspect-celestial\/\" \/>\n<meta property=\"og:site_name\" content=\"AQ, Aquarium Solutions\" \/>\n<meta property=\"article:publisher\" content=\"https:\/\/www.instagram.com\/aq.arium\/\" \/>\n<meta property=\"article:modified_time\" content=\"2014-10-30T11:54:05+00:00\" \/>\n<meta property=\"og:image\" content=\"https:\/\/www.aq-arium.com\/aqmarine\/wp-content\/uploads\/2014\/07\/banner_login_celestial_pnwp-o8.jpg\" \/>\n<meta name=\"twitter:card\" content=\"summary_large_image\" \/>\n<meta name=\"twitter:site\" content=\"@AArium56877\" \/>\n<meta name=\"twitter:label1\" content=\"Tiempo de lectura\" \/>\n\t<meta name=\"twitter:data1\" content=\"1 minuto\" \/>\n<script type=\"application\/ld+json\" class=\"yoast-schema-graph\">{\"@context\":\"https:\/\/schema.org\",\"@graph\":[{\"@type\":\"WebPage\",\"@id\":\"https:\/\/www.aq-arium.com\/aqmarine\/acuario-marino\/maxspect-celestial\/\",\"url\":\"https:\/\/www.aq-arium.com\/aqmarine\/acuario-marino\/maxspect-celestial\/\",\"name\":\"MaxSpect - Celestial - AQ, Aquarium Solutions\",\"isPartOf\":{\"@id\":\"https:\/\/www.aq-arium.com\/aqmarine\/#website\"},\"primaryImageOfPage\":{\"@id\":\"https:\/\/www.aq-arium.com\/aqmarine\/acuario-marino\/maxspect-celestial\/#primaryimage\"},\"image\":{\"@id\":\"https:\/\/www.aq-arium.com\/aqmarine\/acuario-marino\/maxspect-celestial\/#primaryimage\"},\"thumbnailUrl\":\"https:\/\/www.aq-arium.com\/aqmarine\/wp-content\/uploads\/2014\/07\/banner_login_celestial_pnwp-o8.jpg\",\"datePublished\":\"2014-07-22T16:14:42+00:00\",\"dateModified\":\"2014-10-30T11:54:05+00:00\",\"breadcrumb\":{\"@id\":\"https:\/\/www.aq-arium.com\/aqmarine\/acuario-marino\/maxspect-celestial\/#breadcrumb\"},\"inLanguage\":\"es-ES\",\"potentialAction\":[{\"@type\":\"ReadAction\",\"target\":[\"https:\/\/www.aq-arium.com\/aqmarine\/acuario-marino\/maxspect-celestial\/\"]}]},{\"@type\":\"ImageObject\",\"inLanguage\":\"es-ES\",\"@id\":\"https:\/\/www.aq-arium.com\/aqmarine\/acuario-marino\/maxspect-celestial\/#primaryimage\",\"url\":\"https:\/\/www.aq-arium.com\/aqmarine\/wp-content\/uploads\/2014\/07\/banner_login_celestial_pnwp-o8.jpg\",\"contentUrl\":\"https:\/\/www.aq-arium.com\/aqmarine\/wp-content\/uploads\/2014\/07\/banner_login_celestial_pnwp-o8.jpg\"},{\"@type\":\"BreadcrumbList\",\"@id\":\"https:\/\/www.aq-arium.com\/aqmarine\/acuario-marino\/maxspect-celestial\/#breadcrumb\",\"itemListElement\":[{\"@type\":\"ListItem\",\"position\":1,\"name\":\"Portada\",\"item\":\"https:\/\/www.aq-arium.com\/aqmarine\/\"},{\"@type\":\"ListItem\",\"position\":2,\"name\":\"ACUARIO MARINO\",\"item\":\"https:\/\/www.aq-arium.com\/aqmarine\/acuario-marino\/\"},{\"@type\":\"ListItem\",\"position\":3,\"name\":\"MaxSpect &#8211; Celestial\"}]},{\"@type\":\"WebSite\",\"@id\":\"https:\/\/www.aq-arium.com\/aqmarine\/#website\",\"url\":\"https:\/\/www.aq-arium.com\/aqmarine\/\",\"name\":\"AQ, Aquarium Solutions\",\"description\":\"Productos para Acuario Marino y Dulce\",\"publisher\":{\"@id\":\"https:\/\/www.aq-arium.com\/aqmarine\/#organization\"},\"potentialAction\":[{\"@type\":\"SearchAction\",\"target\":{\"@type\":\"EntryPoint\",\"urlTemplate\":\"https:\/\/www.aq-arium.com\/aqmarine\/?s={search_term_string}\"},\"query-input\":{\"@type\":\"PropertyValueSpecification\",\"valueRequired\":true,\"valueName\":\"search_term_string\"}}],\"inLanguage\":\"es-ES\"},{\"@type\":\"Organization\",\"@id\":\"https:\/\/www.aq-arium.com\/aqmarine\/#organization\",\"name\":\"AQ-arium Solutions\",\"url\":\"https:\/\/www.aq-arium.com\/aqmarine\/\",\"logo\":{\"@type\":\"ImageObject\",\"inLanguage\":\"es-ES\",\"@id\":\"https:\/\/www.aq-arium.com\/aqmarine\/#\/schema\/logo\/image\/\",\"url\":\"https:\/\/www.aq-arium.com\/aqmarine\/wp-content\/uploads\/2021\/08\/AQ-arium-Solutions-logo-100x47px-1.png\",\"contentUrl\":\"https:\/\/www.aq-arium.com\/aqmarine\/wp-content\/uploads\/2021\/08\/AQ-arium-Solutions-logo-100x47px-1.png\",\"width\":100,\"height\":47,\"caption\":\"AQ-arium Solutions\"},\"image\":{\"@id\":\"https:\/\/www.aq-arium.com\/aqmarine\/#\/schema\/logo\/image\/\"},\"sameAs\":[\"https:\/\/www.instagram.com\/aq.arium\/\",\"https:\/\/x.com\/AArium56877\"]}]}<\/script>\n<!-- \/ Yoast SEO plugin. -->","yoast_head_json":{"title":"MaxSpect - Celestial - AQ, Aquarium Solutions","robots":{"index":"index","follow":"follow","max-snippet":"max-snippet:-1","max-image-preview":"max-image-preview:large","max-video-preview":"max-video-preview:-1"},"canonical":"https:\/\/www.aq-arium.com\/aqmarine\/acuario-marino\/maxspect-celestial\/","og_locale":"es_ES","og_type":"article","og_title":"MaxSpect - Celestial - AQ, Aquarium Solutions","og_description":"Detalles Utiliza un disipador de calor avanzado con tubos t\u00e9rmicos para maximizar la disipaci\u00f3n del calor Ventilador con controlador de temperatura integrado Foto per\u00edodo con 4 puntos de programaci\u00f3n Maxspect COB licenciado, LED multi-chip con soporte cer\u00e1mico Lentes de 90 grados y reflectores con pintura de nano-tecnolog\u00eda para una mayor penetraci\u00f3n y mezcla de colores [&hellip;]","og_url":"https:\/\/www.aq-arium.com\/aqmarine\/acuario-marino\/maxspect-celestial\/","og_site_name":"AQ, Aquarium Solutions","article_publisher":"https:\/\/www.instagram.com\/aq.arium\/","article_modified_time":"2014-10-30T11:54:05+00:00","og_image":[{"url":"https:\/\/www.aq-arium.com\/aqmarine\/wp-content\/uploads\/2014\/07\/banner_login_celestial_pnwp-o8.jpg"}],"twitter_card":"summary_large_image","twitter_site":"@AArium56877","twitter_misc":{"Tiempo de lectura":"1 minuto"},"schema":{"@context":"https:\/\/schema.org","@graph":[{"@type":"WebPage","@id":"https:\/\/www.aq-arium.com\/aqmarine\/acuario-marino\/maxspect-celestial\/","url":"https:\/\/www.aq-arium.com\/aqmarine\/acuario-marino\/maxspect-celestial\/","name":"MaxSpect - Celestial - AQ, Aquarium Solutions","isPartOf":{"@id":"https:\/\/www.aq-arium.com\/aqmarine\/#website"},"primaryImageOfPage":{"@id":"https:\/\/www.aq-arium.com\/aqmarine\/acuario-marino\/maxspect-celestial\/#primaryimage"},"image":{"@id":"https:\/\/www.aq-arium.com\/aqmarine\/acuario-marino\/maxspect-celestial\/#primaryimage"},"thumbnailUrl":"https:\/\/www.aq-arium.com\/aqmarine\/wp-content\/uploads\/2014\/07\/banner_login_celestial_pnwp-o8.jpg","datePublished":"2014-07-22T16:14:42+00:00","dateModified":"2014-10-30T11:54:05+00:00","breadcrumb":{"@id":"https:\/\/www.aq-arium.com\/aqmarine\/acuario-marino\/maxspect-celestial\/#breadcrumb"},"inLanguage":"es-ES","potentialAction":[{"@type":"ReadAction","target":["https:\/\/www.aq-arium.com\/aqmarine\/acuario-marino\/maxspect-celestial\/"]}]},{"@type":"ImageObject","inLanguage":"es-ES","@id":"https:\/\/www.aq-arium.com\/aqmarine\/acuario-marino\/maxspect-celestial\/#primaryimage","url":"https:\/\/www.aq-arium.com\/aqmarine\/wp-content\/uploads\/2014\/07\/banner_login_celestial_pnwp-o8.jpg","contentUrl":"https:\/\/www.aq-arium.com\/aqmarine\/wp-content\/uploads\/2014\/07\/banner_login_celestial_pnwp-o8.jpg"},{"@type":"BreadcrumbList","@id":"https:\/\/www.aq-arium.com\/aqmarine\/acuario-marino\/maxspect-celestial\/#breadcrumb","itemListElement":[{"@type":"ListItem","position":1,"name":"Portada","item":"https:\/\/www.aq-arium.com\/aqmarine\/"},{"@type":"ListItem","position":2,"name":"ACUARIO MARINO","item":"https:\/\/www.aq-arium.com\/aqmarine\/acuario-marino\/"},{"@type":"ListItem","position":3,"name":"MaxSpect &#8211; Celestial"}]},{"@type":"WebSite","@id":"https:\/\/www.aq-arium.com\/aqmarine\/#website","url":"https:\/\/www.aq-arium.com\/aqmarine\/","name":"AQ, Aquarium Solutions","description":"Productos para Acuario Marino y Dulce","publisher":{"@id":"https:\/\/www.aq-arium.com\/aqmarine\/#organization"},"potentialAction":[{"@type":"SearchAction","target":{"@type":"EntryPoint","urlTemplate":"https:\/\/www.aq-arium.com\/aqmarine\/?s={search_term_string}"},"query-input":{"@type":"PropertyValueSpecification","valueRequired":true,"valueName":"search_term_string"}}],"inLanguage":"es-ES"},{"@type":"Organization","@id":"https:\/\/www.aq-arium.com\/aqmarine\/#organization","name":"AQ-arium Solutions","url":"https:\/\/www.aq-arium.com\/aqmarine\/","logo":{"@type":"ImageObject","inLanguage":"es-ES","@id":"https:\/\/www.aq-arium.com\/aqmarine\/#\/schema\/logo\/image\/","url":"https:\/\/www.aq-arium.com\/aqmarine\/wp-content\/uploads\/2021\/08\/AQ-arium-Solutions-logo-100x47px-1.png","contentUrl":"https:\/\/www.aq-arium.com\/aqmarine\/wp-content\/uploads\/2021\/08\/AQ-arium-Solutions-logo-100x47px-1.png","width":100,"height":47,"caption":"AQ-arium Solutions"},"image":{"@id":"https:\/\/www.aq-arium.com\/aqmarine\/#\/schema\/logo\/image\/"},"sameAs":["https:\/\/www.instagram.com\/aq.arium\/","https:\/\/x.com\/AArium56877"]}]}},"jetpack_sharing_enabled":true,"_links":{"self":[{"href":"https:\/\/www.aq-arium.com\/aqmarine\/wp-json\/wp\/v2\/pages\/243","targetHints":{"allow":["GET"]}}],"collection":[{"href":"https:\/\/www.aq-arium.com\/aqmarine\/wp-json\/wp\/v2\/pages"}],"about":[{"href":"https:\/\/www.aq-arium.com\/aqmarine\/wp-json\/wp\/v2\/types\/page"}],"author":[{"embeddable":true,"href":"https:\/\/www.aq-arium.com\/aqmarine\/wp-json\/wp\/v2\/users\/1"}],"replies":[{"embeddable":true,"href":"https:\/\/www.aq-arium.com\/aqmarine\/wp-json\/wp\/v2\/comments?post=243"}],"version-history":[{"count":0,"href":"https:\/\/www.aq-arium.com\/aqmarine\/wp-json\/wp\/v2\/pages\/243\/revisions"}],"up":[{"embeddable":true,"href":"https:\/\/www.aq-arium.com\/aqmarine\/wp-json\/wp\/v2\/pages\/9115"}],"wp:attachment":[{"href":"https:\/\/www.aq-arium.com\/aqmarine\/wp-json\/wp\/v2\/media?parent=243"}],"curies":[{"name":"wp","href":"https:\/\/api.w.org\/{rel}","templated":true}]}}