{"id":22186,"date":"2022-01-24T08:59:11","date_gmt":"2022-01-24T07:59:11","guid":{"rendered":"https:\/\/www.aq-arium.com\/aqmarine\/?page_id=22186"},"modified":"2022-01-24T08:59:11","modified_gmt":"2022-01-24T07:59:11","slug":"opti-tank-aquael-claridad-desde-todos-los-angulos","status":"publish","type":"page","link":"https:\/\/www.aq-arium.com\/aqmarine\/aquael-material-completo-para-tu-acuario\/acuarios-i-sets-completos\/opti-tank-aquael-claridad-desde-todos-los-angulos\/","title":{"rendered":"Opti Tank &#8211; Aquael | Claridad desde todos los \u00e1ngulos"},"content":{"rendered":"\t\t<div data-elementor-type=\"wp-page\" data-elementor-id=\"22186\" class=\"elementor elementor-22186\" data-elementor-settings=\"[]\">\n\t\t\t\t\t\t<div class=\"elementor-inner\">\n\t\t\t\t\t\t\t<div class=\"elementor-section-wrap\">\n\t\t\t\t\t\t\t<section class=\"elementor-section elementor-top-section elementor-element elementor-element-ac53e1b elementor-section-boxed elementor-section-height-default elementor-section-height-default\" data-id=\"ac53e1b\" data-element_type=\"section\">\n\t\t\t\t\t\t<div class=\"elementor-container elementor-column-gap-default\">\n\t\t\t\t\t\t\t<div class=\"elementor-row\">\n\t\t\t\t\t<div class=\"elementor-column elementor-col-100 elementor-top-column elementor-element elementor-element-ec7d32e\" data-id=\"ec7d32e\" data-element_type=\"column\">\n\t\t\t<div class=\"elementor-column-wrap\">\n\t\t\t\t\t\t\t<div class=\"elementor-widget-wrap\">\n\t\t\t\t\t\t\t\t<\/div>\n\t\t\t\t\t<\/div>\n\t\t<\/div>\n\t\t\t\t\t\t\t\t<\/div>\n\t\t\t\t\t<\/div>\n\t\t<\/section>\n\t\t\t\t<section class=\"elementor-section elementor-top-section elementor-element elementor-element-dfbd390 elementor-section-boxed elementor-section-height-default elementor-section-height-default\" data-id=\"dfbd390\" data-element_type=\"section\">\n\t\t\t\t\t\t<div class=\"elementor-container elementor-column-gap-default\">\n\t\t\t\t\t\t\t<div class=\"elementor-row\">\n\t\t\t\t\t<div class=\"elementor-column elementor-col-100 elementor-top-column elementor-element elementor-element-3421203\" data-id=\"3421203\" data-element_type=\"column\">\n\t\t\t<div class=\"elementor-column-wrap elementor-element-populated\">\n\t\t\t\t\t\t\t<div class=\"elementor-widget-wrap\">\n\t\t\t\t\t\t<div class=\"elementor-element elementor-element-90353aa elementor-widget elementor-widget-image\" data-id=\"90353aa\" data-element_type=\"widget\" data-widget_type=\"image.default\">\n\t\t\t\t<div class=\"elementor-widget-container\">\n\t\t\t\t\t<div class=\"elementor-image\">\n\t\t\t\t\t\t\t\t\t\t<img loading=\"lazy\" decoding=\"async\" width=\"1080\" height=\"1080\" src=\"https:\/\/www.aq-arium.com\/aqmarine\/wp-content\/uploads\/2022\/01\/miniatura-web.jpg\" class=\"attachment-full size-full\" alt=\"\" srcset=\"https:\/\/www.aq-arium.com\/aqmarine\/wp-content\/uploads\/2022\/01\/miniatura-web.jpg 1080w, https:\/\/www.aq-arium.com\/aqmarine\/wp-content\/uploads\/2022\/01\/miniatura-web-300x300.jpg 300w, https:\/\/www.aq-arium.com\/aqmarine\/wp-content\/uploads\/2022\/01\/miniatura-web-1024x1024.jpg 1024w, https:\/\/www.aq-arium.com\/aqmarine\/wp-content\/uploads\/2022\/01\/miniatura-web-150x150.jpg 150w, https:\/\/www.aq-arium.com\/aqmarine\/wp-content\/uploads\/2022\/01\/miniatura-web-768x768.jpg 768w, https:\/\/www.aq-arium.com\/aqmarine\/wp-content\/uploads\/2022\/01\/miniatura-web-500x500.jpg 500w, https:\/\/www.aq-arium.com\/aqmarine\/wp-content\/uploads\/2022\/01\/miniatura-web-600x600.jpg 600w, https:\/\/www.aq-arium.com\/aqmarine\/wp-content\/uploads\/2022\/01\/miniatura-web-100x100.jpg 100w\" sizes=\"auto, (max-width: 1080px) 100vw, 1080px\" \/>\t\t\t\t\t\t\t\t\t\t\t<\/div>\n\t\t\t\t<\/div>\n\t\t\t\t<\/div>\n\t\t\t\t\t\t<\/div>\n\t\t\t\t\t<\/div>\n\t\t<\/div>\n\t\t\t\t\t\t\t\t<\/div>\n\t\t\t\t\t<\/div>\n\t\t<\/section>\n\t\t\t\t<section class=\"elementor-section elementor-top-section elementor-element elementor-element-6ad30ad elementor-section-boxed elementor-section-height-default elementor-section-height-default\" data-id=\"6ad30ad\" data-element_type=\"section\">\n\t\t\t\t\t\t<div class=\"elementor-container elementor-column-gap-default\">\n\t\t\t\t\t\t\t<div class=\"elementor-row\">\n\t\t\t\t\t<div class=\"elementor-column elementor-col-100 elementor-top-column elementor-element elementor-element-7bd83da\" data-id=\"7bd83da\" data-element_type=\"column\">\n\t\t\t<div class=\"elementor-column-wrap elementor-element-populated\">\n\t\t\t\t\t\t\t<div class=\"elementor-widget-wrap\">\n\t\t\t\t\t\t<div class=\"elementor-element elementor-element-0fdbde3 elementor-widget elementor-widget-text-editor\" data-id=\"0fdbde3\" data-element_type=\"widget\" data-widget_type=\"text-editor.default\">\n\t\t\t\t<div class=\"elementor-widget-container\">\n\t\t\t\t\t<div class=\"elementor-text-editor elementor-clearfix\"><h4>El acuario est\u00e1 hecho de vidrio tipo<strong> Opti<\/strong> para una <strong>transparencia<\/strong> excepcional.<br \/><br \/><\/h4><h5>Los detalles del acuario hechos a la perfecci\u00f3n, incluidos los bordes pulidos y la uni\u00f3n precisa del vidrio, le dan un aspecto extremadamente ligero y est\u00e9tico.<\/h5><\/div>\n\t\t\t\t<\/div>\n\t\t\t\t<\/div>\n\t\t\t\t\t\t<\/div>\n\t\t\t\t\t<\/div>\n\t\t<\/div>\n\t\t\t\t\t\t\t\t<\/div>\n\t\t\t\t\t<\/div>\n\t\t<\/section>\n\t\t\t\t<section class=\"elementor-section elementor-top-section elementor-element elementor-element-cef6785 elementor-section-boxed elementor-section-height-default elementor-section-height-default\" data-id=\"cef6785\" data-element_type=\"section\">\n\t\t\t\t\t\t<div class=\"elementor-container elementor-column-gap-default\">\n\t\t\t\t\t\t\t<div class=\"elementor-row\">\n\t\t\t\t\t<div class=\"elementor-column elementor-col-100 elementor-top-column elementor-element elementor-element-843b574\" data-id=\"843b574\" data-element_type=\"column\">\n\t\t\t<div class=\"elementor-column-wrap elementor-element-populated\">\n\t\t\t\t\t\t\t<div class=\"elementor-widget-wrap\">\n\t\t\t\t\t\t<div class=\"elementor-element elementor-element-ef115d4 elementor-widget elementor-widget-image\" data-id=\"ef115d4\" data-element_type=\"widget\" data-widget_type=\"image.default\">\n\t\t\t\t<div class=\"elementor-widget-container\">\n\t\t\t\t\t<div class=\"elementor-image\">\n\t\t\t\t\t\t\t\t\t\t<img loading=\"lazy\" decoding=\"async\" width=\"1754\" height=\"1241\" src=\"https:\/\/www.aq-arium.com\/aqmarine\/wp-content\/uploads\/2022\/01\/opti-tank_page-00022.jpg\" class=\"attachment-full size-full\" alt=\"\" srcset=\"https:\/\/www.aq-arium.com\/aqmarine\/wp-content\/uploads\/2022\/01\/opti-tank_page-00022.jpg 1754w, https:\/\/www.aq-arium.com\/aqmarine\/wp-content\/uploads\/2022\/01\/opti-tank_page-00022-300x212.jpg 300w, https:\/\/www.aq-arium.com\/aqmarine\/wp-content\/uploads\/2022\/01\/opti-tank_page-00022-1024x725.jpg 1024w, https:\/\/www.aq-arium.com\/aqmarine\/wp-content\/uploads\/2022\/01\/opti-tank_page-00022-768x543.jpg 768w, https:\/\/www.aq-arium.com\/aqmarine\/wp-content\/uploads\/2022\/01\/opti-tank_page-00022-1536x1087.jpg 1536w, https:\/\/www.aq-arium.com\/aqmarine\/wp-content\/uploads\/2022\/01\/opti-tank_page-00022-600x425.jpg 600w\" sizes=\"auto, (max-width: 1754px) 100vw, 1754px\" \/>\t\t\t\t\t\t\t\t\t\t\t<\/div>\n\t\t\t\t<\/div>\n\t\t\t\t<\/div>\n\t\t\t\t\t\t<\/div>\n\t\t\t\t\t<\/div>\n\t\t<\/div>\n\t\t\t\t\t\t\t\t<\/div>\n\t\t\t\t\t<\/div>\n\t\t<\/section>\n\t\t\t\t<section class=\"elementor-section elementor-top-section elementor-element elementor-element-7a8f31b elementor-section-boxed elementor-section-height-default elementor-section-height-default\" data-id=\"7a8f31b\" data-element_type=\"section\">\n\t\t\t\t\t\t<div class=\"elementor-container elementor-column-gap-default\">\n\t\t\t\t\t\t\t<div class=\"elementor-row\">\n\t\t\t\t\t<div class=\"elementor-column elementor-col-100 elementor-top-column elementor-element elementor-element-065e3e6\" data-id=\"065e3e6\" data-element_type=\"column\">\n\t\t\t<div class=\"elementor-column-wrap elementor-element-populated\">\n\t\t\t\t\t\t\t<div class=\"elementor-widget-wrap\">\n\t\t\t\t\t\t<div class=\"elementor-element elementor-element-c3efb17 elementor-widget elementor-widget-image\" data-id=\"c3efb17\" data-element_type=\"widget\" data-widget_type=\"image.default\">\n\t\t\t\t<div class=\"elementor-widget-container\">\n\t\t\t\t\t<div class=\"elementor-image\">\n\t\t\t\t\t\t\t\t\t\t<img loading=\"lazy\" decoding=\"async\" width=\"1754\" height=\"1241\" src=\"https:\/\/www.aq-arium.com\/aqmarine\/wp-content\/uploads\/2022\/01\/opti-tank_page-0003.jpg\" class=\"attachment-full size-full\" alt=\"\" srcset=\"https:\/\/www.aq-arium.com\/aqmarine\/wp-content\/uploads\/2022\/01\/opti-tank_page-0003.jpg 1754w, https:\/\/www.aq-arium.com\/aqmarine\/wp-content\/uploads\/2022\/01\/opti-tank_page-0003-300x212.jpg 300w, https:\/\/www.aq-arium.com\/aqmarine\/wp-content\/uploads\/2022\/01\/opti-tank_page-0003-1024x725.jpg 1024w, https:\/\/www.aq-arium.com\/aqmarine\/wp-content\/uploads\/2022\/01\/opti-tank_page-0003-768x543.jpg 768w, https:\/\/www.aq-arium.com\/aqmarine\/wp-content\/uploads\/2022\/01\/opti-tank_page-0003-1536x1087.jpg 1536w, https:\/\/www.aq-arium.com\/aqmarine\/wp-content\/uploads\/2022\/01\/opti-tank_page-0003-600x425.jpg 600w\" sizes=\"auto, (max-width: 1754px) 100vw, 1754px\" \/>\t\t\t\t\t\t\t\t\t\t\t<\/div>\n\t\t\t\t<\/div>\n\t\t\t\t<\/div>\n\t\t\t\t\t\t<\/div>\n\t\t\t\t\t<\/div>\n\t\t<\/div>\n\t\t\t\t\t\t\t\t<\/div>\n\t\t\t\t\t<\/div>\n\t\t<\/section>\n\t\t\t\t<section class=\"elementor-section elementor-top-section elementor-element elementor-element-9fb5911 elementor-section-boxed elementor-section-height-default elementor-section-height-default\" data-id=\"9fb5911\" data-element_type=\"section\">\n\t\t\t\t\t\t<div class=\"elementor-container elementor-column-gap-default\">\n\t\t\t\t\t\t\t<div class=\"elementor-row\">\n\t\t\t\t\t<div class=\"elementor-column elementor-col-100 elementor-top-column elementor-element elementor-element-c11a351\" data-id=\"c11a351\" data-element_type=\"column\">\n\t\t\t<div class=\"elementor-column-wrap elementor-element-populated\">\n\t\t\t\t\t\t\t<div class=\"elementor-widget-wrap\">\n\t\t\t\t\t\t<div class=\"elementor-element elementor-element-de57bf0 elementor-widget elementor-widget-image\" data-id=\"de57bf0\" data-element_type=\"widget\" data-widget_type=\"image.default\">\n\t\t\t\t<div class=\"elementor-widget-container\">\n\t\t\t\t\t<div class=\"elementor-image\">\n\t\t\t\t\t\t\t\t\t\t<img loading=\"lazy\" decoding=\"async\" width=\"1754\" height=\"1241\" src=\"https:\/\/www.aq-arium.com\/aqmarine\/wp-content\/uploads\/2022\/01\/opti-tank_page-0004.jpg\" class=\"attachment-full size-full\" alt=\"\" srcset=\"https:\/\/www.aq-arium.com\/aqmarine\/wp-content\/uploads\/2022\/01\/opti-tank_page-0004.jpg 1754w, https:\/\/www.aq-arium.com\/aqmarine\/wp-content\/uploads\/2022\/01\/opti-tank_page-0004-300x212.jpg 300w, https:\/\/www.aq-arium.com\/aqmarine\/wp-content\/uploads\/2022\/01\/opti-tank_page-0004-1024x725.jpg 1024w, https:\/\/www.aq-arium.com\/aqmarine\/wp-content\/uploads\/2022\/01\/opti-tank_page-0004-768x543.jpg 768w, https:\/\/www.aq-arium.com\/aqmarine\/wp-content\/uploads\/2022\/01\/opti-tank_page-0004-1536x1087.jpg 1536w, https:\/\/www.aq-arium.com\/aqmarine\/wp-content\/uploads\/2022\/01\/opti-tank_page-0004-600x425.jpg 600w\" sizes=\"auto, (max-width: 1754px) 100vw, 1754px\" \/>\t\t\t\t\t\t\t\t\t\t\t<\/div>\n\t\t\t\t<\/div>\n\t\t\t\t<\/div>\n\t\t\t\t\t\t<\/div>\n\t\t\t\t\t<\/div>\n\t\t<\/div>\n\t\t\t\t\t\t\t\t<\/div>\n\t\t\t\t\t<\/div>\n\t\t<\/section>\n\t\t\t\t\t\t<\/div>\n\t\t\t\t\t\t<\/div>\n\t\t\t\t\t<\/div>\n\t\t","protected":false},"excerpt":{"rendered":"<p>El acuario est\u00e1 hecho de vidrio tipo Opti para una transparencia excepcional. Los detalles del acuario hechos a la perfecci\u00f3n, incluidos los bordes pulidos y la uni\u00f3n precisa del vidrio, le dan un aspecto extremadamente ligero y est\u00e9tico.<\/p>\n","protected":false},"author":1,"featured_media":22188,"parent":21835,"menu_order":0,"comment_status":"closed","ping_status":"closed","template":"elementor_header_footer","meta":{"_acf_changed":false,"footnotes":""},"class_list":["post-22186","page","type-page","status-publish","has-post-thumbnail","hentry"],"acf":[],"yoast_head":"<!-- This site is optimized with the Yoast SEO plugin v23.9 - https:\/\/yoast.com\/wordpress\/plugins\/seo\/ -->\n<title>Opti Tank, Aquael | La novedad en Acuarios - AQ, Aquarium Solutions<\/title>\n<meta name=\"description\" content=\"El Opti Tank de Aquael est\u00e1 hecho de vidrio tipo Opti, que proporciona una transparencia excepcional hechos a la perfecci\u00f3n.\" \/>\n<meta name=\"robots\" content=\"index, follow, max-snippet:-1, max-image-preview:large, max-video-preview:-1\" \/>\n<link rel=\"canonical\" href=\"https:\/\/www.aq-arium.com\/aqmarine\/aquael-material-completo-para-tu-acuario\/acuarios-i-sets-completos\/opti-tank-aquael-claridad-desde-todos-los-angulos\/\" \/>\n<meta property=\"og:locale\" content=\"es_ES\" \/>\n<meta property=\"og:type\" content=\"article\" \/>\n<meta property=\"og:title\" content=\"Opti Tank, Aquael | La novedad en Acuarios - AQ, Aquarium Solutions\" \/>\n<meta property=\"og:description\" content=\"El Opti Tank de Aquael est\u00e1 hecho de vidrio tipo Opti, que proporciona una transparencia excepcional hechos a la perfecci\u00f3n.\" \/>\n<meta property=\"og:url\" content=\"https:\/\/www.aq-arium.com\/aqmarine\/aquael-material-completo-para-tu-acuario\/acuarios-i-sets-completos\/opti-tank-aquael-claridad-desde-todos-los-angulos\/\" \/>\n<meta property=\"og:site_name\" content=\"AQ, Aquarium Solutions\" \/>\n<meta property=\"article:publisher\" content=\"https:\/\/www.instagram.com\/aq.arium\/\" \/>\n<meta property=\"og:image\" content=\"https:\/\/www.aq-arium.com\/aqmarine\/wp-content\/uploads\/2022\/01\/miniatura-web.jpg\" \/>\n\t<meta property=\"og:image:width\" content=\"1080\" \/>\n\t<meta property=\"og:image:height\" content=\"1080\" \/>\n\t<meta property=\"og:image:type\" content=\"image\/jpeg\" \/>\n<meta name=\"twitter:card\" content=\"summary_large_image\" \/>\n<meta name=\"twitter:site\" content=\"@AArium56877\" \/>\n<meta name=\"twitter:label1\" content=\"Tiempo de lectura\" \/>\n\t<meta name=\"twitter:data1\" content=\"1 minuto\" \/>\n<script type=\"application\/ld+json\" class=\"yoast-schema-graph\">{\"@context\":\"https:\/\/schema.org\",\"@graph\":[{\"@type\":\"WebPage\",\"@id\":\"https:\/\/www.aq-arium.com\/aqmarine\/aquael-material-completo-para-tu-acuario\/acuarios-i-sets-completos\/opti-tank-aquael-claridad-desde-todos-los-angulos\/\",\"url\":\"https:\/\/www.aq-arium.com\/aqmarine\/aquael-material-completo-para-tu-acuario\/acuarios-i-sets-completos\/opti-tank-aquael-claridad-desde-todos-los-angulos\/\",\"name\":\"Opti Tank, Aquael | La novedad en Acuarios - AQ, Aquarium Solutions\",\"isPartOf\":{\"@id\":\"https:\/\/www.aq-arium.com\/aqmarine\/#website\"},\"primaryImageOfPage\":{\"@id\":\"https:\/\/www.aq-arium.com\/aqmarine\/aquael-material-completo-para-tu-acuario\/acuarios-i-sets-completos\/opti-tank-aquael-claridad-desde-todos-los-angulos\/#primaryimage\"},\"image\":{\"@id\":\"https:\/\/www.aq-arium.com\/aqmarine\/aquael-material-completo-para-tu-acuario\/acuarios-i-sets-completos\/opti-tank-aquael-claridad-desde-todos-los-angulos\/#primaryimage\"},\"thumbnailUrl\":\"https:\/\/www.aq-arium.com\/aqmarine\/wp-content\/uploads\/2022\/01\/miniatura-web.jpg\",\"datePublished\":\"2022-01-24T07:59:11+00:00\",\"dateModified\":\"2022-01-24T07:59:11+00:00\",\"description\":\"El Opti Tank de Aquael est\u00e1 hecho de vidrio tipo Opti, que proporciona una transparencia excepcional hechos a la perfecci\u00f3n.\",\"breadcrumb\":{\"@id\":\"https:\/\/www.aq-arium.com\/aqmarine\/aquael-material-completo-para-tu-acuario\/acuarios-i-sets-completos\/opti-tank-aquael-claridad-desde-todos-los-angulos\/#breadcrumb\"},\"inLanguage\":\"es-ES\",\"potentialAction\":[{\"@type\":\"ReadAction\",\"target\":[\"https:\/\/www.aq-arium.com\/aqmarine\/aquael-material-completo-para-tu-acuario\/acuarios-i-sets-completos\/opti-tank-aquael-claridad-desde-todos-los-angulos\/\"]}]},{\"@type\":\"ImageObject\",\"inLanguage\":\"es-ES\",\"@id\":\"https:\/\/www.aq-arium.com\/aqmarine\/aquael-material-completo-para-tu-acuario\/acuarios-i-sets-completos\/opti-tank-aquael-claridad-desde-todos-los-angulos\/#primaryimage\",\"url\":\"https:\/\/www.aq-arium.com\/aqmarine\/wp-content\/uploads\/2022\/01\/miniatura-web.jpg\",\"contentUrl\":\"https:\/\/www.aq-arium.com\/aqmarine\/wp-content\/uploads\/2022\/01\/miniatura-web.jpg\",\"width\":1080,\"height\":1080},{\"@type\":\"BreadcrumbList\",\"@id\":\"https:\/\/www.aq-arium.com\/aqmarine\/aquael-material-completo-para-tu-acuario\/acuarios-i-sets-completos\/opti-tank-aquael-claridad-desde-todos-los-angulos\/#breadcrumb\",\"itemListElement\":[{\"@type\":\"ListItem\",\"position\":1,\"name\":\"Portada\",\"item\":\"https:\/\/www.aq-arium.com\/aqmarine\/\"},{\"@type\":\"ListItem\",\"position\":2,\"name\":\"AquaEl | Material completo para tu acuario\",\"item\":\"https:\/\/www.aq-arium.com\/aqmarine\/aquael-material-completo-para-tu-acuario\/\"},{\"@type\":\"ListItem\",\"position\":3,\"name\":\"Acuarios i Sets completos | Aquael\",\"item\":\"https:\/\/www.aq-arium.com\/aqmarine\/aquael-material-completo-para-tu-acuario\/acuarios-i-sets-completos\/\"},{\"@type\":\"ListItem\",\"position\":4,\"name\":\"Opti Tank &#8211; Aquael | Claridad desde todos los \u00e1ngulos\"}]},{\"@type\":\"WebSite\",\"@id\":\"https:\/\/www.aq-arium.com\/aqmarine\/#website\",\"url\":\"https:\/\/www.aq-arium.com\/aqmarine\/\",\"name\":\"AQ, Aquarium Solutions\",\"description\":\"Productos para Acuario Marino y Dulce\",\"publisher\":{\"@id\":\"https:\/\/www.aq-arium.com\/aqmarine\/#organization\"},\"potentialAction\":[{\"@type\":\"SearchAction\",\"target\":{\"@type\":\"EntryPoint\",\"urlTemplate\":\"https:\/\/www.aq-arium.com\/aqmarine\/?s={search_term_string}\"},\"query-input\":{\"@type\":\"PropertyValueSpecification\",\"valueRequired\":true,\"valueName\":\"search_term_string\"}}],\"inLanguage\":\"es-ES\"},{\"@type\":\"Organization\",\"@id\":\"https:\/\/www.aq-arium.com\/aqmarine\/#organization\",\"name\":\"AQ-arium Solutions\",\"url\":\"https:\/\/www.aq-arium.com\/aqmarine\/\",\"logo\":{\"@type\":\"ImageObject\",\"inLanguage\":\"es-ES\",\"@id\":\"https:\/\/www.aq-arium.com\/aqmarine\/#\/schema\/logo\/image\/\",\"url\":\"https:\/\/www.aq-arium.com\/aqmarine\/wp-content\/uploads\/2021\/08\/AQ-arium-Solutions-logo-100x47px-1.png\",\"contentUrl\":\"https:\/\/www.aq-arium.com\/aqmarine\/wp-content\/uploads\/2021\/08\/AQ-arium-Solutions-logo-100x47px-1.png\",\"width\":100,\"height\":47,\"caption\":\"AQ-arium Solutions\"},\"image\":{\"@id\":\"https:\/\/www.aq-arium.com\/aqmarine\/#\/schema\/logo\/image\/\"},\"sameAs\":[\"https:\/\/www.instagram.com\/aq.arium\/\",\"https:\/\/x.com\/AArium56877\"]}]}<\/script>\n<!-- \/ Yoast SEO plugin. -->","yoast_head_json":{"title":"Opti Tank, Aquael | La novedad en Acuarios - AQ, Aquarium Solutions","description":"El Opti Tank de Aquael est\u00e1 hecho de vidrio tipo Opti, que proporciona una transparencia excepcional hechos a la perfecci\u00f3n.","robots":{"index":"index","follow":"follow","max-snippet":"max-snippet:-1","max-image-preview":"max-image-preview:large","max-video-preview":"max-video-preview:-1"},"canonical":"https:\/\/www.aq-arium.com\/aqmarine\/aquael-material-completo-para-tu-acuario\/acuarios-i-sets-completos\/opti-tank-aquael-claridad-desde-todos-los-angulos\/","og_locale":"es_ES","og_type":"article","og_title":"Opti Tank, Aquael | La novedad en Acuarios - AQ, Aquarium Solutions","og_description":"El Opti Tank de Aquael est\u00e1 hecho de vidrio tipo Opti, que proporciona una transparencia excepcional hechos a la perfecci\u00f3n.","og_url":"https:\/\/www.aq-arium.com\/aqmarine\/aquael-material-completo-para-tu-acuario\/acuarios-i-sets-completos\/opti-tank-aquael-claridad-desde-todos-los-angulos\/","og_site_name":"AQ, Aquarium Solutions","article_publisher":"https:\/\/www.instagram.com\/aq.arium\/","og_image":[{"width":1080,"height":1080,"url":"https:\/\/www.aq-arium.com\/aqmarine\/wp-content\/uploads\/2022\/01\/miniatura-web.jpg","type":"image\/jpeg"}],"twitter_card":"summary_large_image","twitter_site":"@AArium56877","twitter_misc":{"Tiempo de lectura":"1 minuto"},"schema":{"@context":"https:\/\/schema.org","@graph":[{"@type":"WebPage","@id":"https:\/\/www.aq-arium.com\/aqmarine\/aquael-material-completo-para-tu-acuario\/acuarios-i-sets-completos\/opti-tank-aquael-claridad-desde-todos-los-angulos\/","url":"https:\/\/www.aq-arium.com\/aqmarine\/aquael-material-completo-para-tu-acuario\/acuarios-i-sets-completos\/opti-tank-aquael-claridad-desde-todos-los-angulos\/","name":"Opti Tank, Aquael | La novedad en Acuarios - AQ, Aquarium Solutions","isPartOf":{"@id":"https:\/\/www.aq-arium.com\/aqmarine\/#website"},"primaryImageOfPage":{"@id":"https:\/\/www.aq-arium.com\/aqmarine\/aquael-material-completo-para-tu-acuario\/acuarios-i-sets-completos\/opti-tank-aquael-claridad-desde-todos-los-angulos\/#primaryimage"},"image":{"@id":"https:\/\/www.aq-arium.com\/aqmarine\/aquael-material-completo-para-tu-acuario\/acuarios-i-sets-completos\/opti-tank-aquael-claridad-desde-todos-los-angulos\/#primaryimage"},"thumbnailUrl":"https:\/\/www.aq-arium.com\/aqmarine\/wp-content\/uploads\/2022\/01\/miniatura-web.jpg","datePublished":"2022-01-24T07:59:11+00:00","dateModified":"2022-01-24T07:59:11+00:00","description":"El Opti Tank de Aquael est\u00e1 hecho de vidrio tipo Opti, que proporciona una transparencia excepcional hechos a la perfecci\u00f3n.","breadcrumb":{"@id":"https:\/\/www.aq-arium.com\/aqmarine\/aquael-material-completo-para-tu-acuario\/acuarios-i-sets-completos\/opti-tank-aquael-claridad-desde-todos-los-angulos\/#breadcrumb"},"inLanguage":"es-ES","potentialAction":[{"@type":"ReadAction","target":["https:\/\/www.aq-arium.com\/aqmarine\/aquael-material-completo-para-tu-acuario\/acuarios-i-sets-completos\/opti-tank-aquael-claridad-desde-todos-los-angulos\/"]}]},{"@type":"ImageObject","inLanguage":"es-ES","@id":"https:\/\/www.aq-arium.com\/aqmarine\/aquael-material-completo-para-tu-acuario\/acuarios-i-sets-completos\/opti-tank-aquael-claridad-desde-todos-los-angulos\/#primaryimage","url":"https:\/\/www.aq-arium.com\/aqmarine\/wp-content\/uploads\/2022\/01\/miniatura-web.jpg","contentUrl":"https:\/\/www.aq-arium.com\/aqmarine\/wp-content\/uploads\/2022\/01\/miniatura-web.jpg","width":1080,"height":1080},{"@type":"BreadcrumbList","@id":"https:\/\/www.aq-arium.com\/aqmarine\/aquael-material-completo-para-tu-acuario\/acuarios-i-sets-completos\/opti-tank-aquael-claridad-desde-todos-los-angulos\/#breadcrumb","itemListElement":[{"@type":"ListItem","position":1,"name":"Portada","item":"https:\/\/www.aq-arium.com\/aqmarine\/"},{"@type":"ListItem","position":2,"name":"AquaEl | Material completo para tu acuario","item":"https:\/\/www.aq-arium.com\/aqmarine\/aquael-material-completo-para-tu-acuario\/"},{"@type":"ListItem","position":3,"name":"Acuarios i Sets completos | Aquael","item":"https:\/\/www.aq-arium.com\/aqmarine\/aquael-material-completo-para-tu-acuario\/acuarios-i-sets-completos\/"},{"@type":"ListItem","position":4,"name":"Opti Tank &#8211; Aquael | Claridad desde todos los \u00e1ngulos"}]},{"@type":"WebSite","@id":"https:\/\/www.aq-arium.com\/aqmarine\/#website","url":"https:\/\/www.aq-arium.com\/aqmarine\/","name":"AQ, Aquarium Solutions","description":"Productos para Acuario Marino y Dulce","publisher":{"@id":"https:\/\/www.aq-arium.com\/aqmarine\/#organization"},"potentialAction":[{"@type":"SearchAction","target":{"@type":"EntryPoint","urlTemplate":"https:\/\/www.aq-arium.com\/aqmarine\/?s={search_term_string}"},"query-input":{"@type":"PropertyValueSpecification","valueRequired":true,"valueName":"search_term_string"}}],"inLanguage":"es-ES"},{"@type":"Organization","@id":"https:\/\/www.aq-arium.com\/aqmarine\/#organization","name":"AQ-arium Solutions","url":"https:\/\/www.aq-arium.com\/aqmarine\/","logo":{"@type":"ImageObject","inLanguage":"es-ES","@id":"https:\/\/www.aq-arium.com\/aqmarine\/#\/schema\/logo\/image\/","url":"https:\/\/www.aq-arium.com\/aqmarine\/wp-content\/uploads\/2021\/08\/AQ-arium-Solutions-logo-100x47px-1.png","contentUrl":"https:\/\/www.aq-arium.com\/aqmarine\/wp-content\/uploads\/2021\/08\/AQ-arium-Solutions-logo-100x47px-1.png","width":100,"height":47,"caption":"AQ-arium Solutions"},"image":{"@id":"https:\/\/www.aq-arium.com\/aqmarine\/#\/schema\/logo\/image\/"},"sameAs":["https:\/\/www.instagram.com\/aq.arium\/","https:\/\/x.com\/AArium56877"]}]}},"jetpack_sharing_enabled":true,"_links":{"self":[{"href":"https:\/\/www.aq-arium.com\/aqmarine\/wp-json\/wp\/v2\/pages\/22186","targetHints":{"allow":["GET"]}}],"collection":[{"href":"https:\/\/www.aq-arium.com\/aqmarine\/wp-json\/wp\/v2\/pages"}],"about":[{"href":"https:\/\/www.aq-arium.com\/aqmarine\/wp-json\/wp\/v2\/types\/page"}],"author":[{"embeddable":true,"href":"https:\/\/www.aq-arium.com\/aqmarine\/wp-json\/wp\/v2\/users\/1"}],"replies":[{"embeddable":true,"href":"https:\/\/www.aq-arium.com\/aqmarine\/wp-json\/wp\/v2\/comments?post=22186"}],"version-history":[{"count":0,"href":"https:\/\/www.aq-arium.com\/aqmarine\/wp-json\/wp\/v2\/pages\/22186\/revisions"}],"up":[{"embeddable":true,"href":"https:\/\/www.aq-arium.com\/aqmarine\/wp-json\/wp\/v2\/pages\/21835"}],"wp:featuredmedia":[{"embeddable":true,"href":"https:\/\/www.aq-arium.com\/aqmarine\/wp-json\/wp\/v2\/media\/22188"}],"wp:attachment":[{"href":"https:\/\/www.aq-arium.com\/aqmarine\/wp-json\/wp\/v2\/media?parent=22186"}],"curies":[{"name":"wp","href":"https:\/\/api.w.org\/{rel}","templated":true}]}}