{"id":2165,"date":"2014-12-18T12:41:30","date_gmt":"2014-12-18T11:41:30","guid":{"rendered":"https:\/\/www.aq-arium.com\/aqmarine\/?page_id=2165"},"modified":"2023-04-27T09:51:42","modified_gmt":"2023-04-27T08:51:42","slug":"dvh-aqua-crobes","status":"publish","type":"page","link":"https:\/\/www.aq-arium.com\/aqmarine\/acuario-marino\/dvh-aqua-crobes\/","title":{"rendered":"Aqua Crobes tratamiento de infecciones bacterianas para acuario"},"content":{"rendered":"<p><a href=\"https:\/\/www.aq-arium.com\/aqmarine\/dvh\/\">Volver a la p\u00e1gina principal de\u00a0DVH<\/a><\/p>\n<p><span style=\"color: #000000;\"><img loading=\"lazy\" decoding=\"async\" class=\"alignnone wp-image-2164 size-column1-1\/2\" title=\"Aqua-crobes antibacterias pat\u00f3genas para acuario\" src=\"https:\/\/www.aq-arium.com\/aqmarine\/wp-content\/uploads\/2014\/08\/IMG_4275-960x480.jpg\" alt=\"Aqua-crobes antibacterias pat\u00f3genas para acuario\" width=\"960\" height=\"480\" srcset=\"https:\/\/www.aq-arium.com\/aqmarine\/wp-content\/uploads\/2014\/08\/IMG_4275-960x480.jpg 960w, https:\/\/www.aq-arium.com\/aqmarine\/wp-content\/uploads\/2014\/08\/IMG_4275-480x240.jpg 480w, https:\/\/www.aq-arium.com\/aqmarine\/wp-content\/uploads\/2014\/08\/IMG_4275-320x160.jpg 320w, https:\/\/www.aq-arium.com\/aqmarine\/wp-content\/uploads\/2014\/08\/IMG_4275-240x120.jpg 240w\" sizes=\"auto, (max-width: 960px) 100vw, 960px\" \/><\/span><\/p>\n<p><span style=\"color: #000000;\">Los nuevos Aqua-Crobes contienen bacterias y enzimas naturales que reducen las secuelas causadas por las enfermedades microbianas pat\u00f3genas como el Vibrio, Psedomonas, Aeromonas, Stretococcus, Allococcus, Myxobacterium, Columnaris y otras enfermedades de tipo bacteriano.<\/span><\/p>\n<p><span style=\"color: #000000;\">Aqua-Crobres compite con estas bacterias pat\u00f3genas por los nutrientes en el agua mientras estos est\u00e1n fuera de los animales esperando para atacar a sus peces.<\/span><\/p>\n<p><span style=\"color: #000000;\">Al mismo tiempo se producen unos peque\u00f1os p\u00e9ptidos que son t\u00f3xicos para los pat\u00f3genos de las pieles de los peces y crust\u00e1ceos. Cuando se siguen las indicaciones, Aqua-Crobes reducir\u00e1 el numero de bacterias pat\u00f3genas a niveles tan bajos que no ser\u00e1n una amenaza para la salud de sus peces.<\/span><\/p>\n<p><span style=\"color: #000000;\">Aqua-Crobes tambi\u00e9n ayuda a la supervivencia de artemia, copepodos y branchinus gracias a la mejora producida en la calidad del agua. Se utiliza en criaderos, importadores de animales ornamentales, sistemas de recirculaci\u00f3n, lagunas y en cualquier acuario que quiera mejorar la calidad del agua y reducir las enfermedades.<\/span><\/p>\n<p><span style=\"color: #000000;\">Tanto como si tiene Agua dulce, salobre o agua salada, sepa que con Aqua-Crobes estar\u00e1 listo.<\/span><\/p>\n<p>&nbsp;<\/p>\n<p><strong><span style=\"color: #000000;\">Dosificaci\u00f3n :<\/span><\/strong><\/p>\n<p><span style=\"color: #000000;\">Aplicaci\u00f3n Inicial : 1ml por cada 160 litros cada 3 d\u00edas durante un per\u00edodo de 9 d\u00edas.<\/span><br \/>\n<span style=\"color: #000000;\">Segunda aplicaci\u00f3n : 1ml por cada 160 litros una vez por semana, durante un per\u00edodo de 2 semanas.<\/span><br \/>\n<span style=\"color: #000000;\">Aplicaci\u00f3n de mantenimiento : 0,25ml por cada 160 litros una vez por semana.<\/span><\/p>\n<ul>\n<li><span style=\"color: #000000;\">Apague su sistema UV cuando est\u00e9 tratando su acuario con Aqua-Crobes durante los primeros 5 tratamientos, despu\u00e9s puede volver a encenderlo.<\/span><\/li>\n<li><span style=\"color: #000000;\">No utilice ning\u00fan antibi\u00f3tico liquido durante los 5 primeros tratamientos.<\/span><\/li>\n<li><span style=\"color: #000000;\">Si tiene alg\u00fan problema de tipo bacteriano existente, puede doblar el tratamiento de forma segura.<\/span><\/li>\n<li><span style=\"color: #000000;\">Despu\u00e9s de manipular el producto, l\u00e1vese las manos con agua enjabonada y caliente. Evite la inhalaci\u00f3n y el contacto con los ojos.<\/span><\/li>\n<li><span style=\"color: #000000;\">Los acuarios con condiciones de ox\u00edgeno empobrecido deben ser controlados durante la aplicaci\u00f3n y aireados si el ox\u00edgeno se colapsa.<\/span><\/li>\n<li><span style=\"color: #000000;\">Se recomienda refrigerar el producto una vez abierto.<\/span><\/li>\n<\/ul>\n","protected":false},"excerpt":{"rendered":"<p>Volver a la p\u00e1gina principal de\u00a0DVH Los nuevos Aqua-Crobes contienen bacterias y enzimas naturales que reducen las secuelas causadas por las enfermedades microbianas pat\u00f3genas como el Vibrio, Psedomonas, Aeromonas, Stretococcus, Allococcus, Myxobacterium, Columnaris y otras enfermedades de tipo bacteriano. Aqua-Crobres compite con estas bacterias pat\u00f3genas por los nutrientes en el agua mientras estos est\u00e1n fuera [&hellip;]<\/p>\n","protected":false},"author":1,"featured_media":2164,"parent":9115,"menu_order":0,"comment_status":"closed","ping_status":"open","template":"","meta":{"_acf_changed":false,"footnotes":""},"class_list":["post-2165","page","type-page","status-publish","has-post-thumbnail","hentry"],"acf":[],"yoast_head":"<!-- This site is optimized with the Yoast SEO plugin v23.9 - https:\/\/yoast.com\/wordpress\/plugins\/seo\/ -->\n<title>Aqua Crobes tratamiento de infecciones bacterianas para acuario<\/title>\n<meta name=\"description\" content=\"Bacterias y enzimas naturales como tratamiento de enfermedades microbianas del acuario marino y de arrecife.\" \/>\n<meta name=\"robots\" content=\"index, follow, max-snippet:-1, max-image-preview:large, max-video-preview:-1\" \/>\n<link rel=\"canonical\" href=\"https:\/\/www.aq-arium.com\/aqmarine\/acuario-marino\/dvh-aqua-crobes\/\" \/>\n<meta property=\"og:locale\" content=\"es_ES\" \/>\n<meta property=\"og:type\" content=\"article\" \/>\n<meta property=\"og:title\" content=\"Aqua Crobes tratamiento de infecciones bacterianas para acuario\" \/>\n<meta property=\"og:description\" content=\"Bacterias y enzimas naturales como tratamiento de enfermedades microbianas del acuario marino y de arrecife.\" \/>\n<meta property=\"og:url\" content=\"https:\/\/www.aq-arium.com\/aqmarine\/acuario-marino\/dvh-aqua-crobes\/\" \/>\n<meta property=\"og:site_name\" content=\"AQ, Aquarium Solutions\" \/>\n<meta property=\"article:publisher\" content=\"https:\/\/www.instagram.com\/aq.arium\/\" \/>\n<meta property=\"article:modified_time\" content=\"2023-04-27T08:51:42+00:00\" \/>\n<meta property=\"og:image\" content=\"https:\/\/www.aq-arium.com\/aqmarine\/wp-content\/uploads\/2014\/08\/IMG_4275-scaled.jpg\" \/>\n\t<meta property=\"og:image:width\" content=\"2560\" \/>\n\t<meta property=\"og:image:height\" content=\"1707\" \/>\n\t<meta property=\"og:image:type\" content=\"image\/jpeg\" \/>\n<meta name=\"twitter:card\" content=\"summary_large_image\" \/>\n<meta name=\"twitter:site\" content=\"@AArium56877\" \/>\n<meta name=\"twitter:label1\" content=\"Tiempo de lectura\" \/>\n\t<meta name=\"twitter:data1\" content=\"2 minutos\" \/>\n<script type=\"application\/ld+json\" class=\"yoast-schema-graph\">{\"@context\":\"https:\/\/schema.org\",\"@graph\":[{\"@type\":\"WebPage\",\"@id\":\"https:\/\/www.aq-arium.com\/aqmarine\/acuario-marino\/dvh-aqua-crobes\/\",\"url\":\"https:\/\/www.aq-arium.com\/aqmarine\/acuario-marino\/dvh-aqua-crobes\/\",\"name\":\"Aqua Crobes tratamiento de infecciones bacterianas para acuario\",\"isPartOf\":{\"@id\":\"https:\/\/www.aq-arium.com\/aqmarine\/#website\"},\"primaryImageOfPage\":{\"@id\":\"https:\/\/www.aq-arium.com\/aqmarine\/acuario-marino\/dvh-aqua-crobes\/#primaryimage\"},\"image\":{\"@id\":\"https:\/\/www.aq-arium.com\/aqmarine\/acuario-marino\/dvh-aqua-crobes\/#primaryimage\"},\"thumbnailUrl\":\"https:\/\/www.aq-arium.com\/aqmarine\/wp-content\/uploads\/2014\/08\/IMG_4275-scaled.jpg\",\"datePublished\":\"2014-12-18T11:41:30+00:00\",\"dateModified\":\"2023-04-27T08:51:42+00:00\",\"description\":\"Bacterias y enzimas naturales como tratamiento de enfermedades microbianas del acuario marino y de arrecife.\",\"breadcrumb\":{\"@id\":\"https:\/\/www.aq-arium.com\/aqmarine\/acuario-marino\/dvh-aqua-crobes\/#breadcrumb\"},\"inLanguage\":\"es-ES\",\"potentialAction\":[{\"@type\":\"ReadAction\",\"target\":[\"https:\/\/www.aq-arium.com\/aqmarine\/acuario-marino\/dvh-aqua-crobes\/\"]}]},{\"@type\":\"ImageObject\",\"inLanguage\":\"es-ES\",\"@id\":\"https:\/\/www.aq-arium.com\/aqmarine\/acuario-marino\/dvh-aqua-crobes\/#primaryimage\",\"url\":\"https:\/\/www.aq-arium.com\/aqmarine\/wp-content\/uploads\/2014\/08\/IMG_4275-scaled.jpg\",\"contentUrl\":\"https:\/\/www.aq-arium.com\/aqmarine\/wp-content\/uploads\/2014\/08\/IMG_4275-scaled.jpg\",\"width\":2560,\"height\":1707,\"caption\":\"aqua-crobes antibacterias pat\u00f3genas\"},{\"@type\":\"BreadcrumbList\",\"@id\":\"https:\/\/www.aq-arium.com\/aqmarine\/acuario-marino\/dvh-aqua-crobes\/#breadcrumb\",\"itemListElement\":[{\"@type\":\"ListItem\",\"position\":1,\"name\":\"Portada\",\"item\":\"https:\/\/www.aq-arium.com\/aqmarine\/\"},{\"@type\":\"ListItem\",\"position\":2,\"name\":\"ACUARIO MARINO\",\"item\":\"https:\/\/www.aq-arium.com\/aqmarine\/acuario-marino\/\"},{\"@type\":\"ListItem\",\"position\":3,\"name\":\"Aqua Crobes tratamiento de infecciones bacterianas para acuario\"}]},{\"@type\":\"WebSite\",\"@id\":\"https:\/\/www.aq-arium.com\/aqmarine\/#website\",\"url\":\"https:\/\/www.aq-arium.com\/aqmarine\/\",\"name\":\"AQ, Aquarium Solutions\",\"description\":\"Productos para Acuario Marino y Dulce\",\"publisher\":{\"@id\":\"https:\/\/www.aq-arium.com\/aqmarine\/#organization\"},\"potentialAction\":[{\"@type\":\"SearchAction\",\"target\":{\"@type\":\"EntryPoint\",\"urlTemplate\":\"https:\/\/www.aq-arium.com\/aqmarine\/?s={search_term_string}\"},\"query-input\":{\"@type\":\"PropertyValueSpecification\",\"valueRequired\":true,\"valueName\":\"search_term_string\"}}],\"inLanguage\":\"es-ES\"},{\"@type\":\"Organization\",\"@id\":\"https:\/\/www.aq-arium.com\/aqmarine\/#organization\",\"name\":\"AQ-arium Solutions\",\"url\":\"https:\/\/www.aq-arium.com\/aqmarine\/\",\"logo\":{\"@type\":\"ImageObject\",\"inLanguage\":\"es-ES\",\"@id\":\"https:\/\/www.aq-arium.com\/aqmarine\/#\/schema\/logo\/image\/\",\"url\":\"https:\/\/www.aq-arium.com\/aqmarine\/wp-content\/uploads\/2021\/08\/AQ-arium-Solutions-logo-100x47px-1.png\",\"contentUrl\":\"https:\/\/www.aq-arium.com\/aqmarine\/wp-content\/uploads\/2021\/08\/AQ-arium-Solutions-logo-100x47px-1.png\",\"width\":100,\"height\":47,\"caption\":\"AQ-arium Solutions\"},\"image\":{\"@id\":\"https:\/\/www.aq-arium.com\/aqmarine\/#\/schema\/logo\/image\/\"},\"sameAs\":[\"https:\/\/www.instagram.com\/aq.arium\/\",\"https:\/\/x.com\/AArium56877\"]}]}<\/script>\n<!-- \/ Yoast SEO plugin. -->","yoast_head_json":{"title":"Aqua Crobes tratamiento de infecciones bacterianas para acuario","description":"Bacterias y enzimas naturales como tratamiento de enfermedades microbianas del acuario marino y de arrecife.","robots":{"index":"index","follow":"follow","max-snippet":"max-snippet:-1","max-image-preview":"max-image-preview:large","max-video-preview":"max-video-preview:-1"},"canonical":"https:\/\/www.aq-arium.com\/aqmarine\/acuario-marino\/dvh-aqua-crobes\/","og_locale":"es_ES","og_type":"article","og_title":"Aqua Crobes tratamiento de infecciones bacterianas para acuario","og_description":"Bacterias y enzimas naturales como tratamiento de enfermedades microbianas del acuario marino y de arrecife.","og_url":"https:\/\/www.aq-arium.com\/aqmarine\/acuario-marino\/dvh-aqua-crobes\/","og_site_name":"AQ, Aquarium Solutions","article_publisher":"https:\/\/www.instagram.com\/aq.arium\/","article_modified_time":"2023-04-27T08:51:42+00:00","og_image":[{"width":2560,"height":1707,"url":"https:\/\/www.aq-arium.com\/aqmarine\/wp-content\/uploads\/2014\/08\/IMG_4275-scaled.jpg","type":"image\/jpeg"}],"twitter_card":"summary_large_image","twitter_site":"@AArium56877","twitter_misc":{"Tiempo de lectura":"2 minutos"},"schema":{"@context":"https:\/\/schema.org","@graph":[{"@type":"WebPage","@id":"https:\/\/www.aq-arium.com\/aqmarine\/acuario-marino\/dvh-aqua-crobes\/","url":"https:\/\/www.aq-arium.com\/aqmarine\/acuario-marino\/dvh-aqua-crobes\/","name":"Aqua Crobes tratamiento de infecciones bacterianas para acuario","isPartOf":{"@id":"https:\/\/www.aq-arium.com\/aqmarine\/#website"},"primaryImageOfPage":{"@id":"https:\/\/www.aq-arium.com\/aqmarine\/acuario-marino\/dvh-aqua-crobes\/#primaryimage"},"image":{"@id":"https:\/\/www.aq-arium.com\/aqmarine\/acuario-marino\/dvh-aqua-crobes\/#primaryimage"},"thumbnailUrl":"https:\/\/www.aq-arium.com\/aqmarine\/wp-content\/uploads\/2014\/08\/IMG_4275-scaled.jpg","datePublished":"2014-12-18T11:41:30+00:00","dateModified":"2023-04-27T08:51:42+00:00","description":"Bacterias y enzimas naturales como tratamiento de enfermedades microbianas del acuario marino y de arrecife.","breadcrumb":{"@id":"https:\/\/www.aq-arium.com\/aqmarine\/acuario-marino\/dvh-aqua-crobes\/#breadcrumb"},"inLanguage":"es-ES","potentialAction":[{"@type":"ReadAction","target":["https:\/\/www.aq-arium.com\/aqmarine\/acuario-marino\/dvh-aqua-crobes\/"]}]},{"@type":"ImageObject","inLanguage":"es-ES","@id":"https:\/\/www.aq-arium.com\/aqmarine\/acuario-marino\/dvh-aqua-crobes\/#primaryimage","url":"https:\/\/www.aq-arium.com\/aqmarine\/wp-content\/uploads\/2014\/08\/IMG_4275-scaled.jpg","contentUrl":"https:\/\/www.aq-arium.com\/aqmarine\/wp-content\/uploads\/2014\/08\/IMG_4275-scaled.jpg","width":2560,"height":1707,"caption":"aqua-crobes antibacterias pat\u00f3genas"},{"@type":"BreadcrumbList","@id":"https:\/\/www.aq-arium.com\/aqmarine\/acuario-marino\/dvh-aqua-crobes\/#breadcrumb","itemListElement":[{"@type":"ListItem","position":1,"name":"Portada","item":"https:\/\/www.aq-arium.com\/aqmarine\/"},{"@type":"ListItem","position":2,"name":"ACUARIO MARINO","item":"https:\/\/www.aq-arium.com\/aqmarine\/acuario-marino\/"},{"@type":"ListItem","position":3,"name":"Aqua Crobes tratamiento de infecciones bacterianas para acuario"}]},{"@type":"WebSite","@id":"https:\/\/www.aq-arium.com\/aqmarine\/#website","url":"https:\/\/www.aq-arium.com\/aqmarine\/","name":"AQ, Aquarium Solutions","description":"Productos para Acuario Marino y Dulce","publisher":{"@id":"https:\/\/www.aq-arium.com\/aqmarine\/#organization"},"potentialAction":[{"@type":"SearchAction","target":{"@type":"EntryPoint","urlTemplate":"https:\/\/www.aq-arium.com\/aqmarine\/?s={search_term_string}"},"query-input":{"@type":"PropertyValueSpecification","valueRequired":true,"valueName":"search_term_string"}}],"inLanguage":"es-ES"},{"@type":"Organization","@id":"https:\/\/www.aq-arium.com\/aqmarine\/#organization","name":"AQ-arium Solutions","url":"https:\/\/www.aq-arium.com\/aqmarine\/","logo":{"@type":"ImageObject","inLanguage":"es-ES","@id":"https:\/\/www.aq-arium.com\/aqmarine\/#\/schema\/logo\/image\/","url":"https:\/\/www.aq-arium.com\/aqmarine\/wp-content\/uploads\/2021\/08\/AQ-arium-Solutions-logo-100x47px-1.png","contentUrl":"https:\/\/www.aq-arium.com\/aqmarine\/wp-content\/uploads\/2021\/08\/AQ-arium-Solutions-logo-100x47px-1.png","width":100,"height":47,"caption":"AQ-arium Solutions"},"image":{"@id":"https:\/\/www.aq-arium.com\/aqmarine\/#\/schema\/logo\/image\/"},"sameAs":["https:\/\/www.instagram.com\/aq.arium\/","https:\/\/x.com\/AArium56877"]}]}},"jetpack_sharing_enabled":true,"_links":{"self":[{"href":"https:\/\/www.aq-arium.com\/aqmarine\/wp-json\/wp\/v2\/pages\/2165","targetHints":{"allow":["GET"]}}],"collection":[{"href":"https:\/\/www.aq-arium.com\/aqmarine\/wp-json\/wp\/v2\/pages"}],"about":[{"href":"https:\/\/www.aq-arium.com\/aqmarine\/wp-json\/wp\/v2\/types\/page"}],"author":[{"embeddable":true,"href":"https:\/\/www.aq-arium.com\/aqmarine\/wp-json\/wp\/v2\/users\/1"}],"replies":[{"embeddable":true,"href":"https:\/\/www.aq-arium.com\/aqmarine\/wp-json\/wp\/v2\/comments?post=2165"}],"version-history":[{"count":0,"href":"https:\/\/www.aq-arium.com\/aqmarine\/wp-json\/wp\/v2\/pages\/2165\/revisions"}],"up":[{"embeddable":true,"href":"https:\/\/www.aq-arium.com\/aqmarine\/wp-json\/wp\/v2\/pages\/9115"}],"wp:featuredmedia":[{"embeddable":true,"href":"https:\/\/www.aq-arium.com\/aqmarine\/wp-json\/wp\/v2\/media\/2164"}],"wp:attachment":[{"href":"https:\/\/www.aq-arium.com\/aqmarine\/wp-json\/wp\/v2\/media?parent=2165"}],"curies":[{"name":"wp","href":"https:\/\/api.w.org\/{rel}","templated":true}]}}