{"id":21395,"date":"2021-09-15T10:43:56","date_gmt":"2021-09-15T09:43:56","guid":{"rendered":"https:\/\/www.aq-arium.com\/aqmarine\/?page_id=21395"},"modified":"2021-09-15T10:48:15","modified_gmt":"2021-09-15T09:48:15","slug":"bomba-de-presion-mdp-2500-jebao","status":"publish","type":"page","link":"https:\/\/www.aq-arium.com\/aqmarine\/jebao-dulce\/jebao-bombas\/bomba-de-presion-mdp-2500-jebao\/","title":{"rendered":"Bomba de presi\u00f3n MDP 2500 &#8211; Jebao"},"content":{"rendered":"<p><a href=\"https:\/\/www.aq-arium.com\/aqmarine\/wp-content\/uploads\/2021\/09\/MDP-pump-5.jpg\"><img loading=\"lazy\" decoding=\"async\" class=\"size-full wp-image-21379 aligncenter\" src=\"https:\/\/www.aq-arium.com\/aqmarine\/wp-content\/uploads\/2021\/09\/MDP-pump-5.jpg\" alt=\"\" width=\"416\" height=\"231\" srcset=\"https:\/\/www.aq-arium.com\/aqmarine\/wp-content\/uploads\/2021\/09\/MDP-pump-5.jpg 416w, https:\/\/www.aq-arium.com\/aqmarine\/wp-content\/uploads\/2021\/09\/MDP-pump-5-300x167.jpg 300w\" sizes=\"auto, (max-width: 416px) 100vw, 416px\" \/><\/a><\/p>\n<p><a href=\"https:\/\/www.aq-arium.com\/aqmarine\/wp-content\/uploads\/2021\/09\/MDP-pump-1.jpg\"><img loading=\"lazy\" decoding=\"async\" class=\"alignnone size-full wp-image-21375\" src=\"https:\/\/www.aq-arium.com\/aqmarine\/wp-content\/uploads\/2021\/09\/MDP-pump-1.jpg\" alt=\"\" width=\"1434\" height=\"289\" srcset=\"https:\/\/www.aq-arium.com\/aqmarine\/wp-content\/uploads\/2021\/09\/MDP-pump-1.jpg 1434w, https:\/\/www.aq-arium.com\/aqmarine\/wp-content\/uploads\/2021\/09\/MDP-pump-1-300x60.jpg 300w, https:\/\/www.aq-arium.com\/aqmarine\/wp-content\/uploads\/2021\/09\/MDP-pump-1-1024x206.jpg 1024w, https:\/\/www.aq-arium.com\/aqmarine\/wp-content\/uploads\/2021\/09\/MDP-pump-1-768x155.jpg 768w, https:\/\/www.aq-arium.com\/aqmarine\/wp-content\/uploads\/2021\/09\/MDP-pump-1-600x121.jpg 600w\" sizes=\"auto, (max-width: 1434px) 100vw, 1434px\" \/><\/a><\/p>\n<p><a href=\"https:\/\/www.aq-arium.com\/aqmarine\/wp-content\/uploads\/2021\/09\/MDP-pump-2.jpg\"><img loading=\"lazy\" decoding=\"async\" class=\"alignnone size-full wp-image-21376\" src=\"https:\/\/www.aq-arium.com\/aqmarine\/wp-content\/uploads\/2021\/09\/MDP-pump-2.jpg\" alt=\"\" width=\"1819\" height=\"1467\" srcset=\"https:\/\/www.aq-arium.com\/aqmarine\/wp-content\/uploads\/2021\/09\/MDP-pump-2.jpg 1819w, https:\/\/www.aq-arium.com\/aqmarine\/wp-content\/uploads\/2021\/09\/MDP-pump-2-300x242.jpg 300w, https:\/\/www.aq-arium.com\/aqmarine\/wp-content\/uploads\/2021\/09\/MDP-pump-2-1024x826.jpg 1024w, https:\/\/www.aq-arium.com\/aqmarine\/wp-content\/uploads\/2021\/09\/MDP-pump-2-768x619.jpg 768w, https:\/\/www.aq-arium.com\/aqmarine\/wp-content\/uploads\/2021\/09\/MDP-pump-2-1536x1239.jpg 1536w, https:\/\/www.aq-arium.com\/aqmarine\/wp-content\/uploads\/2021\/09\/MDP-pump-2-600x484.jpg 600w\" sizes=\"auto, (max-width: 1819px) 100vw, 1819px\" \/><\/a><\/p>\n<ul>\n<li>Pantalla LCD, visual digital.<\/li>\n<li>Sistema de control inteligente<\/li>\n<li>Tecnolog\u00eda SINE Wave, funcionamiento ultra silencioso.<\/li>\n<li>Detecci\u00f3n electr\u00f3nica IC, protecci\u00f3n de apagado autom\u00e1tico sin agua.<\/li>\n<li>Protecci\u00f3n del motor si el rotor est\u00e1 bloqueado.<\/li>\n<li>Sin elemento de cobre.<\/li>\n<li>Con eje de cer\u00e1mica resistente al desgaste, mayor vida \u00fatil.<\/li>\n<\/ul>\n<p>&nbsp;<\/p>\n<p><a href=\"https:\/\/www.aq-arium.com\/aqmarine\/wp-content\/uploads\/2021\/09\/MDP-pump-13.jpg\"><img loading=\"lazy\" decoding=\"async\" class=\"alignnone wp-image-21387\" src=\"https:\/\/www.aq-arium.com\/aqmarine\/wp-content\/uploads\/2021\/09\/MDP-pump-13.jpg\" alt=\"\" width=\"329\" height=\"52\" srcset=\"https:\/\/www.aq-arium.com\/aqmarine\/wp-content\/uploads\/2021\/09\/MDP-pump-13.jpg 658w, https:\/\/www.aq-arium.com\/aqmarine\/wp-content\/uploads\/2021\/09\/MDP-pump-13-300x47.jpg 300w, https:\/\/www.aq-arium.com\/aqmarine\/wp-content\/uploads\/2021\/09\/MDP-pump-13-600x95.jpg 600w\" sizes=\"auto, (max-width: 329px) 100vw, 329px\" \/><\/a><\/p>\n<p><a href=\"https:\/\/www.aq-arium.com\/aqmarine\/wp-content\/uploads\/2021\/09\/MDP-pump-4.jpg\"><img loading=\"lazy\" decoding=\"async\" class=\"alignnone wp-image-21378\" src=\"https:\/\/www.aq-arium.com\/aqmarine\/wp-content\/uploads\/2021\/09\/MDP-pump-4.jpg\" alt=\"\" width=\"341\" height=\"411\" srcset=\"https:\/\/www.aq-arium.com\/aqmarine\/wp-content\/uploads\/2021\/09\/MDP-pump-4.jpg 674w, https:\/\/www.aq-arium.com\/aqmarine\/wp-content\/uploads\/2021\/09\/MDP-pump-4-249x300.jpg 249w, https:\/\/www.aq-arium.com\/aqmarine\/wp-content\/uploads\/2021\/09\/MDP-pump-4-600x723.jpg 600w\" sizes=\"auto, (max-width: 341px) 100vw, 341px\" \/><\/a><\/p>\n<hr \/>\n<p><a href=\"https:\/\/www.aq-arium.com\/aqmarine\/wp-content\/uploads\/2021\/09\/MDP-pump-6.jpg\"><img loading=\"lazy\" decoding=\"async\" class=\"wp-image-21380 alignleft\" src=\"https:\/\/www.aq-arium.com\/aqmarine\/wp-content\/uploads\/2021\/09\/MDP-pump-6.jpg\" alt=\"\" width=\"133\" height=\"98\" srcset=\"https:\/\/www.aq-arium.com\/aqmarine\/wp-content\/uploads\/2021\/09\/MDP-pump-6.jpg 436w, https:\/\/www.aq-arium.com\/aqmarine\/wp-content\/uploads\/2021\/09\/MDP-pump-6-300x222.jpg 300w\" sizes=\"auto, (max-width: 133px) 100vw, 133px\" \/><\/a><\/p>\n<h5>Tecnolog\u00eda de onda SINE.<\/h5>\n<p>&nbsp;<\/p>\n<p>&nbsp;<\/p>\n<p><a href=\"https:\/\/www.aq-arium.com\/aqmarine\/wp-content\/uploads\/2021\/09\/MDP-pump-7.jpg\"><img loading=\"lazy\" decoding=\"async\" class=\"wp-image-21381 alignleft\" src=\"https:\/\/www.aq-arium.com\/aqmarine\/wp-content\/uploads\/2021\/09\/MDP-pump-7.jpg\" alt=\"\" width=\"127\" height=\"215\" srcset=\"https:\/\/www.aq-arium.com\/aqmarine\/wp-content\/uploads\/2021\/09\/MDP-pump-7.jpg 244w, https:\/\/www.aq-arium.com\/aqmarine\/wp-content\/uploads\/2021\/09\/MDP-pump-7-177x300.jpg 177w\" sizes=\"auto, (max-width: 127px) 100vw, 127px\" \/><\/a><\/p>\n<p>&nbsp;<\/p>\n<h5>Pantalla LCD y control de flujo.<\/h5>\n<p>&nbsp;<\/p>\n<p>&nbsp;<\/p>\n<p>&nbsp;<\/p>\n<p>&nbsp;<\/p>\n<p>&nbsp;<\/p>\n<p><a href=\"https:\/\/www.aq-arium.com\/aqmarine\/wp-content\/uploads\/2021\/09\/MDP-pump-8.jpg\"><img loading=\"lazy\" decoding=\"async\" class=\"wp-image-21382 alignleft\" src=\"https:\/\/www.aq-arium.com\/aqmarine\/wp-content\/uploads\/2021\/09\/MDP-pump-8.jpg\" alt=\"\" width=\"133\" height=\"99\" srcset=\"https:\/\/www.aq-arium.com\/aqmarine\/wp-content\/uploads\/2021\/09\/MDP-pump-8.jpg 434w, https:\/\/www.aq-arium.com\/aqmarine\/wp-content\/uploads\/2021\/09\/MDP-pump-8-300x223.jpg 300w\" sizes=\"auto, (max-width: 133px) 100vw, 133px\" \/><\/a><\/p>\n<h5>Conector de corriente de bajo voltaje, protecci\u00f3n de seguridad contra fugas.<\/h5>\n<p>&nbsp;<\/p>\n<p>&nbsp;<\/p>\n<p><a href=\"https:\/\/www.aq-arium.com\/aqmarine\/wp-content\/uploads\/2021\/09\/MDP-pump-9.jpg\"><img loading=\"lazy\" decoding=\"async\" class=\"wp-image-21383 alignleft\" src=\"https:\/\/www.aq-arium.com\/aqmarine\/wp-content\/uploads\/2021\/09\/MDP-pump-9.jpg\" alt=\"\" width=\"138\" height=\"102\" srcset=\"https:\/\/www.aq-arium.com\/aqmarine\/wp-content\/uploads\/2021\/09\/MDP-pump-9.jpg 436w, https:\/\/www.aq-arium.com\/aqmarine\/wp-content\/uploads\/2021\/09\/MDP-pump-9-300x222.jpg 300w\" sizes=\"auto, (max-width: 138px) 100vw, 138px\" \/><\/a><\/p>\n<h5>Rotor de im\u00e1n Fe2o3 y eje cer\u00e1mico anticorrosivo resistente al desgaste, larga vida \u00fatil, impulsor de sello, m\u00e1s eficiente.<\/h5>\n<p>&nbsp;<\/p>\n<p>&nbsp;<\/p>\n<p><a href=\"https:\/\/www.aq-arium.com\/aqmarine\/wp-content\/uploads\/2021\/09\/MDP-pump-10.jpg\"><img loading=\"lazy\" decoding=\"async\" class=\"wp-image-21384 alignleft\" src=\"https:\/\/www.aq-arium.com\/aqmarine\/wp-content\/uploads\/2021\/09\/MDP-pump-10.jpg\" alt=\"\" width=\"138\" height=\"103\" srcset=\"https:\/\/www.aq-arium.com\/aqmarine\/wp-content\/uploads\/2021\/09\/MDP-pump-10.jpg 432w, https:\/\/www.aq-arium.com\/aqmarine\/wp-content\/uploads\/2021\/09\/MDP-pump-10-300x225.jpg 300w\" sizes=\"auto, (max-width: 138px) 100vw, 138px\" \/><\/a><\/p>\n<h5>WIFI<\/h5>\n<p>&nbsp;<\/p>\n<p>&nbsp;<\/p>\n<p>&nbsp;<\/p>\n<hr \/>\n<h4>DIAGRAMA DE CONEXI\u00d3N<\/h4>\n<p><a href=\"https:\/\/www.aq-arium.com\/aqmarine\/wp-content\/uploads\/2021\/09\/MDP-pump-11.jpg\"><img loading=\"lazy\" decoding=\"async\" class=\"alignnone size-full wp-image-21385\" src=\"https:\/\/www.aq-arium.com\/aqmarine\/wp-content\/uploads\/2021\/09\/MDP-pump-11.jpg\" alt=\"\" width=\"816\" height=\"574\" srcset=\"https:\/\/www.aq-arium.com\/aqmarine\/wp-content\/uploads\/2021\/09\/MDP-pump-11.jpg 816w, https:\/\/www.aq-arium.com\/aqmarine\/wp-content\/uploads\/2021\/09\/MDP-pump-11-300x211.jpg 300w, https:\/\/www.aq-arium.com\/aqmarine\/wp-content\/uploads\/2021\/09\/MDP-pump-11-768x540.jpg 768w, https:\/\/www.aq-arium.com\/aqmarine\/wp-content\/uploads\/2021\/09\/MDP-pump-11-600x422.jpg 600w\" sizes=\"auto, (max-width: 816px) 100vw, 816px\" \/><\/a><\/p>\n<p><a href=\"https:\/\/www.aq-arium.com\/aqmarine\/wp-content\/uploads\/2021\/09\/MDP-pump-12.jpg\"><img loading=\"lazy\" decoding=\"async\" class=\"alignnone size-full wp-image-21386\" src=\"https:\/\/www.aq-arium.com\/aqmarine\/wp-content\/uploads\/2021\/09\/MDP-pump-12.jpg\" alt=\"\" width=\"1644\" height=\"714\" srcset=\"https:\/\/www.aq-arium.com\/aqmarine\/wp-content\/uploads\/2021\/09\/MDP-pump-12.jpg 1644w, https:\/\/www.aq-arium.com\/aqmarine\/wp-content\/uploads\/2021\/09\/MDP-pump-12-300x130.jpg 300w, https:\/\/www.aq-arium.com\/aqmarine\/wp-content\/uploads\/2021\/09\/MDP-pump-12-1024x445.jpg 1024w, https:\/\/www.aq-arium.com\/aqmarine\/wp-content\/uploads\/2021\/09\/MDP-pump-12-768x334.jpg 768w, https:\/\/www.aq-arium.com\/aqmarine\/wp-content\/uploads\/2021\/09\/MDP-pump-12-1536x667.jpg 1536w, https:\/\/www.aq-arium.com\/aqmarine\/wp-content\/uploads\/2021\/09\/MDP-pump-12-600x261.jpg 600w\" sizes=\"auto, (max-width: 1644px) 100vw, 1644px\" \/><\/a><\/p>\n<p><span style=\"color: #ff0000;\">*Actualmente disponible solamente el modelo MDP-2500*<\/span><\/p>\n","protected":false},"excerpt":{"rendered":"<p>Pantalla LCD, visual digital. Sistema de control inteligente Tecnolog\u00eda SINE Wave, funcionamiento ultra silencioso. Detecci\u00f3n electr\u00f3nica IC, protecci\u00f3n de apagado autom\u00e1tico sin agua. Protecci\u00f3n del motor si el rotor est\u00e1 bloqueado. Sin elemento de cobre. Con eje de cer\u00e1mica resistente al desgaste, mayor vida \u00fatil. &nbsp; Tecnolog\u00eda de onda SINE. &nbsp; &nbsp; &nbsp; Pantalla LCD [&hellip;]<\/p>\n","protected":false},"author":1,"featured_media":21376,"parent":461,"menu_order":0,"comment_status":"closed","ping_status":"closed","template":"","meta":{"_acf_changed":false,"footnotes":""},"class_list":["post-21395","page","type-page","status-publish","has-post-thumbnail","hentry"],"acf":[],"yoast_head":"<!-- This site is optimized with the Yoast SEO plugin v23.9 - https:\/\/yoast.com\/wordpress\/plugins\/seo\/ -->\n<title>Bomba de presi\u00f3n MDP 2500 - Jebao - AQ, Aquarium Solutions<\/title>\n<meta name=\"description\" content=\"Nueva bomba de presi\u00f3n MDP de Jebao ha llegado con un dise\u00f1o y un controlador nuevo, y con WIFI. Bomba de presi\u00f3n MDP 2500 - Jebao\" \/>\n<meta name=\"robots\" content=\"index, follow, max-snippet:-1, max-image-preview:large, max-video-preview:-1\" \/>\n<link rel=\"canonical\" href=\"https:\/\/www.aq-arium.com\/aqmarine\/jebao-dulce\/jebao-bombas\/bomba-de-presion-mdp-2500-jebao\/\" \/>\n<meta property=\"og:locale\" content=\"es_ES\" \/>\n<meta property=\"og:type\" content=\"article\" \/>\n<meta property=\"og:title\" content=\"Bomba de presi\u00f3n MDP 2500 - Jebao - AQ, Aquarium Solutions\" \/>\n<meta property=\"og:description\" content=\"Nueva bomba de presi\u00f3n MDP de Jebao ha llegado con un dise\u00f1o y un controlador nuevo, y con WIFI. Bomba de presi\u00f3n MDP 2500 - Jebao\" \/>\n<meta property=\"og:url\" content=\"https:\/\/www.aq-arium.com\/aqmarine\/jebao-dulce\/jebao-bombas\/bomba-de-presion-mdp-2500-jebao\/\" \/>\n<meta property=\"og:site_name\" content=\"AQ, Aquarium Solutions\" \/>\n<meta property=\"article:publisher\" content=\"https:\/\/www.instagram.com\/aq.arium\/\" \/>\n<meta property=\"article:modified_time\" content=\"2021-09-15T09:48:15+00:00\" \/>\n<meta property=\"og:image\" content=\"https:\/\/www.aq-arium.com\/aqmarine\/wp-content\/uploads\/2021\/09\/MDP-pump-2.jpg\" \/>\n\t<meta property=\"og:image:width\" content=\"1819\" \/>\n\t<meta property=\"og:image:height\" content=\"1467\" \/>\n\t<meta property=\"og:image:type\" content=\"image\/jpeg\" \/>\n<meta name=\"twitter:card\" content=\"summary_large_image\" \/>\n<meta name=\"twitter:site\" content=\"@AArium56877\" \/>\n<meta name=\"twitter:label1\" content=\"Tiempo de lectura\" \/>\n\t<meta name=\"twitter:data1\" content=\"3 minutos\" \/>\n<script type=\"application\/ld+json\" class=\"yoast-schema-graph\">{\"@context\":\"https:\/\/schema.org\",\"@graph\":[{\"@type\":\"WebPage\",\"@id\":\"https:\/\/www.aq-arium.com\/aqmarine\/jebao-dulce\/jebao-bombas\/bomba-de-presion-mdp-2500-jebao\/\",\"url\":\"https:\/\/www.aq-arium.com\/aqmarine\/jebao-dulce\/jebao-bombas\/bomba-de-presion-mdp-2500-jebao\/\",\"name\":\"Bomba de presi\u00f3n MDP 2500 - Jebao - AQ, Aquarium Solutions\",\"isPartOf\":{\"@id\":\"https:\/\/www.aq-arium.com\/aqmarine\/#website\"},\"primaryImageOfPage\":{\"@id\":\"https:\/\/www.aq-arium.com\/aqmarine\/jebao-dulce\/jebao-bombas\/bomba-de-presion-mdp-2500-jebao\/#primaryimage\"},\"image\":{\"@id\":\"https:\/\/www.aq-arium.com\/aqmarine\/jebao-dulce\/jebao-bombas\/bomba-de-presion-mdp-2500-jebao\/#primaryimage\"},\"thumbnailUrl\":\"https:\/\/www.aq-arium.com\/aqmarine\/wp-content\/uploads\/2021\/09\/MDP-pump-2.jpg\",\"datePublished\":\"2021-09-15T09:43:56+00:00\",\"dateModified\":\"2021-09-15T09:48:15+00:00\",\"description\":\"Nueva bomba de presi\u00f3n MDP de Jebao ha llegado con un dise\u00f1o y un controlador nuevo, y con WIFI. Bomba de presi\u00f3n MDP 2500 - Jebao\",\"breadcrumb\":{\"@id\":\"https:\/\/www.aq-arium.com\/aqmarine\/jebao-dulce\/jebao-bombas\/bomba-de-presion-mdp-2500-jebao\/#breadcrumb\"},\"inLanguage\":\"es-ES\",\"potentialAction\":[{\"@type\":\"ReadAction\",\"target\":[\"https:\/\/www.aq-arium.com\/aqmarine\/jebao-dulce\/jebao-bombas\/bomba-de-presion-mdp-2500-jebao\/\"]}]},{\"@type\":\"ImageObject\",\"inLanguage\":\"es-ES\",\"@id\":\"https:\/\/www.aq-arium.com\/aqmarine\/jebao-dulce\/jebao-bombas\/bomba-de-presion-mdp-2500-jebao\/#primaryimage\",\"url\":\"https:\/\/www.aq-arium.com\/aqmarine\/wp-content\/uploads\/2021\/09\/MDP-pump-2.jpg\",\"contentUrl\":\"https:\/\/www.aq-arium.com\/aqmarine\/wp-content\/uploads\/2021\/09\/MDP-pump-2.jpg\",\"width\":1819,\"height\":1467},{\"@type\":\"BreadcrumbList\",\"@id\":\"https:\/\/www.aq-arium.com\/aqmarine\/jebao-dulce\/jebao-bombas\/bomba-de-presion-mdp-2500-jebao\/#breadcrumb\",\"itemListElement\":[{\"@type\":\"ListItem\",\"position\":1,\"name\":\"Portada\",\"item\":\"https:\/\/www.aq-arium.com\/aqmarine\/\"},{\"@type\":\"ListItem\",\"position\":2,\"name\":\"Jebao\",\"item\":\"https:\/\/www.aq-arium.com\/aqmarine\/jebao-dulce\/\"},{\"@type\":\"ListItem\",\"position\":3,\"name\":\"Jebao &#8211; Bombas\",\"item\":\"https:\/\/www.aq-arium.com\/aqmarine\/jebao-dulce\/jebao-bombas\/\"},{\"@type\":\"ListItem\",\"position\":4,\"name\":\"Bomba de presi\u00f3n MDP 2500 &#8211; Jebao\"}]},{\"@type\":\"WebSite\",\"@id\":\"https:\/\/www.aq-arium.com\/aqmarine\/#website\",\"url\":\"https:\/\/www.aq-arium.com\/aqmarine\/\",\"name\":\"AQ, Aquarium Solutions\",\"description\":\"Productos para Acuario Marino y Dulce\",\"publisher\":{\"@id\":\"https:\/\/www.aq-arium.com\/aqmarine\/#organization\"},\"potentialAction\":[{\"@type\":\"SearchAction\",\"target\":{\"@type\":\"EntryPoint\",\"urlTemplate\":\"https:\/\/www.aq-arium.com\/aqmarine\/?s={search_term_string}\"},\"query-input\":{\"@type\":\"PropertyValueSpecification\",\"valueRequired\":true,\"valueName\":\"search_term_string\"}}],\"inLanguage\":\"es-ES\"},{\"@type\":\"Organization\",\"@id\":\"https:\/\/www.aq-arium.com\/aqmarine\/#organization\",\"name\":\"AQ-arium Solutions\",\"url\":\"https:\/\/www.aq-arium.com\/aqmarine\/\",\"logo\":{\"@type\":\"ImageObject\",\"inLanguage\":\"es-ES\",\"@id\":\"https:\/\/www.aq-arium.com\/aqmarine\/#\/schema\/logo\/image\/\",\"url\":\"https:\/\/www.aq-arium.com\/aqmarine\/wp-content\/uploads\/2021\/08\/AQ-arium-Solutions-logo-100x47px-1.png\",\"contentUrl\":\"https:\/\/www.aq-arium.com\/aqmarine\/wp-content\/uploads\/2021\/08\/AQ-arium-Solutions-logo-100x47px-1.png\",\"width\":100,\"height\":47,\"caption\":\"AQ-arium Solutions\"},\"image\":{\"@id\":\"https:\/\/www.aq-arium.com\/aqmarine\/#\/schema\/logo\/image\/\"},\"sameAs\":[\"https:\/\/www.instagram.com\/aq.arium\/\",\"https:\/\/x.com\/AArium56877\"]}]}<\/script>\n<!-- \/ Yoast SEO plugin. -->","yoast_head_json":{"title":"Bomba de presi\u00f3n MDP 2500 - Jebao - AQ, Aquarium Solutions","description":"Nueva bomba de presi\u00f3n MDP de Jebao ha llegado con un dise\u00f1o y un controlador nuevo, y con WIFI. Bomba de presi\u00f3n MDP 2500 - Jebao","robots":{"index":"index","follow":"follow","max-snippet":"max-snippet:-1","max-image-preview":"max-image-preview:large","max-video-preview":"max-video-preview:-1"},"canonical":"https:\/\/www.aq-arium.com\/aqmarine\/jebao-dulce\/jebao-bombas\/bomba-de-presion-mdp-2500-jebao\/","og_locale":"es_ES","og_type":"article","og_title":"Bomba de presi\u00f3n MDP 2500 - Jebao - AQ, Aquarium Solutions","og_description":"Nueva bomba de presi\u00f3n MDP de Jebao ha llegado con un dise\u00f1o y un controlador nuevo, y con WIFI. Bomba de presi\u00f3n MDP 2500 - Jebao","og_url":"https:\/\/www.aq-arium.com\/aqmarine\/jebao-dulce\/jebao-bombas\/bomba-de-presion-mdp-2500-jebao\/","og_site_name":"AQ, Aquarium Solutions","article_publisher":"https:\/\/www.instagram.com\/aq.arium\/","article_modified_time":"2021-09-15T09:48:15+00:00","og_image":[{"width":1819,"height":1467,"url":"https:\/\/www.aq-arium.com\/aqmarine\/wp-content\/uploads\/2021\/09\/MDP-pump-2.jpg","type":"image\/jpeg"}],"twitter_card":"summary_large_image","twitter_site":"@AArium56877","twitter_misc":{"Tiempo de lectura":"3 minutos"},"schema":{"@context":"https:\/\/schema.org","@graph":[{"@type":"WebPage","@id":"https:\/\/www.aq-arium.com\/aqmarine\/jebao-dulce\/jebao-bombas\/bomba-de-presion-mdp-2500-jebao\/","url":"https:\/\/www.aq-arium.com\/aqmarine\/jebao-dulce\/jebao-bombas\/bomba-de-presion-mdp-2500-jebao\/","name":"Bomba de presi\u00f3n MDP 2500 - Jebao - AQ, Aquarium Solutions","isPartOf":{"@id":"https:\/\/www.aq-arium.com\/aqmarine\/#website"},"primaryImageOfPage":{"@id":"https:\/\/www.aq-arium.com\/aqmarine\/jebao-dulce\/jebao-bombas\/bomba-de-presion-mdp-2500-jebao\/#primaryimage"},"image":{"@id":"https:\/\/www.aq-arium.com\/aqmarine\/jebao-dulce\/jebao-bombas\/bomba-de-presion-mdp-2500-jebao\/#primaryimage"},"thumbnailUrl":"https:\/\/www.aq-arium.com\/aqmarine\/wp-content\/uploads\/2021\/09\/MDP-pump-2.jpg","datePublished":"2021-09-15T09:43:56+00:00","dateModified":"2021-09-15T09:48:15+00:00","description":"Nueva bomba de presi\u00f3n MDP de Jebao ha llegado con un dise\u00f1o y un controlador nuevo, y con WIFI. Bomba de presi\u00f3n MDP 2500 - Jebao","breadcrumb":{"@id":"https:\/\/www.aq-arium.com\/aqmarine\/jebao-dulce\/jebao-bombas\/bomba-de-presion-mdp-2500-jebao\/#breadcrumb"},"inLanguage":"es-ES","potentialAction":[{"@type":"ReadAction","target":["https:\/\/www.aq-arium.com\/aqmarine\/jebao-dulce\/jebao-bombas\/bomba-de-presion-mdp-2500-jebao\/"]}]},{"@type":"ImageObject","inLanguage":"es-ES","@id":"https:\/\/www.aq-arium.com\/aqmarine\/jebao-dulce\/jebao-bombas\/bomba-de-presion-mdp-2500-jebao\/#primaryimage","url":"https:\/\/www.aq-arium.com\/aqmarine\/wp-content\/uploads\/2021\/09\/MDP-pump-2.jpg","contentUrl":"https:\/\/www.aq-arium.com\/aqmarine\/wp-content\/uploads\/2021\/09\/MDP-pump-2.jpg","width":1819,"height":1467},{"@type":"BreadcrumbList","@id":"https:\/\/www.aq-arium.com\/aqmarine\/jebao-dulce\/jebao-bombas\/bomba-de-presion-mdp-2500-jebao\/#breadcrumb","itemListElement":[{"@type":"ListItem","position":1,"name":"Portada","item":"https:\/\/www.aq-arium.com\/aqmarine\/"},{"@type":"ListItem","position":2,"name":"Jebao","item":"https:\/\/www.aq-arium.com\/aqmarine\/jebao-dulce\/"},{"@type":"ListItem","position":3,"name":"Jebao &#8211; Bombas","item":"https:\/\/www.aq-arium.com\/aqmarine\/jebao-dulce\/jebao-bombas\/"},{"@type":"ListItem","position":4,"name":"Bomba de presi\u00f3n MDP 2500 &#8211; Jebao"}]},{"@type":"WebSite","@id":"https:\/\/www.aq-arium.com\/aqmarine\/#website","url":"https:\/\/www.aq-arium.com\/aqmarine\/","name":"AQ, Aquarium Solutions","description":"Productos para Acuario Marino y Dulce","publisher":{"@id":"https:\/\/www.aq-arium.com\/aqmarine\/#organization"},"potentialAction":[{"@type":"SearchAction","target":{"@type":"EntryPoint","urlTemplate":"https:\/\/www.aq-arium.com\/aqmarine\/?s={search_term_string}"},"query-input":{"@type":"PropertyValueSpecification","valueRequired":true,"valueName":"search_term_string"}}],"inLanguage":"es-ES"},{"@type":"Organization","@id":"https:\/\/www.aq-arium.com\/aqmarine\/#organization","name":"AQ-arium Solutions","url":"https:\/\/www.aq-arium.com\/aqmarine\/","logo":{"@type":"ImageObject","inLanguage":"es-ES","@id":"https:\/\/www.aq-arium.com\/aqmarine\/#\/schema\/logo\/image\/","url":"https:\/\/www.aq-arium.com\/aqmarine\/wp-content\/uploads\/2021\/08\/AQ-arium-Solutions-logo-100x47px-1.png","contentUrl":"https:\/\/www.aq-arium.com\/aqmarine\/wp-content\/uploads\/2021\/08\/AQ-arium-Solutions-logo-100x47px-1.png","width":100,"height":47,"caption":"AQ-arium Solutions"},"image":{"@id":"https:\/\/www.aq-arium.com\/aqmarine\/#\/schema\/logo\/image\/"},"sameAs":["https:\/\/www.instagram.com\/aq.arium\/","https:\/\/x.com\/AArium56877"]}]}},"jetpack_sharing_enabled":true,"_links":{"self":[{"href":"https:\/\/www.aq-arium.com\/aqmarine\/wp-json\/wp\/v2\/pages\/21395","targetHints":{"allow":["GET"]}}],"collection":[{"href":"https:\/\/www.aq-arium.com\/aqmarine\/wp-json\/wp\/v2\/pages"}],"about":[{"href":"https:\/\/www.aq-arium.com\/aqmarine\/wp-json\/wp\/v2\/types\/page"}],"author":[{"embeddable":true,"href":"https:\/\/www.aq-arium.com\/aqmarine\/wp-json\/wp\/v2\/users\/1"}],"replies":[{"embeddable":true,"href":"https:\/\/www.aq-arium.com\/aqmarine\/wp-json\/wp\/v2\/comments?post=21395"}],"version-history":[{"count":0,"href":"https:\/\/www.aq-arium.com\/aqmarine\/wp-json\/wp\/v2\/pages\/21395\/revisions"}],"up":[{"embeddable":true,"href":"https:\/\/www.aq-arium.com\/aqmarine\/wp-json\/wp\/v2\/pages\/461"}],"wp:featuredmedia":[{"embeddable":true,"href":"https:\/\/www.aq-arium.com\/aqmarine\/wp-json\/wp\/v2\/media\/21376"}],"wp:attachment":[{"href":"https:\/\/www.aq-arium.com\/aqmarine\/wp-json\/wp\/v2\/media?parent=21395"}],"curies":[{"name":"wp","href":"https:\/\/api.w.org\/{rel}","templated":true}]}}