{"id":2101,"date":"2014-12-15T11:06:52","date_gmt":"2014-12-15T10:06:52","guid":{"rendered":"https:\/\/www.aq-arium.com\/aqmarine\/?page_id=2101"},"modified":"2014-12-15T11:30:35","modified_gmt":"2014-12-15T10:30:35","slug":"aquatronica-uks-140","status":"publish","type":"page","link":"https:\/\/www.aq-arium.com\/aqmarine\/aquatronica-uks-140\/","title":{"rendered":"Aquatronica &#8211; ACQ-PS-140 \/ UKS-140"},"content":{"rendered":"<p><img loading=\"lazy\" decoding=\"async\" class=\"alignnone size-full wp-image-1778\" src=\"https:\/\/www.aq-arium.com\/aqmarine\/wp-content\/uploads\/2014\/11\/cabecera.jpg\" alt=\"cabecera\" width=\"1136\" height=\"107\" srcset=\"https:\/\/www.aq-arium.com\/aqmarine\/wp-content\/uploads\/2014\/11\/cabecera.jpg 1136w, https:\/\/www.aq-arium.com\/aqmarine\/wp-content\/uploads\/2014\/11\/cabecera-600x57.jpg 600w, https:\/\/www.aq-arium.com\/aqmarine\/wp-content\/uploads\/2014\/11\/cabecera-300x28.jpg 300w, https:\/\/www.aq-arium.com\/aqmarine\/wp-content\/uploads\/2014\/11\/cabecera-1024x96.jpg 1024w\" sizes=\"auto, (max-width: 1136px) 100vw, 1136px\" \/><\/p>\n<p>Aquatronica ofrece a sus clientes equ\u00edpos t\u00e9nnicos de alta calidad para filtrado.<\/p>\n<p>Los Espumadores o Skimmers de Aquatronica son muy robustos, se nota en la calidad del material usado.<\/p>\n<div class=\"ctsc-column ctsc-col2\">\n<p><strong>Estable y Seguro<\/strong> : La terminaci\u00f3n del cono est\u00e1 mecanizada con una curva c\u00f3nica para incrementar la estabilidad de la espumaci\u00f3n. El sistema de drenaje de agua est\u00e1 en la base para cancelar la emisi\u00f3n de burbujas de aire en la salida. El sistema de anti-vibraci\u00f3n de Aquatronica, absorbe cualquier vibraci\u00f3n molesta.<\/p>\n<p><img loading=\"lazy\" decoding=\"async\" class=\"alignnone size-medium wp-image-2091 aligncenter\" src=\"https:\/\/www.aq-arium.com\/aqmarine\/wp-content\/uploads\/2014\/12\/IMG_4250-300x199.jpg\" alt=\"IMG_4250\" width=\"300\" height=\"199\" srcset=\"https:\/\/www.aq-arium.com\/aqmarine\/wp-content\/uploads\/2014\/12\/IMG_4250-300x199.jpg 300w, https:\/\/www.aq-arium.com\/aqmarine\/wp-content\/uploads\/2014\/12\/IMG_4250-600x400.jpg 600w, https:\/\/www.aq-arium.com\/aqmarine\/wp-content\/uploads\/2014\/12\/IMG_4250-1024x682.jpg 1024w, https:\/\/www.aq-arium.com\/aqmarine\/wp-content\/uploads\/2014\/12\/IMG_4250-960x640.jpg 960w, https:\/\/www.aq-arium.com\/aqmarine\/wp-content\/uploads\/2014\/12\/IMG_4250-480x320.jpg 480w, https:\/\/www.aq-arium.com\/aqmarine\/wp-content\/uploads\/2014\/12\/IMG_4250-320x213.jpg 320w, https:\/\/www.aq-arium.com\/aqmarine\/wp-content\/uploads\/2014\/12\/IMG_4250-240x160.jpg 240w, https:\/\/www.aq-arium.com\/aqmarine\/wp-content\/uploads\/2014\/12\/IMG_4250.jpg 1280w\" sizes=\"auto, (max-width: 300px) 100vw, 300px\" \/><\/p>\n<div class=\"ctsc-separator  ctsc-separator-\"><div class=\"ctsc-separator-line\"><\/div><div class=\"clear\"><\/div><\/div>\n<p><strong>Potencia Italiana<\/strong> : El modelo de la bomba es una SICCE PSK, dise\u00f1ada para producir la mejor emulsi\u00f3n de aire y agua a trav\u00e9s del rotor de pines de aguja. El Venturi con el dise\u00f1o de curvas opuestas, ayuda a tener menor consumo y es virtualmente libre de mantenimiento.<br \/>\n<img loading=\"lazy\" decoding=\"async\" class=\"size-medium wp-image-2097 aligncenter\" src=\"https:\/\/www.aq-arium.com\/aqmarine\/wp-content\/uploads\/2014\/12\/IMG_4256-300x199.jpg\" alt=\"IMG_4256\" width=\"300\" height=\"199\" srcset=\"https:\/\/www.aq-arium.com\/aqmarine\/wp-content\/uploads\/2014\/12\/IMG_4256-300x199.jpg 300w, https:\/\/www.aq-arium.com\/aqmarine\/wp-content\/uploads\/2014\/12\/IMG_4256-600x400.jpg 600w, https:\/\/www.aq-arium.com\/aqmarine\/wp-content\/uploads\/2014\/12\/IMG_4256-1024x682.jpg 1024w, https:\/\/www.aq-arium.com\/aqmarine\/wp-content\/uploads\/2014\/12\/IMG_4256-960x640.jpg 960w, https:\/\/www.aq-arium.com\/aqmarine\/wp-content\/uploads\/2014\/12\/IMG_4256-480x320.jpg 480w, https:\/\/www.aq-arium.com\/aqmarine\/wp-content\/uploads\/2014\/12\/IMG_4256-320x213.jpg 320w, https:\/\/www.aq-arium.com\/aqmarine\/wp-content\/uploads\/2014\/12\/IMG_4256-240x160.jpg 240w, https:\/\/www.aq-arium.com\/aqmarine\/wp-content\/uploads\/2014\/12\/IMG_4256.jpg 1280w\" sizes=\"auto, (max-width: 300px) 100vw, 300px\" \/><\/p>\n<div class=\"ctsc-separator  ctsc-separator-\"><div class=\"ctsc-separator-line\"><\/div><div class=\"clear\"><\/div><\/div>\n<p><strong>Sellado de F\u00e1cil apertura<\/strong> : La copa de recolecci\u00f3n viene con el sistema &#8220;Easy Flip&#8221;, que utiliza juntas especiales que aseguran la copa al cuerpo del espumador, pero que adem\u00e1s es muy f\u00e1cil de desmontar.<\/p>\n<p><img loading=\"lazy\" decoding=\"async\" class=\"size-medium wp-image-2094 aligncenter\" src=\"https:\/\/www.aq-arium.com\/aqmarine\/wp-content\/uploads\/2014\/12\/IMG_4253-300x200.jpg\" alt=\"IMG_4253\" width=\"300\" height=\"200\" srcset=\"https:\/\/www.aq-arium.com\/aqmarine\/wp-content\/uploads\/2014\/12\/IMG_4253-300x200.jpg 300w, https:\/\/www.aq-arium.com\/aqmarine\/wp-content\/uploads\/2014\/12\/IMG_4253-600x400.jpg 600w, https:\/\/www.aq-arium.com\/aqmarine\/wp-content\/uploads\/2014\/12\/IMG_4253-1024x683.jpg 1024w, https:\/\/www.aq-arium.com\/aqmarine\/wp-content\/uploads\/2014\/12\/IMG_4253-960x640.jpg 960w, https:\/\/www.aq-arium.com\/aqmarine\/wp-content\/uploads\/2014\/12\/IMG_4253-480x320.jpg 480w, https:\/\/www.aq-arium.com\/aqmarine\/wp-content\/uploads\/2014\/12\/IMG_4253-320x213.jpg 320w, https:\/\/www.aq-arium.com\/aqmarine\/wp-content\/uploads\/2014\/12\/IMG_4253-240x160.jpg 240w, https:\/\/www.aq-arium.com\/aqmarine\/wp-content\/uploads\/2014\/12\/IMG_4253.jpg 1280w\" sizes=\"auto, (max-width: 300px) 100vw, 300px\" \/><\/p>\n<\/div><div class=\"ctsc-column ctsc-col2 ctsc-col-last\">\n<p><strong>Compacto<\/strong> : El espacio puede ser un problema, un rendimiento excelente puede ser in\u00fatil si el producto no puede ser instalado por el espacio requerido. El dise\u00f1o de la bomba interna, es el m\u00e1s compacto que podr\u00eda querer para su acuario.<\/p>\n<p><img loading=\"lazy\" decoding=\"async\" class=\"size-medium wp-image-2092 aligncenter\" src=\"https:\/\/www.aq-arium.com\/aqmarine\/wp-content\/uploads\/2014\/12\/IMG_4251-300x199.jpg\" alt=\"IMG_4251\" width=\"300\" height=\"199\" srcset=\"https:\/\/www.aq-arium.com\/aqmarine\/wp-content\/uploads\/2014\/12\/IMG_4251-300x199.jpg 300w, https:\/\/www.aq-arium.com\/aqmarine\/wp-content\/uploads\/2014\/12\/IMG_4251-600x400.jpg 600w, https:\/\/www.aq-arium.com\/aqmarine\/wp-content\/uploads\/2014\/12\/IMG_4251-1024x682.jpg 1024w, https:\/\/www.aq-arium.com\/aqmarine\/wp-content\/uploads\/2014\/12\/IMG_4251-960x640.jpg 960w, https:\/\/www.aq-arium.com\/aqmarine\/wp-content\/uploads\/2014\/12\/IMG_4251-480x320.jpg 480w, https:\/\/www.aq-arium.com\/aqmarine\/wp-content\/uploads\/2014\/12\/IMG_4251-320x213.jpg 320w, https:\/\/www.aq-arium.com\/aqmarine\/wp-content\/uploads\/2014\/12\/IMG_4251-240x160.jpg 240w, https:\/\/www.aq-arium.com\/aqmarine\/wp-content\/uploads\/2014\/12\/IMG_4251.jpg 1280w\" sizes=\"auto, (max-width: 300px) 100vw, 300px\" \/><\/p>\n<div class=\"ctsc-separator  ctsc-separator-\"><div class=\"ctsc-separator-line\"><\/div><div class=\"clear\"><\/div><\/div>\n<p><strong>Bajo Consumo<\/strong> : El skimmer interno recoge el agua directamente del sumidero sin necesidad de ninguna bomba adicional, esto reduce significativamente el consumo y el mantenimiento.<\/p>\n<p><img loading=\"lazy\" decoding=\"async\" class=\"alignnone size-medium wp-image-2096 aligncenter\" src=\"https:\/\/www.aq-arium.com\/aqmarine\/wp-content\/uploads\/2014\/12\/IMG_4255-300x199.jpg\" alt=\"IMG_4255\" width=\"300\" height=\"199\" srcset=\"https:\/\/www.aq-arium.com\/aqmarine\/wp-content\/uploads\/2014\/12\/IMG_4255-300x199.jpg 300w, https:\/\/www.aq-arium.com\/aqmarine\/wp-content\/uploads\/2014\/12\/IMG_4255-600x400.jpg 600w, https:\/\/www.aq-arium.com\/aqmarine\/wp-content\/uploads\/2014\/12\/IMG_4255-1024x682.jpg 1024w, https:\/\/www.aq-arium.com\/aqmarine\/wp-content\/uploads\/2014\/12\/IMG_4255-960x640.jpg 960w, https:\/\/www.aq-arium.com\/aqmarine\/wp-content\/uploads\/2014\/12\/IMG_4255-480x320.jpg 480w, https:\/\/www.aq-arium.com\/aqmarine\/wp-content\/uploads\/2014\/12\/IMG_4255-320x213.jpg 320w, https:\/\/www.aq-arium.com\/aqmarine\/wp-content\/uploads\/2014\/12\/IMG_4255-240x160.jpg 240w, https:\/\/www.aq-arium.com\/aqmarine\/wp-content\/uploads\/2014\/12\/IMG_4255.jpg 1280w\" sizes=\"auto, (max-width: 300px) 100vw, 300px\" \/><\/p>\n<div class=\"ctsc-separator  ctsc-separator-\"><div class=\"ctsc-separator-line\"><\/div><div class=\"clear\"><\/div><\/div>\n<p><strong>Difusor de Cono Inverso<\/strong> : El difusor con forma de &#8220;Cono Inverso&#8221;, mejora la separaci\u00f3n del aire y el agua, garantizando una excelente estabilidad, incluso en acuarios nuevos.<\/p>\n<p><img loading=\"lazy\" decoding=\"async\" class=\"size-medium wp-image-2098 aligncenter\" src=\"https:\/\/www.aq-arium.com\/aqmarine\/wp-content\/uploads\/2014\/12\/IMG_4257-300x199.jpg\" alt=\"IMG_4257\" width=\"300\" height=\"199\" srcset=\"https:\/\/www.aq-arium.com\/aqmarine\/wp-content\/uploads\/2014\/12\/IMG_4257-300x199.jpg 300w, https:\/\/www.aq-arium.com\/aqmarine\/wp-content\/uploads\/2014\/12\/IMG_4257-600x400.jpg 600w, https:\/\/www.aq-arium.com\/aqmarine\/wp-content\/uploads\/2014\/12\/IMG_4257-1024x682.jpg 1024w, https:\/\/www.aq-arium.com\/aqmarine\/wp-content\/uploads\/2014\/12\/IMG_4257-960x640.jpg 960w, https:\/\/www.aq-arium.com\/aqmarine\/wp-content\/uploads\/2014\/12\/IMG_4257-480x320.jpg 480w, https:\/\/www.aq-arium.com\/aqmarine\/wp-content\/uploads\/2014\/12\/IMG_4257-320x213.jpg 320w, https:\/\/www.aq-arium.com\/aqmarine\/wp-content\/uploads\/2014\/12\/IMG_4257-240x160.jpg 240w, https:\/\/www.aq-arium.com\/aqmarine\/wp-content\/uploads\/2014\/12\/IMG_4257.jpg 1280w\" sizes=\"auto, (max-width: 300px) 100vw, 300px\" \/><br \/>\n<\/div><div class=\"col-divide\"><\/div>\n<address>Im\u00e1genes orientativas del Skimmer UKS-180<\/address>\n<div class=\"ctsc-separator  ctsc-separator-\"><div class=\"ctsc-separator-line\"><\/div><div class=\"clear\"><\/div><\/div>\n<div class=\"ctsc-feature  ctsc-feature- ctsc-feature-horizontal\"><div class=\"ctsc-feature-icon\" style=\"\"><span class=\"icon-list\"><\/span><\/div><div class=\"ctsc-feature-body\"><h4 class=\"ctsc-feature-title\">Especificaciones ACQ-PS-140 \/ UKS-140<\/h4><div class=\"ctsc-feature-content\">\n<ul>\n<li>Para acuarios de : 300 litros<\/li>\n<li>Aire Succionado : 300~400 litros \/ hora.<\/li>\n<li>Agua tratada : ~800 litros \/ hora.<\/li>\n<li>Consumo : ~13W<\/li>\n<li>Dimensiones de la Base : 15&#215;21 cm<\/li>\n<li>Altura : 55 cm<\/li>\n<li>Altura m\u00ednima para sacar la copa : 57 cm<\/li>\n<li>Di\u00e1metro del cuerpo : 14 cm<\/li>\n<li>Bomba Interna<\/li>\n<li>Nivel de agua recomendado : 18~23 cm<\/li>\n<li>Bomba : PSK 400<\/li>\n<li>Adaptador de corriente : 115V \/ 240V 50~60Hz<\/li>\n<\/ul>\n<\/div><\/div><\/div>\n","protected":false},"excerpt":{"rendered":"<p>Aquatronica ofrece a sus clientes equ\u00edpos t\u00e9nnicos de alta calidad para filtrado. Los Espumadores o Skimmers de Aquatronica son muy robustos, se nota en la calidad del material usado. Im\u00e1genes orientativas del Skimmer UKS-180<\/p>\n","protected":false},"author":1,"featured_media":0,"parent":0,"menu_order":0,"comment_status":"closed","ping_status":"open","template":"","meta":{"_acf_changed":false,"footnotes":""},"class_list":["post-2101","page","type-page","status-publish","hentry"],"acf":[],"yoast_head":"<!-- This site is optimized with the Yoast SEO plugin v23.9 - https:\/\/yoast.com\/wordpress\/plugins\/seo\/ -->\n<title>Aquatronica - ACQ-PS-140 \/ UKS-140 - AQ, Aquarium Solutions<\/title>\n<meta name=\"robots\" content=\"index, follow, max-snippet:-1, max-image-preview:large, max-video-preview:-1\" \/>\n<link rel=\"canonical\" href=\"https:\/\/www.aq-arium.com\/aqmarine\/aquatronica-uks-140\/\" \/>\n<meta property=\"og:locale\" content=\"es_ES\" \/>\n<meta property=\"og:type\" content=\"article\" \/>\n<meta property=\"og:title\" content=\"Aquatronica - ACQ-PS-140 \/ UKS-140 - AQ, Aquarium Solutions\" \/>\n<meta property=\"og:description\" content=\"Aquatronica ofrece a sus clientes equ\u00edpos t\u00e9nnicos de alta calidad para filtrado. Los Espumadores o Skimmers de Aquatronica son muy robustos, se nota en la calidad del material usado. Im\u00e1genes orientativas del Skimmer UKS-180\" \/>\n<meta property=\"og:url\" content=\"https:\/\/www.aq-arium.com\/aqmarine\/aquatronica-uks-140\/\" \/>\n<meta property=\"og:site_name\" content=\"AQ, Aquarium Solutions\" \/>\n<meta property=\"article:publisher\" content=\"https:\/\/www.instagram.com\/aq.arium\/\" \/>\n<meta property=\"article:modified_time\" content=\"2014-12-15T10:30:35+00:00\" \/>\n<meta property=\"og:image\" content=\"https:\/\/www.aq-arium.com\/aqmarine\/wp-content\/uploads\/2014\/11\/cabecera.jpg\" \/>\n<meta name=\"twitter:card\" content=\"summary_large_image\" \/>\n<meta name=\"twitter:site\" content=\"@AArium56877\" \/>\n<meta name=\"twitter:label1\" content=\"Tiempo de lectura\" \/>\n\t<meta name=\"twitter:data1\" content=\"2 minutos\" \/>\n<script type=\"application\/ld+json\" class=\"yoast-schema-graph\">{\"@context\":\"https:\/\/schema.org\",\"@graph\":[{\"@type\":\"WebPage\",\"@id\":\"https:\/\/www.aq-arium.com\/aqmarine\/aquatronica-uks-140\/\",\"url\":\"https:\/\/www.aq-arium.com\/aqmarine\/aquatronica-uks-140\/\",\"name\":\"Aquatronica - ACQ-PS-140 \/ UKS-140 - AQ, Aquarium Solutions\",\"isPartOf\":{\"@id\":\"https:\/\/www.aq-arium.com\/aqmarine\/#website\"},\"primaryImageOfPage\":{\"@id\":\"https:\/\/www.aq-arium.com\/aqmarine\/aquatronica-uks-140\/#primaryimage\"},\"image\":{\"@id\":\"https:\/\/www.aq-arium.com\/aqmarine\/aquatronica-uks-140\/#primaryimage\"},\"thumbnailUrl\":\"https:\/\/www.aq-arium.com\/aqmarine\/wp-content\/uploads\/2014\/11\/cabecera.jpg\",\"datePublished\":\"2014-12-15T10:06:52+00:00\",\"dateModified\":\"2014-12-15T10:30:35+00:00\",\"breadcrumb\":{\"@id\":\"https:\/\/www.aq-arium.com\/aqmarine\/aquatronica-uks-140\/#breadcrumb\"},\"inLanguage\":\"es-ES\",\"potentialAction\":[{\"@type\":\"ReadAction\",\"target\":[\"https:\/\/www.aq-arium.com\/aqmarine\/aquatronica-uks-140\/\"]}]},{\"@type\":\"ImageObject\",\"inLanguage\":\"es-ES\",\"@id\":\"https:\/\/www.aq-arium.com\/aqmarine\/aquatronica-uks-140\/#primaryimage\",\"url\":\"https:\/\/www.aq-arium.com\/aqmarine\/wp-content\/uploads\/2014\/11\/cabecera.jpg\",\"contentUrl\":\"https:\/\/www.aq-arium.com\/aqmarine\/wp-content\/uploads\/2014\/11\/cabecera.jpg\",\"width\":1136,\"height\":107},{\"@type\":\"BreadcrumbList\",\"@id\":\"https:\/\/www.aq-arium.com\/aqmarine\/aquatronica-uks-140\/#breadcrumb\",\"itemListElement\":[{\"@type\":\"ListItem\",\"position\":1,\"name\":\"Portada\",\"item\":\"https:\/\/www.aq-arium.com\/aqmarine\/\"},{\"@type\":\"ListItem\",\"position\":2,\"name\":\"Aquatronica &#8211; ACQ-PS-140 \/ UKS-140\"}]},{\"@type\":\"WebSite\",\"@id\":\"https:\/\/www.aq-arium.com\/aqmarine\/#website\",\"url\":\"https:\/\/www.aq-arium.com\/aqmarine\/\",\"name\":\"AQ, Aquarium Solutions\",\"description\":\"Productos para Acuario Marino y Dulce\",\"publisher\":{\"@id\":\"https:\/\/www.aq-arium.com\/aqmarine\/#organization\"},\"potentialAction\":[{\"@type\":\"SearchAction\",\"target\":{\"@type\":\"EntryPoint\",\"urlTemplate\":\"https:\/\/www.aq-arium.com\/aqmarine\/?s={search_term_string}\"},\"query-input\":{\"@type\":\"PropertyValueSpecification\",\"valueRequired\":true,\"valueName\":\"search_term_string\"}}],\"inLanguage\":\"es-ES\"},{\"@type\":\"Organization\",\"@id\":\"https:\/\/www.aq-arium.com\/aqmarine\/#organization\",\"name\":\"AQ-arium Solutions\",\"url\":\"https:\/\/www.aq-arium.com\/aqmarine\/\",\"logo\":{\"@type\":\"ImageObject\",\"inLanguage\":\"es-ES\",\"@id\":\"https:\/\/www.aq-arium.com\/aqmarine\/#\/schema\/logo\/image\/\",\"url\":\"https:\/\/www.aq-arium.com\/aqmarine\/wp-content\/uploads\/2021\/08\/AQ-arium-Solutions-logo-100x47px-1.png\",\"contentUrl\":\"https:\/\/www.aq-arium.com\/aqmarine\/wp-content\/uploads\/2021\/08\/AQ-arium-Solutions-logo-100x47px-1.png\",\"width\":100,\"height\":47,\"caption\":\"AQ-arium Solutions\"},\"image\":{\"@id\":\"https:\/\/www.aq-arium.com\/aqmarine\/#\/schema\/logo\/image\/\"},\"sameAs\":[\"https:\/\/www.instagram.com\/aq.arium\/\",\"https:\/\/x.com\/AArium56877\"]}]}<\/script>\n<!-- \/ Yoast SEO plugin. -->","yoast_head_json":{"title":"Aquatronica - ACQ-PS-140 \/ UKS-140 - AQ, Aquarium Solutions","robots":{"index":"index","follow":"follow","max-snippet":"max-snippet:-1","max-image-preview":"max-image-preview:large","max-video-preview":"max-video-preview:-1"},"canonical":"https:\/\/www.aq-arium.com\/aqmarine\/aquatronica-uks-140\/","og_locale":"es_ES","og_type":"article","og_title":"Aquatronica - ACQ-PS-140 \/ UKS-140 - AQ, Aquarium Solutions","og_description":"Aquatronica ofrece a sus clientes equ\u00edpos t\u00e9nnicos de alta calidad para filtrado. Los Espumadores o Skimmers de Aquatronica son muy robustos, se nota en la calidad del material usado. Im\u00e1genes orientativas del Skimmer UKS-180","og_url":"https:\/\/www.aq-arium.com\/aqmarine\/aquatronica-uks-140\/","og_site_name":"AQ, Aquarium Solutions","article_publisher":"https:\/\/www.instagram.com\/aq.arium\/","article_modified_time":"2014-12-15T10:30:35+00:00","og_image":[{"url":"https:\/\/www.aq-arium.com\/aqmarine\/wp-content\/uploads\/2014\/11\/cabecera.jpg"}],"twitter_card":"summary_large_image","twitter_site":"@AArium56877","twitter_misc":{"Tiempo de lectura":"2 minutos"},"schema":{"@context":"https:\/\/schema.org","@graph":[{"@type":"WebPage","@id":"https:\/\/www.aq-arium.com\/aqmarine\/aquatronica-uks-140\/","url":"https:\/\/www.aq-arium.com\/aqmarine\/aquatronica-uks-140\/","name":"Aquatronica - ACQ-PS-140 \/ UKS-140 - AQ, Aquarium Solutions","isPartOf":{"@id":"https:\/\/www.aq-arium.com\/aqmarine\/#website"},"primaryImageOfPage":{"@id":"https:\/\/www.aq-arium.com\/aqmarine\/aquatronica-uks-140\/#primaryimage"},"image":{"@id":"https:\/\/www.aq-arium.com\/aqmarine\/aquatronica-uks-140\/#primaryimage"},"thumbnailUrl":"https:\/\/www.aq-arium.com\/aqmarine\/wp-content\/uploads\/2014\/11\/cabecera.jpg","datePublished":"2014-12-15T10:06:52+00:00","dateModified":"2014-12-15T10:30:35+00:00","breadcrumb":{"@id":"https:\/\/www.aq-arium.com\/aqmarine\/aquatronica-uks-140\/#breadcrumb"},"inLanguage":"es-ES","potentialAction":[{"@type":"ReadAction","target":["https:\/\/www.aq-arium.com\/aqmarine\/aquatronica-uks-140\/"]}]},{"@type":"ImageObject","inLanguage":"es-ES","@id":"https:\/\/www.aq-arium.com\/aqmarine\/aquatronica-uks-140\/#primaryimage","url":"https:\/\/www.aq-arium.com\/aqmarine\/wp-content\/uploads\/2014\/11\/cabecera.jpg","contentUrl":"https:\/\/www.aq-arium.com\/aqmarine\/wp-content\/uploads\/2014\/11\/cabecera.jpg","width":1136,"height":107},{"@type":"BreadcrumbList","@id":"https:\/\/www.aq-arium.com\/aqmarine\/aquatronica-uks-140\/#breadcrumb","itemListElement":[{"@type":"ListItem","position":1,"name":"Portada","item":"https:\/\/www.aq-arium.com\/aqmarine\/"},{"@type":"ListItem","position":2,"name":"Aquatronica &#8211; ACQ-PS-140 \/ UKS-140"}]},{"@type":"WebSite","@id":"https:\/\/www.aq-arium.com\/aqmarine\/#website","url":"https:\/\/www.aq-arium.com\/aqmarine\/","name":"AQ, Aquarium Solutions","description":"Productos para Acuario Marino y Dulce","publisher":{"@id":"https:\/\/www.aq-arium.com\/aqmarine\/#organization"},"potentialAction":[{"@type":"SearchAction","target":{"@type":"EntryPoint","urlTemplate":"https:\/\/www.aq-arium.com\/aqmarine\/?s={search_term_string}"},"query-input":{"@type":"PropertyValueSpecification","valueRequired":true,"valueName":"search_term_string"}}],"inLanguage":"es-ES"},{"@type":"Organization","@id":"https:\/\/www.aq-arium.com\/aqmarine\/#organization","name":"AQ-arium Solutions","url":"https:\/\/www.aq-arium.com\/aqmarine\/","logo":{"@type":"ImageObject","inLanguage":"es-ES","@id":"https:\/\/www.aq-arium.com\/aqmarine\/#\/schema\/logo\/image\/","url":"https:\/\/www.aq-arium.com\/aqmarine\/wp-content\/uploads\/2021\/08\/AQ-arium-Solutions-logo-100x47px-1.png","contentUrl":"https:\/\/www.aq-arium.com\/aqmarine\/wp-content\/uploads\/2021\/08\/AQ-arium-Solutions-logo-100x47px-1.png","width":100,"height":47,"caption":"AQ-arium Solutions"},"image":{"@id":"https:\/\/www.aq-arium.com\/aqmarine\/#\/schema\/logo\/image\/"},"sameAs":["https:\/\/www.instagram.com\/aq.arium\/","https:\/\/x.com\/AArium56877"]}]}},"jetpack_sharing_enabled":true,"_links":{"self":[{"href":"https:\/\/www.aq-arium.com\/aqmarine\/wp-json\/wp\/v2\/pages\/2101","targetHints":{"allow":["GET"]}}],"collection":[{"href":"https:\/\/www.aq-arium.com\/aqmarine\/wp-json\/wp\/v2\/pages"}],"about":[{"href":"https:\/\/www.aq-arium.com\/aqmarine\/wp-json\/wp\/v2\/types\/page"}],"author":[{"embeddable":true,"href":"https:\/\/www.aq-arium.com\/aqmarine\/wp-json\/wp\/v2\/users\/1"}],"replies":[{"embeddable":true,"href":"https:\/\/www.aq-arium.com\/aqmarine\/wp-json\/wp\/v2\/comments?post=2101"}],"version-history":[{"count":0,"href":"https:\/\/www.aq-arium.com\/aqmarine\/wp-json\/wp\/v2\/pages\/2101\/revisions"}],"wp:attachment":[{"href":"https:\/\/www.aq-arium.com\/aqmarine\/wp-json\/wp\/v2\/media?parent=2101"}],"curies":[{"name":"wp","href":"https:\/\/api.w.org\/{rel}","templated":true}]}}