{"id":2032,"date":"2014-12-10T10:08:05","date_gmt":"2014-12-10T09:08:05","guid":{"rendered":"https:\/\/www.aq-arium.com\/aqmarine\/?page_id=2032"},"modified":"2020-12-10T17:10:17","modified_gmt":"2020-12-10T16:10:17","slug":"alertas","status":"publish","type":"page","link":"https:\/\/www.aq-arium.com\/aqmarine\/alertas\/","title":{"rendered":"ALERTAS"},"content":{"rendered":"<p>&nbsp;<\/p>\r\n<p style=\"text-align: center;\"><span style=\"color: #000000;\">M\u00c1S DE 50 MARCAS DISPONIBLES, PUEDE ESTAR SEGURO QUE TENDR\u00c1 LOS PRODUCTOS M\u00c1S NOVEDOSOS Y BUSCADOS EN SUS ESTANTER\u00cdAS.<\/span><\/p>\r\n[metaslider id=&#8221;16275&#8243;]\r\n<p>&nbsp;<\/p>\r\n[nk_awb awb_type=&#8221;color&#8221; awb_color=&#8221;#f2f2f2&#8243; awb_stretch=&#8221;true&#8221;]\r\n<p>&nbsp;<\/p>\r\n\r\n<div class=\"wp-block-columns is-layout-flex wp-container-core-columns-is-layout-1 wp-block-columns-is-layout-flex\">\r\n<div class=\"wp-block-column is-layout-flow wp-block-column-is-layout-flow\">\r\n<p class=\"has-black-color has-text-color\"><strong><u>AQUARIUM SOLUTIONS<\/u><\/strong><\/p>\r\n\r\n\r\n\r\n<p class=\"has-black-color has-text-color\">VALOR A\u00d1ADIDO | INFORMACI\u00d3N | FORMACI\u00d3N<br \/>TRANSPARENCIA | INNOVACI\u00d3N | SERVICIO<\/p>\r\n\r\n\r\n\r\n<p class=\"has-black-color has-text-color\">EXPORTACI\u00d3N A 11 PA\u00cdSES A NIVEL GLOBAL<br \/>M\u00c1S DE 500 CLIENTES CONF\u00cdAN EN NOSOTROS<\/p>\r\n\r\n\r\n\r\n<ul class=\"wp-block-list\">\r\n<li><a href=\"https:\/\/www.aq-arium.com\/aqmarine\/somos-lo-que-su-tienda-necesita\/\" target=\"_blank\" rel=\"noreferrer noopener\">Nuestra Historia<\/a><\/li>\r\n<li><a href=\"https:\/\/www.aq-arium.com\/aqmarine\/somos-lo-que-su-tienda-necesita\/\" target=\"_blank\" rel=\"noreferrer noopener\">AQ-Educa<\/a><\/li>\r\n<\/ul>\r\n<\/div>\r\n\r\n\r\n\r\n<div class=\"wp-block-column is-layout-flow wp-block-column-is-layout-flow\">\r\n<p class=\"has-black-color has-text-color\"><strong><i class=\"fas fa-fighter-jet\"><\/i> <u>PEDIDOS EXPRESS<\/u><\/strong><\/p>\r\n\r\n\r\n\r\n<p class=\"has-black-color has-text-color\">REALIZA EL PEDIDO Y REC\u00cdBELO EN 24H EN TU LOCAL<\/p>\r\n\r\n\r\n\r\n<p class=\"has-black-color has-text-color\"><strong><i class=\"fas fa-weight-hanging\"><\/i> <u>DESCUENTO EN PESADOS POR RECOGIDA<\/u><\/strong><\/p>\r\n\r\n\r\n\r\n<p class=\"has-black-color has-text-color\">SI REALIZAS UN PEDIDO DE PESO ELEVADO, RECIBIR\u00c1S UN DESCUENTO AL RECOGERLO EN NUESTRAS INTALACIONES<\/p>\r\n<\/div>\r\n\r\n\r\n\r\n<div class=\"wp-block-column is-layout-flow wp-block-column-is-layout-flow\">\r\n<p class=\"has-black-color has-text-color\"><strong><i class=\"fas fa-truck\"><\/i> <u>ENV\u00cdO A CLIENTE DIRECTO<\/u><\/strong><\/p>\r\n\r\n\r\n\r\n<p class=\"has-black-color has-text-color\">ENVIAMOS TU PEDIDO AL CLIENTE SIN NECESIDAD DE RECEPCIONARLO EN TIENDA<\/p>\r\n\r\n\r\n\r\n<p class=\"has-black-color has-text-color\"><strong><i class=\"fas fa-clock\"><\/i> <u>RECIBE PALETS EN MENOS DE UNA SEMANA<\/u><\/strong><\/p>\r\n\r\n\r\n\r\n<p class=\"has-black-color has-text-color\">REALIZA TU PEDIDO DE PALETS Y REC\u00cdBELO EN 4 D\u00cdAS CON DESCUENTO DE PESADOS.<\/p>\r\n<\/div>\r\n<\/div>\r\n\r\n\r\n\r\n[\/nk_awb]\r\n\r\n\r\n\r\n<p class=\"has-text-align-center has-large-font-size\"><span style=\"color: #000000;\"><strong>NOVEDADES<\/strong><\/span><\/p>\r\n","protected":false},"excerpt":{"rendered":"<p>&nbsp; M\u00c1S DE 50 MARCAS DISPONIBLES, PUEDE ESTAR SEGURO QUE TENDR\u00c1 LOS PRODUCTOS M\u00c1S NOVEDOSOS Y BUSCADOS EN SUS ESTANTER\u00cdAS. [metaslider id=&#8221;16275&#8243;] &nbsp; [nk_awb awb_type=&#8221;color&#8221; awb_color=&#8221;#f2f2f2&#8243; awb_stretch=&#8221;true&#8221;] &nbsp; AQUARIUM SOLUTIONS VALOR A\u00d1ADIDO | INFORMACI\u00d3N | FORMACI\u00d3NTRANSPARENCIA | INNOVACI\u00d3N | SERVICIO EXPORTACI\u00d3N A 11 PA\u00cdSES A NIVEL GLOBALM\u00c1S DE 500 CLIENTES CONF\u00cdAN EN NOSOTROS Nuestra Historia [&hellip;]<\/p>\n","protected":false},"author":1,"featured_media":0,"parent":0,"menu_order":0,"comment_status":"closed","ping_status":"open","template":"","meta":{"_acf_changed":false,"footnotes":""},"class_list":["post-2032","page","type-page","status-publish","hentry"],"acf":[],"yoast_head":"<!-- This site is optimized with the Yoast SEO plugin v23.9 - https:\/\/yoast.com\/wordpress\/plugins\/seo\/ -->\n<title>ALERTAS - AQ, Aquarium Solutions<\/title>\n<meta name=\"robots\" content=\"index, follow, max-snippet:-1, max-image-preview:large, max-video-preview:-1\" \/>\n<link rel=\"canonical\" href=\"https:\/\/www.aq-arium.com\/aqmarine\/alertas\/\" \/>\n<meta property=\"og:locale\" content=\"es_ES\" \/>\n<meta property=\"og:type\" content=\"article\" \/>\n<meta property=\"og:title\" content=\"ALERTAS - AQ, Aquarium Solutions\" \/>\n<meta property=\"og:description\" content=\"&nbsp; M\u00c1S DE 50 MARCAS DISPONIBLES, PUEDE ESTAR SEGURO QUE TENDR\u00c1 LOS PRODUCTOS M\u00c1S NOVEDOSOS Y BUSCADOS EN SUS ESTANTER\u00cdAS. [metaslider id=&#8221;16275&#8243;] &nbsp; [nk_awb awb_type=&#8221;color&#8221; awb_color=&#8221;#f2f2f2&#8243; awb_stretch=&#8221;true&#8221;] &nbsp; AQUARIUM SOLUTIONS VALOR A\u00d1ADIDO | INFORMACI\u00d3N | FORMACI\u00d3NTRANSPARENCIA | INNOVACI\u00d3N | SERVICIO EXPORTACI\u00d3N A 11 PA\u00cdSES A NIVEL GLOBALM\u00c1S DE 500 CLIENTES CONF\u00cdAN EN NOSOTROS Nuestra Historia [&hellip;]\" \/>\n<meta property=\"og:url\" content=\"https:\/\/www.aq-arium.com\/aqmarine\/alertas\/\" \/>\n<meta property=\"og:site_name\" content=\"AQ, Aquarium Solutions\" \/>\n<meta property=\"article:publisher\" content=\"https:\/\/www.instagram.com\/aq.arium\/\" \/>\n<meta property=\"article:modified_time\" content=\"2020-12-10T16:10:17+00:00\" \/>\n<meta name=\"twitter:card\" content=\"summary_large_image\" \/>\n<meta name=\"twitter:site\" content=\"@AArium56877\" \/>\n<meta name=\"twitter:label1\" content=\"Tiempo de lectura\" \/>\n\t<meta name=\"twitter:data1\" content=\"1 minuto\" \/>\n<script type=\"application\/ld+json\" class=\"yoast-schema-graph\">{\"@context\":\"https:\/\/schema.org\",\"@graph\":[{\"@type\":\"WebPage\",\"@id\":\"https:\/\/www.aq-arium.com\/aqmarine\/alertas\/\",\"url\":\"https:\/\/www.aq-arium.com\/aqmarine\/alertas\/\",\"name\":\"ALERTAS - AQ, Aquarium Solutions\",\"isPartOf\":{\"@id\":\"https:\/\/www.aq-arium.com\/aqmarine\/#website\"},\"datePublished\":\"2014-12-10T09:08:05+00:00\",\"dateModified\":\"2020-12-10T16:10:17+00:00\",\"breadcrumb\":{\"@id\":\"https:\/\/www.aq-arium.com\/aqmarine\/alertas\/#breadcrumb\"},\"inLanguage\":\"es-ES\",\"potentialAction\":[{\"@type\":\"ReadAction\",\"target\":[\"https:\/\/www.aq-arium.com\/aqmarine\/alertas\/\"]}]},{\"@type\":\"BreadcrumbList\",\"@id\":\"https:\/\/www.aq-arium.com\/aqmarine\/alertas\/#breadcrumb\",\"itemListElement\":[{\"@type\":\"ListItem\",\"position\":1,\"name\":\"Portada\",\"item\":\"https:\/\/www.aq-arium.com\/aqmarine\/\"},{\"@type\":\"ListItem\",\"position\":2,\"name\":\"ALERTAS\"}]},{\"@type\":\"WebSite\",\"@id\":\"https:\/\/www.aq-arium.com\/aqmarine\/#website\",\"url\":\"https:\/\/www.aq-arium.com\/aqmarine\/\",\"name\":\"AQ, Aquarium Solutions\",\"description\":\"Productos para Acuario Marino y Dulce\",\"publisher\":{\"@id\":\"https:\/\/www.aq-arium.com\/aqmarine\/#organization\"},\"potentialAction\":[{\"@type\":\"SearchAction\",\"target\":{\"@type\":\"EntryPoint\",\"urlTemplate\":\"https:\/\/www.aq-arium.com\/aqmarine\/?s={search_term_string}\"},\"query-input\":{\"@type\":\"PropertyValueSpecification\",\"valueRequired\":true,\"valueName\":\"search_term_string\"}}],\"inLanguage\":\"es-ES\"},{\"@type\":\"Organization\",\"@id\":\"https:\/\/www.aq-arium.com\/aqmarine\/#organization\",\"name\":\"AQ-arium Solutions\",\"url\":\"https:\/\/www.aq-arium.com\/aqmarine\/\",\"logo\":{\"@type\":\"ImageObject\",\"inLanguage\":\"es-ES\",\"@id\":\"https:\/\/www.aq-arium.com\/aqmarine\/#\/schema\/logo\/image\/\",\"url\":\"https:\/\/www.aq-arium.com\/aqmarine\/wp-content\/uploads\/2021\/08\/AQ-arium-Solutions-logo-100x47px-1.png\",\"contentUrl\":\"https:\/\/www.aq-arium.com\/aqmarine\/wp-content\/uploads\/2021\/08\/AQ-arium-Solutions-logo-100x47px-1.png\",\"width\":100,\"height\":47,\"caption\":\"AQ-arium Solutions\"},\"image\":{\"@id\":\"https:\/\/www.aq-arium.com\/aqmarine\/#\/schema\/logo\/image\/\"},\"sameAs\":[\"https:\/\/www.instagram.com\/aq.arium\/\",\"https:\/\/x.com\/AArium56877\"]}]}<\/script>\n<!-- \/ Yoast SEO plugin. -->","yoast_head_json":{"title":"ALERTAS - AQ, Aquarium Solutions","robots":{"index":"index","follow":"follow","max-snippet":"max-snippet:-1","max-image-preview":"max-image-preview:large","max-video-preview":"max-video-preview:-1"},"canonical":"https:\/\/www.aq-arium.com\/aqmarine\/alertas\/","og_locale":"es_ES","og_type":"article","og_title":"ALERTAS - AQ, Aquarium Solutions","og_description":"&nbsp; M\u00c1S DE 50 MARCAS DISPONIBLES, PUEDE ESTAR SEGURO QUE TENDR\u00c1 LOS PRODUCTOS M\u00c1S NOVEDOSOS Y BUSCADOS EN SUS ESTANTER\u00cdAS. [metaslider id=&#8221;16275&#8243;] &nbsp; [nk_awb awb_type=&#8221;color&#8221; awb_color=&#8221;#f2f2f2&#8243; awb_stretch=&#8221;true&#8221;] &nbsp; AQUARIUM SOLUTIONS VALOR A\u00d1ADIDO | INFORMACI\u00d3N | FORMACI\u00d3NTRANSPARENCIA | INNOVACI\u00d3N | SERVICIO EXPORTACI\u00d3N A 11 PA\u00cdSES A NIVEL GLOBALM\u00c1S DE 500 CLIENTES CONF\u00cdAN EN NOSOTROS Nuestra Historia [&hellip;]","og_url":"https:\/\/www.aq-arium.com\/aqmarine\/alertas\/","og_site_name":"AQ, Aquarium Solutions","article_publisher":"https:\/\/www.instagram.com\/aq.arium\/","article_modified_time":"2020-12-10T16:10:17+00:00","twitter_card":"summary_large_image","twitter_site":"@AArium56877","twitter_misc":{"Tiempo de lectura":"1 minuto"},"schema":{"@context":"https:\/\/schema.org","@graph":[{"@type":"WebPage","@id":"https:\/\/www.aq-arium.com\/aqmarine\/alertas\/","url":"https:\/\/www.aq-arium.com\/aqmarine\/alertas\/","name":"ALERTAS - AQ, Aquarium Solutions","isPartOf":{"@id":"https:\/\/www.aq-arium.com\/aqmarine\/#website"},"datePublished":"2014-12-10T09:08:05+00:00","dateModified":"2020-12-10T16:10:17+00:00","breadcrumb":{"@id":"https:\/\/www.aq-arium.com\/aqmarine\/alertas\/#breadcrumb"},"inLanguage":"es-ES","potentialAction":[{"@type":"ReadAction","target":["https:\/\/www.aq-arium.com\/aqmarine\/alertas\/"]}]},{"@type":"BreadcrumbList","@id":"https:\/\/www.aq-arium.com\/aqmarine\/alertas\/#breadcrumb","itemListElement":[{"@type":"ListItem","position":1,"name":"Portada","item":"https:\/\/www.aq-arium.com\/aqmarine\/"},{"@type":"ListItem","position":2,"name":"ALERTAS"}]},{"@type":"WebSite","@id":"https:\/\/www.aq-arium.com\/aqmarine\/#website","url":"https:\/\/www.aq-arium.com\/aqmarine\/","name":"AQ, Aquarium Solutions","description":"Productos para Acuario Marino y Dulce","publisher":{"@id":"https:\/\/www.aq-arium.com\/aqmarine\/#organization"},"potentialAction":[{"@type":"SearchAction","target":{"@type":"EntryPoint","urlTemplate":"https:\/\/www.aq-arium.com\/aqmarine\/?s={search_term_string}"},"query-input":{"@type":"PropertyValueSpecification","valueRequired":true,"valueName":"search_term_string"}}],"inLanguage":"es-ES"},{"@type":"Organization","@id":"https:\/\/www.aq-arium.com\/aqmarine\/#organization","name":"AQ-arium Solutions","url":"https:\/\/www.aq-arium.com\/aqmarine\/","logo":{"@type":"ImageObject","inLanguage":"es-ES","@id":"https:\/\/www.aq-arium.com\/aqmarine\/#\/schema\/logo\/image\/","url":"https:\/\/www.aq-arium.com\/aqmarine\/wp-content\/uploads\/2021\/08\/AQ-arium-Solutions-logo-100x47px-1.png","contentUrl":"https:\/\/www.aq-arium.com\/aqmarine\/wp-content\/uploads\/2021\/08\/AQ-arium-Solutions-logo-100x47px-1.png","width":100,"height":47,"caption":"AQ-arium Solutions"},"image":{"@id":"https:\/\/www.aq-arium.com\/aqmarine\/#\/schema\/logo\/image\/"},"sameAs":["https:\/\/www.instagram.com\/aq.arium\/","https:\/\/x.com\/AArium56877"]}]}},"jetpack_sharing_enabled":true,"_links":{"self":[{"href":"https:\/\/www.aq-arium.com\/aqmarine\/wp-json\/wp\/v2\/pages\/2032","targetHints":{"allow":["GET"]}}],"collection":[{"href":"https:\/\/www.aq-arium.com\/aqmarine\/wp-json\/wp\/v2\/pages"}],"about":[{"href":"https:\/\/www.aq-arium.com\/aqmarine\/wp-json\/wp\/v2\/types\/page"}],"author":[{"embeddable":true,"href":"https:\/\/www.aq-arium.com\/aqmarine\/wp-json\/wp\/v2\/users\/1"}],"replies":[{"embeddable":true,"href":"https:\/\/www.aq-arium.com\/aqmarine\/wp-json\/wp\/v2\/comments?post=2032"}],"version-history":[{"count":0,"href":"https:\/\/www.aq-arium.com\/aqmarine\/wp-json\/wp\/v2\/pages\/2032\/revisions"}],"wp:attachment":[{"href":"https:\/\/www.aq-arium.com\/aqmarine\/wp-json\/wp\/v2\/media?parent=2032"}],"curies":[{"name":"wp","href":"https:\/\/api.w.org\/{rel}","templated":true}]}}