{"id":20057,"date":"2021-04-08T09:53:48","date_gmt":"2021-04-08T08:53:48","guid":{"rendered":"https:\/\/www.aq-arium.com\/aqmarine\/?page_id=20057"},"modified":"2021-04-08T09:53:48","modified_gmt":"2021-04-08T08:53:48","slug":"bladerunner-de-d-d","status":"publish","type":"page","link":"https:\/\/www.aq-arium.com\/aqmarine\/acuario-marino\/bladerunner-de-d-d\/","title":{"rendered":"D-D &#8211; Bladerunner"},"content":{"rendered":"<p><img loading=\"lazy\" decoding=\"async\" class=\"alignnone wp-image-1411 size-full\" title=\"D-D banner\" src=\"https:\/\/www.aq-arium.com\/aqmarine\/wp-content\/uploads\/2014\/08\/Sin-titulo.jpg\" alt=\"D-D banner\" width=\"759\" height=\"93\" srcset=\"https:\/\/www.aq-arium.com\/aqmarine\/wp-content\/uploads\/2014\/08\/Sin-titulo.jpg 759w, https:\/\/www.aq-arium.com\/aqmarine\/wp-content\/uploads\/2014\/08\/Sin-titulo-600x74.jpg 600w, https:\/\/www.aq-arium.com\/aqmarine\/wp-content\/uploads\/2014\/08\/Sin-titulo-300x36.jpg 300w\" sizes=\"auto, (max-width: 759px) 100vw, 759px\" \/><\/p>\n<p>Un im\u00e1n de limpieza ultradelgado que utiliza potentes imanes de tierras raras.<\/p>\n<div class=\"ctsc-slideshow  \" style=\"\"><div class=\"ctsc-slideshow-slides cycle-slideshow\"  style=\"\" data-cycle-slides=\".ctsc-slideshow-slide\" data-cycle-prev=\".ctsc-slideshow-prev\" data-cycle-next=\".ctsc-slideshow-next\" data-cycle-pager=\".ctsc-slideshow-pages\"  data-cycle-fx = \"fade\" data-cycle-speed = \"800\" data-cycle-timeout = \"6000\"><div class=\"ctsc-slideshow-slide  \"><a href=\"https:\/\/www.aq-arium.com\/aqmarine\/wp-content\/uploads\/2021\/04\/Bladerunner.png\"><br \/>\n<img loading=\"lazy\" decoding=\"async\" class=\"wp-image-20056 aligncenter\" src=\"https:\/\/www.aq-arium.com\/aqmarine\/wp-content\/uploads\/2021\/04\/Bladerunner.png\" alt=\"\" width=\"545\" height=\"545\" srcset=\"https:\/\/www.aq-arium.com\/aqmarine\/wp-content\/uploads\/2021\/04\/Bladerunner.png 463w, https:\/\/www.aq-arium.com\/aqmarine\/wp-content\/uploads\/2021\/04\/Bladerunner-300x300.png 300w, https:\/\/www.aq-arium.com\/aqmarine\/wp-content\/uploads\/2021\/04\/Bladerunner-150x150.png 150w, https:\/\/www.aq-arium.com\/aqmarine\/wp-content\/uploads\/2021\/04\/Bladerunner-100x100.png 100w\" sizes=\"auto, (max-width: 545px) 100vw, 545px\" \/><\/a><\/p>\n<p style=\"text-align: right;\"><\/div><div class=\"ctsc-slideshow-slide  \">\n\n<p style=\"text-align: right;\"><a href=\"https:\/\/www.aq-arium.com\/aqmarine\/wp-content\/uploads\/2021\/04\/Bladerunner-Standard-600px.png\"><img loading=\"lazy\" decoding=\"async\" class=\" wp-image-20059 aligncenter\" src=\"https:\/\/www.aq-arium.com\/aqmarine\/wp-content\/uploads\/2021\/04\/Bladerunner-Standard-600px.png\" alt=\"\" width=\"545\" height=\"545\" srcset=\"https:\/\/www.aq-arium.com\/aqmarine\/wp-content\/uploads\/2021\/04\/Bladerunner-Standard-600px.png 400w, https:\/\/www.aq-arium.com\/aqmarine\/wp-content\/uploads\/2021\/04\/Bladerunner-Standard-600px-300x300.png 300w, https:\/\/www.aq-arium.com\/aqmarine\/wp-content\/uploads\/2021\/04\/Bladerunner-Standard-600px-150x150.png 150w, https:\/\/www.aq-arium.com\/aqmarine\/wp-content\/uploads\/2021\/04\/Bladerunner-Standard-600px-100x100.png 100w\" sizes=\"auto, (max-width: 545px) 100vw, 545px\" \/><\/a><\/div><div class=\"ctsc-slideshow-slide  \"><a href=\"https:\/\/www.aq-arium.com\/aqmarine\/wp-content\/uploads\/2021\/04\/Bladerunner-Strong-600px.png\"><br \/>\n<img loading=\"lazy\" decoding=\"async\" class=\" wp-image-20060 aligncenter\" src=\"https:\/\/www.aq-arium.com\/aqmarine\/wp-content\/uploads\/2021\/04\/Bladerunner-Strong-600px.png\" alt=\"\" width=\"545\" height=\"545\" srcset=\"https:\/\/www.aq-arium.com\/aqmarine\/wp-content\/uploads\/2021\/04\/Bladerunner-Strong-600px.png 400w, https:\/\/www.aq-arium.com\/aqmarine\/wp-content\/uploads\/2021\/04\/Bladerunner-Strong-600px-300x300.png 300w, https:\/\/www.aq-arium.com\/aqmarine\/wp-content\/uploads\/2021\/04\/Bladerunner-Strong-600px-150x150.png 150w, https:\/\/www.aq-arium.com\/aqmarine\/wp-content\/uploads\/2021\/04\/Bladerunner-Strong-600px-100x100.png 100w\" sizes=\"auto, (max-width: 545px) 100vw, 545px\" \/><\/a><\/p>\n<p style=\"text-align: right;\"><\/div><div class=\"ctsc-slideshow-slide  \">\n<a href=\"https:\/\/www.aq-arium.com\/aqmarine\/wp-content\/uploads\/2021\/04\/Bladerunner-side-view-800px.png\"><img loading=\"lazy\" decoding=\"async\" class=\"wp-image-20058 aligncenter\" src=\"https:\/\/www.aq-arium.com\/aqmarine\/wp-content\/uploads\/2021\/04\/Bladerunner-side-view-800px.png\" alt=\"\" width=\"706\" height=\"326\" srcset=\"https:\/\/www.aq-arium.com\/aqmarine\/wp-content\/uploads\/2021\/04\/Bladerunner-side-view-800px.png 600w, https:\/\/www.aq-arium.com\/aqmarine\/wp-content\/uploads\/2021\/04\/Bladerunner-side-view-800px-300x139.png 300w\" sizes=\"auto, (max-width: 706px) 100vw, 706px\" \/><\/a><\/p>\n<p style=\"text-align: right;\"><\/div><\/div><div class=\"ctsc-slideshow-prev\"><\/div><div class=\"ctsc-slideshow-next\"><\/div><div class=\"ctsc-slideshow-pages pages_\"><\/div><\/div>\n<p>&nbsp;<\/p>\n<h4 style=\"background: white; margin: 0cm 0cm 7.5pt 0cm;\"><span style=\"font-size: 10.5pt; font-family: 'Helvetica',sans-serif; color: #333333;\">Dise\u00f1ado para funcionar con 2 hojas para un contacto m\u00ednimo con la superficie de vidrio o acr\u00edlico, lo que reducir\u00e1 la posibilidad de ara\u00f1azos accidentales. Gracias a su flotabilidad neutra, se hunde lentamente ayudando a la recaptura del im\u00e1n. No caer\u00e1 en picado al fondo del acuario, evitando da\u00f1os graves a los corales.<\/span><\/h4>\n<p>&nbsp;<\/p>\n<h3>CARACTER\u00cdSTICAS<\/h3>\n<ul>\n<li>Versiones adecuadas para vidrio \/ acr\u00edlico de 10-15 mm o 15-20 mm<\/li>\n<li>Apto para acuarios de agua dulce y salada<\/li>\n<li>Suave con la superficie del vidrio<\/li>\n<li>Dise\u00f1o ultradelgado para limpiar en espacios reducidos<\/li>\n<li>Cuchillas de ancho completo para una limpieza r\u00e1pida y eficaz<\/li>\n<li>Flotabilidad neutra (hundimiento lento)<\/li>\n<li>Cuerpo ancho para un mejor agarre y facilidad de uso<\/li>\n<li>Incluye 2 hojas de pl\u00e1stico y 1 hoja de acero inoxidable.<\/li>\n<li>Cuchillas de repuesto disponibles<\/li>\n<\/ul>\n<p><a href=\"https:\/\/www.aq-arium.com\/aqmarine\/wp-content\/uploads\/2021\/04\/Bladerunner-Icons-800px_0-1.png\"><img loading=\"lazy\" decoding=\"async\" class=\"alignnone size-full wp-image-20064\" src=\"https:\/\/www.aq-arium.com\/aqmarine\/wp-content\/uploads\/2021\/04\/Bladerunner-Icons-800px_0-1.png\" alt=\"\" width=\"600\" height=\"320\" srcset=\"https:\/\/www.aq-arium.com\/aqmarine\/wp-content\/uploads\/2021\/04\/Bladerunner-Icons-800px_0-1.png 600w, https:\/\/www.aq-arium.com\/aqmarine\/wp-content\/uploads\/2021\/04\/Bladerunner-Icons-800px_0-1-300x160.png 300w\" sizes=\"auto, (max-width: 600px) 100vw, 600px\" \/><\/a><\/p>\n","protected":false},"excerpt":{"rendered":"<p>Un im\u00e1n de limpieza ultradelgado que utiliza potentes imanes de tierras raras. &nbsp; Dise\u00f1ado para funcionar con 2 hojas para un contacto m\u00ednimo con la superficie de vidrio o acr\u00edlico, lo que reducir\u00e1 la posibilidad de ara\u00f1azos accidentales. Gracias a su flotabilidad neutra, se hunde lentamente ayudando a la recaptura del im\u00e1n. No caer\u00e1 en [&hellip;]<\/p>\n","protected":false},"author":1,"featured_media":20056,"parent":9115,"menu_order":0,"comment_status":"closed","ping_status":"closed","template":"","meta":{"_acf_changed":false,"footnotes":""},"class_list":["post-20057","page","type-page","status-publish","has-post-thumbnail","hentry"],"acf":[],"yoast_head":"<!-- This site is optimized with the Yoast SEO plugin v23.9 - https:\/\/yoast.com\/wordpress\/plugins\/seo\/ -->\n<title>Im\u00e1n para limpieza D-D - Bladerunner - AQ, Aquarium Solutions<\/title>\n<meta name=\"description\" content=\"Un im\u00e1n de limpieza ultradelgado que utiliza potentes imanes de tierras raras.\" \/>\n<meta name=\"robots\" content=\"index, follow, max-snippet:-1, max-image-preview:large, max-video-preview:-1\" \/>\n<link rel=\"canonical\" href=\"https:\/\/www.aq-arium.com\/aqmarine\/acuario-marino\/bladerunner-de-d-d\/\" \/>\n<meta property=\"og:locale\" content=\"es_ES\" \/>\n<meta property=\"og:type\" content=\"article\" \/>\n<meta property=\"og:title\" content=\"Im\u00e1n para limpieza D-D - Bladerunner - AQ, Aquarium Solutions\" \/>\n<meta property=\"og:description\" content=\"Un im\u00e1n de limpieza ultradelgado que utiliza potentes imanes de tierras raras.\" \/>\n<meta property=\"og:url\" content=\"https:\/\/www.aq-arium.com\/aqmarine\/acuario-marino\/bladerunner-de-d-d\/\" \/>\n<meta property=\"og:site_name\" content=\"AQ, Aquarium Solutions\" \/>\n<meta property=\"article:publisher\" content=\"https:\/\/www.instagram.com\/aq.arium\/\" \/>\n<meta property=\"og:image\" content=\"https:\/\/www.aq-arium.com\/aqmarine\/wp-content\/uploads\/2021\/04\/Bladerunner.png\" \/>\n\t<meta property=\"og:image:width\" content=\"463\" \/>\n\t<meta property=\"og:image:height\" content=\"463\" \/>\n\t<meta property=\"og:image:type\" content=\"image\/png\" \/>\n<meta name=\"twitter:card\" content=\"summary_large_image\" \/>\n<meta name=\"twitter:site\" content=\"@AArium56877\" \/>\n<meta name=\"twitter:label1\" content=\"Tiempo de lectura\" \/>\n\t<meta name=\"twitter:data1\" content=\"2 minutos\" \/>\n<script type=\"application\/ld+json\" class=\"yoast-schema-graph\">{\"@context\":\"https:\/\/schema.org\",\"@graph\":[{\"@type\":\"WebPage\",\"@id\":\"https:\/\/www.aq-arium.com\/aqmarine\/acuario-marino\/bladerunner-de-d-d\/\",\"url\":\"https:\/\/www.aq-arium.com\/aqmarine\/acuario-marino\/bladerunner-de-d-d\/\",\"name\":\"Im\u00e1n para limpieza D-D - Bladerunner - AQ, Aquarium Solutions\",\"isPartOf\":{\"@id\":\"https:\/\/www.aq-arium.com\/aqmarine\/#website\"},\"primaryImageOfPage\":{\"@id\":\"https:\/\/www.aq-arium.com\/aqmarine\/acuario-marino\/bladerunner-de-d-d\/#primaryimage\"},\"image\":{\"@id\":\"https:\/\/www.aq-arium.com\/aqmarine\/acuario-marino\/bladerunner-de-d-d\/#primaryimage\"},\"thumbnailUrl\":\"https:\/\/www.aq-arium.com\/aqmarine\/wp-content\/uploads\/2021\/04\/Bladerunner.png\",\"datePublished\":\"2021-04-08T08:53:48+00:00\",\"dateModified\":\"2021-04-08T08:53:48+00:00\",\"description\":\"Un im\u00e1n de limpieza ultradelgado que utiliza potentes imanes de tierras raras.\",\"breadcrumb\":{\"@id\":\"https:\/\/www.aq-arium.com\/aqmarine\/acuario-marino\/bladerunner-de-d-d\/#breadcrumb\"},\"inLanguage\":\"es-ES\",\"potentialAction\":[{\"@type\":\"ReadAction\",\"target\":[\"https:\/\/www.aq-arium.com\/aqmarine\/acuario-marino\/bladerunner-de-d-d\/\"]}]},{\"@type\":\"ImageObject\",\"inLanguage\":\"es-ES\",\"@id\":\"https:\/\/www.aq-arium.com\/aqmarine\/acuario-marino\/bladerunner-de-d-d\/#primaryimage\",\"url\":\"https:\/\/www.aq-arium.com\/aqmarine\/wp-content\/uploads\/2021\/04\/Bladerunner.png\",\"contentUrl\":\"https:\/\/www.aq-arium.com\/aqmarine\/wp-content\/uploads\/2021\/04\/Bladerunner.png\",\"width\":463,\"height\":463},{\"@type\":\"BreadcrumbList\",\"@id\":\"https:\/\/www.aq-arium.com\/aqmarine\/acuario-marino\/bladerunner-de-d-d\/#breadcrumb\",\"itemListElement\":[{\"@type\":\"ListItem\",\"position\":1,\"name\":\"Portada\",\"item\":\"https:\/\/www.aq-arium.com\/aqmarine\/\"},{\"@type\":\"ListItem\",\"position\":2,\"name\":\"ACUARIO MARINO\",\"item\":\"https:\/\/www.aq-arium.com\/aqmarine\/acuario-marino\/\"},{\"@type\":\"ListItem\",\"position\":3,\"name\":\"D-D &#8211; Bladerunner\"}]},{\"@type\":\"WebSite\",\"@id\":\"https:\/\/www.aq-arium.com\/aqmarine\/#website\",\"url\":\"https:\/\/www.aq-arium.com\/aqmarine\/\",\"name\":\"AQ, Aquarium Solutions\",\"description\":\"Productos para Acuario Marino y Dulce\",\"publisher\":{\"@id\":\"https:\/\/www.aq-arium.com\/aqmarine\/#organization\"},\"potentialAction\":[{\"@type\":\"SearchAction\",\"target\":{\"@type\":\"EntryPoint\",\"urlTemplate\":\"https:\/\/www.aq-arium.com\/aqmarine\/?s={search_term_string}\"},\"query-input\":{\"@type\":\"PropertyValueSpecification\",\"valueRequired\":true,\"valueName\":\"search_term_string\"}}],\"inLanguage\":\"es-ES\"},{\"@type\":\"Organization\",\"@id\":\"https:\/\/www.aq-arium.com\/aqmarine\/#organization\",\"name\":\"AQ-arium Solutions\",\"url\":\"https:\/\/www.aq-arium.com\/aqmarine\/\",\"logo\":{\"@type\":\"ImageObject\",\"inLanguage\":\"es-ES\",\"@id\":\"https:\/\/www.aq-arium.com\/aqmarine\/#\/schema\/logo\/image\/\",\"url\":\"https:\/\/www.aq-arium.com\/aqmarine\/wp-content\/uploads\/2021\/08\/AQ-arium-Solutions-logo-100x47px-1.png\",\"contentUrl\":\"https:\/\/www.aq-arium.com\/aqmarine\/wp-content\/uploads\/2021\/08\/AQ-arium-Solutions-logo-100x47px-1.png\",\"width\":100,\"height\":47,\"caption\":\"AQ-arium Solutions\"},\"image\":{\"@id\":\"https:\/\/www.aq-arium.com\/aqmarine\/#\/schema\/logo\/image\/\"},\"sameAs\":[\"https:\/\/www.instagram.com\/aq.arium\/\",\"https:\/\/x.com\/AArium56877\"]}]}<\/script>\n<!-- \/ Yoast SEO plugin. -->","yoast_head_json":{"title":"Im\u00e1n para limpieza D-D - Bladerunner - AQ, Aquarium Solutions","description":"Un im\u00e1n de limpieza ultradelgado que utiliza potentes imanes de tierras raras.","robots":{"index":"index","follow":"follow","max-snippet":"max-snippet:-1","max-image-preview":"max-image-preview:large","max-video-preview":"max-video-preview:-1"},"canonical":"https:\/\/www.aq-arium.com\/aqmarine\/acuario-marino\/bladerunner-de-d-d\/","og_locale":"es_ES","og_type":"article","og_title":"Im\u00e1n para limpieza D-D - Bladerunner - AQ, Aquarium Solutions","og_description":"Un im\u00e1n de limpieza ultradelgado que utiliza potentes imanes de tierras raras.","og_url":"https:\/\/www.aq-arium.com\/aqmarine\/acuario-marino\/bladerunner-de-d-d\/","og_site_name":"AQ, Aquarium Solutions","article_publisher":"https:\/\/www.instagram.com\/aq.arium\/","og_image":[{"width":463,"height":463,"url":"https:\/\/www.aq-arium.com\/aqmarine\/wp-content\/uploads\/2021\/04\/Bladerunner.png","type":"image\/png"}],"twitter_card":"summary_large_image","twitter_site":"@AArium56877","twitter_misc":{"Tiempo de lectura":"2 minutos"},"schema":{"@context":"https:\/\/schema.org","@graph":[{"@type":"WebPage","@id":"https:\/\/www.aq-arium.com\/aqmarine\/acuario-marino\/bladerunner-de-d-d\/","url":"https:\/\/www.aq-arium.com\/aqmarine\/acuario-marino\/bladerunner-de-d-d\/","name":"Im\u00e1n para limpieza D-D - Bladerunner - AQ, Aquarium Solutions","isPartOf":{"@id":"https:\/\/www.aq-arium.com\/aqmarine\/#website"},"primaryImageOfPage":{"@id":"https:\/\/www.aq-arium.com\/aqmarine\/acuario-marino\/bladerunner-de-d-d\/#primaryimage"},"image":{"@id":"https:\/\/www.aq-arium.com\/aqmarine\/acuario-marino\/bladerunner-de-d-d\/#primaryimage"},"thumbnailUrl":"https:\/\/www.aq-arium.com\/aqmarine\/wp-content\/uploads\/2021\/04\/Bladerunner.png","datePublished":"2021-04-08T08:53:48+00:00","dateModified":"2021-04-08T08:53:48+00:00","description":"Un im\u00e1n de limpieza ultradelgado que utiliza potentes imanes de tierras raras.","breadcrumb":{"@id":"https:\/\/www.aq-arium.com\/aqmarine\/acuario-marino\/bladerunner-de-d-d\/#breadcrumb"},"inLanguage":"es-ES","potentialAction":[{"@type":"ReadAction","target":["https:\/\/www.aq-arium.com\/aqmarine\/acuario-marino\/bladerunner-de-d-d\/"]}]},{"@type":"ImageObject","inLanguage":"es-ES","@id":"https:\/\/www.aq-arium.com\/aqmarine\/acuario-marino\/bladerunner-de-d-d\/#primaryimage","url":"https:\/\/www.aq-arium.com\/aqmarine\/wp-content\/uploads\/2021\/04\/Bladerunner.png","contentUrl":"https:\/\/www.aq-arium.com\/aqmarine\/wp-content\/uploads\/2021\/04\/Bladerunner.png","width":463,"height":463},{"@type":"BreadcrumbList","@id":"https:\/\/www.aq-arium.com\/aqmarine\/acuario-marino\/bladerunner-de-d-d\/#breadcrumb","itemListElement":[{"@type":"ListItem","position":1,"name":"Portada","item":"https:\/\/www.aq-arium.com\/aqmarine\/"},{"@type":"ListItem","position":2,"name":"ACUARIO MARINO","item":"https:\/\/www.aq-arium.com\/aqmarine\/acuario-marino\/"},{"@type":"ListItem","position":3,"name":"D-D &#8211; Bladerunner"}]},{"@type":"WebSite","@id":"https:\/\/www.aq-arium.com\/aqmarine\/#website","url":"https:\/\/www.aq-arium.com\/aqmarine\/","name":"AQ, Aquarium Solutions","description":"Productos para Acuario Marino y Dulce","publisher":{"@id":"https:\/\/www.aq-arium.com\/aqmarine\/#organization"},"potentialAction":[{"@type":"SearchAction","target":{"@type":"EntryPoint","urlTemplate":"https:\/\/www.aq-arium.com\/aqmarine\/?s={search_term_string}"},"query-input":{"@type":"PropertyValueSpecification","valueRequired":true,"valueName":"search_term_string"}}],"inLanguage":"es-ES"},{"@type":"Organization","@id":"https:\/\/www.aq-arium.com\/aqmarine\/#organization","name":"AQ-arium Solutions","url":"https:\/\/www.aq-arium.com\/aqmarine\/","logo":{"@type":"ImageObject","inLanguage":"es-ES","@id":"https:\/\/www.aq-arium.com\/aqmarine\/#\/schema\/logo\/image\/","url":"https:\/\/www.aq-arium.com\/aqmarine\/wp-content\/uploads\/2021\/08\/AQ-arium-Solutions-logo-100x47px-1.png","contentUrl":"https:\/\/www.aq-arium.com\/aqmarine\/wp-content\/uploads\/2021\/08\/AQ-arium-Solutions-logo-100x47px-1.png","width":100,"height":47,"caption":"AQ-arium Solutions"},"image":{"@id":"https:\/\/www.aq-arium.com\/aqmarine\/#\/schema\/logo\/image\/"},"sameAs":["https:\/\/www.instagram.com\/aq.arium\/","https:\/\/x.com\/AArium56877"]}]}},"jetpack_sharing_enabled":true,"_links":{"self":[{"href":"https:\/\/www.aq-arium.com\/aqmarine\/wp-json\/wp\/v2\/pages\/20057","targetHints":{"allow":["GET"]}}],"collection":[{"href":"https:\/\/www.aq-arium.com\/aqmarine\/wp-json\/wp\/v2\/pages"}],"about":[{"href":"https:\/\/www.aq-arium.com\/aqmarine\/wp-json\/wp\/v2\/types\/page"}],"author":[{"embeddable":true,"href":"https:\/\/www.aq-arium.com\/aqmarine\/wp-json\/wp\/v2\/users\/1"}],"replies":[{"embeddable":true,"href":"https:\/\/www.aq-arium.com\/aqmarine\/wp-json\/wp\/v2\/comments?post=20057"}],"version-history":[{"count":0,"href":"https:\/\/www.aq-arium.com\/aqmarine\/wp-json\/wp\/v2\/pages\/20057\/revisions"}],"up":[{"embeddable":true,"href":"https:\/\/www.aq-arium.com\/aqmarine\/wp-json\/wp\/v2\/pages\/9115"}],"wp:featuredmedia":[{"embeddable":true,"href":"https:\/\/www.aq-arium.com\/aqmarine\/wp-json\/wp\/v2\/media\/20056"}],"wp:attachment":[{"href":"https:\/\/www.aq-arium.com\/aqmarine\/wp-json\/wp\/v2\/media?parent=20057"}],"curies":[{"name":"wp","href":"https:\/\/api.w.org\/{rel}","templated":true}]}}