{"id":1910,"date":"2014-12-01T18:35:17","date_gmt":"2014-12-01T17:35:17","guid":{"rendered":"https:\/\/www.aq-arium.com\/aqmarine\/?page_id=1910"},"modified":"2023-04-27T08:25:08","modified_gmt":"2023-04-27T07:25:08","slug":"aquatronica-acq445-modulo-de-dimeado-para-iluminacion-0-10v","status":"publish","type":"page","link":"https:\/\/www.aq-arium.com\/aqmarine\/aquatronica-acq445-modulo-de-dimeado-para-iluminacion-0-10v\/","title":{"rendered":"Aquatronica &#8211; ACQ445 M\u00f3dulo de Dimeado para Iluminaci\u00f3n (0-10V)"},"content":{"rendered":"<p><a href=\"https:\/\/www.aq-arium.com\/aqmarine\/aquatronica\/\">Volver a la p\u00e1gina principal de Aquatronica<\/a><img loading=\"lazy\" decoding=\"async\" class=\"alignnone size-full wp-image-1778\" src=\"https:\/\/www.aq-arium.com\/aqmarine\/wp-content\/uploads\/2014\/11\/cabecera.jpg\" alt=\"cabecera\" width=\"1136\" height=\"107\" srcset=\"https:\/\/www.aq-arium.com\/aqmarine\/wp-content\/uploads\/2014\/11\/cabecera.jpg 1136w, https:\/\/www.aq-arium.com\/aqmarine\/wp-content\/uploads\/2014\/11\/cabecera-600x57.jpg 600w, https:\/\/www.aq-arium.com\/aqmarine\/wp-content\/uploads\/2014\/11\/cabecera-300x28.jpg 300w, https:\/\/www.aq-arium.com\/aqmarine\/wp-content\/uploads\/2014\/11\/cabecera-1024x96.jpg 1024w\" sizes=\"auto, (max-width: 1136px) 100vw, 1136px\" \/><\/p>\n<p><img loading=\"lazy\" decoding=\"async\" class=\"alignnone size-column1-2\/5 wp-image-1835\" src=\"https:\/\/www.aq-arium.com\/aqmarine\/wp-content\/uploads\/2014\/11\/IMG_4231-960x384.jpg\" alt=\"IMG_4231\" width=\"960\" height=\"384\" srcset=\"https:\/\/www.aq-arium.com\/aqmarine\/wp-content\/uploads\/2014\/11\/IMG_4231-960x384.jpg 960w, https:\/\/www.aq-arium.com\/aqmarine\/wp-content\/uploads\/2014\/11\/IMG_4231-480x192.jpg 480w, https:\/\/www.aq-arium.com\/aqmarine\/wp-content\/uploads\/2014\/11\/IMG_4231-320x128.jpg 320w, https:\/\/www.aq-arium.com\/aqmarine\/wp-content\/uploads\/2014\/11\/IMG_4231-240x96.jpg 240w\" sizes=\"auto, (max-width: 960px) 100vw, 960px\" \/><\/p>\n<p>Si dispone de una Iluminaci\u00f3n hecha en casa, o de alguna otra marca, pueden conectarse al sistema Aquatronica gracias al m\u00f3dulo de Dimeado para Iluminaci\u00f3n. Esto significa que la pantalla conectada al Sistema, puede ser programada, ajustando cada uno de los 4 canales disponibles desde 1 al 100%.<\/p>\n<p>Cada canal de salida tiene dos ajustes est\u00e1ndar, 0-10V y PWM.<br \/>\nPuede conectar un m\u00e1ximo de 4 m\u00f3dulos de Dimeado al Sistema Aquatronica, dando un m\u00e1ximo de 16 canales configurables.<\/p>\n[envira-gallery id=&#8221;14850&#8243;]\n","protected":false},"excerpt":{"rendered":"<p>Volver a la p\u00e1gina principal de Aquatronica Si dispone de una Iluminaci\u00f3n hecha en casa, o de alguna otra marca, pueden conectarse al sistema Aquatronica gracias al m\u00f3dulo de Dimeado para Iluminaci\u00f3n. Esto significa que la pantalla conectada al Sistema, puede ser programada, ajustando cada uno de los 4 canales disponibles desde 1 al 100%. [&hellip;]<\/p>\n","protected":false},"author":1,"featured_media":0,"parent":0,"menu_order":0,"comment_status":"closed","ping_status":"open","template":"","meta":{"_acf_changed":false,"footnotes":""},"class_list":["post-1910","page","type-page","status-publish","hentry"],"acf":[],"yoast_head":"<!-- This site is optimized with the Yoast SEO plugin v23.9 - https:\/\/yoast.com\/wordpress\/plugins\/seo\/ -->\n<title>Aquatronica - ACQ445 M\u00f3dulo de Dimeado para Iluminaci\u00f3n (0-10V) - AQ, Aquarium Solutions<\/title>\n<meta name=\"robots\" content=\"index, follow, max-snippet:-1, max-image-preview:large, max-video-preview:-1\" \/>\n<link rel=\"canonical\" href=\"https:\/\/www.aq-arium.com\/aqmarine\/aquatronica-acq445-modulo-de-dimeado-para-iluminacion-0-10v\/\" \/>\n<meta property=\"og:locale\" content=\"es_ES\" \/>\n<meta property=\"og:type\" content=\"article\" \/>\n<meta property=\"og:title\" content=\"Aquatronica - ACQ445 M\u00f3dulo de Dimeado para Iluminaci\u00f3n (0-10V) - AQ, Aquarium Solutions\" \/>\n<meta property=\"og:description\" content=\"Volver a la p\u00e1gina principal de Aquatronica Si dispone de una Iluminaci\u00f3n hecha en casa, o de alguna otra marca, pueden conectarse al sistema Aquatronica gracias al m\u00f3dulo de Dimeado para Iluminaci\u00f3n. Esto significa que la pantalla conectada al Sistema, puede ser programada, ajustando cada uno de los 4 canales disponibles desde 1 al 100%. [&hellip;]\" \/>\n<meta property=\"og:url\" content=\"https:\/\/www.aq-arium.com\/aqmarine\/aquatronica-acq445-modulo-de-dimeado-para-iluminacion-0-10v\/\" \/>\n<meta property=\"og:site_name\" content=\"AQ, Aquarium Solutions\" \/>\n<meta property=\"article:publisher\" content=\"https:\/\/www.instagram.com\/aq.arium\/\" \/>\n<meta property=\"article:modified_time\" content=\"2023-04-27T07:25:08+00:00\" \/>\n<meta property=\"og:image\" content=\"https:\/\/www.aq-arium.com\/aqmarine\/wp-content\/uploads\/2014\/11\/cabecera.jpg\" \/>\n<meta name=\"twitter:card\" content=\"summary_large_image\" \/>\n<meta name=\"twitter:site\" content=\"@AArium56877\" \/>\n<meta name=\"twitter:label1\" content=\"Tiempo de lectura\" \/>\n\t<meta name=\"twitter:data1\" content=\"1 minuto\" \/>\n<script type=\"application\/ld+json\" class=\"yoast-schema-graph\">{\"@context\":\"https:\/\/schema.org\",\"@graph\":[{\"@type\":\"WebPage\",\"@id\":\"https:\/\/www.aq-arium.com\/aqmarine\/aquatronica-acq445-modulo-de-dimeado-para-iluminacion-0-10v\/\",\"url\":\"https:\/\/www.aq-arium.com\/aqmarine\/aquatronica-acq445-modulo-de-dimeado-para-iluminacion-0-10v\/\",\"name\":\"Aquatronica - ACQ445 M\u00f3dulo de Dimeado para Iluminaci\u00f3n (0-10V) - AQ, Aquarium Solutions\",\"isPartOf\":{\"@id\":\"https:\/\/www.aq-arium.com\/aqmarine\/#website\"},\"primaryImageOfPage\":{\"@id\":\"https:\/\/www.aq-arium.com\/aqmarine\/aquatronica-acq445-modulo-de-dimeado-para-iluminacion-0-10v\/#primaryimage\"},\"image\":{\"@id\":\"https:\/\/www.aq-arium.com\/aqmarine\/aquatronica-acq445-modulo-de-dimeado-para-iluminacion-0-10v\/#primaryimage\"},\"thumbnailUrl\":\"https:\/\/www.aq-arium.com\/aqmarine\/wp-content\/uploads\/2014\/11\/cabecera.jpg\",\"datePublished\":\"2014-12-01T17:35:17+00:00\",\"dateModified\":\"2023-04-27T07:25:08+00:00\",\"breadcrumb\":{\"@id\":\"https:\/\/www.aq-arium.com\/aqmarine\/aquatronica-acq445-modulo-de-dimeado-para-iluminacion-0-10v\/#breadcrumb\"},\"inLanguage\":\"es-ES\",\"potentialAction\":[{\"@type\":\"ReadAction\",\"target\":[\"https:\/\/www.aq-arium.com\/aqmarine\/aquatronica-acq445-modulo-de-dimeado-para-iluminacion-0-10v\/\"]}]},{\"@type\":\"ImageObject\",\"inLanguage\":\"es-ES\",\"@id\":\"https:\/\/www.aq-arium.com\/aqmarine\/aquatronica-acq445-modulo-de-dimeado-para-iluminacion-0-10v\/#primaryimage\",\"url\":\"https:\/\/www.aq-arium.com\/aqmarine\/wp-content\/uploads\/2014\/11\/cabecera.jpg\",\"contentUrl\":\"https:\/\/www.aq-arium.com\/aqmarine\/wp-content\/uploads\/2014\/11\/cabecera.jpg\",\"width\":1136,\"height\":107},{\"@type\":\"BreadcrumbList\",\"@id\":\"https:\/\/www.aq-arium.com\/aqmarine\/aquatronica-acq445-modulo-de-dimeado-para-iluminacion-0-10v\/#breadcrumb\",\"itemListElement\":[{\"@type\":\"ListItem\",\"position\":1,\"name\":\"Portada\",\"item\":\"https:\/\/www.aq-arium.com\/aqmarine\/\"},{\"@type\":\"ListItem\",\"position\":2,\"name\":\"Aquatronica &#8211; ACQ445 M\u00f3dulo de Dimeado para Iluminaci\u00f3n (0-10V)\"}]},{\"@type\":\"WebSite\",\"@id\":\"https:\/\/www.aq-arium.com\/aqmarine\/#website\",\"url\":\"https:\/\/www.aq-arium.com\/aqmarine\/\",\"name\":\"AQ, Aquarium Solutions\",\"description\":\"Productos para Acuario Marino y Dulce\",\"publisher\":{\"@id\":\"https:\/\/www.aq-arium.com\/aqmarine\/#organization\"},\"potentialAction\":[{\"@type\":\"SearchAction\",\"target\":{\"@type\":\"EntryPoint\",\"urlTemplate\":\"https:\/\/www.aq-arium.com\/aqmarine\/?s={search_term_string}\"},\"query-input\":{\"@type\":\"PropertyValueSpecification\",\"valueRequired\":true,\"valueName\":\"search_term_string\"}}],\"inLanguage\":\"es-ES\"},{\"@type\":\"Organization\",\"@id\":\"https:\/\/www.aq-arium.com\/aqmarine\/#organization\",\"name\":\"AQ-arium Solutions\",\"url\":\"https:\/\/www.aq-arium.com\/aqmarine\/\",\"logo\":{\"@type\":\"ImageObject\",\"inLanguage\":\"es-ES\",\"@id\":\"https:\/\/www.aq-arium.com\/aqmarine\/#\/schema\/logo\/image\/\",\"url\":\"https:\/\/www.aq-arium.com\/aqmarine\/wp-content\/uploads\/2021\/08\/AQ-arium-Solutions-logo-100x47px-1.png\",\"contentUrl\":\"https:\/\/www.aq-arium.com\/aqmarine\/wp-content\/uploads\/2021\/08\/AQ-arium-Solutions-logo-100x47px-1.png\",\"width\":100,\"height\":47,\"caption\":\"AQ-arium Solutions\"},\"image\":{\"@id\":\"https:\/\/www.aq-arium.com\/aqmarine\/#\/schema\/logo\/image\/\"},\"sameAs\":[\"https:\/\/www.instagram.com\/aq.arium\/\",\"https:\/\/x.com\/AArium56877\"]}]}<\/script>\n<!-- \/ Yoast SEO plugin. -->","yoast_head_json":{"title":"Aquatronica - ACQ445 M\u00f3dulo de Dimeado para Iluminaci\u00f3n (0-10V) - AQ, Aquarium Solutions","robots":{"index":"index","follow":"follow","max-snippet":"max-snippet:-1","max-image-preview":"max-image-preview:large","max-video-preview":"max-video-preview:-1"},"canonical":"https:\/\/www.aq-arium.com\/aqmarine\/aquatronica-acq445-modulo-de-dimeado-para-iluminacion-0-10v\/","og_locale":"es_ES","og_type":"article","og_title":"Aquatronica - ACQ445 M\u00f3dulo de Dimeado para Iluminaci\u00f3n (0-10V) - AQ, Aquarium Solutions","og_description":"Volver a la p\u00e1gina principal de Aquatronica Si dispone de una Iluminaci\u00f3n hecha en casa, o de alguna otra marca, pueden conectarse al sistema Aquatronica gracias al m\u00f3dulo de Dimeado para Iluminaci\u00f3n. Esto significa que la pantalla conectada al Sistema, puede ser programada, ajustando cada uno de los 4 canales disponibles desde 1 al 100%. [&hellip;]","og_url":"https:\/\/www.aq-arium.com\/aqmarine\/aquatronica-acq445-modulo-de-dimeado-para-iluminacion-0-10v\/","og_site_name":"AQ, Aquarium Solutions","article_publisher":"https:\/\/www.instagram.com\/aq.arium\/","article_modified_time":"2023-04-27T07:25:08+00:00","og_image":[{"url":"https:\/\/www.aq-arium.com\/aqmarine\/wp-content\/uploads\/2014\/11\/cabecera.jpg"}],"twitter_card":"summary_large_image","twitter_site":"@AArium56877","twitter_misc":{"Tiempo de lectura":"1 minuto"},"schema":{"@context":"https:\/\/schema.org","@graph":[{"@type":"WebPage","@id":"https:\/\/www.aq-arium.com\/aqmarine\/aquatronica-acq445-modulo-de-dimeado-para-iluminacion-0-10v\/","url":"https:\/\/www.aq-arium.com\/aqmarine\/aquatronica-acq445-modulo-de-dimeado-para-iluminacion-0-10v\/","name":"Aquatronica - ACQ445 M\u00f3dulo de Dimeado para Iluminaci\u00f3n (0-10V) - AQ, Aquarium Solutions","isPartOf":{"@id":"https:\/\/www.aq-arium.com\/aqmarine\/#website"},"primaryImageOfPage":{"@id":"https:\/\/www.aq-arium.com\/aqmarine\/aquatronica-acq445-modulo-de-dimeado-para-iluminacion-0-10v\/#primaryimage"},"image":{"@id":"https:\/\/www.aq-arium.com\/aqmarine\/aquatronica-acq445-modulo-de-dimeado-para-iluminacion-0-10v\/#primaryimage"},"thumbnailUrl":"https:\/\/www.aq-arium.com\/aqmarine\/wp-content\/uploads\/2014\/11\/cabecera.jpg","datePublished":"2014-12-01T17:35:17+00:00","dateModified":"2023-04-27T07:25:08+00:00","breadcrumb":{"@id":"https:\/\/www.aq-arium.com\/aqmarine\/aquatronica-acq445-modulo-de-dimeado-para-iluminacion-0-10v\/#breadcrumb"},"inLanguage":"es-ES","potentialAction":[{"@type":"ReadAction","target":["https:\/\/www.aq-arium.com\/aqmarine\/aquatronica-acq445-modulo-de-dimeado-para-iluminacion-0-10v\/"]}]},{"@type":"ImageObject","inLanguage":"es-ES","@id":"https:\/\/www.aq-arium.com\/aqmarine\/aquatronica-acq445-modulo-de-dimeado-para-iluminacion-0-10v\/#primaryimage","url":"https:\/\/www.aq-arium.com\/aqmarine\/wp-content\/uploads\/2014\/11\/cabecera.jpg","contentUrl":"https:\/\/www.aq-arium.com\/aqmarine\/wp-content\/uploads\/2014\/11\/cabecera.jpg","width":1136,"height":107},{"@type":"BreadcrumbList","@id":"https:\/\/www.aq-arium.com\/aqmarine\/aquatronica-acq445-modulo-de-dimeado-para-iluminacion-0-10v\/#breadcrumb","itemListElement":[{"@type":"ListItem","position":1,"name":"Portada","item":"https:\/\/www.aq-arium.com\/aqmarine\/"},{"@type":"ListItem","position":2,"name":"Aquatronica &#8211; ACQ445 M\u00f3dulo de Dimeado para Iluminaci\u00f3n (0-10V)"}]},{"@type":"WebSite","@id":"https:\/\/www.aq-arium.com\/aqmarine\/#website","url":"https:\/\/www.aq-arium.com\/aqmarine\/","name":"AQ, Aquarium Solutions","description":"Productos para Acuario Marino y Dulce","publisher":{"@id":"https:\/\/www.aq-arium.com\/aqmarine\/#organization"},"potentialAction":[{"@type":"SearchAction","target":{"@type":"EntryPoint","urlTemplate":"https:\/\/www.aq-arium.com\/aqmarine\/?s={search_term_string}"},"query-input":{"@type":"PropertyValueSpecification","valueRequired":true,"valueName":"search_term_string"}}],"inLanguage":"es-ES"},{"@type":"Organization","@id":"https:\/\/www.aq-arium.com\/aqmarine\/#organization","name":"AQ-arium Solutions","url":"https:\/\/www.aq-arium.com\/aqmarine\/","logo":{"@type":"ImageObject","inLanguage":"es-ES","@id":"https:\/\/www.aq-arium.com\/aqmarine\/#\/schema\/logo\/image\/","url":"https:\/\/www.aq-arium.com\/aqmarine\/wp-content\/uploads\/2021\/08\/AQ-arium-Solutions-logo-100x47px-1.png","contentUrl":"https:\/\/www.aq-arium.com\/aqmarine\/wp-content\/uploads\/2021\/08\/AQ-arium-Solutions-logo-100x47px-1.png","width":100,"height":47,"caption":"AQ-arium Solutions"},"image":{"@id":"https:\/\/www.aq-arium.com\/aqmarine\/#\/schema\/logo\/image\/"},"sameAs":["https:\/\/www.instagram.com\/aq.arium\/","https:\/\/x.com\/AArium56877"]}]}},"jetpack_sharing_enabled":true,"_links":{"self":[{"href":"https:\/\/www.aq-arium.com\/aqmarine\/wp-json\/wp\/v2\/pages\/1910","targetHints":{"allow":["GET"]}}],"collection":[{"href":"https:\/\/www.aq-arium.com\/aqmarine\/wp-json\/wp\/v2\/pages"}],"about":[{"href":"https:\/\/www.aq-arium.com\/aqmarine\/wp-json\/wp\/v2\/types\/page"}],"author":[{"embeddable":true,"href":"https:\/\/www.aq-arium.com\/aqmarine\/wp-json\/wp\/v2\/users\/1"}],"replies":[{"embeddable":true,"href":"https:\/\/www.aq-arium.com\/aqmarine\/wp-json\/wp\/v2\/comments?post=1910"}],"version-history":[{"count":0,"href":"https:\/\/www.aq-arium.com\/aqmarine\/wp-json\/wp\/v2\/pages\/1910\/revisions"}],"wp:attachment":[{"href":"https:\/\/www.aq-arium.com\/aqmarine\/wp-json\/wp\/v2\/media?parent=1910"}],"curies":[{"name":"wp","href":"https:\/\/api.w.org\/{rel}","templated":true}]}}