{"id":1906,"date":"2014-12-01T18:26:26","date_gmt":"2014-12-01T17:26:26","guid":{"rendered":"https:\/\/www.aq-arium.com\/aqmarine\/?page_id=1906"},"modified":"2020-10-23T09:43:58","modified_gmt":"2020-10-23T07:43:58","slug":"aquatronica-acq455-modulo-para-bombas-koralia","status":"publish","type":"page","link":"https:\/\/www.aq-arium.com\/aqmarine\/aquatronica-acq455-modulo-para-bombas-koralia\/","title":{"rendered":"Aquatronica &#8211; ACQ455 Modulo para bombas Koralia"},"content":{"rendered":"<p><img loading=\"lazy\" decoding=\"async\" class=\"alignnone size-full wp-image-1778\" src=\"https:\/\/www.aq-arium.com\/aqmarine\/wp-content\/uploads\/2014\/11\/cabecera.jpg\" alt=\"cabecera\" width=\"1136\" height=\"107\" srcset=\"https:\/\/www.aq-arium.com\/aqmarine\/wp-content\/uploads\/2014\/11\/cabecera.jpg 1136w, https:\/\/www.aq-arium.com\/aqmarine\/wp-content\/uploads\/2014\/11\/cabecera-600x57.jpg 600w, https:\/\/www.aq-arium.com\/aqmarine\/wp-content\/uploads\/2014\/11\/cabecera-300x28.jpg 300w, https:\/\/www.aq-arium.com\/aqmarine\/wp-content\/uploads\/2014\/11\/cabecera-1024x96.jpg 1024w\" sizes=\"auto, (max-width: 1136px) 100vw, 1136px\" \/><\/p>\n<p>El m\u00f3dulo para bombas Koralia permite al usuario instalar y controlar las bombas Hydor Koralia (modelo 12V) mediante la Unidad de Control de Aquatronica o v\u00eda PC si tiene el Interface USB, para crear diferentes efectos de oleajes o dimeado.<\/p>\n<p>La versatilidad del sistema significa que el usuario puede crear tantos efectos diferentes como desee utilizando las diferentes combinaciones de las bombas conectadas y a diferentes horas del d\u00eda. Gracias a la posibilidad de combinaci\u00f3n con el sensor de Noche\/D\u00eda, las bombas se configuran autom\u00e1ticamente al m\u00ednimo durante la noche.<\/p>\n<p>La habilidad de controlar hasta 4 m\u00f3dulos simult\u00e1neos en el mismo sistema (16 bombas Koralia), tambi\u00e9n permiten al usuario controlar varios acuarios separados, o obtener efectos muy poderosos en acuarios realmente grandes.<\/p>\n<p>El m\u00f3dulo incluye<\/p>\n<ul>\n<li>Un conector para el adaptador de corriente<\/li>\n<li>Un conector para la conexi\u00f3n BUS (USB) de Aquatronica<\/li>\n<li>Cuatro conectores para las bombas<\/li>\n<li>Un conector para el sensor noche\/d\u00eda<\/li>\n<\/ul>\n<div class=\"ctsc-feature  ctsc-feature- ctsc-feature-horizontal\"><div class=\"ctsc-feature-icon\" style=\"\"><span class=\"icon-list\"><\/span><\/div><div class=\"ctsc-feature-body\"><h4 class=\"ctsc-feature-title\">Especificaciones T\u00e9cnicas<\/h4><div class=\"ctsc-feature-content\">\n<p>Voltaje del Adaptador : 115V 60Hz &#8211; 220V 50Hz<br \/>\nBombas Compatibles : Koralia Nano 12V \/\/ Koralia 1 12V \/\/ Koralia 3 12V \/\/ Koralia 4 12V<br \/>\nEnchufes : Europeos<\/p>\n<\/div><\/div><\/div>\n[envira-gallery id=&#8221;14854&#8243;]\n","protected":false},"excerpt":{"rendered":"<p>El m\u00f3dulo para bombas Koralia permite al usuario instalar y controlar las bombas Hydor Koralia (modelo 12V) mediante la Unidad de Control de Aquatronica o v\u00eda PC si tiene el Interface USB, para crear diferentes efectos de oleajes o dimeado. La versatilidad del sistema significa que el usuario puede crear tantos efectos diferentes como desee [&hellip;]<\/p>\n","protected":false},"author":1,"featured_media":0,"parent":0,"menu_order":0,"comment_status":"closed","ping_status":"open","template":"","meta":{"_acf_changed":false,"footnotes":""},"class_list":["post-1906","page","type-page","status-publish","hentry"],"acf":[],"yoast_head":"<!-- This site is optimized with the Yoast SEO plugin v23.9 - https:\/\/yoast.com\/wordpress\/plugins\/seo\/ -->\n<title>Aquatronica - ACQ455 Modulo para bombas Koralia - AQ, Aquarium Solutions<\/title>\n<meta name=\"robots\" content=\"index, follow, max-snippet:-1, max-image-preview:large, max-video-preview:-1\" \/>\n<link rel=\"canonical\" href=\"https:\/\/www.aq-arium.com\/aqmarine\/aquatronica-acq455-modulo-para-bombas-koralia\/\" \/>\n<meta property=\"og:locale\" content=\"es_ES\" \/>\n<meta property=\"og:type\" content=\"article\" \/>\n<meta property=\"og:title\" content=\"Aquatronica - ACQ455 Modulo para bombas Koralia - AQ, Aquarium Solutions\" \/>\n<meta property=\"og:description\" content=\"El m\u00f3dulo para bombas Koralia permite al usuario instalar y controlar las bombas Hydor Koralia (modelo 12V) mediante la Unidad de Control de Aquatronica o v\u00eda PC si tiene el Interface USB, para crear diferentes efectos de oleajes o dimeado. La versatilidad del sistema significa que el usuario puede crear tantos efectos diferentes como desee [&hellip;]\" \/>\n<meta property=\"og:url\" content=\"https:\/\/www.aq-arium.com\/aqmarine\/aquatronica-acq455-modulo-para-bombas-koralia\/\" \/>\n<meta property=\"og:site_name\" content=\"AQ, Aquarium Solutions\" \/>\n<meta property=\"article:publisher\" content=\"https:\/\/www.instagram.com\/aq.arium\/\" \/>\n<meta property=\"article:modified_time\" content=\"2020-10-23T07:43:58+00:00\" \/>\n<meta property=\"og:image\" content=\"https:\/\/www.aq-arium.com\/aqmarine\/wp-content\/uploads\/2014\/11\/cabecera.jpg\" \/>\n<meta name=\"twitter:card\" content=\"summary_large_image\" \/>\n<meta name=\"twitter:site\" content=\"@AArium56877\" \/>\n<meta name=\"twitter:label1\" content=\"Tiempo de lectura\" \/>\n\t<meta name=\"twitter:data1\" content=\"1 minuto\" \/>\n<script type=\"application\/ld+json\" class=\"yoast-schema-graph\">{\"@context\":\"https:\/\/schema.org\",\"@graph\":[{\"@type\":\"WebPage\",\"@id\":\"https:\/\/www.aq-arium.com\/aqmarine\/aquatronica-acq455-modulo-para-bombas-koralia\/\",\"url\":\"https:\/\/www.aq-arium.com\/aqmarine\/aquatronica-acq455-modulo-para-bombas-koralia\/\",\"name\":\"Aquatronica - ACQ455 Modulo para bombas Koralia - AQ, Aquarium Solutions\",\"isPartOf\":{\"@id\":\"https:\/\/www.aq-arium.com\/aqmarine\/#website\"},\"primaryImageOfPage\":{\"@id\":\"https:\/\/www.aq-arium.com\/aqmarine\/aquatronica-acq455-modulo-para-bombas-koralia\/#primaryimage\"},\"image\":{\"@id\":\"https:\/\/www.aq-arium.com\/aqmarine\/aquatronica-acq455-modulo-para-bombas-koralia\/#primaryimage\"},\"thumbnailUrl\":\"https:\/\/www.aq-arium.com\/aqmarine\/wp-content\/uploads\/2014\/11\/cabecera.jpg\",\"datePublished\":\"2014-12-01T17:26:26+00:00\",\"dateModified\":\"2020-10-23T07:43:58+00:00\",\"breadcrumb\":{\"@id\":\"https:\/\/www.aq-arium.com\/aqmarine\/aquatronica-acq455-modulo-para-bombas-koralia\/#breadcrumb\"},\"inLanguage\":\"es-ES\",\"potentialAction\":[{\"@type\":\"ReadAction\",\"target\":[\"https:\/\/www.aq-arium.com\/aqmarine\/aquatronica-acq455-modulo-para-bombas-koralia\/\"]}]},{\"@type\":\"ImageObject\",\"inLanguage\":\"es-ES\",\"@id\":\"https:\/\/www.aq-arium.com\/aqmarine\/aquatronica-acq455-modulo-para-bombas-koralia\/#primaryimage\",\"url\":\"https:\/\/www.aq-arium.com\/aqmarine\/wp-content\/uploads\/2014\/11\/cabecera.jpg\",\"contentUrl\":\"https:\/\/www.aq-arium.com\/aqmarine\/wp-content\/uploads\/2014\/11\/cabecera.jpg\",\"width\":1136,\"height\":107},{\"@type\":\"BreadcrumbList\",\"@id\":\"https:\/\/www.aq-arium.com\/aqmarine\/aquatronica-acq455-modulo-para-bombas-koralia\/#breadcrumb\",\"itemListElement\":[{\"@type\":\"ListItem\",\"position\":1,\"name\":\"Portada\",\"item\":\"https:\/\/www.aq-arium.com\/aqmarine\/\"},{\"@type\":\"ListItem\",\"position\":2,\"name\":\"Aquatronica &#8211; ACQ455 Modulo para bombas Koralia\"}]},{\"@type\":\"WebSite\",\"@id\":\"https:\/\/www.aq-arium.com\/aqmarine\/#website\",\"url\":\"https:\/\/www.aq-arium.com\/aqmarine\/\",\"name\":\"AQ, Aquarium Solutions\",\"description\":\"Productos para Acuario Marino y Dulce\",\"publisher\":{\"@id\":\"https:\/\/www.aq-arium.com\/aqmarine\/#organization\"},\"potentialAction\":[{\"@type\":\"SearchAction\",\"target\":{\"@type\":\"EntryPoint\",\"urlTemplate\":\"https:\/\/www.aq-arium.com\/aqmarine\/?s={search_term_string}\"},\"query-input\":{\"@type\":\"PropertyValueSpecification\",\"valueRequired\":true,\"valueName\":\"search_term_string\"}}],\"inLanguage\":\"es-ES\"},{\"@type\":\"Organization\",\"@id\":\"https:\/\/www.aq-arium.com\/aqmarine\/#organization\",\"name\":\"AQ-arium Solutions\",\"url\":\"https:\/\/www.aq-arium.com\/aqmarine\/\",\"logo\":{\"@type\":\"ImageObject\",\"inLanguage\":\"es-ES\",\"@id\":\"https:\/\/www.aq-arium.com\/aqmarine\/#\/schema\/logo\/image\/\",\"url\":\"https:\/\/www.aq-arium.com\/aqmarine\/wp-content\/uploads\/2021\/08\/AQ-arium-Solutions-logo-100x47px-1.png\",\"contentUrl\":\"https:\/\/www.aq-arium.com\/aqmarine\/wp-content\/uploads\/2021\/08\/AQ-arium-Solutions-logo-100x47px-1.png\",\"width\":100,\"height\":47,\"caption\":\"AQ-arium Solutions\"},\"image\":{\"@id\":\"https:\/\/www.aq-arium.com\/aqmarine\/#\/schema\/logo\/image\/\"},\"sameAs\":[\"https:\/\/www.instagram.com\/aq.arium\/\",\"https:\/\/x.com\/AArium56877\"]}]}<\/script>\n<!-- \/ Yoast SEO plugin. -->","yoast_head_json":{"title":"Aquatronica - ACQ455 Modulo para bombas Koralia - AQ, Aquarium Solutions","robots":{"index":"index","follow":"follow","max-snippet":"max-snippet:-1","max-image-preview":"max-image-preview:large","max-video-preview":"max-video-preview:-1"},"canonical":"https:\/\/www.aq-arium.com\/aqmarine\/aquatronica-acq455-modulo-para-bombas-koralia\/","og_locale":"es_ES","og_type":"article","og_title":"Aquatronica - ACQ455 Modulo para bombas Koralia - AQ, Aquarium Solutions","og_description":"El m\u00f3dulo para bombas Koralia permite al usuario instalar y controlar las bombas Hydor Koralia (modelo 12V) mediante la Unidad de Control de Aquatronica o v\u00eda PC si tiene el Interface USB, para crear diferentes efectos de oleajes o dimeado. La versatilidad del sistema significa que el usuario puede crear tantos efectos diferentes como desee [&hellip;]","og_url":"https:\/\/www.aq-arium.com\/aqmarine\/aquatronica-acq455-modulo-para-bombas-koralia\/","og_site_name":"AQ, Aquarium Solutions","article_publisher":"https:\/\/www.instagram.com\/aq.arium\/","article_modified_time":"2020-10-23T07:43:58+00:00","og_image":[{"url":"https:\/\/www.aq-arium.com\/aqmarine\/wp-content\/uploads\/2014\/11\/cabecera.jpg"}],"twitter_card":"summary_large_image","twitter_site":"@AArium56877","twitter_misc":{"Tiempo de lectura":"1 minuto"},"schema":{"@context":"https:\/\/schema.org","@graph":[{"@type":"WebPage","@id":"https:\/\/www.aq-arium.com\/aqmarine\/aquatronica-acq455-modulo-para-bombas-koralia\/","url":"https:\/\/www.aq-arium.com\/aqmarine\/aquatronica-acq455-modulo-para-bombas-koralia\/","name":"Aquatronica - ACQ455 Modulo para bombas Koralia - AQ, Aquarium Solutions","isPartOf":{"@id":"https:\/\/www.aq-arium.com\/aqmarine\/#website"},"primaryImageOfPage":{"@id":"https:\/\/www.aq-arium.com\/aqmarine\/aquatronica-acq455-modulo-para-bombas-koralia\/#primaryimage"},"image":{"@id":"https:\/\/www.aq-arium.com\/aqmarine\/aquatronica-acq455-modulo-para-bombas-koralia\/#primaryimage"},"thumbnailUrl":"https:\/\/www.aq-arium.com\/aqmarine\/wp-content\/uploads\/2014\/11\/cabecera.jpg","datePublished":"2014-12-01T17:26:26+00:00","dateModified":"2020-10-23T07:43:58+00:00","breadcrumb":{"@id":"https:\/\/www.aq-arium.com\/aqmarine\/aquatronica-acq455-modulo-para-bombas-koralia\/#breadcrumb"},"inLanguage":"es-ES","potentialAction":[{"@type":"ReadAction","target":["https:\/\/www.aq-arium.com\/aqmarine\/aquatronica-acq455-modulo-para-bombas-koralia\/"]}]},{"@type":"ImageObject","inLanguage":"es-ES","@id":"https:\/\/www.aq-arium.com\/aqmarine\/aquatronica-acq455-modulo-para-bombas-koralia\/#primaryimage","url":"https:\/\/www.aq-arium.com\/aqmarine\/wp-content\/uploads\/2014\/11\/cabecera.jpg","contentUrl":"https:\/\/www.aq-arium.com\/aqmarine\/wp-content\/uploads\/2014\/11\/cabecera.jpg","width":1136,"height":107},{"@type":"BreadcrumbList","@id":"https:\/\/www.aq-arium.com\/aqmarine\/aquatronica-acq455-modulo-para-bombas-koralia\/#breadcrumb","itemListElement":[{"@type":"ListItem","position":1,"name":"Portada","item":"https:\/\/www.aq-arium.com\/aqmarine\/"},{"@type":"ListItem","position":2,"name":"Aquatronica &#8211; ACQ455 Modulo para bombas Koralia"}]},{"@type":"WebSite","@id":"https:\/\/www.aq-arium.com\/aqmarine\/#website","url":"https:\/\/www.aq-arium.com\/aqmarine\/","name":"AQ, Aquarium Solutions","description":"Productos para Acuario Marino y Dulce","publisher":{"@id":"https:\/\/www.aq-arium.com\/aqmarine\/#organization"},"potentialAction":[{"@type":"SearchAction","target":{"@type":"EntryPoint","urlTemplate":"https:\/\/www.aq-arium.com\/aqmarine\/?s={search_term_string}"},"query-input":{"@type":"PropertyValueSpecification","valueRequired":true,"valueName":"search_term_string"}}],"inLanguage":"es-ES"},{"@type":"Organization","@id":"https:\/\/www.aq-arium.com\/aqmarine\/#organization","name":"AQ-arium Solutions","url":"https:\/\/www.aq-arium.com\/aqmarine\/","logo":{"@type":"ImageObject","inLanguage":"es-ES","@id":"https:\/\/www.aq-arium.com\/aqmarine\/#\/schema\/logo\/image\/","url":"https:\/\/www.aq-arium.com\/aqmarine\/wp-content\/uploads\/2021\/08\/AQ-arium-Solutions-logo-100x47px-1.png","contentUrl":"https:\/\/www.aq-arium.com\/aqmarine\/wp-content\/uploads\/2021\/08\/AQ-arium-Solutions-logo-100x47px-1.png","width":100,"height":47,"caption":"AQ-arium Solutions"},"image":{"@id":"https:\/\/www.aq-arium.com\/aqmarine\/#\/schema\/logo\/image\/"},"sameAs":["https:\/\/www.instagram.com\/aq.arium\/","https:\/\/x.com\/AArium56877"]}]}},"jetpack_sharing_enabled":true,"_links":{"self":[{"href":"https:\/\/www.aq-arium.com\/aqmarine\/wp-json\/wp\/v2\/pages\/1906","targetHints":{"allow":["GET"]}}],"collection":[{"href":"https:\/\/www.aq-arium.com\/aqmarine\/wp-json\/wp\/v2\/pages"}],"about":[{"href":"https:\/\/www.aq-arium.com\/aqmarine\/wp-json\/wp\/v2\/types\/page"}],"author":[{"embeddable":true,"href":"https:\/\/www.aq-arium.com\/aqmarine\/wp-json\/wp\/v2\/users\/1"}],"replies":[{"embeddable":true,"href":"https:\/\/www.aq-arium.com\/aqmarine\/wp-json\/wp\/v2\/comments?post=1906"}],"version-history":[{"count":0,"href":"https:\/\/www.aq-arium.com\/aqmarine\/wp-json\/wp\/v2\/pages\/1906\/revisions"}],"wp:attachment":[{"href":"https:\/\/www.aq-arium.com\/aqmarine\/wp-json\/wp\/v2\/media?parent=1906"}],"curies":[{"name":"wp","href":"https:\/\/api.w.org\/{rel}","templated":true}]}}