{"id":1895,"date":"2014-12-01T15:45:48","date_gmt":"2014-12-01T14:45:48","guid":{"rendered":"https:\/\/www.aq-arium.com\/aqmarine\/?page_id=1895"},"modified":"2023-04-27T08:21:59","modified_gmt":"2023-04-27T07:21:59","slug":"aquatronica-acq210n-wl-interface-de-fugas-de-agua","status":"publish","type":"page","link":"https:\/\/www.aq-arium.com\/aqmarine\/aquatronica-acq210n-wl-interface-de-fugas-de-agua\/","title":{"rendered":"Aquatronica &#8211; ACQ210N-WL Interface de Fugas de Agua"},"content":{"rendered":"<p><a href=\"https:\/\/www.aq-arium.com\/aqmarine\/aquatronica\/\">Volver a la p\u00e1gina principal de Aquatronica<\/a><\/p>\n<p><img loading=\"lazy\" decoding=\"async\" class=\"alignnone size-full wp-image-1778\" src=\"https:\/\/www.aq-arium.com\/aqmarine\/wp-content\/uploads\/2014\/11\/cabecera.jpg\" alt=\"cabecera\" width=\"1136\" height=\"107\" srcset=\"https:\/\/www.aq-arium.com\/aqmarine\/wp-content\/uploads\/2014\/11\/cabecera.jpg 1136w, https:\/\/www.aq-arium.com\/aqmarine\/wp-content\/uploads\/2014\/11\/cabecera-600x57.jpg 600w, https:\/\/www.aq-arium.com\/aqmarine\/wp-content\/uploads\/2014\/11\/cabecera-300x28.jpg 300w, https:\/\/www.aq-arium.com\/aqmarine\/wp-content\/uploads\/2014\/11\/cabecera-1024x96.jpg 1024w\" sizes=\"auto, (max-width: 1136px) 100vw, 1136px\" \/><\/p>\n<p>El Interface de Fugas de agua sirve para poder interpretar los datos recogidos por hasta dos sensores al sistema. Combinando el interface con la sonda de Fugas (ACQ320), podr\u00e1 detectar p\u00e9rdidas o fugas de agua f\u00e1cilmente y actuar en consecuencia utilizando los enchufes de la Unidad de Potencia.<\/p>\n<p>El Interface de Fugas de agua consiste en :<\/p>\n<ul>\n<li>Un conector para la conexi\u00f3n BUS al Sistema de Aquatronica (USB).<\/li>\n<li>Dos conectores para los sensores.<\/li>\n<\/ul>\n<p>En el momento en el cual el Interface de Fugas de Agua es conectado al sistema, el reconocimiento es autom\u00e1tico \u201cPlug &amp; Play\u201d y, sucesivamente, se habilitan los men\u00fas correspondientes en el Controlador.<\/p>\n[envira-gallery id=&#8221;14860&#8243;]\n","protected":false},"excerpt":{"rendered":"<p>Volver a la p\u00e1gina principal de Aquatronica El Interface de Fugas de agua sirve para poder interpretar los datos recogidos por hasta dos sensores al sistema. Combinando el interface con la sonda de Fugas (ACQ320), podr\u00e1 detectar p\u00e9rdidas o fugas de agua f\u00e1cilmente y actuar en consecuencia utilizando los enchufes de la Unidad de Potencia. [&hellip;]<\/p>\n","protected":false},"author":1,"featured_media":0,"parent":0,"menu_order":0,"comment_status":"closed","ping_status":"open","template":"","meta":{"_acf_changed":false,"footnotes":""},"class_list":["post-1895","page","type-page","status-publish","hentry"],"acf":[],"yoast_head":"<!-- This site is optimized with the Yoast SEO plugin v23.9 - https:\/\/yoast.com\/wordpress\/plugins\/seo\/ -->\n<title>Aquatronica - ACQ210N-WL Interface de Fugas de Agua - AQ, Aquarium Solutions<\/title>\n<meta name=\"robots\" content=\"index, follow, max-snippet:-1, max-image-preview:large, max-video-preview:-1\" \/>\n<link rel=\"canonical\" href=\"https:\/\/www.aq-arium.com\/aqmarine\/aquatronica-acq210n-wl-interface-de-fugas-de-agua\/\" \/>\n<meta property=\"og:locale\" content=\"es_ES\" \/>\n<meta property=\"og:type\" content=\"article\" \/>\n<meta property=\"og:title\" content=\"Aquatronica - ACQ210N-WL Interface de Fugas de Agua - AQ, Aquarium Solutions\" \/>\n<meta property=\"og:description\" content=\"Volver a la p\u00e1gina principal de Aquatronica El Interface de Fugas de agua sirve para poder interpretar los datos recogidos por hasta dos sensores al sistema. Combinando el interface con la sonda de Fugas (ACQ320), podr\u00e1 detectar p\u00e9rdidas o fugas de agua f\u00e1cilmente y actuar en consecuencia utilizando los enchufes de la Unidad de Potencia. [&hellip;]\" \/>\n<meta property=\"og:url\" content=\"https:\/\/www.aq-arium.com\/aqmarine\/aquatronica-acq210n-wl-interface-de-fugas-de-agua\/\" \/>\n<meta property=\"og:site_name\" content=\"AQ, Aquarium Solutions\" \/>\n<meta property=\"article:publisher\" content=\"https:\/\/www.instagram.com\/aq.arium\/\" \/>\n<meta property=\"article:modified_time\" content=\"2023-04-27T07:21:59+00:00\" \/>\n<meta property=\"og:image\" content=\"https:\/\/www.aq-arium.com\/aqmarine\/wp-content\/uploads\/2014\/11\/cabecera.jpg\" \/>\n<meta name=\"twitter:card\" content=\"summary_large_image\" \/>\n<meta name=\"twitter:site\" content=\"@AArium56877\" \/>\n<meta name=\"twitter:label1\" content=\"Tiempo de lectura\" \/>\n\t<meta name=\"twitter:data1\" content=\"1 minuto\" \/>\n<script type=\"application\/ld+json\" class=\"yoast-schema-graph\">{\"@context\":\"https:\/\/schema.org\",\"@graph\":[{\"@type\":\"WebPage\",\"@id\":\"https:\/\/www.aq-arium.com\/aqmarine\/aquatronica-acq210n-wl-interface-de-fugas-de-agua\/\",\"url\":\"https:\/\/www.aq-arium.com\/aqmarine\/aquatronica-acq210n-wl-interface-de-fugas-de-agua\/\",\"name\":\"Aquatronica - ACQ210N-WL Interface de Fugas de Agua - AQ, Aquarium Solutions\",\"isPartOf\":{\"@id\":\"https:\/\/www.aq-arium.com\/aqmarine\/#website\"},\"primaryImageOfPage\":{\"@id\":\"https:\/\/www.aq-arium.com\/aqmarine\/aquatronica-acq210n-wl-interface-de-fugas-de-agua\/#primaryimage\"},\"image\":{\"@id\":\"https:\/\/www.aq-arium.com\/aqmarine\/aquatronica-acq210n-wl-interface-de-fugas-de-agua\/#primaryimage\"},\"thumbnailUrl\":\"https:\/\/www.aq-arium.com\/aqmarine\/wp-content\/uploads\/2014\/11\/cabecera.jpg\",\"datePublished\":\"2014-12-01T14:45:48+00:00\",\"dateModified\":\"2023-04-27T07:21:59+00:00\",\"breadcrumb\":{\"@id\":\"https:\/\/www.aq-arium.com\/aqmarine\/aquatronica-acq210n-wl-interface-de-fugas-de-agua\/#breadcrumb\"},\"inLanguage\":\"es-ES\",\"potentialAction\":[{\"@type\":\"ReadAction\",\"target\":[\"https:\/\/www.aq-arium.com\/aqmarine\/aquatronica-acq210n-wl-interface-de-fugas-de-agua\/\"]}]},{\"@type\":\"ImageObject\",\"inLanguage\":\"es-ES\",\"@id\":\"https:\/\/www.aq-arium.com\/aqmarine\/aquatronica-acq210n-wl-interface-de-fugas-de-agua\/#primaryimage\",\"url\":\"https:\/\/www.aq-arium.com\/aqmarine\/wp-content\/uploads\/2014\/11\/cabecera.jpg\",\"contentUrl\":\"https:\/\/www.aq-arium.com\/aqmarine\/wp-content\/uploads\/2014\/11\/cabecera.jpg\",\"width\":1136,\"height\":107},{\"@type\":\"BreadcrumbList\",\"@id\":\"https:\/\/www.aq-arium.com\/aqmarine\/aquatronica-acq210n-wl-interface-de-fugas-de-agua\/#breadcrumb\",\"itemListElement\":[{\"@type\":\"ListItem\",\"position\":1,\"name\":\"Portada\",\"item\":\"https:\/\/www.aq-arium.com\/aqmarine\/\"},{\"@type\":\"ListItem\",\"position\":2,\"name\":\"Aquatronica &#8211; ACQ210N-WL Interface de Fugas de Agua\"}]},{\"@type\":\"WebSite\",\"@id\":\"https:\/\/www.aq-arium.com\/aqmarine\/#website\",\"url\":\"https:\/\/www.aq-arium.com\/aqmarine\/\",\"name\":\"AQ, Aquarium Solutions\",\"description\":\"Productos para Acuario Marino y Dulce\",\"publisher\":{\"@id\":\"https:\/\/www.aq-arium.com\/aqmarine\/#organization\"},\"potentialAction\":[{\"@type\":\"SearchAction\",\"target\":{\"@type\":\"EntryPoint\",\"urlTemplate\":\"https:\/\/www.aq-arium.com\/aqmarine\/?s={search_term_string}\"},\"query-input\":{\"@type\":\"PropertyValueSpecification\",\"valueRequired\":true,\"valueName\":\"search_term_string\"}}],\"inLanguage\":\"es-ES\"},{\"@type\":\"Organization\",\"@id\":\"https:\/\/www.aq-arium.com\/aqmarine\/#organization\",\"name\":\"AQ-arium Solutions\",\"url\":\"https:\/\/www.aq-arium.com\/aqmarine\/\",\"logo\":{\"@type\":\"ImageObject\",\"inLanguage\":\"es-ES\",\"@id\":\"https:\/\/www.aq-arium.com\/aqmarine\/#\/schema\/logo\/image\/\",\"url\":\"https:\/\/www.aq-arium.com\/aqmarine\/wp-content\/uploads\/2021\/08\/AQ-arium-Solutions-logo-100x47px-1.png\",\"contentUrl\":\"https:\/\/www.aq-arium.com\/aqmarine\/wp-content\/uploads\/2021\/08\/AQ-arium-Solutions-logo-100x47px-1.png\",\"width\":100,\"height\":47,\"caption\":\"AQ-arium Solutions\"},\"image\":{\"@id\":\"https:\/\/www.aq-arium.com\/aqmarine\/#\/schema\/logo\/image\/\"},\"sameAs\":[\"https:\/\/www.instagram.com\/aq.arium\/\",\"https:\/\/x.com\/AArium56877\"]}]}<\/script>\n<!-- \/ Yoast SEO plugin. -->","yoast_head_json":{"title":"Aquatronica - ACQ210N-WL Interface de Fugas de Agua - AQ, Aquarium Solutions","robots":{"index":"index","follow":"follow","max-snippet":"max-snippet:-1","max-image-preview":"max-image-preview:large","max-video-preview":"max-video-preview:-1"},"canonical":"https:\/\/www.aq-arium.com\/aqmarine\/aquatronica-acq210n-wl-interface-de-fugas-de-agua\/","og_locale":"es_ES","og_type":"article","og_title":"Aquatronica - ACQ210N-WL Interface de Fugas de Agua - AQ, Aquarium Solutions","og_description":"Volver a la p\u00e1gina principal de Aquatronica El Interface de Fugas de agua sirve para poder interpretar los datos recogidos por hasta dos sensores al sistema. Combinando el interface con la sonda de Fugas (ACQ320), podr\u00e1 detectar p\u00e9rdidas o fugas de agua f\u00e1cilmente y actuar en consecuencia utilizando los enchufes de la Unidad de Potencia. [&hellip;]","og_url":"https:\/\/www.aq-arium.com\/aqmarine\/aquatronica-acq210n-wl-interface-de-fugas-de-agua\/","og_site_name":"AQ, Aquarium Solutions","article_publisher":"https:\/\/www.instagram.com\/aq.arium\/","article_modified_time":"2023-04-27T07:21:59+00:00","og_image":[{"url":"https:\/\/www.aq-arium.com\/aqmarine\/wp-content\/uploads\/2014\/11\/cabecera.jpg"}],"twitter_card":"summary_large_image","twitter_site":"@AArium56877","twitter_misc":{"Tiempo de lectura":"1 minuto"},"schema":{"@context":"https:\/\/schema.org","@graph":[{"@type":"WebPage","@id":"https:\/\/www.aq-arium.com\/aqmarine\/aquatronica-acq210n-wl-interface-de-fugas-de-agua\/","url":"https:\/\/www.aq-arium.com\/aqmarine\/aquatronica-acq210n-wl-interface-de-fugas-de-agua\/","name":"Aquatronica - ACQ210N-WL Interface de Fugas de Agua - AQ, Aquarium Solutions","isPartOf":{"@id":"https:\/\/www.aq-arium.com\/aqmarine\/#website"},"primaryImageOfPage":{"@id":"https:\/\/www.aq-arium.com\/aqmarine\/aquatronica-acq210n-wl-interface-de-fugas-de-agua\/#primaryimage"},"image":{"@id":"https:\/\/www.aq-arium.com\/aqmarine\/aquatronica-acq210n-wl-interface-de-fugas-de-agua\/#primaryimage"},"thumbnailUrl":"https:\/\/www.aq-arium.com\/aqmarine\/wp-content\/uploads\/2014\/11\/cabecera.jpg","datePublished":"2014-12-01T14:45:48+00:00","dateModified":"2023-04-27T07:21:59+00:00","breadcrumb":{"@id":"https:\/\/www.aq-arium.com\/aqmarine\/aquatronica-acq210n-wl-interface-de-fugas-de-agua\/#breadcrumb"},"inLanguage":"es-ES","potentialAction":[{"@type":"ReadAction","target":["https:\/\/www.aq-arium.com\/aqmarine\/aquatronica-acq210n-wl-interface-de-fugas-de-agua\/"]}]},{"@type":"ImageObject","inLanguage":"es-ES","@id":"https:\/\/www.aq-arium.com\/aqmarine\/aquatronica-acq210n-wl-interface-de-fugas-de-agua\/#primaryimage","url":"https:\/\/www.aq-arium.com\/aqmarine\/wp-content\/uploads\/2014\/11\/cabecera.jpg","contentUrl":"https:\/\/www.aq-arium.com\/aqmarine\/wp-content\/uploads\/2014\/11\/cabecera.jpg","width":1136,"height":107},{"@type":"BreadcrumbList","@id":"https:\/\/www.aq-arium.com\/aqmarine\/aquatronica-acq210n-wl-interface-de-fugas-de-agua\/#breadcrumb","itemListElement":[{"@type":"ListItem","position":1,"name":"Portada","item":"https:\/\/www.aq-arium.com\/aqmarine\/"},{"@type":"ListItem","position":2,"name":"Aquatronica &#8211; ACQ210N-WL Interface de Fugas de Agua"}]},{"@type":"WebSite","@id":"https:\/\/www.aq-arium.com\/aqmarine\/#website","url":"https:\/\/www.aq-arium.com\/aqmarine\/","name":"AQ, Aquarium Solutions","description":"Productos para Acuario Marino y Dulce","publisher":{"@id":"https:\/\/www.aq-arium.com\/aqmarine\/#organization"},"potentialAction":[{"@type":"SearchAction","target":{"@type":"EntryPoint","urlTemplate":"https:\/\/www.aq-arium.com\/aqmarine\/?s={search_term_string}"},"query-input":{"@type":"PropertyValueSpecification","valueRequired":true,"valueName":"search_term_string"}}],"inLanguage":"es-ES"},{"@type":"Organization","@id":"https:\/\/www.aq-arium.com\/aqmarine\/#organization","name":"AQ-arium Solutions","url":"https:\/\/www.aq-arium.com\/aqmarine\/","logo":{"@type":"ImageObject","inLanguage":"es-ES","@id":"https:\/\/www.aq-arium.com\/aqmarine\/#\/schema\/logo\/image\/","url":"https:\/\/www.aq-arium.com\/aqmarine\/wp-content\/uploads\/2021\/08\/AQ-arium-Solutions-logo-100x47px-1.png","contentUrl":"https:\/\/www.aq-arium.com\/aqmarine\/wp-content\/uploads\/2021\/08\/AQ-arium-Solutions-logo-100x47px-1.png","width":100,"height":47,"caption":"AQ-arium Solutions"},"image":{"@id":"https:\/\/www.aq-arium.com\/aqmarine\/#\/schema\/logo\/image\/"},"sameAs":["https:\/\/www.instagram.com\/aq.arium\/","https:\/\/x.com\/AArium56877"]}]}},"jetpack_sharing_enabled":true,"_links":{"self":[{"href":"https:\/\/www.aq-arium.com\/aqmarine\/wp-json\/wp\/v2\/pages\/1895","targetHints":{"allow":["GET"]}}],"collection":[{"href":"https:\/\/www.aq-arium.com\/aqmarine\/wp-json\/wp\/v2\/pages"}],"about":[{"href":"https:\/\/www.aq-arium.com\/aqmarine\/wp-json\/wp\/v2\/types\/page"}],"author":[{"embeddable":true,"href":"https:\/\/www.aq-arium.com\/aqmarine\/wp-json\/wp\/v2\/users\/1"}],"replies":[{"embeddable":true,"href":"https:\/\/www.aq-arium.com\/aqmarine\/wp-json\/wp\/v2\/comments?post=1895"}],"version-history":[{"count":0,"href":"https:\/\/www.aq-arium.com\/aqmarine\/wp-json\/wp\/v2\/pages\/1895\/revisions"}],"wp:attachment":[{"href":"https:\/\/www.aq-arium.com\/aqmarine\/wp-json\/wp\/v2\/media?parent=1895"}],"curies":[{"name":"wp","href":"https:\/\/api.w.org\/{rel}","templated":true}]}}