{"id":1853,"date":"2014-12-01T11:11:32","date_gmt":"2014-12-01T10:11:32","guid":{"rendered":"https:\/\/www.aq-arium.com\/aqmarine\/?page_id=1853"},"modified":"2020-10-23T09:44:00","modified_gmt":"2020-10-23T07:44:00","slug":"aquatronica-acq140-touch-controller","status":"publish","type":"page","link":"https:\/\/www.aq-arium.com\/aqmarine\/aquatronica-acq140-touch-controller\/","title":{"rendered":"Aquatronica &#8211; ACQ140 Touch Controller"},"content":{"rendered":"<p><img loading=\"lazy\" decoding=\"async\" class=\"alignnone size-full wp-image-1778\" src=\"https:\/\/www.aq-arium.com\/aqmarine\/wp-content\/uploads\/2014\/11\/cabecera.jpg\" alt=\"cabecera\" width=\"1136\" height=\"107\" srcset=\"https:\/\/www.aq-arium.com\/aqmarine\/wp-content\/uploads\/2014\/11\/cabecera.jpg 1136w, https:\/\/www.aq-arium.com\/aqmarine\/wp-content\/uploads\/2014\/11\/cabecera-600x57.jpg 600w, https:\/\/www.aq-arium.com\/aqmarine\/wp-content\/uploads\/2014\/11\/cabecera-300x28.jpg 300w, https:\/\/www.aq-arium.com\/aqmarine\/wp-content\/uploads\/2014\/11\/cabecera-1024x96.jpg 1024w\" sizes=\"auto, (max-width: 1136px) 100vw, 1136px\" \/><\/p>\n<p><img loading=\"lazy\" decoding=\"async\" class=\"alignnone wp-image-1836 size-column1-1\/3\" src=\"https:\/\/www.aq-arium.com\/aqmarine\/wp-content\/uploads\/2014\/11\/IMG_4236-960x320.jpg\" alt=\"IMG_4236\" width=\"960\" height=\"320\" srcset=\"https:\/\/www.aq-arium.com\/aqmarine\/wp-content\/uploads\/2014\/11\/IMG_4236-960x320.jpg 960w, https:\/\/www.aq-arium.com\/aqmarine\/wp-content\/uploads\/2014\/11\/IMG_4236-480x160.jpg 480w, https:\/\/www.aq-arium.com\/aqmarine\/wp-content\/uploads\/2014\/11\/IMG_4236-320x107.jpg 320w, https:\/\/www.aq-arium.com\/aqmarine\/wp-content\/uploads\/2014\/11\/IMG_4236-240x80.jpg 240w\" sizes=\"auto, (max-width: 960px) 100vw, 960px\" \/><\/p>\n<p>El Controlador T\u00e1ctil de Aquatronica es una unidad de control innovadora y atractiva con un monitor de 7 pulgadas.<\/p>\n<p>Su gran pantalla t\u00e1ctil ofrece una programaci\u00f3n intuitiva y gr\u00e1ficos excelentes.<\/p>\n<p>Utilizando el Controlador T\u00e1ctil de Aquatronica, podr\u00e1 controlar varios par\u00e1metros qu\u00edmicos de su acuario, y ajustar programas para manipular los perif\u00e9ricos conectados a la unidad de control (tales como bombas, calentadores, etc.) de forma sencilla y r\u00e1pida.<\/p>\n<p>Puede conectar el dispositivo a la red mediante el m\u00f3dulo Ethernet incorporado o un m\u00f3dulo USB Wi-Fi Compatible (Que puede comprar por separado).<\/p>\n<p>La interface de usuario es muy f\u00e1cil de utilizar. El trabajo realizado por nuestro equipo de dise\u00f1adores gr\u00e1ficos y expertos en el \u00e1rea del dise\u00f1o de interfaces e interfaces hombre-m\u00e1quina, est\u00e1 centrado en facilitar la forma de entender el sistema, asesorando las reacciones y las formas especificas de utilizaci\u00f3n, haciendo que el sistema responda de forma inmediata y entendible.<\/p>\n<p>La conectividad a la red le permite ver los par\u00e1metros y controlar el acuario v\u00eda internet; el sistema tambi\u00e9n maneja de forma autom\u00e1tica el env\u00edo de correos electr\u00f3nicos para enviar reportes y alarmas. Es compatible con Windows&#x2122; y Apple&#x2122;. El Controlador T\u00e1ctil viene equipado con una conexi\u00f3n LAN, dos puertos USB y un lector de tarjetas SD. Tambi\u00e9n es compatible con los dem\u00e1s productos de Aquatronica, m\u00f3dulos, interfaces. iluminaci\u00f3n y accesorios.<\/p>\n<p>El Controlador T\u00e1ctil tambi\u00e9n ha sido dise\u00f1ado para controlar m\u00e1s de un acuario, ya sea de agua salada como de dulce de forma simult\u00e1nea.<\/p>\n<div class=\"ctsc-feature  ctsc-feature- ctsc-feature-horizontal\"><div class=\"ctsc-feature-icon\" style=\"\"><span class=\"icon-list\"><\/span><\/div><div class=\"ctsc-feature-body\"><h4 class=\"ctsc-feature-title\">Especificaciones T\u00e9cnicas<\/h4><div class=\"ctsc-feature-content\">\n<p>Dimensiones con soporte : 190,5x155x34,5cm<br \/>\nDimensiones sin soporte : 190,5&#215;125,5&#215;34,5cm<br \/>\nPantalla : 7 Pulgadas T\u00e1ctil<br \/>\nConsumo : &lt;10W (Con la Pantalla encendida, sin dispositivos USB Conectados).<br \/>\nAdaptador de Corriente : 240V &#8211; 50 Hhz<br \/>\nConexiones : USB, Ethernet, Wi-fi (V\u00eda adaptador Wi-Fi USB, se compra por separado)<br \/>\nFunciones del Software : Interface T\u00e1ctil, Interface Web, Notificaciones e-mail, servicios web para aplicaciones personalizadas.<br \/>\nArchivo de datos : USB, SD, memoria interna<br \/>\nCompatibilidad : Windows&#x2122; y Macintosh&#x2122;<br \/>\nDispositivos Wi-Fi Compatibles : D-Link DWA-131 \/\/ Netgear VG111v2 \/\/ Tp-Link TL-WN723N 150 Mbps Wireless N USB Adapter (v1,v2) \/\/ Tp-Link TL-WN823N 300 Mbps Wireless N Mini USB Adapter \/\/ D-Link DWA-121<\/p>\n<\/div><\/div><\/div>\n[envira-gallery id=&#8221;14876&#8243;]\n","protected":false},"excerpt":{"rendered":"<p>El Controlador T\u00e1ctil de Aquatronica es una unidad de control innovadora y atractiva con un monitor de 7 pulgadas. Su gran pantalla t\u00e1ctil ofrece una programaci\u00f3n intuitiva y gr\u00e1ficos excelentes. Utilizando el Controlador T\u00e1ctil de Aquatronica, podr\u00e1 controlar varios par\u00e1metros qu\u00edmicos de su acuario, y ajustar programas para manipular los perif\u00e9ricos conectados a la unidad [&hellip;]<\/p>\n","protected":false},"author":1,"featured_media":1859,"parent":0,"menu_order":0,"comment_status":"closed","ping_status":"open","template":"","meta":{"_acf_changed":false,"footnotes":""},"class_list":["post-1853","page","type-page","status-publish","has-post-thumbnail","hentry"],"acf":[],"yoast_head":"<!-- This site is optimized with the Yoast SEO plugin v23.9 - https:\/\/yoast.com\/wordpress\/plugins\/seo\/ -->\n<title>Aquatronica - ACQ140 Touch Controller - AQ, Aquarium Solutions<\/title>\n<meta name=\"robots\" content=\"index, follow, max-snippet:-1, max-image-preview:large, max-video-preview:-1\" \/>\n<link rel=\"canonical\" href=\"https:\/\/www.aq-arium.com\/aqmarine\/aquatronica-acq140-touch-controller\/\" \/>\n<meta property=\"og:locale\" content=\"es_ES\" \/>\n<meta property=\"og:type\" content=\"article\" \/>\n<meta property=\"og:title\" content=\"Aquatronica - ACQ140 Touch Controller - AQ, Aquarium Solutions\" \/>\n<meta property=\"og:description\" content=\"El Controlador T\u00e1ctil de Aquatronica es una unidad de control innovadora y atractiva con un monitor de 7 pulgadas. Su gran pantalla t\u00e1ctil ofrece una programaci\u00f3n intuitiva y gr\u00e1ficos excelentes. Utilizando el Controlador T\u00e1ctil de Aquatronica, podr\u00e1 controlar varios par\u00e1metros qu\u00edmicos de su acuario, y ajustar programas para manipular los perif\u00e9ricos conectados a la unidad [&hellip;]\" \/>\n<meta property=\"og:url\" content=\"https:\/\/www.aq-arium.com\/aqmarine\/aquatronica-acq140-touch-controller\/\" \/>\n<meta property=\"og:site_name\" content=\"AQ, Aquarium Solutions\" \/>\n<meta property=\"article:publisher\" content=\"https:\/\/www.instagram.com\/aq.arium\/\" \/>\n<meta property=\"article:modified_time\" content=\"2020-10-23T07:44:00+00:00\" \/>\n<meta property=\"og:image\" content=\"https:\/\/www.aq-arium.com\/aqmarine\/wp-content\/uploads\/2014\/12\/3_ACQ140_TOUCHcontroller.jpg\" \/>\n\t<meta property=\"og:image:width\" content=\"500\" \/>\n\t<meta property=\"og:image:height\" content=\"500\" \/>\n\t<meta property=\"og:image:type\" content=\"image\/jpeg\" \/>\n<meta name=\"twitter:card\" content=\"summary_large_image\" \/>\n<meta name=\"twitter:site\" content=\"@AArium56877\" \/>\n<meta name=\"twitter:label1\" content=\"Tiempo de lectura\" \/>\n\t<meta name=\"twitter:data1\" content=\"2 minutos\" \/>\n<script type=\"application\/ld+json\" class=\"yoast-schema-graph\">{\"@context\":\"https:\/\/schema.org\",\"@graph\":[{\"@type\":\"WebPage\",\"@id\":\"https:\/\/www.aq-arium.com\/aqmarine\/aquatronica-acq140-touch-controller\/\",\"url\":\"https:\/\/www.aq-arium.com\/aqmarine\/aquatronica-acq140-touch-controller\/\",\"name\":\"Aquatronica - ACQ140 Touch Controller - AQ, Aquarium Solutions\",\"isPartOf\":{\"@id\":\"https:\/\/www.aq-arium.com\/aqmarine\/#website\"},\"primaryImageOfPage\":{\"@id\":\"https:\/\/www.aq-arium.com\/aqmarine\/aquatronica-acq140-touch-controller\/#primaryimage\"},\"image\":{\"@id\":\"https:\/\/www.aq-arium.com\/aqmarine\/aquatronica-acq140-touch-controller\/#primaryimage\"},\"thumbnailUrl\":\"https:\/\/www.aq-arium.com\/aqmarine\/wp-content\/uploads\/2014\/12\/3_ACQ140_TOUCHcontroller.jpg\",\"datePublished\":\"2014-12-01T10:11:32+00:00\",\"dateModified\":\"2020-10-23T07:44:00+00:00\",\"breadcrumb\":{\"@id\":\"https:\/\/www.aq-arium.com\/aqmarine\/aquatronica-acq140-touch-controller\/#breadcrumb\"},\"inLanguage\":\"es-ES\",\"potentialAction\":[{\"@type\":\"ReadAction\",\"target\":[\"https:\/\/www.aq-arium.com\/aqmarine\/aquatronica-acq140-touch-controller\/\"]}]},{\"@type\":\"ImageObject\",\"inLanguage\":\"es-ES\",\"@id\":\"https:\/\/www.aq-arium.com\/aqmarine\/aquatronica-acq140-touch-controller\/#primaryimage\",\"url\":\"https:\/\/www.aq-arium.com\/aqmarine\/wp-content\/uploads\/2014\/12\/3_ACQ140_TOUCHcontroller.jpg\",\"contentUrl\":\"https:\/\/www.aq-arium.com\/aqmarine\/wp-content\/uploads\/2014\/12\/3_ACQ140_TOUCHcontroller.jpg\",\"width\":500,\"height\":500},{\"@type\":\"BreadcrumbList\",\"@id\":\"https:\/\/www.aq-arium.com\/aqmarine\/aquatronica-acq140-touch-controller\/#breadcrumb\",\"itemListElement\":[{\"@type\":\"ListItem\",\"position\":1,\"name\":\"Portada\",\"item\":\"https:\/\/www.aq-arium.com\/aqmarine\/\"},{\"@type\":\"ListItem\",\"position\":2,\"name\":\"Aquatronica &#8211; ACQ140 Touch Controller\"}]},{\"@type\":\"WebSite\",\"@id\":\"https:\/\/www.aq-arium.com\/aqmarine\/#website\",\"url\":\"https:\/\/www.aq-arium.com\/aqmarine\/\",\"name\":\"AQ, Aquarium Solutions\",\"description\":\"Productos para Acuario Marino y Dulce\",\"publisher\":{\"@id\":\"https:\/\/www.aq-arium.com\/aqmarine\/#organization\"},\"potentialAction\":[{\"@type\":\"SearchAction\",\"target\":{\"@type\":\"EntryPoint\",\"urlTemplate\":\"https:\/\/www.aq-arium.com\/aqmarine\/?s={search_term_string}\"},\"query-input\":{\"@type\":\"PropertyValueSpecification\",\"valueRequired\":true,\"valueName\":\"search_term_string\"}}],\"inLanguage\":\"es-ES\"},{\"@type\":\"Organization\",\"@id\":\"https:\/\/www.aq-arium.com\/aqmarine\/#organization\",\"name\":\"AQ-arium Solutions\",\"url\":\"https:\/\/www.aq-arium.com\/aqmarine\/\",\"logo\":{\"@type\":\"ImageObject\",\"inLanguage\":\"es-ES\",\"@id\":\"https:\/\/www.aq-arium.com\/aqmarine\/#\/schema\/logo\/image\/\",\"url\":\"https:\/\/www.aq-arium.com\/aqmarine\/wp-content\/uploads\/2021\/08\/AQ-arium-Solutions-logo-100x47px-1.png\",\"contentUrl\":\"https:\/\/www.aq-arium.com\/aqmarine\/wp-content\/uploads\/2021\/08\/AQ-arium-Solutions-logo-100x47px-1.png\",\"width\":100,\"height\":47,\"caption\":\"AQ-arium Solutions\"},\"image\":{\"@id\":\"https:\/\/www.aq-arium.com\/aqmarine\/#\/schema\/logo\/image\/\"},\"sameAs\":[\"https:\/\/www.instagram.com\/aq.arium\/\",\"https:\/\/x.com\/AArium56877\"]}]}<\/script>\n<!-- \/ Yoast SEO plugin. -->","yoast_head_json":{"title":"Aquatronica - ACQ140 Touch Controller - AQ, Aquarium Solutions","robots":{"index":"index","follow":"follow","max-snippet":"max-snippet:-1","max-image-preview":"max-image-preview:large","max-video-preview":"max-video-preview:-1"},"canonical":"https:\/\/www.aq-arium.com\/aqmarine\/aquatronica-acq140-touch-controller\/","og_locale":"es_ES","og_type":"article","og_title":"Aquatronica - ACQ140 Touch Controller - AQ, Aquarium Solutions","og_description":"El Controlador T\u00e1ctil de Aquatronica es una unidad de control innovadora y atractiva con un monitor de 7 pulgadas. Su gran pantalla t\u00e1ctil ofrece una programaci\u00f3n intuitiva y gr\u00e1ficos excelentes. Utilizando el Controlador T\u00e1ctil de Aquatronica, podr\u00e1 controlar varios par\u00e1metros qu\u00edmicos de su acuario, y ajustar programas para manipular los perif\u00e9ricos conectados a la unidad [&hellip;]","og_url":"https:\/\/www.aq-arium.com\/aqmarine\/aquatronica-acq140-touch-controller\/","og_site_name":"AQ, Aquarium Solutions","article_publisher":"https:\/\/www.instagram.com\/aq.arium\/","article_modified_time":"2020-10-23T07:44:00+00:00","og_image":[{"width":500,"height":500,"url":"https:\/\/www.aq-arium.com\/aqmarine\/wp-content\/uploads\/2014\/12\/3_ACQ140_TOUCHcontroller.jpg","type":"image\/jpeg"}],"twitter_card":"summary_large_image","twitter_site":"@AArium56877","twitter_misc":{"Tiempo de lectura":"2 minutos"},"schema":{"@context":"https:\/\/schema.org","@graph":[{"@type":"WebPage","@id":"https:\/\/www.aq-arium.com\/aqmarine\/aquatronica-acq140-touch-controller\/","url":"https:\/\/www.aq-arium.com\/aqmarine\/aquatronica-acq140-touch-controller\/","name":"Aquatronica - ACQ140 Touch Controller - AQ, Aquarium Solutions","isPartOf":{"@id":"https:\/\/www.aq-arium.com\/aqmarine\/#website"},"primaryImageOfPage":{"@id":"https:\/\/www.aq-arium.com\/aqmarine\/aquatronica-acq140-touch-controller\/#primaryimage"},"image":{"@id":"https:\/\/www.aq-arium.com\/aqmarine\/aquatronica-acq140-touch-controller\/#primaryimage"},"thumbnailUrl":"https:\/\/www.aq-arium.com\/aqmarine\/wp-content\/uploads\/2014\/12\/3_ACQ140_TOUCHcontroller.jpg","datePublished":"2014-12-01T10:11:32+00:00","dateModified":"2020-10-23T07:44:00+00:00","breadcrumb":{"@id":"https:\/\/www.aq-arium.com\/aqmarine\/aquatronica-acq140-touch-controller\/#breadcrumb"},"inLanguage":"es-ES","potentialAction":[{"@type":"ReadAction","target":["https:\/\/www.aq-arium.com\/aqmarine\/aquatronica-acq140-touch-controller\/"]}]},{"@type":"ImageObject","inLanguage":"es-ES","@id":"https:\/\/www.aq-arium.com\/aqmarine\/aquatronica-acq140-touch-controller\/#primaryimage","url":"https:\/\/www.aq-arium.com\/aqmarine\/wp-content\/uploads\/2014\/12\/3_ACQ140_TOUCHcontroller.jpg","contentUrl":"https:\/\/www.aq-arium.com\/aqmarine\/wp-content\/uploads\/2014\/12\/3_ACQ140_TOUCHcontroller.jpg","width":500,"height":500},{"@type":"BreadcrumbList","@id":"https:\/\/www.aq-arium.com\/aqmarine\/aquatronica-acq140-touch-controller\/#breadcrumb","itemListElement":[{"@type":"ListItem","position":1,"name":"Portada","item":"https:\/\/www.aq-arium.com\/aqmarine\/"},{"@type":"ListItem","position":2,"name":"Aquatronica &#8211; ACQ140 Touch Controller"}]},{"@type":"WebSite","@id":"https:\/\/www.aq-arium.com\/aqmarine\/#website","url":"https:\/\/www.aq-arium.com\/aqmarine\/","name":"AQ, Aquarium Solutions","description":"Productos para Acuario Marino y Dulce","publisher":{"@id":"https:\/\/www.aq-arium.com\/aqmarine\/#organization"},"potentialAction":[{"@type":"SearchAction","target":{"@type":"EntryPoint","urlTemplate":"https:\/\/www.aq-arium.com\/aqmarine\/?s={search_term_string}"},"query-input":{"@type":"PropertyValueSpecification","valueRequired":true,"valueName":"search_term_string"}}],"inLanguage":"es-ES"},{"@type":"Organization","@id":"https:\/\/www.aq-arium.com\/aqmarine\/#organization","name":"AQ-arium Solutions","url":"https:\/\/www.aq-arium.com\/aqmarine\/","logo":{"@type":"ImageObject","inLanguage":"es-ES","@id":"https:\/\/www.aq-arium.com\/aqmarine\/#\/schema\/logo\/image\/","url":"https:\/\/www.aq-arium.com\/aqmarine\/wp-content\/uploads\/2021\/08\/AQ-arium-Solutions-logo-100x47px-1.png","contentUrl":"https:\/\/www.aq-arium.com\/aqmarine\/wp-content\/uploads\/2021\/08\/AQ-arium-Solutions-logo-100x47px-1.png","width":100,"height":47,"caption":"AQ-arium Solutions"},"image":{"@id":"https:\/\/www.aq-arium.com\/aqmarine\/#\/schema\/logo\/image\/"},"sameAs":["https:\/\/www.instagram.com\/aq.arium\/","https:\/\/x.com\/AArium56877"]}]}},"jetpack_sharing_enabled":true,"_links":{"self":[{"href":"https:\/\/www.aq-arium.com\/aqmarine\/wp-json\/wp\/v2\/pages\/1853","targetHints":{"allow":["GET"]}}],"collection":[{"href":"https:\/\/www.aq-arium.com\/aqmarine\/wp-json\/wp\/v2\/pages"}],"about":[{"href":"https:\/\/www.aq-arium.com\/aqmarine\/wp-json\/wp\/v2\/types\/page"}],"author":[{"embeddable":true,"href":"https:\/\/www.aq-arium.com\/aqmarine\/wp-json\/wp\/v2\/users\/1"}],"replies":[{"embeddable":true,"href":"https:\/\/www.aq-arium.com\/aqmarine\/wp-json\/wp\/v2\/comments?post=1853"}],"version-history":[{"count":0,"href":"https:\/\/www.aq-arium.com\/aqmarine\/wp-json\/wp\/v2\/pages\/1853\/revisions"}],"wp:featuredmedia":[{"embeddable":true,"href":"https:\/\/www.aq-arium.com\/aqmarine\/wp-json\/wp\/v2\/media\/1859"}],"wp:attachment":[{"href":"https:\/\/www.aq-arium.com\/aqmarine\/wp-json\/wp\/v2\/media?parent=1853"}],"curies":[{"name":"wp","href":"https:\/\/api.w.org\/{rel}","templated":true}]}}