{"id":17884,"date":"2020-12-23T15:33:22","date_gmt":"2020-12-23T14:33:22","guid":{"rendered":"https:\/\/www.aq-arium.com\/aqmarine\/?page_id=17884"},"modified":"2020-12-23T15:36:28","modified_gmt":"2020-12-23T14:36:28","slug":"formulario-de-alta-de-cliente","status":"publish","type":"page","link":"https:\/\/www.aq-arium.com\/aqmarine\/formulario-de-alta-de-cliente\/","title":{"rendered":"Formulario de Alta de Cliente"},"content":{"rendered":"\t\t<div data-elementor-type=\"wp-page\" data-elementor-id=\"17884\" class=\"elementor elementor-17884\" data-elementor-settings=\"[]\">\n\t\t\t\t\t\t<div class=\"elementor-inner\">\n\t\t\t\t\t\t\t<div class=\"elementor-section-wrap\">\n\t\t\t\t\t\t\t<section class=\"elementor-section elementor-top-section elementor-element elementor-element-3e23118c elementor-section-boxed elementor-section-height-default elementor-section-height-default\" data-id=\"3e23118c\" data-element_type=\"section\">\n\t\t\t\t\t\t<div class=\"elementor-container elementor-column-gap-default\">\n\t\t\t\t\t\t\t<div class=\"elementor-row\">\n\t\t\t\t\t<div class=\"elementor-column elementor-col-100 elementor-top-column elementor-element elementor-element-3fbf9c73\" data-id=\"3fbf9c73\" data-element_type=\"column\">\n\t\t\t<div class=\"elementor-column-wrap elementor-element-populated\">\n\t\t\t\t\t\t\t<div class=\"elementor-widget-wrap\">\n\t\t\t\t\t\t<div class=\"elementor-element elementor-element-584c2ac5 elementor-widget elementor-widget-text-editor\" data-id=\"584c2ac5\" data-element_type=\"widget\" data-widget_type=\"text-editor.default\">\n\t\t\t\t<div class=\"elementor-widget-container\">\n\t\t\t\t\t<div class=\"elementor-text-editor elementor-clearfix\"><p><span style=\"color: #000000;\"><!-- wp:paragraph --><\/span><\/p>\n<p><span style=\"color: #000000;\"><strong>Para darse de alta como cliente, por favor, rellene el formulario y siga sus instrucciones. Tambi\u00e9n puede llamarnos al (+34) 938 925 400 y le ayudaremos con mucho gusto.<\/strong>\u00a0<\/span><\/p>\n<p><span style=\"color: #000000;\"><em>To register as a client, please fill out the form and follow its instructions. You can also call us at (+34) 938925400 and we will be happy to help you.<\/em><\/span><\/p>\n<p><span style=\"color: #000000;\"><!-- \/wp:paragraph --><!-- wp:paragraph --><\/span><\/p>\n<p><span style=\"color: #000000;\">\n<div class=\"wpcf7 no-js\" id=\"wpcf7-f2408-o1\" lang=\"es-ES\" dir=\"ltr\" data-wpcf7-id=\"2408\">\n<div class=\"screen-reader-response\"><p role=\"status\" aria-live=\"polite\" aria-atomic=\"true\"><\/p> <ul><\/ul><\/div>\n<form action=\"\/aqmarine\/wp-json\/wp\/v2\/pages\/17884#wpcf7-f2408-o1\" method=\"post\" class=\"wpcf7-form init\" aria-label=\"Formulario de contacto\" enctype=\"multipart\/form-data\" novalidate=\"novalidate\" data-status=\"init\">\n<div style=\"display: none;\">\n<input type=\"hidden\" name=\"_wpcf7\" value=\"2408\" \/>\n<input type=\"hidden\" name=\"_wpcf7_version\" value=\"6.0\" \/>\n<input type=\"hidden\" name=\"_wpcf7_locale\" value=\"es_ES\" \/>\n<input type=\"hidden\" name=\"_wpcf7_unit_tag\" value=\"wpcf7-f2408-o1\" \/>\n<input type=\"hidden\" name=\"_wpcf7_container_post\" value=\"0\" \/>\n<input type=\"hidden\" name=\"_wpcf7_posted_data_hash\" value=\"\" \/>\n<\/div>\n<link rel=\"stylesheet\" href=\"https:\/\/www.aq-arium.com\/aqmarine\/wp-content\/plugins\/pdf-forms-for-contact-form-7\/css\/frontend.css\" \/><script type=\"text\/javascript\" src=\"https:\/\/www.aq-arium.com\/aqmarine\/wp-content\/plugins\/pdf-forms-for-contact-form-7\/js\/frontend.js?ver=2.2.1\"><\/script><p><b> Identificaci\u00f3n \/ <i>Identitfication<\/i> <\/b>\n<\/p>\n<p><label> Nombre Comercial <i>Comercial Name<\/i><br \/>\n<span class=\"wpcf7-form-control-wrap\" data-name=\"nombre-comercial\"><input size=\"40\" maxlength=\"400\" class=\"wpcf7-form-control wpcf7-text wpcf7-validates-as-required\" aria-required=\"true\" aria-invalid=\"false\" value=\"\" type=\"text\" name=\"nombre-comercial\" \/><\/span> <\/label>\n<\/p>\n<p><label> CIF\/NIF <i>Comercial id<\/i><br \/>\n<span class=\"wpcf7-form-control-wrap\" data-name=\"CIF-NIF\"><input size=\"40\" maxlength=\"400\" class=\"wpcf7-form-control wpcf7-text wpcf7-validates-as-required\" aria-required=\"true\" aria-invalid=\"false\" value=\"\" type=\"text\" name=\"CIF-NIF\" \/><\/span> <\/label>\n<\/p>\n<p><label> Raz\u00f3n Social <i>Social Name<\/i><br \/>\n<span class=\"wpcf7-form-control-wrap\" data-name=\"razon-social\"><input size=\"40\" maxlength=\"400\" class=\"wpcf7-form-control wpcf7-text wpcf7-validates-as-required\" aria-required=\"true\" aria-invalid=\"false\" value=\"\" type=\"text\" name=\"razon-social\" \/><\/span> <\/label>\n<\/p>\n<hr \/>\n<p><b>Localizaci\u00f3n \/ <i>Location<\/i><\/b>\n<\/p>\n<p><label> Direcci\u00f3n <i>Adress<\/i><br \/>\n<span class=\"wpcf7-form-control-wrap\" data-name=\"direccion\"><input size=\"40\" maxlength=\"400\" class=\"wpcf7-form-control wpcf7-text wpcf7-validates-as-required\" aria-required=\"true\" aria-invalid=\"false\" value=\"\" type=\"text\" name=\"direccion\" \/><\/span> <\/label>\n<\/p>\n<p><label> C\u00f3digo Postal <i>Postal Code<\/i><br \/>\n<span class=\"wpcf7-form-control-wrap\" data-name=\"codigo-postal\"><input size=\"40\" maxlength=\"400\" class=\"wpcf7-form-control wpcf7-text wpcf7-validates-as-required\" aria-required=\"true\" aria-invalid=\"false\" value=\"\" type=\"text\" name=\"codigo-postal\" \/><\/span> <\/label>\n<\/p>\n<p><label> Municipio <i>Village<\/i><br \/>\n<span class=\"wpcf7-form-control-wrap\" data-name=\"municipio\"><input size=\"40\" maxlength=\"400\" class=\"wpcf7-form-control wpcf7-text wpcf7-validates-as-required\" aria-required=\"true\" aria-invalid=\"false\" value=\"\" type=\"text\" name=\"municipio\" \/><\/span> <\/label>\n<\/p>\n<p><label> Provincia <i>State\/Province<\/i><br \/>\n<span class=\"wpcf7-form-control-wrap\" data-name=\"provincia\"><input size=\"40\" maxlength=\"400\" class=\"wpcf7-form-control wpcf7-text wpcf7-validates-as-required\" aria-required=\"true\" aria-invalid=\"false\" value=\"\" type=\"text\" name=\"provincia\" \/><\/span> <\/label>\n<\/p>\n<p><label> Pa\u00eds <i>Country<\/i><br \/>\n<span class=\"wpcf7-form-control-wrap\" data-name=\"pais\"><input size=\"40\" maxlength=\"400\" class=\"wpcf7-form-control wpcf7-text wpcf7-validates-as-required\" aria-required=\"true\" aria-invalid=\"false\" value=\"\" type=\"text\" name=\"pais\" \/><\/span> <\/label>\n<\/p>\n<hr \/>\n<p><b> Datos de Contacto \/ <i>Contact Data<\/i> <\/b>\n<\/p>\n<p><label> Tel\u00e9fono <i>Phone<\/i><br \/>\n<span class=\"wpcf7-form-control-wrap\" data-name=\"telefono\"><input size=\"40\" maxlength=\"400\" class=\"wpcf7-form-control wpcf7-tel wpcf7-validates-as-required wpcf7-text wpcf7-validates-as-tel\" aria-required=\"true\" aria-invalid=\"false\" value=\"\" type=\"tel\" name=\"telefono\" \/><\/span> <\/label>\n<\/p>\n<p><label> M\u00f3vil <i>Mobile<\/i><br \/>\n<span class=\"wpcf7-form-control-wrap\" data-name=\"movil\"><input size=\"40\" maxlength=\"400\" class=\"wpcf7-form-control wpcf7-tel wpcf7-validates-as-required wpcf7-text wpcf7-validates-as-tel\" aria-required=\"true\" aria-invalid=\"false\" value=\"\" type=\"tel\" name=\"movil\" \/><\/span> <\/label>\n<\/p>\n<p><label> Tu correo electr\u00f3nico<br \/>\n<span class=\"wpcf7-form-control-wrap\" data-name=\"correo\"><input size=\"40\" maxlength=\"400\" class=\"wpcf7-form-control wpcf7-email wpcf7-validates-as-required wpcf7-text wpcf7-validates-as-email\" aria-required=\"true\" aria-invalid=\"false\" value=\"\" type=\"email\" name=\"correo\" \/><\/span> <\/label>\n<\/p>\n<p><label> Persona de Contacto <i>Contact Person<\/i><br \/>\n<span class=\"wpcf7-form-control-wrap\" data-name=\"contacto\"><input size=\"40\" maxlength=\"400\" class=\"wpcf7-form-control wpcf7-text wpcf7-validates-as-required\" aria-required=\"true\" aria-invalid=\"false\" value=\"\" type=\"text\" name=\"contacto\" \/><\/span> <\/label>\n<\/p>\n<hr \/>\n<p><b> Datos de la empresa \/ <i>Company information<\/i><\/b>\n<\/p>\n<p><label> Facturaci\u00f3n Anual <i>Annual Turnover<\/i><br \/>\n<span class=\"wpcf7-form-control-wrap\" data-name=\"facturacion\"><input size=\"40\" maxlength=\"400\" class=\"wpcf7-form-control wpcf7-text\" aria-invalid=\"false\" value=\"\" type=\"text\" name=\"facturacion\" \/><\/span> <\/label>\n<\/p>\n<p><label> Facturaci\u00f3n Anual Secci\u00f3n Marino <i>Annual Turnover Marine Section<\/i><br \/>\n<span class=\"wpcf7-form-control-wrap\" data-name=\"facturacion-marino\"><input size=\"40\" maxlength=\"400\" class=\"wpcf7-form-control wpcf7-text\" aria-invalid=\"false\" value=\"\" type=\"text\" name=\"facturacion-marino\" \/><\/span> <\/label>\n<\/p>\n<p><label> Previsi\u00f3n de facturaci\u00f3n para productos AQ <i>Prevision Turnover for AQ products<\/i><br \/>\n<span class=\"wpcf7-form-control-wrap\" data-name=\"facturacion-aq\"><input size=\"40\" maxlength=\"400\" class=\"wpcf7-form-control wpcf7-text\" aria-invalid=\"false\" value=\"\" type=\"text\" name=\"facturacion-aq\" \/><\/span> <\/label>\n<\/p>\n<p><span class=\"wpcf7-form-control-wrap\" data-name=\"tipodetienda\"><span class=\"wpcf7-form-control wpcf7-radio\"><span class=\"wpcf7-list-item first\"><input type=\"radio\" name=\"tipodetienda\" value=\"F\u00edsica\/Local\" checked=\"checked\" \/><span class=\"wpcf7-list-item-label\">F\u00edsica\/Local<\/span><\/span><span class=\"wpcf7-list-item\"><input type=\"radio\" name=\"tipodetienda\" value=\"Virtual\/Online\" \/><span class=\"wpcf7-list-item-label\">Virtual\/Online<\/span><\/span><span class=\"wpcf7-list-item last\"><input type=\"radio\" name=\"tipodetienda\" value=\"Mixta\/Mix\" \/><span class=\"wpcf7-list-item-label\">Mixta\/Mix<\/span><\/span><\/span><\/span>\n<\/p>\n<hr \/>\n<p><b> S\u00f3lo para clientes Espa\u00f1oles \/ <i>Only for Spanish Clients<\/i><\/b>\n<\/p>\n<p><label> Nombre del Banco<br \/>\n<span class=\"wpcf7-form-control-wrap\" data-name=\"banco\"><input size=\"40\" maxlength=\"400\" class=\"wpcf7-form-control wpcf7-text\" aria-invalid=\"false\" value=\"\" type=\"text\" name=\"banco\" \/><\/span> <\/label>\n<\/p>\n<p><label> Cuenta IBAN<br \/>\n<span class=\"wpcf7-form-control-wrap\" data-name=\"IBAN\"><input size=\"40\" maxlength=\"400\" class=\"wpcf7-form-control wpcf7-text\" aria-invalid=\"false\" value=\"\" type=\"text\" name=\"IBAN\" \/><\/span> <\/label>\n<\/p>\n<p><label> SWIFT\/BIC<br \/>\n<span class=\"wpcf7-form-control-wrap\" data-name=\"SWIFT-BIC\"><input size=\"40\" maxlength=\"400\" class=\"wpcf7-form-control wpcf7-text\" aria-invalid=\"false\" value=\"\" type=\"text\" name=\"SWIFT-BIC\" \/><\/span> <\/label>\n<\/p>\n<p><b>Es muy importante a\u00f1adir una fotocopia del IAE (Impuesto de Actividades Econ\u00f3micas) de la empresa, ya que debemos recordar que no vendemos al p\u00fablico, solo y exclusivamente a empresas y organismos p\u00fablicos del sector.<\/b>\n<\/p>\n<p><span class=\"wpcf7-form-control-wrap\" data-name=\"IAE\"><input size=\"40\" class=\"wpcf7-form-control wpcf7-file\" accept=\"audio\/*,video\/*,image\/*\" aria-invalid=\"false\" type=\"file\" name=\"IAE\" \/><\/span>\n<\/p>\n<p><b>\u00bfEst\u00e1 sujeto al recargo de equivalencia?<\/b>\n<\/p>\n<p><span class=\"wpcf7-form-control-wrap\" data-name=\"recargoequivalencia\"><span class=\"wpcf7-form-control wpcf7-radio\"><span class=\"wpcf7-list-item first\"><input type=\"radio\" name=\"recargoequivalencia\" value=\"S\u00ed\" checked=\"checked\" \/><span class=\"wpcf7-list-item-label\">S\u00ed<\/span><\/span><span class=\"wpcf7-list-item last\"><input type=\"radio\" name=\"recargoequivalencia\" value=\"No\" \/><span class=\"wpcf7-list-item-label\">No<\/span><\/span><\/span><\/span>\n<\/p>\n<p><b>En caso de que tu respuesta haya sido negativa , deber\u00e1s enviarnos una fotocopia de la \u00faltima liquidaci\u00f3n del IVA.<\/b>\n<\/p>\n<p><span class=\"wpcf7-form-control-wrap\" data-name=\"IVA\"><input size=\"40\" class=\"wpcf7-form-control wpcf7-file\" accept=\"audio\/*,video\/*,image\/*\" aria-invalid=\"false\" type=\"file\" name=\"IVA\" \/><\/span>\n<\/p>\n<hr \/>\n<p><input class=\"wpcf7-form-control wpcf7-submit has-spinner\" type=\"submit\" value=\"Enviar\" \/>\n<\/p><div class=\"wpcf7-response-output\" aria-hidden=\"true\"><\/div>\n<\/form>\n<\/div>\n<\/span><\/p>\n<p><span style=\"color: #000000;\"><!-- \/wp:paragraph --><!-- wp:paragraph {\"align\":\"center\",\"customFontSize\":9} --><\/span><\/p>\n<p class=\"has-text-align-center\">\u00a0<\/p>\n<p><span style=\"color: #000000;\"><!-- \/wp:paragraph --><!-- wp:paragraph {\"align\":\"center\",\"customFontSize\":9} --><!-- \/wp:paragraph --><!-- wp:paragraph --><!-- \/wp:paragraph --><\/span><\/p><\/div>\n\t\t\t\t<\/div>\n\t\t\t\t<\/div>\n\t\t\t\t\t\t<\/div>\n\t\t\t\t\t<\/div>\n\t\t<\/div>\n\t\t\t\t\t\t\t\t<\/div>\n\t\t\t\t\t<\/div>\n\t\t<\/section>\n\t\t\t\t<section class=\"elementor-section elementor-top-section elementor-element elementor-element-a7bbeb2 elementor-section-boxed elementor-section-height-default elementor-section-height-default\" data-id=\"a7bbeb2\" data-element_type=\"section\" data-settings=\"{&quot;background_background&quot;:&quot;classic&quot;}\">\n\t\t\t\t\t\t<div class=\"elementor-container elementor-column-gap-default\">\n\t\t\t\t\t\t\t<div class=\"elementor-row\">\n\t\t\t\t\t<div class=\"elementor-column elementor-col-100 elementor-top-column elementor-element elementor-element-6a8c7c9\" data-id=\"6a8c7c9\" data-element_type=\"column\">\n\t\t\t<div class=\"elementor-column-wrap elementor-element-populated\">\n\t\t\t\t\t\t\t<div class=\"elementor-widget-wrap\">\n\t\t\t\t\t\t<div class=\"elementor-element elementor-element-81927c5 elementor-widget elementor-widget-text-editor\" data-id=\"81927c5\" data-element_type=\"widget\" data-widget_type=\"text-editor.default\">\n\t\t\t\t<div class=\"elementor-widget-container\">\n\t\t\t\t\t<div class=\"elementor-text-editor elementor-clearfix\"><p class=\"has-text-color has-background has-text-align-center has-white-color has-bright-blue-background-color\"><span style=\"color: #000000;\"><strong>Y ya has terminado, ya eres cliente de AQ, muchas gracias por confiar en nosotros!<\/strong><\/span><\/p><p class=\"has-text-color has-background has-text-align-center has-white-color has-bright-blue-background-color\"><em style=\"color: rgb(0, 0, 0); background-color: var( --e-global-color-8bf3419 );\"><strong>All done, now you already are client from AQ, thank you so much for trusting us!<\/strong><\/em><\/p><\/div>\n\t\t\t\t<\/div>\n\t\t\t\t<\/div>\n\t\t\t\t\t\t<\/div>\n\t\t\t\t\t<\/div>\n\t\t<\/div>\n\t\t\t\t\t\t\t\t<\/div>\n\t\t\t\t\t<\/div>\n\t\t<\/section>\n\t\t\t\t<section class=\"elementor-section elementor-top-section elementor-element elementor-element-fcdb3c0 elementor-section-boxed elementor-section-height-default elementor-section-height-default\" data-id=\"fcdb3c0\" data-element_type=\"section\">\n\t\t\t\t\t\t<div class=\"elementor-container elementor-column-gap-default\">\n\t\t\t\t\t\t\t<div class=\"elementor-row\">\n\t\t\t\t\t<div class=\"elementor-column elementor-col-100 elementor-top-column elementor-element elementor-element-d86de77\" data-id=\"d86de77\" data-element_type=\"column\">\n\t\t\t<div class=\"elementor-column-wrap elementor-element-populated\">\n\t\t\t\t\t\t\t<div class=\"elementor-widget-wrap\">\n\t\t\t\t\t\t<div class=\"elementor-element elementor-element-88bfd79 elementor-widget elementor-widget-text-editor\" data-id=\"88bfd79\" data-element_type=\"widget\" data-widget_type=\"text-editor.default\">\n\t\t\t\t<div class=\"elementor-widget-container\">\n\t\t\t\t\t<div class=\"elementor-text-editor elementor-clearfix\"><p>Le informamos que los datos personales obtenidos mediante este formulario, as\u00ed como su direcci\u00f3n de correo electr\u00f3nico, han sido incorporados en un fichero del cual es responsable AQ ARIUM SOLUTIONS S.L., con la finalidad de atender sus consultas y enviarle informaci\u00f3n relacionada con la entidad que pudiera ser de su inter\u00e9s. AQ ARIUM SOLUTIONS S.L. se compromete a usar los datos recogidos mediante este formulario, \u00fanicamente para la finalidad anteriormente mencionada. El interesado declara tener conocimiento del destino y uso de los datos personales recogidos mediante la lectura de la presente cl\u00e1usula. El env\u00edo de este e-mail implica la aceptaci\u00f3n de las cl\u00e1usulas expuestas. Si desea ejercer los derechos de acceso, rectificaci\u00f3n, cancelaci\u00f3n u oposici\u00f3n en los t\u00e9rminos establecidos en la Ley Org\u00e1nica 15\/1999. Puede hacerlo a la siguiente direcci\u00f3n AQ ARIUM SOLUTIONS SL; AV. BARCELONA 66 NAVE C, 08720 VILAFRANCA DEL PENEDES.We inform you that the personal data obtained through this form, as well as your email address, have been incorporated into a file for which AQ ARIUM SOLUTIONS SL is responsible, in order to answer your questions and send you information related to the entity that could be of interest to you. AQ ARIUM SOLUTIONS S.L. You agree to use the data collected through this form, only for the aforementioned purpose. The interested party declares to have knowledge of the destination and use of the personal data collected by reading this clause. Sending this e-mail implies acceptance of the exposed clauses. If you wish to exercise the rights of access, rectification, cancellation or opposition in the terms established in Organic Law 15\/1999. You can do it at the following address AQ ARIUM SOLUTIONS SL; AV. BARCELONA 66 NAVE C, 08720 VILAFRANCA DEL PENEDES.<\/p><\/div>\n\t\t\t\t<\/div>\n\t\t\t\t<\/div>\n\t\t\t\t\t\t<\/div>\n\t\t\t\t\t<\/div>\n\t\t<\/div>\n\t\t\t\t\t\t\t\t<\/div>\n\t\t\t\t\t<\/div>\n\t\t<\/section>\n\t\t\t\t\t\t<\/div>\n\t\t\t\t\t\t<\/div>\n\t\t\t\t\t<\/div>\n\t\t","protected":false},"excerpt":{"rendered":"<p>Para darse de alta como cliente, por favor, rellene el formulario y siga sus instrucciones. Tambi\u00e9n puede llamarnos al (+34) 938 925 400 y le ayudaremos con mucho gusto.\u00a0 To register as a client, please fill out the form and follow its instructions. You can also call us at (+34) 938925400 and we will be [&hellip;]<\/p>\n","protected":false},"author":1,"featured_media":0,"parent":0,"menu_order":0,"comment_status":"closed","ping_status":"closed","template":"","meta":{"_acf_changed":false,"footnotes":""},"class_list":["post-17884","page","type-page","status-publish","hentry"],"acf":[],"yoast_head":"<!-- This site is optimized with the Yoast SEO plugin v23.9 - https:\/\/yoast.com\/wordpress\/plugins\/seo\/ -->\n<title>Formulario de Alta de Cliente - AQ, Aquarium Solutions<\/title>\n<meta name=\"robots\" content=\"index, follow, max-snippet:-1, max-image-preview:large, max-video-preview:-1\" \/>\n<link rel=\"canonical\" href=\"https:\/\/www.aq-arium.com\/aqmarine\/formulario-de-alta-de-cliente\/\" \/>\n<meta property=\"og:locale\" content=\"es_ES\" \/>\n<meta property=\"og:type\" content=\"article\" \/>\n<meta property=\"og:title\" content=\"Formulario de Alta de Cliente - AQ, Aquarium Solutions\" \/>\n<meta property=\"og:description\" content=\"Para darse de alta como cliente, por favor, rellene el formulario y siga sus instrucciones. Tambi\u00e9n puede llamarnos al (+34) 938 925 400 y le ayudaremos con mucho gusto.\u00a0 To register as a client, please fill out the form and follow its instructions. You can also call us at (+34) 938925400 and we will be [&hellip;]\" \/>\n<meta property=\"og:url\" content=\"https:\/\/www.aq-arium.com\/aqmarine\/formulario-de-alta-de-cliente\/\" \/>\n<meta property=\"og:site_name\" content=\"AQ, Aquarium Solutions\" \/>\n<meta property=\"article:publisher\" content=\"https:\/\/www.instagram.com\/aq.arium\/\" \/>\n<meta property=\"article:modified_time\" content=\"2020-12-23T14:36:28+00:00\" \/>\n<meta name=\"twitter:card\" content=\"summary_large_image\" \/>\n<meta name=\"twitter:site\" content=\"@AArium56877\" \/>\n<meta name=\"twitter:label1\" content=\"Tiempo de lectura\" \/>\n\t<meta name=\"twitter:data1\" content=\"2 minutos\" \/>\n<script type=\"application\/ld+json\" class=\"yoast-schema-graph\">{\"@context\":\"https:\/\/schema.org\",\"@graph\":[{\"@type\":\"WebPage\",\"@id\":\"https:\/\/www.aq-arium.com\/aqmarine\/formulario-de-alta-de-cliente\/\",\"url\":\"https:\/\/www.aq-arium.com\/aqmarine\/formulario-de-alta-de-cliente\/\",\"name\":\"Formulario de Alta de Cliente - AQ, Aquarium Solutions\",\"isPartOf\":{\"@id\":\"https:\/\/www.aq-arium.com\/aqmarine\/#website\"},\"datePublished\":\"2020-12-23T14:33:22+00:00\",\"dateModified\":\"2020-12-23T14:36:28+00:00\",\"breadcrumb\":{\"@id\":\"https:\/\/www.aq-arium.com\/aqmarine\/formulario-de-alta-de-cliente\/#breadcrumb\"},\"inLanguage\":\"es-ES\",\"potentialAction\":[{\"@type\":\"ReadAction\",\"target\":[\"https:\/\/www.aq-arium.com\/aqmarine\/formulario-de-alta-de-cliente\/\"]}]},{\"@type\":\"BreadcrumbList\",\"@id\":\"https:\/\/www.aq-arium.com\/aqmarine\/formulario-de-alta-de-cliente\/#breadcrumb\",\"itemListElement\":[{\"@type\":\"ListItem\",\"position\":1,\"name\":\"Portada\",\"item\":\"https:\/\/www.aq-arium.com\/aqmarine\/\"},{\"@type\":\"ListItem\",\"position\":2,\"name\":\"Formulario de Alta de Cliente\"}]},{\"@type\":\"WebSite\",\"@id\":\"https:\/\/www.aq-arium.com\/aqmarine\/#website\",\"url\":\"https:\/\/www.aq-arium.com\/aqmarine\/\",\"name\":\"AQ, Aquarium Solutions\",\"description\":\"Productos para Acuario Marino y Dulce\",\"publisher\":{\"@id\":\"https:\/\/www.aq-arium.com\/aqmarine\/#organization\"},\"potentialAction\":[{\"@type\":\"SearchAction\",\"target\":{\"@type\":\"EntryPoint\",\"urlTemplate\":\"https:\/\/www.aq-arium.com\/aqmarine\/?s={search_term_string}\"},\"query-input\":{\"@type\":\"PropertyValueSpecification\",\"valueRequired\":true,\"valueName\":\"search_term_string\"}}],\"inLanguage\":\"es-ES\"},{\"@type\":\"Organization\",\"@id\":\"https:\/\/www.aq-arium.com\/aqmarine\/#organization\",\"name\":\"AQ-arium Solutions\",\"url\":\"https:\/\/www.aq-arium.com\/aqmarine\/\",\"logo\":{\"@type\":\"ImageObject\",\"inLanguage\":\"es-ES\",\"@id\":\"https:\/\/www.aq-arium.com\/aqmarine\/#\/schema\/logo\/image\/\",\"url\":\"https:\/\/www.aq-arium.com\/aqmarine\/wp-content\/uploads\/2021\/08\/AQ-arium-Solutions-logo-100x47px-1.png\",\"contentUrl\":\"https:\/\/www.aq-arium.com\/aqmarine\/wp-content\/uploads\/2021\/08\/AQ-arium-Solutions-logo-100x47px-1.png\",\"width\":100,\"height\":47,\"caption\":\"AQ-arium Solutions\"},\"image\":{\"@id\":\"https:\/\/www.aq-arium.com\/aqmarine\/#\/schema\/logo\/image\/\"},\"sameAs\":[\"https:\/\/www.instagram.com\/aq.arium\/\",\"https:\/\/x.com\/AArium56877\"]}]}<\/script>\n<!-- \/ Yoast SEO plugin. -->","yoast_head_json":{"title":"Formulario de Alta de Cliente - AQ, Aquarium Solutions","robots":{"index":"index","follow":"follow","max-snippet":"max-snippet:-1","max-image-preview":"max-image-preview:large","max-video-preview":"max-video-preview:-1"},"canonical":"https:\/\/www.aq-arium.com\/aqmarine\/formulario-de-alta-de-cliente\/","og_locale":"es_ES","og_type":"article","og_title":"Formulario de Alta de Cliente - AQ, Aquarium Solutions","og_description":"Para darse de alta como cliente, por favor, rellene el formulario y siga sus instrucciones. Tambi\u00e9n puede llamarnos al (+34) 938 925 400 y le ayudaremos con mucho gusto.\u00a0 To register as a client, please fill out the form and follow its instructions. You can also call us at (+34) 938925400 and we will be [&hellip;]","og_url":"https:\/\/www.aq-arium.com\/aqmarine\/formulario-de-alta-de-cliente\/","og_site_name":"AQ, Aquarium Solutions","article_publisher":"https:\/\/www.instagram.com\/aq.arium\/","article_modified_time":"2020-12-23T14:36:28+00:00","twitter_card":"summary_large_image","twitter_site":"@AArium56877","twitter_misc":{"Tiempo de lectura":"2 minutos"},"schema":{"@context":"https:\/\/schema.org","@graph":[{"@type":"WebPage","@id":"https:\/\/www.aq-arium.com\/aqmarine\/formulario-de-alta-de-cliente\/","url":"https:\/\/www.aq-arium.com\/aqmarine\/formulario-de-alta-de-cliente\/","name":"Formulario de Alta de Cliente - AQ, Aquarium Solutions","isPartOf":{"@id":"https:\/\/www.aq-arium.com\/aqmarine\/#website"},"datePublished":"2020-12-23T14:33:22+00:00","dateModified":"2020-12-23T14:36:28+00:00","breadcrumb":{"@id":"https:\/\/www.aq-arium.com\/aqmarine\/formulario-de-alta-de-cliente\/#breadcrumb"},"inLanguage":"es-ES","potentialAction":[{"@type":"ReadAction","target":["https:\/\/www.aq-arium.com\/aqmarine\/formulario-de-alta-de-cliente\/"]}]},{"@type":"BreadcrumbList","@id":"https:\/\/www.aq-arium.com\/aqmarine\/formulario-de-alta-de-cliente\/#breadcrumb","itemListElement":[{"@type":"ListItem","position":1,"name":"Portada","item":"https:\/\/www.aq-arium.com\/aqmarine\/"},{"@type":"ListItem","position":2,"name":"Formulario de Alta de Cliente"}]},{"@type":"WebSite","@id":"https:\/\/www.aq-arium.com\/aqmarine\/#website","url":"https:\/\/www.aq-arium.com\/aqmarine\/","name":"AQ, Aquarium Solutions","description":"Productos para Acuario Marino y Dulce","publisher":{"@id":"https:\/\/www.aq-arium.com\/aqmarine\/#organization"},"potentialAction":[{"@type":"SearchAction","target":{"@type":"EntryPoint","urlTemplate":"https:\/\/www.aq-arium.com\/aqmarine\/?s={search_term_string}"},"query-input":{"@type":"PropertyValueSpecification","valueRequired":true,"valueName":"search_term_string"}}],"inLanguage":"es-ES"},{"@type":"Organization","@id":"https:\/\/www.aq-arium.com\/aqmarine\/#organization","name":"AQ-arium Solutions","url":"https:\/\/www.aq-arium.com\/aqmarine\/","logo":{"@type":"ImageObject","inLanguage":"es-ES","@id":"https:\/\/www.aq-arium.com\/aqmarine\/#\/schema\/logo\/image\/","url":"https:\/\/www.aq-arium.com\/aqmarine\/wp-content\/uploads\/2021\/08\/AQ-arium-Solutions-logo-100x47px-1.png","contentUrl":"https:\/\/www.aq-arium.com\/aqmarine\/wp-content\/uploads\/2021\/08\/AQ-arium-Solutions-logo-100x47px-1.png","width":100,"height":47,"caption":"AQ-arium Solutions"},"image":{"@id":"https:\/\/www.aq-arium.com\/aqmarine\/#\/schema\/logo\/image\/"},"sameAs":["https:\/\/www.instagram.com\/aq.arium\/","https:\/\/x.com\/AArium56877"]}]}},"jetpack_sharing_enabled":true,"_links":{"self":[{"href":"https:\/\/www.aq-arium.com\/aqmarine\/wp-json\/wp\/v2\/pages\/17884","targetHints":{"allow":["GET"]}}],"collection":[{"href":"https:\/\/www.aq-arium.com\/aqmarine\/wp-json\/wp\/v2\/pages"}],"about":[{"href":"https:\/\/www.aq-arium.com\/aqmarine\/wp-json\/wp\/v2\/types\/page"}],"author":[{"embeddable":true,"href":"https:\/\/www.aq-arium.com\/aqmarine\/wp-json\/wp\/v2\/users\/1"}],"replies":[{"embeddable":true,"href":"https:\/\/www.aq-arium.com\/aqmarine\/wp-json\/wp\/v2\/comments?post=17884"}],"version-history":[{"count":0,"href":"https:\/\/www.aq-arium.com\/aqmarine\/wp-json\/wp\/v2\/pages\/17884\/revisions"}],"wp:attachment":[{"href":"https:\/\/www.aq-arium.com\/aqmarine\/wp-json\/wp\/v2\/media?parent=17884"}],"curies":[{"name":"wp","href":"https:\/\/api.w.org\/{rel}","templated":true}]}}