{"id":16360,"date":"2020-11-24T13:54:59","date_gmt":"2020-11-24T12:54:59","guid":{"rendered":"https:\/\/www.aq-arium.com\/aqmarine\/?page_id=16360"},"modified":"2021-01-12T13:27:33","modified_gmt":"2021-01-12T12:27:33","slug":"aq-educa","status":"publish","type":"page","link":"https:\/\/www.aq-arium.com\/aqmarine\/alertas\/aq-educa\/","title":{"rendered":"AQ-EDUCA"},"content":{"rendered":"\t\t<div data-elementor-type=\"wp-page\" data-elementor-id=\"16360\" class=\"elementor elementor-16360\" data-elementor-settings=\"[]\">\n\t\t\t\t\t\t<div class=\"elementor-inner\">\n\t\t\t\t\t\t\t<div class=\"elementor-section-wrap\">\n\t\t\t\t\t\t\t<section class=\"elementor-section elementor-top-section elementor-element elementor-element-a6f6944 elementor-section-boxed elementor-section-height-default elementor-section-height-default\" data-id=\"a6f6944\" data-element_type=\"section\" data-settings=\"{&quot;background_background&quot;:&quot;classic&quot;}\">\n\t\t\t\t\t\t<div class=\"elementor-container elementor-column-gap-default\">\n\t\t\t\t\t\t\t<div class=\"elementor-row\">\n\t\t\t\t\t<div class=\"elementor-column elementor-col-100 elementor-top-column elementor-element elementor-element-1f7575c\" data-id=\"1f7575c\" data-element_type=\"column\">\n\t\t\t<div class=\"elementor-column-wrap elementor-element-populated\">\n\t\t\t\t\t\t\t<div class=\"elementor-widget-wrap\">\n\t\t\t\t\t\t<div class=\"elementor-element elementor-element-5987e03 elementor-widget elementor-widget-text-editor\" data-id=\"5987e03\" data-element_type=\"widget\" data-widget_type=\"text-editor.default\">\n\t\t\t\t<div class=\"elementor-widget-container\">\n\t\t\t\t\t<div class=\"elementor-text-editor elementor-clearfix\"><h1>PROYECTO\u00a0<strong>AQ<\/strong>-EDUCA<\/h1><h2>Una Oportunidad para La Tienda<\/h2><\/div>\n\t\t\t\t<\/div>\n\t\t\t\t<\/div>\n\t\t\t\t\t\t<\/div>\n\t\t\t\t\t<\/div>\n\t\t<\/div>\n\t\t\t\t\t\t\t\t<\/div>\n\t\t\t\t\t<\/div>\n\t\t<\/section>\n\t\t\t\t<section class=\"elementor-section elementor-top-section elementor-element elementor-element-17f5594b elementor-section-boxed elementor-section-height-default elementor-section-height-default\" data-id=\"17f5594b\" data-element_type=\"section\">\n\t\t\t\t\t\t<div class=\"elementor-container elementor-column-gap-default\">\n\t\t\t\t\t\t\t<div class=\"elementor-row\">\n\t\t\t\t\t<div class=\"elementor-column elementor-col-100 elementor-top-column elementor-element elementor-element-1263301f\" data-id=\"1263301f\" data-element_type=\"column\">\n\t\t\t<div class=\"elementor-column-wrap elementor-element-populated\">\n\t\t\t\t\t\t\t<div class=\"elementor-widget-wrap\">\n\t\t\t\t\t\t<div class=\"elementor-element elementor-element-4f7d978f elementor-widget elementor-widget-text-editor\" data-id=\"4f7d978f\" data-element_type=\"widget\" data-widget_type=\"text-editor.default\">\n\t\t\t\t<div class=\"elementor-widget-container\">\n\t\t\t\t\t<div class=\"elementor-text-editor elementor-clearfix\"><p>\u00a0<\/p><p>\u00a0<\/p><p><span style=\"color: #000000;\">Cada vez m\u00e1s tiendas descubren los beneficios de los talleres y el potencial comercial que esconden, organizando docenas de talleres en todo el pa\u00eds cada mes, donde expertos en acuariofilia ofrecen clases magistrales del hobby e instruyen conocimientos.<\/span><\/p><p><span style=\"color: #000000;\"><strong>AQ-EDUCA<\/strong> es la propuesta de AQ-arium Solutions para promover el conocimiento entre los aficionados espa\u00f1oles a los acuarios marinos y de agua dulce.<\/span><\/p><p><span style=\"color: #000000;\">Los objetivos de esta iniciativa van m\u00e1s all\u00e1 de compartir el conocimiento de la ciencia y el arte de nuestro hobby, tambi\u00e9n instruir en la calidad y la aplicaci\u00f3n de los productos que las propias tiendas ofrecen al cliente.<\/span><\/p><p><span style=\"color: #000000;\">Para lograr este objetivo, <strong>AQ-EDUCA<\/strong> engloba actividades formativas presenciales y online, conductadas por profesionales altamente calificados y reconocidos nacionalmente en el campo de los acuarios marinos y de agua dulce. Estos profesionales podr\u00e1n llevar\u00e1n a cabo talleres en aquellas tiendas interesadas en ofrecer a sus clientes un valor extra, donde capacitar\u00e1n a los asistentes sobre temas espec\u00edficos de inter\u00e9s general y pondr\u00e1n en pr\u00e1ctica el conocimiento utilizando los productos de que dispone el propio establecimiento.<\/span><\/p><p><span style=\"color: #000000;\"><img loading=\"lazy\" decoding=\"async\" class=\"size-medium wp-image-16371 aligncenter\" src=\"https:\/\/www.aq-arium.com\/aqmarine\/wp-content\/uploads\/2020\/11\/AQ-EDUCAv3-comp-300x186.png\" alt=\"\" width=\"300\" height=\"186\" srcset=\"https:\/\/www.aq-arium.com\/aqmarine\/wp-content\/uploads\/2020\/11\/AQ-EDUCAv3-comp-300x186.png 300w, https:\/\/www.aq-arium.com\/aqmarine\/wp-content\/uploads\/2020\/11\/AQ-EDUCAv3-comp-600x373.png 600w, https:\/\/www.aq-arium.com\/aqmarine\/wp-content\/uploads\/2020\/11\/AQ-EDUCAv3-comp-768x477.png 768w, https:\/\/www.aq-arium.com\/aqmarine\/wp-content\/uploads\/2020\/11\/AQ-EDUCAv3-comp-500x310.png 500w, https:\/\/www.aq-arium.com\/aqmarine\/wp-content\/uploads\/2020\/11\/AQ-EDUCAv3-comp-800x497.png 800w, https:\/\/www.aq-arium.com\/aqmarine\/wp-content\/uploads\/2020\/11\/AQ-EDUCAv3-comp.png 955w\" sizes=\"auto, (max-width: 300px) 100vw, 300px\" \/><\/span><\/p><p>\u00a0<\/p><h2 style=\"text-align: center;\"><span style=\"color: #000000;\">LAS CLASES MAGISTRALES PARA MARINO DE BIOLOCO<\/span><\/h2><p>\u00a0<\/p><h3><span style=\"color: #000000;\"><strong>DIRECTO | LA BIODIVERIDAD EN EL ACUARIO MARINO<\/strong><\/span><\/h3><p><iframe loading=\"lazy\" title=\"DIRECTO | Biodiversidad en el Acuario Marino\" width=\"500\" height=\"281\" src=\"https:\/\/www.youtube.com\/embed\/fgs0P9E_zMI?list=PLJ8BjVOtoCj9p5kdRSTJ-iqZej1qwZE3_\" frameborder=\"0\" allow=\"accelerometer; autoplay; clipboard-write; encrypted-media; gyroscope; picture-in-picture; web-share\" referrerpolicy=\"strict-origin-when-cross-origin\" allowfullscreen><\/iframe><\/p><p><span class=\"style-scope yt-formatted-string\" dir=\"auto\" style=\"color: #000000;\">\u00bfQu\u00e9 es biodiversidad? \u00bfY qu\u00e9 organismos constituyen la biota de una acuario? \u00bfC\u00f3mo impactan en el funcionamiento biol\u00f3gico del acuario?<\/span><\/p><p>\u00a0<\/p><h3><span style=\"color: #000000;\"><strong>DIRECTO | Iluminaci\u00f3n en el Acuario Marino 1\/2<\/strong><\/span><\/h3><p><iframe loading=\"lazy\" title=\"DIRECTO | Iluminaci\u00f3n en el Acuario Marino 1\/2\" width=\"500\" height=\"281\" src=\"https:\/\/www.youtube.com\/embed\/8wLQg_x356w?list=PLJ8BjVOtoCj9p5kdRSTJ-iqZej1qwZE3_\" frameborder=\"0\" allow=\"accelerometer; autoplay; clipboard-write; encrypted-media; gyroscope; picture-in-picture; web-share\" referrerpolicy=\"strict-origin-when-cross-origin\" allowfullscreen><\/iframe><\/p><p><span style=\"color: #000000;\">En esta ocasi\u00f3n abordaremos la iluminaci\u00f3n del acuario marino. Al ser un tema tan amplio y que suscita bastante inter\u00e9s desde muchos puntos de vista hemos decidido inicialmente dividirlo en 2 charlas. En \u00e9sta primera parte hablaremos de los aspectos biol\u00f3gicos que envuelven a la iluminaci\u00f3n del acuario marino, los procesos metab\u00f3licos fotosint\u00e9ticos, la maquinaria molecular que interviene en ellos, su relaci\u00f3n con la luz y algunas herramientas que tenemos los aficionados para comprender y controlar la iluminaci\u00f3n desde una perspectiva fotosint\u00e9ticamente funcional. De este modo se pretende asentar una base biol\u00f3gica que permita un mejor entendimiento de entregas posteriores sobre aspectos m\u00e1s t\u00e9cnicos y ornamentales de la iluminaci\u00f3n.<\/span><\/p><p>\u00a0<\/p><h3 class=\"title style-scope ytd-video-primary-info-renderer\"><span style=\"color: #000000;\"><strong>DIRECTO | Iluminaci\u00f3n en el Acuario Marino 2\/2<\/strong><\/span><\/h3><p><iframe loading=\"lazy\" title=\"DIRECTO | Iluminaci\u00f3n en el Acuario Marino 2\/2\" width=\"500\" height=\"281\" src=\"https:\/\/www.youtube.com\/embed\/eOInOHtNChI?list=PLJ8BjVOtoCj9p5kdRSTJ-iqZej1qwZE3_\" frameborder=\"0\" allow=\"accelerometer; autoplay; clipboard-write; encrypted-media; gyroscope; picture-in-picture; web-share\" referrerpolicy=\"strict-origin-when-cross-origin\" allowfullscreen><\/iframe><\/p><p><span style=\"color: #000000;\">Retomamos la exposici\u00f3n sobre iluminaci\u00f3n en el acuario marino con esta segunda entrega centrada en los fundamentos est\u00e9ticos que esta puede aportarnos. En esta ocasi\u00f3n haremos un breve repaso sobre que fundamentos de la naturaleza f\u00edsica de la luz intervienen en el aspecto visual del acuario, sin olvidar las implicaciones biol\u00f3gicas que este tiene sobre nuestras plantas y animales desde una perspectiva decorativa. Tambi\u00e9n veremos c\u00f3mo podemos jugar con diferentes sistemas de iluminaci\u00f3n para conseguir resaltar la belleza de nuestros animales y del entorno marino que queremos representar e incluso ahorrar alg\u00fan dinero en el consumo el\u00e9ctrico. Expondremos algunos de los problemas que aficionados y fabricantes deben enfrentar a la hora de iluminar el acuario y sus posibles soluciones. Como no, a lo largo de la charla, sabremos un poco m\u00e1s sobre el comportamiento de la luz en el medio natural y c\u00f3mo podemos emular este comportamiento en nuestro acuario si es nuestro deseo. En definitiva, una exposici\u00f3n orientada y en la medida de aquellos aficionados cuya creatividad, en el campo de la iluminaci\u00f3n, les empuja a afrontar nuevos retos.<\/span><\/p><p>\u00a0<\/p><h2 style=\"text-align: center;\"><span style=\"color: #000000;\">LOS TALLERES PARA PLANTADO DE LITTLE TREE:<\/span><\/h2><p><span style=\"color: #000000;\">Hasta la fecha hemos realizado talleres de Aquascaping, Wabicusa&#8230;.<\/span><\/p><p><span style=\"color: #000000;\"><div class=\"ctsc-column ctsc-col2\"><\/span><\/p><p><span style=\"color: #000000;\"><img loading=\"lazy\" decoding=\"async\" class=\"alignnone wp-image-16395 size-medium\" src=\"https:\/\/www.aq-arium.com\/aqmarine\/wp-content\/uploads\/2020\/11\/3-2-300x300.jpg\" alt=\"Workshop aq-educa 2\" width=\"300\" height=\"300\" srcset=\"https:\/\/www.aq-arium.com\/aqmarine\/wp-content\/uploads\/2020\/11\/3-2-300x300.jpg 300w, https:\/\/www.aq-arium.com\/aqmarine\/wp-content\/uploads\/2020\/11\/3-2-100x100.jpg 100w, https:\/\/www.aq-arium.com\/aqmarine\/wp-content\/uploads\/2020\/11\/3-2-600x600.jpg 600w, https:\/\/www.aq-arium.com\/aqmarine\/wp-content\/uploads\/2020\/11\/3-2-1024x1024.jpg 1024w, https:\/\/www.aq-arium.com\/aqmarine\/wp-content\/uploads\/2020\/11\/3-2-150x150.jpg 150w, https:\/\/www.aq-arium.com\/aqmarine\/wp-content\/uploads\/2020\/11\/3-2-768x768.jpg 768w, https:\/\/www.aq-arium.com\/aqmarine\/wp-content\/uploads\/2020\/11\/3-2-1536x1536.jpg 1536w, https:\/\/www.aq-arium.com\/aqmarine\/wp-content\/uploads\/2020\/11\/3-2-500x500.jpg 500w, https:\/\/www.aq-arium.com\/aqmarine\/wp-content\/uploads\/2020\/11\/3-2-800x800.jpg 800w, https:\/\/www.aq-arium.com\/aqmarine\/wp-content\/uploads\/2020\/11\/3-2-1280x1280.jpg 1280w, https:\/\/www.aq-arium.com\/aqmarine\/wp-content\/uploads\/2020\/11\/3-2-50x50.jpg 50w, https:\/\/www.aq-arium.com\/aqmarine\/wp-content\/uploads\/2020\/11\/3-2-960x960.jpg 960w, https:\/\/www.aq-arium.com\/aqmarine\/wp-content\/uploads\/2020\/11\/3-2-480x480.jpg 480w, https:\/\/www.aq-arium.com\/aqmarine\/wp-content\/uploads\/2020\/11\/3-2-320x320.jpg 320w, https:\/\/www.aq-arium.com\/aqmarine\/wp-content\/uploads\/2020\/11\/3-2-240x240.jpg 240w, https:\/\/www.aq-arium.com\/aqmarine\/wp-content\/uploads\/2020\/11\/3-2.jpg 1757w\" sizes=\"auto, (max-width: 300px) 100vw, 300px\" \/><\/span><\/p><p><span style=\"color: #000000;\"><\/div><div class=\"ctsc-column ctsc-col2 ctsc-col-last\"><\/span><\/p><p><span style=\"color: #000000;\"><img loading=\"lazy\" decoding=\"async\" class=\"alignnone wp-image-16394 size-medium\" src=\"https:\/\/www.aq-arium.com\/aqmarine\/wp-content\/uploads\/2020\/11\/2-2-300x300.jpg\" alt=\"Workshop aq-educa 1\" width=\"300\" height=\"300\" srcset=\"https:\/\/www.aq-arium.com\/aqmarine\/wp-content\/uploads\/2020\/11\/2-2-300x300.jpg 300w, https:\/\/www.aq-arium.com\/aqmarine\/wp-content\/uploads\/2020\/11\/2-2-100x100.jpg 100w, https:\/\/www.aq-arium.com\/aqmarine\/wp-content\/uploads\/2020\/11\/2-2-600x600.jpg 600w, https:\/\/www.aq-arium.com\/aqmarine\/wp-content\/uploads\/2020\/11\/2-2-1024x1024.jpg 1024w, https:\/\/www.aq-arium.com\/aqmarine\/wp-content\/uploads\/2020\/11\/2-2-150x150.jpg 150w, https:\/\/www.aq-arium.com\/aqmarine\/wp-content\/uploads\/2020\/11\/2-2-768x768.jpg 768w, https:\/\/www.aq-arium.com\/aqmarine\/wp-content\/uploads\/2020\/11\/2-2-1536x1536.jpg 1536w, https:\/\/www.aq-arium.com\/aqmarine\/wp-content\/uploads\/2020\/11\/2-2-500x500.jpg 500w, https:\/\/www.aq-arium.com\/aqmarine\/wp-content\/uploads\/2020\/11\/2-2-800x800.jpg 800w, https:\/\/www.aq-arium.com\/aqmarine\/wp-content\/uploads\/2020\/11\/2-2-1280x1280.jpg 1280w, https:\/\/www.aq-arium.com\/aqmarine\/wp-content\/uploads\/2020\/11\/2-2-50x50.jpg 50w, https:\/\/www.aq-arium.com\/aqmarine\/wp-content\/uploads\/2020\/11\/2-2-960x960.jpg 960w, https:\/\/www.aq-arium.com\/aqmarine\/wp-content\/uploads\/2020\/11\/2-2-480x480.jpg 480w, https:\/\/www.aq-arium.com\/aqmarine\/wp-content\/uploads\/2020\/11\/2-2-320x320.jpg 320w, https:\/\/www.aq-arium.com\/aqmarine\/wp-content\/uploads\/2020\/11\/2-2-240x240.jpg 240w, https:\/\/www.aq-arium.com\/aqmarine\/wp-content\/uploads\/2020\/11\/2-2.jpg 1757w\" sizes=\"auto, (max-width: 300px) 100vw, 300px\" \/><\/span><\/p><p><span style=\"color: #000000;\"><\/div><div class=\"col-divide\"><\/div><\/span><\/p><p>\u00a0<\/p><p><span style=\"color: #000000;\"><div class=\"ctsc-column ctsc-col2\"><\/span><\/p><p><span style=\"color: #000000;\"><strong>Juanjo D\u00edaz Pav\u00f3n,<br \/>BI\u00d3LOGO MARINO<\/strong><\/span><\/p><p><span style=\"color: #000000;\">Conocido como \u201cBioloco\u201d por los aficionados. Formador de la Universidad de Sevilla. Investigador en biolog\u00eda marina y experto en dise\u00f1o, construcci\u00f3n y mantenimiento de sistemas de acuarios p\u00fablicos y privados. Larga experiencia como profesional y colaborador en el proyecto Chasing Colors para el mantenimiento de los corales Acropora. Realizaci\u00f3n de charlas, cursos, presentaciones y conferencias sobre acuarios marinos en todo el pa\u00eds.<\/span><\/p><p><span style=\"color: #000000;\"><\/div><div class=\"ctsc-column ctsc-col2 ctsc-col-last\"><\/span><\/p><p><span style=\"color: #000000;\"><strong>Alejandro R\u00edos Martin,<br \/>LITTLE TREE <\/strong><\/span><\/p><p><span style=\"color: #000000;\">Representante principal de la corriente &#8220;Bioscaping&#8221;, es experto en el ensamblaje de Vivariums, Acuarios de Biotopo y Aquascaping personalizados, as\u00ed como elementos decorativos como Wabi-Kusa y la jardiner\u00eda vertical preservada. Desde 2016, ha impartido sus Workshops en tiendas especializadas de Espa\u00f1a.<\/span><\/p><p><span style=\"color: #000000;\"><\/div><div class=\"col-divide\"><\/div><\/span><\/p><\/div>\n\t\t\t\t<\/div>\n\t\t\t\t<\/div>\n\t\t\t\t\t\t<\/div>\n\t\t\t\t\t<\/div>\n\t\t<\/div>\n\t\t\t\t\t\t\t\t<\/div>\n\t\t\t\t\t<\/div>\n\t\t<\/section>\n\t\t\t\t\t\t<\/div>\n\t\t\t\t\t\t<\/div>\n\t\t\t\t\t<\/div>\n\t\t","protected":false},"excerpt":{"rendered":"<p>PROYECTO\u00a0AQ-EDUCA Una Oportunidad para La Tienda \u00a0 \u00a0 Cada vez m\u00e1s tiendas descubren los beneficios de los talleres y el potencial comercial que esconden, organizando docenas de talleres en todo el pa\u00eds cada mes, donde expertos en acuariofilia ofrecen clases magistrales del hobby e instruyen conocimientos. AQ-EDUCA es la propuesta de AQ-arium Solutions para promover [&hellip;]<\/p>\n","protected":false},"author":1,"featured_media":0,"parent":2032,"menu_order":0,"comment_status":"closed","ping_status":"closed","template":"","meta":{"_acf_changed":false,"footnotes":""},"class_list":["post-16360","page","type-page","status-publish","hentry"],"acf":[],"yoast_head":"<!-- This site is optimized with the Yoast SEO plugin v23.9 - https:\/\/yoast.com\/wordpress\/plugins\/seo\/ -->\n<title>AQ-EDUCA - AQ, Aquarium Solutions<\/title>\n<meta name=\"description\" content=\"AQ-EDUCA es la propuesta de AQ-arium Solutions para promover el conocimiento entre los aficionados espa\u00f1oles a los acuarios marinos y de agua dulce.\" \/>\n<meta name=\"robots\" content=\"index, follow, max-snippet:-1, max-image-preview:large, max-video-preview:-1\" \/>\n<link rel=\"canonical\" href=\"https:\/\/www.aq-arium.com\/aqmarine\/alertas\/aq-educa\/\" \/>\n<meta property=\"og:locale\" content=\"es_ES\" \/>\n<meta property=\"og:type\" content=\"article\" \/>\n<meta property=\"og:title\" content=\"AQ-EDUCA - AQ, Aquarium Solutions\" \/>\n<meta property=\"og:description\" content=\"AQ-EDUCA es la propuesta de AQ-arium Solutions para promover el conocimiento entre los aficionados espa\u00f1oles a los acuarios marinos y de agua dulce.\" \/>\n<meta property=\"og:url\" content=\"https:\/\/www.aq-arium.com\/aqmarine\/alertas\/aq-educa\/\" \/>\n<meta property=\"og:site_name\" content=\"AQ, Aquarium Solutions\" \/>\n<meta property=\"article:publisher\" content=\"https:\/\/www.instagram.com\/aq.arium\/\" \/>\n<meta property=\"article:modified_time\" content=\"2021-01-12T12:27:33+00:00\" \/>\n<meta property=\"og:image\" content=\"https:\/\/www.aq-arium.com\/aqmarine\/wp-content\/uploads\/2020\/11\/AQ-EDUCAv3-comp-300x186.png\" \/>\n<meta name=\"twitter:card\" content=\"summary_large_image\" \/>\n<meta name=\"twitter:site\" content=\"@AArium56877\" \/>\n<meta name=\"twitter:label1\" content=\"Tiempo de lectura\" \/>\n\t<meta name=\"twitter:data1\" content=\"4 minutos\" \/>\n<script type=\"application\/ld+json\" class=\"yoast-schema-graph\">{\"@context\":\"https:\/\/schema.org\",\"@graph\":[{\"@type\":\"WebPage\",\"@id\":\"https:\/\/www.aq-arium.com\/aqmarine\/alertas\/aq-educa\/\",\"url\":\"https:\/\/www.aq-arium.com\/aqmarine\/alertas\/aq-educa\/\",\"name\":\"AQ-EDUCA - AQ, Aquarium Solutions\",\"isPartOf\":{\"@id\":\"https:\/\/www.aq-arium.com\/aqmarine\/#website\"},\"primaryImageOfPage\":{\"@id\":\"https:\/\/www.aq-arium.com\/aqmarine\/alertas\/aq-educa\/#primaryimage\"},\"image\":{\"@id\":\"https:\/\/www.aq-arium.com\/aqmarine\/alertas\/aq-educa\/#primaryimage\"},\"thumbnailUrl\":\"https:\/\/www.aq-arium.com\/aqmarine\/wp-content\/uploads\/2020\/11\/AQ-EDUCAv3-comp-300x186.png\",\"datePublished\":\"2020-11-24T12:54:59+00:00\",\"dateModified\":\"2021-01-12T12:27:33+00:00\",\"description\":\"AQ-EDUCA es la propuesta de AQ-arium Solutions para promover el conocimiento entre los aficionados espa\u00f1oles a los acuarios marinos y de agua dulce.\",\"breadcrumb\":{\"@id\":\"https:\/\/www.aq-arium.com\/aqmarine\/alertas\/aq-educa\/#breadcrumb\"},\"inLanguage\":\"es-ES\",\"potentialAction\":[{\"@type\":\"ReadAction\",\"target\":[\"https:\/\/www.aq-arium.com\/aqmarine\/alertas\/aq-educa\/\"]}]},{\"@type\":\"ImageObject\",\"inLanguage\":\"es-ES\",\"@id\":\"https:\/\/www.aq-arium.com\/aqmarine\/alertas\/aq-educa\/#primaryimage\",\"url\":\"https:\/\/www.aq-arium.com\/aqmarine\/wp-content\/uploads\/2020\/11\/AQ-EDUCAv3-comp.png\",\"contentUrl\":\"https:\/\/www.aq-arium.com\/aqmarine\/wp-content\/uploads\/2020\/11\/AQ-EDUCAv3-comp.png\",\"width\":955,\"height\":593},{\"@type\":\"BreadcrumbList\",\"@id\":\"https:\/\/www.aq-arium.com\/aqmarine\/alertas\/aq-educa\/#breadcrumb\",\"itemListElement\":[{\"@type\":\"ListItem\",\"position\":1,\"name\":\"Portada\",\"item\":\"https:\/\/www.aq-arium.com\/aqmarine\/\"},{\"@type\":\"ListItem\",\"position\":2,\"name\":\"ALERTAS\",\"item\":\"https:\/\/www.aq-arium.com\/aqmarine\/alertas\/\"},{\"@type\":\"ListItem\",\"position\":3,\"name\":\"AQ-EDUCA\"}]},{\"@type\":\"WebSite\",\"@id\":\"https:\/\/www.aq-arium.com\/aqmarine\/#website\",\"url\":\"https:\/\/www.aq-arium.com\/aqmarine\/\",\"name\":\"AQ, Aquarium Solutions\",\"description\":\"Productos para Acuario Marino y Dulce\",\"publisher\":{\"@id\":\"https:\/\/www.aq-arium.com\/aqmarine\/#organization\"},\"potentialAction\":[{\"@type\":\"SearchAction\",\"target\":{\"@type\":\"EntryPoint\",\"urlTemplate\":\"https:\/\/www.aq-arium.com\/aqmarine\/?s={search_term_string}\"},\"query-input\":{\"@type\":\"PropertyValueSpecification\",\"valueRequired\":true,\"valueName\":\"search_term_string\"}}],\"inLanguage\":\"es-ES\"},{\"@type\":\"Organization\",\"@id\":\"https:\/\/www.aq-arium.com\/aqmarine\/#organization\",\"name\":\"AQ-arium Solutions\",\"url\":\"https:\/\/www.aq-arium.com\/aqmarine\/\",\"logo\":{\"@type\":\"ImageObject\",\"inLanguage\":\"es-ES\",\"@id\":\"https:\/\/www.aq-arium.com\/aqmarine\/#\/schema\/logo\/image\/\",\"url\":\"https:\/\/www.aq-arium.com\/aqmarine\/wp-content\/uploads\/2021\/08\/AQ-arium-Solutions-logo-100x47px-1.png\",\"contentUrl\":\"https:\/\/www.aq-arium.com\/aqmarine\/wp-content\/uploads\/2021\/08\/AQ-arium-Solutions-logo-100x47px-1.png\",\"width\":100,\"height\":47,\"caption\":\"AQ-arium Solutions\"},\"image\":{\"@id\":\"https:\/\/www.aq-arium.com\/aqmarine\/#\/schema\/logo\/image\/\"},\"sameAs\":[\"https:\/\/www.instagram.com\/aq.arium\/\",\"https:\/\/x.com\/AArium56877\"]}]}<\/script>\n<!-- \/ Yoast SEO plugin. -->","yoast_head_json":{"title":"AQ-EDUCA - AQ, Aquarium Solutions","description":"AQ-EDUCA es la propuesta de AQ-arium Solutions para promover el conocimiento entre los aficionados espa\u00f1oles a los acuarios marinos y de agua dulce.","robots":{"index":"index","follow":"follow","max-snippet":"max-snippet:-1","max-image-preview":"max-image-preview:large","max-video-preview":"max-video-preview:-1"},"canonical":"https:\/\/www.aq-arium.com\/aqmarine\/alertas\/aq-educa\/","og_locale":"es_ES","og_type":"article","og_title":"AQ-EDUCA - AQ, Aquarium Solutions","og_description":"AQ-EDUCA es la propuesta de AQ-arium Solutions para promover el conocimiento entre los aficionados espa\u00f1oles a los acuarios marinos y de agua dulce.","og_url":"https:\/\/www.aq-arium.com\/aqmarine\/alertas\/aq-educa\/","og_site_name":"AQ, Aquarium Solutions","article_publisher":"https:\/\/www.instagram.com\/aq.arium\/","article_modified_time":"2021-01-12T12:27:33+00:00","og_image":[{"url":"https:\/\/www.aq-arium.com\/aqmarine\/wp-content\/uploads\/2020\/11\/AQ-EDUCAv3-comp-300x186.png"}],"twitter_card":"summary_large_image","twitter_site":"@AArium56877","twitter_misc":{"Tiempo de lectura":"4 minutos"},"schema":{"@context":"https:\/\/schema.org","@graph":[{"@type":"WebPage","@id":"https:\/\/www.aq-arium.com\/aqmarine\/alertas\/aq-educa\/","url":"https:\/\/www.aq-arium.com\/aqmarine\/alertas\/aq-educa\/","name":"AQ-EDUCA - AQ, Aquarium Solutions","isPartOf":{"@id":"https:\/\/www.aq-arium.com\/aqmarine\/#website"},"primaryImageOfPage":{"@id":"https:\/\/www.aq-arium.com\/aqmarine\/alertas\/aq-educa\/#primaryimage"},"image":{"@id":"https:\/\/www.aq-arium.com\/aqmarine\/alertas\/aq-educa\/#primaryimage"},"thumbnailUrl":"https:\/\/www.aq-arium.com\/aqmarine\/wp-content\/uploads\/2020\/11\/AQ-EDUCAv3-comp-300x186.png","datePublished":"2020-11-24T12:54:59+00:00","dateModified":"2021-01-12T12:27:33+00:00","description":"AQ-EDUCA es la propuesta de AQ-arium Solutions para promover el conocimiento entre los aficionados espa\u00f1oles a los acuarios marinos y de agua dulce.","breadcrumb":{"@id":"https:\/\/www.aq-arium.com\/aqmarine\/alertas\/aq-educa\/#breadcrumb"},"inLanguage":"es-ES","potentialAction":[{"@type":"ReadAction","target":["https:\/\/www.aq-arium.com\/aqmarine\/alertas\/aq-educa\/"]}]},{"@type":"ImageObject","inLanguage":"es-ES","@id":"https:\/\/www.aq-arium.com\/aqmarine\/alertas\/aq-educa\/#primaryimage","url":"https:\/\/www.aq-arium.com\/aqmarine\/wp-content\/uploads\/2020\/11\/AQ-EDUCAv3-comp.png","contentUrl":"https:\/\/www.aq-arium.com\/aqmarine\/wp-content\/uploads\/2020\/11\/AQ-EDUCAv3-comp.png","width":955,"height":593},{"@type":"BreadcrumbList","@id":"https:\/\/www.aq-arium.com\/aqmarine\/alertas\/aq-educa\/#breadcrumb","itemListElement":[{"@type":"ListItem","position":1,"name":"Portada","item":"https:\/\/www.aq-arium.com\/aqmarine\/"},{"@type":"ListItem","position":2,"name":"ALERTAS","item":"https:\/\/www.aq-arium.com\/aqmarine\/alertas\/"},{"@type":"ListItem","position":3,"name":"AQ-EDUCA"}]},{"@type":"WebSite","@id":"https:\/\/www.aq-arium.com\/aqmarine\/#website","url":"https:\/\/www.aq-arium.com\/aqmarine\/","name":"AQ, Aquarium Solutions","description":"Productos para Acuario Marino y Dulce","publisher":{"@id":"https:\/\/www.aq-arium.com\/aqmarine\/#organization"},"potentialAction":[{"@type":"SearchAction","target":{"@type":"EntryPoint","urlTemplate":"https:\/\/www.aq-arium.com\/aqmarine\/?s={search_term_string}"},"query-input":{"@type":"PropertyValueSpecification","valueRequired":true,"valueName":"search_term_string"}}],"inLanguage":"es-ES"},{"@type":"Organization","@id":"https:\/\/www.aq-arium.com\/aqmarine\/#organization","name":"AQ-arium Solutions","url":"https:\/\/www.aq-arium.com\/aqmarine\/","logo":{"@type":"ImageObject","inLanguage":"es-ES","@id":"https:\/\/www.aq-arium.com\/aqmarine\/#\/schema\/logo\/image\/","url":"https:\/\/www.aq-arium.com\/aqmarine\/wp-content\/uploads\/2021\/08\/AQ-arium-Solutions-logo-100x47px-1.png","contentUrl":"https:\/\/www.aq-arium.com\/aqmarine\/wp-content\/uploads\/2021\/08\/AQ-arium-Solutions-logo-100x47px-1.png","width":100,"height":47,"caption":"AQ-arium Solutions"},"image":{"@id":"https:\/\/www.aq-arium.com\/aqmarine\/#\/schema\/logo\/image\/"},"sameAs":["https:\/\/www.instagram.com\/aq.arium\/","https:\/\/x.com\/AArium56877"]}]}},"jetpack_sharing_enabled":true,"_links":{"self":[{"href":"https:\/\/www.aq-arium.com\/aqmarine\/wp-json\/wp\/v2\/pages\/16360","targetHints":{"allow":["GET"]}}],"collection":[{"href":"https:\/\/www.aq-arium.com\/aqmarine\/wp-json\/wp\/v2\/pages"}],"about":[{"href":"https:\/\/www.aq-arium.com\/aqmarine\/wp-json\/wp\/v2\/types\/page"}],"author":[{"embeddable":true,"href":"https:\/\/www.aq-arium.com\/aqmarine\/wp-json\/wp\/v2\/users\/1"}],"replies":[{"embeddable":true,"href":"https:\/\/www.aq-arium.com\/aqmarine\/wp-json\/wp\/v2\/comments?post=16360"}],"version-history":[{"count":0,"href":"https:\/\/www.aq-arium.com\/aqmarine\/wp-json\/wp\/v2\/pages\/16360\/revisions"}],"up":[{"embeddable":true,"href":"https:\/\/www.aq-arium.com\/aqmarine\/wp-json\/wp\/v2\/pages\/2032"}],"wp:attachment":[{"href":"https:\/\/www.aq-arium.com\/aqmarine\/wp-json\/wp\/v2\/media?parent=16360"}],"curies":[{"name":"wp","href":"https:\/\/api.w.org\/{rel}","templated":true}]}}