{"id":1532,"date":"2014-11-04T16:40:29","date_gmt":"2014-11-04T15:40:29","guid":{"rendered":"https:\/\/www.aq-arium.com\/aqmarine\/?page_id=1532"},"modified":"2014-11-04T16:40:29","modified_gmt":"2014-11-04T15:40:29","slug":"maxspect-glaive","status":"publish","type":"page","link":"https:\/\/www.aq-arium.com\/aqmarine\/acuario-marino\/maxspect-glaive\/","title":{"rendered":"MaxSpect &#8211; GLAIVE"},"content":{"rendered":"<p><img loading=\"lazy\" decoding=\"async\" class=\"alignnone wp-image-1541 size-medium\" src=\"https:\/\/www.aq-arium.com\/aqmarine\/wp-content\/uploads\/2014\/11\/09-300x72.jpg\" alt=\"09\" width=\"300\" height=\"72\" srcset=\"https:\/\/www.aq-arium.com\/aqmarine\/wp-content\/uploads\/2014\/11\/09-300x72.jpg 300w, https:\/\/www.aq-arium.com\/aqmarine\/wp-content\/uploads\/2014\/11\/09.jpg 547w\" sizes=\"auto, (max-width: 300px) 100vw, 300px\" \/><\/p>\n<h2>Sistema Econ\u00f3mico de Iluminaci\u00f3n LED<br \/>\nDise\u00f1o Elegante y contempor\u00e1neo<\/h2>\n<p><img loading=\"lazy\" decoding=\"async\" class=\"alignnone size-full wp-image-1533\" src=\"https:\/\/www.aq-arium.com\/aqmarine\/wp-content\/uploads\/2014\/11\/01.jpg\" alt=\"01\" width=\"1628\" height=\"245\" srcset=\"https:\/\/www.aq-arium.com\/aqmarine\/wp-content\/uploads\/2014\/11\/01.jpg 1628w, https:\/\/www.aq-arium.com\/aqmarine\/wp-content\/uploads\/2014\/11\/01-600x90.jpg 600w, https:\/\/www.aq-arium.com\/aqmarine\/wp-content\/uploads\/2014\/11\/01-300x45.jpg 300w, https:\/\/www.aq-arium.com\/aqmarine\/wp-content\/uploads\/2014\/11\/01-1024x154.jpg 1024w\" sizes=\"auto, (max-width: 1628px) 100vw, 1628px\" \/><\/p>\n<p><img loading=\"lazy\" decoding=\"async\" class=\"alignright wp-image-1534 size-medium\" src=\"https:\/\/www.aq-arium.com\/aqmarine\/wp-content\/uploads\/2014\/11\/02-105x300.jpg\" alt=\"02\" width=\"105\" height=\"300\" srcset=\"https:\/\/www.aq-arium.com\/aqmarine\/wp-content\/uploads\/2014\/11\/02-105x300.jpg 105w, https:\/\/www.aq-arium.com\/aqmarine\/wp-content\/uploads\/2014\/11\/02.jpg 291w\" sizes=\"auto, (max-width: 105px) 100vw, 105px\" \/>Detalles del producto<\/p>\n<ul>\n<li>Controlador B\u00e1sico integrado.<\/li>\n<li>Con control remoto infrarrojo.<\/li>\n<li>Modo Repetitivo y de demostraci\u00f3n.<\/li>\n<li>Modelo de agua dulce G4-F y Marino G4-M.<\/li>\n<li>El modelo de agua dulce puede utilizarse en acuarios de peces y\/o plantados.<\/li>\n<\/ul>\n<p><img loading=\"lazy\" decoding=\"async\" class=\"alignleft wp-image-1535 size-medium\" src=\"https:\/\/www.aq-arium.com\/aqmarine\/wp-content\/uploads\/2014\/11\/03-44x300.jpg\" alt=\"03\" width=\"44\" height=\"300\" srcset=\"https:\/\/www.aq-arium.com\/aqmarine\/wp-content\/uploads\/2014\/11\/03-44x300.jpg 44w, https:\/\/www.aq-arium.com\/aqmarine\/wp-content\/uploads\/2014\/11\/03.jpg 113w\" sizes=\"auto, (max-width: 44px) 100vw, 44px\" \/><\/p>\n<p>&nbsp;<\/p>\n<p>Refrigeraci\u00f3n Pasiva<\/p>\n<p>Sistema de montaje vers\u00e1til<\/p>\n<p>Gran capacidad de mezcla de colores<\/p>\n<p>Gran eficiencia entre potencia y energ\u00eda<\/p>\n<p>4 canales LED de ajuste individual<\/p>\n<p>Control remoto infrarrojo<\/p>\n<p>&nbsp;<\/p>\n<p>La GLAIVE est\u00e1 disponible en 4 medidas, tanto para agua dulce como para marino.<\/p>\n<p><img loading=\"lazy\" decoding=\"async\" class=\"alignnone wp-image-1536 size-medium\" src=\"https:\/\/www.aq-arium.com\/aqmarine\/wp-content\/uploads\/2014\/11\/04-300x251.jpg\" alt=\"04\" width=\"300\" height=\"251\" srcset=\"https:\/\/www.aq-arium.com\/aqmarine\/wp-content\/uploads\/2014\/11\/04-300x251.jpg 300w, https:\/\/www.aq-arium.com\/aqmarine\/wp-content\/uploads\/2014\/11\/04.jpg 559w\" sizes=\"auto, (max-width: 300px) 100vw, 300px\" \/><\/p>\n<p>El modelo G4-F se utiliza para acuarios de agua dulce con peces y\/o plantados, mientras que el modelo G4-M se utiliza para acuarios marinos con peces y\/o corales blandos.<\/p>\n<p>La diferencia entre ambos modelos los chips LED utilizados.<\/p>\n<div class=\"ctsc-column ctsc-col2\">\n<h3>G4-F con 4 canales<\/h3>\n<p>Canal A : Blanco (6000\u00baK Warm White Cree EZ1000)<\/p>\n<p>Canal B : Azul (450nm Blue)<\/p>\n<p>Canal C : Verde (520nm Green)<\/p>\n<p>Canal D : Rojo (620nm Deep Red)<\/p>\n<\/div><div class=\"ctsc-column ctsc-col2 ctsc-col-last\">\n<h3>G4-M\u00a0con 4 canales<\/h3>\n<p>Canal A : Blanco (3000\u00baK Warm White Cree EZ1000)<\/p>\n<p>Canal B : Azul (460nm Royal Blue)<\/p>\n<p>Canal C : Cyan\u00a0(500nm Blue)<\/p>\n<p>Canal D : Super Actinic\u00a0(420nm Super Actinic)<\/p>\n<\/div><div class=\"col-divide\"><\/div>\n<p>Ambos modelos vienen con un controlador integrado y un mando a distancia para controlar las diferentes funciones.<\/p>\n<ul>\n<li><img loading=\"lazy\" decoding=\"async\" class=\"alignleft wp-image-1538 size-medium\" src=\"https:\/\/www.aq-arium.com\/aqmarine\/wp-content\/uploads\/2014\/11\/06-300x224.jpg\" alt=\"06\" width=\"300\" height=\"224\" srcset=\"https:\/\/www.aq-arium.com\/aqmarine\/wp-content\/uploads\/2014\/11\/06-300x224.jpg 300w, https:\/\/www.aq-arium.com\/aqmarine\/wp-content\/uploads\/2014\/11\/06-320x240.jpg 320w, https:\/\/www.aq-arium.com\/aqmarine\/wp-content\/uploads\/2014\/11\/06-240x180.jpg 240w, https:\/\/www.aq-arium.com\/aqmarine\/wp-content\/uploads\/2014\/11\/06.jpg 435w\" sizes=\"auto, (max-width: 300px) 100vw, 300px\" \/>Encendido y Apagado<\/li>\n<li>Ajuste de intensidad independiente para los 4 canales LED<\/li>\n<li>Modo repetitivo y de demostraci\u00f3n<\/li>\n<\/ul>\n<p>&nbsp;<\/p>\n<p>&nbsp;<\/p>\n<p>&nbsp;<\/p>\n<p><img loading=\"lazy\" decoding=\"async\" class=\"alignnone size-full wp-image-1540\" src=\"https:\/\/www.aq-arium.com\/aqmarine\/wp-content\/uploads\/2014\/11\/08.jpg\" alt=\"08\" width=\"401\" height=\"913\" \/><img loading=\"lazy\" decoding=\"async\" class=\"alignright wp-image-1539 size-medium\" src=\"https:\/\/www.aq-arium.com\/aqmarine\/wp-content\/uploads\/2014\/11\/07-216x300.jpg\" alt=\"07\" width=\"216\" height=\"300\" srcset=\"https:\/\/www.aq-arium.com\/aqmarine\/wp-content\/uploads\/2014\/11\/07-216x300.jpg 216w, https:\/\/www.aq-arium.com\/aqmarine\/wp-content\/uploads\/2014\/11\/07.jpg 394w\" sizes=\"auto, (max-width: 216px) 100vw, 216px\" \/><\/p>\n","protected":false},"excerpt":{"rendered":"<p>Sistema Econ\u00f3mico de Iluminaci\u00f3n LED Dise\u00f1o Elegante y contempor\u00e1neo Detalles del producto Controlador B\u00e1sico integrado. Con control remoto infrarrojo. Modo Repetitivo y de demostraci\u00f3n. Modelo de agua dulce G4-F y Marino G4-M. El modelo de agua dulce puede utilizarse en acuarios de peces y\/o plantados. &nbsp; Refrigeraci\u00f3n Pasiva Sistema de montaje vers\u00e1til Gran capacidad de [&hellip;]<\/p>\n","protected":false},"author":1,"featured_media":0,"parent":9115,"menu_order":0,"comment_status":"closed","ping_status":"open","template":"","meta":{"_acf_changed":false,"footnotes":""},"class_list":["post-1532","page","type-page","status-publish","hentry"],"acf":[],"yoast_head":"<!-- This site is optimized with the Yoast SEO plugin v23.9 - https:\/\/yoast.com\/wordpress\/plugins\/seo\/ -->\n<title>MaxSpect - GLAIVE - AQ, Aquarium Solutions<\/title>\n<meta name=\"robots\" content=\"index, follow, max-snippet:-1, max-image-preview:large, max-video-preview:-1\" \/>\n<link rel=\"canonical\" href=\"https:\/\/www.aq-arium.com\/aqmarine\/acuario-marino\/maxspect-glaive\/\" \/>\n<meta property=\"og:locale\" content=\"es_ES\" \/>\n<meta property=\"og:type\" content=\"article\" \/>\n<meta property=\"og:title\" content=\"MaxSpect - GLAIVE - AQ, Aquarium Solutions\" \/>\n<meta property=\"og:description\" content=\"Sistema Econ\u00f3mico de Iluminaci\u00f3n LED Dise\u00f1o Elegante y contempor\u00e1neo Detalles del producto Controlador B\u00e1sico integrado. Con control remoto infrarrojo. Modo Repetitivo y de demostraci\u00f3n. Modelo de agua dulce G4-F y Marino G4-M. El modelo de agua dulce puede utilizarse en acuarios de peces y\/o plantados. &nbsp; Refrigeraci\u00f3n Pasiva Sistema de montaje vers\u00e1til Gran capacidad de [&hellip;]\" \/>\n<meta property=\"og:url\" content=\"https:\/\/www.aq-arium.com\/aqmarine\/acuario-marino\/maxspect-glaive\/\" \/>\n<meta property=\"og:site_name\" content=\"AQ, Aquarium Solutions\" \/>\n<meta property=\"article:publisher\" content=\"https:\/\/www.instagram.com\/aq.arium\/\" \/>\n<meta property=\"og:image\" content=\"https:\/\/www.aq-arium.com\/aqmarine\/wp-content\/uploads\/2014\/11\/09-300x72.jpg\" \/>\n<meta name=\"twitter:card\" content=\"summary_large_image\" \/>\n<meta name=\"twitter:site\" content=\"@AArium56877\" \/>\n<meta name=\"twitter:label1\" content=\"Tiempo de lectura\" \/>\n\t<meta name=\"twitter:data1\" content=\"1 minuto\" \/>\n<script type=\"application\/ld+json\" class=\"yoast-schema-graph\">{\"@context\":\"https:\/\/schema.org\",\"@graph\":[{\"@type\":\"WebPage\",\"@id\":\"https:\/\/www.aq-arium.com\/aqmarine\/acuario-marino\/maxspect-glaive\/\",\"url\":\"https:\/\/www.aq-arium.com\/aqmarine\/acuario-marino\/maxspect-glaive\/\",\"name\":\"MaxSpect - GLAIVE - AQ, Aquarium Solutions\",\"isPartOf\":{\"@id\":\"https:\/\/www.aq-arium.com\/aqmarine\/#website\"},\"primaryImageOfPage\":{\"@id\":\"https:\/\/www.aq-arium.com\/aqmarine\/acuario-marino\/maxspect-glaive\/#primaryimage\"},\"image\":{\"@id\":\"https:\/\/www.aq-arium.com\/aqmarine\/acuario-marino\/maxspect-glaive\/#primaryimage\"},\"thumbnailUrl\":\"https:\/\/www.aq-arium.com\/aqmarine\/wp-content\/uploads\/2014\/11\/09-300x72.jpg\",\"datePublished\":\"2014-11-04T15:40:29+00:00\",\"dateModified\":\"2014-11-04T15:40:29+00:00\",\"breadcrumb\":{\"@id\":\"https:\/\/www.aq-arium.com\/aqmarine\/acuario-marino\/maxspect-glaive\/#breadcrumb\"},\"inLanguage\":\"es-ES\",\"potentialAction\":[{\"@type\":\"ReadAction\",\"target\":[\"https:\/\/www.aq-arium.com\/aqmarine\/acuario-marino\/maxspect-glaive\/\"]}]},{\"@type\":\"ImageObject\",\"inLanguage\":\"es-ES\",\"@id\":\"https:\/\/www.aq-arium.com\/aqmarine\/acuario-marino\/maxspect-glaive\/#primaryimage\",\"url\":\"https:\/\/www.aq-arium.com\/aqmarine\/wp-content\/uploads\/2014\/11\/09.jpg\",\"contentUrl\":\"https:\/\/www.aq-arium.com\/aqmarine\/wp-content\/uploads\/2014\/11\/09.jpg\",\"width\":547,\"height\":132},{\"@type\":\"BreadcrumbList\",\"@id\":\"https:\/\/www.aq-arium.com\/aqmarine\/acuario-marino\/maxspect-glaive\/#breadcrumb\",\"itemListElement\":[{\"@type\":\"ListItem\",\"position\":1,\"name\":\"Portada\",\"item\":\"https:\/\/www.aq-arium.com\/aqmarine\/\"},{\"@type\":\"ListItem\",\"position\":2,\"name\":\"ACUARIO MARINO\",\"item\":\"https:\/\/www.aq-arium.com\/aqmarine\/acuario-marino\/\"},{\"@type\":\"ListItem\",\"position\":3,\"name\":\"MaxSpect &#8211; GLAIVE\"}]},{\"@type\":\"WebSite\",\"@id\":\"https:\/\/www.aq-arium.com\/aqmarine\/#website\",\"url\":\"https:\/\/www.aq-arium.com\/aqmarine\/\",\"name\":\"AQ, Aquarium Solutions\",\"description\":\"Productos para Acuario Marino y Dulce\",\"publisher\":{\"@id\":\"https:\/\/www.aq-arium.com\/aqmarine\/#organization\"},\"potentialAction\":[{\"@type\":\"SearchAction\",\"target\":{\"@type\":\"EntryPoint\",\"urlTemplate\":\"https:\/\/www.aq-arium.com\/aqmarine\/?s={search_term_string}\"},\"query-input\":{\"@type\":\"PropertyValueSpecification\",\"valueRequired\":true,\"valueName\":\"search_term_string\"}}],\"inLanguage\":\"es-ES\"},{\"@type\":\"Organization\",\"@id\":\"https:\/\/www.aq-arium.com\/aqmarine\/#organization\",\"name\":\"AQ-arium Solutions\",\"url\":\"https:\/\/www.aq-arium.com\/aqmarine\/\",\"logo\":{\"@type\":\"ImageObject\",\"inLanguage\":\"es-ES\",\"@id\":\"https:\/\/www.aq-arium.com\/aqmarine\/#\/schema\/logo\/image\/\",\"url\":\"https:\/\/www.aq-arium.com\/aqmarine\/wp-content\/uploads\/2021\/08\/AQ-arium-Solutions-logo-100x47px-1.png\",\"contentUrl\":\"https:\/\/www.aq-arium.com\/aqmarine\/wp-content\/uploads\/2021\/08\/AQ-arium-Solutions-logo-100x47px-1.png\",\"width\":100,\"height\":47,\"caption\":\"AQ-arium Solutions\"},\"image\":{\"@id\":\"https:\/\/www.aq-arium.com\/aqmarine\/#\/schema\/logo\/image\/\"},\"sameAs\":[\"https:\/\/www.instagram.com\/aq.arium\/\",\"https:\/\/x.com\/AArium56877\"]}]}<\/script>\n<!-- \/ Yoast SEO plugin. -->","yoast_head_json":{"title":"MaxSpect - GLAIVE - AQ, Aquarium Solutions","robots":{"index":"index","follow":"follow","max-snippet":"max-snippet:-1","max-image-preview":"max-image-preview:large","max-video-preview":"max-video-preview:-1"},"canonical":"https:\/\/www.aq-arium.com\/aqmarine\/acuario-marino\/maxspect-glaive\/","og_locale":"es_ES","og_type":"article","og_title":"MaxSpect - GLAIVE - AQ, Aquarium Solutions","og_description":"Sistema Econ\u00f3mico de Iluminaci\u00f3n LED Dise\u00f1o Elegante y contempor\u00e1neo Detalles del producto Controlador B\u00e1sico integrado. Con control remoto infrarrojo. Modo Repetitivo y de demostraci\u00f3n. Modelo de agua dulce G4-F y Marino G4-M. El modelo de agua dulce puede utilizarse en acuarios de peces y\/o plantados. &nbsp; Refrigeraci\u00f3n Pasiva Sistema de montaje vers\u00e1til Gran capacidad de [&hellip;]","og_url":"https:\/\/www.aq-arium.com\/aqmarine\/acuario-marino\/maxspect-glaive\/","og_site_name":"AQ, Aquarium Solutions","article_publisher":"https:\/\/www.instagram.com\/aq.arium\/","og_image":[{"url":"https:\/\/www.aq-arium.com\/aqmarine\/wp-content\/uploads\/2014\/11\/09-300x72.jpg"}],"twitter_card":"summary_large_image","twitter_site":"@AArium56877","twitter_misc":{"Tiempo de lectura":"1 minuto"},"schema":{"@context":"https:\/\/schema.org","@graph":[{"@type":"WebPage","@id":"https:\/\/www.aq-arium.com\/aqmarine\/acuario-marino\/maxspect-glaive\/","url":"https:\/\/www.aq-arium.com\/aqmarine\/acuario-marino\/maxspect-glaive\/","name":"MaxSpect - GLAIVE - AQ, Aquarium Solutions","isPartOf":{"@id":"https:\/\/www.aq-arium.com\/aqmarine\/#website"},"primaryImageOfPage":{"@id":"https:\/\/www.aq-arium.com\/aqmarine\/acuario-marino\/maxspect-glaive\/#primaryimage"},"image":{"@id":"https:\/\/www.aq-arium.com\/aqmarine\/acuario-marino\/maxspect-glaive\/#primaryimage"},"thumbnailUrl":"https:\/\/www.aq-arium.com\/aqmarine\/wp-content\/uploads\/2014\/11\/09-300x72.jpg","datePublished":"2014-11-04T15:40:29+00:00","dateModified":"2014-11-04T15:40:29+00:00","breadcrumb":{"@id":"https:\/\/www.aq-arium.com\/aqmarine\/acuario-marino\/maxspect-glaive\/#breadcrumb"},"inLanguage":"es-ES","potentialAction":[{"@type":"ReadAction","target":["https:\/\/www.aq-arium.com\/aqmarine\/acuario-marino\/maxspect-glaive\/"]}]},{"@type":"ImageObject","inLanguage":"es-ES","@id":"https:\/\/www.aq-arium.com\/aqmarine\/acuario-marino\/maxspect-glaive\/#primaryimage","url":"https:\/\/www.aq-arium.com\/aqmarine\/wp-content\/uploads\/2014\/11\/09.jpg","contentUrl":"https:\/\/www.aq-arium.com\/aqmarine\/wp-content\/uploads\/2014\/11\/09.jpg","width":547,"height":132},{"@type":"BreadcrumbList","@id":"https:\/\/www.aq-arium.com\/aqmarine\/acuario-marino\/maxspect-glaive\/#breadcrumb","itemListElement":[{"@type":"ListItem","position":1,"name":"Portada","item":"https:\/\/www.aq-arium.com\/aqmarine\/"},{"@type":"ListItem","position":2,"name":"ACUARIO MARINO","item":"https:\/\/www.aq-arium.com\/aqmarine\/acuario-marino\/"},{"@type":"ListItem","position":3,"name":"MaxSpect &#8211; GLAIVE"}]},{"@type":"WebSite","@id":"https:\/\/www.aq-arium.com\/aqmarine\/#website","url":"https:\/\/www.aq-arium.com\/aqmarine\/","name":"AQ, Aquarium Solutions","description":"Productos para Acuario Marino y Dulce","publisher":{"@id":"https:\/\/www.aq-arium.com\/aqmarine\/#organization"},"potentialAction":[{"@type":"SearchAction","target":{"@type":"EntryPoint","urlTemplate":"https:\/\/www.aq-arium.com\/aqmarine\/?s={search_term_string}"},"query-input":{"@type":"PropertyValueSpecification","valueRequired":true,"valueName":"search_term_string"}}],"inLanguage":"es-ES"},{"@type":"Organization","@id":"https:\/\/www.aq-arium.com\/aqmarine\/#organization","name":"AQ-arium Solutions","url":"https:\/\/www.aq-arium.com\/aqmarine\/","logo":{"@type":"ImageObject","inLanguage":"es-ES","@id":"https:\/\/www.aq-arium.com\/aqmarine\/#\/schema\/logo\/image\/","url":"https:\/\/www.aq-arium.com\/aqmarine\/wp-content\/uploads\/2021\/08\/AQ-arium-Solutions-logo-100x47px-1.png","contentUrl":"https:\/\/www.aq-arium.com\/aqmarine\/wp-content\/uploads\/2021\/08\/AQ-arium-Solutions-logo-100x47px-1.png","width":100,"height":47,"caption":"AQ-arium Solutions"},"image":{"@id":"https:\/\/www.aq-arium.com\/aqmarine\/#\/schema\/logo\/image\/"},"sameAs":["https:\/\/www.instagram.com\/aq.arium\/","https:\/\/x.com\/AArium56877"]}]}},"jetpack_sharing_enabled":true,"_links":{"self":[{"href":"https:\/\/www.aq-arium.com\/aqmarine\/wp-json\/wp\/v2\/pages\/1532","targetHints":{"allow":["GET"]}}],"collection":[{"href":"https:\/\/www.aq-arium.com\/aqmarine\/wp-json\/wp\/v2\/pages"}],"about":[{"href":"https:\/\/www.aq-arium.com\/aqmarine\/wp-json\/wp\/v2\/types\/page"}],"author":[{"embeddable":true,"href":"https:\/\/www.aq-arium.com\/aqmarine\/wp-json\/wp\/v2\/users\/1"}],"replies":[{"embeddable":true,"href":"https:\/\/www.aq-arium.com\/aqmarine\/wp-json\/wp\/v2\/comments?post=1532"}],"version-history":[{"count":0,"href":"https:\/\/www.aq-arium.com\/aqmarine\/wp-json\/wp\/v2\/pages\/1532\/revisions"}],"up":[{"embeddable":true,"href":"https:\/\/www.aq-arium.com\/aqmarine\/wp-json\/wp\/v2\/pages\/9115"}],"wp:attachment":[{"href":"https:\/\/www.aq-arium.com\/aqmarine\/wp-json\/wp\/v2\/media?parent=1532"}],"curies":[{"name":"wp","href":"https:\/\/api.w.org\/{rel}","templated":true}]}}