{"id":1293,"date":"2014-10-03T08:09:13","date_gmt":"2014-10-03T08:09:13","guid":{"rendered":"http:\/\/arrecifevivo.com\/aqmarine\/?page_id=1293"},"modified":"2023-04-27T08:34:05","modified_gmt":"2023-04-27T07:34:05","slug":"ati-sunpower","status":"publish","type":"page","link":"https:\/\/www.aq-arium.com\/aqmarine\/ati-sunpower\/","title":{"rendered":"ATI &#8211; SunPower"},"content":{"rendered":"<p><a href=\"https:\/\/www.aq-arium.com\/aqmarine\/ati\/\">Volver a la p\u00e1gina principal de ATI<\/a><br \/>\n<img loading=\"lazy\" decoding=\"async\" class=\"alignnone size-full wp-image-1149\" src=\"https:\/\/www.aq-arium.com\/aqmarine\/wp-content\/uploads\/2014\/09\/banner-ATI.jpg\" alt=\"banner ATI\" width=\"800\" height=\"85\" srcset=\"https:\/\/www.aq-arium.com\/aqmarine\/wp-content\/uploads\/2014\/09\/banner-ATI.jpg 800w, https:\/\/www.aq-arium.com\/aqmarine\/wp-content\/uploads\/2014\/09\/banner-ATI-600x64.jpg 600w, https:\/\/www.aq-arium.com\/aqmarine\/wp-content\/uploads\/2014\/09\/banner-ATI-300x31.jpg 300w\" sizes=\"auto, (max-width: 800px) 100vw, 800px\" \/><\/p>\n<h2>ATI Sunpower<\/h2>\n<p>La Sunpower siempre ha sido conocida por su extraordinaria potencia.Para mejorar el aspecto hemos unido la t\u00e9cnica moderna y la hemos unido a un novedoso dise\u00f1o.<\/p>\n<p>Como resultado la nueva Sunpower destaca por su bajo perfil y construcci\u00f3n en acero inoxidable y un dise\u00f1o elegante intemporal.<\/p>\n<p>Pero no todo es un atractivo dise\u00f1o.El verdadero potencial de la Sunpower se esconde en su interior.<br \/>\nTras exhaustivas pruebas se ha mejorado el flujo de aire,que como resultado dan otra mejora en la eficacia de la pantalla.<\/p>\n<p>Para el rendimiento excepcional de la Sunpower son responsables no solo la mejora en el control de temperatura sino tambi\u00e9n los reflectores individuales calculados a la perfecci\u00f3n y fabricados con materiales de Alta Tecnolog\u00eda. Este material reflector (98% de reflexi\u00f3n total de luz),que actualmente solo se encuentra casi exclusivamente en las pantallas ATI, tiene un 10% mas de reflexi\u00f3n que los reflectores de aluminio usados normalmente en pantallas T5. Un ventilador amortiguado contra las vibraciones permite ahora un funcionamiento mas silencioso. Un sistema de cables de acero permite un ajuste de la pantalla en altura y inclinaci\u00f3n.<\/p>\n<p>Una pantalla de plexiglass da la protecci\u00f3n de salpicaduras necesaria y es f\u00e1cilmente extrahible por un lateral.<\/p>\n<p>Cada Sunpower sale de fabrica dividida en dos canales, con lo que se pueden controlar 2 grupos de tubos f\u00e1cilmente.\u00a0(Por ejemplo tubos de Luz azul y tubos b\u00e1sicos)<\/p>\n<p>As\u00ed las nuevas Sunpower unen un dise\u00f1o excepcional con una extraordinaria potencia y versatilidad.<\/p>\n<h3>Las ventajas<\/h3>\n<ul>\n<li>Potencia extraordinaria gracias al uso del mejor material reflectante mundial y un estudiado sistema de refrigeraci\u00f3n.<br \/>\nSin reflejos molestos ya que toda su potencia se dirige hacia abajo.<\/li>\n<li>F\u00e1cil instalaci\u00f3n por su sistema variable de montaje con cable ajustable en altura y inclinaci\u00f3n,pantalla antisalpicaduras f\u00e1cilmente desmontable y grupos de tubos seleccionables.<\/li>\n<li>Alta seguridad por su gran pantalla antisalpicaduras,fijaci\u00f3n por cable aprobada por el TUV y utilizaci\u00f3n de componentes de primera linea.<\/li>\n<li>Precios ajustados,aun utilizando componentes mas caros (p. ej. material High Tech para los reflectores). Siempre encontrara una relaci\u00f3n calidad-precio adecuada en nuestros productos.<\/li>\n<\/ul>\n<h3>Gesti\u00f3n de la temperatura en pantallas T5<\/h3>\n<p>La generaci\u00f3n de calor en las pantallas T5 es un punto muy critico y factor determinante en el rendimiento de una pantalla. Sobre todo en el uso de pantallas con (6,8,10) tubos se genera grandes cantidades de calor en espacios reducidos. Si no se disipa este calor el rendimiento de los tubos disminuye y toda la electr\u00f3nica sufre. Simples rejillas de ventilaci\u00f3n el la parte superior de la pantalla no resuelven el problema, seg\u00fan nuestra experiencia, ya que los reflectores impiden la libre circulaci\u00f3n del aire caliente. Si ademas a\u00f1adimos la pantalla antisalpicaduras que creemos indispensable,una libre circulaci\u00f3n es imposible y un sobrecalentamiento extremo ser\u00e1 inevitable. Por este motivo, bajo nuestro punto de vista,en las modernas pantallas T5 se hace necesaria una ventilaci\u00f3n forzada.Solo de este modo se puede garantizar una correcta disipaci\u00f3n del calor sin tener que prescindir de la pantalla antisalpicaduras, tan necesaria para la seguridad.<\/p>\n<div class=\"ctsc-slideshow  \" style=\"\"><div class=\"ctsc-slideshow-slides cycle-slideshow\"  style=\"\" data-cycle-slides=\".ctsc-slideshow-slide\" data-cycle-prev=\".ctsc-slideshow-prev\" data-cycle-next=\".ctsc-slideshow-next\" data-cycle-pager=\".ctsc-slideshow-pages\"  data-cycle-fx = \"fade\" data-cycle-speed = \"800\" data-cycle-timeout = \"6000\"><div class=\"ctsc-slideshow-slide  \"><img loading=\"lazy\" decoding=\"async\" class=\"alignnone size-full wp-image-1294\" src=\"https:\/\/www.aq-arium.com\/aqmarine\/wp-content\/uploads\/2014\/10\/SunPower_1.gif\" alt=\"SunPower_1\" width=\"600\" height=\"262\" \/><\/div><div class=\"ctsc-slideshow-slide  \"><img loading=\"lazy\" decoding=\"async\" class=\"alignnone size-full wp-image-1297\" src=\"https:\/\/www.aq-arium.com\/aqmarine\/wp-content\/uploads\/2014\/10\/SunPower_5.gif\" alt=\"SunPower_5\" width=\"600\" height=\"398\" \/><\/div><div class=\"ctsc-slideshow-slide  \"><img loading=\"lazy\" decoding=\"async\" class=\"alignnone size-full wp-image-1295\" src=\"https:\/\/www.aq-arium.com\/aqmarine\/wp-content\/uploads\/2014\/10\/SunPower_2.gif\" alt=\"SunPower_2\" width=\"600\" height=\"326\" \/><\/div><div class=\"ctsc-slideshow-slide  \"><img loading=\"lazy\" decoding=\"async\" class=\"alignnone size-full wp-image-1296\" src=\"https:\/\/www.aq-arium.com\/aqmarine\/wp-content\/uploads\/2014\/10\/SunPower_3.gif\" alt=\"SunPower_3\" width=\"600\" height=\"277\" \/><\/div><\/div><div class=\"ctsc-slideshow-prev\"><\/div><div class=\"ctsc-slideshow-next\"><\/div><div class=\"ctsc-slideshow-pages pages_\"><\/div><\/div>\n<p>&nbsp;<\/p>\n","protected":false},"excerpt":{"rendered":"<p>Volver a la p\u00e1gina principal de ATI ATI Sunpower La Sunpower siempre ha sido conocida por su extraordinaria potencia.Para mejorar el aspecto hemos unido la t\u00e9cnica moderna y la hemos unido a un novedoso dise\u00f1o. Como resultado la nueva Sunpower destaca por su bajo perfil y construcci\u00f3n en acero inoxidable y un dise\u00f1o elegante intemporal. [&hellip;]<\/p>\n","protected":false},"author":1,"featured_media":0,"parent":0,"menu_order":0,"comment_status":"closed","ping_status":"open","template":"","meta":{"_acf_changed":false,"footnotes":""},"class_list":["post-1293","page","type-page","status-publish","hentry"],"acf":[],"yoast_head":"<!-- This site is optimized with the Yoast SEO plugin v23.9 - https:\/\/yoast.com\/wordpress\/plugins\/seo\/ -->\n<title>ATI - SunPower - AQ, Aquarium Solutions<\/title>\n<meta name=\"robots\" content=\"index, follow, max-snippet:-1, max-image-preview:large, max-video-preview:-1\" \/>\n<link rel=\"canonical\" href=\"https:\/\/www.aq-arium.com\/aqmarine\/ati-sunpower\/\" \/>\n<meta property=\"og:locale\" content=\"es_ES\" \/>\n<meta property=\"og:type\" content=\"article\" \/>\n<meta property=\"og:title\" content=\"ATI - SunPower - AQ, Aquarium Solutions\" \/>\n<meta property=\"og:description\" content=\"Volver a la p\u00e1gina principal de ATI ATI Sunpower La Sunpower siempre ha sido conocida por su extraordinaria potencia.Para mejorar el aspecto hemos unido la t\u00e9cnica moderna y la hemos unido a un novedoso dise\u00f1o. Como resultado la nueva Sunpower destaca por su bajo perfil y construcci\u00f3n en acero inoxidable y un dise\u00f1o elegante intemporal. [&hellip;]\" \/>\n<meta property=\"og:url\" content=\"https:\/\/www.aq-arium.com\/aqmarine\/ati-sunpower\/\" \/>\n<meta property=\"og:site_name\" content=\"AQ, Aquarium Solutions\" \/>\n<meta property=\"article:publisher\" content=\"https:\/\/www.instagram.com\/aq.arium\/\" \/>\n<meta property=\"article:modified_time\" content=\"2023-04-27T07:34:05+00:00\" \/>\n<meta property=\"og:image\" content=\"https:\/\/www.aq-arium.com\/aqmarine\/wp-content\/uploads\/2014\/09\/banner-ATI.jpg\" \/>\n<meta name=\"twitter:card\" content=\"summary_large_image\" \/>\n<meta name=\"twitter:site\" content=\"@AArium56877\" \/>\n<meta name=\"twitter:label1\" content=\"Tiempo de lectura\" \/>\n\t<meta name=\"twitter:data1\" content=\"4 minutos\" \/>\n<script type=\"application\/ld+json\" class=\"yoast-schema-graph\">{\"@context\":\"https:\/\/schema.org\",\"@graph\":[{\"@type\":\"WebPage\",\"@id\":\"https:\/\/www.aq-arium.com\/aqmarine\/ati-sunpower\/\",\"url\":\"https:\/\/www.aq-arium.com\/aqmarine\/ati-sunpower\/\",\"name\":\"ATI - SunPower - AQ, Aquarium Solutions\",\"isPartOf\":{\"@id\":\"https:\/\/www.aq-arium.com\/aqmarine\/#website\"},\"primaryImageOfPage\":{\"@id\":\"https:\/\/www.aq-arium.com\/aqmarine\/ati-sunpower\/#primaryimage\"},\"image\":{\"@id\":\"https:\/\/www.aq-arium.com\/aqmarine\/ati-sunpower\/#primaryimage\"},\"thumbnailUrl\":\"https:\/\/www.aq-arium.com\/aqmarine\/wp-content\/uploads\/2014\/09\/banner-ATI.jpg\",\"datePublished\":\"2014-10-03T08:09:13+00:00\",\"dateModified\":\"2023-04-27T07:34:05+00:00\",\"breadcrumb\":{\"@id\":\"https:\/\/www.aq-arium.com\/aqmarine\/ati-sunpower\/#breadcrumb\"},\"inLanguage\":\"es-ES\",\"potentialAction\":[{\"@type\":\"ReadAction\",\"target\":[\"https:\/\/www.aq-arium.com\/aqmarine\/ati-sunpower\/\"]}]},{\"@type\":\"ImageObject\",\"inLanguage\":\"es-ES\",\"@id\":\"https:\/\/www.aq-arium.com\/aqmarine\/ati-sunpower\/#primaryimage\",\"url\":\"https:\/\/www.aq-arium.com\/aqmarine\/wp-content\/uploads\/2014\/09\/banner-ATI.jpg\",\"contentUrl\":\"https:\/\/www.aq-arium.com\/aqmarine\/wp-content\/uploads\/2014\/09\/banner-ATI.jpg\",\"width\":800,\"height\":85},{\"@type\":\"BreadcrumbList\",\"@id\":\"https:\/\/www.aq-arium.com\/aqmarine\/ati-sunpower\/#breadcrumb\",\"itemListElement\":[{\"@type\":\"ListItem\",\"position\":1,\"name\":\"Portada\",\"item\":\"https:\/\/www.aq-arium.com\/aqmarine\/\"},{\"@type\":\"ListItem\",\"position\":2,\"name\":\"ATI &#8211; SunPower\"}]},{\"@type\":\"WebSite\",\"@id\":\"https:\/\/www.aq-arium.com\/aqmarine\/#website\",\"url\":\"https:\/\/www.aq-arium.com\/aqmarine\/\",\"name\":\"AQ, Aquarium Solutions\",\"description\":\"Productos para Acuario Marino y Dulce\",\"publisher\":{\"@id\":\"https:\/\/www.aq-arium.com\/aqmarine\/#organization\"},\"potentialAction\":[{\"@type\":\"SearchAction\",\"target\":{\"@type\":\"EntryPoint\",\"urlTemplate\":\"https:\/\/www.aq-arium.com\/aqmarine\/?s={search_term_string}\"},\"query-input\":{\"@type\":\"PropertyValueSpecification\",\"valueRequired\":true,\"valueName\":\"search_term_string\"}}],\"inLanguage\":\"es-ES\"},{\"@type\":\"Organization\",\"@id\":\"https:\/\/www.aq-arium.com\/aqmarine\/#organization\",\"name\":\"AQ-arium Solutions\",\"url\":\"https:\/\/www.aq-arium.com\/aqmarine\/\",\"logo\":{\"@type\":\"ImageObject\",\"inLanguage\":\"es-ES\",\"@id\":\"https:\/\/www.aq-arium.com\/aqmarine\/#\/schema\/logo\/image\/\",\"url\":\"https:\/\/www.aq-arium.com\/aqmarine\/wp-content\/uploads\/2021\/08\/AQ-arium-Solutions-logo-100x47px-1.png\",\"contentUrl\":\"https:\/\/www.aq-arium.com\/aqmarine\/wp-content\/uploads\/2021\/08\/AQ-arium-Solutions-logo-100x47px-1.png\",\"width\":100,\"height\":47,\"caption\":\"AQ-arium Solutions\"},\"image\":{\"@id\":\"https:\/\/www.aq-arium.com\/aqmarine\/#\/schema\/logo\/image\/\"},\"sameAs\":[\"https:\/\/www.instagram.com\/aq.arium\/\",\"https:\/\/x.com\/AArium56877\"]}]}<\/script>\n<!-- \/ Yoast SEO plugin. -->","yoast_head_json":{"title":"ATI - SunPower - AQ, Aquarium Solutions","robots":{"index":"index","follow":"follow","max-snippet":"max-snippet:-1","max-image-preview":"max-image-preview:large","max-video-preview":"max-video-preview:-1"},"canonical":"https:\/\/www.aq-arium.com\/aqmarine\/ati-sunpower\/","og_locale":"es_ES","og_type":"article","og_title":"ATI - SunPower - AQ, Aquarium Solutions","og_description":"Volver a la p\u00e1gina principal de ATI ATI Sunpower La Sunpower siempre ha sido conocida por su extraordinaria potencia.Para mejorar el aspecto hemos unido la t\u00e9cnica moderna y la hemos unido a un novedoso dise\u00f1o. Como resultado la nueva Sunpower destaca por su bajo perfil y construcci\u00f3n en acero inoxidable y un dise\u00f1o elegante intemporal. [&hellip;]","og_url":"https:\/\/www.aq-arium.com\/aqmarine\/ati-sunpower\/","og_site_name":"AQ, Aquarium Solutions","article_publisher":"https:\/\/www.instagram.com\/aq.arium\/","article_modified_time":"2023-04-27T07:34:05+00:00","og_image":[{"url":"https:\/\/www.aq-arium.com\/aqmarine\/wp-content\/uploads\/2014\/09\/banner-ATI.jpg"}],"twitter_card":"summary_large_image","twitter_site":"@AArium56877","twitter_misc":{"Tiempo de lectura":"4 minutos"},"schema":{"@context":"https:\/\/schema.org","@graph":[{"@type":"WebPage","@id":"https:\/\/www.aq-arium.com\/aqmarine\/ati-sunpower\/","url":"https:\/\/www.aq-arium.com\/aqmarine\/ati-sunpower\/","name":"ATI - SunPower - AQ, Aquarium Solutions","isPartOf":{"@id":"https:\/\/www.aq-arium.com\/aqmarine\/#website"},"primaryImageOfPage":{"@id":"https:\/\/www.aq-arium.com\/aqmarine\/ati-sunpower\/#primaryimage"},"image":{"@id":"https:\/\/www.aq-arium.com\/aqmarine\/ati-sunpower\/#primaryimage"},"thumbnailUrl":"https:\/\/www.aq-arium.com\/aqmarine\/wp-content\/uploads\/2014\/09\/banner-ATI.jpg","datePublished":"2014-10-03T08:09:13+00:00","dateModified":"2023-04-27T07:34:05+00:00","breadcrumb":{"@id":"https:\/\/www.aq-arium.com\/aqmarine\/ati-sunpower\/#breadcrumb"},"inLanguage":"es-ES","potentialAction":[{"@type":"ReadAction","target":["https:\/\/www.aq-arium.com\/aqmarine\/ati-sunpower\/"]}]},{"@type":"ImageObject","inLanguage":"es-ES","@id":"https:\/\/www.aq-arium.com\/aqmarine\/ati-sunpower\/#primaryimage","url":"https:\/\/www.aq-arium.com\/aqmarine\/wp-content\/uploads\/2014\/09\/banner-ATI.jpg","contentUrl":"https:\/\/www.aq-arium.com\/aqmarine\/wp-content\/uploads\/2014\/09\/banner-ATI.jpg","width":800,"height":85},{"@type":"BreadcrumbList","@id":"https:\/\/www.aq-arium.com\/aqmarine\/ati-sunpower\/#breadcrumb","itemListElement":[{"@type":"ListItem","position":1,"name":"Portada","item":"https:\/\/www.aq-arium.com\/aqmarine\/"},{"@type":"ListItem","position":2,"name":"ATI &#8211; SunPower"}]},{"@type":"WebSite","@id":"https:\/\/www.aq-arium.com\/aqmarine\/#website","url":"https:\/\/www.aq-arium.com\/aqmarine\/","name":"AQ, Aquarium Solutions","description":"Productos para Acuario Marino y Dulce","publisher":{"@id":"https:\/\/www.aq-arium.com\/aqmarine\/#organization"},"potentialAction":[{"@type":"SearchAction","target":{"@type":"EntryPoint","urlTemplate":"https:\/\/www.aq-arium.com\/aqmarine\/?s={search_term_string}"},"query-input":{"@type":"PropertyValueSpecification","valueRequired":true,"valueName":"search_term_string"}}],"inLanguage":"es-ES"},{"@type":"Organization","@id":"https:\/\/www.aq-arium.com\/aqmarine\/#organization","name":"AQ-arium Solutions","url":"https:\/\/www.aq-arium.com\/aqmarine\/","logo":{"@type":"ImageObject","inLanguage":"es-ES","@id":"https:\/\/www.aq-arium.com\/aqmarine\/#\/schema\/logo\/image\/","url":"https:\/\/www.aq-arium.com\/aqmarine\/wp-content\/uploads\/2021\/08\/AQ-arium-Solutions-logo-100x47px-1.png","contentUrl":"https:\/\/www.aq-arium.com\/aqmarine\/wp-content\/uploads\/2021\/08\/AQ-arium-Solutions-logo-100x47px-1.png","width":100,"height":47,"caption":"AQ-arium Solutions"},"image":{"@id":"https:\/\/www.aq-arium.com\/aqmarine\/#\/schema\/logo\/image\/"},"sameAs":["https:\/\/www.instagram.com\/aq.arium\/","https:\/\/x.com\/AArium56877"]}]}},"jetpack_sharing_enabled":true,"_links":{"self":[{"href":"https:\/\/www.aq-arium.com\/aqmarine\/wp-json\/wp\/v2\/pages\/1293","targetHints":{"allow":["GET"]}}],"collection":[{"href":"https:\/\/www.aq-arium.com\/aqmarine\/wp-json\/wp\/v2\/pages"}],"about":[{"href":"https:\/\/www.aq-arium.com\/aqmarine\/wp-json\/wp\/v2\/types\/page"}],"author":[{"embeddable":true,"href":"https:\/\/www.aq-arium.com\/aqmarine\/wp-json\/wp\/v2\/users\/1"}],"replies":[{"embeddable":true,"href":"https:\/\/www.aq-arium.com\/aqmarine\/wp-json\/wp\/v2\/comments?post=1293"}],"version-history":[{"count":0,"href":"https:\/\/www.aq-arium.com\/aqmarine\/wp-json\/wp\/v2\/pages\/1293\/revisions"}],"wp:attachment":[{"href":"https:\/\/www.aq-arium.com\/aqmarine\/wp-json\/wp\/v2\/media?parent=1293"}],"curies":[{"name":"wp","href":"https:\/\/api.w.org\/{rel}","templated":true}]}}