{"id":1285,"date":"2014-10-01T16:18:42","date_gmt":"2014-10-01T16:18:42","guid":{"rendered":"http:\/\/arrecifevivo.com\/aqmarine\/?page_id=1285"},"modified":"2018-06-18T16:54:27","modified_gmt":"2018-06-18T14:54:27","slug":"ati-t5","status":"publish","type":"page","link":"https:\/\/www.aq-arium.com\/aqmarine\/ati-t5\/","title":{"rendered":"ATI &#8211; T5"},"content":{"rendered":"<p><img loading=\"lazy\" decoding=\"async\" class=\"alignnone size-full wp-image-1149\" src=\"https:\/\/www.aq-arium.com\/aqmarine\/wp-content\/uploads\/2014\/09\/banner-ATI.jpg\" alt=\"banner ATI\" width=\"800\" height=\"85\" srcset=\"https:\/\/www.aq-arium.com\/aqmarine\/wp-content\/uploads\/2014\/09\/banner-ATI.jpg 800w, https:\/\/www.aq-arium.com\/aqmarine\/wp-content\/uploads\/2014\/09\/banner-ATI-600x64.jpg 600w, https:\/\/www.aq-arium.com\/aqmarine\/wp-content\/uploads\/2014\/09\/banner-ATI-300x31.jpg 300w\" sizes=\"auto, (max-width: 800px) 100vw, 800px\" \/><\/p>\n<p>Con la entrada de los Tubos T5 en el mundo de los aquarios marinos en el a\u00f1o 2000 se dio un gran paso en este sector. La empresa ATI es\u00a0pionera en este tipo de iluminaci\u00f3n innovadora. En estas paginas encontrara los productos de la gama T5.Encontrara ademas de la\u00a0Aquablue Special y Blue Plus como tubos b\u00e1sicos los tubos suplementarios Actinic y Purple Plus,para hacer posible una iluminaci\u00f3n intensa y optimizada en color.<\/p>\n<p>&nbsp;<\/p>\n<p><a href=\"https:\/\/www.aq-arium.com\/aqmarine\/wp-content\/uploads\/2014\/09\/AquablueSpecial730-e1412179552995.gif\"><img loading=\"lazy\" decoding=\"async\" class=\"alignnone size-full wp-image-1281\" src=\"https:\/\/www.aq-arium.com\/aqmarine\/wp-content\/uploads\/2014\/09\/AquablueSpecial730-e1412179552995.gif\" alt=\"AquablueSpecial730\" width=\"730\" height=\"37\" \/><\/a><\/p>\n<h2>ATI Aquablue Special &#8211; Tubo b\u00e1sico<\/h2>\n<p>El tubo Aquablue Special representa uno de los tubos mas utilizados en el mundo de los aquarios marinos modernos.Debido a su alto contenido de color azul tiene\u00a0una alta proporci\u00f3n de radiaci\u00f3n fotosint\u00e9tica utilizable para coral. Es la piedra angular de nuestro concepto de tubos.<\/p>\n<p>Recomendamos una mezcla en un proporci\u00f3n de 1:1 a 1:2 con nuestro Blue Plus y los tubos suplementarios.<\/p>\n<p>&nbsp;<\/p>\n<div class=\"ctsc-separator  ctsc-separator-\"><div class=\"ctsc-separator-line\"><\/div><div class=\"clear\"><\/div><\/div>\n<p><a href=\"https:\/\/www.aq-arium.com\/aqmarine\/wp-content\/uploads\/2014\/09\/CoralPlus730.gif\"><img loading=\"lazy\" decoding=\"async\" class=\"alignnone size-full wp-image-1282\" src=\"https:\/\/www.aq-arium.com\/aqmarine\/wp-content\/uploads\/2014\/09\/CoralPlus730.gif\" alt=\"CoralPlus730\" width=\"730\" height=\"37\" \/><\/a><\/p>\n<h2>ATI Coral Plus &#8211; Tubo b\u00e1sico<\/h2>\n<p>El Coral Plus es un tubo b\u00e1sico con una proporci\u00f3n mayor de azul con m\u00e1ximo rendimiento PAR.La mayor proporci\u00f3n de azul conduce a una mejor reproducci\u00f3n de color\u00a0en los corales con pigmentos fluorescentes as\u00ed como una mayor proporci\u00f3n de radiaci\u00f3n fotosint\u00e9ticamente multifuncional (PUR). A pesar de la muy alta proporci\u00f3n de azul, \u00a0tambi\u00e9n los otros colores como el rojo se reproducen muy bien.<\/p>\n<p>El Coral Pluses el ultimo desarrollo de ATI y se sit\u00faa visualmente entre el Blue Plus y el Aquablue Special.<\/p>\n<p>&nbsp;<\/p>\n<div class=\"ctsc-separator  ctsc-separator-\"><div class=\"ctsc-separator-line\"><\/div><div class=\"clear\"><\/div><\/div>\n<p><img loading=\"lazy\" decoding=\"async\" class=\"alignnone size-full wp-image-1286\" src=\"https:\/\/www.aq-arium.com\/aqmarine\/wp-content\/uploads\/2014\/10\/BluePlus730.gif\" alt=\"BluePlus730\" width=\"730\" height=\"38\" \/><\/p>\n<h2>ATI Blue Plus &#8211; Tubo b\u00e1sico<\/h2>\n<p>El Blue Plus produce una intensa luz azul (m\u00e1xima a 450nm) con m\u00e1ximo rendimiento PAR. Los pigmentos fluorescentes en el coral destacan aun mas claramente y la impresi\u00f3n \u00f3ptica general mejora significativamente.<\/p>\n<p>Dependiendo del ajuste del coral recomendamos una proporci\u00f3n de 1:1 a 1:2.<\/p>\n<p>&nbsp;<\/p>\n<div class=\"ctsc-separator  ctsc-separator-\"><div class=\"ctsc-separator-line\"><\/div><div class=\"clear\"><\/div><\/div>\n<p><img loading=\"lazy\" decoding=\"async\" class=\"alignnone size-full wp-image-1287\" src=\"https:\/\/www.aq-arium.com\/aqmarine\/wp-content\/uploads\/2014\/10\/Actinic730.gif\" alt=\"Actinic730\" width=\"730\" height=\"38\" \/><\/p>\n<h2>ATI Actinic &#8211; Tubo suplementario<\/h2>\n<p>El Actinic produce una luz azul violeta (max. en 421nm) que aparece menos brillante pero que aun resalta mas los pigmentos fluorescentes en los corales.<\/p>\n<p>&nbsp;<\/p>\n<div class=\"ctsc-separator  ctsc-separator-\"><div class=\"ctsc-separator-line\"><\/div><div class=\"clear\"><\/div><\/div>\n<p><img loading=\"lazy\" decoding=\"async\" class=\"alignnone size-full wp-image-1288\" src=\"https:\/\/www.aq-arium.com\/aqmarine\/wp-content\/uploads\/2014\/10\/PurplePlus730.gif\" alt=\"PurplePlus730\" width=\"730\" height=\"35\" \/><\/p>\n<h2>ATI Purple Plus &#8211; Tubo suplementario<\/h2>\n<p>El Purple Plus tiene ademas de un intenso azul,como en la Blue Plus,una gran proporci\u00f3n de radiaci\u00f3n roja. As\u00ed se acent\u00faan tanto los pigmentos fluorescentes como\u00a0los no fluorescentes.Por esta raz\u00f3n el Purple Plus tiene un gran efecto al mejorar el color de los corales y peces.Recomendamos una adicci\u00f3n a nuestro tubo base (Blue Plus, Aquablue Special) en una proporci\u00f3n de 1:3 a 1:4.<\/p>\n<h4>Aqu\u00ed tienes un V\u00eddeo Comparativo que puede ayudarte:<\/h4>\n<p><iframe loading=\"lazy\" title=\"ATI T5 Fluorescent Light Bulb Comparison Part I\" width=\"500\" height=\"281\" src=\"https:\/\/www.youtube.com\/embed\/Y-TbkPJhHkY?feature=oembed\" frameborder=\"0\" allow=\"accelerometer; autoplay; clipboard-write; encrypted-media; gyroscope; picture-in-picture; web-share\" referrerpolicy=\"strict-origin-when-cross-origin\" allowfullscreen><\/iframe><\/p>\n<p><iframe loading=\"lazy\" title=\"ATI T5 Fluorescent Light Bulb Comparison Part II: Combinations!\" width=\"500\" height=\"281\" src=\"https:\/\/www.youtube.com\/embed\/6OSS_PoUX6o?start=19&#038;feature=oembed\" frameborder=\"0\" allow=\"accelerometer; autoplay; clipboard-write; encrypted-media; gyroscope; picture-in-picture; web-share\" referrerpolicy=\"strict-origin-when-cross-origin\" allowfullscreen><\/iframe><\/p>\n<p>Por \u00faltimo una comparativa de los espectros:<\/p>\n<p><a href=\"https:\/\/www.aq-arium.com\/aqmarine\/wp-content\/uploads\/2018\/06\/ati-bulbs-chart-1_3-e1529320939592.jpg\"><img loading=\"lazy\" decoding=\"async\" class=\"aligncenter wp-image-5658\" src=\"https:\/\/www.aq-arium.com\/aqmarine\/wp-content\/uploads\/2018\/06\/ati-bulbs-chart-1_3-e1529320939592.jpg\" alt=\"ati-bulbs-chart-1_3\" width=\"1090\" height=\"183\" srcset=\"https:\/\/www.aq-arium.com\/aqmarine\/wp-content\/uploads\/2018\/06\/ati-bulbs-chart-1_3-e1529320939592.jpg 1007w, https:\/\/www.aq-arium.com\/aqmarine\/wp-content\/uploads\/2018\/06\/ati-bulbs-chart-1_3-e1529320939592-600x101.jpg 600w, https:\/\/www.aq-arium.com\/aqmarine\/wp-content\/uploads\/2018\/06\/ati-bulbs-chart-1_3-e1529320939592-300x50.jpg 300w\" sizes=\"auto, (max-width: 1090px) 100vw, 1090px\" \/><\/a><\/p>\n","protected":false},"excerpt":{"rendered":"<p>Con la entrada de los Tubos T5 en el mundo de los aquarios marinos en el a\u00f1o 2000 se dio un gran paso en este sector. La empresa ATI es\u00a0pionera en este tipo de iluminaci\u00f3n innovadora. En estas paginas encontrara los productos de la gama T5.Encontrara ademas de la\u00a0Aquablue Special y Blue Plus como tubos [&hellip;]<\/p>\n","protected":false},"author":1,"featured_media":0,"parent":0,"menu_order":0,"comment_status":"closed","ping_status":"open","template":"","meta":{"_acf_changed":false,"footnotes":""},"class_list":["post-1285","page","type-page","status-publish","hentry"],"acf":[],"yoast_head":"<!-- This site is optimized with the Yoast SEO plugin v23.9 - https:\/\/yoast.com\/wordpress\/plugins\/seo\/ -->\n<title>ATI - T5 - AQ, Aquarium Solutions<\/title>\n<meta name=\"robots\" content=\"index, follow, max-snippet:-1, max-image-preview:large, max-video-preview:-1\" \/>\n<link rel=\"canonical\" href=\"https:\/\/www.aq-arium.com\/aqmarine\/ati-t5\/\" \/>\n<meta property=\"og:locale\" content=\"es_ES\" \/>\n<meta property=\"og:type\" content=\"article\" \/>\n<meta property=\"og:title\" content=\"ATI - T5 - AQ, Aquarium Solutions\" \/>\n<meta property=\"og:description\" content=\"Con la entrada de los Tubos T5 en el mundo de los aquarios marinos en el a\u00f1o 2000 se dio un gran paso en este sector. La empresa ATI es\u00a0pionera en este tipo de iluminaci\u00f3n innovadora. En estas paginas encontrara los productos de la gama T5.Encontrara ademas de la\u00a0Aquablue Special y Blue Plus como tubos [&hellip;]\" \/>\n<meta property=\"og:url\" content=\"https:\/\/www.aq-arium.com\/aqmarine\/ati-t5\/\" \/>\n<meta property=\"og:site_name\" content=\"AQ, Aquarium Solutions\" \/>\n<meta property=\"article:publisher\" content=\"https:\/\/www.instagram.com\/aq.arium\/\" \/>\n<meta property=\"article:modified_time\" content=\"2018-06-18T14:54:27+00:00\" \/>\n<meta property=\"og:image\" content=\"https:\/\/www.aq-arium.com\/aqmarine\/wp-content\/uploads\/2014\/09\/banner-ATI.jpg\" \/>\n<meta name=\"twitter:card\" content=\"summary_large_image\" \/>\n<meta name=\"twitter:site\" content=\"@AArium56877\" \/>\n<meta name=\"twitter:label1\" content=\"Tiempo de lectura\" \/>\n\t<meta name=\"twitter:data1\" content=\"2 minutos\" \/>\n<script type=\"application\/ld+json\" class=\"yoast-schema-graph\">{\"@context\":\"https:\/\/schema.org\",\"@graph\":[{\"@type\":\"WebPage\",\"@id\":\"https:\/\/www.aq-arium.com\/aqmarine\/ati-t5\/\",\"url\":\"https:\/\/www.aq-arium.com\/aqmarine\/ati-t5\/\",\"name\":\"ATI - T5 - AQ, Aquarium Solutions\",\"isPartOf\":{\"@id\":\"https:\/\/www.aq-arium.com\/aqmarine\/#website\"},\"primaryImageOfPage\":{\"@id\":\"https:\/\/www.aq-arium.com\/aqmarine\/ati-t5\/#primaryimage\"},\"image\":{\"@id\":\"https:\/\/www.aq-arium.com\/aqmarine\/ati-t5\/#primaryimage\"},\"thumbnailUrl\":\"https:\/\/www.aq-arium.com\/aqmarine\/wp-content\/uploads\/2014\/09\/banner-ATI.jpg\",\"datePublished\":\"2014-10-01T16:18:42+00:00\",\"dateModified\":\"2018-06-18T14:54:27+00:00\",\"breadcrumb\":{\"@id\":\"https:\/\/www.aq-arium.com\/aqmarine\/ati-t5\/#breadcrumb\"},\"inLanguage\":\"es-ES\",\"potentialAction\":[{\"@type\":\"ReadAction\",\"target\":[\"https:\/\/www.aq-arium.com\/aqmarine\/ati-t5\/\"]}]},{\"@type\":\"ImageObject\",\"inLanguage\":\"es-ES\",\"@id\":\"https:\/\/www.aq-arium.com\/aqmarine\/ati-t5\/#primaryimage\",\"url\":\"https:\/\/www.aq-arium.com\/aqmarine\/wp-content\/uploads\/2014\/09\/banner-ATI.jpg\",\"contentUrl\":\"https:\/\/www.aq-arium.com\/aqmarine\/wp-content\/uploads\/2014\/09\/banner-ATI.jpg\",\"width\":800,\"height\":85},{\"@type\":\"BreadcrumbList\",\"@id\":\"https:\/\/www.aq-arium.com\/aqmarine\/ati-t5\/#breadcrumb\",\"itemListElement\":[{\"@type\":\"ListItem\",\"position\":1,\"name\":\"Portada\",\"item\":\"https:\/\/www.aq-arium.com\/aqmarine\/\"},{\"@type\":\"ListItem\",\"position\":2,\"name\":\"ATI &#8211; T5\"}]},{\"@type\":\"WebSite\",\"@id\":\"https:\/\/www.aq-arium.com\/aqmarine\/#website\",\"url\":\"https:\/\/www.aq-arium.com\/aqmarine\/\",\"name\":\"AQ, Aquarium Solutions\",\"description\":\"Productos para Acuario Marino y Dulce\",\"publisher\":{\"@id\":\"https:\/\/www.aq-arium.com\/aqmarine\/#organization\"},\"potentialAction\":[{\"@type\":\"SearchAction\",\"target\":{\"@type\":\"EntryPoint\",\"urlTemplate\":\"https:\/\/www.aq-arium.com\/aqmarine\/?s={search_term_string}\"},\"query-input\":{\"@type\":\"PropertyValueSpecification\",\"valueRequired\":true,\"valueName\":\"search_term_string\"}}],\"inLanguage\":\"es-ES\"},{\"@type\":\"Organization\",\"@id\":\"https:\/\/www.aq-arium.com\/aqmarine\/#organization\",\"name\":\"AQ-arium Solutions\",\"url\":\"https:\/\/www.aq-arium.com\/aqmarine\/\",\"logo\":{\"@type\":\"ImageObject\",\"inLanguage\":\"es-ES\",\"@id\":\"https:\/\/www.aq-arium.com\/aqmarine\/#\/schema\/logo\/image\/\",\"url\":\"https:\/\/www.aq-arium.com\/aqmarine\/wp-content\/uploads\/2021\/08\/AQ-arium-Solutions-logo-100x47px-1.png\",\"contentUrl\":\"https:\/\/www.aq-arium.com\/aqmarine\/wp-content\/uploads\/2021\/08\/AQ-arium-Solutions-logo-100x47px-1.png\",\"width\":100,\"height\":47,\"caption\":\"AQ-arium Solutions\"},\"image\":{\"@id\":\"https:\/\/www.aq-arium.com\/aqmarine\/#\/schema\/logo\/image\/\"},\"sameAs\":[\"https:\/\/www.instagram.com\/aq.arium\/\",\"https:\/\/x.com\/AArium56877\"]}]}<\/script>\n<!-- \/ Yoast SEO plugin. -->","yoast_head_json":{"title":"ATI - T5 - AQ, Aquarium Solutions","robots":{"index":"index","follow":"follow","max-snippet":"max-snippet:-1","max-image-preview":"max-image-preview:large","max-video-preview":"max-video-preview:-1"},"canonical":"https:\/\/www.aq-arium.com\/aqmarine\/ati-t5\/","og_locale":"es_ES","og_type":"article","og_title":"ATI - T5 - AQ, Aquarium Solutions","og_description":"Con la entrada de los Tubos T5 en el mundo de los aquarios marinos en el a\u00f1o 2000 se dio un gran paso en este sector. La empresa ATI es\u00a0pionera en este tipo de iluminaci\u00f3n innovadora. En estas paginas encontrara los productos de la gama T5.Encontrara ademas de la\u00a0Aquablue Special y Blue Plus como tubos [&hellip;]","og_url":"https:\/\/www.aq-arium.com\/aqmarine\/ati-t5\/","og_site_name":"AQ, Aquarium Solutions","article_publisher":"https:\/\/www.instagram.com\/aq.arium\/","article_modified_time":"2018-06-18T14:54:27+00:00","og_image":[{"url":"https:\/\/www.aq-arium.com\/aqmarine\/wp-content\/uploads\/2014\/09\/banner-ATI.jpg"}],"twitter_card":"summary_large_image","twitter_site":"@AArium56877","twitter_misc":{"Tiempo de lectura":"2 minutos"},"schema":{"@context":"https:\/\/schema.org","@graph":[{"@type":"WebPage","@id":"https:\/\/www.aq-arium.com\/aqmarine\/ati-t5\/","url":"https:\/\/www.aq-arium.com\/aqmarine\/ati-t5\/","name":"ATI - T5 - AQ, Aquarium Solutions","isPartOf":{"@id":"https:\/\/www.aq-arium.com\/aqmarine\/#website"},"primaryImageOfPage":{"@id":"https:\/\/www.aq-arium.com\/aqmarine\/ati-t5\/#primaryimage"},"image":{"@id":"https:\/\/www.aq-arium.com\/aqmarine\/ati-t5\/#primaryimage"},"thumbnailUrl":"https:\/\/www.aq-arium.com\/aqmarine\/wp-content\/uploads\/2014\/09\/banner-ATI.jpg","datePublished":"2014-10-01T16:18:42+00:00","dateModified":"2018-06-18T14:54:27+00:00","breadcrumb":{"@id":"https:\/\/www.aq-arium.com\/aqmarine\/ati-t5\/#breadcrumb"},"inLanguage":"es-ES","potentialAction":[{"@type":"ReadAction","target":["https:\/\/www.aq-arium.com\/aqmarine\/ati-t5\/"]}]},{"@type":"ImageObject","inLanguage":"es-ES","@id":"https:\/\/www.aq-arium.com\/aqmarine\/ati-t5\/#primaryimage","url":"https:\/\/www.aq-arium.com\/aqmarine\/wp-content\/uploads\/2014\/09\/banner-ATI.jpg","contentUrl":"https:\/\/www.aq-arium.com\/aqmarine\/wp-content\/uploads\/2014\/09\/banner-ATI.jpg","width":800,"height":85},{"@type":"BreadcrumbList","@id":"https:\/\/www.aq-arium.com\/aqmarine\/ati-t5\/#breadcrumb","itemListElement":[{"@type":"ListItem","position":1,"name":"Portada","item":"https:\/\/www.aq-arium.com\/aqmarine\/"},{"@type":"ListItem","position":2,"name":"ATI &#8211; T5"}]},{"@type":"WebSite","@id":"https:\/\/www.aq-arium.com\/aqmarine\/#website","url":"https:\/\/www.aq-arium.com\/aqmarine\/","name":"AQ, Aquarium Solutions","description":"Productos para Acuario Marino y Dulce","publisher":{"@id":"https:\/\/www.aq-arium.com\/aqmarine\/#organization"},"potentialAction":[{"@type":"SearchAction","target":{"@type":"EntryPoint","urlTemplate":"https:\/\/www.aq-arium.com\/aqmarine\/?s={search_term_string}"},"query-input":{"@type":"PropertyValueSpecification","valueRequired":true,"valueName":"search_term_string"}}],"inLanguage":"es-ES"},{"@type":"Organization","@id":"https:\/\/www.aq-arium.com\/aqmarine\/#organization","name":"AQ-arium Solutions","url":"https:\/\/www.aq-arium.com\/aqmarine\/","logo":{"@type":"ImageObject","inLanguage":"es-ES","@id":"https:\/\/www.aq-arium.com\/aqmarine\/#\/schema\/logo\/image\/","url":"https:\/\/www.aq-arium.com\/aqmarine\/wp-content\/uploads\/2021\/08\/AQ-arium-Solutions-logo-100x47px-1.png","contentUrl":"https:\/\/www.aq-arium.com\/aqmarine\/wp-content\/uploads\/2021\/08\/AQ-arium-Solutions-logo-100x47px-1.png","width":100,"height":47,"caption":"AQ-arium Solutions"},"image":{"@id":"https:\/\/www.aq-arium.com\/aqmarine\/#\/schema\/logo\/image\/"},"sameAs":["https:\/\/www.instagram.com\/aq.arium\/","https:\/\/x.com\/AArium56877"]}]}},"jetpack_sharing_enabled":true,"_links":{"self":[{"href":"https:\/\/www.aq-arium.com\/aqmarine\/wp-json\/wp\/v2\/pages\/1285","targetHints":{"allow":["GET"]}}],"collection":[{"href":"https:\/\/www.aq-arium.com\/aqmarine\/wp-json\/wp\/v2\/pages"}],"about":[{"href":"https:\/\/www.aq-arium.com\/aqmarine\/wp-json\/wp\/v2\/types\/page"}],"author":[{"embeddable":true,"href":"https:\/\/www.aq-arium.com\/aqmarine\/wp-json\/wp\/v2\/users\/1"}],"replies":[{"embeddable":true,"href":"https:\/\/www.aq-arium.com\/aqmarine\/wp-json\/wp\/v2\/comments?post=1285"}],"version-history":[{"count":0,"href":"https:\/\/www.aq-arium.com\/aqmarine\/wp-json\/wp\/v2\/pages\/1285\/revisions"}],"wp:attachment":[{"href":"https:\/\/www.aq-arium.com\/aqmarine\/wp-json\/wp\/v2\/media?parent=1285"}],"curies":[{"name":"wp","href":"https:\/\/api.w.org\/{rel}","templated":true}]}}