{"id":12655,"date":"2020-03-10T13:33:48","date_gmt":"2020-03-10T12:33:48","guid":{"rendered":"https:\/\/www.aq-arium.com\/aqmarine\/?page_id=12655"},"modified":"2020-11-06T13:01:09","modified_gmt":"2020-11-06T12:01:09","slug":"opciones-de-montaje-para-prime-hydra","status":"publish","type":"page","link":"https:\/\/www.aq-arium.com\/aqmarine\/acuario-marino\/opciones-de-montaje-para-prime-hydra\/","title":{"rendered":"Opciones de Montaje para PRIME &#038; HYDRA"},"content":{"rendered":"<h1 style=\"text-align: left;\"><span style=\"color: #000000;\">Sistemas de Montaje para pantallas PRIME:<\/span><\/h1>\n<p>&nbsp;<\/p>\n<p><span style=\"color: #000000;\"><div class=\"ctsc-column ctsc-col2\"><\/span><\/p>\n<p><span style=\"color: #000000;\"><img loading=\"lazy\" decoding=\"async\" class=\"wp-image-12660 size-medium alignnone\" src=\"https:\/\/www.aq-arium.com\/aqmarine\/wp-content\/uploads\/2020\/03\/Prime-Tank-mount-BS-300x300.jpg\" alt=\"Prime Tank mount B&amp;S\" width=\"300\" height=\"300\" srcset=\"https:\/\/www.aq-arium.com\/aqmarine\/wp-content\/uploads\/2020\/03\/Prime-Tank-mount-BS-300x300.jpg 300w, https:\/\/www.aq-arium.com\/aqmarine\/wp-content\/uploads\/2020\/03\/Prime-Tank-mount-BS-100x100.jpg 100w, https:\/\/www.aq-arium.com\/aqmarine\/wp-content\/uploads\/2020\/03\/Prime-Tank-mount-BS-600x600.jpg 600w, https:\/\/www.aq-arium.com\/aqmarine\/wp-content\/uploads\/2020\/03\/Prime-Tank-mount-BS-150x150.jpg 150w, https:\/\/www.aq-arium.com\/aqmarine\/wp-content\/uploads\/2020\/03\/Prime-Tank-mount-BS-1024x1024.jpg 1024w, https:\/\/www.aq-arium.com\/aqmarine\/wp-content\/uploads\/2020\/03\/Prime-Tank-mount-BS-50x50.jpg 50w, https:\/\/www.aq-arium.com\/aqmarine\/wp-content\/uploads\/2020\/03\/Prime-Tank-mount-BS-960x960.jpg 960w, https:\/\/www.aq-arium.com\/aqmarine\/wp-content\/uploads\/2020\/03\/Prime-Tank-mount-BS-480x480.jpg 480w, https:\/\/www.aq-arium.com\/aqmarine\/wp-content\/uploads\/2020\/03\/Prime-Tank-mount-BS-320x320.jpg 320w, https:\/\/www.aq-arium.com\/aqmarine\/wp-content\/uploads\/2020\/03\/Prime-Tank-mount-BS-240x240.jpg 240w, https:\/\/www.aq-arium.com\/aqmarine\/wp-content\/uploads\/2020\/03\/Prime-Tank-mount-BS.jpg 1280w\" sizes=\"auto, (max-width: 300px) 100vw, 300px\" \/><\/span><\/p>\n<p><span style=\"color: #000000;\"><\/div><div class=\"ctsc-column ctsc-col2 ctsc-col-last\"><\/span><\/p>\n<h3><span style=\"color: #000000;\"><strong>PRIME TANK MOUNT<\/strong><\/span><\/h3>\n<ul>\n<li>\n<h3><span style=\"color: #000000;\">Color Negro<\/span><\/h3>\n<\/li>\n<li>\n<h3><span style=\"color: #000000;\">Color Plata<\/span><\/h3>\n<\/li>\n<\/ul>\n<p><span style=\"color: #000000;\">Medidas 29 cm de alto, 25 cm de largo, regulables.<\/span><\/p>\n<p><span style=\"color: #000000;\"><\/div><div class=\"col-divide\"><\/div><\/span><\/p>\n<p>&nbsp;<\/p>\n<p>&nbsp;<\/p>\n<p><span style=\"color: #000000;\"><div class=\"ctsc-column ctsc-col2\"><\/span><\/p>\n<p><span style=\"color: #000000;\"><img loading=\"lazy\" decoding=\"async\" class=\"alignnone wp-image-12662 \" src=\"https:\/\/www.aq-arium.com\/aqmarine\/wp-content\/uploads\/2020\/03\/prime-flex-arm-300x300.jpg\" alt=\"prime-flex-arm\" width=\"283\" height=\"283\" srcset=\"https:\/\/www.aq-arium.com\/aqmarine\/wp-content\/uploads\/2020\/03\/prime-flex-arm-300x300.jpg 300w, https:\/\/www.aq-arium.com\/aqmarine\/wp-content\/uploads\/2020\/03\/prime-flex-arm-100x100.jpg 100w, https:\/\/www.aq-arium.com\/aqmarine\/wp-content\/uploads\/2020\/03\/prime-flex-arm-600x600.jpg 600w, https:\/\/www.aq-arium.com\/aqmarine\/wp-content\/uploads\/2020\/03\/prime-flex-arm-150x150.jpg 150w, https:\/\/www.aq-arium.com\/aqmarine\/wp-content\/uploads\/2020\/03\/prime-flex-arm-50x50.jpg 50w, https:\/\/www.aq-arium.com\/aqmarine\/wp-content\/uploads\/2020\/03\/prime-flex-arm-480x480.jpg 480w, https:\/\/www.aq-arium.com\/aqmarine\/wp-content\/uploads\/2020\/03\/prime-flex-arm-320x320.jpg 320w, https:\/\/www.aq-arium.com\/aqmarine\/wp-content\/uploads\/2020\/03\/prime-flex-arm-240x240.jpg 240w, https:\/\/www.aq-arium.com\/aqmarine\/wp-content\/uploads\/2020\/03\/prime-flex-arm.jpg 800w\" sizes=\"auto, (max-width: 283px) 100vw, 283px\" \/><\/span><\/p>\n<p><span style=\"color: #000000;\"><\/div><div class=\"ctsc-column ctsc-col2 ctsc-col-last\"><\/span><\/p>\n<h3><span style=\"color: #000000;\"><strong>PRIME FLEX ARM<\/strong><\/span><\/h3>\n<ul>\n<li>\n<h3><span style=\"color: #000000;\">De 30 cm<\/span><\/h3>\n<\/li>\n<li>\n<h3><span style=\"color: #000000;\">De 45 cm<\/span><\/h3>\n<\/li>\n<\/ul>\n<p><span style=\"color: #000000;\"><\/div><div class=\"col-divide\"><\/div><\/span><\/p>\n<p>&nbsp;<\/p>\n<p><span style=\"color: #000000;\"><div class=\"ctsc-column ctsc-col2\"><\/span><\/p>\n<p><span style=\"color: #000000;\"><img loading=\"lazy\" decoding=\"async\" class=\"alignnone wp-image-12663\" src=\"https:\/\/www.aq-arium.com\/aqmarine\/wp-content\/uploads\/2020\/03\/wire1.png\" alt=\"wire\" width=\"197\" height=\"197\" srcset=\"https:\/\/www.aq-arium.com\/aqmarine\/wp-content\/uploads\/2020\/03\/wire1.png 400w, https:\/\/www.aq-arium.com\/aqmarine\/wp-content\/uploads\/2020\/03\/wire1-300x300.png 300w, https:\/\/www.aq-arium.com\/aqmarine\/wp-content\/uploads\/2020\/03\/wire1-100x100.png 100w, https:\/\/www.aq-arium.com\/aqmarine\/wp-content\/uploads\/2020\/03\/wire1-150x150.png 150w, https:\/\/www.aq-arium.com\/aqmarine\/wp-content\/uploads\/2020\/03\/wire1-50x50.png 50w, https:\/\/www.aq-arium.com\/aqmarine\/wp-content\/uploads\/2020\/03\/wire1-320x320.png 320w, https:\/\/www.aq-arium.com\/aqmarine\/wp-content\/uploads\/2020\/03\/wire1-240x240.png 240w\" sizes=\"auto, (max-width: 197px) 100vw, 197px\" \/><\/span><\/p>\n<p><span style=\"color: #000000;\"><\/div><div class=\"ctsc-column ctsc-col2 ctsc-col-last\"><\/span><\/p>\n<h3><span style=\"color: #000000;\"><strong>PRIME HANGING WIRE KIT<\/strong><\/span><\/h3>\n<p><span style=\"color: #000000;\"><\/div><div class=\"col-divide\"><\/div><\/span><\/p>\n<p>&nbsp;<\/p>\n<p>&nbsp;<\/p>\n<h1><span style=\"color: #000000;\">Sistemas de Montaje para pantallas HYDRA:<\/span><\/h1>\n<p>&nbsp;<\/p>\n<p><span style=\"color: #000000;\"><div class=\"ctsc-column ctsc-col2\"><\/span><\/p>\n<p><span style=\"color: #000000;\"><img loading=\"lazy\" decoding=\"async\" class=\"alignnone size-full wp-image-4909\" src=\"https:\/\/www.aq-arium.com\/aqmarine\/wp-content\/uploads\/2018\/03\/DD-bracket-black-52x600_0.png\" alt=\"DD bracket black 52x600_0\" width=\"400\" height=\"400\" srcset=\"https:\/\/www.aq-arium.com\/aqmarine\/wp-content\/uploads\/2018\/03\/DD-bracket-black-52x600_0.png 400w, https:\/\/www.aq-arium.com\/aqmarine\/wp-content\/uploads\/2018\/03\/DD-bracket-black-52x600_0-300x300.png 300w, https:\/\/www.aq-arium.com\/aqmarine\/wp-content\/uploads\/2018\/03\/DD-bracket-black-52x600_0-100x100.png 100w, https:\/\/www.aq-arium.com\/aqmarine\/wp-content\/uploads\/2018\/03\/DD-bracket-black-52x600_0-150x150.png 150w, https:\/\/www.aq-arium.com\/aqmarine\/wp-content\/uploads\/2018\/03\/DD-bracket-black-52x600_0-50x50.png 50w, https:\/\/www.aq-arium.com\/aqmarine\/wp-content\/uploads\/2018\/03\/DD-bracket-black-52x600_0-320x320.png 320w, https:\/\/www.aq-arium.com\/aqmarine\/wp-content\/uploads\/2018\/03\/DD-bracket-black-52x600_0-240x240.png 240w\" sizes=\"auto, (max-width: 400px) 100vw, 400px\" \/><\/span><\/p>\n<p><span style=\"color: #000000;\"><\/div><div class=\"ctsc-column ctsc-col2 ctsc-col-last\"><\/span><\/p>\n<h3><span style=\"color: #000000;\"><strong>Slimline Designer Bracket<\/strong><\/span><\/h3>\n<ul>\n<li>\n<h3><span style=\"color: #000000;\">Negro<\/span><\/h3>\n<\/li>\n<li>\n<h3><span style=\"color: #000000;\">Plata<\/span><\/h3>\n<\/li>\n<\/ul>\n<p><strong><a style=\"color: #00ccff;\" href=\"https:\/\/www.aq-arium.com\/aqmarine\/soporte-d-d-slimline-designer-en-exclusiva\/\" target=\"_blank\" rel=\"noopener noreferrer\">M\u00e1s Informaci\u00f3n aqu\u00ed<\/a><\/strong><\/p>\n<p><span style=\"color: #000000;\"><\/div><div class=\"col-divide\"><\/div><\/span><\/p>\n<p>&nbsp;<\/p>\n<p><span style=\"color: #000000;\"><div class=\"ctsc-column ctsc-col2\"><\/span><\/p>\n<p><span style=\"color: #000000;\"><a style=\"color: #000000;\" href=\"https:\/\/www.aq-arium.com\/aqmarine\/wp-content\/uploads\/2019\/12\/Slimline-Bracket-Black-Gen-2-View-2-600px.png\"><img loading=\"lazy\" decoding=\"async\" class=\"alignnone wp-image-12274\" src=\"https:\/\/www.aq-arium.com\/aqmarine\/wp-content\/uploads\/2019\/12\/Slimline-Bracket-Black-Gen-2-View-2-600px.png\" alt=\"Slimline Bracket Black Gen 2 View 2 600px\" width=\"175\" height=\"175\" srcset=\"https:\/\/www.aq-arium.com\/aqmarine\/wp-content\/uploads\/2019\/12\/Slimline-Bracket-Black-Gen-2-View-2-600px.png 600w, https:\/\/www.aq-arium.com\/aqmarine\/wp-content\/uploads\/2019\/12\/Slimline-Bracket-Black-Gen-2-View-2-600px-300x300.png 300w, https:\/\/www.aq-arium.com\/aqmarine\/wp-content\/uploads\/2019\/12\/Slimline-Bracket-Black-Gen-2-View-2-600px-100x100.png 100w, https:\/\/www.aq-arium.com\/aqmarine\/wp-content\/uploads\/2019\/12\/Slimline-Bracket-Black-Gen-2-View-2-600px-150x150.png 150w, https:\/\/www.aq-arium.com\/aqmarine\/wp-content\/uploads\/2019\/12\/Slimline-Bracket-Black-Gen-2-View-2-600px-50x50.png 50w, https:\/\/www.aq-arium.com\/aqmarine\/wp-content\/uploads\/2019\/12\/Slimline-Bracket-Black-Gen-2-View-2-600px-480x480.png 480w, https:\/\/www.aq-arium.com\/aqmarine\/wp-content\/uploads\/2019\/12\/Slimline-Bracket-Black-Gen-2-View-2-600px-320x320.png 320w, https:\/\/www.aq-arium.com\/aqmarine\/wp-content\/uploads\/2019\/12\/Slimline-Bracket-Black-Gen-2-View-2-600px-240x240.png 240w\" sizes=\"auto, (max-width: 175px) 100vw, 175px\" \/><\/a> <a style=\"color: #000000;\" href=\"https:\/\/www.aq-arium.com\/aqmarine\/wp-content\/uploads\/2019\/12\/Slimline-Bracket-Black-Gen-2-View-1-600px.png\"><img loading=\"lazy\" decoding=\"async\" class=\"alignnone wp-image-12273\" src=\"https:\/\/www.aq-arium.com\/aqmarine\/wp-content\/uploads\/2019\/12\/Slimline-Bracket-Black-Gen-2-View-1-600px.png\" alt=\"Slimline Bracket Black Gen 2 View 1 600px\" width=\"175\" height=\"175\" srcset=\"https:\/\/www.aq-arium.com\/aqmarine\/wp-content\/uploads\/2019\/12\/Slimline-Bracket-Black-Gen-2-View-1-600px.png 600w, https:\/\/www.aq-arium.com\/aqmarine\/wp-content\/uploads\/2019\/12\/Slimline-Bracket-Black-Gen-2-View-1-600px-300x300.png 300w, https:\/\/www.aq-arium.com\/aqmarine\/wp-content\/uploads\/2019\/12\/Slimline-Bracket-Black-Gen-2-View-1-600px-100x100.png 100w, https:\/\/www.aq-arium.com\/aqmarine\/wp-content\/uploads\/2019\/12\/Slimline-Bracket-Black-Gen-2-View-1-600px-150x150.png 150w, https:\/\/www.aq-arium.com\/aqmarine\/wp-content\/uploads\/2019\/12\/Slimline-Bracket-Black-Gen-2-View-1-600px-50x50.png 50w, https:\/\/www.aq-arium.com\/aqmarine\/wp-content\/uploads\/2019\/12\/Slimline-Bracket-Black-Gen-2-View-1-600px-480x480.png 480w, https:\/\/www.aq-arium.com\/aqmarine\/wp-content\/uploads\/2019\/12\/Slimline-Bracket-Black-Gen-2-View-1-600px-320x320.png 320w, https:\/\/www.aq-arium.com\/aqmarine\/wp-content\/uploads\/2019\/12\/Slimline-Bracket-Black-Gen-2-View-1-600px-240x240.png 240w\" sizes=\"auto, (max-width: 175px) 100vw, 175px\" \/><\/a><\/span><\/p>\n<p><span style=\"color: #000000;\"><\/div><div class=\"ctsc-column ctsc-col2 ctsc-col-last\"><\/span><\/p>\n<h3><span style=\"color: #000000;\"><strong>Slimline Designer Bracket Gen 2<\/strong><\/span><\/h3>\n<ul>\n<li>\n<h3><span style=\"color: #000000;\">Negro<\/span><\/h3>\n<\/li>\n<li>\n<h3><span style=\"color: #000000;\">Plata<\/span><\/h3>\n<\/li>\n<\/ul>\n<p><span style=\"color: #00ccff;\"><strong><a style=\"color: #00ccff;\" href=\"https:\/\/www.aq-arium.com\/aqmarine\/nuevo-soporte-para-hydras-designer-slimline-bracket-2a-generacion\/\" target=\"_blank\" rel=\"noopener noreferrer\">M\u00e1s Informaci\u00f3n aqu\u00ed<\/a><\/strong><\/span><\/p>\n<p><span style=\"color: #000000;\"><\/div><div class=\"col-divide\"><\/div><\/span><\/p>\n<p>&nbsp;<\/p>\n<p><span style=\"color: #000000;\"><div class=\"ctsc-column ctsc-col2\"><\/span><\/p>\n<p><span style=\"color: #000000;\"><img loading=\"lazy\" decoding=\"async\" class=\"alignnone wp-image-12669\" src=\"https:\/\/www.aq-arium.com\/aqmarine\/wp-content\/uploads\/2020\/03\/HMS.jpg\" alt=\"HMS\" width=\"199\" height=\"199\" srcset=\"https:\/\/www.aq-arium.com\/aqmarine\/wp-content\/uploads\/2020\/03\/HMS.jpg 308w, https:\/\/www.aq-arium.com\/aqmarine\/wp-content\/uploads\/2020\/03\/HMS-300x300.jpg 300w, https:\/\/www.aq-arium.com\/aqmarine\/wp-content\/uploads\/2020\/03\/HMS-100x100.jpg 100w, https:\/\/www.aq-arium.com\/aqmarine\/wp-content\/uploads\/2020\/03\/HMS-150x150.jpg 150w, https:\/\/www.aq-arium.com\/aqmarine\/wp-content\/uploads\/2020\/03\/HMS-50x50.jpg 50w, https:\/\/www.aq-arium.com\/aqmarine\/wp-content\/uploads\/2020\/03\/HMS-240x240.jpg 240w\" sizes=\"auto, (max-width: 199px) 100vw, 199px\" \/><\/span><\/p>\n<p><span style=\"color: #000000;\"><\/div><div class=\"ctsc-column ctsc-col2 ctsc-col-last\"><\/span><\/p>\n<h3><span style=\"color: #000000;\"><strong>HMS Single Arm<\/strong><\/span><\/h3>\n<p><span style=\"color: #00ccff;\"><strong><a style=\"color: #00ccff;\" href=\"https:\/\/www.aq-arium.com\/aqmarine\/nuevo-brazo-para-hydras-hms-ya-disponible\/\" target=\"_blank\" rel=\"noopener noreferrer\">M\u00e1s Informaci\u00f3n aqu\u00ed<\/a><\/strong><\/span><\/p>\n<p><span style=\"color: #000000;\"><\/div><div class=\"col-divide\"><\/div><\/span><\/p>\n<p>&nbsp;<\/p>\n<p><span style=\"color: #000000;\"><div class=\"ctsc-column ctsc-col2\"><\/span><\/p>\n<p><span style=\"color: #000000;\"><img loading=\"lazy\" decoding=\"async\" class=\"alignnone size-full wp-image-12670\" src=\"https:\/\/www.aq-arium.com\/aqmarine\/wp-content\/uploads\/2020\/03\/wire-para-hydra.jpg\" alt=\"wire para hydra\" width=\"225\" height=\"225\" srcset=\"https:\/\/www.aq-arium.com\/aqmarine\/wp-content\/uploads\/2020\/03\/wire-para-hydra.jpg 225w, https:\/\/www.aq-arium.com\/aqmarine\/wp-content\/uploads\/2020\/03\/wire-para-hydra-100x100.jpg 100w, https:\/\/www.aq-arium.com\/aqmarine\/wp-content\/uploads\/2020\/03\/wire-para-hydra-150x150.jpg 150w, https:\/\/www.aq-arium.com\/aqmarine\/wp-content\/uploads\/2020\/03\/wire-para-hydra-50x50.jpg 50w\" sizes=\"auto, (max-width: 225px) 100vw, 225px\" \/><\/span><\/p>\n<p><span style=\"color: #000000;\"><\/div><div class=\"ctsc-column ctsc-col2 ctsc-col-last\"><\/span><\/p>\n<h3><span style=\"color: #000000;\"><strong>WIRE 05<\/strong><\/span><\/h3>\n<p><span style=\"color: #000000;\"><\/div><div class=\"col-divide\"><\/div><\/span><\/p>\n<p>&nbsp;<\/p>\n<p><span style=\"color: #000000;\"><div class=\"ctsc-column ctsc-col2\"><\/span><\/p>\n<p><span style=\"color: #000000;\"><img loading=\"lazy\" decoding=\"async\" class=\"alignnone size-full wp-image-12649\" src=\"https:\/\/www.aq-arium.com\/aqmarine\/wp-content\/uploads\/2020\/03\/wire.png\" alt=\"wire\" width=\"450\" height=\"450\" srcset=\"https:\/\/www.aq-arium.com\/aqmarine\/wp-content\/uploads\/2020\/03\/wire.png 450w, https:\/\/www.aq-arium.com\/aqmarine\/wp-content\/uploads\/2020\/03\/wire-300x300.png 300w, https:\/\/www.aq-arium.com\/aqmarine\/wp-content\/uploads\/2020\/03\/wire-100x100.png 100w, https:\/\/www.aq-arium.com\/aqmarine\/wp-content\/uploads\/2020\/03\/wire-150x150.png 150w, https:\/\/www.aq-arium.com\/aqmarine\/wp-content\/uploads\/2020\/03\/wire-50x50.png 50w, https:\/\/www.aq-arium.com\/aqmarine\/wp-content\/uploads\/2020\/03\/wire-320x320.png 320w, https:\/\/www.aq-arium.com\/aqmarine\/wp-content\/uploads\/2020\/03\/wire-240x240.png 240w\" sizes=\"auto, (max-width: 450px) 100vw, 450px\" \/><\/span><\/p>\n<p><span style=\"color: #000000;\"><\/div><div class=\"ctsc-column ctsc-col2 ctsc-col-last\"><\/span><\/p>\n<h3><span style=\"color: #000000;\"><strong>Sistema Twin Rail<\/strong><\/span><\/h3>\n<p><span style=\"color: #00ccff;\"><strong><a style=\"color: #00ccff;\" href=\"https:\/\/www.aq-arium.com\/aqmarine\/nuevo-sistema-twin-rail-set-para-hydras\/\" target=\"_blank\" rel=\"noopener noreferrer\">M\u00e1s Informaci\u00f3n aqu\u00ed<\/a><\/strong><\/span><\/p>\n<p><span style=\"color: #000000;\"><\/div><div class=\"col-divide\"><\/div><\/span><\/p>\n<p>&nbsp;<\/p>\n<p>&nbsp;<\/p>\n<p>&nbsp;<\/p>\n","protected":false},"excerpt":{"rendered":"<p>Sistemas de Montaje para pantallas PRIME: &nbsp; &nbsp; &nbsp; &nbsp; &nbsp; &nbsp; Sistemas de Montaje para pantallas HYDRA: &nbsp; &nbsp; &nbsp; &nbsp; &nbsp; &nbsp; &nbsp; &nbsp;<\/p>\n","protected":false},"author":1,"featured_media":0,"parent":9115,"menu_order":0,"comment_status":"closed","ping_status":"closed","template":"","meta":{"_acf_changed":false,"footnotes":""},"class_list":["post-12655","page","type-page","status-publish","hentry"],"acf":[],"yoast_head":"<!-- This site is optimized with the Yoast SEO plugin v23.9 - https:\/\/yoast.com\/wordpress\/plugins\/seo\/ -->\n<title>Opciones de Montaje para PRIME &amp; HYDRA - AQ, Aquarium Solutions<\/title>\n<meta name=\"robots\" content=\"index, follow, max-snippet:-1, max-image-preview:large, max-video-preview:-1\" \/>\n<link rel=\"canonical\" href=\"https:\/\/www.aq-arium.com\/aqmarine\/acuario-marino\/opciones-de-montaje-para-prime-hydra\/\" \/>\n<meta property=\"og:locale\" content=\"es_ES\" \/>\n<meta property=\"og:type\" content=\"article\" \/>\n<meta property=\"og:title\" content=\"Opciones de Montaje para PRIME &amp; HYDRA - AQ, Aquarium Solutions\" \/>\n<meta property=\"og:description\" content=\"Sistemas de Montaje para pantallas PRIME: &nbsp; &nbsp; &nbsp; &nbsp; &nbsp; &nbsp; Sistemas de Montaje para pantallas HYDRA: &nbsp; &nbsp; &nbsp; &nbsp; &nbsp; &nbsp; &nbsp; &nbsp;\" \/>\n<meta property=\"og:url\" content=\"https:\/\/www.aq-arium.com\/aqmarine\/acuario-marino\/opciones-de-montaje-para-prime-hydra\/\" \/>\n<meta property=\"og:site_name\" content=\"AQ, Aquarium Solutions\" \/>\n<meta property=\"article:publisher\" content=\"https:\/\/www.instagram.com\/aq.arium\/\" \/>\n<meta property=\"article:modified_time\" content=\"2020-11-06T12:01:09+00:00\" \/>\n<meta property=\"og:image\" content=\"https:\/\/www.aq-arium.com\/aqmarine\/wp-content\/uploads\/2020\/03\/Prime-Tank-mount-BS-300x300.jpg\" \/>\n<meta name=\"twitter:card\" content=\"summary_large_image\" \/>\n<meta name=\"twitter:site\" content=\"@AArium56877\" \/>\n<meta name=\"twitter:label1\" content=\"Tiempo de lectura\" \/>\n\t<meta name=\"twitter:data1\" content=\"1 minuto\" \/>\n<script type=\"application\/ld+json\" class=\"yoast-schema-graph\">{\"@context\":\"https:\/\/schema.org\",\"@graph\":[{\"@type\":\"WebPage\",\"@id\":\"https:\/\/www.aq-arium.com\/aqmarine\/acuario-marino\/opciones-de-montaje-para-prime-hydra\/\",\"url\":\"https:\/\/www.aq-arium.com\/aqmarine\/acuario-marino\/opciones-de-montaje-para-prime-hydra\/\",\"name\":\"Opciones de Montaje para PRIME & HYDRA - AQ, Aquarium Solutions\",\"isPartOf\":{\"@id\":\"https:\/\/www.aq-arium.com\/aqmarine\/#website\"},\"primaryImageOfPage\":{\"@id\":\"https:\/\/www.aq-arium.com\/aqmarine\/acuario-marino\/opciones-de-montaje-para-prime-hydra\/#primaryimage\"},\"image\":{\"@id\":\"https:\/\/www.aq-arium.com\/aqmarine\/acuario-marino\/opciones-de-montaje-para-prime-hydra\/#primaryimage\"},\"thumbnailUrl\":\"https:\/\/www.aq-arium.com\/aqmarine\/wp-content\/uploads\/2020\/03\/Prime-Tank-mount-BS-300x300.jpg\",\"datePublished\":\"2020-03-10T12:33:48+00:00\",\"dateModified\":\"2020-11-06T12:01:09+00:00\",\"breadcrumb\":{\"@id\":\"https:\/\/www.aq-arium.com\/aqmarine\/acuario-marino\/opciones-de-montaje-para-prime-hydra\/#breadcrumb\"},\"inLanguage\":\"es-ES\",\"potentialAction\":[{\"@type\":\"ReadAction\",\"target\":[\"https:\/\/www.aq-arium.com\/aqmarine\/acuario-marino\/opciones-de-montaje-para-prime-hydra\/\"]}]},{\"@type\":\"ImageObject\",\"inLanguage\":\"es-ES\",\"@id\":\"https:\/\/www.aq-arium.com\/aqmarine\/acuario-marino\/opciones-de-montaje-para-prime-hydra\/#primaryimage\",\"url\":\"https:\/\/www.aq-arium.com\/aqmarine\/wp-content\/uploads\/2020\/03\/Prime-Tank-mount-BS.jpg\",\"contentUrl\":\"https:\/\/www.aq-arium.com\/aqmarine\/wp-content\/uploads\/2020\/03\/Prime-Tank-mount-BS.jpg\",\"width\":1280,\"height\":1280},{\"@type\":\"BreadcrumbList\",\"@id\":\"https:\/\/www.aq-arium.com\/aqmarine\/acuario-marino\/opciones-de-montaje-para-prime-hydra\/#breadcrumb\",\"itemListElement\":[{\"@type\":\"ListItem\",\"position\":1,\"name\":\"Portada\",\"item\":\"https:\/\/www.aq-arium.com\/aqmarine\/\"},{\"@type\":\"ListItem\",\"position\":2,\"name\":\"ACUARIO MARINO\",\"item\":\"https:\/\/www.aq-arium.com\/aqmarine\/acuario-marino\/\"},{\"@type\":\"ListItem\",\"position\":3,\"name\":\"Opciones de Montaje para PRIME &#038; HYDRA\"}]},{\"@type\":\"WebSite\",\"@id\":\"https:\/\/www.aq-arium.com\/aqmarine\/#website\",\"url\":\"https:\/\/www.aq-arium.com\/aqmarine\/\",\"name\":\"AQ, Aquarium Solutions\",\"description\":\"Productos para Acuario Marino y Dulce\",\"publisher\":{\"@id\":\"https:\/\/www.aq-arium.com\/aqmarine\/#organization\"},\"potentialAction\":[{\"@type\":\"SearchAction\",\"target\":{\"@type\":\"EntryPoint\",\"urlTemplate\":\"https:\/\/www.aq-arium.com\/aqmarine\/?s={search_term_string}\"},\"query-input\":{\"@type\":\"PropertyValueSpecification\",\"valueRequired\":true,\"valueName\":\"search_term_string\"}}],\"inLanguage\":\"es-ES\"},{\"@type\":\"Organization\",\"@id\":\"https:\/\/www.aq-arium.com\/aqmarine\/#organization\",\"name\":\"AQ-arium Solutions\",\"url\":\"https:\/\/www.aq-arium.com\/aqmarine\/\",\"logo\":{\"@type\":\"ImageObject\",\"inLanguage\":\"es-ES\",\"@id\":\"https:\/\/www.aq-arium.com\/aqmarine\/#\/schema\/logo\/image\/\",\"url\":\"https:\/\/www.aq-arium.com\/aqmarine\/wp-content\/uploads\/2021\/08\/AQ-arium-Solutions-logo-100x47px-1.png\",\"contentUrl\":\"https:\/\/www.aq-arium.com\/aqmarine\/wp-content\/uploads\/2021\/08\/AQ-arium-Solutions-logo-100x47px-1.png\",\"width\":100,\"height\":47,\"caption\":\"AQ-arium Solutions\"},\"image\":{\"@id\":\"https:\/\/www.aq-arium.com\/aqmarine\/#\/schema\/logo\/image\/\"},\"sameAs\":[\"https:\/\/www.instagram.com\/aq.arium\/\",\"https:\/\/x.com\/AArium56877\"]}]}<\/script>\n<!-- \/ Yoast SEO plugin. -->","yoast_head_json":{"title":"Opciones de Montaje para PRIME & HYDRA - AQ, Aquarium Solutions","robots":{"index":"index","follow":"follow","max-snippet":"max-snippet:-1","max-image-preview":"max-image-preview:large","max-video-preview":"max-video-preview:-1"},"canonical":"https:\/\/www.aq-arium.com\/aqmarine\/acuario-marino\/opciones-de-montaje-para-prime-hydra\/","og_locale":"es_ES","og_type":"article","og_title":"Opciones de Montaje para PRIME & HYDRA - AQ, Aquarium Solutions","og_description":"Sistemas de Montaje para pantallas PRIME: &nbsp; &nbsp; &nbsp; &nbsp; &nbsp; &nbsp; Sistemas de Montaje para pantallas HYDRA: &nbsp; &nbsp; &nbsp; &nbsp; &nbsp; &nbsp; &nbsp; &nbsp;","og_url":"https:\/\/www.aq-arium.com\/aqmarine\/acuario-marino\/opciones-de-montaje-para-prime-hydra\/","og_site_name":"AQ, Aquarium Solutions","article_publisher":"https:\/\/www.instagram.com\/aq.arium\/","article_modified_time":"2020-11-06T12:01:09+00:00","og_image":[{"url":"https:\/\/www.aq-arium.com\/aqmarine\/wp-content\/uploads\/2020\/03\/Prime-Tank-mount-BS-300x300.jpg"}],"twitter_card":"summary_large_image","twitter_site":"@AArium56877","twitter_misc":{"Tiempo de lectura":"1 minuto"},"schema":{"@context":"https:\/\/schema.org","@graph":[{"@type":"WebPage","@id":"https:\/\/www.aq-arium.com\/aqmarine\/acuario-marino\/opciones-de-montaje-para-prime-hydra\/","url":"https:\/\/www.aq-arium.com\/aqmarine\/acuario-marino\/opciones-de-montaje-para-prime-hydra\/","name":"Opciones de Montaje para PRIME & HYDRA - AQ, Aquarium Solutions","isPartOf":{"@id":"https:\/\/www.aq-arium.com\/aqmarine\/#website"},"primaryImageOfPage":{"@id":"https:\/\/www.aq-arium.com\/aqmarine\/acuario-marino\/opciones-de-montaje-para-prime-hydra\/#primaryimage"},"image":{"@id":"https:\/\/www.aq-arium.com\/aqmarine\/acuario-marino\/opciones-de-montaje-para-prime-hydra\/#primaryimage"},"thumbnailUrl":"https:\/\/www.aq-arium.com\/aqmarine\/wp-content\/uploads\/2020\/03\/Prime-Tank-mount-BS-300x300.jpg","datePublished":"2020-03-10T12:33:48+00:00","dateModified":"2020-11-06T12:01:09+00:00","breadcrumb":{"@id":"https:\/\/www.aq-arium.com\/aqmarine\/acuario-marino\/opciones-de-montaje-para-prime-hydra\/#breadcrumb"},"inLanguage":"es-ES","potentialAction":[{"@type":"ReadAction","target":["https:\/\/www.aq-arium.com\/aqmarine\/acuario-marino\/opciones-de-montaje-para-prime-hydra\/"]}]},{"@type":"ImageObject","inLanguage":"es-ES","@id":"https:\/\/www.aq-arium.com\/aqmarine\/acuario-marino\/opciones-de-montaje-para-prime-hydra\/#primaryimage","url":"https:\/\/www.aq-arium.com\/aqmarine\/wp-content\/uploads\/2020\/03\/Prime-Tank-mount-BS.jpg","contentUrl":"https:\/\/www.aq-arium.com\/aqmarine\/wp-content\/uploads\/2020\/03\/Prime-Tank-mount-BS.jpg","width":1280,"height":1280},{"@type":"BreadcrumbList","@id":"https:\/\/www.aq-arium.com\/aqmarine\/acuario-marino\/opciones-de-montaje-para-prime-hydra\/#breadcrumb","itemListElement":[{"@type":"ListItem","position":1,"name":"Portada","item":"https:\/\/www.aq-arium.com\/aqmarine\/"},{"@type":"ListItem","position":2,"name":"ACUARIO MARINO","item":"https:\/\/www.aq-arium.com\/aqmarine\/acuario-marino\/"},{"@type":"ListItem","position":3,"name":"Opciones de Montaje para PRIME &#038; HYDRA"}]},{"@type":"WebSite","@id":"https:\/\/www.aq-arium.com\/aqmarine\/#website","url":"https:\/\/www.aq-arium.com\/aqmarine\/","name":"AQ, Aquarium Solutions","description":"Productos para Acuario Marino y Dulce","publisher":{"@id":"https:\/\/www.aq-arium.com\/aqmarine\/#organization"},"potentialAction":[{"@type":"SearchAction","target":{"@type":"EntryPoint","urlTemplate":"https:\/\/www.aq-arium.com\/aqmarine\/?s={search_term_string}"},"query-input":{"@type":"PropertyValueSpecification","valueRequired":true,"valueName":"search_term_string"}}],"inLanguage":"es-ES"},{"@type":"Organization","@id":"https:\/\/www.aq-arium.com\/aqmarine\/#organization","name":"AQ-arium Solutions","url":"https:\/\/www.aq-arium.com\/aqmarine\/","logo":{"@type":"ImageObject","inLanguage":"es-ES","@id":"https:\/\/www.aq-arium.com\/aqmarine\/#\/schema\/logo\/image\/","url":"https:\/\/www.aq-arium.com\/aqmarine\/wp-content\/uploads\/2021\/08\/AQ-arium-Solutions-logo-100x47px-1.png","contentUrl":"https:\/\/www.aq-arium.com\/aqmarine\/wp-content\/uploads\/2021\/08\/AQ-arium-Solutions-logo-100x47px-1.png","width":100,"height":47,"caption":"AQ-arium Solutions"},"image":{"@id":"https:\/\/www.aq-arium.com\/aqmarine\/#\/schema\/logo\/image\/"},"sameAs":["https:\/\/www.instagram.com\/aq.arium\/","https:\/\/x.com\/AArium56877"]}]}},"jetpack_sharing_enabled":true,"_links":{"self":[{"href":"https:\/\/www.aq-arium.com\/aqmarine\/wp-json\/wp\/v2\/pages\/12655","targetHints":{"allow":["GET"]}}],"collection":[{"href":"https:\/\/www.aq-arium.com\/aqmarine\/wp-json\/wp\/v2\/pages"}],"about":[{"href":"https:\/\/www.aq-arium.com\/aqmarine\/wp-json\/wp\/v2\/types\/page"}],"author":[{"embeddable":true,"href":"https:\/\/www.aq-arium.com\/aqmarine\/wp-json\/wp\/v2\/users\/1"}],"replies":[{"embeddable":true,"href":"https:\/\/www.aq-arium.com\/aqmarine\/wp-json\/wp\/v2\/comments?post=12655"}],"version-history":[{"count":0,"href":"https:\/\/www.aq-arium.com\/aqmarine\/wp-json\/wp\/v2\/pages\/12655\/revisions"}],"up":[{"embeddable":true,"href":"https:\/\/www.aq-arium.com\/aqmarine\/wp-json\/wp\/v2\/pages\/9115"}],"wp:attachment":[{"href":"https:\/\/www.aq-arium.com\/aqmarine\/wp-json\/wp\/v2\/media?parent=12655"}],"curies":[{"name":"wp","href":"https:\/\/api.w.org\/{rel}","templated":true}]}}