{"id":12513,"date":"2020-02-21T14:00:05","date_gmt":"2020-02-21T13:00:05","guid":{"rendered":"https:\/\/www.aq-arium.com\/aqmarine\/?page_id=12513"},"modified":"2023-04-27T09:47:56","modified_gmt":"2023-04-27T08:47:56","slug":"e-flow-bombas-deltec-de-presion","status":"publish","type":"page","link":"https:\/\/www.aq-arium.com\/aqmarine\/acuario-marino\/e-flow-bombas-deltec-de-presion\/","title":{"rendered":"E-Flow: Bombas Deltec de Presi\u00f3n"},"content":{"rendered":"<p><a href=\"https:\/\/www.aq-arium.com\/aqmarine\/deltec\/\">Volver a la p\u00e1gina principal de Deltec<\/a><\/p>\n<p><span style=\"color: #000000;\"><img loading=\"lazy\" decoding=\"async\" class=\"size-large wp-image-12538 aligncenter\" src=\"https:\/\/www.aq-arium.com\/aqmarine\/wp-content\/uploads\/2020\/02\/e-flow-1024x943.png\" alt=\"e-flow\" width=\"960\" height=\"884\" srcset=\"https:\/\/www.aq-arium.com\/aqmarine\/wp-content\/uploads\/2020\/02\/e-flow-1024x943.png 1024w, https:\/\/www.aq-arium.com\/aqmarine\/wp-content\/uploads\/2020\/02\/e-flow-600x553.png 600w, https:\/\/www.aq-arium.com\/aqmarine\/wp-content\/uploads\/2020\/02\/e-flow-300x276.png 300w, https:\/\/www.aq-arium.com\/aqmarine\/wp-content\/uploads\/2020\/02\/e-flow.png 1443w\" sizes=\"auto, (max-width: 960px) 100vw, 960px\" \/><\/span><\/p>\n<p><span style=\"color: #000000;\">Los buques de guerra de Deltec, verdaderas bombas de onda sinusoidal impulsadas por motores sin escobillas. El controlador incluido puede establecer el consumo de energ\u00eda y el rendimiento a trav\u00e9s de una pantalla de potencia.<\/span><br \/>\n<span style=\"color: #000000;\"> La bomba se puede instalar dentro o fuera de un sumidero. Las bombas de\u00a0E-Flow proporcionan un alto caudal y presi\u00f3n a bajo consumo de energ\u00eda y su funcionamiento es casi silencioso.<\/span><\/p>\n<p>&nbsp;<\/p>\n<h3><span style=\"color: #000000;\"><strong>Detalles de producto<\/strong><\/span><\/h3>\n<ul>\n<li><span style=\"color: #000000;\">Bomba de alto rendimiento<\/span><\/li>\n<li><span style=\"color: #000000;\">Silenciosa\u00a0con control de onda sinusoidal<\/span><\/li>\n<li><span style=\"color: #000000;\">Para agua dulce y agua de mar<\/span><\/li>\n<li><span style=\"color: #000000;\">Sumergible<\/span><\/li>\n<li><span style=\"color: #000000;\">Bajo consumo de energ\u00eda<\/span><\/li>\n<li><span style=\"color: #000000;\">Controlador E-BOX (opcional)<\/span><\/li>\n<\/ul>\n<p><span style=\"color: #000000;\"><b>Caracter\u00edsticas<\/b><\/span><\/p>\n<p><span style=\"color: #000000;\">Las bombas E-Flow de Deltec son de funcionamiento casi silencioso debido al nuevo motor sin escobillas de CC.<\/span><br \/>\n<span style=\"color: #000000;\"> Todas las bombas Deltec E-Flow est\u00e1n protegidas por un circuito de protecci\u00f3n de sobrecarga y si el impulsor se bloquea, la bomba se apaga autom\u00e1ticamente.<\/span><br \/>\n<span style=\"color: #000000;\"> Todos los modelos incluyen un panel de control que permite ajustar la bomba para la potencia de salida. Al usar los botones arriba y abajo en el panel de control, la salida de potencia en vatios se puede ajustar electr\u00f3nicamente hasta 17 niveles seg\u00fan el modelo.<\/span><br \/>\n<span style=\"color: #000000;\"> Si se pierde la energ\u00eda, la bomba se reiniciar\u00e1 con su antigua configuraci\u00f3n de energ\u00eda.<\/span><\/p>\n<div class=\"row\">\n<div class=\"col-xs-12\">\n<h3><span style=\"color: #000000;\">Calidad Deltec<\/span><\/h3>\n<h3><span style=\"color: #000000;\">Hecho en Alemania, construido para ser eficiente y eficaz.<\/span><\/h3>\n<p><span style=\"color: #000000;\">Los productos de Deltec realmente se merecen su etiqueta de calidad &#8220;Hecho en Alemania&#8221;. Todas las piezas se fabrican con fresadoras CNC de \u00faltima generaci\u00f3n controladas por computadora, lo que garantiza componentes y bombas consistentes de alta calidad que est\u00e1n dise\u00f1ados para durar.<\/span><\/p>\n<\/div>\n<\/div>\n<p>&nbsp;<\/p>\n<table id=\"wpsm-table-16\" class=\"wpsm-comptable wpsmt-column-stack stacktable large-only\" style=\"height: 295px;\" width=\"1200\">\n<thead class=\"wpsm-thead wpsm-thead-default\">\n<tr>\n<th><span style=\"color: #000000;\">DATOS T\u00c9CNICOS<\/span><\/th>\n<th><span style=\"color: #000000;\">E-Flow 10<\/span><\/th>\n<th><span style=\"color: #000000;\">E-Flow 12<\/span><\/th>\n<th><span style=\"color: #000000;\">E-Flow 16<\/span><\/th>\n<th><span style=\"color: #000000;\">E-Flow R2<\/span><\/th>\n<th><span style=\"color: #000000;\">E-Flow R3<\/span><\/th>\n<\/tr>\n<\/thead>\n<tbody class=\"wpsm-tbody\">\n<tr>\n<td class=\"\"><span style=\"color: #000000;\">Volumen max.<\/span><\/td>\n<td class=\"\"><span style=\"color: #000000;\">9.000 litros\/h<\/span><\/td>\n<td class=\"\"><span style=\"color: #000000;\">11.800 litros\/h<\/span><\/td>\n<td class=\"\"><span style=\"color: #000000;\">14.500 litros\/h<\/span><\/td>\n<td class=\"\"><span style=\"color: #000000;\">7.300 litros\/h<\/span><\/td>\n<td class=\"betterhover\"><span style=\"color: #000000;\">8.000 litros\/h<\/span><\/td>\n<\/tr>\n<tr>\n<td class=\"\"><span style=\"color: #000000;\">Presi\u00f3n de cabeza max<\/span><\/td>\n<td class=\"\"><span style=\"color: #000000;\">6,0 metros<\/span><\/td>\n<td class=\"\"><span style=\"color: #000000;\">8,0 metros<\/span><\/td>\n<td class=\"\"><span style=\"color: #000000;\">9,0 metros<\/span><\/td>\n<td class=\"\"><span style=\"color: #000000;\">7,5 metros<\/span><\/td>\n<td class=\"betterhover\"><span style=\"color: #000000;\">9,5 metros<\/span><\/td>\n<\/tr>\n<tr>\n<td class=\"\"><span style=\"color: #000000;\">Potencia max.<\/span><\/td>\n<td class=\"\"><span style=\"color: #000000;\">80 Watt<\/span><\/td>\n<td class=\"\"><span style=\"color: #000000;\">130 Watt<\/span><\/td>\n<td class=\"\"><span style=\"color: #000000;\">180 Watt<\/span><\/td>\n<td class=\"\"><span style=\"color: #000000;\">80 Watt<\/span><\/td>\n<td class=\"betterhover\"><span style=\"color: #000000;\">130 Watt<\/span><\/td>\n<\/tr>\n<tr>\n<td class=\"\"><span style=\"color: #000000;\">Regulaci\u00f3n de presi\u00f3n<\/span><\/td>\n<td class=\"\"><span style=\"color: #000000;\">7 niveles<\/span><\/td>\n<td class=\"\"><span style=\"color: #000000;\">12 niveles<\/span><\/td>\n<td class=\"\"><span style=\"color: #000000;\">17 niveles<\/span><\/td>\n<td class=\"\"><span style=\"color: #000000;\">7 niveles<\/span><\/td>\n<td class=\"betterhover\"><span style=\"color: #000000;\">12 niveles<\/span><\/td>\n<\/tr>\n<tr>\n<td class=\"\"><span style=\"color: #000000;\">Voltaje<\/span><\/td>\n<td class=\"\"><span style=\"color: #000000;\">230\/240 Volt<\/span><\/td>\n<td class=\"\"><span style=\"color: #000000;\">230\/240 Volt<\/span><\/td>\n<td class=\"\"><span style=\"color: #000000;\">230\/240 Volt<\/span><\/td>\n<td class=\"\"><span style=\"color: #000000;\">230\/240 Volt<\/span><\/td>\n<td class=\"betterhover\"><span style=\"color: #000000;\">230\/240 Volt<\/span><\/td>\n<\/tr>\n<tr>\n<td class=\"\"><span style=\"color: #000000;\">Di\u00e1metro de entrada<\/span><\/td>\n<td class=\"\"><span style=\"color: #000000;\">40 mm<\/span><\/td>\n<td class=\"\"><span style=\"color: #000000;\">40 mm<\/span><\/td>\n<td class=\"\"><span style=\"color: #000000;\">50 mm<\/span><\/td>\n<td class=\"\"><span style=\"color: #000000;\">32 mm<\/span><\/td>\n<td class=\"betterhover\"><span style=\"color: #000000;\">40 mm<\/span><\/td>\n<\/tr>\n<tr>\n<td class=\"\"><span style=\"color: #000000;\">Di\u00e1metro de\u00a0salida<\/span><\/td>\n<td class=\"\"><span style=\"color: #000000;\">32 mm<\/span><\/td>\n<td class=\"\"><span style=\"color: #000000;\">40 mm<\/span><\/td>\n<td class=\"\"><span style=\"color: #000000;\">40 mm<\/span><\/td>\n<td class=\"\"><span style=\"color: #000000;\">25\/32 mm<\/span><\/td>\n<td class=\"betterhover\"><span style=\"color: #000000;\">32 mm<\/span><\/td>\n<\/tr>\n<tr>\n<td class=\"\"><span style=\"color: #000000;\">Dimensiones de la bomba (l\/a\/alt) mm<\/span><\/td>\n<td class=\"\"><span style=\"color: #000000;\">195x132x212<\/span><\/td>\n<td class=\"\"><span style=\"color: #000000;\">200x135x214<\/span><\/td>\n<td class=\"\"><span style=\"color: #000000;\">230x135x214<\/span><\/td>\n<td class=\"\"><span style=\"color: #000000;\">190x105x200<\/span><\/td>\n<td class=\"betterhover\"><span style=\"color: #000000;\">195x125x203<\/span><\/td>\n<\/tr>\n<tr>\n<td class=\"\"><span style=\"color: #000000;\">Dimensiones del controlador\u00a0(l\/a\/alt) mm<\/span><\/td>\n<td class=\"\"><span style=\"color: #000000;\">190x215x65<\/span><\/td>\n<td class=\"\"><span style=\"color: #000000;\">190x215x65<\/span><\/td>\n<td class=\"\"><span style=\"color: #000000;\">190x215x65<\/span><\/td>\n<td class=\"\"><span style=\"color: #000000;\">190x215x65<\/span><\/td>\n<td class=\"betterhover\"><span style=\"color: #000000;\">190x215x65<\/span><\/td>\n<\/tr>\n<tr>\n<td class=\"\"><span style=\"color: #000000;\">Peso<\/span><\/td>\n<td class=\"\"><span style=\"color: #000000;\">3,50 kg<\/span><\/td>\n<td class=\"\"><span style=\"color: #000000;\">3,60 kg<\/span><\/td>\n<td class=\"\"><span style=\"color: #000000;\">3,90 kg<\/span><\/td>\n<td class=\"\"><span style=\"color: #000000;\">3,50 kg<\/span><\/td>\n<td class=\"betterhover\"><span style=\"color: #000000;\">3,60 kg<\/span><\/td>\n<\/tr>\n<\/tbody>\n<\/table>\n<p>&nbsp;<\/p>\n<p>&nbsp;<\/p>\n<p><iframe loading=\"lazy\" title=\"Deltec E-Flow\" width=\"500\" height=\"375\" src=\"https:\/\/www.youtube.com\/embed\/luuDck-8FV8?feature=oembed\" frameborder=\"0\" allow=\"accelerometer; autoplay; clipboard-write; encrypted-media; gyroscope; picture-in-picture; web-share\" referrerpolicy=\"strict-origin-when-cross-origin\" allowfullscreen><\/iframe><\/p>\n","protected":false},"excerpt":{"rendered":"<p>Volver a la p\u00e1gina principal de Deltec Los buques de guerra de Deltec, verdaderas bombas de onda sinusoidal impulsadas por motores sin escobillas. El controlador incluido puede establecer el consumo de energ\u00eda y el rendimiento a trav\u00e9s de una pantalla de potencia. La bomba se puede instalar dentro o fuera de un sumidero. Las bombas [&hellip;]<\/p>\n","protected":false},"author":1,"featured_media":12538,"parent":9115,"menu_order":0,"comment_status":"closed","ping_status":"closed","template":"","meta":{"_acf_changed":false,"footnotes":""},"class_list":["post-12513","page","type-page","status-publish","has-post-thumbnail","hentry"],"acf":[],"yoast_head":"<!-- This site is optimized with the Yoast SEO plugin v23.9 - https:\/\/yoast.com\/wordpress\/plugins\/seo\/ -->\n<title>E-Flow: Bombas Deltec de Presi\u00f3n - AQ, Aquarium Solutions<\/title>\n<meta name=\"robots\" content=\"index, follow, max-snippet:-1, max-image-preview:large, max-video-preview:-1\" \/>\n<link rel=\"canonical\" href=\"https:\/\/www.aq-arium.com\/aqmarine\/acuario-marino\/e-flow-bombas-deltec-de-presion\/\" \/>\n<meta property=\"og:locale\" content=\"es_ES\" \/>\n<meta property=\"og:type\" content=\"article\" \/>\n<meta property=\"og:title\" content=\"E-Flow: Bombas Deltec de Presi\u00f3n - AQ, Aquarium Solutions\" \/>\n<meta property=\"og:description\" content=\"Volver a la p\u00e1gina principal de Deltec Los buques de guerra de Deltec, verdaderas bombas de onda sinusoidal impulsadas por motores sin escobillas. El controlador incluido puede establecer el consumo de energ\u00eda y el rendimiento a trav\u00e9s de una pantalla de potencia. La bomba se puede instalar dentro o fuera de un sumidero. Las bombas [&hellip;]\" \/>\n<meta property=\"og:url\" content=\"https:\/\/www.aq-arium.com\/aqmarine\/acuario-marino\/e-flow-bombas-deltec-de-presion\/\" \/>\n<meta property=\"og:site_name\" content=\"AQ, Aquarium Solutions\" \/>\n<meta property=\"article:publisher\" content=\"https:\/\/www.instagram.com\/aq.arium\/\" \/>\n<meta property=\"article:modified_time\" content=\"2023-04-27T08:47:56+00:00\" \/>\n<meta property=\"og:image\" content=\"https:\/\/www.aq-arium.com\/aqmarine\/wp-content\/uploads\/2020\/02\/e-flow.png\" \/>\n\t<meta property=\"og:image:width\" content=\"1443\" \/>\n\t<meta property=\"og:image:height\" content=\"1329\" \/>\n\t<meta property=\"og:image:type\" content=\"image\/png\" \/>\n<meta name=\"twitter:card\" content=\"summary_large_image\" \/>\n<meta name=\"twitter:site\" content=\"@AArium56877\" \/>\n<meta name=\"twitter:label1\" content=\"Tiempo de lectura\" \/>\n\t<meta name=\"twitter:data1\" content=\"2 minutos\" \/>\n<script type=\"application\/ld+json\" class=\"yoast-schema-graph\">{\"@context\":\"https:\/\/schema.org\",\"@graph\":[{\"@type\":\"WebPage\",\"@id\":\"https:\/\/www.aq-arium.com\/aqmarine\/acuario-marino\/e-flow-bombas-deltec-de-presion\/\",\"url\":\"https:\/\/www.aq-arium.com\/aqmarine\/acuario-marino\/e-flow-bombas-deltec-de-presion\/\",\"name\":\"E-Flow: Bombas Deltec de Presi\u00f3n - AQ, Aquarium Solutions\",\"isPartOf\":{\"@id\":\"https:\/\/www.aq-arium.com\/aqmarine\/#website\"},\"primaryImageOfPage\":{\"@id\":\"https:\/\/www.aq-arium.com\/aqmarine\/acuario-marino\/e-flow-bombas-deltec-de-presion\/#primaryimage\"},\"image\":{\"@id\":\"https:\/\/www.aq-arium.com\/aqmarine\/acuario-marino\/e-flow-bombas-deltec-de-presion\/#primaryimage\"},\"thumbnailUrl\":\"https:\/\/www.aq-arium.com\/aqmarine\/wp-content\/uploads\/2020\/02\/e-flow.png\",\"datePublished\":\"2020-02-21T13:00:05+00:00\",\"dateModified\":\"2023-04-27T08:47:56+00:00\",\"breadcrumb\":{\"@id\":\"https:\/\/www.aq-arium.com\/aqmarine\/acuario-marino\/e-flow-bombas-deltec-de-presion\/#breadcrumb\"},\"inLanguage\":\"es-ES\",\"potentialAction\":[{\"@type\":\"ReadAction\",\"target\":[\"https:\/\/www.aq-arium.com\/aqmarine\/acuario-marino\/e-flow-bombas-deltec-de-presion\/\"]}]},{\"@type\":\"ImageObject\",\"inLanguage\":\"es-ES\",\"@id\":\"https:\/\/www.aq-arium.com\/aqmarine\/acuario-marino\/e-flow-bombas-deltec-de-presion\/#primaryimage\",\"url\":\"https:\/\/www.aq-arium.com\/aqmarine\/wp-content\/uploads\/2020\/02\/e-flow.png\",\"contentUrl\":\"https:\/\/www.aq-arium.com\/aqmarine\/wp-content\/uploads\/2020\/02\/e-flow.png\",\"width\":1443,\"height\":1329,\"caption\":\"e-flow bomba de presion deltec\"},{\"@type\":\"BreadcrumbList\",\"@id\":\"https:\/\/www.aq-arium.com\/aqmarine\/acuario-marino\/e-flow-bombas-deltec-de-presion\/#breadcrumb\",\"itemListElement\":[{\"@type\":\"ListItem\",\"position\":1,\"name\":\"Portada\",\"item\":\"https:\/\/www.aq-arium.com\/aqmarine\/\"},{\"@type\":\"ListItem\",\"position\":2,\"name\":\"ACUARIO MARINO\",\"item\":\"https:\/\/www.aq-arium.com\/aqmarine\/acuario-marino\/\"},{\"@type\":\"ListItem\",\"position\":3,\"name\":\"E-Flow: Bombas Deltec de Presi\u00f3n\"}]},{\"@type\":\"WebSite\",\"@id\":\"https:\/\/www.aq-arium.com\/aqmarine\/#website\",\"url\":\"https:\/\/www.aq-arium.com\/aqmarine\/\",\"name\":\"AQ, Aquarium Solutions\",\"description\":\"Productos para Acuario Marino y Dulce\",\"publisher\":{\"@id\":\"https:\/\/www.aq-arium.com\/aqmarine\/#organization\"},\"potentialAction\":[{\"@type\":\"SearchAction\",\"target\":{\"@type\":\"EntryPoint\",\"urlTemplate\":\"https:\/\/www.aq-arium.com\/aqmarine\/?s={search_term_string}\"},\"query-input\":{\"@type\":\"PropertyValueSpecification\",\"valueRequired\":true,\"valueName\":\"search_term_string\"}}],\"inLanguage\":\"es-ES\"},{\"@type\":\"Organization\",\"@id\":\"https:\/\/www.aq-arium.com\/aqmarine\/#organization\",\"name\":\"AQ-arium Solutions\",\"url\":\"https:\/\/www.aq-arium.com\/aqmarine\/\",\"logo\":{\"@type\":\"ImageObject\",\"inLanguage\":\"es-ES\",\"@id\":\"https:\/\/www.aq-arium.com\/aqmarine\/#\/schema\/logo\/image\/\",\"url\":\"https:\/\/www.aq-arium.com\/aqmarine\/wp-content\/uploads\/2021\/08\/AQ-arium-Solutions-logo-100x47px-1.png\",\"contentUrl\":\"https:\/\/www.aq-arium.com\/aqmarine\/wp-content\/uploads\/2021\/08\/AQ-arium-Solutions-logo-100x47px-1.png\",\"width\":100,\"height\":47,\"caption\":\"AQ-arium Solutions\"},\"image\":{\"@id\":\"https:\/\/www.aq-arium.com\/aqmarine\/#\/schema\/logo\/image\/\"},\"sameAs\":[\"https:\/\/www.instagram.com\/aq.arium\/\",\"https:\/\/x.com\/AArium56877\"]}]}<\/script>\n<!-- \/ Yoast SEO plugin. -->","yoast_head_json":{"title":"E-Flow: Bombas Deltec de Presi\u00f3n - AQ, Aquarium Solutions","robots":{"index":"index","follow":"follow","max-snippet":"max-snippet:-1","max-image-preview":"max-image-preview:large","max-video-preview":"max-video-preview:-1"},"canonical":"https:\/\/www.aq-arium.com\/aqmarine\/acuario-marino\/e-flow-bombas-deltec-de-presion\/","og_locale":"es_ES","og_type":"article","og_title":"E-Flow: Bombas Deltec de Presi\u00f3n - AQ, Aquarium Solutions","og_description":"Volver a la p\u00e1gina principal de Deltec Los buques de guerra de Deltec, verdaderas bombas de onda sinusoidal impulsadas por motores sin escobillas. El controlador incluido puede establecer el consumo de energ\u00eda y el rendimiento a trav\u00e9s de una pantalla de potencia. La bomba se puede instalar dentro o fuera de un sumidero. Las bombas [&hellip;]","og_url":"https:\/\/www.aq-arium.com\/aqmarine\/acuario-marino\/e-flow-bombas-deltec-de-presion\/","og_site_name":"AQ, Aquarium Solutions","article_publisher":"https:\/\/www.instagram.com\/aq.arium\/","article_modified_time":"2023-04-27T08:47:56+00:00","og_image":[{"width":1443,"height":1329,"url":"https:\/\/www.aq-arium.com\/aqmarine\/wp-content\/uploads\/2020\/02\/e-flow.png","type":"image\/png"}],"twitter_card":"summary_large_image","twitter_site":"@AArium56877","twitter_misc":{"Tiempo de lectura":"2 minutos"},"schema":{"@context":"https:\/\/schema.org","@graph":[{"@type":"WebPage","@id":"https:\/\/www.aq-arium.com\/aqmarine\/acuario-marino\/e-flow-bombas-deltec-de-presion\/","url":"https:\/\/www.aq-arium.com\/aqmarine\/acuario-marino\/e-flow-bombas-deltec-de-presion\/","name":"E-Flow: Bombas Deltec de Presi\u00f3n - AQ, Aquarium Solutions","isPartOf":{"@id":"https:\/\/www.aq-arium.com\/aqmarine\/#website"},"primaryImageOfPage":{"@id":"https:\/\/www.aq-arium.com\/aqmarine\/acuario-marino\/e-flow-bombas-deltec-de-presion\/#primaryimage"},"image":{"@id":"https:\/\/www.aq-arium.com\/aqmarine\/acuario-marino\/e-flow-bombas-deltec-de-presion\/#primaryimage"},"thumbnailUrl":"https:\/\/www.aq-arium.com\/aqmarine\/wp-content\/uploads\/2020\/02\/e-flow.png","datePublished":"2020-02-21T13:00:05+00:00","dateModified":"2023-04-27T08:47:56+00:00","breadcrumb":{"@id":"https:\/\/www.aq-arium.com\/aqmarine\/acuario-marino\/e-flow-bombas-deltec-de-presion\/#breadcrumb"},"inLanguage":"es-ES","potentialAction":[{"@type":"ReadAction","target":["https:\/\/www.aq-arium.com\/aqmarine\/acuario-marino\/e-flow-bombas-deltec-de-presion\/"]}]},{"@type":"ImageObject","inLanguage":"es-ES","@id":"https:\/\/www.aq-arium.com\/aqmarine\/acuario-marino\/e-flow-bombas-deltec-de-presion\/#primaryimage","url":"https:\/\/www.aq-arium.com\/aqmarine\/wp-content\/uploads\/2020\/02\/e-flow.png","contentUrl":"https:\/\/www.aq-arium.com\/aqmarine\/wp-content\/uploads\/2020\/02\/e-flow.png","width":1443,"height":1329,"caption":"e-flow bomba de presion deltec"},{"@type":"BreadcrumbList","@id":"https:\/\/www.aq-arium.com\/aqmarine\/acuario-marino\/e-flow-bombas-deltec-de-presion\/#breadcrumb","itemListElement":[{"@type":"ListItem","position":1,"name":"Portada","item":"https:\/\/www.aq-arium.com\/aqmarine\/"},{"@type":"ListItem","position":2,"name":"ACUARIO MARINO","item":"https:\/\/www.aq-arium.com\/aqmarine\/acuario-marino\/"},{"@type":"ListItem","position":3,"name":"E-Flow: Bombas Deltec de Presi\u00f3n"}]},{"@type":"WebSite","@id":"https:\/\/www.aq-arium.com\/aqmarine\/#website","url":"https:\/\/www.aq-arium.com\/aqmarine\/","name":"AQ, Aquarium Solutions","description":"Productos para Acuario Marino y Dulce","publisher":{"@id":"https:\/\/www.aq-arium.com\/aqmarine\/#organization"},"potentialAction":[{"@type":"SearchAction","target":{"@type":"EntryPoint","urlTemplate":"https:\/\/www.aq-arium.com\/aqmarine\/?s={search_term_string}"},"query-input":{"@type":"PropertyValueSpecification","valueRequired":true,"valueName":"search_term_string"}}],"inLanguage":"es-ES"},{"@type":"Organization","@id":"https:\/\/www.aq-arium.com\/aqmarine\/#organization","name":"AQ-arium Solutions","url":"https:\/\/www.aq-arium.com\/aqmarine\/","logo":{"@type":"ImageObject","inLanguage":"es-ES","@id":"https:\/\/www.aq-arium.com\/aqmarine\/#\/schema\/logo\/image\/","url":"https:\/\/www.aq-arium.com\/aqmarine\/wp-content\/uploads\/2021\/08\/AQ-arium-Solutions-logo-100x47px-1.png","contentUrl":"https:\/\/www.aq-arium.com\/aqmarine\/wp-content\/uploads\/2021\/08\/AQ-arium-Solutions-logo-100x47px-1.png","width":100,"height":47,"caption":"AQ-arium Solutions"},"image":{"@id":"https:\/\/www.aq-arium.com\/aqmarine\/#\/schema\/logo\/image\/"},"sameAs":["https:\/\/www.instagram.com\/aq.arium\/","https:\/\/x.com\/AArium56877"]}]}},"jetpack_sharing_enabled":true,"_links":{"self":[{"href":"https:\/\/www.aq-arium.com\/aqmarine\/wp-json\/wp\/v2\/pages\/12513","targetHints":{"allow":["GET"]}}],"collection":[{"href":"https:\/\/www.aq-arium.com\/aqmarine\/wp-json\/wp\/v2\/pages"}],"about":[{"href":"https:\/\/www.aq-arium.com\/aqmarine\/wp-json\/wp\/v2\/types\/page"}],"author":[{"embeddable":true,"href":"https:\/\/www.aq-arium.com\/aqmarine\/wp-json\/wp\/v2\/users\/1"}],"replies":[{"embeddable":true,"href":"https:\/\/www.aq-arium.com\/aqmarine\/wp-json\/wp\/v2\/comments?post=12513"}],"version-history":[{"count":0,"href":"https:\/\/www.aq-arium.com\/aqmarine\/wp-json\/wp\/v2\/pages\/12513\/revisions"}],"up":[{"embeddable":true,"href":"https:\/\/www.aq-arium.com\/aqmarine\/wp-json\/wp\/v2\/pages\/9115"}],"wp:featuredmedia":[{"embeddable":true,"href":"https:\/\/www.aq-arium.com\/aqmarine\/wp-json\/wp\/v2\/media\/12538"}],"wp:attachment":[{"href":"https:\/\/www.aq-arium.com\/aqmarine\/wp-json\/wp\/v2\/media?parent=12513"}],"curies":[{"name":"wp","href":"https:\/\/api.w.org\/{rel}","templated":true}]}}