{"id":1144,"date":"2014-09-19T13:28:08","date_gmt":"2014-09-19T13:28:08","guid":{"rendered":"http:\/\/arrecifevivo.com\/aqmarine\/?page_id=1144"},"modified":"2021-09-07T10:36:20","modified_gmt":"2021-09-07T09:36:20","slug":"ati-fiji-white-sand","status":"publish","type":"page","link":"https:\/\/www.aq-arium.com\/aqmarine\/ati-fiji-white-sand\/","title":{"rendered":"ATI &#8211; Fiji White Sand"},"content":{"rendered":"<h2><img loading=\"lazy\" decoding=\"async\" class=\"alignnone size-full wp-image-1149\" src=\"https:\/\/www.aq-arium.com\/aqmarine\/wp-content\/uploads\/2014\/09\/banner-ATI.jpg\" alt=\"banner ATI\" width=\"800\" height=\"85\" srcset=\"https:\/\/www.aq-arium.com\/aqmarine\/wp-content\/uploads\/2014\/09\/banner-ATI.jpg 800w, https:\/\/www.aq-arium.com\/aqmarine\/wp-content\/uploads\/2014\/09\/banner-ATI-600x64.jpg 600w, https:\/\/www.aq-arium.com\/aqmarine\/wp-content\/uploads\/2014\/09\/banner-ATI-300x31.jpg 300w\" sizes=\"auto, (max-width: 800px) 100vw, 800px\" \/><\/h2>\n<h2>ATI FIJI WHITE SAND<\/h2>\n<h3>Sustrato Marine Premium<\/h3>\n<p><img loading=\"lazy\" decoding=\"async\" class=\"alignright size-column3-1\/1 wp-image-1175\" src=\"https:\/\/www.aq-arium.com\/aqmarine\/wp-content\/uploads\/2014\/09\/IMG_3961-320x320.jpg\" alt=\"IMG_3961\" width=\"320\" height=\"320\" srcset=\"https:\/\/www.aq-arium.com\/aqmarine\/wp-content\/uploads\/2014\/09\/IMG_3961-320x320.jpg 320w, https:\/\/www.aq-arium.com\/aqmarine\/wp-content\/uploads\/2014\/09\/IMG_3961-300x300.jpg 300w, https:\/\/www.aq-arium.com\/aqmarine\/wp-content\/uploads\/2014\/09\/IMG_3961-100x100.jpg 100w, https:\/\/www.aq-arium.com\/aqmarine\/wp-content\/uploads\/2014\/09\/IMG_3961-150x150.jpg 150w, https:\/\/www.aq-arium.com\/aqmarine\/wp-content\/uploads\/2014\/09\/IMG_3961-50x50.jpg 50w, https:\/\/www.aq-arium.com\/aqmarine\/wp-content\/uploads\/2014\/09\/IMG_3961-960x960.jpg 960w, https:\/\/www.aq-arium.com\/aqmarine\/wp-content\/uploads\/2014\/09\/IMG_3961-480x480.jpg 480w, https:\/\/www.aq-arium.com\/aqmarine\/wp-content\/uploads\/2014\/09\/IMG_3961-240x240.jpg 240w\" sizes=\"auto, (max-width: 320px) 100vw, 320px\" \/>ATI Fiji White Sand es ideal para cualquier tipo de acuario o DSB, con dos granometrias disponibles, 0,3~1,2mm y de 1,0~2,0mm es perfecto para cualquier proyecto. De extrema blancura, proporciona una reflexi\u00f3n total de la luz ideal para los corales m\u00e1s exigentes, aumentando en gran medida la radiaci\u00f3n de luz difundida desde el fondo.<\/p>\n<h3>Propiedades<\/h3>\n<ul>\n<li>La Arena Fiji White Sand es extremadamente pura y limpia.<\/li>\n<li>Compuesta por un 99.6% de calcio y magnesio de compuestos puros.<\/li>\n<li>El grano tiene una medida \u00f3ptima para reducir la acumulaci\u00f3n de detritos.<\/li>\n<li>M\u00e1s densa que la aragonita normal, proporciona una fijaci\u00f3n superior.<\/li>\n<\/ul>\n<p><strong>Instrucciones de Uso<\/strong><\/p>\n<p>Lave la arena antes de utilizarla para eliminar el polvo causado por el transporte.<\/p>\n<p><strong>Disponible en envases de 9Kg medidas \u201cS\u201d, \u201cM\u201d y &#8220;L&#8221;.<\/strong><\/p>\n<div class=\"ctsc-slideshow  \" style=\"\"><div class=\"ctsc-slideshow-slides cycle-slideshow\"  style=\"\" data-cycle-slides=\".ctsc-slideshow-slide\" data-cycle-prev=\".ctsc-slideshow-prev\" data-cycle-next=\".ctsc-slideshow-next\" data-cycle-pager=\".ctsc-slideshow-pages\"  data-cycle-fx = \"fade\" data-cycle-speed = \"800\" data-cycle-timeout = \"6000\"><div class=\"ctsc-slideshow-slide  \"><img loading=\"lazy\" decoding=\"async\" class=\"alignnone wp-image-1179 size-column3-1\/1\" src=\"https:\/\/www.aq-arium.com\/aqmarine\/wp-content\/uploads\/2014\/09\/IMG_3967-320x320.jpg\" alt=\"IMG_3967\" width=\"320\" height=\"320\" srcset=\"https:\/\/www.aq-arium.com\/aqmarine\/wp-content\/uploads\/2014\/09\/IMG_3967-320x320.jpg 320w, https:\/\/www.aq-arium.com\/aqmarine\/wp-content\/uploads\/2014\/09\/IMG_3967-300x300.jpg 300w, https:\/\/www.aq-arium.com\/aqmarine\/wp-content\/uploads\/2014\/09\/IMG_3967-100x100.jpg 100w, https:\/\/www.aq-arium.com\/aqmarine\/wp-content\/uploads\/2014\/09\/IMG_3967-150x150.jpg 150w, https:\/\/www.aq-arium.com\/aqmarine\/wp-content\/uploads\/2014\/09\/IMG_3967-50x50.jpg 50w, https:\/\/www.aq-arium.com\/aqmarine\/wp-content\/uploads\/2014\/09\/IMG_3967-960x960.jpg 960w, https:\/\/www.aq-arium.com\/aqmarine\/wp-content\/uploads\/2014\/09\/IMG_3967-480x480.jpg 480w, https:\/\/www.aq-arium.com\/aqmarine\/wp-content\/uploads\/2014\/09\/IMG_3967-240x240.jpg 240w\" sizes=\"auto, (max-width: 320px) 100vw, 320px\" \/><\/div><div class=\"ctsc-slideshow-slide  \"><img loading=\"lazy\" decoding=\"async\" class=\"alignnone wp-image-1177 size-column3-1\/1\" src=\"https:\/\/www.aq-arium.com\/aqmarine\/wp-content\/uploads\/2014\/09\/IMG_3963-320x320.jpg\" alt=\"\" width=\"320\" height=\"320\" srcset=\"https:\/\/www.aq-arium.com\/aqmarine\/wp-content\/uploads\/2014\/09\/IMG_3963-320x320.jpg 320w, https:\/\/www.aq-arium.com\/aqmarine\/wp-content\/uploads\/2014\/09\/IMG_3963-300x300.jpg 300w, https:\/\/www.aq-arium.com\/aqmarine\/wp-content\/uploads\/2014\/09\/IMG_3963-100x100.jpg 100w, https:\/\/www.aq-arium.com\/aqmarine\/wp-content\/uploads\/2014\/09\/IMG_3963-150x150.jpg 150w, https:\/\/www.aq-arium.com\/aqmarine\/wp-content\/uploads\/2014\/09\/IMG_3963-50x50.jpg 50w, https:\/\/www.aq-arium.com\/aqmarine\/wp-content\/uploads\/2014\/09\/IMG_3963-960x960.jpg 960w, https:\/\/www.aq-arium.com\/aqmarine\/wp-content\/uploads\/2014\/09\/IMG_3963-480x480.jpg 480w, https:\/\/www.aq-arium.com\/aqmarine\/wp-content\/uploads\/2014\/09\/IMG_3963-240x240.jpg 240w\" sizes=\"auto, (max-width: 320px) 100vw, 320px\" \/><\/div><div class=\"ctsc-slideshow-slide  \"><img loading=\"lazy\" decoding=\"async\" class=\"alignnone wp-image-1178 size-column3-1\/1\" src=\"https:\/\/www.aq-arium.com\/aqmarine\/wp-content\/uploads\/2014\/09\/IMG_3966-320x320.jpg\" alt=\"\" width=\"320\" height=\"320\" srcset=\"https:\/\/www.aq-arium.com\/aqmarine\/wp-content\/uploads\/2014\/09\/IMG_3966-320x320.jpg 320w, https:\/\/www.aq-arium.com\/aqmarine\/wp-content\/uploads\/2014\/09\/IMG_3966-300x300.jpg 300w, https:\/\/www.aq-arium.com\/aqmarine\/wp-content\/uploads\/2014\/09\/IMG_3966-100x100.jpg 100w, https:\/\/www.aq-arium.com\/aqmarine\/wp-content\/uploads\/2014\/09\/IMG_3966-150x150.jpg 150w, https:\/\/www.aq-arium.com\/aqmarine\/wp-content\/uploads\/2014\/09\/IMG_3966-50x50.jpg 50w, https:\/\/www.aq-arium.com\/aqmarine\/wp-content\/uploads\/2014\/09\/IMG_3966-960x960.jpg 960w, https:\/\/www.aq-arium.com\/aqmarine\/wp-content\/uploads\/2014\/09\/IMG_3966-480x480.jpg 480w, https:\/\/www.aq-arium.com\/aqmarine\/wp-content\/uploads\/2014\/09\/IMG_3966-240x240.jpg 240w\" sizes=\"auto, (max-width: 320px) 100vw, 320px\" \/><\/div><div class=\"ctsc-slideshow-slide  \"><img loading=\"lazy\" decoding=\"async\" class=\"alignnone wp-image-1176 size-column3-1\/1\" src=\"https:\/\/www.aq-arium.com\/aqmarine\/wp-content\/uploads\/2014\/09\/IMG_3962-320x320.jpg\" alt=\"\" width=\"320\" height=\"320\" srcset=\"https:\/\/www.aq-arium.com\/aqmarine\/wp-content\/uploads\/2014\/09\/IMG_3962-320x320.jpg 320w, https:\/\/www.aq-arium.com\/aqmarine\/wp-content\/uploads\/2014\/09\/IMG_3962-300x300.jpg 300w, https:\/\/www.aq-arium.com\/aqmarine\/wp-content\/uploads\/2014\/09\/IMG_3962-100x100.jpg 100w, https:\/\/www.aq-arium.com\/aqmarine\/wp-content\/uploads\/2014\/09\/IMG_3962-150x150.jpg 150w, https:\/\/www.aq-arium.com\/aqmarine\/wp-content\/uploads\/2014\/09\/IMG_3962-50x50.jpg 50w, https:\/\/www.aq-arium.com\/aqmarine\/wp-content\/uploads\/2014\/09\/IMG_3962-960x960.jpg 960w, https:\/\/www.aq-arium.com\/aqmarine\/wp-content\/uploads\/2014\/09\/IMG_3962-480x480.jpg 480w, https:\/\/www.aq-arium.com\/aqmarine\/wp-content\/uploads\/2014\/09\/IMG_3962-240x240.jpg 240w\" sizes=\"auto, (max-width: 320px) 100vw, 320px\" \/><\/div><\/div><div class=\"ctsc-slideshow-prev\"><\/div><div class=\"ctsc-slideshow-next\"><\/div><div class=\"ctsc-slideshow-pages pages_\"><\/div><\/div>\n","protected":false},"excerpt":{"rendered":"<p>ATI FIJI WHITE SAND Sustrato Marine Premium ATI Fiji White Sand es ideal para cualquier tipo de acuario o DSB, con dos granometrias disponibles, 0,3~1,2mm y de 1,0~2,0mm es perfecto para cualquier proyecto. De extrema blancura, proporciona una reflexi\u00f3n total de la luz ideal para los corales m\u00e1s exigentes, aumentando en gran medida la radiaci\u00f3n [&hellip;]<\/p>\n","protected":false},"author":1,"featured_media":0,"parent":0,"menu_order":0,"comment_status":"closed","ping_status":"open","template":"","meta":{"_acf_changed":false,"footnotes":""},"class_list":["post-1144","page","type-page","status-publish","hentry"],"acf":[],"yoast_head":"<!-- This site is optimized with the Yoast SEO plugin v23.9 - https:\/\/yoast.com\/wordpress\/plugins\/seo\/ -->\n<title>ATI - Fiji White Sand - La arena m\u00e1s blanca - AQ, Aquarium Solutions<\/title>\n<meta name=\"description\" content=\"ATI Fiji White Sand es ideal para cualquier tipo de acuario o DSB, y proyecto. La arena m\u00e1s blanca del mercado de la mano de ATI.\" \/>\n<meta name=\"robots\" content=\"index, follow, max-snippet:-1, max-image-preview:large, max-video-preview:-1\" \/>\n<link rel=\"canonical\" href=\"https:\/\/www.aq-arium.com\/aqmarine\/ati-fiji-white-sand\/\" \/>\n<meta property=\"og:locale\" content=\"es_ES\" \/>\n<meta property=\"og:type\" content=\"article\" \/>\n<meta property=\"og:title\" content=\"ATI - Fiji White Sand - La arena m\u00e1s blanca - AQ, Aquarium Solutions\" \/>\n<meta property=\"og:description\" content=\"ATI Fiji White Sand es ideal para cualquier tipo de acuario o DSB, y proyecto. La arena m\u00e1s blanca del mercado de la mano de ATI.\" \/>\n<meta property=\"og:url\" content=\"https:\/\/www.aq-arium.com\/aqmarine\/ati-fiji-white-sand\/\" \/>\n<meta property=\"og:site_name\" content=\"AQ, Aquarium Solutions\" \/>\n<meta property=\"article:publisher\" content=\"https:\/\/www.instagram.com\/aq.arium\/\" \/>\n<meta property=\"article:modified_time\" content=\"2021-09-07T09:36:20+00:00\" \/>\n<meta property=\"og:image\" content=\"https:\/\/www.aq-arium.com\/aqmarine\/wp-content\/uploads\/2014\/09\/banner-ATI.jpg\" \/>\n<meta name=\"twitter:card\" content=\"summary_large_image\" \/>\n<meta name=\"twitter:site\" content=\"@AArium56877\" \/>\n<meta name=\"twitter:label1\" content=\"Tiempo de lectura\" \/>\n\t<meta name=\"twitter:data1\" content=\"1 minuto\" \/>\n<script type=\"application\/ld+json\" class=\"yoast-schema-graph\">{\"@context\":\"https:\/\/schema.org\",\"@graph\":[{\"@type\":\"WebPage\",\"@id\":\"https:\/\/www.aq-arium.com\/aqmarine\/ati-fiji-white-sand\/\",\"url\":\"https:\/\/www.aq-arium.com\/aqmarine\/ati-fiji-white-sand\/\",\"name\":\"ATI - Fiji White Sand - La arena m\u00e1s blanca - AQ, Aquarium Solutions\",\"isPartOf\":{\"@id\":\"https:\/\/www.aq-arium.com\/aqmarine\/#website\"},\"primaryImageOfPage\":{\"@id\":\"https:\/\/www.aq-arium.com\/aqmarine\/ati-fiji-white-sand\/#primaryimage\"},\"image\":{\"@id\":\"https:\/\/www.aq-arium.com\/aqmarine\/ati-fiji-white-sand\/#primaryimage\"},\"thumbnailUrl\":\"https:\/\/www.aq-arium.com\/aqmarine\/wp-content\/uploads\/2014\/09\/banner-ATI.jpg\",\"datePublished\":\"2014-09-19T13:28:08+00:00\",\"dateModified\":\"2021-09-07T09:36:20+00:00\",\"description\":\"ATI Fiji White Sand es ideal para cualquier tipo de acuario o DSB, y proyecto. La arena m\u00e1s blanca del mercado de la mano de ATI.\",\"breadcrumb\":{\"@id\":\"https:\/\/www.aq-arium.com\/aqmarine\/ati-fiji-white-sand\/#breadcrumb\"},\"inLanguage\":\"es-ES\",\"potentialAction\":[{\"@type\":\"ReadAction\",\"target\":[\"https:\/\/www.aq-arium.com\/aqmarine\/ati-fiji-white-sand\/\"]}]},{\"@type\":\"ImageObject\",\"inLanguage\":\"es-ES\",\"@id\":\"https:\/\/www.aq-arium.com\/aqmarine\/ati-fiji-white-sand\/#primaryimage\",\"url\":\"https:\/\/www.aq-arium.com\/aqmarine\/wp-content\/uploads\/2014\/09\/banner-ATI.jpg\",\"contentUrl\":\"https:\/\/www.aq-arium.com\/aqmarine\/wp-content\/uploads\/2014\/09\/banner-ATI.jpg\",\"width\":800,\"height\":85},{\"@type\":\"BreadcrumbList\",\"@id\":\"https:\/\/www.aq-arium.com\/aqmarine\/ati-fiji-white-sand\/#breadcrumb\",\"itemListElement\":[{\"@type\":\"ListItem\",\"position\":1,\"name\":\"Portada\",\"item\":\"https:\/\/www.aq-arium.com\/aqmarine\/\"},{\"@type\":\"ListItem\",\"position\":2,\"name\":\"ATI &#8211; Fiji White Sand\"}]},{\"@type\":\"WebSite\",\"@id\":\"https:\/\/www.aq-arium.com\/aqmarine\/#website\",\"url\":\"https:\/\/www.aq-arium.com\/aqmarine\/\",\"name\":\"AQ, Aquarium Solutions\",\"description\":\"Productos para Acuario Marino y Dulce\",\"publisher\":{\"@id\":\"https:\/\/www.aq-arium.com\/aqmarine\/#organization\"},\"potentialAction\":[{\"@type\":\"SearchAction\",\"target\":{\"@type\":\"EntryPoint\",\"urlTemplate\":\"https:\/\/www.aq-arium.com\/aqmarine\/?s={search_term_string}\"},\"query-input\":{\"@type\":\"PropertyValueSpecification\",\"valueRequired\":true,\"valueName\":\"search_term_string\"}}],\"inLanguage\":\"es-ES\"},{\"@type\":\"Organization\",\"@id\":\"https:\/\/www.aq-arium.com\/aqmarine\/#organization\",\"name\":\"AQ-arium Solutions\",\"url\":\"https:\/\/www.aq-arium.com\/aqmarine\/\",\"logo\":{\"@type\":\"ImageObject\",\"inLanguage\":\"es-ES\",\"@id\":\"https:\/\/www.aq-arium.com\/aqmarine\/#\/schema\/logo\/image\/\",\"url\":\"https:\/\/www.aq-arium.com\/aqmarine\/wp-content\/uploads\/2021\/08\/AQ-arium-Solutions-logo-100x47px-1.png\",\"contentUrl\":\"https:\/\/www.aq-arium.com\/aqmarine\/wp-content\/uploads\/2021\/08\/AQ-arium-Solutions-logo-100x47px-1.png\",\"width\":100,\"height\":47,\"caption\":\"AQ-arium Solutions\"},\"image\":{\"@id\":\"https:\/\/www.aq-arium.com\/aqmarine\/#\/schema\/logo\/image\/\"},\"sameAs\":[\"https:\/\/www.instagram.com\/aq.arium\/\",\"https:\/\/x.com\/AArium56877\"]}]}<\/script>\n<!-- \/ Yoast SEO plugin. -->","yoast_head_json":{"title":"ATI - Fiji White Sand - La arena m\u00e1s blanca - AQ, Aquarium Solutions","description":"ATI Fiji White Sand es ideal para cualquier tipo de acuario o DSB, y proyecto. La arena m\u00e1s blanca del mercado de la mano de ATI.","robots":{"index":"index","follow":"follow","max-snippet":"max-snippet:-1","max-image-preview":"max-image-preview:large","max-video-preview":"max-video-preview:-1"},"canonical":"https:\/\/www.aq-arium.com\/aqmarine\/ati-fiji-white-sand\/","og_locale":"es_ES","og_type":"article","og_title":"ATI - Fiji White Sand - La arena m\u00e1s blanca - AQ, Aquarium Solutions","og_description":"ATI Fiji White Sand es ideal para cualquier tipo de acuario o DSB, y proyecto. La arena m\u00e1s blanca del mercado de la mano de ATI.","og_url":"https:\/\/www.aq-arium.com\/aqmarine\/ati-fiji-white-sand\/","og_site_name":"AQ, Aquarium Solutions","article_publisher":"https:\/\/www.instagram.com\/aq.arium\/","article_modified_time":"2021-09-07T09:36:20+00:00","og_image":[{"url":"https:\/\/www.aq-arium.com\/aqmarine\/wp-content\/uploads\/2014\/09\/banner-ATI.jpg"}],"twitter_card":"summary_large_image","twitter_site":"@AArium56877","twitter_misc":{"Tiempo de lectura":"1 minuto"},"schema":{"@context":"https:\/\/schema.org","@graph":[{"@type":"WebPage","@id":"https:\/\/www.aq-arium.com\/aqmarine\/ati-fiji-white-sand\/","url":"https:\/\/www.aq-arium.com\/aqmarine\/ati-fiji-white-sand\/","name":"ATI - Fiji White Sand - La arena m\u00e1s blanca - AQ, Aquarium Solutions","isPartOf":{"@id":"https:\/\/www.aq-arium.com\/aqmarine\/#website"},"primaryImageOfPage":{"@id":"https:\/\/www.aq-arium.com\/aqmarine\/ati-fiji-white-sand\/#primaryimage"},"image":{"@id":"https:\/\/www.aq-arium.com\/aqmarine\/ati-fiji-white-sand\/#primaryimage"},"thumbnailUrl":"https:\/\/www.aq-arium.com\/aqmarine\/wp-content\/uploads\/2014\/09\/banner-ATI.jpg","datePublished":"2014-09-19T13:28:08+00:00","dateModified":"2021-09-07T09:36:20+00:00","description":"ATI Fiji White Sand es ideal para cualquier tipo de acuario o DSB, y proyecto. La arena m\u00e1s blanca del mercado de la mano de ATI.","breadcrumb":{"@id":"https:\/\/www.aq-arium.com\/aqmarine\/ati-fiji-white-sand\/#breadcrumb"},"inLanguage":"es-ES","potentialAction":[{"@type":"ReadAction","target":["https:\/\/www.aq-arium.com\/aqmarine\/ati-fiji-white-sand\/"]}]},{"@type":"ImageObject","inLanguage":"es-ES","@id":"https:\/\/www.aq-arium.com\/aqmarine\/ati-fiji-white-sand\/#primaryimage","url":"https:\/\/www.aq-arium.com\/aqmarine\/wp-content\/uploads\/2014\/09\/banner-ATI.jpg","contentUrl":"https:\/\/www.aq-arium.com\/aqmarine\/wp-content\/uploads\/2014\/09\/banner-ATI.jpg","width":800,"height":85},{"@type":"BreadcrumbList","@id":"https:\/\/www.aq-arium.com\/aqmarine\/ati-fiji-white-sand\/#breadcrumb","itemListElement":[{"@type":"ListItem","position":1,"name":"Portada","item":"https:\/\/www.aq-arium.com\/aqmarine\/"},{"@type":"ListItem","position":2,"name":"ATI &#8211; Fiji White Sand"}]},{"@type":"WebSite","@id":"https:\/\/www.aq-arium.com\/aqmarine\/#website","url":"https:\/\/www.aq-arium.com\/aqmarine\/","name":"AQ, Aquarium Solutions","description":"Productos para Acuario Marino y Dulce","publisher":{"@id":"https:\/\/www.aq-arium.com\/aqmarine\/#organization"},"potentialAction":[{"@type":"SearchAction","target":{"@type":"EntryPoint","urlTemplate":"https:\/\/www.aq-arium.com\/aqmarine\/?s={search_term_string}"},"query-input":{"@type":"PropertyValueSpecification","valueRequired":true,"valueName":"search_term_string"}}],"inLanguage":"es-ES"},{"@type":"Organization","@id":"https:\/\/www.aq-arium.com\/aqmarine\/#organization","name":"AQ-arium Solutions","url":"https:\/\/www.aq-arium.com\/aqmarine\/","logo":{"@type":"ImageObject","inLanguage":"es-ES","@id":"https:\/\/www.aq-arium.com\/aqmarine\/#\/schema\/logo\/image\/","url":"https:\/\/www.aq-arium.com\/aqmarine\/wp-content\/uploads\/2021\/08\/AQ-arium-Solutions-logo-100x47px-1.png","contentUrl":"https:\/\/www.aq-arium.com\/aqmarine\/wp-content\/uploads\/2021\/08\/AQ-arium-Solutions-logo-100x47px-1.png","width":100,"height":47,"caption":"AQ-arium Solutions"},"image":{"@id":"https:\/\/www.aq-arium.com\/aqmarine\/#\/schema\/logo\/image\/"},"sameAs":["https:\/\/www.instagram.com\/aq.arium\/","https:\/\/x.com\/AArium56877"]}]}},"jetpack_sharing_enabled":true,"_links":{"self":[{"href":"https:\/\/www.aq-arium.com\/aqmarine\/wp-json\/wp\/v2\/pages\/1144","targetHints":{"allow":["GET"]}}],"collection":[{"href":"https:\/\/www.aq-arium.com\/aqmarine\/wp-json\/wp\/v2\/pages"}],"about":[{"href":"https:\/\/www.aq-arium.com\/aqmarine\/wp-json\/wp\/v2\/types\/page"}],"author":[{"embeddable":true,"href":"https:\/\/www.aq-arium.com\/aqmarine\/wp-json\/wp\/v2\/users\/1"}],"replies":[{"embeddable":true,"href":"https:\/\/www.aq-arium.com\/aqmarine\/wp-json\/wp\/v2\/comments?post=1144"}],"version-history":[{"count":0,"href":"https:\/\/www.aq-arium.com\/aqmarine\/wp-json\/wp\/v2\/pages\/1144\/revisions"}],"wp:attachment":[{"href":"https:\/\/www.aq-arium.com\/aqmarine\/wp-json\/wp\/v2\/media?parent=1144"}],"curies":[{"name":"wp","href":"https:\/\/api.w.org\/{rel}","templated":true}]}}