{"id":1135,"date":"2014-09-19T13:21:26","date_gmt":"2014-09-19T13:21:26","guid":{"rendered":"http:\/\/arrecifevivo.com\/aqmarine\/?page_id=1135"},"modified":"2023-04-27T08:34:22","modified_gmt":"2023-04-27T07:34:22","slug":"ati-phosphat-stop","status":"publish","type":"page","link":"https:\/\/www.aq-arium.com\/aqmarine\/ati-phosphat-stop\/","title":{"rendered":"ATI &#8211; Phosphat Stop"},"content":{"rendered":"<p><a href=\"https:\/\/www.aq-arium.com\/aqmarine\/ati\/\">Volver a la p\u00e1gina principal de ATI<\/a><\/p>\n<p><img loading=\"lazy\" decoding=\"async\" class=\"alignnone wp-image-1149 size-full\" title=\"ATI mini banner\" src=\"https:\/\/www.aq-arium.com\/aqmarine\/wp-content\/uploads\/2014\/09\/banner-ATI.jpg\" alt=\"ATI mini banner\" width=\"800\" height=\"85\" srcset=\"https:\/\/www.aq-arium.com\/aqmarine\/wp-content\/uploads\/2014\/09\/banner-ATI.jpg 800w, https:\/\/www.aq-arium.com\/aqmarine\/wp-content\/uploads\/2014\/09\/banner-ATI-600x64.jpg 600w, https:\/\/www.aq-arium.com\/aqmarine\/wp-content\/uploads\/2014\/09\/banner-ATI-300x31.jpg 300w\" sizes=\"auto, (max-width: 800px) 100vw, 800px\" \/><\/p>\n<h2>ATI PHOSPHAT STOP<\/h2>\n<h3>Adsorbente de Fosfatos de Alta Eficiencia<\/h3>\n<p><img loading=\"lazy\" decoding=\"async\" class=\"alignright wp-image-1172 size-column3-1\/1\" title=\"ATI phosphat stop anti fosfatos\" src=\"https:\/\/www.aq-arium.com\/aqmarine\/wp-content\/uploads\/2014\/09\/IMG_3958-320x320.jpg\" alt=\"ATI phosphat stop anti fosfatos\" width=\"320\" height=\"320\" srcset=\"https:\/\/www.aq-arium.com\/aqmarine\/wp-content\/uploads\/2014\/09\/IMG_3958-320x320.jpg 320w, https:\/\/www.aq-arium.com\/aqmarine\/wp-content\/uploads\/2014\/09\/IMG_3958-300x300.jpg 300w, https:\/\/www.aq-arium.com\/aqmarine\/wp-content\/uploads\/2014\/09\/IMG_3958-100x100.jpg 100w, https:\/\/www.aq-arium.com\/aqmarine\/wp-content\/uploads\/2014\/09\/IMG_3958-150x150.jpg 150w, https:\/\/www.aq-arium.com\/aqmarine\/wp-content\/uploads\/2014\/09\/IMG_3958-50x50.jpg 50w, https:\/\/www.aq-arium.com\/aqmarine\/wp-content\/uploads\/2014\/09\/IMG_3958-960x960.jpg 960w, https:\/\/www.aq-arium.com\/aqmarine\/wp-content\/uploads\/2014\/09\/IMG_3958-480x480.jpg 480w, https:\/\/www.aq-arium.com\/aqmarine\/wp-content\/uploads\/2014\/09\/IMG_3958-240x240.jpg 240w\" sizes=\"auto, (max-width: 320px) 100vw, 320px\" \/>Phosphat Stop es un adsorbente de fosfatos de alta eficiencia basado en hidr\u00f3xido de hierro. Es capaz de eliminar el fosfato de forma r\u00e1pida y eficiente de los acuarios de agua dulce, salada o estanques. Una vez el fosfato es capturado, este no volver\u00e1 al acuario aunque la resina est\u00e9 agotada.<\/p>\n<p>Phosphat Stop es especialmente efectivo en acuarios de arrecife, ya que no libera substancias da\u00f1inas al agua.<\/p>\n<h3>Dosificaci\u00f3n<\/h3>\n<p>La cantidad necesaria de Phsophat Stop varia seg\u00fan la concentraci\u00f3n de fosfato en el agua. Recomendamos 50~150ml por cada 100 litros de agua. Por otro lado, hay que tener en cuenta de no bajar el valor de fosfato demasiado r\u00e1pido. El fosfato debe medirse de forma regular para determinar la cantidad \u00f3ptima de Phosphat Stop que debe usarse y tambi\u00e9n ser\u00e1 un indicador para saber cuando es el momento de cambiar la resina.<\/p>\n<h3>Utilizaci\u00f3n<\/h3>\n<p><em>Ponga la cantidad necesaria de Phosphat Stop en un filtro de rejilla o en un filtro de fosf\u00e1tos. Si se aplica en un filtro mec\u00e1nico, debe poner una esponja tanto por debajo como en la parte superior para asegurarse de que la resina no salga del filtro mec\u00e1nico.\u00a0<\/em><\/p>\n<p><em>El material granulado debe ser lavado antes de su uso para eliminar el polvo producido durante el transporte.\u00a0<\/em><\/p>\n<p><em>Si usa un filtro de malla, l\u00e1velo regularmente fuera del acuario para asegurar que la malla est\u00e1 limpia para que el flujo de agua pase perfectamente. Cuando est\u00e9 limpiando la malla, sacuda el filtro para profundizar en la limpieza. Si utiliza un filtro mec\u00e1nico, debe sacudir el material de forma regular.<\/em><\/p>\n<p><em>La resina debe tener un flujo bajo y continuado, sino, podr\u00eda crearse un estado anaer\u00f3bico en el filtro mec\u00e1nico.\u00a0<\/em><\/p>\n<p><strong>Disponible en envases de 1, 2 y 5 litros.<\/strong><\/p>\n","protected":false},"excerpt":{"rendered":"<p>Volver a la p\u00e1gina principal de ATI ATI PHOSPHAT STOP Adsorbente de Fosfatos de Alta Eficiencia Phosphat Stop es un adsorbente de fosfatos de alta eficiencia basado en hidr\u00f3xido de hierro. Es capaz de eliminar el fosfato de forma r\u00e1pida y eficiente de los acuarios de agua dulce, salada o estanques. Una vez el fosfato [&hellip;]<\/p>\n","protected":false},"author":1,"featured_media":1172,"parent":0,"menu_order":0,"comment_status":"closed","ping_status":"open","template":"","meta":{"_acf_changed":false,"footnotes":""},"class_list":["post-1135","page","type-page","status-publish","has-post-thumbnail","hentry"],"acf":[],"yoast_head":"<!-- This site is optimized with the Yoast SEO plugin v23.9 - https:\/\/yoast.com\/wordpress\/plugins\/seo\/ -->\n<title>ATI - Phosphat Stop - AQ, Aquarium Solutions<\/title>\n<meta name=\"description\" content=\"Es capaz de eliminar el fosfato de forma r\u00e1pida y eficiente de los acuarios de agua dulce, salada o estanques. Una vez el fosfato es capturado, este no volver\u00e1 al acuario aunque la resina est\u00e9 agotada.\" \/>\n<meta name=\"robots\" content=\"index, follow, max-snippet:-1, max-image-preview:large, max-video-preview:-1\" \/>\n<link rel=\"canonical\" href=\"https:\/\/www.aq-arium.com\/aqmarine\/ati-phosphat-stop\/\" \/>\n<meta property=\"og:locale\" content=\"es_ES\" \/>\n<meta property=\"og:type\" content=\"article\" \/>\n<meta property=\"og:title\" content=\"ATI - Phosphat Stop - AQ, Aquarium Solutions\" \/>\n<meta property=\"og:description\" content=\"Es capaz de eliminar el fosfato de forma r\u00e1pida y eficiente de los acuarios de agua dulce, salada o estanques. Una vez el fosfato es capturado, este no volver\u00e1 al acuario aunque la resina est\u00e9 agotada.\" \/>\n<meta property=\"og:url\" content=\"https:\/\/www.aq-arium.com\/aqmarine\/ati-phosphat-stop\/\" \/>\n<meta property=\"og:site_name\" content=\"AQ, Aquarium Solutions\" \/>\n<meta property=\"article:publisher\" content=\"https:\/\/www.instagram.com\/aq.arium\/\" \/>\n<meta property=\"article:modified_time\" content=\"2023-04-27T07:34:22+00:00\" \/>\n<meta property=\"og:image\" content=\"https:\/\/www.aq-arium.com\/aqmarine\/wp-content\/uploads\/2014\/09\/IMG_3958-scaled.jpg\" \/>\n\t<meta property=\"og:image:width\" content=\"2560\" \/>\n\t<meta property=\"og:image:height\" content=\"1707\" \/>\n\t<meta property=\"og:image:type\" content=\"image\/jpeg\" \/>\n<meta name=\"twitter:card\" content=\"summary_large_image\" \/>\n<meta name=\"twitter:site\" content=\"@AArium56877\" \/>\n<meta name=\"twitter:label1\" content=\"Tiempo de lectura\" \/>\n\t<meta name=\"twitter:data1\" content=\"2 minutos\" \/>\n<script type=\"application\/ld+json\" class=\"yoast-schema-graph\">{\"@context\":\"https:\/\/schema.org\",\"@graph\":[{\"@type\":\"WebPage\",\"@id\":\"https:\/\/www.aq-arium.com\/aqmarine\/ati-phosphat-stop\/\",\"url\":\"https:\/\/www.aq-arium.com\/aqmarine\/ati-phosphat-stop\/\",\"name\":\"ATI - Phosphat Stop - AQ, Aquarium Solutions\",\"isPartOf\":{\"@id\":\"https:\/\/www.aq-arium.com\/aqmarine\/#website\"},\"primaryImageOfPage\":{\"@id\":\"https:\/\/www.aq-arium.com\/aqmarine\/ati-phosphat-stop\/#primaryimage\"},\"image\":{\"@id\":\"https:\/\/www.aq-arium.com\/aqmarine\/ati-phosphat-stop\/#primaryimage\"},\"thumbnailUrl\":\"https:\/\/www.aq-arium.com\/aqmarine\/wp-content\/uploads\/2014\/09\/IMG_3958-scaled.jpg\",\"datePublished\":\"2014-09-19T13:21:26+00:00\",\"dateModified\":\"2023-04-27T07:34:22+00:00\",\"description\":\"Es capaz de eliminar el fosfato de forma r\u00e1pida y eficiente de los acuarios de agua dulce, salada o estanques. Una vez el fosfato es capturado, este no volver\u00e1 al acuario aunque la resina est\u00e9 agotada.\",\"breadcrumb\":{\"@id\":\"https:\/\/www.aq-arium.com\/aqmarine\/ati-phosphat-stop\/#breadcrumb\"},\"inLanguage\":\"es-ES\",\"potentialAction\":[{\"@type\":\"ReadAction\",\"target\":[\"https:\/\/www.aq-arium.com\/aqmarine\/ati-phosphat-stop\/\"]}]},{\"@type\":\"ImageObject\",\"inLanguage\":\"es-ES\",\"@id\":\"https:\/\/www.aq-arium.com\/aqmarine\/ati-phosphat-stop\/#primaryimage\",\"url\":\"https:\/\/www.aq-arium.com\/aqmarine\/wp-content\/uploads\/2014\/09\/IMG_3958-scaled.jpg\",\"contentUrl\":\"https:\/\/www.aq-arium.com\/aqmarine\/wp-content\/uploads\/2014\/09\/IMG_3958-scaled.jpg\",\"width\":2560,\"height\":1707,\"caption\":\"ATI phosphat stop anti fosfatos\"},{\"@type\":\"BreadcrumbList\",\"@id\":\"https:\/\/www.aq-arium.com\/aqmarine\/ati-phosphat-stop\/#breadcrumb\",\"itemListElement\":[{\"@type\":\"ListItem\",\"position\":1,\"name\":\"Portada\",\"item\":\"https:\/\/www.aq-arium.com\/aqmarine\/\"},{\"@type\":\"ListItem\",\"position\":2,\"name\":\"ATI &#8211; Phosphat Stop\"}]},{\"@type\":\"WebSite\",\"@id\":\"https:\/\/www.aq-arium.com\/aqmarine\/#website\",\"url\":\"https:\/\/www.aq-arium.com\/aqmarine\/\",\"name\":\"AQ, Aquarium Solutions\",\"description\":\"Productos para Acuario Marino y Dulce\",\"publisher\":{\"@id\":\"https:\/\/www.aq-arium.com\/aqmarine\/#organization\"},\"potentialAction\":[{\"@type\":\"SearchAction\",\"target\":{\"@type\":\"EntryPoint\",\"urlTemplate\":\"https:\/\/www.aq-arium.com\/aqmarine\/?s={search_term_string}\"},\"query-input\":{\"@type\":\"PropertyValueSpecification\",\"valueRequired\":true,\"valueName\":\"search_term_string\"}}],\"inLanguage\":\"es-ES\"},{\"@type\":\"Organization\",\"@id\":\"https:\/\/www.aq-arium.com\/aqmarine\/#organization\",\"name\":\"AQ-arium Solutions\",\"url\":\"https:\/\/www.aq-arium.com\/aqmarine\/\",\"logo\":{\"@type\":\"ImageObject\",\"inLanguage\":\"es-ES\",\"@id\":\"https:\/\/www.aq-arium.com\/aqmarine\/#\/schema\/logo\/image\/\",\"url\":\"https:\/\/www.aq-arium.com\/aqmarine\/wp-content\/uploads\/2021\/08\/AQ-arium-Solutions-logo-100x47px-1.png\",\"contentUrl\":\"https:\/\/www.aq-arium.com\/aqmarine\/wp-content\/uploads\/2021\/08\/AQ-arium-Solutions-logo-100x47px-1.png\",\"width\":100,\"height\":47,\"caption\":\"AQ-arium Solutions\"},\"image\":{\"@id\":\"https:\/\/www.aq-arium.com\/aqmarine\/#\/schema\/logo\/image\/\"},\"sameAs\":[\"https:\/\/www.instagram.com\/aq.arium\/\",\"https:\/\/x.com\/AArium56877\"]}]}<\/script>\n<!-- \/ Yoast SEO plugin. -->","yoast_head_json":{"title":"ATI - Phosphat Stop - AQ, Aquarium Solutions","description":"Es capaz de eliminar el fosfato de forma r\u00e1pida y eficiente de los acuarios de agua dulce, salada o estanques. Una vez el fosfato es capturado, este no volver\u00e1 al acuario aunque la resina est\u00e9 agotada.","robots":{"index":"index","follow":"follow","max-snippet":"max-snippet:-1","max-image-preview":"max-image-preview:large","max-video-preview":"max-video-preview:-1"},"canonical":"https:\/\/www.aq-arium.com\/aqmarine\/ati-phosphat-stop\/","og_locale":"es_ES","og_type":"article","og_title":"ATI - Phosphat Stop - AQ, Aquarium Solutions","og_description":"Es capaz de eliminar el fosfato de forma r\u00e1pida y eficiente de los acuarios de agua dulce, salada o estanques. Una vez el fosfato es capturado, este no volver\u00e1 al acuario aunque la resina est\u00e9 agotada.","og_url":"https:\/\/www.aq-arium.com\/aqmarine\/ati-phosphat-stop\/","og_site_name":"AQ, Aquarium Solutions","article_publisher":"https:\/\/www.instagram.com\/aq.arium\/","article_modified_time":"2023-04-27T07:34:22+00:00","og_image":[{"width":2560,"height":1707,"url":"https:\/\/www.aq-arium.com\/aqmarine\/wp-content\/uploads\/2014\/09\/IMG_3958-scaled.jpg","type":"image\/jpeg"}],"twitter_card":"summary_large_image","twitter_site":"@AArium56877","twitter_misc":{"Tiempo de lectura":"2 minutos"},"schema":{"@context":"https:\/\/schema.org","@graph":[{"@type":"WebPage","@id":"https:\/\/www.aq-arium.com\/aqmarine\/ati-phosphat-stop\/","url":"https:\/\/www.aq-arium.com\/aqmarine\/ati-phosphat-stop\/","name":"ATI - Phosphat Stop - AQ, Aquarium Solutions","isPartOf":{"@id":"https:\/\/www.aq-arium.com\/aqmarine\/#website"},"primaryImageOfPage":{"@id":"https:\/\/www.aq-arium.com\/aqmarine\/ati-phosphat-stop\/#primaryimage"},"image":{"@id":"https:\/\/www.aq-arium.com\/aqmarine\/ati-phosphat-stop\/#primaryimage"},"thumbnailUrl":"https:\/\/www.aq-arium.com\/aqmarine\/wp-content\/uploads\/2014\/09\/IMG_3958-scaled.jpg","datePublished":"2014-09-19T13:21:26+00:00","dateModified":"2023-04-27T07:34:22+00:00","description":"Es capaz de eliminar el fosfato de forma r\u00e1pida y eficiente de los acuarios de agua dulce, salada o estanques. Una vez el fosfato es capturado, este no volver\u00e1 al acuario aunque la resina est\u00e9 agotada.","breadcrumb":{"@id":"https:\/\/www.aq-arium.com\/aqmarine\/ati-phosphat-stop\/#breadcrumb"},"inLanguage":"es-ES","potentialAction":[{"@type":"ReadAction","target":["https:\/\/www.aq-arium.com\/aqmarine\/ati-phosphat-stop\/"]}]},{"@type":"ImageObject","inLanguage":"es-ES","@id":"https:\/\/www.aq-arium.com\/aqmarine\/ati-phosphat-stop\/#primaryimage","url":"https:\/\/www.aq-arium.com\/aqmarine\/wp-content\/uploads\/2014\/09\/IMG_3958-scaled.jpg","contentUrl":"https:\/\/www.aq-arium.com\/aqmarine\/wp-content\/uploads\/2014\/09\/IMG_3958-scaled.jpg","width":2560,"height":1707,"caption":"ATI phosphat stop anti fosfatos"},{"@type":"BreadcrumbList","@id":"https:\/\/www.aq-arium.com\/aqmarine\/ati-phosphat-stop\/#breadcrumb","itemListElement":[{"@type":"ListItem","position":1,"name":"Portada","item":"https:\/\/www.aq-arium.com\/aqmarine\/"},{"@type":"ListItem","position":2,"name":"ATI &#8211; Phosphat Stop"}]},{"@type":"WebSite","@id":"https:\/\/www.aq-arium.com\/aqmarine\/#website","url":"https:\/\/www.aq-arium.com\/aqmarine\/","name":"AQ, Aquarium Solutions","description":"Productos para Acuario Marino y Dulce","publisher":{"@id":"https:\/\/www.aq-arium.com\/aqmarine\/#organization"},"potentialAction":[{"@type":"SearchAction","target":{"@type":"EntryPoint","urlTemplate":"https:\/\/www.aq-arium.com\/aqmarine\/?s={search_term_string}"},"query-input":{"@type":"PropertyValueSpecification","valueRequired":true,"valueName":"search_term_string"}}],"inLanguage":"es-ES"},{"@type":"Organization","@id":"https:\/\/www.aq-arium.com\/aqmarine\/#organization","name":"AQ-arium Solutions","url":"https:\/\/www.aq-arium.com\/aqmarine\/","logo":{"@type":"ImageObject","inLanguage":"es-ES","@id":"https:\/\/www.aq-arium.com\/aqmarine\/#\/schema\/logo\/image\/","url":"https:\/\/www.aq-arium.com\/aqmarine\/wp-content\/uploads\/2021\/08\/AQ-arium-Solutions-logo-100x47px-1.png","contentUrl":"https:\/\/www.aq-arium.com\/aqmarine\/wp-content\/uploads\/2021\/08\/AQ-arium-Solutions-logo-100x47px-1.png","width":100,"height":47,"caption":"AQ-arium Solutions"},"image":{"@id":"https:\/\/www.aq-arium.com\/aqmarine\/#\/schema\/logo\/image\/"},"sameAs":["https:\/\/www.instagram.com\/aq.arium\/","https:\/\/x.com\/AArium56877"]}]}},"jetpack_sharing_enabled":true,"_links":{"self":[{"href":"https:\/\/www.aq-arium.com\/aqmarine\/wp-json\/wp\/v2\/pages\/1135","targetHints":{"allow":["GET"]}}],"collection":[{"href":"https:\/\/www.aq-arium.com\/aqmarine\/wp-json\/wp\/v2\/pages"}],"about":[{"href":"https:\/\/www.aq-arium.com\/aqmarine\/wp-json\/wp\/v2\/types\/page"}],"author":[{"embeddable":true,"href":"https:\/\/www.aq-arium.com\/aqmarine\/wp-json\/wp\/v2\/users\/1"}],"replies":[{"embeddable":true,"href":"https:\/\/www.aq-arium.com\/aqmarine\/wp-json\/wp\/v2\/comments?post=1135"}],"version-history":[{"count":0,"href":"https:\/\/www.aq-arium.com\/aqmarine\/wp-json\/wp\/v2\/pages\/1135\/revisions"}],"wp:featuredmedia":[{"embeddable":true,"href":"https:\/\/www.aq-arium.com\/aqmarine\/wp-json\/wp\/v2\/media\/1172"}],"wp:attachment":[{"href":"https:\/\/www.aq-arium.com\/aqmarine\/wp-json\/wp\/v2\/media?parent=1135"}],"curies":[{"name":"wp","href":"https:\/\/api.w.org\/{rel}","templated":true}]}}