{"id":1123,"date":"2014-09-19T13:16:25","date_gmt":"2014-09-19T13:16:25","guid":{"rendered":"http:\/\/arrecifevivo.com\/aqmarine\/?page_id=1123"},"modified":"2023-04-27T08:34:18","modified_gmt":"2023-04-27T07:34:18","slug":"ati-carbon-plus","status":"publish","type":"page","link":"https:\/\/www.aq-arium.com\/aqmarine\/ati-carbon-plus\/","title":{"rendered":"ATI &#8211; Carbon Plus"},"content":{"rendered":"<p><a href=\"https:\/\/www.aq-arium.com\/aqmarine\/ati\/\">Volver a la p\u00e1gina principal de ATI<\/a><br \/>\n<img loading=\"lazy\" decoding=\"async\" class=\"alignnone size-full wp-image-1149\" src=\"https:\/\/www.aq-arium.com\/aqmarine\/wp-content\/uploads\/2014\/09\/banner-ATI.jpg\" alt=\"banner ATI\" width=\"800\" height=\"85\" srcset=\"https:\/\/www.aq-arium.com\/aqmarine\/wp-content\/uploads\/2014\/09\/banner-ATI.jpg 800w, https:\/\/www.aq-arium.com\/aqmarine\/wp-content\/uploads\/2014\/09\/banner-ATI-600x64.jpg 600w, https:\/\/www.aq-arium.com\/aqmarine\/wp-content\/uploads\/2014\/09\/banner-ATI-300x31.jpg 300w\" sizes=\"auto, (max-width: 800px) 100vw, 800px\" \/><\/p>\n<h2>ATI CARBON PLUS<\/h2>\n<h3>Carb\u00f3n activado de Alta Eficiencia.<\/h3>\n<p><img loading=\"lazy\" decoding=\"async\" class=\"alignright wp-image-1173 size-column3-1\/1\" title=\"ATi carbon plus carbon activo para limpiar el agua amarilla\" src=\"https:\/\/www.aq-arium.com\/aqmarine\/wp-content\/uploads\/2014\/09\/IMG_3959-320x320.jpg\" alt=\"ATi carbon plus carbon activo para limpiar el agua amarilla\" width=\"320\" height=\"320\" srcset=\"https:\/\/www.aq-arium.com\/aqmarine\/wp-content\/uploads\/2014\/09\/IMG_3959-320x320.jpg 320w, https:\/\/www.aq-arium.com\/aqmarine\/wp-content\/uploads\/2014\/09\/IMG_3959-scaled-300x300.jpg 300w, https:\/\/www.aq-arium.com\/aqmarine\/wp-content\/uploads\/2014\/09\/IMG_3959-scaled-100x100.jpg 100w, https:\/\/www.aq-arium.com\/aqmarine\/wp-content\/uploads\/2014\/09\/IMG_3959-150x150.jpg 150w, https:\/\/www.aq-arium.com\/aqmarine\/wp-content\/uploads\/2014\/09\/IMG_3959-50x50.jpg 50w, https:\/\/www.aq-arium.com\/aqmarine\/wp-content\/uploads\/2014\/09\/IMG_3959-960x960.jpg 960w, https:\/\/www.aq-arium.com\/aqmarine\/wp-content\/uploads\/2014\/09\/IMG_3959-480x480.jpg 480w, https:\/\/www.aq-arium.com\/aqmarine\/wp-content\/uploads\/2014\/09\/IMG_3959-240x240.jpg 240w\" sizes=\"auto, (max-width: 320px) 100vw, 320px\" \/>Carbon Plus es un carb\u00f3n activo dise\u00f1ado cient\u00edficamente para mejorar la transparencia del agua tanto en acuarios de agua dulce como salada. La estructura de poros optimizada y la gran cantidad de capilares producen una gran \u00e1rea de superficie interna de 900~1000 m2\/g el cual es capaz de eliminar de forma r\u00e1pida y eficiente las substancias da\u00f1inas del agua.<\/p>\n<h3>Funciones<\/h3>\n<ul>\n<li>Agua Cristalina : Reduce el turbidez y elimina componentes org\u00e1nicos, fenoles y otros deshechos, disminuyendo el color sucio amarillento del agua.<\/li>\n<li>Desintoxicaci\u00f3n : Elimina el cloro, metales pesados, medicaci\u00f3n y remanentes de drogas as\u00ed como otras toxinas.<\/li>\n<li>Reduce la materia org\u00e1nica : Elimina productos org\u00e1nicos metab\u00f3licos como los deshechos proteicos por \u00e1cido \u00farico.<\/li>\n<li>Mejora la salud de los Corales : La reducci\u00f3n de retardantes biol\u00f3gicos conlleva a un incremento del crecimiento de los corales y una mejor extensi\u00f3n de sus p\u00f3lipos.<\/li>\n<\/ul>\n<h3><\/h3>\n<h3>Dosificaci\u00f3n<\/h3>\n<p>Dosificaci\u00f3n normal : 50ml por cada 200 litros durante 2~3 d\u00edas.<\/p>\n<p>Eliminaci\u00f3n de medicaciones : 200ml por cada 200 litros durante 1~3 d\u00edas.<\/p>\n<p>Carb\u00f3n Plus debe utilizarse en peque\u00f1as cantidades y debe remplazarse a menudo.<\/p>\n<p>&nbsp;<\/p>\n<h3>Utilizaci\u00f3n<\/h3>\n<p><em>Debe utilizarse un filtro adecuado. Antes de a\u00f1adir al acuario, lave y enjuage Carbon Plus en agua caliente, para eliminar cualquier sedimento o part\u00edculas de polvo. Para obtener mejores resultados, debe emplazar Carbon Plus en una zona con un alto flujo de agua en el acuario.<\/em><\/p>\n<p>&nbsp;<\/p>\n<p><strong>Disponible en envases de 1, 2 y 5 Litros<\/strong><\/p>\n<p>&nbsp;<\/p>\n","protected":false},"excerpt":{"rendered":"<p>Volver a la p\u00e1gina principal de ATI ATI CARBON PLUS Carb\u00f3n activado de Alta Eficiencia. Carbon Plus es un carb\u00f3n activo dise\u00f1ado cient\u00edficamente para mejorar la transparencia del agua tanto en acuarios de agua dulce como salada. La estructura de poros optimizada y la gran cantidad de capilares producen una gran \u00e1rea de superficie interna [&hellip;]<\/p>\n","protected":false},"author":1,"featured_media":1173,"parent":0,"menu_order":0,"comment_status":"closed","ping_status":"open","template":"","meta":{"_acf_changed":false,"footnotes":""},"class_list":["post-1123","page","type-page","status-publish","has-post-thumbnail","hentry"],"acf":[],"yoast_head":"<!-- This site is optimized with the Yoast SEO plugin v23.9 - https:\/\/yoast.com\/wordpress\/plugins\/seo\/ -->\n<title>ATI Carbon Plus limpia el acuario - AQ, Aquarium Solutions<\/title>\n<meta name=\"description\" content=\"Carbon Plus es un carb\u00f3n activo dise\u00f1ado cient\u00edficamente para mejorar la transparencia del agua tanto en acuarios de agua dulce como salada.\" \/>\n<meta name=\"robots\" content=\"index, follow, max-snippet:-1, max-image-preview:large, max-video-preview:-1\" \/>\n<link rel=\"canonical\" href=\"https:\/\/www.aq-arium.com\/aqmarine\/ati-carbon-plus\/\" \/>\n<meta property=\"og:locale\" content=\"es_ES\" \/>\n<meta property=\"og:type\" content=\"article\" \/>\n<meta property=\"og:title\" content=\"ATI Carbon Plus limpia el acuario - AQ, Aquarium Solutions\" \/>\n<meta property=\"og:description\" content=\"Carbon Plus es un carb\u00f3n activo dise\u00f1ado cient\u00edficamente para mejorar la transparencia del agua tanto en acuarios de agua dulce como salada.\" \/>\n<meta property=\"og:url\" content=\"https:\/\/www.aq-arium.com\/aqmarine\/ati-carbon-plus\/\" \/>\n<meta property=\"og:site_name\" content=\"AQ, Aquarium Solutions\" \/>\n<meta property=\"article:publisher\" content=\"https:\/\/www.instagram.com\/aq.arium\/\" \/>\n<meta property=\"article:modified_time\" content=\"2023-04-27T07:34:18+00:00\" \/>\n<meta property=\"og:image\" content=\"https:\/\/www.aq-arium.com\/aqmarine\/wp-content\/uploads\/2014\/09\/IMG_3959-scaled.jpg\" \/>\n\t<meta property=\"og:image:width\" content=\"2560\" \/>\n\t<meta property=\"og:image:height\" content=\"1707\" \/>\n\t<meta property=\"og:image:type\" content=\"image\/jpeg\" \/>\n<meta name=\"twitter:card\" content=\"summary_large_image\" \/>\n<meta name=\"twitter:site\" content=\"@AArium56877\" \/>\n<meta name=\"twitter:label1\" content=\"Tiempo de lectura\" \/>\n\t<meta name=\"twitter:data1\" content=\"2 minutos\" \/>\n<script type=\"application\/ld+json\" class=\"yoast-schema-graph\">{\"@context\":\"https:\/\/schema.org\",\"@graph\":[{\"@type\":\"WebPage\",\"@id\":\"https:\/\/www.aq-arium.com\/aqmarine\/ati-carbon-plus\/\",\"url\":\"https:\/\/www.aq-arium.com\/aqmarine\/ati-carbon-plus\/\",\"name\":\"ATI Carbon Plus limpia el acuario - AQ, Aquarium Solutions\",\"isPartOf\":{\"@id\":\"https:\/\/www.aq-arium.com\/aqmarine\/#website\"},\"primaryImageOfPage\":{\"@id\":\"https:\/\/www.aq-arium.com\/aqmarine\/ati-carbon-plus\/#primaryimage\"},\"image\":{\"@id\":\"https:\/\/www.aq-arium.com\/aqmarine\/ati-carbon-plus\/#primaryimage\"},\"thumbnailUrl\":\"https:\/\/www.aq-arium.com\/aqmarine\/wp-content\/uploads\/2014\/09\/IMG_3959-scaled.jpg\",\"datePublished\":\"2014-09-19T13:16:25+00:00\",\"dateModified\":\"2023-04-27T07:34:18+00:00\",\"description\":\"Carbon Plus es un carb\u00f3n activo dise\u00f1ado cient\u00edficamente para mejorar la transparencia del agua tanto en acuarios de agua dulce como salada.\",\"breadcrumb\":{\"@id\":\"https:\/\/www.aq-arium.com\/aqmarine\/ati-carbon-plus\/#breadcrumb\"},\"inLanguage\":\"es-ES\",\"potentialAction\":[{\"@type\":\"ReadAction\",\"target\":[\"https:\/\/www.aq-arium.com\/aqmarine\/ati-carbon-plus\/\"]}]},{\"@type\":\"ImageObject\",\"inLanguage\":\"es-ES\",\"@id\":\"https:\/\/www.aq-arium.com\/aqmarine\/ati-carbon-plus\/#primaryimage\",\"url\":\"https:\/\/www.aq-arium.com\/aqmarine\/wp-content\/uploads\/2014\/09\/IMG_3959-scaled.jpg\",\"contentUrl\":\"https:\/\/www.aq-arium.com\/aqmarine\/wp-content\/uploads\/2014\/09\/IMG_3959-scaled.jpg\",\"width\":2560,\"height\":1707,\"caption\":\"ATi carbon plus carbon activo para limpiar el agua amarilla\"},{\"@type\":\"BreadcrumbList\",\"@id\":\"https:\/\/www.aq-arium.com\/aqmarine\/ati-carbon-plus\/#breadcrumb\",\"itemListElement\":[{\"@type\":\"ListItem\",\"position\":1,\"name\":\"Portada\",\"item\":\"https:\/\/www.aq-arium.com\/aqmarine\/\"},{\"@type\":\"ListItem\",\"position\":2,\"name\":\"ATI &#8211; Carbon Plus\"}]},{\"@type\":\"WebSite\",\"@id\":\"https:\/\/www.aq-arium.com\/aqmarine\/#website\",\"url\":\"https:\/\/www.aq-arium.com\/aqmarine\/\",\"name\":\"AQ, Aquarium Solutions\",\"description\":\"Productos para Acuario Marino y Dulce\",\"publisher\":{\"@id\":\"https:\/\/www.aq-arium.com\/aqmarine\/#organization\"},\"potentialAction\":[{\"@type\":\"SearchAction\",\"target\":{\"@type\":\"EntryPoint\",\"urlTemplate\":\"https:\/\/www.aq-arium.com\/aqmarine\/?s={search_term_string}\"},\"query-input\":{\"@type\":\"PropertyValueSpecification\",\"valueRequired\":true,\"valueName\":\"search_term_string\"}}],\"inLanguage\":\"es-ES\"},{\"@type\":\"Organization\",\"@id\":\"https:\/\/www.aq-arium.com\/aqmarine\/#organization\",\"name\":\"AQ-arium Solutions\",\"url\":\"https:\/\/www.aq-arium.com\/aqmarine\/\",\"logo\":{\"@type\":\"ImageObject\",\"inLanguage\":\"es-ES\",\"@id\":\"https:\/\/www.aq-arium.com\/aqmarine\/#\/schema\/logo\/image\/\",\"url\":\"https:\/\/www.aq-arium.com\/aqmarine\/wp-content\/uploads\/2021\/08\/AQ-arium-Solutions-logo-100x47px-1.png\",\"contentUrl\":\"https:\/\/www.aq-arium.com\/aqmarine\/wp-content\/uploads\/2021\/08\/AQ-arium-Solutions-logo-100x47px-1.png\",\"width\":100,\"height\":47,\"caption\":\"AQ-arium Solutions\"},\"image\":{\"@id\":\"https:\/\/www.aq-arium.com\/aqmarine\/#\/schema\/logo\/image\/\"},\"sameAs\":[\"https:\/\/www.instagram.com\/aq.arium\/\",\"https:\/\/x.com\/AArium56877\"]}]}<\/script>\n<!-- \/ Yoast SEO plugin. -->","yoast_head_json":{"title":"ATI Carbon Plus limpia el acuario - AQ, Aquarium Solutions","description":"Carbon Plus es un carb\u00f3n activo dise\u00f1ado cient\u00edficamente para mejorar la transparencia del agua tanto en acuarios de agua dulce como salada.","robots":{"index":"index","follow":"follow","max-snippet":"max-snippet:-1","max-image-preview":"max-image-preview:large","max-video-preview":"max-video-preview:-1"},"canonical":"https:\/\/www.aq-arium.com\/aqmarine\/ati-carbon-plus\/","og_locale":"es_ES","og_type":"article","og_title":"ATI Carbon Plus limpia el acuario - AQ, Aquarium Solutions","og_description":"Carbon Plus es un carb\u00f3n activo dise\u00f1ado cient\u00edficamente para mejorar la transparencia del agua tanto en acuarios de agua dulce como salada.","og_url":"https:\/\/www.aq-arium.com\/aqmarine\/ati-carbon-plus\/","og_site_name":"AQ, Aquarium Solutions","article_publisher":"https:\/\/www.instagram.com\/aq.arium\/","article_modified_time":"2023-04-27T07:34:18+00:00","og_image":[{"width":2560,"height":1707,"url":"https:\/\/www.aq-arium.com\/aqmarine\/wp-content\/uploads\/2014\/09\/IMG_3959-scaled.jpg","type":"image\/jpeg"}],"twitter_card":"summary_large_image","twitter_site":"@AArium56877","twitter_misc":{"Tiempo de lectura":"2 minutos"},"schema":{"@context":"https:\/\/schema.org","@graph":[{"@type":"WebPage","@id":"https:\/\/www.aq-arium.com\/aqmarine\/ati-carbon-plus\/","url":"https:\/\/www.aq-arium.com\/aqmarine\/ati-carbon-plus\/","name":"ATI Carbon Plus limpia el acuario - AQ, Aquarium Solutions","isPartOf":{"@id":"https:\/\/www.aq-arium.com\/aqmarine\/#website"},"primaryImageOfPage":{"@id":"https:\/\/www.aq-arium.com\/aqmarine\/ati-carbon-plus\/#primaryimage"},"image":{"@id":"https:\/\/www.aq-arium.com\/aqmarine\/ati-carbon-plus\/#primaryimage"},"thumbnailUrl":"https:\/\/www.aq-arium.com\/aqmarine\/wp-content\/uploads\/2014\/09\/IMG_3959-scaled.jpg","datePublished":"2014-09-19T13:16:25+00:00","dateModified":"2023-04-27T07:34:18+00:00","description":"Carbon Plus es un carb\u00f3n activo dise\u00f1ado cient\u00edficamente para mejorar la transparencia del agua tanto en acuarios de agua dulce como salada.","breadcrumb":{"@id":"https:\/\/www.aq-arium.com\/aqmarine\/ati-carbon-plus\/#breadcrumb"},"inLanguage":"es-ES","potentialAction":[{"@type":"ReadAction","target":["https:\/\/www.aq-arium.com\/aqmarine\/ati-carbon-plus\/"]}]},{"@type":"ImageObject","inLanguage":"es-ES","@id":"https:\/\/www.aq-arium.com\/aqmarine\/ati-carbon-plus\/#primaryimage","url":"https:\/\/www.aq-arium.com\/aqmarine\/wp-content\/uploads\/2014\/09\/IMG_3959-scaled.jpg","contentUrl":"https:\/\/www.aq-arium.com\/aqmarine\/wp-content\/uploads\/2014\/09\/IMG_3959-scaled.jpg","width":2560,"height":1707,"caption":"ATi carbon plus carbon activo para limpiar el agua amarilla"},{"@type":"BreadcrumbList","@id":"https:\/\/www.aq-arium.com\/aqmarine\/ati-carbon-plus\/#breadcrumb","itemListElement":[{"@type":"ListItem","position":1,"name":"Portada","item":"https:\/\/www.aq-arium.com\/aqmarine\/"},{"@type":"ListItem","position":2,"name":"ATI &#8211; Carbon Plus"}]},{"@type":"WebSite","@id":"https:\/\/www.aq-arium.com\/aqmarine\/#website","url":"https:\/\/www.aq-arium.com\/aqmarine\/","name":"AQ, Aquarium Solutions","description":"Productos para Acuario Marino y Dulce","publisher":{"@id":"https:\/\/www.aq-arium.com\/aqmarine\/#organization"},"potentialAction":[{"@type":"SearchAction","target":{"@type":"EntryPoint","urlTemplate":"https:\/\/www.aq-arium.com\/aqmarine\/?s={search_term_string}"},"query-input":{"@type":"PropertyValueSpecification","valueRequired":true,"valueName":"search_term_string"}}],"inLanguage":"es-ES"},{"@type":"Organization","@id":"https:\/\/www.aq-arium.com\/aqmarine\/#organization","name":"AQ-arium Solutions","url":"https:\/\/www.aq-arium.com\/aqmarine\/","logo":{"@type":"ImageObject","inLanguage":"es-ES","@id":"https:\/\/www.aq-arium.com\/aqmarine\/#\/schema\/logo\/image\/","url":"https:\/\/www.aq-arium.com\/aqmarine\/wp-content\/uploads\/2021\/08\/AQ-arium-Solutions-logo-100x47px-1.png","contentUrl":"https:\/\/www.aq-arium.com\/aqmarine\/wp-content\/uploads\/2021\/08\/AQ-arium-Solutions-logo-100x47px-1.png","width":100,"height":47,"caption":"AQ-arium Solutions"},"image":{"@id":"https:\/\/www.aq-arium.com\/aqmarine\/#\/schema\/logo\/image\/"},"sameAs":["https:\/\/www.instagram.com\/aq.arium\/","https:\/\/x.com\/AArium56877"]}]}},"jetpack_sharing_enabled":true,"_links":{"self":[{"href":"https:\/\/www.aq-arium.com\/aqmarine\/wp-json\/wp\/v2\/pages\/1123","targetHints":{"allow":["GET"]}}],"collection":[{"href":"https:\/\/www.aq-arium.com\/aqmarine\/wp-json\/wp\/v2\/pages"}],"about":[{"href":"https:\/\/www.aq-arium.com\/aqmarine\/wp-json\/wp\/v2\/types\/page"}],"author":[{"embeddable":true,"href":"https:\/\/www.aq-arium.com\/aqmarine\/wp-json\/wp\/v2\/users\/1"}],"replies":[{"embeddable":true,"href":"https:\/\/www.aq-arium.com\/aqmarine\/wp-json\/wp\/v2\/comments?post=1123"}],"version-history":[{"count":0,"href":"https:\/\/www.aq-arium.com\/aqmarine\/wp-json\/wp\/v2\/pages\/1123\/revisions"}],"wp:featuredmedia":[{"embeddable":true,"href":"https:\/\/www.aq-arium.com\/aqmarine\/wp-json\/wp\/v2\/media\/1173"}],"wp:attachment":[{"href":"https:\/\/www.aq-arium.com\/aqmarine\/wp-json\/wp\/v2\/media?parent=1123"}],"curies":[{"name":"wp","href":"https:\/\/api.w.org\/{rel}","templated":true}]}}