{"id":1081,"date":"2014-08-29T11:35:05","date_gmt":"2014-08-29T11:35:05","guid":{"rendered":"http:\/\/arrecifevivo.com\/aqmarine\/?page_id=1081"},"modified":"2014-10-30T11:43:52","modified_gmt":"2014-10-30T10:43:52","slug":"d-d-tests-de-alta-sensibilidad","status":"publish","type":"page","link":"https:\/\/www.aq-arium.com\/aqmarine\/acuario-marino\/d-d-tests-de-alta-sensibilidad\/","title":{"rendered":"D-D &#8211; Tests de Alta Sensibilidad"},"content":{"rendered":"<p><img loading=\"lazy\" decoding=\"async\" class=\"alignnone wp-image-1411 size-full\" src=\"https:\/\/www.aq-arium.com\/aqmarine\/wp-content\/uploads\/2014\/08\/Sin-titulo.jpg\" alt=\"\" width=\"759\" height=\"93\" srcset=\"https:\/\/www.aq-arium.com\/aqmarine\/wp-content\/uploads\/2014\/08\/Sin-titulo.jpg 759w, https:\/\/www.aq-arium.com\/aqmarine\/wp-content\/uploads\/2014\/08\/Sin-titulo-600x74.jpg 600w, https:\/\/www.aq-arium.com\/aqmarine\/wp-content\/uploads\/2014\/08\/Sin-titulo-300x36.jpg 300w\" sizes=\"auto, (max-width: 759px) 100vw, 759px\" \/><\/p>\n<p><img loading=\"lazy\" decoding=\"async\" class=\"alignnone size-column1-1\/4 wp-image-1094\" src=\"https:\/\/www.aq-arium.com\/aqmarine\/wp-content\/uploads\/2014\/08\/IMG_3340-960x240.jpg\" alt=\"IMG_3340\" width=\"960\" height=\"240\" \/><\/p>\n<p>Con los tests de D&amp;D va a poder medir el agua de su acuario de forma f\u00e1cil y precisa, sin duda es una de las mejores opciones que hay en el mercado.<\/p>\n<div class=\"ctsc-column ctsc-col2\">\n<div class=\"ctsc-accordion ctsc-accordion-\"><h4 class=\"ctsc-accordion-title\">D-D H2Ocean Pro+ Multi Test Kit de Ca, Mg y KH<\/h4><div class=\"ctsc-accordion-content\" style=\"display:none;\">\n<p>Nuestro Kit de muestreo de alta calidad, le permitir\u00e1 analizar Calcio, Magnesio y Alcalinidad(KH) en el acuario de arrecife. Estos tres elementos son muy importantes para el crecimiento de los Corales y tambi\u00e9n para mantener unos niveles naturales de la qu\u00edmica del agua.<\/p>\n<p>Le recordamos que que el Multi Test Kit forma parte de una gama de tests de alta calidad que incluye Fosfatos, Nitratos e Yodo. Para obtener los mejores resultados, utilice regularmente nuestros tests.<\/p>\n<p>Nuestro Kit de muestreo incluye los par\u00e1metros m\u00e1s comprobados habitualmente por los aficionados a los acuarios de arrecife, Calcio, Magnesio y Alcalinidad(KH).<\/p>\n<p>Estos tres par\u00e1metros tienen un balance natural relativo en cada uno, que debe mantenerse para mantener un entorno saludable en su acuario de arrecife.<\/p>\n<h3>Calcio<\/h3>\n<p>Mantener el correcto nivel de Calcio (Ca) es crucial para el \u00e9xito en un acuario marino ya que muchos animales como los corales duros, tridacnas y algunos corales blandos lo necesitan para la calcificaci\u00f3n.<\/p>\n<p>El agua de mar tiene una concentraci\u00f3n de calcio entre 380~450ppm con una media de 420ppm.<\/p>\n<h3>Alcalinidad<\/h3>\n<p>Mantener el nivel de alcalinidad tambi\u00e9n es crucial para el \u00e9xito en el acuario marino ya que estabiliza el pH para que pueda ocurrir la Calcificaci\u00f3n en los corales duros, tridacnas y algunos corales blandos.<\/p>\n<p>El nivel de dKH recomendado para la mayor\u00eda de acuarios de arrecife es de 7,0 ~ 8,4 dKH para estabilizar la tendencia de ca\u00edda del pH. El agua de mar natural tiene un dKH alrededor de 7,0.<\/p>\n<h3>Magnesio<\/h3>\n<p>El Magnesio es uno de los elementos m\u00e1s muestreos en el acuario de arrecife, y tambi\u00e9n es crucial en el proceso de Calcificaci\u00f3n en los corales duros, tridacnas y algunos corales blandos.<\/p>\n<p>El nivel de magnesio correcto, tambi\u00e9n permite estabilizar otros par\u00e1metros de forma efectiva, tales como el Calcio o la Alkalinidad y por lo tanto el pH.<\/p>\n<p>El agua natural del mar tiene una concentraci\u00f3n de magnesio aproximada de 1280ppm, de todos modos, se recomiendan valores entre 1250 y 1350 en los acuarios de arrecife, dependiendo de la salinidad.<\/p>\n<div class=\"ctsc-feature  ctsc-feature- ctsc-feature-horizontal\"><div class=\"ctsc-feature-icon\" style=\"\"><span class=\"icon-flag\"><\/span><\/div><div class=\"ctsc-feature-body\"><h4 class=\"ctsc-feature-title\">El Kit Incluye<\/h4><div class=\"ctsc-feature-content\">\n2 Guantes<br \/>\n2 Viales de cristal<br \/>\n1 Jeringuilla de 6ml<br \/>\n2 Tapones<br \/>\n3 Puntas<br \/>\n3 Jeringuilla de 1ml<br \/>\n1 Peque\u00f1a cuchara<\/div><\/div><\/div>\n<\/div><\/div>\n<\/div><div class=\"ctsc-column ctsc-col2 ctsc-col-last\">\n<div class=\"ctsc-accordion ctsc-accordion-\"><h4 class=\"ctsc-accordion-title\">D-D H2Ocean Pro+ Test de Fosfatos (PO4) <\/h4><div class=\"ctsc-accordion-content\" style=\"display:none;\">\n<p>Mantener unos niveles bajos de fosfato (PO4) es crucial para tener \u00e9xito en el acuario marino. Niveles excesivos de fosfato pueden dar un incremento de la poblaci\u00f3n de algas, actuar como inhibidor de calcio para los corales duros y almejas, y es un factor limitador para conseguir buenos colores en los corales duros.<\/p>\n<p>El agua natural del mar tiene una media de concentraci\u00f3n de fosfatos de aproximadamente 0,005ppm. En los acuarios de corales duros se recomiendan niveles por debajo del 0,1ppm de PO4, quiz\u00e1s hasta 0,25ppm de PO4 para algunas especies de coral m\u00e1s tolerantes. Niveles por debajo de 0,005 tampoco no son recomendados, aunque probablemente sea muy dif\u00edcil conseguir un cero absoluto teniendo en cuenta la cantidad de comida que se adicta diariamente.<\/p>\n<p>Nuestro test de alta sensibilidad, le permitir\u00e1 controlar los niveles de fosfatos tanto PO4 como P-PO4 de su acuario, as\u00ed pudiendo despu\u00e9s mantener mediante cambios de agua y resinas de eliminaci\u00f3n de fosfatos tales como Deltec Aqua Crown Phosphate adsorver.<\/p>\n<p>El test puede medir tanto rango alto como bajo para as\u00ed poder determinar el nivel exacto de fosfato en su acuario.<\/p>\n<div class=\"ctsc-feature  ctsc-feature- ctsc-feature-horizontal\"><div class=\"ctsc-feature-icon\" style=\"\"><span class=\"icon-list-ul\"><\/span><\/div><div class=\"ctsc-feature-body\"><h4 class=\"ctsc-feature-title\">Especificaciones<\/h4><div class=\"ctsc-feature-content\">Rango alto 0 ~ 5 ppm PO4<br \/>\nRango bajo 0 ~ 0,82 ppm PO4<br \/>\nEl kit incluye una soluci\u00f3n de referencia para 5 tests<\/div><\/div><\/div>\n<div class=\"ctsc-feature  ctsc-feature- ctsc-feature-horizontal\"><div class=\"ctsc-feature-icon\" style=\"\"><span class=\"icon-flag\"><\/span><\/div><div class=\"ctsc-feature-body\"><h4 class=\"ctsc-feature-title\">El Kit incluye<\/h4><div class=\"ctsc-feature-content\">2 Guantes<br \/>\n2 Viales de cristal<br \/>\n1 Jeringuilla de 6ml<br \/>\n2 Tapones<br \/>\n3 Puntas<br \/>\n3 Jeringuilla de 1ml<br \/>\n1 Peque\u00f1a cuchara<\/div><\/div><\/div>\n<\/div><\/div>\n<\/div><div class=\"col-divide\"><\/div>\n<div class=\"ctsc-separator  ctsc-separator-\"><div class=\"ctsc-separator-line\"><\/div><div class=\"clear\"><\/div><\/div>\n<div class=\"ctsc-column ctsc-col2\">\n<div class=\"ctsc-accordion ctsc-accordion-\"><h4 class=\"ctsc-accordion-title\">D-D H2Ocean Pro+ Test de Nitratos (NO3)<\/h4><div class=\"ctsc-accordion-content\" style=\"display:none;\">\n<p>Nuestro test de Alta Calidad le permitir\u00e1 comprobar los niveles de Nitratos en su acuario de arrecife.<\/p>\n<p>Mantener unos niveles bajos de Nitrato (NO3) y fosfato es crucial para el \u00e9xito en el acuario marino ya que repercute en la salud de los peces y corales, adem\u00e1s que un exceso de estos par\u00e1metros sirven como alimento para el crecimiento de algas indeseables.<\/p>\n<p>Unos niveles excesivos de nitrato repercute en problemas para controlar las algas, mantener el pH, y es un factor limitador para conseguir una buena coloraci\u00f3n en los corales.<\/p>\n<p>Le recordamos que que el Test de Nitratos forma parte de una gama de tests de alta calidad que incluye Fosfatos, Calcio, Magnesio, KH e Yodo. Para obtener los mejores resultados, utilice regularmente nuestros tests.<\/p>\n<p>El agua natural del mar tiene una concentraci\u00f3n de nitrato medio por debajo de 0,1ppm, aunque en el acuario de arrecife se aceptan valores por debajo de los 2ppm.<\/p>\n<p>Nuestro test de alta sensibilidad le permitir\u00e1 controlar los niveles de Nitrato medidos como NO3, o el total de nitr\u00f3geno N-NO3, en su acuario y de esta forma, realizar los cambios necesarios para reducir el Nitrato, utilizando Reductores de Nitrato, o otros sistemas como los BioPellets.<\/p>\n<p>El test de NO3 trae ambas escalas de rango alto y bajo, esto le permitir\u00e1 determinar el nivel exacto de Nitrato en su acuario.<br \/>\n<div class=\"ctsc-feature  ctsc-feature- ctsc-feature-horizontal\"><div class=\"ctsc-feature-icon\" style=\"\"><span class=\"icon-list-ul\"><\/span><\/div><div class=\"ctsc-feature-body\"><h4 class=\"ctsc-feature-title\">Especificaciones<\/h4><div class=\"ctsc-feature-content\">Rango Alto 0~48ppm NO3<br \/>\nRango Bajo 0~4ppm NO3<br \/>\nEl kit incluye una soluci\u00f3n de referencia suficientes para 5 tests.<\/div><\/div><\/div>\n\n<div class=\"ctsc-feature  ctsc-feature- ctsc-feature-horizontal\"><div class=\"ctsc-feature-icon\" style=\"\"><span class=\"icon-flag\"><\/span><\/div><div class=\"ctsc-feature-body\"><h4 class=\"ctsc-feature-title\">El Kit incluye<\/h4><div class=\"ctsc-feature-content\">2 Guantes<br \/>\n2 Viales de cristal<br \/>\n1 Jeringuilla de 6ml<br \/>\n2 Tapones<br \/>\n3 Puntas<br \/>\n3 Jeringuilla de 1ml<br \/>\n1 Peque\u00f1a cuchara<\/div><\/div><\/div>\n<\/div><\/div>\n<\/div><div class=\"ctsc-column ctsc-col2 ctsc-col-last\">\n<div class=\"ctsc-accordion ctsc-accordion-\"><h4 class=\"ctsc-accordion-title\">D-D H2Ocean Pro+ Test de Yodo (I2) <\/h4><div class=\"ctsc-accordion-content\" style=\"display:none;\">\n<p>Nuestro test de Alta Calidad le permitir\u00e1 comprobar los niveles de Yodo\u00a0en su acuario de arrecife.<\/p>\n<p>El Yodo\u00a0es considerado un elemento esencial para ciertos procesos biol\u00f3gicos en muchos de los animales marinos y por esta raz\u00f3n es importante medir y mantener unos niveles correctos en su acuario marino.<\/p>\n<p>Le recordamos que que el Test de Yodo\u00a0forma parte de una gama de tests de alta calidad que incluye Fosfatos, Calcio, Magnesio, KH y Nitratos. Para obtener los mejores resultados, utilice regularmente nuestros tests.<\/p>\n<p>El Yodo\u00a0es presente el el agua de mar en diferentes formas, aunque solo algunas est\u00e1n disponibles biol\u00f3gicamente para el uso de los habitantes del acuario. El total de concentraci\u00f3n de Yodo\u00a0en el agua de mar puede variar de una localizaci\u00f3n a otra y en diferentes profundidades, de todas formas, la media de concentraci\u00f3n del agua de mar natural es medida a 0,06ppm.<\/p>\n<p>Mientras que los peces pueden obtener los niveles de Yodo\u00a0requeridos mediante la comida, los corales y los otros invertebrados lo adquieren directamente del agua del alrededor a diferentes ratios dependiendo de la especie, siendo las Gorgonias, la micro y macro algas los principales consumidores.<\/p>\n<p>Los niveles de Yodo\u00a0en el acuario marino debe controlarse regularmente. Este test de Yodo\u00a0de alta sensibilidad le permitir\u00e1 medir de forma precisa los niveles y establecer un plan de actuaci\u00f3n correcta para mantener el par\u00e1metro en niveles \u00f3ptimos.<br \/>\n<div class=\"ctsc-feature  ctsc-feature- ctsc-feature-horizontal\"><div class=\"ctsc-feature-icon\" style=\"\"><span class=\"icon-list-ul\"><\/span><\/div><div class=\"ctsc-feature-body\"><h4 class=\"ctsc-feature-title\">Especificaciones<\/h4><div class=\"ctsc-feature-content\">0, 0.03ppm, 0.06ppm, 0.09ppm<br \/>\nComparaci\u00f3n a una referencia standard en cada test<\/div><\/div><\/div>\n<div class=\"ctsc-feature  ctsc-feature- ctsc-feature-horizontal\"><div class=\"ctsc-feature-icon\" style=\"\"><span class=\"icon-flag\"><\/span><\/div><div class=\"ctsc-feature-body\"><h4 class=\"ctsc-feature-title\">El Kit incluye<\/h4><div class=\"ctsc-feature-content\">2 Guantes<br \/>\n2 Viales de cristal<br \/>\n1 Jeringuilla de 6ml<br \/>\n2 Tapones<br \/>\n3 Puntas<br \/>\n3 Jeringuilla de 1ml<br \/>\n1 Peque\u00f1a cuchara<\/div><\/div><\/div>\n<\/div><\/div>\n<\/div><div class=\"col-divide\"><\/div>\n<div class=\"ctsc-separator  ctsc-separator-\"><div class=\"ctsc-separator-line\"><\/div><div class=\"clear\"><\/div><\/div>\n<p>&nbsp;<\/p>\n<p><img loading=\"lazy\" decoding=\"async\" class=\"aligncenter wp-image-1079 size-column2-1\/2\" src=\"https:\/\/www.aq-arium.com\/aqmarine\/wp-content\/uploads\/2014\/08\/IMG_3343-480x240.jpg\" alt=\"IMG_3343\" width=\"480\" height=\"240\" \/><\/p>\n<p>Algunas referencias, en Ingl\u00e9s :<\/p>\n<h3>Videos<\/h3>\n<p>Test de KH<br \/>\n<iframe loading=\"lazy\" title=\"Alkalinity Test Kit\" width=\"500\" height=\"281\" src=\"https:\/\/www.youtube.com\/embed\/8zwxrGoPRs8?feature=oembed\" frameborder=\"0\" allow=\"accelerometer; autoplay; clipboard-write; encrypted-media; gyroscope; picture-in-picture; web-share\" referrerpolicy=\"strict-origin-when-cross-origin\" allowfullscreen><\/iframe><\/p>\n<p>Test de I2<br \/>\n<iframe loading=\"lazy\" title=\"H2Ocean High Sensitivity Iodine Test Kit  from D-D\" width=\"500\" height=\"281\" src=\"https:\/\/www.youtube.com\/embed\/6a00j1Kb1bQ?feature=oembed\" frameborder=\"0\" allow=\"accelerometer; autoplay; clipboard-write; encrypted-media; gyroscope; picture-in-picture; web-share\" referrerpolicy=\"strict-origin-when-cross-origin\" allowfullscreen><\/iframe><\/p>\n<p>Test de PO4<br \/>\n<iframe loading=\"lazy\" title=\"H2Ocean High Sensitivity Po4 Test Kit\" width=\"500\" height=\"281\" src=\"https:\/\/www.youtube.com\/embed\/yu0bG27d8L0?feature=oembed\" frameborder=\"0\" allow=\"accelerometer; autoplay; clipboard-write; encrypted-media; gyroscope; picture-in-picture; web-share\" referrerpolicy=\"strict-origin-when-cross-origin\" allowfullscreen><\/iframe><\/p>\n<p>Test de NO3<br \/>\n<iframe loading=\"lazy\" title=\"H2Ocean High Sensitivity Nitrate test kit\" width=\"500\" height=\"281\" src=\"https:\/\/www.youtube.com\/embed\/K06Un8blUr4?feature=oembed\" frameborder=\"0\" allow=\"accelerometer; autoplay; clipboard-write; encrypted-media; gyroscope; picture-in-picture; web-share\" referrerpolicy=\"strict-origin-when-cross-origin\" allowfullscreen><\/iframe><\/p>\n<p>Test de Mg<br \/>\n<iframe loading=\"lazy\" title=\"H2Ocean Magnesium Final\" width=\"500\" height=\"281\" src=\"https:\/\/www.youtube.com\/embed\/W9ghqXMulbc?feature=oembed\" frameborder=\"0\" allow=\"accelerometer; autoplay; clipboard-write; encrypted-media; gyroscope; picture-in-picture; web-share\" referrerpolicy=\"strict-origin-when-cross-origin\" allowfullscreen><\/iframe><\/p>\n<p>Test de Ca<br \/>\n<iframe loading=\"lazy\" title=\"H2Ocean Calcium test Kit\" width=\"500\" height=\"281\" src=\"https:\/\/www.youtube.com\/embed\/hv--YY_ncic?feature=oembed\" frameborder=\"0\" allow=\"accelerometer; autoplay; clipboard-write; encrypted-media; gyroscope; picture-in-picture; web-share\" referrerpolicy=\"strict-origin-when-cross-origin\" allowfullscreen><\/iframe><\/p>\n<p>Limpieza y trucos<br \/>\n<iframe loading=\"lazy\" title=\"Test Kit cleaning,tips and hints\" width=\"500\" height=\"281\" src=\"https:\/\/www.youtube.com\/embed\/5WpUPsrI-aE?feature=oembed\" frameborder=\"0\" allow=\"accelerometer; autoplay; clipboard-write; encrypted-media; gyroscope; picture-in-picture; web-share\" referrerpolicy=\"strict-origin-when-cross-origin\" allowfullscreen><\/iframe><\/p>\n<p>&nbsp;<\/p>\n","protected":false},"excerpt":{"rendered":"<p>Con los tests de D&amp;D va a poder medir el agua de su acuario de forma f\u00e1cil y precisa, sin duda es una de las mejores opciones que hay en el mercado. &nbsp; Algunas referencias, en Ingl\u00e9s : Videos Test de KH Test de I2 Test de PO4 Test de NO3 Test de Mg Test [&hellip;]<\/p>\n","protected":false},"author":1,"featured_media":0,"parent":9115,"menu_order":0,"comment_status":"closed","ping_status":"open","template":"","meta":{"_acf_changed":false,"footnotes":""},"class_list":["post-1081","page","type-page","status-publish","hentry"],"acf":[],"yoast_head":"<!-- This site is optimized with the Yoast SEO plugin v23.9 - https:\/\/yoast.com\/wordpress\/plugins\/seo\/ -->\n<title>D-D - Tests de Alta Sensibilidad - AQ, Aquarium Solutions<\/title>\n<meta name=\"robots\" content=\"index, follow, max-snippet:-1, max-image-preview:large, max-video-preview:-1\" \/>\n<link rel=\"canonical\" href=\"https:\/\/www.aq-arium.com\/aqmarine\/acuario-marino\/d-d-tests-de-alta-sensibilidad\/\" \/>\n<meta property=\"og:locale\" content=\"es_ES\" \/>\n<meta property=\"og:type\" content=\"article\" \/>\n<meta property=\"og:title\" content=\"D-D - Tests de Alta Sensibilidad - AQ, Aquarium Solutions\" \/>\n<meta property=\"og:description\" content=\"Con los tests de D&amp;D va a poder medir el agua de su acuario de forma f\u00e1cil y precisa, sin duda es una de las mejores opciones que hay en el mercado. &nbsp; Algunas referencias, en Ingl\u00e9s : Videos Test de KH Test de I2 Test de PO4 Test de NO3 Test de Mg Test [&hellip;]\" \/>\n<meta property=\"og:url\" content=\"https:\/\/www.aq-arium.com\/aqmarine\/acuario-marino\/d-d-tests-de-alta-sensibilidad\/\" \/>\n<meta property=\"og:site_name\" content=\"AQ, Aquarium Solutions\" \/>\n<meta property=\"article:publisher\" content=\"https:\/\/www.instagram.com\/aq.arium\/\" \/>\n<meta property=\"article:modified_time\" content=\"2014-10-30T10:43:52+00:00\" \/>\n<meta property=\"og:image\" content=\"https:\/\/www.aq-arium.com\/aqmarine\/wp-content\/uploads\/2014\/08\/Sin-titulo.jpg\" \/>\n<meta name=\"twitter:card\" content=\"summary_large_image\" \/>\n<meta name=\"twitter:site\" content=\"@AArium56877\" \/>\n<meta name=\"twitter:label1\" content=\"Tiempo de lectura\" \/>\n\t<meta name=\"twitter:data1\" content=\"7 minutos\" \/>\n<script type=\"application\/ld+json\" class=\"yoast-schema-graph\">{\"@context\":\"https:\/\/schema.org\",\"@graph\":[{\"@type\":\"WebPage\",\"@id\":\"https:\/\/www.aq-arium.com\/aqmarine\/acuario-marino\/d-d-tests-de-alta-sensibilidad\/\",\"url\":\"https:\/\/www.aq-arium.com\/aqmarine\/acuario-marino\/d-d-tests-de-alta-sensibilidad\/\",\"name\":\"D-D - Tests de Alta Sensibilidad - AQ, Aquarium Solutions\",\"isPartOf\":{\"@id\":\"https:\/\/www.aq-arium.com\/aqmarine\/#website\"},\"primaryImageOfPage\":{\"@id\":\"https:\/\/www.aq-arium.com\/aqmarine\/acuario-marino\/d-d-tests-de-alta-sensibilidad\/#primaryimage\"},\"image\":{\"@id\":\"https:\/\/www.aq-arium.com\/aqmarine\/acuario-marino\/d-d-tests-de-alta-sensibilidad\/#primaryimage\"},\"thumbnailUrl\":\"https:\/\/www.aq-arium.com\/aqmarine\/wp-content\/uploads\/2014\/08\/Sin-titulo.jpg\",\"datePublished\":\"2014-08-29T11:35:05+00:00\",\"dateModified\":\"2014-10-30T10:43:52+00:00\",\"breadcrumb\":{\"@id\":\"https:\/\/www.aq-arium.com\/aqmarine\/acuario-marino\/d-d-tests-de-alta-sensibilidad\/#breadcrumb\"},\"inLanguage\":\"es-ES\",\"potentialAction\":[{\"@type\":\"ReadAction\",\"target\":[\"https:\/\/www.aq-arium.com\/aqmarine\/acuario-marino\/d-d-tests-de-alta-sensibilidad\/\"]}]},{\"@type\":\"ImageObject\",\"inLanguage\":\"es-ES\",\"@id\":\"https:\/\/www.aq-arium.com\/aqmarine\/acuario-marino\/d-d-tests-de-alta-sensibilidad\/#primaryimage\",\"url\":\"https:\/\/www.aq-arium.com\/aqmarine\/wp-content\/uploads\/2014\/08\/Sin-titulo.jpg\",\"contentUrl\":\"https:\/\/www.aq-arium.com\/aqmarine\/wp-content\/uploads\/2014\/08\/Sin-titulo.jpg\",\"width\":759,\"height\":93},{\"@type\":\"BreadcrumbList\",\"@id\":\"https:\/\/www.aq-arium.com\/aqmarine\/acuario-marino\/d-d-tests-de-alta-sensibilidad\/#breadcrumb\",\"itemListElement\":[{\"@type\":\"ListItem\",\"position\":1,\"name\":\"Portada\",\"item\":\"https:\/\/www.aq-arium.com\/aqmarine\/\"},{\"@type\":\"ListItem\",\"position\":2,\"name\":\"ACUARIO MARINO\",\"item\":\"https:\/\/www.aq-arium.com\/aqmarine\/acuario-marino\/\"},{\"@type\":\"ListItem\",\"position\":3,\"name\":\"D-D &#8211; Tests de Alta Sensibilidad\"}]},{\"@type\":\"WebSite\",\"@id\":\"https:\/\/www.aq-arium.com\/aqmarine\/#website\",\"url\":\"https:\/\/www.aq-arium.com\/aqmarine\/\",\"name\":\"AQ, Aquarium Solutions\",\"description\":\"Productos para Acuario Marino y Dulce\",\"publisher\":{\"@id\":\"https:\/\/www.aq-arium.com\/aqmarine\/#organization\"},\"potentialAction\":[{\"@type\":\"SearchAction\",\"target\":{\"@type\":\"EntryPoint\",\"urlTemplate\":\"https:\/\/www.aq-arium.com\/aqmarine\/?s={search_term_string}\"},\"query-input\":{\"@type\":\"PropertyValueSpecification\",\"valueRequired\":true,\"valueName\":\"search_term_string\"}}],\"inLanguage\":\"es-ES\"},{\"@type\":\"Organization\",\"@id\":\"https:\/\/www.aq-arium.com\/aqmarine\/#organization\",\"name\":\"AQ-arium Solutions\",\"url\":\"https:\/\/www.aq-arium.com\/aqmarine\/\",\"logo\":{\"@type\":\"ImageObject\",\"inLanguage\":\"es-ES\",\"@id\":\"https:\/\/www.aq-arium.com\/aqmarine\/#\/schema\/logo\/image\/\",\"url\":\"https:\/\/www.aq-arium.com\/aqmarine\/wp-content\/uploads\/2021\/08\/AQ-arium-Solutions-logo-100x47px-1.png\",\"contentUrl\":\"https:\/\/www.aq-arium.com\/aqmarine\/wp-content\/uploads\/2021\/08\/AQ-arium-Solutions-logo-100x47px-1.png\",\"width\":100,\"height\":47,\"caption\":\"AQ-arium Solutions\"},\"image\":{\"@id\":\"https:\/\/www.aq-arium.com\/aqmarine\/#\/schema\/logo\/image\/\"},\"sameAs\":[\"https:\/\/www.instagram.com\/aq.arium\/\",\"https:\/\/x.com\/AArium56877\"]}]}<\/script>\n<!-- \/ Yoast SEO plugin. -->","yoast_head_json":{"title":"D-D - Tests de Alta Sensibilidad - AQ, Aquarium Solutions","robots":{"index":"index","follow":"follow","max-snippet":"max-snippet:-1","max-image-preview":"max-image-preview:large","max-video-preview":"max-video-preview:-1"},"canonical":"https:\/\/www.aq-arium.com\/aqmarine\/acuario-marino\/d-d-tests-de-alta-sensibilidad\/","og_locale":"es_ES","og_type":"article","og_title":"D-D - Tests de Alta Sensibilidad - AQ, Aquarium Solutions","og_description":"Con los tests de D&amp;D va a poder medir el agua de su acuario de forma f\u00e1cil y precisa, sin duda es una de las mejores opciones que hay en el mercado. &nbsp; Algunas referencias, en Ingl\u00e9s : Videos Test de KH Test de I2 Test de PO4 Test de NO3 Test de Mg Test [&hellip;]","og_url":"https:\/\/www.aq-arium.com\/aqmarine\/acuario-marino\/d-d-tests-de-alta-sensibilidad\/","og_site_name":"AQ, Aquarium Solutions","article_publisher":"https:\/\/www.instagram.com\/aq.arium\/","article_modified_time":"2014-10-30T10:43:52+00:00","og_image":[{"url":"https:\/\/www.aq-arium.com\/aqmarine\/wp-content\/uploads\/2014\/08\/Sin-titulo.jpg"}],"twitter_card":"summary_large_image","twitter_site":"@AArium56877","twitter_misc":{"Tiempo de lectura":"7 minutos"},"schema":{"@context":"https:\/\/schema.org","@graph":[{"@type":"WebPage","@id":"https:\/\/www.aq-arium.com\/aqmarine\/acuario-marino\/d-d-tests-de-alta-sensibilidad\/","url":"https:\/\/www.aq-arium.com\/aqmarine\/acuario-marino\/d-d-tests-de-alta-sensibilidad\/","name":"D-D - Tests de Alta Sensibilidad - AQ, Aquarium Solutions","isPartOf":{"@id":"https:\/\/www.aq-arium.com\/aqmarine\/#website"},"primaryImageOfPage":{"@id":"https:\/\/www.aq-arium.com\/aqmarine\/acuario-marino\/d-d-tests-de-alta-sensibilidad\/#primaryimage"},"image":{"@id":"https:\/\/www.aq-arium.com\/aqmarine\/acuario-marino\/d-d-tests-de-alta-sensibilidad\/#primaryimage"},"thumbnailUrl":"https:\/\/www.aq-arium.com\/aqmarine\/wp-content\/uploads\/2014\/08\/Sin-titulo.jpg","datePublished":"2014-08-29T11:35:05+00:00","dateModified":"2014-10-30T10:43:52+00:00","breadcrumb":{"@id":"https:\/\/www.aq-arium.com\/aqmarine\/acuario-marino\/d-d-tests-de-alta-sensibilidad\/#breadcrumb"},"inLanguage":"es-ES","potentialAction":[{"@type":"ReadAction","target":["https:\/\/www.aq-arium.com\/aqmarine\/acuario-marino\/d-d-tests-de-alta-sensibilidad\/"]}]},{"@type":"ImageObject","inLanguage":"es-ES","@id":"https:\/\/www.aq-arium.com\/aqmarine\/acuario-marino\/d-d-tests-de-alta-sensibilidad\/#primaryimage","url":"https:\/\/www.aq-arium.com\/aqmarine\/wp-content\/uploads\/2014\/08\/Sin-titulo.jpg","contentUrl":"https:\/\/www.aq-arium.com\/aqmarine\/wp-content\/uploads\/2014\/08\/Sin-titulo.jpg","width":759,"height":93},{"@type":"BreadcrumbList","@id":"https:\/\/www.aq-arium.com\/aqmarine\/acuario-marino\/d-d-tests-de-alta-sensibilidad\/#breadcrumb","itemListElement":[{"@type":"ListItem","position":1,"name":"Portada","item":"https:\/\/www.aq-arium.com\/aqmarine\/"},{"@type":"ListItem","position":2,"name":"ACUARIO MARINO","item":"https:\/\/www.aq-arium.com\/aqmarine\/acuario-marino\/"},{"@type":"ListItem","position":3,"name":"D-D &#8211; Tests de Alta Sensibilidad"}]},{"@type":"WebSite","@id":"https:\/\/www.aq-arium.com\/aqmarine\/#website","url":"https:\/\/www.aq-arium.com\/aqmarine\/","name":"AQ, Aquarium Solutions","description":"Productos para Acuario Marino y Dulce","publisher":{"@id":"https:\/\/www.aq-arium.com\/aqmarine\/#organization"},"potentialAction":[{"@type":"SearchAction","target":{"@type":"EntryPoint","urlTemplate":"https:\/\/www.aq-arium.com\/aqmarine\/?s={search_term_string}"},"query-input":{"@type":"PropertyValueSpecification","valueRequired":true,"valueName":"search_term_string"}}],"inLanguage":"es-ES"},{"@type":"Organization","@id":"https:\/\/www.aq-arium.com\/aqmarine\/#organization","name":"AQ-arium Solutions","url":"https:\/\/www.aq-arium.com\/aqmarine\/","logo":{"@type":"ImageObject","inLanguage":"es-ES","@id":"https:\/\/www.aq-arium.com\/aqmarine\/#\/schema\/logo\/image\/","url":"https:\/\/www.aq-arium.com\/aqmarine\/wp-content\/uploads\/2021\/08\/AQ-arium-Solutions-logo-100x47px-1.png","contentUrl":"https:\/\/www.aq-arium.com\/aqmarine\/wp-content\/uploads\/2021\/08\/AQ-arium-Solutions-logo-100x47px-1.png","width":100,"height":47,"caption":"AQ-arium Solutions"},"image":{"@id":"https:\/\/www.aq-arium.com\/aqmarine\/#\/schema\/logo\/image\/"},"sameAs":["https:\/\/www.instagram.com\/aq.arium\/","https:\/\/x.com\/AArium56877"]}]}},"jetpack_sharing_enabled":true,"_links":{"self":[{"href":"https:\/\/www.aq-arium.com\/aqmarine\/wp-json\/wp\/v2\/pages\/1081","targetHints":{"allow":["GET"]}}],"collection":[{"href":"https:\/\/www.aq-arium.com\/aqmarine\/wp-json\/wp\/v2\/pages"}],"about":[{"href":"https:\/\/www.aq-arium.com\/aqmarine\/wp-json\/wp\/v2\/types\/page"}],"author":[{"embeddable":true,"href":"https:\/\/www.aq-arium.com\/aqmarine\/wp-json\/wp\/v2\/users\/1"}],"replies":[{"embeddable":true,"href":"https:\/\/www.aq-arium.com\/aqmarine\/wp-json\/wp\/v2\/comments?post=1081"}],"version-history":[{"count":0,"href":"https:\/\/www.aq-arium.com\/aqmarine\/wp-json\/wp\/v2\/pages\/1081\/revisions"}],"up":[{"embeddable":true,"href":"https:\/\/www.aq-arium.com\/aqmarine\/wp-json\/wp\/v2\/pages\/9115"}],"wp:attachment":[{"href":"https:\/\/www.aq-arium.com\/aqmarine\/wp-json\/wp\/v2\/media?parent=1081"}],"curies":[{"name":"wp","href":"https:\/\/api.w.org\/{rel}","templated":true}]}}