{"id":10390,"date":"2019-05-21T15:17:40","date_gmt":"2019-05-21T14:17:40","guid":{"rendered":"https:\/\/www.aq-arium.com\/aqmarine\/?page_id=10390"},"modified":"2020-03-05T13:09:53","modified_gmt":"2020-03-05T12:09:53","slug":"bomba-dosificadora-h2ocean-p1","status":"publish","type":"page","link":"https:\/\/www.aq-arium.com\/aqmarine\/acuario-marino\/bomba-dosificadora-h2ocean-p1\/","title":{"rendered":"Bomba Dosificadora H2Ocean P1"},"content":{"rendered":"<p><span style=\"color: #000000;\"><img loading=\"lazy\" decoding=\"async\" class=\"alignnone size-full wp-image-10391\" src=\"https:\/\/www.aq-arium.com\/aqmarine\/wp-content\/uploads\/2019\/05\/front-trans-x-450.png\" alt=\"front trans x 450\" width=\"400\" height=\"400\" srcset=\"https:\/\/www.aq-arium.com\/aqmarine\/wp-content\/uploads\/2019\/05\/front-trans-x-450.png 400w, https:\/\/www.aq-arium.com\/aqmarine\/wp-content\/uploads\/2019\/05\/front-trans-x-450-300x300.png 300w, https:\/\/www.aq-arium.com\/aqmarine\/wp-content\/uploads\/2019\/05\/front-trans-x-450-100x100.png 100w, https:\/\/www.aq-arium.com\/aqmarine\/wp-content\/uploads\/2019\/05\/front-trans-x-450-150x150.png 150w, https:\/\/www.aq-arium.com\/aqmarine\/wp-content\/uploads\/2019\/05\/front-trans-x-450-50x50.png 50w, https:\/\/www.aq-arium.com\/aqmarine\/wp-content\/uploads\/2019\/05\/front-trans-x-450-320x320.png 320w, https:\/\/www.aq-arium.com\/aqmarine\/wp-content\/uploads\/2019\/05\/front-trans-x-450-240x240.png 240w\" sizes=\"auto, (max-width: 400px) 100vw, 400px\" \/><\/span><\/p>\n<p><span style=\"color: #000000;\">Estas bombas inteligentes se han desarrollado conjuntamente entre D-D y Kamoer, una compa\u00f1\u00eda con una s\u00f3lida reputaci\u00f3n en la fabricaci\u00f3n de equipos de dosificaci\u00f3n de grado m\u00e9dico, lo que garantiza un producto de alta calidad con una excelente fiabilidad.<\/span><\/p>\n<p><span style=\"color: #000000;\">La huella de estas nuevas bombas es incre\u00edblemente peque\u00f1a.<\/span><\/p>\n<p><span style=\"color: #000000;\">La bomba P1 proporciona un control simple, flexible y preciso de las adiciones de suplementos a su acuario a trav\u00e9s de la aplicaci\u00f3n m\u00f3vil f\u00e1cil de usar (Android e IOS)<\/span><\/p>\n<p><span style=\"color: #000000;\">La peque\u00f1a bomba incorpora un peque\u00f1o factor de forma que tambi\u00e9n es escalable, lo que significa que puede expandirse a m\u00e1s unidades a medida que pasa el tiempo y encadenarlas entre s\u00ed.<\/span><\/p>\n<p>&nbsp;<\/p>\n<p><span style=\"color: #000000;\"><b><u>Caracter\u00edsticas<\/u><\/b><\/span><\/p>\n<p><span style=\"color: #000000;\">Control de la bomba dosificadora v\u00eda dispositivo Android\/iOS.<\/span><br \/>\n<span style=\"color: #000000;\"> Factor de forma min\u00fascula<\/span><br \/>\n<span style=\"color: #000000;\"> Software actualizable a trav\u00e9s de la aplicaci\u00f3n<\/span><br \/>\n<span style=\"color: #000000;\"> Bater\u00eda de respaldo: configuraciones guardadas si se pierde la energ\u00eda<\/span><br \/>\n<span style=\"color: #000000;\"> Tubos PharMed\u00ae de alta calidad utilizados en cabezales de bombas<\/span><br \/>\n<span style=\"color: #000000;\"> Calibraci\u00f3n de velocidad de flujo para cada P1<\/span><br \/>\n<span style=\"color: #000000;\"> Bomba dosificadora H2Ocean P1<\/span><br \/>\n<span style=\"color: #000000;\"> Si tiene varias bombas P1, puede conectarlas en cadena y asignarlas f\u00e1cilmente a diferentes grupos para que las cosas est\u00e9n un poco m\u00e1s organizadas.<\/span><\/p>\n<p><span style=\"color: #000000;\"><img loading=\"lazy\" decoding=\"async\" class=\"alignnone wp-image-10392\" src=\"https:\/\/www.aq-arium.com\/aqmarine\/wp-content\/uploads\/2019\/05\/P1-Dosing-Pump-Daisy-Chain-2.jpg\" alt=\"P1-Dosing-Pump-Daisy-Chain 2\" width=\"335\" height=\"224\" srcset=\"https:\/\/www.aq-arium.com\/aqmarine\/wp-content\/uploads\/2019\/05\/P1-Dosing-Pump-Daisy-Chain-2.jpg 600w, https:\/\/www.aq-arium.com\/aqmarine\/wp-content\/uploads\/2019\/05\/P1-Dosing-Pump-Daisy-Chain-2-300x201.jpg 300w, https:\/\/www.aq-arium.com\/aqmarine\/wp-content\/uploads\/2019\/05\/P1-Dosing-Pump-Daisy-Chain-2-480x320.jpg 480w, https:\/\/www.aq-arium.com\/aqmarine\/wp-content\/uploads\/2019\/05\/P1-Dosing-Pump-Daisy-Chain-2-320x213.jpg 320w, https:\/\/www.aq-arium.com\/aqmarine\/wp-content\/uploads\/2019\/05\/P1-Dosing-Pump-Daisy-Chain-2-240x160.jpg 240w\" sizes=\"auto, (max-width: 335px) 100vw, 335px\" \/><\/span><\/p>\n<p>&nbsp;<\/p>\n<p><span style=\"text-decoration: underline; color: #000000;\"><strong>Bomba dosificadora P1 App<\/strong><\/span><\/p>\n<p><span style=\"color: #000000;\">La bomba dosificadora H2Ocean P1 se puede controlar f\u00e1cilmente a trav\u00e9s de la aplicaci\u00f3n de dosificaci\u00f3n H2Ocean desde su dispositivo m\u00f3vil, brind\u00e1ndole acceso inmediato a todas las funciones integradas. Esto le da acceso a:<\/span><\/p>\n<p><span style=\"color: #000000;\">A\u00f1adir m\u00faltiples bombas P1 para controlar<\/span><br \/>\n<span style=\"color: #000000;\"> Ajuste de calibraci\u00f3n de flujo<\/span><br \/>\n<span style=\"color: #000000;\"> Modos de funcionamiento (Manual, Ajuste r\u00e1pido autom\u00e1tico)<\/span><br \/>\n<span style=\"color: #000000;\"> Configuraci\u00f3n f\u00e1cil: establezca la hora de inicio y parada de la dosificaci\u00f3n (no tiene que ser de 24 horas)<\/span><br \/>\n<span style=\"color: #000000;\"> Ingrese el n\u00famero total de ml a dosificar durante el per\u00edodo de tiempo<\/span><br \/>\n<span style=\"color: #000000;\"> Ingrese el n\u00famero de veces que se dosificar\u00e1 cada per\u00edodo de tiempo (hasta 12 veces)<\/span><br \/>\n<span style=\"color: #000000;\"> El usuario puede incluso elegir la dosis cada 1 a 31 d\u00edas o ciertos d\u00edas a la semana<\/span><br \/>\n<span style=\"color: #000000;\"> Volumen de dosificaci\u00f3n ajustable Modo autom\u00e1tico: 0.5 &#8211; 6000.0ml<\/span><br \/>\n<span style=\"color: #000000;\"> Volumen de dosificaci\u00f3n ajustable Modo manual: 0.1 &#8211; 6000.0ml<\/span><br \/>\n<span style=\"color: #000000;\"> El ajuste de retardo entre canales evita la interferencia qu\u00edmica<\/span><\/p>\n<p><span style=\"text-decoration: underline; color: #000000;\"><strong>Especificaciones<\/strong><\/span><\/p>\n<p><span style=\"color: #000000;\">Vida \u00fatil estimada de la bomba&gt; 2000 horas<\/span><br \/>\n<span style=\"color: #000000;\"> 1 x cabezales de dosificaci\u00f3n (escalables al agregar m\u00e1s bombas P1 al grupo)<\/span><br \/>\n<span style=\"color: #000000;\"> Volumen de fluido: 0,1 ml &#8211; 6000 ml<\/span><br \/>\n<span style=\"color: #000000;\"> Precisi\u00f3n: &lt;+\/- 2%<\/span><\/p>\n<p><span style=\"text-decoration: underline; color: #000000;\"><strong>Contenido de la caja<\/strong><\/span><\/p>\n<p><span style=\"color: #000000;\">1 x bomba dosificadora H2OCEAN P1<\/span><br \/>\n<span style=\"color: #000000;\"> 1 x fuente de alimentaci\u00f3n de m\u00faltiples regiones<\/span><br \/>\n<span style=\"color: #000000;\"> 1 x 10ml cilindro de medici\u00f3n para la calibraci\u00f3n<\/span><br \/>\n<span style=\"color: #000000;\"> 1 x cable de\u00a0conexi\u00f3n en serie DC para conectar otra bomba dosificadora P1<\/span><br \/>\n<span style=\"color: #000000;\"> 1 x 3 metros de tuber\u00eda<\/span><\/p>\n<p>&nbsp;<\/p>\n<p>&nbsp;<\/p>\n","protected":false},"excerpt":{"rendered":"<p>Estas bombas inteligentes se han desarrollado conjuntamente entre D-D y Kamoer, una compa\u00f1\u00eda con una s\u00f3lida reputaci\u00f3n en la fabricaci\u00f3n de equipos de dosificaci\u00f3n de grado m\u00e9dico, lo que garantiza un producto de alta calidad con una excelente fiabilidad. La huella de estas nuevas bombas es incre\u00edblemente peque\u00f1a. La bomba P1 proporciona un control simple, [&hellip;]<\/p>\n","protected":false},"author":1,"featured_media":0,"parent":9115,"menu_order":0,"comment_status":"closed","ping_status":"closed","template":"","meta":{"_acf_changed":false,"footnotes":""},"class_list":["post-10390","page","type-page","status-publish","hentry"],"acf":[],"yoast_head":"<!-- This site is optimized with the Yoast SEO plugin v23.9 - https:\/\/yoast.com\/wordpress\/plugins\/seo\/ -->\n<title>Bomba Dosificadora H2Ocean P1 - AQ, Aquarium Solutions<\/title>\n<meta name=\"robots\" content=\"index, follow, max-snippet:-1, max-image-preview:large, max-video-preview:-1\" \/>\n<link rel=\"canonical\" href=\"https:\/\/www.aq-arium.com\/aqmarine\/acuario-marino\/bomba-dosificadora-h2ocean-p1\/\" \/>\n<meta property=\"og:locale\" content=\"es_ES\" \/>\n<meta property=\"og:type\" content=\"article\" \/>\n<meta property=\"og:title\" content=\"Bomba Dosificadora H2Ocean P1 - AQ, Aquarium Solutions\" \/>\n<meta property=\"og:description\" content=\"Estas bombas inteligentes se han desarrollado conjuntamente entre D-D y Kamoer, una compa\u00f1\u00eda con una s\u00f3lida reputaci\u00f3n en la fabricaci\u00f3n de equipos de dosificaci\u00f3n de grado m\u00e9dico, lo que garantiza un producto de alta calidad con una excelente fiabilidad. La huella de estas nuevas bombas es incre\u00edblemente peque\u00f1a. La bomba P1 proporciona un control simple, [&hellip;]\" \/>\n<meta property=\"og:url\" content=\"https:\/\/www.aq-arium.com\/aqmarine\/acuario-marino\/bomba-dosificadora-h2ocean-p1\/\" \/>\n<meta property=\"og:site_name\" content=\"AQ, Aquarium Solutions\" \/>\n<meta property=\"article:publisher\" content=\"https:\/\/www.instagram.com\/aq.arium\/\" \/>\n<meta property=\"article:modified_time\" content=\"2020-03-05T12:09:53+00:00\" \/>\n<meta property=\"og:image\" content=\"https:\/\/www.aq-arium.com\/aqmarine\/wp-content\/uploads\/2019\/05\/front-trans-x-450.png\" \/>\n<meta name=\"twitter:card\" content=\"summary_large_image\" \/>\n<meta name=\"twitter:site\" content=\"@AArium56877\" \/>\n<meta name=\"twitter:label1\" content=\"Tiempo de lectura\" \/>\n\t<meta name=\"twitter:data1\" content=\"2 minutos\" \/>\n<script type=\"application\/ld+json\" class=\"yoast-schema-graph\">{\"@context\":\"https:\/\/schema.org\",\"@graph\":[{\"@type\":\"WebPage\",\"@id\":\"https:\/\/www.aq-arium.com\/aqmarine\/acuario-marino\/bomba-dosificadora-h2ocean-p1\/\",\"url\":\"https:\/\/www.aq-arium.com\/aqmarine\/acuario-marino\/bomba-dosificadora-h2ocean-p1\/\",\"name\":\"Bomba Dosificadora H2Ocean P1 - AQ, Aquarium Solutions\",\"isPartOf\":{\"@id\":\"https:\/\/www.aq-arium.com\/aqmarine\/#website\"},\"primaryImageOfPage\":{\"@id\":\"https:\/\/www.aq-arium.com\/aqmarine\/acuario-marino\/bomba-dosificadora-h2ocean-p1\/#primaryimage\"},\"image\":{\"@id\":\"https:\/\/www.aq-arium.com\/aqmarine\/acuario-marino\/bomba-dosificadora-h2ocean-p1\/#primaryimage\"},\"thumbnailUrl\":\"https:\/\/www.aq-arium.com\/aqmarine\/wp-content\/uploads\/2019\/05\/front-trans-x-450.png\",\"datePublished\":\"2019-05-21T14:17:40+00:00\",\"dateModified\":\"2020-03-05T12:09:53+00:00\",\"breadcrumb\":{\"@id\":\"https:\/\/www.aq-arium.com\/aqmarine\/acuario-marino\/bomba-dosificadora-h2ocean-p1\/#breadcrumb\"},\"inLanguage\":\"es-ES\",\"potentialAction\":[{\"@type\":\"ReadAction\",\"target\":[\"https:\/\/www.aq-arium.com\/aqmarine\/acuario-marino\/bomba-dosificadora-h2ocean-p1\/\"]}]},{\"@type\":\"ImageObject\",\"inLanguage\":\"es-ES\",\"@id\":\"https:\/\/www.aq-arium.com\/aqmarine\/acuario-marino\/bomba-dosificadora-h2ocean-p1\/#primaryimage\",\"url\":\"https:\/\/www.aq-arium.com\/aqmarine\/wp-content\/uploads\/2019\/05\/front-trans-x-450.png\",\"contentUrl\":\"https:\/\/www.aq-arium.com\/aqmarine\/wp-content\/uploads\/2019\/05\/front-trans-x-450.png\",\"width\":400,\"height\":400},{\"@type\":\"BreadcrumbList\",\"@id\":\"https:\/\/www.aq-arium.com\/aqmarine\/acuario-marino\/bomba-dosificadora-h2ocean-p1\/#breadcrumb\",\"itemListElement\":[{\"@type\":\"ListItem\",\"position\":1,\"name\":\"Portada\",\"item\":\"https:\/\/www.aq-arium.com\/aqmarine\/\"},{\"@type\":\"ListItem\",\"position\":2,\"name\":\"ACUARIO MARINO\",\"item\":\"https:\/\/www.aq-arium.com\/aqmarine\/acuario-marino\/\"},{\"@type\":\"ListItem\",\"position\":3,\"name\":\"Bomba Dosificadora H2Ocean P1\"}]},{\"@type\":\"WebSite\",\"@id\":\"https:\/\/www.aq-arium.com\/aqmarine\/#website\",\"url\":\"https:\/\/www.aq-arium.com\/aqmarine\/\",\"name\":\"AQ, Aquarium Solutions\",\"description\":\"Productos para Acuario Marino y Dulce\",\"publisher\":{\"@id\":\"https:\/\/www.aq-arium.com\/aqmarine\/#organization\"},\"potentialAction\":[{\"@type\":\"SearchAction\",\"target\":{\"@type\":\"EntryPoint\",\"urlTemplate\":\"https:\/\/www.aq-arium.com\/aqmarine\/?s={search_term_string}\"},\"query-input\":{\"@type\":\"PropertyValueSpecification\",\"valueRequired\":true,\"valueName\":\"search_term_string\"}}],\"inLanguage\":\"es-ES\"},{\"@type\":\"Organization\",\"@id\":\"https:\/\/www.aq-arium.com\/aqmarine\/#organization\",\"name\":\"AQ-arium Solutions\",\"url\":\"https:\/\/www.aq-arium.com\/aqmarine\/\",\"logo\":{\"@type\":\"ImageObject\",\"inLanguage\":\"es-ES\",\"@id\":\"https:\/\/www.aq-arium.com\/aqmarine\/#\/schema\/logo\/image\/\",\"url\":\"https:\/\/www.aq-arium.com\/aqmarine\/wp-content\/uploads\/2021\/08\/AQ-arium-Solutions-logo-100x47px-1.png\",\"contentUrl\":\"https:\/\/www.aq-arium.com\/aqmarine\/wp-content\/uploads\/2021\/08\/AQ-arium-Solutions-logo-100x47px-1.png\",\"width\":100,\"height\":47,\"caption\":\"AQ-arium Solutions\"},\"image\":{\"@id\":\"https:\/\/www.aq-arium.com\/aqmarine\/#\/schema\/logo\/image\/\"},\"sameAs\":[\"https:\/\/www.instagram.com\/aq.arium\/\",\"https:\/\/x.com\/AArium56877\"]}]}<\/script>\n<!-- \/ Yoast SEO plugin. -->","yoast_head_json":{"title":"Bomba Dosificadora H2Ocean P1 - AQ, Aquarium Solutions","robots":{"index":"index","follow":"follow","max-snippet":"max-snippet:-1","max-image-preview":"max-image-preview:large","max-video-preview":"max-video-preview:-1"},"canonical":"https:\/\/www.aq-arium.com\/aqmarine\/acuario-marino\/bomba-dosificadora-h2ocean-p1\/","og_locale":"es_ES","og_type":"article","og_title":"Bomba Dosificadora H2Ocean P1 - AQ, Aquarium Solutions","og_description":"Estas bombas inteligentes se han desarrollado conjuntamente entre D-D y Kamoer, una compa\u00f1\u00eda con una s\u00f3lida reputaci\u00f3n en la fabricaci\u00f3n de equipos de dosificaci\u00f3n de grado m\u00e9dico, lo que garantiza un producto de alta calidad con una excelente fiabilidad. La huella de estas nuevas bombas es incre\u00edblemente peque\u00f1a. La bomba P1 proporciona un control simple, [&hellip;]","og_url":"https:\/\/www.aq-arium.com\/aqmarine\/acuario-marino\/bomba-dosificadora-h2ocean-p1\/","og_site_name":"AQ, Aquarium Solutions","article_publisher":"https:\/\/www.instagram.com\/aq.arium\/","article_modified_time":"2020-03-05T12:09:53+00:00","og_image":[{"url":"https:\/\/www.aq-arium.com\/aqmarine\/wp-content\/uploads\/2019\/05\/front-trans-x-450.png"}],"twitter_card":"summary_large_image","twitter_site":"@AArium56877","twitter_misc":{"Tiempo de lectura":"2 minutos"},"schema":{"@context":"https:\/\/schema.org","@graph":[{"@type":"WebPage","@id":"https:\/\/www.aq-arium.com\/aqmarine\/acuario-marino\/bomba-dosificadora-h2ocean-p1\/","url":"https:\/\/www.aq-arium.com\/aqmarine\/acuario-marino\/bomba-dosificadora-h2ocean-p1\/","name":"Bomba Dosificadora H2Ocean P1 - AQ, Aquarium Solutions","isPartOf":{"@id":"https:\/\/www.aq-arium.com\/aqmarine\/#website"},"primaryImageOfPage":{"@id":"https:\/\/www.aq-arium.com\/aqmarine\/acuario-marino\/bomba-dosificadora-h2ocean-p1\/#primaryimage"},"image":{"@id":"https:\/\/www.aq-arium.com\/aqmarine\/acuario-marino\/bomba-dosificadora-h2ocean-p1\/#primaryimage"},"thumbnailUrl":"https:\/\/www.aq-arium.com\/aqmarine\/wp-content\/uploads\/2019\/05\/front-trans-x-450.png","datePublished":"2019-05-21T14:17:40+00:00","dateModified":"2020-03-05T12:09:53+00:00","breadcrumb":{"@id":"https:\/\/www.aq-arium.com\/aqmarine\/acuario-marino\/bomba-dosificadora-h2ocean-p1\/#breadcrumb"},"inLanguage":"es-ES","potentialAction":[{"@type":"ReadAction","target":["https:\/\/www.aq-arium.com\/aqmarine\/acuario-marino\/bomba-dosificadora-h2ocean-p1\/"]}]},{"@type":"ImageObject","inLanguage":"es-ES","@id":"https:\/\/www.aq-arium.com\/aqmarine\/acuario-marino\/bomba-dosificadora-h2ocean-p1\/#primaryimage","url":"https:\/\/www.aq-arium.com\/aqmarine\/wp-content\/uploads\/2019\/05\/front-trans-x-450.png","contentUrl":"https:\/\/www.aq-arium.com\/aqmarine\/wp-content\/uploads\/2019\/05\/front-trans-x-450.png","width":400,"height":400},{"@type":"BreadcrumbList","@id":"https:\/\/www.aq-arium.com\/aqmarine\/acuario-marino\/bomba-dosificadora-h2ocean-p1\/#breadcrumb","itemListElement":[{"@type":"ListItem","position":1,"name":"Portada","item":"https:\/\/www.aq-arium.com\/aqmarine\/"},{"@type":"ListItem","position":2,"name":"ACUARIO MARINO","item":"https:\/\/www.aq-arium.com\/aqmarine\/acuario-marino\/"},{"@type":"ListItem","position":3,"name":"Bomba Dosificadora H2Ocean P1"}]},{"@type":"WebSite","@id":"https:\/\/www.aq-arium.com\/aqmarine\/#website","url":"https:\/\/www.aq-arium.com\/aqmarine\/","name":"AQ, Aquarium Solutions","description":"Productos para Acuario Marino y Dulce","publisher":{"@id":"https:\/\/www.aq-arium.com\/aqmarine\/#organization"},"potentialAction":[{"@type":"SearchAction","target":{"@type":"EntryPoint","urlTemplate":"https:\/\/www.aq-arium.com\/aqmarine\/?s={search_term_string}"},"query-input":{"@type":"PropertyValueSpecification","valueRequired":true,"valueName":"search_term_string"}}],"inLanguage":"es-ES"},{"@type":"Organization","@id":"https:\/\/www.aq-arium.com\/aqmarine\/#organization","name":"AQ-arium Solutions","url":"https:\/\/www.aq-arium.com\/aqmarine\/","logo":{"@type":"ImageObject","inLanguage":"es-ES","@id":"https:\/\/www.aq-arium.com\/aqmarine\/#\/schema\/logo\/image\/","url":"https:\/\/www.aq-arium.com\/aqmarine\/wp-content\/uploads\/2021\/08\/AQ-arium-Solutions-logo-100x47px-1.png","contentUrl":"https:\/\/www.aq-arium.com\/aqmarine\/wp-content\/uploads\/2021\/08\/AQ-arium-Solutions-logo-100x47px-1.png","width":100,"height":47,"caption":"AQ-arium Solutions"},"image":{"@id":"https:\/\/www.aq-arium.com\/aqmarine\/#\/schema\/logo\/image\/"},"sameAs":["https:\/\/www.instagram.com\/aq.arium\/","https:\/\/x.com\/AArium56877"]}]}},"jetpack_sharing_enabled":true,"_links":{"self":[{"href":"https:\/\/www.aq-arium.com\/aqmarine\/wp-json\/wp\/v2\/pages\/10390","targetHints":{"allow":["GET"]}}],"collection":[{"href":"https:\/\/www.aq-arium.com\/aqmarine\/wp-json\/wp\/v2\/pages"}],"about":[{"href":"https:\/\/www.aq-arium.com\/aqmarine\/wp-json\/wp\/v2\/types\/page"}],"author":[{"embeddable":true,"href":"https:\/\/www.aq-arium.com\/aqmarine\/wp-json\/wp\/v2\/users\/1"}],"replies":[{"embeddable":true,"href":"https:\/\/www.aq-arium.com\/aqmarine\/wp-json\/wp\/v2\/comments?post=10390"}],"version-history":[{"count":0,"href":"https:\/\/www.aq-arium.com\/aqmarine\/wp-json\/wp\/v2\/pages\/10390\/revisions"}],"up":[{"embeddable":true,"href":"https:\/\/www.aq-arium.com\/aqmarine\/wp-json\/wp\/v2\/pages\/9115"}],"wp:attachment":[{"href":"https:\/\/www.aq-arium.com\/aqmarine\/wp-json\/wp\/v2\/media?parent=10390"}],"curies":[{"name":"wp","href":"https:\/\/api.w.org\/{rel}","templated":true}]}}