{"id":10147,"date":"2019-04-15T11:42:01","date_gmt":"2019-04-15T10:42:01","guid":{"rendered":"https:\/\/www.aq-arium.com\/aqmarine\/?page_id=10147"},"modified":"2019-04-15T11:50:23","modified_gmt":"2019-04-15T10:50:23","slug":"bloque-de-biofiltro-mantis","status":"publish","type":"page","link":"https:\/\/www.aq-arium.com\/aqmarine\/bloque-de-biofiltro-mantis\/","title":{"rendered":"Bloque de Biofiltro MANTIS"},"content":{"rendered":"<p><span style=\"color: #000000;\"><img loading=\"lazy\" decoding=\"async\" class=\"alignnone size-full wp-image-10145\" src=\"https:\/\/www.aq-arium.com\/aqmarine\/wp-content\/uploads\/2019\/04\/aa.png\" alt=\"aa\" width=\"1125\" height=\"600\" srcset=\"https:\/\/www.aq-arium.com\/aqmarine\/wp-content\/uploads\/2019\/04\/aa.png 1125w, https:\/\/www.aq-arium.com\/aqmarine\/wp-content\/uploads\/2019\/04\/aa-600x320.png 600w, https:\/\/www.aq-arium.com\/aqmarine\/wp-content\/uploads\/2019\/04\/aa-300x160.png 300w, https:\/\/www.aq-arium.com\/aqmarine\/wp-content\/uploads\/2019\/04\/aa-1024x546.png 1024w\" sizes=\"auto, (max-width: 1125px) 100vw, 1125px\" \/><\/span><\/p>\n<p><span style=\"color: #000000;\">\u2022 Material cer\u00e1mico inerte con arquitectura de flujo abierto y\u00a0mayor \u00e1rea de uso.<\/span><br \/>\n<span style=\"color: #000000;\"> \u2022 Mayor eficiencia en\u00a0comparaci\u00f3n con el resto de\u00a0medios convencionales para lograr\u00a0un tratamiento m\u00e1s eficiente del NH4-N\u00a0y NO3-N<\/span><br \/>\n<span style=\"color: #000000;\"> \u2022 El sustrato de bio-filtraci\u00f3n m\u00e1s t\u00e9cnicamente avanzado.<\/span><\/p>\n<p><span style=\"color: #000000;\">La superficie\u00a0microporosa del bloque\u00a0proporciona\u00a0una gran \u00e1rea de\u00a0de uso. Es adecuado para el crecimiento de diversos microorganismos y forma una biopel\u00edcula estable y altamente activa en su superficie.<\/span><\/p>\n<p><span style=\"color: #000000;\">El vac\u00edo tridimensional formado por las esferas\u00a0crea un medio perfecto para la proliferaci\u00f3n\u00a0bacteriana. Son una base ideal para el crecimiento de esponjas, la micro fauna e incluso los fragmentos de coral.<\/span><\/p>\n<p><span style=\"color: #000000;\">Un bloque de bio filtro funcionar\u00e1 en sumideros, filtros de goteo, filtros h\u00famedos y secos, colgados en los filtros traseros o directamente en el tanque.<\/span><\/p>\n<p><span style=\"color: #000000;\">Dise\u00f1ado para ser utilizado en acuarios marinos acuarios, de agua dulce y estanques.<\/span><\/p>\n<p><span style=\"color: #000000;\"><strong>2 Bloques por unidad.<\/strong><\/span><br \/>\n<span style=\"color: #000000;\"><strong>Dimensiones::<\/strong> 10cm X 10cm X 2.5cm<\/span><br \/>\n<span style=\"color: #000000;\"><strong style=\"color: #000000;\">\u00c1rea de\u00a0<\/strong><span style=\"color: #000000;\"><b>Superficie<\/b>\u00a0:1080 \u33a1\/bloque<\/span><\/span><\/p>\n<p><span style=\"color: #000000;\"><img loading=\"lazy\" decoding=\"async\" class=\"wp-image-10143 aligncenter\" src=\"https:\/\/www.aq-arium.com\/aqmarine\/wp-content\/uploads\/2019\/04\/57303277_2231875643518093_2030993423284043776_o.jpg\" alt=\"57303277_2231875643518093_2030993423284043776_o\" width=\"638\" height=\"310\" \/><\/span><\/p>\n","protected":false},"excerpt":{"rendered":"<p>\u2022 Material cer\u00e1mico inerte con arquitectura de flujo abierto y\u00a0mayor \u00e1rea de uso. \u2022 Mayor eficiencia en\u00a0comparaci\u00f3n con el resto de\u00a0medios convencionales para lograr\u00a0un tratamiento m\u00e1s eficiente del NH4-N\u00a0y NO3-N \u2022 El sustrato de bio-filtraci\u00f3n m\u00e1s t\u00e9cnicamente avanzado. La superficie\u00a0microporosa del bloque\u00a0proporciona\u00a0una gran \u00e1rea de\u00a0de uso. Es adecuado para el crecimiento de diversos microorganismos y [&hellip;]<\/p>\n","protected":false},"author":1,"featured_media":10137,"parent":0,"menu_order":0,"comment_status":"closed","ping_status":"closed","template":"","meta":{"_acf_changed":false,"footnotes":""},"class_list":["post-10147","page","type-page","status-publish","has-post-thumbnail","hentry"],"acf":[],"yoast_head":"<!-- This site is optimized with the Yoast SEO plugin v23.9 - https:\/\/yoast.com\/wordpress\/plugins\/seo\/ -->\n<title>Bloque de Biofiltro MANTIS - AQ, Aquarium Solutions<\/title>\n<meta name=\"robots\" content=\"index, follow, max-snippet:-1, max-image-preview:large, max-video-preview:-1\" \/>\n<link rel=\"canonical\" href=\"https:\/\/www.aq-arium.com\/aqmarine\/bloque-de-biofiltro-mantis\/\" \/>\n<meta property=\"og:locale\" content=\"es_ES\" \/>\n<meta property=\"og:type\" content=\"article\" \/>\n<meta property=\"og:title\" content=\"Bloque de Biofiltro MANTIS - AQ, Aquarium Solutions\" \/>\n<meta property=\"og:description\" content=\"\u2022 Material cer\u00e1mico inerte con arquitectura de flujo abierto y\u00a0mayor \u00e1rea de uso. \u2022 Mayor eficiencia en\u00a0comparaci\u00f3n con el resto de\u00a0medios convencionales para lograr\u00a0un tratamiento m\u00e1s eficiente del NH4-N\u00a0y NO3-N \u2022 El sustrato de bio-filtraci\u00f3n m\u00e1s t\u00e9cnicamente avanzado. La superficie\u00a0microporosa del bloque\u00a0proporciona\u00a0una gran \u00e1rea de\u00a0de uso. Es adecuado para el crecimiento de diversos microorganismos y [&hellip;]\" \/>\n<meta property=\"og:url\" content=\"https:\/\/www.aq-arium.com\/aqmarine\/bloque-de-biofiltro-mantis\/\" \/>\n<meta property=\"og:site_name\" content=\"AQ, Aquarium Solutions\" \/>\n<meta property=\"article:publisher\" content=\"https:\/\/www.instagram.com\/aq.arium\/\" \/>\n<meta property=\"article:modified_time\" content=\"2019-04-15T10:50:23+00:00\" \/>\n<meta property=\"og:image\" content=\"https:\/\/www.aq-arium.com\/aqmarine\/wp-content\/uploads\/2018\/04\/50407747_2343750509176835_2498487616882606080_n.jpg\" \/>\n\t<meta property=\"og:image:width\" content=\"726\" \/>\n\t<meta property=\"og:image:height\" content=\"692\" \/>\n\t<meta property=\"og:image:type\" content=\"image\/jpeg\" \/>\n<meta name=\"twitter:card\" content=\"summary_large_image\" \/>\n<meta name=\"twitter:site\" content=\"@AArium56877\" \/>\n<meta name=\"twitter:label1\" content=\"Tiempo de lectura\" \/>\n\t<meta name=\"twitter:data1\" content=\"1 minuto\" \/>\n<script type=\"application\/ld+json\" class=\"yoast-schema-graph\">{\"@context\":\"https:\/\/schema.org\",\"@graph\":[{\"@type\":\"WebPage\",\"@id\":\"https:\/\/www.aq-arium.com\/aqmarine\/bloque-de-biofiltro-mantis\/\",\"url\":\"https:\/\/www.aq-arium.com\/aqmarine\/bloque-de-biofiltro-mantis\/\",\"name\":\"Bloque de Biofiltro MANTIS - AQ, Aquarium Solutions\",\"isPartOf\":{\"@id\":\"https:\/\/www.aq-arium.com\/aqmarine\/#website\"},\"primaryImageOfPage\":{\"@id\":\"https:\/\/www.aq-arium.com\/aqmarine\/bloque-de-biofiltro-mantis\/#primaryimage\"},\"image\":{\"@id\":\"https:\/\/www.aq-arium.com\/aqmarine\/bloque-de-biofiltro-mantis\/#primaryimage\"},\"thumbnailUrl\":\"https:\/\/www.aq-arium.com\/aqmarine\/wp-content\/uploads\/2018\/04\/50407747_2343750509176835_2498487616882606080_n.jpg\",\"datePublished\":\"2019-04-15T10:42:01+00:00\",\"dateModified\":\"2019-04-15T10:50:23+00:00\",\"breadcrumb\":{\"@id\":\"https:\/\/www.aq-arium.com\/aqmarine\/bloque-de-biofiltro-mantis\/#breadcrumb\"},\"inLanguage\":\"es-ES\",\"potentialAction\":[{\"@type\":\"ReadAction\",\"target\":[\"https:\/\/www.aq-arium.com\/aqmarine\/bloque-de-biofiltro-mantis\/\"]}]},{\"@type\":\"ImageObject\",\"inLanguage\":\"es-ES\",\"@id\":\"https:\/\/www.aq-arium.com\/aqmarine\/bloque-de-biofiltro-mantis\/#primaryimage\",\"url\":\"https:\/\/www.aq-arium.com\/aqmarine\/wp-content\/uploads\/2018\/04\/50407747_2343750509176835_2498487616882606080_n.jpg\",\"contentUrl\":\"https:\/\/www.aq-arium.com\/aqmarine\/wp-content\/uploads\/2018\/04\/50407747_2343750509176835_2498487616882606080_n.jpg\",\"width\":726,\"height\":692},{\"@type\":\"BreadcrumbList\",\"@id\":\"https:\/\/www.aq-arium.com\/aqmarine\/bloque-de-biofiltro-mantis\/#breadcrumb\",\"itemListElement\":[{\"@type\":\"ListItem\",\"position\":1,\"name\":\"Portada\",\"item\":\"https:\/\/www.aq-arium.com\/aqmarine\/\"},{\"@type\":\"ListItem\",\"position\":2,\"name\":\"Bloque de Biofiltro MANTIS\"}]},{\"@type\":\"WebSite\",\"@id\":\"https:\/\/www.aq-arium.com\/aqmarine\/#website\",\"url\":\"https:\/\/www.aq-arium.com\/aqmarine\/\",\"name\":\"AQ, Aquarium Solutions\",\"description\":\"Productos para Acuario Marino y Dulce\",\"publisher\":{\"@id\":\"https:\/\/www.aq-arium.com\/aqmarine\/#organization\"},\"potentialAction\":[{\"@type\":\"SearchAction\",\"target\":{\"@type\":\"EntryPoint\",\"urlTemplate\":\"https:\/\/www.aq-arium.com\/aqmarine\/?s={search_term_string}\"},\"query-input\":{\"@type\":\"PropertyValueSpecification\",\"valueRequired\":true,\"valueName\":\"search_term_string\"}}],\"inLanguage\":\"es-ES\"},{\"@type\":\"Organization\",\"@id\":\"https:\/\/www.aq-arium.com\/aqmarine\/#organization\",\"name\":\"AQ-arium Solutions\",\"url\":\"https:\/\/www.aq-arium.com\/aqmarine\/\",\"logo\":{\"@type\":\"ImageObject\",\"inLanguage\":\"es-ES\",\"@id\":\"https:\/\/www.aq-arium.com\/aqmarine\/#\/schema\/logo\/image\/\",\"url\":\"https:\/\/www.aq-arium.com\/aqmarine\/wp-content\/uploads\/2021\/08\/AQ-arium-Solutions-logo-100x47px-1.png\",\"contentUrl\":\"https:\/\/www.aq-arium.com\/aqmarine\/wp-content\/uploads\/2021\/08\/AQ-arium-Solutions-logo-100x47px-1.png\",\"width\":100,\"height\":47,\"caption\":\"AQ-arium Solutions\"},\"image\":{\"@id\":\"https:\/\/www.aq-arium.com\/aqmarine\/#\/schema\/logo\/image\/\"},\"sameAs\":[\"https:\/\/www.instagram.com\/aq.arium\/\",\"https:\/\/x.com\/AArium56877\"]}]}<\/script>\n<!-- \/ Yoast SEO plugin. -->","yoast_head_json":{"title":"Bloque de Biofiltro MANTIS - AQ, Aquarium Solutions","robots":{"index":"index","follow":"follow","max-snippet":"max-snippet:-1","max-image-preview":"max-image-preview:large","max-video-preview":"max-video-preview:-1"},"canonical":"https:\/\/www.aq-arium.com\/aqmarine\/bloque-de-biofiltro-mantis\/","og_locale":"es_ES","og_type":"article","og_title":"Bloque de Biofiltro MANTIS - AQ, Aquarium Solutions","og_description":"\u2022 Material cer\u00e1mico inerte con arquitectura de flujo abierto y\u00a0mayor \u00e1rea de uso. \u2022 Mayor eficiencia en\u00a0comparaci\u00f3n con el resto de\u00a0medios convencionales para lograr\u00a0un tratamiento m\u00e1s eficiente del NH4-N\u00a0y NO3-N \u2022 El sustrato de bio-filtraci\u00f3n m\u00e1s t\u00e9cnicamente avanzado. La superficie\u00a0microporosa del bloque\u00a0proporciona\u00a0una gran \u00e1rea de\u00a0de uso. Es adecuado para el crecimiento de diversos microorganismos y [&hellip;]","og_url":"https:\/\/www.aq-arium.com\/aqmarine\/bloque-de-biofiltro-mantis\/","og_site_name":"AQ, Aquarium Solutions","article_publisher":"https:\/\/www.instagram.com\/aq.arium\/","article_modified_time":"2019-04-15T10:50:23+00:00","og_image":[{"width":726,"height":692,"url":"https:\/\/www.aq-arium.com\/aqmarine\/wp-content\/uploads\/2018\/04\/50407747_2343750509176835_2498487616882606080_n.jpg","type":"image\/jpeg"}],"twitter_card":"summary_large_image","twitter_site":"@AArium56877","twitter_misc":{"Tiempo de lectura":"1 minuto"},"schema":{"@context":"https:\/\/schema.org","@graph":[{"@type":"WebPage","@id":"https:\/\/www.aq-arium.com\/aqmarine\/bloque-de-biofiltro-mantis\/","url":"https:\/\/www.aq-arium.com\/aqmarine\/bloque-de-biofiltro-mantis\/","name":"Bloque de Biofiltro MANTIS - AQ, Aquarium Solutions","isPartOf":{"@id":"https:\/\/www.aq-arium.com\/aqmarine\/#website"},"primaryImageOfPage":{"@id":"https:\/\/www.aq-arium.com\/aqmarine\/bloque-de-biofiltro-mantis\/#primaryimage"},"image":{"@id":"https:\/\/www.aq-arium.com\/aqmarine\/bloque-de-biofiltro-mantis\/#primaryimage"},"thumbnailUrl":"https:\/\/www.aq-arium.com\/aqmarine\/wp-content\/uploads\/2018\/04\/50407747_2343750509176835_2498487616882606080_n.jpg","datePublished":"2019-04-15T10:42:01+00:00","dateModified":"2019-04-15T10:50:23+00:00","breadcrumb":{"@id":"https:\/\/www.aq-arium.com\/aqmarine\/bloque-de-biofiltro-mantis\/#breadcrumb"},"inLanguage":"es-ES","potentialAction":[{"@type":"ReadAction","target":["https:\/\/www.aq-arium.com\/aqmarine\/bloque-de-biofiltro-mantis\/"]}]},{"@type":"ImageObject","inLanguage":"es-ES","@id":"https:\/\/www.aq-arium.com\/aqmarine\/bloque-de-biofiltro-mantis\/#primaryimage","url":"https:\/\/www.aq-arium.com\/aqmarine\/wp-content\/uploads\/2018\/04\/50407747_2343750509176835_2498487616882606080_n.jpg","contentUrl":"https:\/\/www.aq-arium.com\/aqmarine\/wp-content\/uploads\/2018\/04\/50407747_2343750509176835_2498487616882606080_n.jpg","width":726,"height":692},{"@type":"BreadcrumbList","@id":"https:\/\/www.aq-arium.com\/aqmarine\/bloque-de-biofiltro-mantis\/#breadcrumb","itemListElement":[{"@type":"ListItem","position":1,"name":"Portada","item":"https:\/\/www.aq-arium.com\/aqmarine\/"},{"@type":"ListItem","position":2,"name":"Bloque de Biofiltro MANTIS"}]},{"@type":"WebSite","@id":"https:\/\/www.aq-arium.com\/aqmarine\/#website","url":"https:\/\/www.aq-arium.com\/aqmarine\/","name":"AQ, Aquarium Solutions","description":"Productos para Acuario Marino y Dulce","publisher":{"@id":"https:\/\/www.aq-arium.com\/aqmarine\/#organization"},"potentialAction":[{"@type":"SearchAction","target":{"@type":"EntryPoint","urlTemplate":"https:\/\/www.aq-arium.com\/aqmarine\/?s={search_term_string}"},"query-input":{"@type":"PropertyValueSpecification","valueRequired":true,"valueName":"search_term_string"}}],"inLanguage":"es-ES"},{"@type":"Organization","@id":"https:\/\/www.aq-arium.com\/aqmarine\/#organization","name":"AQ-arium Solutions","url":"https:\/\/www.aq-arium.com\/aqmarine\/","logo":{"@type":"ImageObject","inLanguage":"es-ES","@id":"https:\/\/www.aq-arium.com\/aqmarine\/#\/schema\/logo\/image\/","url":"https:\/\/www.aq-arium.com\/aqmarine\/wp-content\/uploads\/2021\/08\/AQ-arium-Solutions-logo-100x47px-1.png","contentUrl":"https:\/\/www.aq-arium.com\/aqmarine\/wp-content\/uploads\/2021\/08\/AQ-arium-Solutions-logo-100x47px-1.png","width":100,"height":47,"caption":"AQ-arium Solutions"},"image":{"@id":"https:\/\/www.aq-arium.com\/aqmarine\/#\/schema\/logo\/image\/"},"sameAs":["https:\/\/www.instagram.com\/aq.arium\/","https:\/\/x.com\/AArium56877"]}]}},"jetpack_sharing_enabled":true,"_links":{"self":[{"href":"https:\/\/www.aq-arium.com\/aqmarine\/wp-json\/wp\/v2\/pages\/10147","targetHints":{"allow":["GET"]}}],"collection":[{"href":"https:\/\/www.aq-arium.com\/aqmarine\/wp-json\/wp\/v2\/pages"}],"about":[{"href":"https:\/\/www.aq-arium.com\/aqmarine\/wp-json\/wp\/v2\/types\/page"}],"author":[{"embeddable":true,"href":"https:\/\/www.aq-arium.com\/aqmarine\/wp-json\/wp\/v2\/users\/1"}],"replies":[{"embeddable":true,"href":"https:\/\/www.aq-arium.com\/aqmarine\/wp-json\/wp\/v2\/comments?post=10147"}],"version-history":[{"count":0,"href":"https:\/\/www.aq-arium.com\/aqmarine\/wp-json\/wp\/v2\/pages\/10147\/revisions"}],"wp:featuredmedia":[{"embeddable":true,"href":"https:\/\/www.aq-arium.com\/aqmarine\/wp-json\/wp\/v2\/media\/10137"}],"wp:attachment":[{"href":"https:\/\/www.aq-arium.com\/aqmarine\/wp-json\/wp\/v2\/media?parent=10147"}],"curies":[{"name":"wp","href":"https:\/\/api.w.org\/{rel}","templated":true}]}}